{"id":149431,"date":"2022-02-11T08:49:15","date_gmt":"2024-01-29T19:40:42","guid":{"rendered":"https:\/\/www.versiegelung24.com\/product\/pelhure-me-mikrofiber-40x40cm-per-parapastrim-ose-lustrim-te-verdhe\/"},"modified":"2025-01-05T15:35:32","modified_gmt":"2025-01-05T14:35:32","slug":"lecke-mikrofiber-40x40cm-per-para-pastrim-ose-lustrim-e-verdhe","status":"publish","type":"product","link":"https:\/\/www.versiegelung24.com\/sq\/pelhure-me-mikrofiber-40x40cm-per-parapastrim-ose-lustrim-te-verdhe.html","title":{"rendered":"P\u00eblhur\u00eb me mikrofib\u00ebr 40x40cm p\u00ebr parapastrim ose lustrim t\u00eb verdh\u00eb"},"content":{"rendered":"\n<p>P\u00eblhur\u00eb me mikrofib\u00ebr p\u00ebr pastrim paraprak ose lustrim p\u00ebrfundimtar.<\/p>\n\n<p>P\u00ebr shkak t\u00eb absorbueshm\u00ebris\u00eb s\u00eb lart\u00eb, ne rekomandojm\u00eb gjithashtu <a href=\"https:\/\/www.versiegelung24.com\/applikationstuch-20x20cm.html\">p\u00eblhur\u00ebn me mikrofib\u00ebr p\u00ebr aplikimin e ngjit\u00ebsve tan\u00eb t\u00eb l\u00ebngsh\u00ebm t\u00eb xhamit<\/a><\/p>\n\n<p>Ne rekomandojm\u00eb p\u00ebrdorimin e nj\u00eb leck\u00eb t\u00eb ve\u00e7ant\u00eb mikrofib\u00ebr p\u00ebr \u00e7do hap t\u00eb aplikimit t\u00eb ngjit\u00ebsve dhe impregnimeve tona sip\u00ebrfaq\u00ebsore.<\/p>\n\n<p>N\u00ebse papast\u00ebrtia mbetet ende n\u00eb leck\u00eb pas pastrimit, sip\u00ebrfaqja ende nuk \u00ebsht\u00eb pastruar plot\u00ebsisht dhe n\u00eb m\u00ebnyr\u00eb optimale. Nj\u00eb efekt i mir\u00eb izolimi mund t\u00eb arrihet vet\u00ebm n\u00ebse nuk ka m\u00eb papast\u00ebrti n\u00eb sip\u00ebrfaqe.<\/p>\n\n<hr\/>\n\n<h4 class=\"wp-block-heading\" id=\"properties\">Karakteristikat e produktit<\/h4>\n\n<div class=\"wp-block-columns is-layout-flex wp-container-core-columns-is-layout-9d6595d7 wp-block-columns-is-layout-flex\">\n<div class=\"wp-block-column is-layout-flow wp-block-column-is-layout-flow\">\n<p>P\u00ebrb\u00ebrja: 80% poliester, 20% poliamide<br\/> P\u00ebrmasat: 40 x 40 cm<\/p>\n<\/div>\n\n\n\n<div class=\"wp-block-column is-layout-flow wp-block-column-is-layout-flow\">\n<p>Cil\u00ebsi e lart\u00eb me nj\u00eb pesh\u00eb t\u00eb that\u00eb prej 280 g\/m\u00b2.<\/p>\n<\/div>\n<\/div>\n\n<hr\/>\n\n<h4 class=\"wp-block-heading\" id=\"application\">Aplikacion<\/h4>\n\n<p>Universalisht i p\u00ebrdorsh\u00ebm brenda dhe jasht\u00eb. Madh\u00ebsia optimale p\u00ebr pastrimin e xhamit, qeramik\u00ebs, varkave, makinave dhe RV-ve.<\/p>\n\n<p>Pastrim pa garz\u00eb, pa g\u00ebrvishtje dhe tharje t\u00eb shpejt\u00eb. Grimcat e papast\u00ebrtive dhe pluhurit thithen pothuajse pa l\u00ebn\u00eb mbetje.<\/p>\n\n<p>Materiali \u00ebsht\u00eb i rip\u00ebrdorsh\u00ebm dhe p\u00ebr k\u00ebt\u00eb arsye shum\u00eb miq\u00ebsor ndaj mjedisit. Lahet leht\u00ebsisht n\u00eb lavatri\u00e7e pa detergjent.<\/p>\n","protected":false},"excerpt":{"rendered":"<p><strong>P\u00eblhur\u00eb me mikrofib\u00ebr p\u00ebr pastrim paraprak ose lustrim p\u00ebrfundimtar:<\/strong><\/p>\n<p>\u2713 I rip\u00ebrdorsh\u00ebm<\/p>\n<p>\u2713 Miq\u00ebsore ndaj mjedisit<\/p>\n<p>\u2713 Jasht\u00ebzakonisht absorbues<\/p>\n<p>\u2713 Tharje t\u00eb shpejt\u00eb<\/p>\n<p>\u2713 Pa garz\u00eb<\/p>\n<p>\u2713 Pa g\u00ebrvishtje<\/p>\n<p>\u2713 80% poliester \/ 20% poliamide<\/p>\n<p>\u2713 Pesha e that\u00eb 280g\/m2<\/p>\n","protected":false},"featured_media":64791,"template":"","meta":{"_acf_changed":false,"neve_meta_sidebar":"","neve_meta_container":"","neve_meta_enable_content_width":"","neve_meta_content_width":0,"neve_meta_title_alignment":"","neve_meta_author_avatar":"","neve_post_elements_order":"","neve_meta_disable_header":"","neve_meta_disable_footer":"","neve_meta_disable_title":"","neve_meta_reading_time":"","_surfaces":[],"_ver_product_tabs":[],"footnotes":""},"product_brand":[],"product_cat":[3065,2232,2758,2233,2399,2234,2395,2393,2172,2473],"product_tag":[],"class_list":{"0":"post-149431","1":"product","2":"type-product","3":"status-publish","4":"has-post-thumbnail","6":"product_cat-pajisje","7":"product_cat-dezinfektues","8":"product_cat-dezinfektues-duarsh","9":"product_cat-dezinfektues-te-siperfaqes","10":"product_cat-pajisje-pastrimi","11":"product_cat-koncentrate-dezinfektuese","12":"product_cat-vulosje-metalike-dhe-plastike","13":"product_cat-vulosje-per-qelq-dhe-qeramike","14":"product_cat-vulosja-e-makinave","15":"product_cat-vula-universale","16":"pa_farbe-blu","17":"pa_farbe-e-bardhe","19":"first","20":"instock","21":"taxable","22":"shipping-taxable","23":"purchasable","24":"product-type-simple"},"acf":[],"yoast_head":"<!-- This site is optimized with the Yoast SEO Premium plugin v22.8 (Yoast SEO v27.3) - https:\/\/yoast.com\/product\/yoast-seo-premium-wordpress\/ -->\n<title>P\u00eblhur\u00eb me mikrofib\u00ebr 40x40cm p\u00ebr parapastrim ose lustrim t\u00eb verdh\u00eb - versiegelung24.com<\/title>\n<meta name=\"description\" content=\"P\u00eblhur\u00eb me mikrofib\u00ebr \u00bb Jasht\u00ebzakonisht absorbuese \u00bb Tharje e shpejt\u00eb \u00bb Pa garz\u00eb \u00bb Pa g\u00ebrvishtje \u00bb 80% poliester \/ 20% poliamide \u00bb Pesha e that\u00eb 280 g\/m\u00b2\" \/>\n<meta name=\"robots\" content=\"index, follow, max-snippet:-1, max-image-preview:large, max-video-preview:-1\" \/>\n<link rel=\"canonical\" href=\"https:\/\/www.versiegelung24.com\/sq\/pelhure-me-mikrofiber-40x40cm-per-parapastrim-ose-lustrim-te-verdhe.html\" \/>\n<meta property=\"og:locale\" content=\"sq_AL\" \/>\n<meta property=\"og:type\" content=\"article\" \/>\n<meta property=\"og:title\" content=\"P\u00eblhur\u00eb me mikrofib\u00ebr 40x40cm p\u00ebr parapastrim ose lustrim t\u00eb verdh\u00eb\" \/>\n<meta property=\"og:description\" content=\"P\u00eblhur\u00eb me mikrofib\u00ebr \u00bb Jasht\u00ebzakonisht absorbuese \u00bb Tharje e shpejt\u00eb \u00bb Pa garz\u00eb \u00bb Pa g\u00ebrvishtje \u00bb 80% poliester \/ 20% poliamide \u00bb Pesha e that\u00eb 280 g\/m\u00b2\" \/>\n<meta property=\"og:url\" content=\"https:\/\/www.versiegelung24.com\/sq\/pelhure-me-mikrofiber-40x40cm-per-parapastrim-ose-lustrim-te-verdhe.html\" \/>\n<meta property=\"og:site_name\" content=\"versiegelung24.com\" \/>\n<meta property=\"article:modified_time\" content=\"2025-01-05T14:35:32+00:00\" \/>\n<meta property=\"og:image\" content=\"https:\/\/www.versiegelung24.com\/wp-content\/uploads\/2022\/02\/V24-9004-1-Mikrofaser-gelb-40x40cm-Custom.jpg\" \/>\n\t<meta property=\"og:image:width\" content=\"1024\" \/>\n\t<meta property=\"og:image:height\" content=\"1024\" \/>\n\t<meta property=\"og:image:type\" content=\"image\/jpeg\" \/>\n<meta name=\"twitter:card\" content=\"summary_large_image\" \/>\n<meta name=\"twitter:label1\" content=\"Price\" \/>\n\t<meta name=\"twitter:data1\" content=\"1,25&euro;\" \/>\n\t<meta name=\"twitter:label2\" content=\"Availability\" \/>\n\t<meta name=\"twitter:data2\" content=\"In stock\" \/>\n<script type=\"application\/ld+json\" class=\"yoast-schema-graph\">{\"@context\":\"https:\\\/\\\/schema.org\",\"@graph\":[{\"@type\":\"WebPage\",\"@id\":\"https:\\\/\\\/www.versiegelung24.com\\\/sq\\\/pelhure-me-mikrofiber-40x40cm-per-parapastrim-ose-lustrim-te-verdhe.html\",\"url\":\"https:\\\/\\\/www.versiegelung24.com\\\/sq\\\/pelhure-me-mikrofiber-40x40cm-per-parapastrim-ose-lustrim-te-verdhe.html\",\"name\":\"P\u00eblhur\u00eb me mikrofib\u00ebr 40x40cm p\u00ebr parapastrim ose lustrim t\u00eb verdh\u00eb - versiegelung24.com\",\"isPartOf\":{\"@id\":\"https:\\\/\\\/www.versiegelung24.com\\\/sq\\\/#website\"},\"primaryImageOfPage\":{\"@id\":\"https:\\\/\\\/www.versiegelung24.com\\\/sq\\\/pelhure-me-mikrofiber-40x40cm-per-parapastrim-ose-lustrim-te-verdhe.html#primaryimage\"},\"image\":{\"@id\":\"https:\\\/\\\/www.versiegelung24.com\\\/sq\\\/pelhure-me-mikrofiber-40x40cm-per-parapastrim-ose-lustrim-te-verdhe.html#primaryimage\"},\"thumbnailUrl\":\"https:\\\/\\\/www.versiegelung24.com\\\/wp-content\\\/uploads\\\/2022\\\/02\\\/V24-9004-1-Mikrofaser-gelb-40x40cm-Custom.jpg\",\"datePublished\":\"2024-01-29T19:40:42+00:00\",\"dateModified\":\"2025-01-05T14:35:32+00:00\",\"description\":\"P\u00eblhur\u00eb me mikrofib\u00ebr \u00bb Jasht\u00ebzakonisht absorbuese \u00bb Tharje e shpejt\u00eb \u00bb Pa garz\u00eb \u00bb Pa g\u00ebrvishtje \u00bb 80% poliester \\\/ 20% poliamide \u00bb Pesha e that\u00eb 280 g\\\/m\u00b2\",\"breadcrumb\":{\"@id\":\"https:\\\/\\\/www.versiegelung24.com\\\/sq\\\/pelhure-me-mikrofiber-40x40cm-per-parapastrim-ose-lustrim-te-verdhe.html#breadcrumb\"},\"inLanguage\":\"sq-AL\",\"potentialAction\":[{\"@type\":\"ReadAction\",\"target\":[\"https:\\\/\\\/www.versiegelung24.com\\\/sq\\\/pelhure-me-mikrofiber-40x40cm-per-parapastrim-ose-lustrim-te-verdhe.html\"]}]},{\"@type\":\"ImageObject\",\"inLanguage\":\"sq-AL\",\"@id\":\"https:\\\/\\\/www.versiegelung24.com\\\/sq\\\/pelhure-me-mikrofiber-40x40cm-per-parapastrim-ose-lustrim-te-verdhe.html#primaryimage\",\"url\":\"https:\\\/\\\/www.versiegelung24.com\\\/wp-content\\\/uploads\\\/2022\\\/02\\\/V24-9004-1-Mikrofaser-gelb-40x40cm-Custom.jpg\",\"contentUrl\":\"https:\\\/\\\/www.versiegelung24.com\\\/wp-content\\\/uploads\\\/2022\\\/02\\\/V24-9004-1-Mikrofaser-gelb-40x40cm-Custom.jpg\",\"width\":1024,\"height\":1024},{\"@type\":\"BreadcrumbList\",\"@id\":\"https:\\\/\\\/www.versiegelung24.com\\\/sq\\\/pelhure-me-mikrofiber-40x40cm-per-parapastrim-ose-lustrim-te-verdhe.html#breadcrumb\",\"itemListElement\":[{\"@type\":\"ListItem\",\"position\":1,\"name\":\"Faqja kryesore\",\"item\":\"https:\\\/\\\/www.versiegelung24.com\\\/sq\\\/perpara\\\/\"},{\"@type\":\"ListItem\",\"position\":2,\"name\":\"Dyqan\",\"item\":\"https:\\\/\\\/www.versiegelung24.com\\\/sq\\\/dyqan\\\/\"},{\"@type\":\"ListItem\",\"position\":3,\"name\":\"P\u00eblhur\u00eb me mikrofib\u00ebr 40x40cm p\u00ebr parapastrim ose lustrim t\u00eb verdh\u00eb\"}]},{\"@type\":\"WebSite\",\"@id\":\"https:\\\/\\\/www.versiegelung24.com\\\/sq\\\/#website\",\"url\":\"https:\\\/\\\/www.versiegelung24.com\\\/sq\\\/\",\"name\":\"versiegelung24.com\",\"description\":\"Fl\u00fcssigglas-Versiegelung - Made in Germany\",\"publisher\":{\"@id\":\"https:\\\/\\\/www.versiegelung24.com\\\/sq\\\/#organization\"},\"potentialAction\":[{\"@type\":\"SearchAction\",\"target\":{\"@type\":\"EntryPoint\",\"urlTemplate\":\"https:\\\/\\\/www.versiegelung24.com\\\/sq\\\/?s={search_term_string}\"},\"query-input\":{\"@type\":\"PropertyValueSpecification\",\"valueRequired\":true,\"valueName\":\"search_term_string\"}}],\"inLanguage\":\"sq-AL\"},{\"@type\":\"Organization\",\"@id\":\"https:\\\/\\\/www.versiegelung24.com\\\/sq\\\/#organization\",\"name\":\"versiegelung24\",\"url\":\"https:\\\/\\\/www.versiegelung24.com\\\/sq\\\/\",\"logo\":{\"@type\":\"ImageObject\",\"inLanguage\":\"sq-AL\",\"@id\":\"https:\\\/\\\/www.versiegelung24.com\\\/sq\\\/#\\\/schema\\\/logo\\\/image\\\/\",\"url\":\"https:\\\/\\\/www.versiegelung24.com\\\/wp-content\\\/uploads\\\/2020\\\/04\\\/versiegelung24.png\",\"contentUrl\":\"https:\\\/\\\/www.versiegelung24.com\\\/wp-content\\\/uploads\\\/2020\\\/04\\\/versiegelung24.png\",\"width\":470,\"height\":102,\"caption\":\"versiegelung24\"},\"image\":{\"@id\":\"https:\\\/\\\/www.versiegelung24.com\\\/sq\\\/#\\\/schema\\\/logo\\\/image\\\/\"}}]}<\/script>\n<meta property=\"product:price:amount\" content=\"1.25\" \/>\n<meta property=\"product:price:currency\" content=\"EUR\" \/>\n<meta property=\"og:availability\" content=\"instock\" \/>\n<meta property=\"product:availability\" content=\"instock\" \/>\n<meta property=\"product:retailer_item_id\" content=\"V24-9004\" \/>\n<meta property=\"product:condition\" content=\"new\" \/>\n<!-- \/ Yoast SEO Premium plugin. -->","yoast_head_json":{"title":"P\u00eblhur\u00eb me mikrofib\u00ebr 40x40cm p\u00ebr parapastrim ose lustrim t\u00eb verdh\u00eb - versiegelung24.com","description":"P\u00eblhur\u00eb me mikrofib\u00ebr \u00bb Jasht\u00ebzakonisht absorbuese \u00bb Tharje e shpejt\u00eb \u00bb Pa garz\u00eb \u00bb Pa g\u00ebrvishtje \u00bb 80% poliester \/ 20% poliamide \u00bb Pesha e that\u00eb 280 g\/m\u00b2","robots":{"index":"index","follow":"follow","max-snippet":"max-snippet:-1","max-image-preview":"max-image-preview:large","max-video-preview":"max-video-preview:-1"},"canonical":"https:\/\/www.versiegelung24.com\/sq\/pelhure-me-mikrofiber-40x40cm-per-parapastrim-ose-lustrim-te-verdhe.html","og_locale":"sq_AL","og_type":"article","og_title":"P\u00eblhur\u00eb me mikrofib\u00ebr 40x40cm p\u00ebr parapastrim ose lustrim t\u00eb verdh\u00eb","og_description":"P\u00eblhur\u00eb me mikrofib\u00ebr \u00bb Jasht\u00ebzakonisht absorbuese \u00bb Tharje e shpejt\u00eb \u00bb Pa garz\u00eb \u00bb Pa g\u00ebrvishtje \u00bb 80% poliester \/ 20% poliamide \u00bb Pesha e that\u00eb 280 g\/m\u00b2","og_url":"https:\/\/www.versiegelung24.com\/sq\/pelhure-me-mikrofiber-40x40cm-per-parapastrim-ose-lustrim-te-verdhe.html","og_site_name":"versiegelung24.com","article_modified_time":"2025-01-05T14:35:32+00:00","og_image":[{"width":1024,"height":1024,"url":"https:\/\/www.versiegelung24.com\/wp-content\/uploads\/2022\/02\/V24-9004-1-Mikrofaser-gelb-40x40cm-Custom.jpg","type":"image\/jpeg"}],"twitter_card":"summary_large_image","twitter_misc":{"Price":"1,25&euro;","Availability":"In stock"},"schema":{"@context":"https:\/\/schema.org","@graph":[{"@type":"WebPage","@id":"https:\/\/www.versiegelung24.com\/sq\/pelhure-me-mikrofiber-40x40cm-per-parapastrim-ose-lustrim-te-verdhe.html","url":"https:\/\/www.versiegelung24.com\/sq\/pelhure-me-mikrofiber-40x40cm-per-parapastrim-ose-lustrim-te-verdhe.html","name":"P\u00eblhur\u00eb me mikrofib\u00ebr 40x40cm p\u00ebr parapastrim ose lustrim t\u00eb verdh\u00eb - versiegelung24.com","isPartOf":{"@id":"https:\/\/www.versiegelung24.com\/sq\/#website"},"primaryImageOfPage":{"@id":"https:\/\/www.versiegelung24.com\/sq\/pelhure-me-mikrofiber-40x40cm-per-parapastrim-ose-lustrim-te-verdhe.html#primaryimage"},"image":{"@id":"https:\/\/www.versiegelung24.com\/sq\/pelhure-me-mikrofiber-40x40cm-per-parapastrim-ose-lustrim-te-verdhe.html#primaryimage"},"thumbnailUrl":"https:\/\/www.versiegelung24.com\/wp-content\/uploads\/2022\/02\/V24-9004-1-Mikrofaser-gelb-40x40cm-Custom.jpg","datePublished":"2024-01-29T19:40:42+00:00","dateModified":"2025-01-05T14:35:32+00:00","description":"P\u00eblhur\u00eb me mikrofib\u00ebr \u00bb Jasht\u00ebzakonisht absorbuese \u00bb Tharje e shpejt\u00eb \u00bb Pa garz\u00eb \u00bb Pa g\u00ebrvishtje \u00bb 80% poliester \/ 20% poliamide \u00bb Pesha e that\u00eb 280 g\/m\u00b2","breadcrumb":{"@id":"https:\/\/www.versiegelung24.com\/sq\/pelhure-me-mikrofiber-40x40cm-per-parapastrim-ose-lustrim-te-verdhe.html#breadcrumb"},"inLanguage":"sq-AL","potentialAction":[{"@type":"ReadAction","target":["https:\/\/www.versiegelung24.com\/sq\/pelhure-me-mikrofiber-40x40cm-per-parapastrim-ose-lustrim-te-verdhe.html"]}]},{"@type":"ImageObject","inLanguage":"sq-AL","@id":"https:\/\/www.versiegelung24.com\/sq\/pelhure-me-mikrofiber-40x40cm-per-parapastrim-ose-lustrim-te-verdhe.html#primaryimage","url":"https:\/\/www.versiegelung24.com\/wp-content\/uploads\/2022\/02\/V24-9004-1-Mikrofaser-gelb-40x40cm-Custom.jpg","contentUrl":"https:\/\/www.versiegelung24.com\/wp-content\/uploads\/2022\/02\/V24-9004-1-Mikrofaser-gelb-40x40cm-Custom.jpg","width":1024,"height":1024},{"@type":"BreadcrumbList","@id":"https:\/\/www.versiegelung24.com\/sq\/pelhure-me-mikrofiber-40x40cm-per-parapastrim-ose-lustrim-te-verdhe.html#breadcrumb","itemListElement":[{"@type":"ListItem","position":1,"name":"Faqja kryesore","item":"https:\/\/www.versiegelung24.com\/sq\/perpara\/"},{"@type":"ListItem","position":2,"name":"Dyqan","item":"https:\/\/www.versiegelung24.com\/sq\/dyqan\/"},{"@type":"ListItem","position":3,"name":"P\u00eblhur\u00eb me mikrofib\u00ebr 40x40cm p\u00ebr parapastrim ose lustrim t\u00eb verdh\u00eb"}]},{"@type":"WebSite","@id":"https:\/\/www.versiegelung24.com\/sq\/#website","url":"https:\/\/www.versiegelung24.com\/sq\/","name":"versiegelung24.com","description":"Fl\u00fcssigglas-Versiegelung - Made in Germany","publisher":{"@id":"https:\/\/www.versiegelung24.com\/sq\/#organization"},"potentialAction":[{"@type":"SearchAction","target":{"@type":"EntryPoint","urlTemplate":"https:\/\/www.versiegelung24.com\/sq\/?s={search_term_string}"},"query-input":{"@type":"PropertyValueSpecification","valueRequired":true,"valueName":"search_term_string"}}],"inLanguage":"sq-AL"},{"@type":"Organization","@id":"https:\/\/www.versiegelung24.com\/sq\/#organization","name":"versiegelung24","url":"https:\/\/www.versiegelung24.com\/sq\/","logo":{"@type":"ImageObject","inLanguage":"sq-AL","@id":"https:\/\/www.versiegelung24.com\/sq\/#\/schema\/logo\/image\/","url":"https:\/\/www.versiegelung24.com\/wp-content\/uploads\/2020\/04\/versiegelung24.png","contentUrl":"https:\/\/www.versiegelung24.com\/wp-content\/uploads\/2020\/04\/versiegelung24.png","width":470,"height":102,"caption":"versiegelung24"},"image":{"@id":"https:\/\/www.versiegelung24.com\/sq\/#\/schema\/logo\/image\/"}}]},"product_price_amount":"1.25","product_price_currency":"EUR","og_availability":"instock","product_availability":"instock","product_retailer_item_id":"V24-9004","product_condition":"new"},"_links":{"self":[{"href":"https:\/\/www.versiegelung24.com\/sq\/wp-json\/wp\/v2\/product\/149431","targetHints":{"allow":["GET"]}}],"collection":[{"href":"https:\/\/www.versiegelung24.com\/sq\/wp-json\/wp\/v2\/product"}],"about":[{"href":"https:\/\/www.versiegelung24.com\/sq\/wp-json\/wp\/v2\/types\/product"}],"version-history":[{"count":2,"href":"https:\/\/www.versiegelung24.com\/sq\/wp-json\/wp\/v2\/product\/149431\/revisions"}],"predecessor-version":[{"id":178239,"href":"https:\/\/www.versiegelung24.com\/sq\/wp-json\/wp\/v2\/product\/149431\/revisions\/178239"}],"wp:featuredmedia":[{"embeddable":true,"href":"https:\/\/www.versiegelung24.com\/sq\/wp-json\/wp\/v2\/media\/64791"}],"wp:attachment":[{"href":"https:\/\/www.versiegelung24.com\/sq\/wp-json\/wp\/v2\/media?parent=149431"}],"wp:term":[{"taxonomy":"product_brand","embeddable":true,"href":"https:\/\/www.versiegelung24.com\/sq\/wp-json\/wp\/v2\/product_brand?post=149431"},{"taxonomy":"product_cat","embeddable":true,"href":"https:\/\/www.versiegelung24.com\/sq\/wp-json\/wp\/v2\/product_cat?post=149431"},{"taxonomy":"product_tag","embeddable":true,"href":"https:\/\/www.versiegelung24.com\/sq\/wp-json\/wp\/v2\/product_tag?post=149431"}],"curies":[{"name":"wp","href":"https:\/\/api.w.org\/{rel}","templated":true}]}}