{"id":160951,"date":"2024-05-06T17:28:31","date_gmt":"2024-05-06T15:28:34","guid":{"rendered":"https:\/\/www.versiegelung24.com\/?post_type=product&#038;p=160951"},"modified":"2025-01-13T17:08:44","modified_gmt":"2025-01-13T16:08:44","slug":"arbeitshandschuhe-nylon-schwarz-groesse-9","status":"publish","type":"product","link":"https:\/\/www.versiegelung24.com\/sq\/arbeitshandschuhe-nylon-schwarz-groesse-9.html","title":{"rendered":"Doreza pune najloni e zeze permasa 9"},"content":{"rendered":"\n<h4 class=\"wp-block-heading\" id=\"h-beschreibung\">P\u00ebrshkrim<\/h4>\n\n<p>Doreza najloni t\u00eb aplikueshme universale me rezistenc\u00eb t\u00eb ve\u00e7ant\u00eb ndaj rr\u00ebshqitjes dhe g\u00ebrryerjes. Dorezat najloni thuren pa probleme pa qepje t\u00eb bezdisshme dhe n\u00eb k\u00ebt\u00eb m\u00ebnyr\u00eb parandalojn\u00eb acarimin e l\u00ebkur\u00ebs. Fal\u00eb nj\u00eb p\u00ebrshtatjeje t\u00eb p\u00ebrsosur, ato ofrojn\u00eb nj\u00eb nivel ve\u00e7an\u00ebrisht t\u00eb lart\u00eb rehati. Dorezat mund t\u00eb lahen dhe t\u00eb rip\u00ebrdoren dhe jan\u00eb ve\u00e7an\u00ebrisht t\u00eb p\u00ebrshtatshme, p\u00ebr shembull, p\u00ebr industrin\u00eb e automobilave, kopshtarin\u00eb, entuziast\u00ebt DIY, etj.<\/p>\n\n<hr \/>\n\n<h4 class=\"wp-block-heading\" id=\"properties\">Karakteristikat e produktit<\/h4>\n\n<div class=\"wp-block-columns is-layout-flex wp-container-core-columns-is-layout-9d6595d7 wp-block-columns-is-layout-flex\">\n<div class=\"wp-block-column is-layout-flow wp-block-column-is-layout-flow\">\n<p>\u2713 Veshje e holl\u00eb poliuretani e klasit t\u00eb par\u00eb n\u00eb p\u00ebll\u00ebmb\u00eb dhe gishta<\/p>\n\n\n\n<p>\u2713 Thurur pa probleme pa qepje t\u00eb bezdisshme p\u00ebr t\u00eb shmangur acarimin e l\u00ebkur\u00ebs<\/p>\n\n\n\n<p>\u2713 Jasht\u00ebzakonisht komode fal\u00eb p\u00ebrshtatjes s\u00eb p\u00ebrsosur<\/p>\n\n\n\n<p>\u2713 Prodhuar sipas EN 388<\/p>\n\n\n\n<p>\u2713 Ideale p\u00ebr p\u00ebrdorim n\u00eb pothuajse t\u00eb gjitha pun\u00ebt e montimit n\u00eb mekanik\u00ebn e sakt\u00ebsis\u00eb dhe ku sakt\u00ebsia \u00ebsht\u00eb e r\u00ebnd\u00ebsishme<\/p>\n\n\n\n<p>\u2713 Pa lodhje t\u00eb duarve nga veshja e dorezave<\/p>\n\n\n\n<p>\u2713 Pjesa e pasme e dor\u00ebs \u00ebsht\u00eb e pa veshur dhe shum\u00eb ajros\u00ebse<\/p>\n\n\n\n<p>\u2713 Lahet<\/p>\n\n\n\n<p>\u2713 Madh\u00ebsia: 9<\/p>\n<\/div>\n<\/div>\n","protected":false},"excerpt":{"rendered":"<div class=\"product_text_extra\">\n<p>\u2713 Ve\u00e7an\u00ebrisht rezistent ndaj rr\u00ebshqitjes dhe g\u00ebrryerjes<\/p>\n<p>\u2713 Pjesa e pasme e dor\u00ebs e pa veshur dhe shum\u00eb e frym\u00ebmarrjes<\/p>\n<p>\u2713 Jasht\u00ebzakonisht komode fal\u00eb p\u00ebrshtatjes s\u00eb p\u00ebrsosur<\/p>\n<p>\u2713 Lahet dhe rip\u00ebrdoret<\/p>\n<p>\u2713 Prodhuar sipas EN388<\/p>\n<\/div>\n","protected":false},"featured_media":161005,"template":"","meta":{"_acf_changed":false,"neve_meta_sidebar":"","neve_meta_container":"","neve_meta_enable_content_width":"","neve_meta_content_width":0,"neve_meta_title_alignment":"","neve_meta_author_avatar":"","neve_post_elements_order":"","neve_meta_disable_header":"","neve_meta_disable_footer":"","neve_meta_disable_title":"","neve_meta_reading_time":"","_surfaces":[],"_ver_product_tabs":[],"footnotes":""},"product_brand":[],"product_cat":[3065],"product_tag":[],"class_list":{"0":"post-160951","1":"product","2":"type-product","3":"status-publish","4":"has-post-thumbnail","6":"product_cat-pajisje","8":"first","9":"instock","10":"taxable","11":"shipping-taxable","12":"purchasable","13":"product-type-simple"},"acf":[],"yoast_head":"<!-- This site is optimized with the Yoast SEO Premium plugin v22.8 (Yoast SEO v27.5) - https:\/\/yoast.com\/product\/yoast-seo-premium-wordpress\/ -->\n<title>Doreza pune najloni e zeze permasa 9 - versiegelung24.com<\/title>\n<meta name=\"robots\" content=\"index, follow, max-snippet:-1, max-image-preview:large, max-video-preview:-1\" \/>\n<link rel=\"canonical\" href=\"https:\/\/www.versiegelung24.com\/sq\/arbeitshandschuhe-nylon-schwarz-groesse-9.html\" \/>\n<meta property=\"og:locale\" content=\"sq_AL\" \/>\n<meta property=\"og:type\" content=\"article\" \/>\n<meta property=\"og:title\" content=\"Doreza pune najloni e zeze permasa 9\" \/>\n<meta property=\"og:description\" content=\"\u2713 Ve\u00e7an\u00ebrisht rezistent ndaj rr\u00ebshqitjes dhe g\u00ebrryerjes \u2713 Pjesa e pasme e dor\u00ebs e pa veshur dhe shum\u00eb e frym\u00ebmarrjes \u2713 Jasht\u00ebzakonisht komode fal\u00eb p\u00ebrshtatjes s\u00eb p\u00ebrsosur \u2713 Lahet dhe rip\u00ebrdoret \u2713 Prodhuar sipas EN388\" \/>\n<meta property=\"og:url\" content=\"https:\/\/www.versiegelung24.com\/sq\/arbeitshandschuhe-nylon-schwarz-groesse-9.html\" \/>\n<meta property=\"og:site_name\" content=\"versiegelung24.com\" \/>\n<meta property=\"article:modified_time\" content=\"2025-01-13T16:08:44+00:00\" \/>\n<meta name=\"twitter:card\" content=\"summary_large_image\" \/>\n<meta name=\"twitter:label1\" content=\"Price\" \/>\n\t<meta name=\"twitter:data1\" content=\"2,49&euro;\" \/>\n\t<meta name=\"twitter:label2\" content=\"Availability\" \/>\n\t<meta name=\"twitter:data2\" content=\"In stock\" \/>\n<script type=\"application\/ld+json\" class=\"yoast-schema-graph\">{\"@context\":\"https:\\\/\\\/schema.org\",\"@graph\":[{\"@type\":\"WebPage\",\"@id\":\"https:\\\/\\\/www.versiegelung24.com\\\/sq\\\/arbeitshandschuhe-nylon-schwarz-groesse-9.html\",\"url\":\"https:\\\/\\\/www.versiegelung24.com\\\/sq\\\/arbeitshandschuhe-nylon-schwarz-groesse-9.html\",\"name\":\"Doreza pune najloni e zeze permasa 9 - versiegelung24.com\",\"isPartOf\":{\"@id\":\"https:\\\/\\\/www.versiegelung24.com\\\/sq\\\/#website\"},\"primaryImageOfPage\":{\"@id\":\"https:\\\/\\\/www.versiegelung24.com\\\/sq\\\/arbeitshandschuhe-nylon-schwarz-groesse-9.html#primaryimage\"},\"image\":{\"@id\":\"https:\\\/\\\/www.versiegelung24.com\\\/sq\\\/arbeitshandschuhe-nylon-schwarz-groesse-9.html#primaryimage\"},\"thumbnailUrl\":\"https:\\\/\\\/www.versiegelung24.com\\\/wp-content\\\/uploads\\\/2024\\\/05\\\/nitril-oben.webp\",\"datePublished\":\"2024-05-06T15:28:34+00:00\",\"dateModified\":\"2025-01-13T16:08:44+00:00\",\"breadcrumb\":{\"@id\":\"https:\\\/\\\/www.versiegelung24.com\\\/sq\\\/arbeitshandschuhe-nylon-schwarz-groesse-9.html#breadcrumb\"},\"inLanguage\":\"sq-AL\",\"potentialAction\":[{\"@type\":\"ReadAction\",\"target\":[\"https:\\\/\\\/www.versiegelung24.com\\\/sq\\\/arbeitshandschuhe-nylon-schwarz-groesse-9.html\"]}]},{\"@type\":\"ImageObject\",\"inLanguage\":\"sq-AL\",\"@id\":\"https:\\\/\\\/www.versiegelung24.com\\\/sq\\\/arbeitshandschuhe-nylon-schwarz-groesse-9.html#primaryimage\",\"url\":\"https:\\\/\\\/www.versiegelung24.com\\\/wp-content\\\/uploads\\\/2024\\\/05\\\/nitril-oben.webp\",\"contentUrl\":\"https:\\\/\\\/www.versiegelung24.com\\\/wp-content\\\/uploads\\\/2024\\\/05\\\/nitril-oben.webp\",\"width\":2000,\"height\":2000},{\"@type\":\"BreadcrumbList\",\"@id\":\"https:\\\/\\\/www.versiegelung24.com\\\/sq\\\/arbeitshandschuhe-nylon-schwarz-groesse-9.html#breadcrumb\",\"itemListElement\":[{\"@type\":\"ListItem\",\"position\":1,\"name\":\"Faqja kryesore\",\"item\":\"https:\\\/\\\/www.versiegelung24.com\\\/sq\\\/perpara\\\/\"},{\"@type\":\"ListItem\",\"position\":2,\"name\":\"Dyqan\",\"item\":\"https:\\\/\\\/www.versiegelung24.com\\\/sq\\\/dyqan\\\/\"},{\"@type\":\"ListItem\",\"position\":3,\"name\":\"Doreza pune najloni e zeze permasa 9\"}]},{\"@type\":\"WebSite\",\"@id\":\"https:\\\/\\\/www.versiegelung24.com\\\/sq\\\/#website\",\"url\":\"https:\\\/\\\/www.versiegelung24.com\\\/sq\\\/\",\"name\":\"versiegelung24.com\",\"description\":\"Fl\u00fcssigglas-Versiegelung - Made in Germany\",\"publisher\":{\"@id\":\"https:\\\/\\\/www.versiegelung24.com\\\/sq\\\/#organization\"},\"potentialAction\":[{\"@type\":\"SearchAction\",\"target\":{\"@type\":\"EntryPoint\",\"urlTemplate\":\"https:\\\/\\\/www.versiegelung24.com\\\/sq\\\/?s={search_term_string}\"},\"query-input\":{\"@type\":\"PropertyValueSpecification\",\"valueRequired\":true,\"valueName\":\"search_term_string\"}}],\"inLanguage\":\"sq-AL\"},{\"@type\":\"Organization\",\"@id\":\"https:\\\/\\\/www.versiegelung24.com\\\/sq\\\/#organization\",\"name\":\"versiegelung24\",\"url\":\"https:\\\/\\\/www.versiegelung24.com\\\/sq\\\/\",\"logo\":{\"@type\":\"ImageObject\",\"inLanguage\":\"sq-AL\",\"@id\":\"https:\\\/\\\/www.versiegelung24.com\\\/sq\\\/#\\\/schema\\\/logo\\\/image\\\/\",\"url\":\"https:\\\/\\\/www.versiegelung24.com\\\/wp-content\\\/uploads\\\/2020\\\/04\\\/versiegelung24.png\",\"contentUrl\":\"https:\\\/\\\/www.versiegelung24.com\\\/wp-content\\\/uploads\\\/2020\\\/04\\\/versiegelung24.png\",\"width\":470,\"height\":102,\"caption\":\"versiegelung24\"},\"image\":{\"@id\":\"https:\\\/\\\/www.versiegelung24.com\\\/sq\\\/#\\\/schema\\\/logo\\\/image\\\/\"}}]}<\/script>\n<meta property=\"product:price:amount\" content=\"2.49\" \/>\n<meta property=\"product:price:currency\" content=\"EUR\" \/>\n<meta property=\"og:availability\" content=\"instock\" \/>\n<meta property=\"product:availability\" content=\"instock\" \/>\n<meta property=\"product:retailer_item_id\" content=\"V24-SB340-9\" \/>\n<meta property=\"product:condition\" content=\"new\" \/>\n<!-- \/ Yoast SEO Premium plugin. -->","yoast_head_json":{"title":"Doreza pune najloni e zeze permasa 9 - versiegelung24.com","robots":{"index":"index","follow":"follow","max-snippet":"max-snippet:-1","max-image-preview":"max-image-preview:large","max-video-preview":"max-video-preview:-1"},"canonical":"https:\/\/www.versiegelung24.com\/sq\/arbeitshandschuhe-nylon-schwarz-groesse-9.html","og_locale":"sq_AL","og_type":"article","og_title":"Doreza pune najloni e zeze permasa 9","og_description":"\u2713 Ve\u00e7an\u00ebrisht rezistent ndaj rr\u00ebshqitjes dhe g\u00ebrryerjes \u2713 Pjesa e pasme e dor\u00ebs e pa veshur dhe shum\u00eb e frym\u00ebmarrjes \u2713 Jasht\u00ebzakonisht komode fal\u00eb p\u00ebrshtatjes s\u00eb p\u00ebrsosur \u2713 Lahet dhe rip\u00ebrdoret \u2713 Prodhuar sipas EN388","og_url":"https:\/\/www.versiegelung24.com\/sq\/arbeitshandschuhe-nylon-schwarz-groesse-9.html","og_site_name":"versiegelung24.com","article_modified_time":"2025-01-13T16:08:44+00:00","twitter_card":"summary_large_image","twitter_misc":{"Price":"2,49&euro;","Availability":"In stock"},"schema":{"@context":"https:\/\/schema.org","@graph":[{"@type":"WebPage","@id":"https:\/\/www.versiegelung24.com\/sq\/arbeitshandschuhe-nylon-schwarz-groesse-9.html","url":"https:\/\/www.versiegelung24.com\/sq\/arbeitshandschuhe-nylon-schwarz-groesse-9.html","name":"Doreza pune najloni e zeze permasa 9 - versiegelung24.com","isPartOf":{"@id":"https:\/\/www.versiegelung24.com\/sq\/#website"},"primaryImageOfPage":{"@id":"https:\/\/www.versiegelung24.com\/sq\/arbeitshandschuhe-nylon-schwarz-groesse-9.html#primaryimage"},"image":{"@id":"https:\/\/www.versiegelung24.com\/sq\/arbeitshandschuhe-nylon-schwarz-groesse-9.html#primaryimage"},"thumbnailUrl":"https:\/\/www.versiegelung24.com\/wp-content\/uploads\/2024\/05\/nitril-oben.webp","datePublished":"2024-05-06T15:28:34+00:00","dateModified":"2025-01-13T16:08:44+00:00","breadcrumb":{"@id":"https:\/\/www.versiegelung24.com\/sq\/arbeitshandschuhe-nylon-schwarz-groesse-9.html#breadcrumb"},"inLanguage":"sq-AL","potentialAction":[{"@type":"ReadAction","target":["https:\/\/www.versiegelung24.com\/sq\/arbeitshandschuhe-nylon-schwarz-groesse-9.html"]}]},{"@type":"ImageObject","inLanguage":"sq-AL","@id":"https:\/\/www.versiegelung24.com\/sq\/arbeitshandschuhe-nylon-schwarz-groesse-9.html#primaryimage","url":"https:\/\/www.versiegelung24.com\/wp-content\/uploads\/2024\/05\/nitril-oben.webp","contentUrl":"https:\/\/www.versiegelung24.com\/wp-content\/uploads\/2024\/05\/nitril-oben.webp","width":2000,"height":2000},{"@type":"BreadcrumbList","@id":"https:\/\/www.versiegelung24.com\/sq\/arbeitshandschuhe-nylon-schwarz-groesse-9.html#breadcrumb","itemListElement":[{"@type":"ListItem","position":1,"name":"Faqja kryesore","item":"https:\/\/www.versiegelung24.com\/sq\/perpara\/"},{"@type":"ListItem","position":2,"name":"Dyqan","item":"https:\/\/www.versiegelung24.com\/sq\/dyqan\/"},{"@type":"ListItem","position":3,"name":"Doreza pune najloni e zeze permasa 9"}]},{"@type":"WebSite","@id":"https:\/\/www.versiegelung24.com\/sq\/#website","url":"https:\/\/www.versiegelung24.com\/sq\/","name":"versiegelung24.com","description":"Fl\u00fcssigglas-Versiegelung - Made in Germany","publisher":{"@id":"https:\/\/www.versiegelung24.com\/sq\/#organization"},"potentialAction":[{"@type":"SearchAction","target":{"@type":"EntryPoint","urlTemplate":"https:\/\/www.versiegelung24.com\/sq\/?s={search_term_string}"},"query-input":{"@type":"PropertyValueSpecification","valueRequired":true,"valueName":"search_term_string"}}],"inLanguage":"sq-AL"},{"@type":"Organization","@id":"https:\/\/www.versiegelung24.com\/sq\/#organization","name":"versiegelung24","url":"https:\/\/www.versiegelung24.com\/sq\/","logo":{"@type":"ImageObject","inLanguage":"sq-AL","@id":"https:\/\/www.versiegelung24.com\/sq\/#\/schema\/logo\/image\/","url":"https:\/\/www.versiegelung24.com\/wp-content\/uploads\/2020\/04\/versiegelung24.png","contentUrl":"https:\/\/www.versiegelung24.com\/wp-content\/uploads\/2020\/04\/versiegelung24.png","width":470,"height":102,"caption":"versiegelung24"},"image":{"@id":"https:\/\/www.versiegelung24.com\/sq\/#\/schema\/logo\/image\/"}}]},"product_price_amount":"2.49","product_price_currency":"EUR","og_availability":"instock","product_availability":"instock","product_retailer_item_id":"V24-SB340-9","product_condition":"new"},"_links":{"self":[{"href":"https:\/\/www.versiegelung24.com\/sq\/wp-json\/wp\/v2\/product\/160951","targetHints":{"allow":["GET"]}}],"collection":[{"href":"https:\/\/www.versiegelung24.com\/sq\/wp-json\/wp\/v2\/product"}],"about":[{"href":"https:\/\/www.versiegelung24.com\/sq\/wp-json\/wp\/v2\/types\/product"}],"version-history":[{"count":4,"href":"https:\/\/www.versiegelung24.com\/sq\/wp-json\/wp\/v2\/product\/160951\/revisions"}],"predecessor-version":[{"id":180736,"href":"https:\/\/www.versiegelung24.com\/sq\/wp-json\/wp\/v2\/product\/160951\/revisions\/180736"}],"wp:featuredmedia":[{"embeddable":true,"href":"https:\/\/www.versiegelung24.com\/sq\/wp-json\/wp\/v2\/media\/161005"}],"wp:attachment":[{"href":"https:\/\/www.versiegelung24.com\/sq\/wp-json\/wp\/v2\/media?parent=160951"}],"wp:term":[{"taxonomy":"product_brand","embeddable":true,"href":"https:\/\/www.versiegelung24.com\/sq\/wp-json\/wp\/v2\/product_brand?post=160951"},{"taxonomy":"product_cat","embeddable":true,"href":"https:\/\/www.versiegelung24.com\/sq\/wp-json\/wp\/v2\/product_cat?post=160951"},{"taxonomy":"product_tag","embeddable":true,"href":"https:\/\/www.versiegelung24.com\/sq\/wp-json\/wp\/v2\/product_tag?post=160951"}],"curies":[{"name":"wp","href":"https:\/\/api.w.org\/{rel}","templated":true}]}}