{"id":181890,"date":"2025-07-31T12:51:03","date_gmt":"2025-07-31T10:51:18","guid":{"rendered":"https:\/\/www.versiegelung24.com\/?post_type=product&#038;p=181890"},"modified":"2025-09-05T13:19:19","modified_gmt":"2025-09-05T11:19:19","slug":"holzimpragnierung-silanbasis","status":"publish","type":"product","link":"https:\/\/www.versiegelung24.com\/sq\/holzimpragnierung-silanbasis.html","title":{"rendered":"Impregnim druri \u2013 mbrojtje natyrale e drurit me baz\u00eb silani"},"content":{"rendered":"\n<h2 class=\"wp-block-heading\" id=\"h-holzschutz-naturimpragnierung-auf-silanbasis-wasserbasierend\"><strong>Mbrojtja e drurit: Impregnim natyral i bazuar n\u00eb silan (me baz\u00eb uji)<\/strong><\/h2>\n\n<p>Cil\u00ebsi e lart\u00eb Prodhuar n\u00eb Gjermani.<\/p>\n\n<hr\/>\n\n<div class=\"wp-block-columns is-layout-flex wp-container-core-columns-is-layout-9d6595d7 wp-block-columns-is-layout-flex\">\n<div class=\"wp-block-column is-layout-flow wp-block-column-is-layout-flow\">\n<p>Impregnimi yn\u00eb i drurit \u00ebsht\u00eb nj\u00eb sistem impregnimi me baz\u00eb silani, gati p\u00ebr p\u00ebrdorim. Ai stabilizon lignin\u00ebn, duke e mbrojtur ndjesh\u00ebm drurin nga zbardhja. Vetit\u00eb e tij hidrofobike parandalojn\u00eb dep\u00ebrtimin e lag\u00ebshtir\u00ebs dhe papast\u00ebrtis\u00eb s\u00eb pad\u00ebshiruar n\u00eb dru.  <\/p>\n\n\n\n<p><strong>I p\u00ebrshtatsh\u00ebm p\u00ebr:<\/strong> dru, shtigje p\u00ebr k\u00ebmb\u00ebsor\u00eb, garazhe makinash, pragje dritaresh, hambare kopshtesh, mobilje kopshti, dru, fasada, vazo lulesh, tarraca, gardhe dhe shum\u00eb m\u00eb tep\u00ebr<\/p>\n<\/div>\n\n\n\n<div class=\"wp-block-column is-layout-flow wp-block-column-is-layout-flow\">\n<figure class=\"wp-block-image size-large\"><img fetchpriority=\"high\" decoding=\"async\" width=\"1300\" height=\"851\" src=\"https:\/\/www.versiegelung24.com\/wp-content\/uploads\/2025\/07\/image-1300x851.png\" alt=\"\" class=\"wp-image-181965\" srcset=\"https:\/\/www.versiegelung24.com\/wp-content\/uploads\/2025\/07\/image-1300x851.png 1300w, https:\/\/www.versiegelung24.com\/wp-content\/uploads\/2025\/07\/image-300x196.png 300w, https:\/\/www.versiegelung24.com\/wp-content\/uploads\/2025\/07\/image-768x503.png 768w, https:\/\/www.versiegelung24.com\/wp-content\/uploads\/2025\/07\/image-1536x1006.png 1536w, https:\/\/www.versiegelung24.com\/wp-content\/uploads\/2025\/07\/image-600x393.png 600w, https:\/\/www.versiegelung24.com\/wp-content\/uploads\/2025\/07\/image.png 1784w\" sizes=\"(max-width: 1300px) 100vw, 1300px\" \/><\/figure>\n<\/div>\n<\/div>\n\n<h4 class=\"wp-block-heading\" id=\"properties\">Karakteristikat e produktit<\/h4>\n\n<div class=\"wp-block-columns is-layout-flex wp-container-core-columns-is-layout-9d6595d7 wp-block-columns-is-layout-flex\">\n<div class=\"wp-block-column is-layout-flow wp-block-column-is-layout-flow\">\n<ul class=\"wp-block-list\">\n<li><strong>Ngjyra e q\u00ebndrueshme<\/strong> &#8211; Mbrojtje transparente p\u00ebr t\u00eb ruajtur ngjyr\u00ebn e drurit  <\/li>\n\n\n\n<li><strong>Pa produkte nafte<\/strong> &#8211; Formul\u00eb miq\u00ebsore me mjedisin  <\/li>\n\n\n\n<li><strong>Abetare dhe funksion mbrojt\u00ebs n\u00eb nj\u00eb hap t\u00eb vet\u00ebm<\/strong> &#8211; Aplikim i leht\u00eb  <\/li>\n\n\n\n<li><strong>Tharje shum\u00eb e shpejt\u00eb<\/strong> &#8211; p\u00ebrpunim q\u00eb kursen koh\u00eb  <\/li>\n\n\n\n<li><strong>Q\u00ebndrueshm\u00ebria<\/strong> \u2013 2-5 vjet (duksh\u00ebm m\u00eb e gjat\u00eb p\u00ebr p\u00ebrdorim t\u00eb brendsh\u00ebm)<\/li>\n\n\n\n<li><strong>Mbrojtja e lignin\u00ebs<\/strong> <strong>vonon<\/strong> ndjesh\u00ebm <strong>procesin e thinjave<\/strong> me <strong>disa muaj.<\/strong><\/li>\n<\/ul>\n<\/div>\n\n\n\n<div class=\"wp-block-column is-layout-flow wp-block-column-is-layout-flow\">\n<ul class=\"wp-block-list\">\n<li><strong>PFAS, PFOA dhe pa PFOS<\/strong><\/li>\n\n\n\n<li><strong>Mbron nga thinjat e shkaktuara nga rrezet e diellit<\/strong> &#8211; Mbrojtje nga rrezet UV  <\/li>\n\n\n\n<li><strong>Reziston ndaj ujit dhe papast\u00ebrtis\u00eb<\/strong> &#8211; Veti hidrofobike  <\/li>\n\n\n\n<li><strong>Parandalon rritjen e algave, myshkut dhe likenit<\/strong> &#8211; Mbrojtje afatgjat\u00eb  <\/li>\n\n\n\n<li><strong>Konsumi: 1 lit\u00ebr \u00ebsht\u00eb i mjaftuesh\u00ebm p\u00ebr af\u00ebrsisht 30 &#8211; 40 m\u00b2<\/strong> (n\u00eb var\u00ebsi t\u00eb sip\u00ebrfaqes)<\/li>\n\n\n\n<li>Aplikimi <strong>preferohet p\u00ebr sip\u00ebrfaqe vertikale<\/strong> prej druri sip\u00ebr (gardhe prej druri, &#8230;) dhe posht\u00eb barit (shtylla prej druri).<\/li>\n<\/ul>\n<\/div>\n<\/div>\n\n<p>P\u00ebrmbajtja e dor\u00ebzimit: 1 x shishe litri, 1 x kok\u00eb sp\u00ebrkat\u00ebse pompe<br\/><\/p>\n\n<hr\/>\n\n<h4 class=\"wp-block-heading\" id=\"application\">Aplikacion<\/h4>\n\n<div class=\"wp-block-columns is-layout-flex wp-container-core-columns-is-layout-9d6595d7 wp-block-columns-is-layout-flex\">\n<div class=\"wp-block-column is-layout-flow wp-block-column-is-layout-flow\">\n<p><strong>P\u00ebrgatitja:<\/strong><\/p>\n\n\n\n<ul class=\"wp-block-list\">\n<li>Tundeni fuqish\u00ebm p\u00ebr 1 minut\u00eb para p\u00ebrdorimit.<\/li>\n\n\n\n<li>Sip\u00ebrfaqet q\u00eb do t\u00eb trajtohen duhet t\u00eb jen\u00eb t\u00eb pastra, t\u00ebr\u00ebsisht t\u00eb thata dhe pa pluhur dhe nuk duhet t\u00eb jen\u00eb trajtuar paraprakisht me veshje t\u00eb tjera.<\/li>\n\n\n\n<li>Ndotja nga boj\u00ebrat, yndyrat, vajrat ose bim\u00ebt organike (algat, likenet, myshqet) duhet t\u00eb hiqet paraprakisht.<\/li>\n<\/ul>\n\n\n\n<p><strong>Aplikimi:<\/strong><\/p>\n\n\n\n<ul class=\"wp-block-list\">\n<li><strong>Metoda e rekomanduar:<\/strong> Produkti duhet t\u00eb sp\u00ebrkatet mund\u00ebsisht duke p\u00ebrdorur nj\u00eb sp\u00ebrkat\u00ebs\/pomp\u00eb sp\u00ebrkat\u00ebs me presion t\u00eb ul\u00ebt.<\/li>\n\n\n\n<li>Rregulloni distanc\u00ebn nga sip\u00ebrfaqja n\u00eb var\u00ebsi t\u00eb fuqis\u00eb s\u00eb sp\u00ebrkat\u00ebsit tuaj.<\/li>\n\n\n\n<li>Sip\u00ebrfaqja duhet t\u00eb ket\u00eb nj\u00eb pamje uniforme, t\u00eb lag\u00ebsht dhe t\u00eb lag\u00ebsht.<\/li>\n\n\n\n<li><strong>Alternativ\u00eb:<\/strong> Aplikimi me fur\u00e7\u00eb ose rul \u00ebsht\u00eb i mundur, por duhet t\u00eb testohet m\u00eb par\u00eb n\u00eb nj\u00eb sip\u00ebrfaqe t\u00eb vog\u00ebl. Shmangni pellgjet! <\/li>\n<\/ul>\n\n\n\n<p><strong>P\u00ebrpunimi:<\/strong><\/p>\n\n\n\n<ul class=\"wp-block-list\">\n<li>Sp\u00ebrkatni t\u00eb pakt\u00ebn dy her\u00eb n\u00eb zon\u00ebn q\u00eb do t\u00eb trajtohet p\u00ebr t\u00eb arritur mbulim optimal.<\/li>\n\n\n\n<li>N\u00eb var\u00ebsi t\u00eb thithshm\u00ebris\u00eb s\u00eb substratit dhe k\u00ebrkesave, ky proces mund t\u00eb p\u00ebrs\u00ebritet pasi shtresa e par\u00eb t\u00eb jet\u00eb thar\u00eb.<\/li>\n\n\n\n<li>N\u00ebse \u00ebsht\u00eb aplikuar shum\u00eb produkt n\u00eb nj\u00eb zon\u00eb, mund t\u00eb hiqet me nj\u00eb leck\u00eb t\u00eb lagur nd\u00ebrsa \u00ebsht\u00eb ende e lagur.<\/li>\n\n\n\n<li>Mjetet e p\u00ebrdorura duhet t\u00eb pastrohen me shum\u00eb uj\u00eb pas p\u00ebrdorimit.<\/li>\n<\/ul>\n\n\n\n<p><strong>Koha e tharjes:<\/strong><\/p>\n\n\n\n<ul class=\"wp-block-list\">\n<li>L\u00ebreni produktin t\u00eb veproj\u00eb p\u00ebr t\u00eb pakt\u00ebn 30 minuta.<\/li>\n\n\n\n<li>Koha e plot\u00eb e tharjes \u00ebsht\u00eb af\u00ebrsisht 6-12 or\u00eb.<\/li>\n\n\n\n<li>Gjat\u00eb k\u00ebsaj kohe, sip\u00ebrfaqja duhet t\u00eb mbetet e that\u00eb dhe t\u00eb mos p\u00ebsoj\u00eb presion.<\/li>\n<\/ul>\n\n\n\n<p><strong>Kujdesi dhe pastrimi i sip\u00ebrfaqes s\u00eb impregnuar:<\/strong><\/p>\n\n\n\n<ul class=\"wp-block-list\">\n<li>Pastroni sip\u00ebrfaqet vet\u00ebm me uj\u00eb ose me nj\u00eb pastrues organik t\u00eb but\u00eb, p.sh. <a href=\"https:\/\/www.versiegelung24.com\/sq\/biosativa-biologjike-para-pastruese.html\">pastruesi yn\u00eb organik BIOSATIVA\u00ae &#8211; 100% natyral &#8211; 100% organik<\/a> .<\/li>\n\n\n\n<li>Agjent\u00ebt agresiv\u00eb t\u00eb pastrimit (pastrues kimik\u00eb, sfungjer\u00eb g\u00ebrryes, etj.) nuk jan\u00eb t\u00eb nevojsh\u00ebm dhe do t\u00eb d\u00ebmtonin funksionin mbrojt\u00ebs.<\/li>\n\n\n\n<li>Pastrimi dhe kujdesi i rregullt dhe i but\u00eb \u00e7on n\u00eb q\u00ebndrueshm\u00ebri m\u00eb t\u00eb gjat\u00eb dhe nj\u00eb pamje t\u00eb bukur q\u00eb zgjat shum\u00eb.<\/li>\n<\/ul>\n\n\n\n<p><strong>Magazinimi:<\/strong><\/p>\n\n\n\n<ul class=\"wp-block-list\">\n<li>Ruajeni n\u00eb nj\u00eb vend t\u00eb that\u00eb dhe pa ngrica n\u00eb 5-25\u00b0C.<\/li>\n\n\n\n<li>Afati i ruajtjes \u00ebsht\u00eb t\u00eb pakt\u00ebn 24 muaj n\u00eb en\u00ebn origjinale t\u00eb pahapur kur ruhet si\u00e7 duhet.<\/li>\n<\/ul>\n<\/div>\n<\/div>\n\n<h2 class=\"wp-block-heading\" id=\"h-galerie\">galeri<\/h2>\n\n<div class=\"wp-block-getwid-images-slider gallery-wood has-arrows-inside has-dots-inside has-images-center has-fitted-images has-fixed-height\"><div class=\"wp-block-getwid-images-slider__wrapper\" data-effect=\"slide\" data-slides-show=\"1\" data-slides-show-laptop=\"1\" data-slides-show-tablet=\"1\" data-slides-show-mobile=\"1\" data-slides-scroll=\"1\" data-autoplay=\"true\" data-pause-hover=\"true\" data-autoplay-speed=\"3000\" data-infinite=\"true\" data-animation-speed=\"800\" data-center-mode=\"false\" data-variable-width=\"false\" data-arrows=\"inside\" data-dots=\"inside\" data-spacing=\"none\"><div class=\"wp-block-getwid-images-slider__item\" style=\"height:500px\"><figure><img decoding=\"async\" width=\"1634\" height=\"1620\" src=\"https:\/\/www.versiegelung24.com\/wp-content\/uploads\/2025\/07\/Holzimpraegnierung-pfloecke.png\" data-id=\"181994\" data-link=\"https:\/\/www.versiegelung24.com\/holzversiegelung-in-profi-qualitaet-kopie.html\/attachment\/holzimpraegnierung-pfloecke\/\" data-original-link=\"https:\/\/www.versiegelung24.com\/wp-content\/uploads\/2025\/07\/Holzimpraegnierung-pfloecke.png\" class=\"wp-block-getwid-images-slider__image wp-image-181994\" srcset=\"https:\/\/www.versiegelung24.com\/wp-content\/uploads\/2025\/07\/Holzimpraegnierung-pfloecke.png 1634w, https:\/\/www.versiegelung24.com\/wp-content\/uploads\/2025\/07\/Holzimpraegnierung-pfloecke-300x297.png 300w, https:\/\/www.versiegelung24.com\/wp-content\/uploads\/2025\/07\/Holzimpraegnierung-pfloecke-1300x1289.png 1300w, https:\/\/www.versiegelung24.com\/wp-content\/uploads\/2025\/07\/Holzimpraegnierung-pfloecke-80x80.png 80w, https:\/\/www.versiegelung24.com\/wp-content\/uploads\/2025\/07\/Holzimpraegnierung-pfloecke-768x761.png 768w, https:\/\/www.versiegelung24.com\/wp-content\/uploads\/2025\/07\/Holzimpraegnierung-pfloecke-1536x1523.png 1536w, https:\/\/www.versiegelung24.com\/wp-content\/uploads\/2025\/07\/Holzimpraegnierung-pfloecke-70x70.png 70w, https:\/\/www.versiegelung24.com\/wp-content\/uploads\/2025\/07\/Holzimpraegnierung-pfloecke-600x595.png 600w, https:\/\/www.versiegelung24.com\/wp-content\/uploads\/2025\/07\/Holzimpraegnierung-pfloecke-100x100.png 100w\" sizes=\"(max-width: 1634px) 100vw, 1634px\" \/><\/figure><\/div><div class=\"wp-block-getwid-images-slider__item\" style=\"height:500px\"><figure><img decoding=\"async\" width=\"1726\" height=\"1252\" src=\"https:\/\/www.versiegelung24.com\/wp-content\/uploads\/2025\/07\/Holzimpraegnierung-bank.png\" data-id=\"182022\" data-link=\"https:\/\/www.versiegelung24.com\/holzversiegelung-in-profi-qualitaet-kopie.html\/attachment\/holzimpraegnierung-bank\/\" data-original-link=\"https:\/\/www.versiegelung24.com\/wp-content\/uploads\/2025\/07\/Holzimpraegnierung-bank.png\" class=\"wp-block-getwid-images-slider__image wp-image-182022\" srcset=\"https:\/\/www.versiegelung24.com\/wp-content\/uploads\/2025\/07\/Holzimpraegnierung-bank.png 1726w, https:\/\/www.versiegelung24.com\/wp-content\/uploads\/2025\/07\/Holzimpraegnierung-bank-300x218.png 300w, https:\/\/www.versiegelung24.com\/wp-content\/uploads\/2025\/07\/Holzimpraegnierung-bank-1300x943.png 1300w, https:\/\/www.versiegelung24.com\/wp-content\/uploads\/2025\/07\/Holzimpraegnierung-bank-768x557.png 768w, https:\/\/www.versiegelung24.com\/wp-content\/uploads\/2025\/07\/Holzimpraegnierung-bank-1536x1114.png 1536w, https:\/\/www.versiegelung24.com\/wp-content\/uploads\/2025\/07\/Holzimpraegnierung-bank-600x435.png 600w\" sizes=\"(max-width: 1726px) 100vw, 1726px\" \/><\/figure><\/div><div class=\"wp-block-getwid-images-slider__item\" style=\"height:500px\"><figure><img loading=\"lazy\" decoding=\"async\" width=\"1982\" height=\"1274\" src=\"https:\/\/www.versiegelung24.com\/wp-content\/uploads\/2025\/07\/Holzimpraegnierung-eigenschaften.png\" data-id=\"182050\" data-link=\"https:\/\/www.versiegelung24.com\/holzversiegelung-in-profi-qualitaet-kopie.html\/attachment\/holzimpraegnierung-eigenschaften\/\" data-original-link=\"https:\/\/www.versiegelung24.com\/wp-content\/uploads\/2025\/07\/Holzimpraegnierung-eigenschaften.png\" class=\"wp-block-getwid-images-slider__image wp-image-182050\" srcset=\"https:\/\/www.versiegelung24.com\/wp-content\/uploads\/2025\/07\/Holzimpraegnierung-eigenschaften.png 1982w, https:\/\/www.versiegelung24.com\/wp-content\/uploads\/2025\/07\/Holzimpraegnierung-eigenschaften-300x193.png 300w, https:\/\/www.versiegelung24.com\/wp-content\/uploads\/2025\/07\/Holzimpraegnierung-eigenschaften-1300x836.png 1300w, https:\/\/www.versiegelung24.com\/wp-content\/uploads\/2025\/07\/Holzimpraegnierung-eigenschaften-768x494.png 768w, https:\/\/www.versiegelung24.com\/wp-content\/uploads\/2025\/07\/Holzimpraegnierung-eigenschaften-1536x987.png 1536w, https:\/\/www.versiegelung24.com\/wp-content\/uploads\/2025\/07\/Holzimpraegnierung-eigenschaften-600x386.png 600w\" sizes=\"(max-width: 1982px) 100vw, 1982px\" \/><\/figure><\/div><\/div><\/div>\n\n<p><\/p>\n","protected":false},"excerpt":{"rendered":"<p><strong>Izolues shum\u00eb efektiv p\u00ebr sip\u00ebrfaqet prej druri p\u00ebr p\u00ebrdorim t\u00eb brendsh\u00ebm dhe t\u00eb jasht\u00ebm<\/strong><\/p>\n<p>\u2713 Ngjyr\u00eb e q\u00ebndrueshme dhe mbrojtje kund\u00ebr thinjave<\/p>\n<p>\u2713 Mbrojt\u00ebs nga uji dhe papast\u00ebrtit\u00eb<\/p>\n<p>\u2713 Abetare dhe mbrojtje n\u00eb nj\u00eb hap t\u00eb vet\u00ebm<\/p>\n<p>\u2713 PFAS, PFOA dhe pa PFOS<\/p>\n<p>&nbsp;<\/p>\n","protected":false},"featured_media":183255,"template":"","meta":{"_acf_changed":false,"neve_meta_sidebar":"","neve_meta_container":"","neve_meta_enable_content_width":"","neve_meta_content_width":0,"neve_meta_title_alignment":"","neve_meta_author_avatar":"","neve_post_elements_order":"","neve_meta_disable_header":"","neve_meta_disable_footer":"","neve_meta_disable_title":"","neve_meta_reading_time":"","_surfaces":[],"_ver_product_tabs":null,"footnotes":""},"product_brand":[],"product_cat":[2396],"product_tag":[],"class_list":{"0":"post-181890","1":"product","2":"type-product","3":"status-publish","4":"has-post-thumbnail","6":"product_cat-nenshkrimi-i-drurit","7":"pa_gebinde-shishe-5-ml","8":"pa_gebinde-shishe-llak-pompe-125ml","9":"pa_gebinde-shishe-mbushese-1000-ml","10":"pa_gebinde-kuti-20l","11":"pa_gebinde-kuti-10l","12":"pa_gebinde-set-veprimi-me-shishe-100ml","13":"pa_gebinde-shishe-50-ml","14":"pa_gebinde-set-veprimi-me-shishe-50-ml","15":"pa_gebinde-shishe-100-ml","16":"pa_gebinde-shishe-150-ml","17":"pa_gebinde-shishe-500-ml","18":"pa_gebinde-shishe-200-ml","19":"pa_gebinde-shishe-1000-ml","20":"pa_gebinde-kuti-5l","21":"pa_gebinde-shishe-10-ml","23":"first","24":"instock","25":"taxable","26":"shipping-taxable","27":"purchasable","28":"product-type-variable","29":"has-default-attributes"},"acf":[],"yoast_head":"<!-- This site is optimized with the Yoast SEO Premium plugin v22.8 (Yoast SEO v27.5) - https:\/\/yoast.com\/product\/yoast-seo-premium-wordpress\/ -->\n<title>Impregnim druri \u2013 mbrojtje natyrale e drurit me baz\u00eb silani - versiegelung24.com<\/title>\n<meta name=\"robots\" content=\"index, follow, max-snippet:-1, max-image-preview:large, max-video-preview:-1\" \/>\n<link rel=\"canonical\" href=\"https:\/\/www.versiegelung24.com\/sq\/holzimpragnierung-silanbasis.html\" \/>\n<meta property=\"og:locale\" content=\"sq_AL\" \/>\n<meta property=\"og:type\" content=\"article\" \/>\n<meta property=\"og:title\" content=\"Impregnim druri \u2013 mbrojtje natyrale e drurit me baz\u00eb silani\" \/>\n<meta property=\"og:description\" content=\"Izolues shum\u00eb efektiv p\u00ebr sip\u00ebrfaqet prej druri p\u00ebr p\u00ebrdorim t\u00eb brendsh\u00ebm dhe t\u00eb jasht\u00ebm \u2713 Ngjyr\u00eb e q\u00ebndrueshme dhe mbrojtje kund\u00ebr thinjave \u2713 Mbrojt\u00ebs nga uji dhe papast\u00ebrtit\u00eb \u2713 Abetare dhe mbrojtje n\u00eb nj\u00eb hap t\u00eb vet\u00ebm \u2713 PFAS, PFOA dhe pa PFOS &nbsp;\" \/>\n<meta property=\"og:url\" content=\"https:\/\/www.versiegelung24.com\/sq\/holzimpragnierung-silanbasis.html\" \/>\n<meta property=\"og:site_name\" content=\"versiegelung24.com\" \/>\n<meta property=\"article:modified_time\" content=\"2025-09-05T11:19:19+00:00\" \/>\n<meta property=\"og:image\" content=\"https:\/\/www.versiegelung24.com\/wp-content\/uploads\/2025\/07\/V24-Holzimpraegnierung-4008-693.jpg\" \/>\n\t<meta property=\"og:image:width\" content=\"2560\" \/>\n\t<meta property=\"og:image:height\" content=\"2560\" \/>\n\t<meta property=\"og:image:type\" content=\"image\/jpeg\" \/>\n<meta name=\"twitter:card\" content=\"summary_large_image\" \/>\n<meta name=\"twitter:label1\" content=\"Availability\" \/>\n\t<meta name=\"twitter:data1\" content=\"In stock\" \/>\n<script type=\"application\/ld+json\" class=\"yoast-schema-graph\">{\"@context\":\"https:\\\/\\\/schema.org\",\"@graph\":[{\"@type\":\"WebPage\",\"@id\":\"https:\\\/\\\/www.versiegelung24.com\\\/sq\\\/holzimpragnierung-silanbasis.html\",\"url\":\"https:\\\/\\\/www.versiegelung24.com\\\/sq\\\/holzimpragnierung-silanbasis.html\",\"name\":\"Impregnim druri \u2013 mbrojtje natyrale e drurit me baz\u00eb silani - versiegelung24.com\",\"isPartOf\":{\"@id\":\"https:\\\/\\\/www.versiegelung24.com\\\/sq\\\/#website\"},\"primaryImageOfPage\":{\"@id\":\"https:\\\/\\\/www.versiegelung24.com\\\/sq\\\/holzimpragnierung-silanbasis.html#primaryimage\"},\"image\":{\"@id\":\"https:\\\/\\\/www.versiegelung24.com\\\/sq\\\/holzimpragnierung-silanbasis.html#primaryimage\"},\"thumbnailUrl\":\"https:\\\/\\\/www.versiegelung24.com\\\/wp-content\\\/uploads\\\/2025\\\/07\\\/V24-Holzimpraegnierung-4008-693.jpg\",\"datePublished\":\"2025-07-31T10:51:18+00:00\",\"dateModified\":\"2025-09-05T11:19:19+00:00\",\"breadcrumb\":{\"@id\":\"https:\\\/\\\/www.versiegelung24.com\\\/sq\\\/holzimpragnierung-silanbasis.html#breadcrumb\"},\"inLanguage\":\"sq-AL\",\"potentialAction\":[{\"@type\":\"ReadAction\",\"target\":[\"https:\\\/\\\/www.versiegelung24.com\\\/sq\\\/holzimpragnierung-silanbasis.html\"]}]},{\"@type\":\"ImageObject\",\"inLanguage\":\"sq-AL\",\"@id\":\"https:\\\/\\\/www.versiegelung24.com\\\/sq\\\/holzimpragnierung-silanbasis.html#primaryimage\",\"url\":\"https:\\\/\\\/www.versiegelung24.com\\\/wp-content\\\/uploads\\\/2025\\\/07\\\/V24-Holzimpraegnierung-4008-693.jpg\",\"contentUrl\":\"https:\\\/\\\/www.versiegelung24.com\\\/wp-content\\\/uploads\\\/2025\\\/07\\\/V24-Holzimpraegnierung-4008-693.jpg\",\"width\":2560,\"height\":2560},{\"@type\":\"BreadcrumbList\",\"@id\":\"https:\\\/\\\/www.versiegelung24.com\\\/sq\\\/holzimpragnierung-silanbasis.html#breadcrumb\",\"itemListElement\":[{\"@type\":\"ListItem\",\"position\":1,\"name\":\"Faqja kryesore\",\"item\":\"https:\\\/\\\/www.versiegelung24.com\\\/sq\\\/perpara\\\/\"},{\"@type\":\"ListItem\",\"position\":2,\"name\":\"Dyqan\",\"item\":\"https:\\\/\\\/www.versiegelung24.com\\\/sq\\\/dyqan\\\/\"},{\"@type\":\"ListItem\",\"position\":3,\"name\":\"Impregnim druri \u2013 mbrojtje natyrale e drurit me baz\u00eb silani\"}]},{\"@type\":\"WebSite\",\"@id\":\"https:\\\/\\\/www.versiegelung24.com\\\/sq\\\/#website\",\"url\":\"https:\\\/\\\/www.versiegelung24.com\\\/sq\\\/\",\"name\":\"versiegelung24.com\",\"description\":\"Fl\u00fcssigglas-Versiegelung - Made in Germany\",\"publisher\":{\"@id\":\"https:\\\/\\\/www.versiegelung24.com\\\/sq\\\/#organization\"},\"potentialAction\":[{\"@type\":\"SearchAction\",\"target\":{\"@type\":\"EntryPoint\",\"urlTemplate\":\"https:\\\/\\\/www.versiegelung24.com\\\/sq\\\/?s={search_term_string}\"},\"query-input\":{\"@type\":\"PropertyValueSpecification\",\"valueRequired\":true,\"valueName\":\"search_term_string\"}}],\"inLanguage\":\"sq-AL\"},{\"@type\":\"Organization\",\"@id\":\"https:\\\/\\\/www.versiegelung24.com\\\/sq\\\/#organization\",\"name\":\"versiegelung24\",\"url\":\"https:\\\/\\\/www.versiegelung24.com\\\/sq\\\/\",\"logo\":{\"@type\":\"ImageObject\",\"inLanguage\":\"sq-AL\",\"@id\":\"https:\\\/\\\/www.versiegelung24.com\\\/sq\\\/#\\\/schema\\\/logo\\\/image\\\/\",\"url\":\"https:\\\/\\\/www.versiegelung24.com\\\/wp-content\\\/uploads\\\/2020\\\/04\\\/versiegelung24.png\",\"contentUrl\":\"https:\\\/\\\/www.versiegelung24.com\\\/wp-content\\\/uploads\\\/2020\\\/04\\\/versiegelung24.png\",\"width\":470,\"height\":102,\"caption\":\"versiegelung24\"},\"image\":{\"@id\":\"https:\\\/\\\/www.versiegelung24.com\\\/sq\\\/#\\\/schema\\\/logo\\\/image\\\/\"}}]}<\/script>\n<meta property=\"og:availability\" content=\"instock\" \/>\n<meta property=\"product:availability\" content=\"instock\" \/>\n<meta property=\"product:retailer_item_id\" content=\"4008-693\" \/>\n<meta property=\"product:condition\" content=\"new\" \/>\n<!-- \/ Yoast SEO Premium plugin. -->","yoast_head_json":{"title":"Impregnim druri \u2013 mbrojtje natyrale e drurit me baz\u00eb silani - versiegelung24.com","robots":{"index":"index","follow":"follow","max-snippet":"max-snippet:-1","max-image-preview":"max-image-preview:large","max-video-preview":"max-video-preview:-1"},"canonical":"https:\/\/www.versiegelung24.com\/sq\/holzimpragnierung-silanbasis.html","og_locale":"sq_AL","og_type":"article","og_title":"Impregnim druri \u2013 mbrojtje natyrale e drurit me baz\u00eb silani","og_description":"Izolues shum\u00eb efektiv p\u00ebr sip\u00ebrfaqet prej druri p\u00ebr p\u00ebrdorim t\u00eb brendsh\u00ebm dhe t\u00eb jasht\u00ebm \u2713 Ngjyr\u00eb e q\u00ebndrueshme dhe mbrojtje kund\u00ebr thinjave \u2713 Mbrojt\u00ebs nga uji dhe papast\u00ebrtit\u00eb \u2713 Abetare dhe mbrojtje n\u00eb nj\u00eb hap t\u00eb vet\u00ebm \u2713 PFAS, PFOA dhe pa PFOS &nbsp;","og_url":"https:\/\/www.versiegelung24.com\/sq\/holzimpragnierung-silanbasis.html","og_site_name":"versiegelung24.com","article_modified_time":"2025-09-05T11:19:19+00:00","og_image":[{"width":2560,"height":2560,"url":"https:\/\/www.versiegelung24.com\/wp-content\/uploads\/2025\/07\/V24-Holzimpraegnierung-4008-693.jpg","type":"image\/jpeg"}],"twitter_card":"summary_large_image","twitter_misc":{"Availability":"In stock"},"schema":{"@context":"https:\/\/schema.org","@graph":[{"@type":"WebPage","@id":"https:\/\/www.versiegelung24.com\/sq\/holzimpragnierung-silanbasis.html","url":"https:\/\/www.versiegelung24.com\/sq\/holzimpragnierung-silanbasis.html","name":"Impregnim druri \u2013 mbrojtje natyrale e drurit me baz\u00eb silani - versiegelung24.com","isPartOf":{"@id":"https:\/\/www.versiegelung24.com\/sq\/#website"},"primaryImageOfPage":{"@id":"https:\/\/www.versiegelung24.com\/sq\/holzimpragnierung-silanbasis.html#primaryimage"},"image":{"@id":"https:\/\/www.versiegelung24.com\/sq\/holzimpragnierung-silanbasis.html#primaryimage"},"thumbnailUrl":"https:\/\/www.versiegelung24.com\/wp-content\/uploads\/2025\/07\/V24-Holzimpraegnierung-4008-693.jpg","datePublished":"2025-07-31T10:51:18+00:00","dateModified":"2025-09-05T11:19:19+00:00","breadcrumb":{"@id":"https:\/\/www.versiegelung24.com\/sq\/holzimpragnierung-silanbasis.html#breadcrumb"},"inLanguage":"sq-AL","potentialAction":[{"@type":"ReadAction","target":["https:\/\/www.versiegelung24.com\/sq\/holzimpragnierung-silanbasis.html"]}]},{"@type":"ImageObject","inLanguage":"sq-AL","@id":"https:\/\/www.versiegelung24.com\/sq\/holzimpragnierung-silanbasis.html#primaryimage","url":"https:\/\/www.versiegelung24.com\/wp-content\/uploads\/2025\/07\/V24-Holzimpraegnierung-4008-693.jpg","contentUrl":"https:\/\/www.versiegelung24.com\/wp-content\/uploads\/2025\/07\/V24-Holzimpraegnierung-4008-693.jpg","width":2560,"height":2560},{"@type":"BreadcrumbList","@id":"https:\/\/www.versiegelung24.com\/sq\/holzimpragnierung-silanbasis.html#breadcrumb","itemListElement":[{"@type":"ListItem","position":1,"name":"Faqja kryesore","item":"https:\/\/www.versiegelung24.com\/sq\/perpara\/"},{"@type":"ListItem","position":2,"name":"Dyqan","item":"https:\/\/www.versiegelung24.com\/sq\/dyqan\/"},{"@type":"ListItem","position":3,"name":"Impregnim druri \u2013 mbrojtje natyrale e drurit me baz\u00eb silani"}]},{"@type":"WebSite","@id":"https:\/\/www.versiegelung24.com\/sq\/#website","url":"https:\/\/www.versiegelung24.com\/sq\/","name":"versiegelung24.com","description":"Fl\u00fcssigglas-Versiegelung - Made in Germany","publisher":{"@id":"https:\/\/www.versiegelung24.com\/sq\/#organization"},"potentialAction":[{"@type":"SearchAction","target":{"@type":"EntryPoint","urlTemplate":"https:\/\/www.versiegelung24.com\/sq\/?s={search_term_string}"},"query-input":{"@type":"PropertyValueSpecification","valueRequired":true,"valueName":"search_term_string"}}],"inLanguage":"sq-AL"},{"@type":"Organization","@id":"https:\/\/www.versiegelung24.com\/sq\/#organization","name":"versiegelung24","url":"https:\/\/www.versiegelung24.com\/sq\/","logo":{"@type":"ImageObject","inLanguage":"sq-AL","@id":"https:\/\/www.versiegelung24.com\/sq\/#\/schema\/logo\/image\/","url":"https:\/\/www.versiegelung24.com\/wp-content\/uploads\/2020\/04\/versiegelung24.png","contentUrl":"https:\/\/www.versiegelung24.com\/wp-content\/uploads\/2020\/04\/versiegelung24.png","width":470,"height":102,"caption":"versiegelung24"},"image":{"@id":"https:\/\/www.versiegelung24.com\/sq\/#\/schema\/logo\/image\/"}}]},"og_availability":"instock","product_availability":"instock","product_retailer_item_id":"4008-693","product_condition":"new"},"_links":{"self":[{"href":"https:\/\/www.versiegelung24.com\/sq\/wp-json\/wp\/v2\/product\/181890","targetHints":{"allow":["GET"]}}],"collection":[{"href":"https:\/\/www.versiegelung24.com\/sq\/wp-json\/wp\/v2\/product"}],"about":[{"href":"https:\/\/www.versiegelung24.com\/sq\/wp-json\/wp\/v2\/types\/product"}],"version-history":[{"count":4,"href":"https:\/\/www.versiegelung24.com\/sq\/wp-json\/wp\/v2\/product\/181890\/revisions"}],"predecessor-version":[{"id":182843,"href":"https:\/\/www.versiegelung24.com\/sq\/wp-json\/wp\/v2\/product\/181890\/revisions\/182843"}],"wp:featuredmedia":[{"embeddable":true,"href":"https:\/\/www.versiegelung24.com\/sq\/wp-json\/wp\/v2\/media\/183255"}],"wp:attachment":[{"href":"https:\/\/www.versiegelung24.com\/sq\/wp-json\/wp\/v2\/media?parent=181890"}],"wp:term":[{"taxonomy":"product_brand","embeddable":true,"href":"https:\/\/www.versiegelung24.com\/sq\/wp-json\/wp\/v2\/product_brand?post=181890"},{"taxonomy":"product_cat","embeddable":true,"href":"https:\/\/www.versiegelung24.com\/sq\/wp-json\/wp\/v2\/product_cat?post=181890"},{"taxonomy":"product_tag","embeddable":true,"href":"https:\/\/www.versiegelung24.com\/sq\/wp-json\/wp\/v2\/product_tag?post=181890"}],"curies":[{"name":"wp","href":"https:\/\/api.w.org\/{rel}","templated":true}]}}