{"id":183023,"date":"2025-08-28T14:07:51","date_gmt":"2025-08-28T12:07:51","guid":{"rendered":"https:\/\/www.versiegelung24.com\/?post_type=product&#038;p=183023"},"modified":"2025-09-08T16:04:19","modified_gmt":"2025-09-08T14:04:19","slug":"permanent-protector-646","status":"publish","type":"product","link":"https:\/\/www.versiegelung24.com\/sq\/permanent-protector-646.html","title":{"rendered":"Mbrojtje e P\u00ebrhershme 646 5M"},"content":{"rendered":"\n<p>Permanent Protect 646 Ultra Thin \u00ebsht\u00eb nj\u00eb ngjit\u00ebs qeramik me cil\u00ebsi t\u00eb lart\u00eb p\u00ebr veshjen e p\u00ebrhershme t\u00eb sip\u00ebrfaqeve t\u00eb l\u00ebmuara si metali, qelqi, plastika ose materialet e lyera. Shtresa mbrojt\u00ebse ultra e holl\u00eb dhe transparente ofron rezistenc\u00eb t\u00eb jasht\u00ebzakonshme ndaj papast\u00ebrtis\u00eb, kimikateve, rrezatimit UV dhe ndikimeve mekanike. Fal\u00eb vetive t\u00eb saj hidrofobike dhe oleofobike, ngjit\u00ebsi ofron nj\u00eb p\u00ebrfundim afatgjat\u00eb dhe t\u00eb leht\u00eb p\u00ebr t\u2019u pastruar.  <\/p>\n\n<p>Ideale p\u00ebr aplikime n\u00eb sektor\u00ebt e automobilave dhe detar\u00ebve, si nj\u00eb shtres\u00eb anti-grafiti ose p\u00ebr rafinimin e sip\u00ebrfaqeve t\u00eb lyera me cil\u00ebsi t\u00eb lart\u00eb &#8211; Permanent Protect 646 Ultra Thin vendos standarde t\u00eb reja n\u00eb mbrojtjen e sip\u00ebrfaqeve dhe q\u00ebndrueshm\u00ebrin\u00eb.<\/p>\n\n<hr class=\"wp-block-separator has-text-color has-css-opacity has-background is-style-wide\" style=\"background-color:#e1e1e1;color:#e1e1e1\"\/>\n\n<h2 class=\"wp-block-heading\" id=\"properties\">Karakteristikat e produktit<\/h2>\n\n<div class=\"wp-block-columns is-layout-flex wp-container-core-columns-is-layout-9d6595d7 wp-block-columns-is-layout-flex\">\n<div class=\"wp-block-column is-layout-flow wp-block-column-is-layout-flow\">\n<ul id=\"block-5ec6b591-a82a-45bd-aa1b-599082db3ae8\" class=\"wp-block-list\">\n<li><strong>Efekt i theksuar hidrofobik dhe oleofobik<\/strong> &#8211; rezistent ndaj ujit dhe vajit<\/li>\n\n\n\n<li><strong>Efekt i leht\u00eb p\u00ebr t\u2019u pastruar<\/strong> &#8211; papast\u00ebrtia mund t\u00eb hiqet leht\u00ebsisht<\/li>\n\n\n\n<li><strong>Rezistenc\u00eb e lart\u00eb ndaj g\u00ebrryerjes<\/strong> \u2013 lidhje kimike e p\u00ebrhershme me substratin<\/li>\n\n\n\n<li><strong>Rezistent ndaj temperatur\u00ebs dhe rrezeve UV<\/strong> &#8211; i p\u00ebrshtatsh\u00ebm p\u00ebr aplikime n\u00eb natyr\u00eb<\/li>\n\n\n\n<li><strong>I frym\u00ebmarrsh\u00ebm<\/strong> &#8211; i p\u00ebrshkuesh\u00ebm nga difuzioni<\/li>\n\n\n\n<li><strong>Q\u00ebndrueshm\u00ebri<\/strong> &#8211; 2-5 vjet jasht\u00eb, duksh\u00ebm m\u00eb gjat\u00eb p\u00ebr p\u00ebrdorim t\u00eb brendsh\u00ebm  <\/li>\n\n\n\n<li><strong>Konsumi<\/strong> &#8211; 5-10ml\/m\u00b2 (=&gt; deri n\u00eb 200 m\u00b2 p\u00ebr lit\u00ebr)<\/li>\n\n\n\n<li><strong>Rezistent ndaj shum\u00eb pastruesve t\u00eb zakonsh\u00ebm sht\u00ebpiak\u00eb<\/strong> (p\u00ebrve\u00e7 alkaleve t\u00eb p\u00ebrqendruara)<\/li>\n\n\n\n<li><strong>Me baz\u00eb tret\u00ebsi<\/strong> (rreth 60% p\u00ebrb\u00ebr\u00ebs aktiv)<\/li>\n<\/ul>\n<\/div>\n\n\n\n<div class=\"wp-block-column is-layout-flow wp-block-column-is-layout-flow\">\n<ul id=\"block-6091e271-3752-4132-9f5b-206019bd2d6b\" class=\"wp-block-list\">\n<li><strong>Veti shum\u00eb t\u00eb mira anti-grafite<\/strong> n\u00eb sip\u00ebrfaqe jo-poroze<\/li>\n\n\n\n<li><strong>Struktur\u00eb shtresore qeramike<\/strong> \u2013 rezistente ndaj nxeht\u00ebsis\u00eb deri n\u00eb 600 \u00b0C (integriteti i filmit), 300 \u00b0C pa ndryshuar ngjyr\u00ebn<\/li>\n\n\n\n<li><strong>Trash\u00ebsia e shtres\u00ebs s\u00eb holl\u00eb<\/strong> : af\u00ebrsisht 0.5\u20132 \u03bcm<\/li>\n\n\n\n<li><strong>P\u00ebrmban VOC<\/strong> (butil propionat)<\/li>\n\n\n\n<li><strong>Efekti biostatik<\/strong> &#8211; pengon rritjen e mikroorganizmave  <\/li>\n\n\n\n<li><strong>Ngjyra<\/strong> &#8211; Pa ngjyr\u00eb deri pak e verdh\u00eb<\/li>\n\n\n\n<li><strong>Njoftim p\u00ebr PFAS<\/strong> &#8211; Pa PFOA dhe PFOS. P\u00ebrmbajtja e fluorit \u00ebsht\u00eb n\u00ebn kufijt\u00eb ligjor\u00eb sipas Rregullores s\u00eb BE-s\u00eb 2024\/2462. Aditiv\u00ebt e fluorizuar t\u00eb p\u00ebrdorur sh\u00ebrbejn\u00eb ekskluzivisht p\u00ebr t\u00eb optimizuar largimin e papast\u00ebrtive.  <\/li>\n<\/ul>\n<\/div>\n<\/div>\n\n<hr class=\"wp-block-separator has-text-color has-background is-style-wide\" style=\"background-color:#e1e1e1;color:#e1e1e1\"\/>\n\n<h2 class=\"wp-block-heading\" id=\"application\">Fushat e aplikimit<\/h2>\n\n<div class=\"wp-block-columns is-layout-flex wp-container-core-columns-is-layout-9d6595d7 wp-block-columns-is-layout-flex\">\n<div class=\"wp-block-column is-layout-flow wp-block-column-is-layout-flow\">\n<ul id=\"block-6091e271-3752-4132-9f5b-206019bd2d6b\" class=\"wp-block-list\">\n<li>Veshje sip\u00ebrfaq\u00ebsore e automjetit (p.sh. karroceria, disqet)<\/li>\n\n\n\n<li>Veshje t\u00eb lehta p\u00ebr t&#8217;u pastruar p\u00ebr hap\u00ebsira t\u00eb brendshme dhe t\u00eb jashtme<\/li>\n\n\n\n<li>Shtresa mbrojt\u00ebse t\u00eb q\u00ebndrueshme n\u00eb sektorin detar<\/li>\n<\/ul>\n<\/div>\n\n\n\n<div class=\"wp-block-column is-layout-flow wp-block-column-is-layout-flow\">\n<ul class=\"wp-block-list\">\n<li>Mbarimi i llaqeve p\u00ebr jahte dhe anije<\/li>\n\n\n\n<li>Trajtime pas lyerjes p\u00ebr automobila (vulosje qeramike)<\/li>\n\n\n\n<li>Veshje anti-grafite n\u00eb sip\u00ebrfaqe jo-poroze<\/li>\n<\/ul>\n<\/div>\n<\/div>\n\n<h2 class=\"wp-block-heading\" id=\"h-anwendung\">Aplikacion<\/h2>\n\n<p><strong>N\u00eb p\u00ebrgjith\u00ebsi  <\/strong><\/p>\n\n<ol class=\"wp-block-list\">\n<li><a href=\"https:\/\/www.versiegelung24.com\/sq\/biosativa-biologjike-para-pastruese.html\">Pastroni<\/a> dhe hiqni yndyr\u00ebn plot\u00ebsisht nga sip\u00ebrfaqja (p.sh. me <a href=\"https:\/\/www.versiegelung24.com\/sq\/bioetanol-100-me-pasterti-te-larte-per-parapastrim-profesional-kopie.html\">izopropanol<\/a> , acetat etilik ose alkool t\u00eb bardh\u00eb). <\/li>\n\n\n\n<li>Sip\u00ebrfaqja duhet t\u00eb jet\u00eb plot\u00ebsisht e that\u00eb dhe pa yndyr\u00eb.<\/li>\n\n\n\n<li>Temperatura e p\u00ebrpunimit: 15\u201330 \u00b0C, lag\u00ebshtia relative: 50\u201380%. <\/li>\n\n\n\n<li>Shmangni rrezet e diellit direkte.<\/li>\n<\/ol>\n\n<p><strong>Aplikimi me an\u00eb t\u00eb fshirjes  <\/strong><\/p>\n\n<ol class=\"wp-block-list\">\n<li>Aplikoni disa pika (5\u201310\/ml m\u00b2) n\u00eb nj\u00eb leck\u00eb mikrofibre.<\/li>\n\n\n\n<li>Aplikoni n\u00eb m\u00ebnyr\u00eb t\u00eb barabart\u00eb me presion t\u00eb leht\u00eb n\u00eb l\u00ebvizje lineare.<\/li>\n\n\n\n<li>Lustrojeni me nj\u00eb leck\u00eb t\u00eb but\u00eb pas maksimumi 30 minutash. <\/li>\n\n\n\n<li>P\u00ebrs\u00ebriteni procesin n\u00ebse \u00ebsht\u00eb e nevojshme.<\/li>\n<\/ol>\n\n<p><strong>Aplikimi me sp\u00ebrkatje  <\/strong><\/p>\n\n<ol class=\"wp-block-list\">\n<li>Madh\u00ebsia e gryk\u00ebs: 0.8\u20131.0 mm \/ Presioni: 0.6\u20131.0 bar \/ Distanca: af\u00ebrsisht 20 cm<\/li>\n\n\n\n<li>Trash\u00ebsia e shtres\u00ebs (e that\u00eb): 2.5\u201325 \u03bcm (n\u00eb var\u00ebsi t\u00eb pasazheve)<\/li>\n\n\n\n<li>Alternativ\u00eb: Zile rrotulluese (30,000 rpm, 2 bar, 0.2\u20130.4 m\/s, 50\u2013150 ml\/min)  <\/li>\n<\/ol>\n\n<h2 class=\"wp-block-heading\" id=\"h-reinigung-amp-pflege\">Pastrim dhe Kujdes<\/h2>\n\n<p>P\u00ebr t\u00eb pastruar sip\u00ebrfaqen, mjafton nj\u00eb pastrues i but\u00eb, si\u00e7 \u00ebsht\u00eb pastruesi yn\u00eb <a href=\"https:\/\/www.versiegelung24.com\/sq\/biosativa-biologjike-para-pastruese.html\">V24 Biosativa\u00ae<\/a> . Agjent\u00ebt agresiv\u00eb t\u00eb pastrimit nuk jan\u00eb as t\u00eb nevojsh\u00ebm dhe as t\u00eb rekomanduar. <\/p>\n\n<hr class=\"wp-block-separator has-text-color has-css-opacity has-background is-style-wide\" style=\"background-color:#e1e1e1;color:#e1e1e1\"\/>\n\n<h2 class=\"wp-block-heading\" id=\"h-produktsicherheit-amp-lagerung\">Siguria dhe ruajtja e produktit<\/h2>\n\n<p>Informacion mbi klasifikimin e produktit sipas Ordinanc\u00ebs p\u00ebr Substancat e Rrezikshme, t\u00eb dh\u00ebnat e siguris\u00eb, si dhe t\u00eb dh\u00ebnat mbi toksikologjin\u00eb dhe ruajtjen, mund t\u00eb gjenden n\u00eb flet\u00ebn ton\u00eb t\u00eb t\u00eb dh\u00ebnave t\u00eb siguris\u00eb <a href=\"https:\/\/www.versiegelung24.com\/sq\/kontaktoni\/\">, n\u00ebse k\u00ebrkohet<\/a> .<\/p>\n\n<ul class=\"wp-block-list\">\n<li>Permanent Protect 646 nuk duhet t\u00eb bjer\u00eb n\u00eb kontakt me lag\u00ebshtin\u00eb.<\/li>\n\n\n\n<li>Temperatura e ruajtjes s\u00eb materialit: +5\u00b0C deri +20\u00b0C.<\/li>\n\n\n\n<li>Pajisje mbrojt\u00ebse personale: doreza, syze sigurie, veshje t\u00eb p\u00ebrshtatshme mbrojt\u00ebse<\/li>\n\n\n\n<li>Ndihma e shpejt\u00eb: N\u00eb rast kontakti me syt\u00eb ose l\u00ebkur\u00ebn, shp\u00eblajini menj\u00ebher\u00eb me uj\u00eb t\u00eb bollsh\u00ebm dhe konsultohuni me nj\u00eb mjek.<\/li>\n\n\n\n<li>Ruajtja: N\u00eb vend t\u00eb fresk\u00ebt, t\u00eb that\u00eb dhe t\u00eb ajrosur mir\u00eb. Hapeni en\u00ebn \u00e7do muaj p\u00ebr t\u00eb ajrosur dhe p\u00ebr t\u00eb liruar presionin. <\/li>\n\n\n\n<li>Rekomandohet pastrim paraprak me azot gjat\u00eb transferimit.<\/li>\n<\/ul>\n\n<p><strong>Permanent Protect 646<\/strong> ka nj\u00eb afat ruajtjeje prej 12 muajsh kur ruhet i pahapur n\u00eb en\u00ebt origjinale t\u00eb mbyllura.<\/p>\n\n<hr class=\"wp-block-separator has-text-color has-css-opacity has-background is-style-wide\" style=\"background-color:#e1e1e1;color:#e1e1e1\"\/>\n\n<h2 class=\"wp-block-heading\">Testi i motit<\/h2>\n\n<figure class=\"wp-block-table aligncenter\"><table class=\"has-fixed-layout\"><thead><tr><th class=\"has-text-align-left\" data-align=\"left\">\u00a0<\/th><th class=\"has-text-align-left\" data-align=\"left\">Testi i sp\u00ebrkatjes me krip\u00eb NSS<\/th><th>Atmosfera e kondensimit,<br\/> lag\u00ebshti konstante<\/th><th>Moti artificial<br\/> me hark ksenoni<\/th><\/tr><\/thead><tbody><tr><td class=\"has-text-align-left\" data-align=\"left\">DIN<\/td><td class=\"has-text-align-left\" data-align=\"left\">EN ISO 9227<\/td><td>EN ISO 6270-2<\/td><td>EN ISO 16474-2<\/td><\/tr><tr><td class=\"has-text-align-left\" data-align=\"left\">\u00a0<\/td><td class=\"has-text-align-left\" data-align=\"left\" colspan=\"3\"><strong>Test me sp\u00ebrkatje kripe \u00e7elik inox 2.5 \u03bcm, i veshur<\/strong><\/td><\/tr><tr><td class=\"has-text-align-left\" data-align=\"left\">Koh\u00ebzgjatja<\/td><td class=\"has-text-align-left\" data-align=\"left\">1,500 or\u00eb<\/td><td>1,400 or\u00eb<\/td><td>1,400 or\u00eb<\/td><\/tr><tr><td class=\"has-text-align-left\" data-align=\"left\">Rezultati<\/td><td class=\"has-text-align-left\" data-align=\"left\">Flluska: jo<br\/> Ndryshk: jo<br\/> Korrozioni n\u00eb shkrues&lt; 0.5 mm<\/td><td>Flluska: jo<br\/> Ndryshk: jo<\/td><td>Humbja e shk\u00eblqimit: 5%<br\/> Plasaritje: jo<br\/> Diferenca e ngjyr\u00ebs \u0394E* = 0.40<\/td><\/tr><tr><td class=\"has-text-align-left\" data-align=\"left\">\u00a0<\/td><td class=\"has-text-align-left\" data-align=\"left\" colspan=\"3\"><strong>Testi i sp\u00ebrkatjes me krip\u00eb alumini 2.5 \u03bcm, i veshur<\/strong><\/td><\/tr><tr><td class=\"has-text-align-left\" data-align=\"left\">Koh\u00ebzgjatja<\/td><td class=\"has-text-align-left\" data-align=\"left\">1,500 or\u00eb<\/td><td>1,400 or\u00eb<\/td><td>1,400 or\u00eb<\/td><\/tr><tr><td class=\"has-text-align-left\" data-align=\"left\">Rezultati<\/td><td class=\"has-text-align-left\" data-align=\"left\">Flluska: jo<br\/> Ndryshk: jo<br\/> Korrozioni n\u00eb shkrues&lt; 0.5 mm<\/td><td>Flluska: jo<br\/> Ndryshk: jo<\/td><td>Humbja e shk\u00eblqimit: 5%<br\/> Plasaritje: jo<br\/> Diferenca e ngjyr\u00ebs \u0394E* = 0.17<\/td><\/tr><tr><td class=\"has-text-align-left\" data-align=\"left\">\u00a0<\/td><td class=\"has-text-align-left\" data-align=\"left\" colspan=\"3\"><strong>\u00c7elik i r\u00ebr\u00ebsuar 2.5 \u03bcm, i veshur<\/strong><\/td><\/tr><tr><td class=\"has-text-align-left\" data-align=\"left\">Koh\u00ebzgjatja<\/td><td class=\"has-text-align-left\" data-align=\"left\">1,000 or\u00eb<\/td><td>1,000 or\u00eb<\/td><td>1,400 or\u00eb<\/td><\/tr><tr><td class=\"has-text-align-left\" data-align=\"left\">Rezultati<\/td><td class=\"has-text-align-left\" data-align=\"left\">Flluska: jo<br\/> Ndryshk: jo<br\/> Korrozioni n\u00eb shkrues&lt; 0.5 mm<\/td><td>Flluska: jo<br\/> Ndryshk: jo<\/td><td>Humbja e shk\u00eblqimit: 12%<br\/> Plasaritje: jo<br\/> Diferenca e ngjyr\u00ebs \u0394E* = 0.51<\/td><\/tr><\/tbody><\/table><\/figure>\n\n<hr class=\"wp-block-separator has-text-color has-css-opacity has-background is-style-wide\" style=\"background-color:#e1e1e1;color:#e1e1e1\"\/>\n","protected":false},"excerpt":{"rendered":"<p><strong>Veshje qeramike me cil\u00ebsi t\u00eb lart\u00eb dhe t\u00eb q\u00ebndrueshme p\u00ebr sip\u00ebrfaqe t\u00eb l\u00ebmuara<\/strong><\/p>\n<p>\u2713 Trash\u00ebsi shtres\u00eb ultra e holl\u00eb<\/p>\n<p>\u2713 Afati i ruajtjes 2-5 vjet<\/p>\n<p>\u2713 Rezistenc\u00eb e lart\u00eb ndaj g\u00ebrryerjes<\/p>\n<p>\u2713 Efekti biostatik<\/p>\n","protected":false},"featured_media":183049,"template":"","meta":{"_acf_changed":false,"neve_meta_sidebar":"","neve_meta_container":"","neve_meta_enable_content_width":"","neve_meta_content_width":0,"neve_meta_title_alignment":"","neve_meta_author_avatar":"","neve_post_elements_order":"","neve_meta_disable_header":"","neve_meta_disable_footer":"","neve_meta_disable_title":"","neve_meta_reading_time":"","_surfaces":[],"_ver_product_tabs":[],"footnotes":""},"product_brand":[],"product_cat":[2172,2395,2473,2983],"product_tag":[],"class_list":{"0":"post-183023","1":"product","2":"type-product","3":"status-publish","4":"has-post-thumbnail","6":"product_cat-vulosja-e-makinave","7":"product_cat-vulosje-metalike-dhe-plastike","8":"product_cat-vula-universale","9":"product_cat-nenshkrimi-i-xhamit-te-lengshem","10":"pa_gebinde-shishe-100-ml","11":"pa_gebinde-shishe-1000-ml","13":"first","14":"instock","15":"taxable","16":"shipping-taxable","17":"purchasable","18":"product-type-variable","19":"has-default-attributes"},"acf":[],"yoast_head":"<!-- This site is optimized with the Yoast SEO Premium plugin v22.8 (Yoast SEO v27.5) - https:\/\/yoast.com\/product\/yoast-seo-premium-wordpress\/ -->\n<title>Mbrojt\u00ebs i P\u00ebrhersh\u00ebm 646 Ultra i Holl\u00eb - Vulosje Qeramike 9H<\/title>\n<meta name=\"description\" content=\"Leht\u00eb p\u00ebr t&#039;u p\u00ebrdorur, e fort\u00eb n\u00eb mbrojtje. Shtresa e re qeramike Permanent Protector 646 Ultra Thin - 9H mbron n\u00eb m\u00ebnyr\u00eb t\u00eb besueshme nga ndikimet e jashtme.\" \/>\n<meta name=\"robots\" content=\"index, follow, max-snippet:-1, max-image-preview:large, max-video-preview:-1\" \/>\n<link rel=\"canonical\" href=\"https:\/\/www.versiegelung24.com\/sq\/permanent-protector-646.html\" \/>\n<meta property=\"og:locale\" content=\"sq_AL\" \/>\n<meta property=\"og:type\" content=\"article\" \/>\n<meta property=\"og:title\" content=\"Mbrojtje e P\u00ebrhershme 646 5M\" \/>\n<meta property=\"og:description\" content=\"Leht\u00eb p\u00ebr t&#039;u p\u00ebrdorur, e fort\u00eb n\u00eb mbrojtje. Shtresa e re qeramike Permanent Protector 646 Ultra Thin - 9H mbron n\u00eb m\u00ebnyr\u00eb t\u00eb besueshme nga ndikimet e jashtme.\" \/>\n<meta property=\"og:url\" content=\"https:\/\/www.versiegelung24.com\/sq\/permanent-protector-646.html\" \/>\n<meta property=\"og:site_name\" content=\"versiegelung24.com\" \/>\n<meta property=\"article:modified_time\" content=\"2025-09-08T14:04:19+00:00\" \/>\n<meta property=\"og:image\" content=\"https:\/\/www.versiegelung24.com\/wp-content\/uploads\/2025\/08\/V24-Permanent-Protector-646-Keramikversiegelung-scaled-1.jpg\" \/>\n\t<meta property=\"og:image:width\" content=\"2560\" \/>\n\t<meta property=\"og:image:height\" content=\"2560\" \/>\n\t<meta property=\"og:image:type\" content=\"image\/jpeg\" \/>\n<meta name=\"twitter:card\" content=\"summary_large_image\" \/>\n<meta name=\"twitter:label1\" content=\"Availability\" \/>\n\t<meta name=\"twitter:data1\" content=\"In stock\" \/>\n<script type=\"application\/ld+json\" class=\"yoast-schema-graph\">{\"@context\":\"https:\\\/\\\/schema.org\",\"@graph\":[{\"@type\":\"WebPage\",\"@id\":\"https:\\\/\\\/www.versiegelung24.com\\\/sq\\\/permanent-protector-646.html\",\"url\":\"https:\\\/\\\/www.versiegelung24.com\\\/sq\\\/permanent-protector-646.html\",\"name\":\"Mbrojt\u00ebs i P\u00ebrhersh\u00ebm 646 Ultra i Holl\u00eb - Vulosje Qeramike 9H\",\"isPartOf\":{\"@id\":\"https:\\\/\\\/www.versiegelung24.com\\\/sq\\\/#website\"},\"primaryImageOfPage\":{\"@id\":\"https:\\\/\\\/www.versiegelung24.com\\\/sq\\\/permanent-protector-646.html#primaryimage\"},\"image\":{\"@id\":\"https:\\\/\\\/www.versiegelung24.com\\\/sq\\\/permanent-protector-646.html#primaryimage\"},\"thumbnailUrl\":\"https:\\\/\\\/www.versiegelung24.com\\\/wp-content\\\/uploads\\\/2025\\\/08\\\/V24-Permanent-Protector-646-Keramikversiegelung-scaled-1.jpg\",\"datePublished\":\"2025-08-28T12:07:51+00:00\",\"dateModified\":\"2025-09-08T14:04:19+00:00\",\"description\":\"Leht\u00eb p\u00ebr t'u p\u00ebrdorur, e fort\u00eb n\u00eb mbrojtje. Shtresa e re qeramike Permanent Protector 646 Ultra Thin - 9H mbron n\u00eb m\u00ebnyr\u00eb t\u00eb besueshme nga ndikimet e jashtme.\",\"breadcrumb\":{\"@id\":\"https:\\\/\\\/www.versiegelung24.com\\\/sq\\\/permanent-protector-646.html#breadcrumb\"},\"inLanguage\":\"sq-AL\",\"potentialAction\":[{\"@type\":\"ReadAction\",\"target\":[\"https:\\\/\\\/www.versiegelung24.com\\\/sq\\\/permanent-protector-646.html\"]}]},{\"@type\":\"ImageObject\",\"inLanguage\":\"sq-AL\",\"@id\":\"https:\\\/\\\/www.versiegelung24.com\\\/sq\\\/permanent-protector-646.html#primaryimage\",\"url\":\"https:\\\/\\\/www.versiegelung24.com\\\/wp-content\\\/uploads\\\/2025\\\/08\\\/V24-Permanent-Protector-646-Keramikversiegelung-scaled-1.jpg\",\"contentUrl\":\"https:\\\/\\\/www.versiegelung24.com\\\/wp-content\\\/uploads\\\/2025\\\/08\\\/V24-Permanent-Protector-646-Keramikversiegelung-scaled-1.jpg\",\"width\":2560,\"height\":2560},{\"@type\":\"BreadcrumbList\",\"@id\":\"https:\\\/\\\/www.versiegelung24.com\\\/sq\\\/permanent-protector-646.html#breadcrumb\",\"itemListElement\":[{\"@type\":\"ListItem\",\"position\":1,\"name\":\"Faqja kryesore\",\"item\":\"https:\\\/\\\/www.versiegelung24.com\\\/sq\\\/perpara\\\/\"},{\"@type\":\"ListItem\",\"position\":2,\"name\":\"Dyqan\",\"item\":\"https:\\\/\\\/www.versiegelung24.com\\\/sq\\\/dyqan\\\/\"},{\"@type\":\"ListItem\",\"position\":3,\"name\":\"Mbrojtje e P\u00ebrhershme 646 5M\"}]},{\"@type\":\"WebSite\",\"@id\":\"https:\\\/\\\/www.versiegelung24.com\\\/sq\\\/#website\",\"url\":\"https:\\\/\\\/www.versiegelung24.com\\\/sq\\\/\",\"name\":\"versiegelung24.com\",\"description\":\"Fl\u00fcssigglas-Versiegelung - Made in Germany\",\"publisher\":{\"@id\":\"https:\\\/\\\/www.versiegelung24.com\\\/sq\\\/#organization\"},\"potentialAction\":[{\"@type\":\"SearchAction\",\"target\":{\"@type\":\"EntryPoint\",\"urlTemplate\":\"https:\\\/\\\/www.versiegelung24.com\\\/sq\\\/?s={search_term_string}\"},\"query-input\":{\"@type\":\"PropertyValueSpecification\",\"valueRequired\":true,\"valueName\":\"search_term_string\"}}],\"inLanguage\":\"sq-AL\"},{\"@type\":\"Organization\",\"@id\":\"https:\\\/\\\/www.versiegelung24.com\\\/sq\\\/#organization\",\"name\":\"versiegelung24\",\"url\":\"https:\\\/\\\/www.versiegelung24.com\\\/sq\\\/\",\"logo\":{\"@type\":\"ImageObject\",\"inLanguage\":\"sq-AL\",\"@id\":\"https:\\\/\\\/www.versiegelung24.com\\\/sq\\\/#\\\/schema\\\/logo\\\/image\\\/\",\"url\":\"https:\\\/\\\/www.versiegelung24.com\\\/wp-content\\\/uploads\\\/2020\\\/04\\\/versiegelung24.png\",\"contentUrl\":\"https:\\\/\\\/www.versiegelung24.com\\\/wp-content\\\/uploads\\\/2020\\\/04\\\/versiegelung24.png\",\"width\":470,\"height\":102,\"caption\":\"versiegelung24\"},\"image\":{\"@id\":\"https:\\\/\\\/www.versiegelung24.com\\\/sq\\\/#\\\/schema\\\/logo\\\/image\\\/\"}}]}<\/script>\n<meta property=\"og:availability\" content=\"instock\" \/>\n<meta property=\"product:availability\" content=\"instock\" \/>\n<meta property=\"product:retailer_item_id\" content=\"8056-646\" \/>\n<meta property=\"product:condition\" content=\"new\" \/>\n<!-- \/ Yoast SEO Premium plugin. -->","yoast_head_json":{"title":"Mbrojt\u00ebs i P\u00ebrhersh\u00ebm 646 Ultra i Holl\u00eb - Vulosje Qeramike 9H","description":"Leht\u00eb p\u00ebr t'u p\u00ebrdorur, e fort\u00eb n\u00eb mbrojtje. Shtresa e re qeramike Permanent Protector 646 Ultra Thin - 9H mbron n\u00eb m\u00ebnyr\u00eb t\u00eb besueshme nga ndikimet e jashtme.","robots":{"index":"index","follow":"follow","max-snippet":"max-snippet:-1","max-image-preview":"max-image-preview:large","max-video-preview":"max-video-preview:-1"},"canonical":"https:\/\/www.versiegelung24.com\/sq\/permanent-protector-646.html","og_locale":"sq_AL","og_type":"article","og_title":"Mbrojtje e P\u00ebrhershme 646 5M","og_description":"Leht\u00eb p\u00ebr t'u p\u00ebrdorur, e fort\u00eb n\u00eb mbrojtje. Shtresa e re qeramike Permanent Protector 646 Ultra Thin - 9H mbron n\u00eb m\u00ebnyr\u00eb t\u00eb besueshme nga ndikimet e jashtme.","og_url":"https:\/\/www.versiegelung24.com\/sq\/permanent-protector-646.html","og_site_name":"versiegelung24.com","article_modified_time":"2025-09-08T14:04:19+00:00","og_image":[{"width":2560,"height":2560,"url":"https:\/\/www.versiegelung24.com\/wp-content\/uploads\/2025\/08\/V24-Permanent-Protector-646-Keramikversiegelung-scaled-1.jpg","type":"image\/jpeg"}],"twitter_card":"summary_large_image","twitter_misc":{"Availability":"In stock"},"schema":{"@context":"https:\/\/schema.org","@graph":[{"@type":"WebPage","@id":"https:\/\/www.versiegelung24.com\/sq\/permanent-protector-646.html","url":"https:\/\/www.versiegelung24.com\/sq\/permanent-protector-646.html","name":"Mbrojt\u00ebs i P\u00ebrhersh\u00ebm 646 Ultra i Holl\u00eb - Vulosje Qeramike 9H","isPartOf":{"@id":"https:\/\/www.versiegelung24.com\/sq\/#website"},"primaryImageOfPage":{"@id":"https:\/\/www.versiegelung24.com\/sq\/permanent-protector-646.html#primaryimage"},"image":{"@id":"https:\/\/www.versiegelung24.com\/sq\/permanent-protector-646.html#primaryimage"},"thumbnailUrl":"https:\/\/www.versiegelung24.com\/wp-content\/uploads\/2025\/08\/V24-Permanent-Protector-646-Keramikversiegelung-scaled-1.jpg","datePublished":"2025-08-28T12:07:51+00:00","dateModified":"2025-09-08T14:04:19+00:00","description":"Leht\u00eb p\u00ebr t'u p\u00ebrdorur, e fort\u00eb n\u00eb mbrojtje. Shtresa e re qeramike Permanent Protector 646 Ultra Thin - 9H mbron n\u00eb m\u00ebnyr\u00eb t\u00eb besueshme nga ndikimet e jashtme.","breadcrumb":{"@id":"https:\/\/www.versiegelung24.com\/sq\/permanent-protector-646.html#breadcrumb"},"inLanguage":"sq-AL","potentialAction":[{"@type":"ReadAction","target":["https:\/\/www.versiegelung24.com\/sq\/permanent-protector-646.html"]}]},{"@type":"ImageObject","inLanguage":"sq-AL","@id":"https:\/\/www.versiegelung24.com\/sq\/permanent-protector-646.html#primaryimage","url":"https:\/\/www.versiegelung24.com\/wp-content\/uploads\/2025\/08\/V24-Permanent-Protector-646-Keramikversiegelung-scaled-1.jpg","contentUrl":"https:\/\/www.versiegelung24.com\/wp-content\/uploads\/2025\/08\/V24-Permanent-Protector-646-Keramikversiegelung-scaled-1.jpg","width":2560,"height":2560},{"@type":"BreadcrumbList","@id":"https:\/\/www.versiegelung24.com\/sq\/permanent-protector-646.html#breadcrumb","itemListElement":[{"@type":"ListItem","position":1,"name":"Faqja kryesore","item":"https:\/\/www.versiegelung24.com\/sq\/perpara\/"},{"@type":"ListItem","position":2,"name":"Dyqan","item":"https:\/\/www.versiegelung24.com\/sq\/dyqan\/"},{"@type":"ListItem","position":3,"name":"Mbrojtje e P\u00ebrhershme 646 5M"}]},{"@type":"WebSite","@id":"https:\/\/www.versiegelung24.com\/sq\/#website","url":"https:\/\/www.versiegelung24.com\/sq\/","name":"versiegelung24.com","description":"Fl\u00fcssigglas-Versiegelung - Made in Germany","publisher":{"@id":"https:\/\/www.versiegelung24.com\/sq\/#organization"},"potentialAction":[{"@type":"SearchAction","target":{"@type":"EntryPoint","urlTemplate":"https:\/\/www.versiegelung24.com\/sq\/?s={search_term_string}"},"query-input":{"@type":"PropertyValueSpecification","valueRequired":true,"valueName":"search_term_string"}}],"inLanguage":"sq-AL"},{"@type":"Organization","@id":"https:\/\/www.versiegelung24.com\/sq\/#organization","name":"versiegelung24","url":"https:\/\/www.versiegelung24.com\/sq\/","logo":{"@type":"ImageObject","inLanguage":"sq-AL","@id":"https:\/\/www.versiegelung24.com\/sq\/#\/schema\/logo\/image\/","url":"https:\/\/www.versiegelung24.com\/wp-content\/uploads\/2020\/04\/versiegelung24.png","contentUrl":"https:\/\/www.versiegelung24.com\/wp-content\/uploads\/2020\/04\/versiegelung24.png","width":470,"height":102,"caption":"versiegelung24"},"image":{"@id":"https:\/\/www.versiegelung24.com\/sq\/#\/schema\/logo\/image\/"}}]},"og_availability":"instock","product_availability":"instock","product_retailer_item_id":"8056-646","product_condition":"new"},"_links":{"self":[{"href":"https:\/\/www.versiegelung24.com\/sq\/wp-json\/wp\/v2\/product\/183023","targetHints":{"allow":["GET"]}}],"collection":[{"href":"https:\/\/www.versiegelung24.com\/sq\/wp-json\/wp\/v2\/product"}],"about":[{"href":"https:\/\/www.versiegelung24.com\/sq\/wp-json\/wp\/v2\/types\/product"}],"version-history":[{"count":3,"href":"https:\/\/www.versiegelung24.com\/sq\/wp-json\/wp\/v2\/product\/183023\/revisions"}],"predecessor-version":[{"id":183586,"href":"https:\/\/www.versiegelung24.com\/sq\/wp-json\/wp\/v2\/product\/183023\/revisions\/183586"}],"wp:featuredmedia":[{"embeddable":true,"href":"https:\/\/www.versiegelung24.com\/sq\/wp-json\/wp\/v2\/media\/183049"}],"wp:attachment":[{"href":"https:\/\/www.versiegelung24.com\/sq\/wp-json\/wp\/v2\/media?parent=183023"}],"wp:term":[{"taxonomy":"product_brand","embeddable":true,"href":"https:\/\/www.versiegelung24.com\/sq\/wp-json\/wp\/v2\/product_brand?post=183023"},{"taxonomy":"product_cat","embeddable":true,"href":"https:\/\/www.versiegelung24.com\/sq\/wp-json\/wp\/v2\/product_cat?post=183023"},{"taxonomy":"product_tag","embeddable":true,"href":"https:\/\/www.versiegelung24.com\/sq\/wp-json\/wp\/v2\/product_tag?post=183023"}],"curies":[{"name":"wp","href":"https:\/\/api.w.org\/{rel}","templated":true}]}}