{"id":22703,"date":"2020-04-04T18:53:12","date_gmt":"2021-08-02T18:54:09","guid":{"rendered":"https:\/\/www.versiegelung24.com\/produkt\/boje-makine-lustrim-dhe-vulosje-speciale-2in1"},"modified":"2025-01-03T23:24:19","modified_gmt":"2025-01-03T22:24:19","slug":"boje-makine-speciale-lustrim-vulosje-2in1","status":"publish","type":"product","link":"https:\/\/www.versiegelung24.com\/sq\/boje-makine-speciale-lustrim-vulosje-2in1.html","title":{"rendered":"Llak dhe vulosje speciale boj\u00eb makinash 2 n\u00eb 1"},"content":{"rendered":"\n<p><strong>Ngjyrosje shum\u00eb efektive e llakut t\u00eb makin\u00ebs dhe ngjit\u00ebse 2in1 p\u00ebr boj\u00eb makine, q\u00ebndrueshm\u00ebri deri n\u00eb 3 muaj<\/strong><\/p>\n\n<p>Cil\u00ebsi e lart\u00eb Prodhuar n\u00eb Gjermani.<\/p>\n\n<p>Leht\u00eb p\u00ebr t&#8217;u aplikuar:<br\/> 1. Fshijeni ngjit\u00ebsin dhe l\u00ebmoni at\u00eb<br\/> 2. L\u00ebreni t\u00eb forcohet p\u00ebr 12 or\u00eb \u2013 gati<\/p>\n\n<p>Afati i ruajtjes: Deri n\u00eb 3 muaj<\/p>\n\n<hr\/>\n\n<h4 class=\"wp-block-heading\" id=\"properties\">Karakteristikat e produktit<\/h4>\n\n<div class=\"wp-block-columns is-layout-flex wp-container-core-columns-is-layout-9d6595d7 wp-block-columns-is-layout-flex\">\n<div class=\"wp-block-column is-layout-flow wp-block-column-is-layout-flow\">\n<ul class=\"wp-block-list\"><li>Lust\u00ebr me cil\u00ebsi t\u00eb lart\u00eb pa p\u00ebrb\u00ebr\u00ebs g\u00ebrryes, shtresat e boj\u00ebs nuk sulmohen<\/li><li>Emulsion, shum\u00eb i leht\u00eb p\u00ebr t\u2019u p\u00ebrdorur<\/li><li>Shk\u00eblqim dhe efekt freskues ngjyrash<\/li><li>Pastron, lustron dhe vulos n\u00eb nj\u00eb hap (heq katranin, rr\u00ebshir\u00ebn dhe mbetjet e insekteve)<\/li><li>Veshje jo ngjit\u00ebse kund\u00ebr ujit dhe papast\u00ebrtis\u00eb, me shk\u00eblqim<\/li><li>Parandalon ngjitjen e mbeturinave t\u00eb katranit dhe insekteve n\u00eb sip\u00ebrfaqe<\/li><li>P\u00ebr ambiente t\u00eb brendshme dhe t\u00eb jashtme<\/li><\/ul>\n<\/div>\n\n\n\n<div class=\"wp-block-column is-layout-flow wp-block-column-is-layout-flow\">\n<ul class=\"wp-block-list\"><li>Transparente \/ e padukshme, pamja e sip\u00ebrfaqes mbetet e pandryshuar<\/li><li>Rezistent ndaj ngricave, pastrimit (p\u00ebrfshir\u00eb larjen e makinave), UV (parandalon zbehjen e boj\u00ebs), liza \/ alkali, uji i detit, ajri i kripur, plehrat e insekteve dhe ndotje t\u00eb tjera t\u00eb r\u00ebnda<\/li><li>Redukton ndjesh\u00ebm rezistenc\u00ebn e ajrit dhe k\u00ebshtu ofron efikasitet m\u00eb t\u00eb madh p\u00ebr automjetet<\/li><li>Efekti &#8220;i leht\u00eb p\u00ebr t&#8217;u pastruar&#8221;, sip\u00ebrfaqet e veshura q\u00ebndrojn\u00eb t\u00eb pastra m\u00eb gjat\u00eb dhe jan\u00eb m\u00eb t\u00eb lehta p\u00ebr t&#8217;u pastruar.<\/li><li>Zvog\u00eblon g\u00ebrvishtjet<\/li><\/ul>\n\n\n\n<p>Fusha e dor\u00ebzimit:<br\/> 1 x lit\u00ebr shishe<br\/> 1 x P\u00ebrshkrimi i produktit<\/p>\n<\/div>\n<\/div>\n\n<hr\/>\n\n<h4 class=\"wp-block-heading\" id=\"application\">Aplikacion<\/h4>\n\n<ul class=\"wp-block-list\"><li>Ideale p\u00ebr trajtimet n\u00eb boj\u00ebrat e automjeteve: makina, moto\u00e7ikleta, autobus\u00eb (ve\u00e7an\u00ebrisht efektive n\u00eb boj\u00ebrat q\u00eb nuk jan\u00eb m\u00eb t\u00eb vjetra se 10 vjet)<\/li><li>Trajtime t\u00eb papast\u00ebrtis\u00eb dhe ujit n\u00eb rrota aliazh (m\u00eb t\u00eb lehta p\u00ebr tu pastruar)<\/li><li>Trajtimet n\u00eb metal (mbrojtje nga ndryshku dhe oksidimi)<\/li><\/ul>\n\n<p>Sasia e k\u00ebrkuar varet nga sip\u00ebrfaqja q\u00eb do t\u00eb lyhet (shkalla e konsumimit dhe ndotjes) dhe rroba q\u00eb p\u00ebrdoret. Rendimenti \u00ebsht\u00eb p\u00ebraf\u00ebrsisht 20-40 ml\/m\u00b2<\/p>\n","protected":false},"excerpt":{"rendered":"<p><strong>Lustrim profesional shum\u00eb efektiv p\u00ebr boj\u00ebn e makinave:<\/strong><\/p>\n<p>\u2713 me efekt lotusi (rezistente ndaj ujit)<\/p>\n<p>\u2713 Jet\u00ebgjat\u00ebsia deri n\u00eb 3 muaj<\/p>\n","protected":false},"featured_media":17636,"template":"","meta":{"_acf_changed":false,"neve_meta_sidebar":"","neve_meta_container":"","neve_meta_enable_content_width":"","neve_meta_content_width":0,"neve_meta_title_alignment":"","neve_meta_author_avatar":"","neve_post_elements_order":"","neve_meta_disable_header":"","neve_meta_disable_footer":"","neve_meta_disable_title":"","neve_meta_reading_time":"","_surfaces":[],"_ver_product_tabs":[],"footnotes":""},"product_brand":[],"product_cat":[2172],"product_tag":[],"class_list":{"0":"post-22703","1":"product","2":"type-product","3":"status-publish","4":"has-post-thumbnail","6":"product_cat-vulosja-e-makinave","8":"first","9":"instock","10":"taxable","11":"shipping-taxable","12":"purchasable","13":"product-type-simple"},"acf":[],"yoast_head":"<!-- This site is optimized with the Yoast SEO Premium plugin v22.8 (Yoast SEO v27.5) - https:\/\/yoast.com\/product\/yoast-seo-premium-wordpress\/ -->\n<title>Llak dhe vulosje speciale boj\u00eb makinash 2 n\u00eb 1 - versiegelung24.com<\/title>\n<meta name=\"robots\" content=\"index, follow, max-snippet:-1, max-image-preview:large, max-video-preview:-1\" \/>\n<link rel=\"canonical\" href=\"https:\/\/www.versiegelung24.com\/sq\/boje-makine-speciale-lustrim-vulosje-2in1.html\" \/>\n<meta property=\"og:locale\" content=\"sq_AL\" \/>\n<meta property=\"og:type\" content=\"article\" \/>\n<meta property=\"og:title\" content=\"Llak dhe vulosje speciale boj\u00eb makinash 2 n\u00eb 1\" \/>\n<meta property=\"og:description\" content=\"Lustrim profesional shum\u00eb efektiv p\u00ebr boj\u00ebn e makinave: \u2713 me efekt lotusi (rezistente ndaj ujit) \u2713 Jet\u00ebgjat\u00ebsia deri n\u00eb 3 muaj\" \/>\n<meta property=\"og:url\" content=\"https:\/\/www.versiegelung24.com\/sq\/boje-makine-speciale-lustrim-vulosje-2in1.html\" \/>\n<meta property=\"og:site_name\" content=\"versiegelung24.com\" \/>\n<meta property=\"article:modified_time\" content=\"2025-01-03T22:24:19+00:00\" \/>\n<meta property=\"og:image\" content=\"https:\/\/www.versiegelung24.com\/wp-content\/uploads\/2020\/06\/produkt-2000-7660-1000-Autolack-Spezial-Politur-Versiegelung2in1-scaled.jpg\" \/>\n\t<meta property=\"og:image:width\" content=\"2560\" \/>\n\t<meta property=\"og:image:height\" content=\"2560\" \/>\n\t<meta property=\"og:image:type\" content=\"image\/jpeg\" \/>\n<meta name=\"twitter:card\" content=\"summary_large_image\" \/>\n<meta name=\"twitter:label1\" content=\"Price\" \/>\n\t<meta name=\"twitter:data1\" content=\"99,00&euro;\" \/>\n\t<meta name=\"twitter:label2\" content=\"Availability\" \/>\n\t<meta name=\"twitter:data2\" content=\"In stock\" \/>\n<script type=\"application\/ld+json\" class=\"yoast-schema-graph\">{\"@context\":\"https:\\\/\\\/schema.org\",\"@graph\":[{\"@type\":\"WebPage\",\"@id\":\"https:\\\/\\\/www.versiegelung24.com\\\/sq\\\/boje-makine-speciale-lustrim-vulosje-2in1.html\",\"url\":\"https:\\\/\\\/www.versiegelung24.com\\\/sq\\\/boje-makine-speciale-lustrim-vulosje-2in1.html\",\"name\":\"Llak dhe vulosje speciale boj\u00eb makinash 2 n\u00eb 1 - versiegelung24.com\",\"isPartOf\":{\"@id\":\"https:\\\/\\\/www.versiegelung24.com\\\/sq\\\/#website\"},\"primaryImageOfPage\":{\"@id\":\"https:\\\/\\\/www.versiegelung24.com\\\/sq\\\/boje-makine-speciale-lustrim-vulosje-2in1.html#primaryimage\"},\"image\":{\"@id\":\"https:\\\/\\\/www.versiegelung24.com\\\/sq\\\/boje-makine-speciale-lustrim-vulosje-2in1.html#primaryimage\"},\"thumbnailUrl\":\"https:\\\/\\\/www.versiegelung24.com\\\/wp-content\\\/uploads\\\/2020\\\/06\\\/produkt-2000-7660-1000-Autolack-Spezial-Politur-Versiegelung2in1-scaled.jpg\",\"datePublished\":\"2021-08-02T18:54:09+00:00\",\"dateModified\":\"2025-01-03T22:24:19+00:00\",\"breadcrumb\":{\"@id\":\"https:\\\/\\\/www.versiegelung24.com\\\/sq\\\/boje-makine-speciale-lustrim-vulosje-2in1.html#breadcrumb\"},\"inLanguage\":\"sq-AL\",\"potentialAction\":[{\"@type\":\"ReadAction\",\"target\":[\"https:\\\/\\\/www.versiegelung24.com\\\/sq\\\/boje-makine-speciale-lustrim-vulosje-2in1.html\"]}]},{\"@type\":\"ImageObject\",\"inLanguage\":\"sq-AL\",\"@id\":\"https:\\\/\\\/www.versiegelung24.com\\\/sq\\\/boje-makine-speciale-lustrim-vulosje-2in1.html#primaryimage\",\"url\":\"https:\\\/\\\/www.versiegelung24.com\\\/wp-content\\\/uploads\\\/2020\\\/06\\\/produkt-2000-7660-1000-Autolack-Spezial-Politur-Versiegelung2in1-scaled.jpg\",\"contentUrl\":\"https:\\\/\\\/www.versiegelung24.com\\\/wp-content\\\/uploads\\\/2020\\\/06\\\/produkt-2000-7660-1000-Autolack-Spezial-Politur-Versiegelung2in1-scaled.jpg\",\"width\":2560,\"height\":2560},{\"@type\":\"BreadcrumbList\",\"@id\":\"https:\\\/\\\/www.versiegelung24.com\\\/sq\\\/boje-makine-speciale-lustrim-vulosje-2in1.html#breadcrumb\",\"itemListElement\":[{\"@type\":\"ListItem\",\"position\":1,\"name\":\"Faqja kryesore\",\"item\":\"https:\\\/\\\/www.versiegelung24.com\\\/sq\\\/perpara\\\/\"},{\"@type\":\"ListItem\",\"position\":2,\"name\":\"Dyqan\",\"item\":\"https:\\\/\\\/www.versiegelung24.com\\\/sq\\\/dyqan\\\/\"},{\"@type\":\"ListItem\",\"position\":3,\"name\":\"Llak dhe vulosje speciale boj\u00eb makinash 2 n\u00eb 1\"}]},{\"@type\":\"WebSite\",\"@id\":\"https:\\\/\\\/www.versiegelung24.com\\\/sq\\\/#website\",\"url\":\"https:\\\/\\\/www.versiegelung24.com\\\/sq\\\/\",\"name\":\"versiegelung24.com\",\"description\":\"Fl\u00fcssigglas-Versiegelung - Made in Germany\",\"publisher\":{\"@id\":\"https:\\\/\\\/www.versiegelung24.com\\\/sq\\\/#organization\"},\"potentialAction\":[{\"@type\":\"SearchAction\",\"target\":{\"@type\":\"EntryPoint\",\"urlTemplate\":\"https:\\\/\\\/www.versiegelung24.com\\\/sq\\\/?s={search_term_string}\"},\"query-input\":{\"@type\":\"PropertyValueSpecification\",\"valueRequired\":true,\"valueName\":\"search_term_string\"}}],\"inLanguage\":\"sq-AL\"},{\"@type\":\"Organization\",\"@id\":\"https:\\\/\\\/www.versiegelung24.com\\\/sq\\\/#organization\",\"name\":\"versiegelung24\",\"url\":\"https:\\\/\\\/www.versiegelung24.com\\\/sq\\\/\",\"logo\":{\"@type\":\"ImageObject\",\"inLanguage\":\"sq-AL\",\"@id\":\"https:\\\/\\\/www.versiegelung24.com\\\/sq\\\/#\\\/schema\\\/logo\\\/image\\\/\",\"url\":\"https:\\\/\\\/www.versiegelung24.com\\\/wp-content\\\/uploads\\\/2020\\\/04\\\/versiegelung24.png\",\"contentUrl\":\"https:\\\/\\\/www.versiegelung24.com\\\/wp-content\\\/uploads\\\/2020\\\/04\\\/versiegelung24.png\",\"width\":470,\"height\":102,\"caption\":\"versiegelung24\"},\"image\":{\"@id\":\"https:\\\/\\\/www.versiegelung24.com\\\/sq\\\/#\\\/schema\\\/logo\\\/image\\\/\"}}]}<\/script>\n<meta property=\"product:price:amount\" content=\"99.00\" \/>\n<meta property=\"product:price:currency\" content=\"EUR\" \/>\n<meta property=\"og:availability\" content=\"instock\" \/>\n<meta property=\"product:availability\" content=\"instock\" \/>\n<meta property=\"product:retailer_item_id\" content=\"2000-7660-1000\" \/>\n<meta property=\"product:condition\" content=\"new\" \/>\n<!-- \/ Yoast SEO Premium plugin. -->","yoast_head_json":{"title":"Llak dhe vulosje speciale boj\u00eb makinash 2 n\u00eb 1 - versiegelung24.com","robots":{"index":"index","follow":"follow","max-snippet":"max-snippet:-1","max-image-preview":"max-image-preview:large","max-video-preview":"max-video-preview:-1"},"canonical":"https:\/\/www.versiegelung24.com\/sq\/boje-makine-speciale-lustrim-vulosje-2in1.html","og_locale":"sq_AL","og_type":"article","og_title":"Llak dhe vulosje speciale boj\u00eb makinash 2 n\u00eb 1","og_description":"Lustrim profesional shum\u00eb efektiv p\u00ebr boj\u00ebn e makinave: \u2713 me efekt lotusi (rezistente ndaj ujit) \u2713 Jet\u00ebgjat\u00ebsia deri n\u00eb 3 muaj","og_url":"https:\/\/www.versiegelung24.com\/sq\/boje-makine-speciale-lustrim-vulosje-2in1.html","og_site_name":"versiegelung24.com","article_modified_time":"2025-01-03T22:24:19+00:00","og_image":[{"width":2560,"height":2560,"url":"https:\/\/www.versiegelung24.com\/wp-content\/uploads\/2020\/06\/produkt-2000-7660-1000-Autolack-Spezial-Politur-Versiegelung2in1-scaled.jpg","type":"image\/jpeg"}],"twitter_card":"summary_large_image","twitter_misc":{"Price":"99,00&euro;","Availability":"In stock"},"schema":{"@context":"https:\/\/schema.org","@graph":[{"@type":"WebPage","@id":"https:\/\/www.versiegelung24.com\/sq\/boje-makine-speciale-lustrim-vulosje-2in1.html","url":"https:\/\/www.versiegelung24.com\/sq\/boje-makine-speciale-lustrim-vulosje-2in1.html","name":"Llak dhe vulosje speciale boj\u00eb makinash 2 n\u00eb 1 - versiegelung24.com","isPartOf":{"@id":"https:\/\/www.versiegelung24.com\/sq\/#website"},"primaryImageOfPage":{"@id":"https:\/\/www.versiegelung24.com\/sq\/boje-makine-speciale-lustrim-vulosje-2in1.html#primaryimage"},"image":{"@id":"https:\/\/www.versiegelung24.com\/sq\/boje-makine-speciale-lustrim-vulosje-2in1.html#primaryimage"},"thumbnailUrl":"https:\/\/www.versiegelung24.com\/wp-content\/uploads\/2020\/06\/produkt-2000-7660-1000-Autolack-Spezial-Politur-Versiegelung2in1-scaled.jpg","datePublished":"2021-08-02T18:54:09+00:00","dateModified":"2025-01-03T22:24:19+00:00","breadcrumb":{"@id":"https:\/\/www.versiegelung24.com\/sq\/boje-makine-speciale-lustrim-vulosje-2in1.html#breadcrumb"},"inLanguage":"sq-AL","potentialAction":[{"@type":"ReadAction","target":["https:\/\/www.versiegelung24.com\/sq\/boje-makine-speciale-lustrim-vulosje-2in1.html"]}]},{"@type":"ImageObject","inLanguage":"sq-AL","@id":"https:\/\/www.versiegelung24.com\/sq\/boje-makine-speciale-lustrim-vulosje-2in1.html#primaryimage","url":"https:\/\/www.versiegelung24.com\/wp-content\/uploads\/2020\/06\/produkt-2000-7660-1000-Autolack-Spezial-Politur-Versiegelung2in1-scaled.jpg","contentUrl":"https:\/\/www.versiegelung24.com\/wp-content\/uploads\/2020\/06\/produkt-2000-7660-1000-Autolack-Spezial-Politur-Versiegelung2in1-scaled.jpg","width":2560,"height":2560},{"@type":"BreadcrumbList","@id":"https:\/\/www.versiegelung24.com\/sq\/boje-makine-speciale-lustrim-vulosje-2in1.html#breadcrumb","itemListElement":[{"@type":"ListItem","position":1,"name":"Faqja kryesore","item":"https:\/\/www.versiegelung24.com\/sq\/perpara\/"},{"@type":"ListItem","position":2,"name":"Dyqan","item":"https:\/\/www.versiegelung24.com\/sq\/dyqan\/"},{"@type":"ListItem","position":3,"name":"Llak dhe vulosje speciale boj\u00eb makinash 2 n\u00eb 1"}]},{"@type":"WebSite","@id":"https:\/\/www.versiegelung24.com\/sq\/#website","url":"https:\/\/www.versiegelung24.com\/sq\/","name":"versiegelung24.com","description":"Fl\u00fcssigglas-Versiegelung - Made in Germany","publisher":{"@id":"https:\/\/www.versiegelung24.com\/sq\/#organization"},"potentialAction":[{"@type":"SearchAction","target":{"@type":"EntryPoint","urlTemplate":"https:\/\/www.versiegelung24.com\/sq\/?s={search_term_string}"},"query-input":{"@type":"PropertyValueSpecification","valueRequired":true,"valueName":"search_term_string"}}],"inLanguage":"sq-AL"},{"@type":"Organization","@id":"https:\/\/www.versiegelung24.com\/sq\/#organization","name":"versiegelung24","url":"https:\/\/www.versiegelung24.com\/sq\/","logo":{"@type":"ImageObject","inLanguage":"sq-AL","@id":"https:\/\/www.versiegelung24.com\/sq\/#\/schema\/logo\/image\/","url":"https:\/\/www.versiegelung24.com\/wp-content\/uploads\/2020\/04\/versiegelung24.png","contentUrl":"https:\/\/www.versiegelung24.com\/wp-content\/uploads\/2020\/04\/versiegelung24.png","width":470,"height":102,"caption":"versiegelung24"},"image":{"@id":"https:\/\/www.versiegelung24.com\/sq\/#\/schema\/logo\/image\/"}}]},"product_price_amount":"99.00","product_price_currency":"EUR","og_availability":"instock","product_availability":"instock","product_retailer_item_id":"2000-7660-1000","product_condition":"new"},"_links":{"self":[{"href":"https:\/\/www.versiegelung24.com\/sq\/wp-json\/wp\/v2\/product\/22703","targetHints":{"allow":["GET"]}}],"collection":[{"href":"https:\/\/www.versiegelung24.com\/sq\/wp-json\/wp\/v2\/product"}],"about":[{"href":"https:\/\/www.versiegelung24.com\/sq\/wp-json\/wp\/v2\/types\/product"}],"version-history":[{"count":14,"href":"https:\/\/www.versiegelung24.com\/sq\/wp-json\/wp\/v2\/product\/22703\/revisions"}],"predecessor-version":[{"id":177322,"href":"https:\/\/www.versiegelung24.com\/sq\/wp-json\/wp\/v2\/product\/22703\/revisions\/177322"}],"wp:featuredmedia":[{"embeddable":true,"href":"https:\/\/www.versiegelung24.com\/sq\/wp-json\/wp\/v2\/media\/17636"}],"wp:attachment":[{"href":"https:\/\/www.versiegelung24.com\/sq\/wp-json\/wp\/v2\/media?parent=22703"}],"wp:term":[{"taxonomy":"product_brand","embeddable":true,"href":"https:\/\/www.versiegelung24.com\/sq\/wp-json\/wp\/v2\/product_brand?post=22703"},{"taxonomy":"product_cat","embeddable":true,"href":"https:\/\/www.versiegelung24.com\/sq\/wp-json\/wp\/v2\/product_cat?post=22703"},{"taxonomy":"product_tag","embeddable":true,"href":"https:\/\/www.versiegelung24.com\/sq\/wp-json\/wp\/v2\/product_tag?post=22703"}],"curies":[{"name":"wp","href":"https:\/\/api.w.org\/{rel}","templated":true}]}}