{"id":22778,"date":"2020-04-04T18:53:13","date_gmt":"2020-04-04T16:53:13","guid":{"rendered":"https:\/\/www.versiegelung24.com\/produkt\/vulosja-e-xhamit-te-makines-me-cilesi-profesionale"},"modified":"2025-01-03T23:41:02","modified_gmt":"2025-01-03T22:41:02","slug":"vulosje-auto-xhami-ne-cilesi-profesionale","status":"publish","type":"product","link":"https:\/\/www.versiegelung24.com\/sq\/vulosje-auto-xhami-ne-cilesi-profesionale.html","title":{"rendered":"Auto mbyllje xhami n\u00eb cil\u00ebsi profesionale"},"content":{"rendered":"\n<p><strong>Mbyllje shum\u00eb efektive p\u00ebr xhamat e makinave dhe karvan\u00ebt, cil\u00ebsi profesionale, E RE, kaloni dimrin pothuajse pa g\u00ebrvishtje, dukshm\u00ebri e p\u00ebrmir\u00ebsuar ndjesh\u00ebm n\u00eb mot t\u00eb keq<\/strong><\/p>\n\n<p>Cil\u00ebsi e lart\u00eb Prodhuar n\u00eb Gjermani.<\/p>\n\n<hr\/>\n\n<h4 class=\"wp-block-heading\" id=\"properties\">Karakteristikat e produktit<\/h4>\n\n<div class=\"wp-block-columns is-layout-flex wp-container-core-columns-is-layout-9d6595d7 wp-block-columns-is-layout-flex\">\n<div class=\"wp-block-column is-layout-flow wp-block-column-is-layout-flow\">\n<ul class=\"wp-block-list\">\n<li>L\u00ebng i past\u00ebr, pa ngjyr\u00eb, i paduksh\u00ebm dhe i papreksh\u00ebm<\/li>\n\n\n\n<li>Efekt i jasht\u00ebzakonsh\u00ebm i leht\u00eb p\u00ebr t&#8217;u pastruar p\u00ebr ngjitjen e papast\u00ebrtive<\/li>\n\n\n\n<li>Mbrojt\u00ebs nga uji, vaji dhe papast\u00ebrtit\u00eb, shiu dhe bora rrokullisen nga xhami, papast\u00ebrtia, jasht\u00ebqitjet e shpend\u00ebve, insektet dhe akulli nuk mund t\u00eb ngjiten m\u00eb fort<\/li>\n\n\n\n<li>E b\u00ebn g\u00ebrvishtjen e akullit shum\u00eb m\u00eb t\u00eb leht\u00eb n\u00eb dim\u00ebr<\/li>\n\n\n\n<li>Nga p\u00ebraf\u00ebrsisht 70 km\/h, shiu bie gjat\u00eb vozitjes edhe pa fshir\u00ebse xhami dhe siguron nj\u00eb pamje t\u00eb qart\u00eb<\/li>\n\n\n\n<li>Zgjat rreth 25,000 km ose deri n\u00eb nj\u00eb vit<\/li>\n\n\n\n<li>Redukton rritjen e mikroorganizmave dhe baktereve, p\u00ebrmir\u00ebson higjien\u00ebn<\/li>\n\n\n\n<li>Rezistent ndaj ngricave, nxeht\u00ebsis\u00eb ekstreme, rrezatimit UV, ujit t\u00eb kripur dhe ajrit t\u00eb kripur, mineraleve nga uji i fort\u00eb dhe alkaleve, rezistent ndaj krip\u00ebs s\u00eb rrug\u00ebs<\/li>\n\n\n\n<li>Fiziologjikisht i pad\u00ebmsh\u00ebm<\/li>\n<\/ul>\n<\/div>\n\n\n\n<div class=\"wp-block-column is-layout-flow wp-block-column-is-layout-flow\">\n<ul class=\"wp-block-list\" id=\"block-4d08488f-e4e2-46e9-af9b-8ca16197df33\">\n<li>Sip\u00ebrfaqet q\u00ebndrojn\u00eb t\u00eb pastra shum\u00eb m\u00eb gjat\u00eb, gj\u00eb q\u00eb zgjat ciklet e pastrimit dhe zvog\u00eblon ndjesh\u00ebm kostot, koh\u00ebn dhe energjin\u00eb p\u00ebr pastrimin dhe mir\u00ebmbajtjen<\/li>\n\n\n\n<li>Agjent\u00ebt kimik\u00eb t\u00eb pastrimit nuk k\u00ebrkohen m\u00eb (mbyt\u00ebs, por edhe kimikisht rezistent ndaj agjent\u00ebve t\u00eb pastrimit deri n\u00eb nj\u00eb vler\u00eb pH prej 12)<\/li>\n\n\n\n<li>E q\u00ebndrueshme ndaj UV \/ rezistente ndaj ngricave \/ rezistente ndaj ujit t\u00eb kripur \/ e padukshme (trash\u00ebsia e shtres\u00ebs: 100-150 nm)<\/li>\n\n\n\n<li>Mund t\u00eb riaplikohet leht\u00ebsisht n\u00ebse efekti kalon<\/li>\n<\/ul>\n\n\n\n<p>Fusha e dor\u00ebzimit:<br\/> 1 x lit\u00ebr shishe<br\/> 1 x Kok\u00eb sp\u00ebrkatjeje pompe<br\/><\/p>\n<\/div>\n<\/div>\n\n<hr\/>\n\n<h4 class=\"wp-block-heading\" id=\"application\">Aplikacion<\/h4>\n\n<ul class=\"wp-block-list\">\n<li>Te gjitha xhamat dhe pasqyrat e makinave, karvaneve, moto\u00e7ikletave etj.<\/li>\n<\/ul>\n\n<p>Konsumi varet nga struktura e sip\u00ebrfaqes p\u00ebraf\u00ebrsisht 100-200m\u00b2\/lit\u00ebr.<\/p>\n\n<p>Afati i ruajtjes: P\u00ebraf\u00ebrsisht 12 muaj<\/p>\n","protected":false},"excerpt":{"rendered":"<p><strong>Mbyllje shum\u00eb efektive p\u00ebr xhamin e makinave dhe karvan\u00ebt:<\/strong><\/p>\n<p>\u2713 Cil\u00ebsi profesionale <\/p>\n<p>\u2713 Kalojeni dimrin pothuajse pa g\u00ebrvishtje<\/p>\n<p>\u2713 P\u00ebrmir\u00ebsimi i duksh\u00ebm i dukshm\u00ebris\u00eb n\u00eb mot t\u00eb keq<\/p>\n<p>\u2713 Nga p\u00ebraf\u00ebrsisht 70 km\/h, shiu bie gjat\u00eb vozitjes edhe pa fshir\u00ebse xhami dhe siguron nj\u00eb pamje t\u00eb qart\u00eb<\/p>\n","protected":false},"featured_media":17590,"template":"","meta":{"_acf_changed":false,"neve_meta_sidebar":"","neve_meta_container":"","neve_meta_enable_content_width":"","neve_meta_content_width":0,"neve_meta_title_alignment":"","neve_meta_author_avatar":"","neve_post_elements_order":"","neve_meta_disable_header":"","neve_meta_disable_footer":"","neve_meta_disable_title":"","neve_meta_reading_time":"","_surfaces":[],"_ver_product_tabs":[],"footnotes":""},"product_brand":[],"product_cat":[2172],"product_tag":[],"class_list":{"0":"post-22778","1":"product","2":"type-product","3":"status-publish","4":"has-post-thumbnail","6":"product_cat-vulosja-e-makinave","7":"pa_gebinde-shishe-1000-ml","8":"pa_gebinde-kuti-20l","10":"first","11":"instock","12":"taxable","13":"shipping-taxable","14":"purchasable","15":"product-type-variable","16":"has-default-attributes"},"acf":[],"yoast_head":"<!-- This site is optimized with the Yoast SEO Premium plugin v22.8 (Yoast SEO v27.5) - https:\/\/yoast.com\/product\/yoast-seo-premium-wordpress\/ -->\n<title>Auto mbyllje xhami n\u00eb cil\u00ebsi profesionale - versiegelung24.com<\/title>\n<meta name=\"robots\" content=\"index, follow, max-snippet:-1, max-image-preview:large, max-video-preview:-1\" \/>\n<link rel=\"canonical\" href=\"https:\/\/www.versiegelung24.com\/sq\/vulosje-auto-xhami-ne-cilesi-profesionale.html\" \/>\n<meta property=\"og:locale\" content=\"sq_AL\" \/>\n<meta property=\"og:type\" content=\"article\" \/>\n<meta property=\"og:title\" content=\"Auto mbyllje xhami n\u00eb cil\u00ebsi profesionale\" \/>\n<meta property=\"og:description\" content=\"Mbyllje shum\u00eb efektive p\u00ebr xhamin e makinave dhe karvan\u00ebt: \u2713 Cil\u00ebsi profesionale \u2713 Kalojeni dimrin pothuajse pa g\u00ebrvishtje \u2713 P\u00ebrmir\u00ebsimi i duksh\u00ebm i dukshm\u00ebris\u00eb n\u00eb mot t\u00eb keq \u2713 Nga p\u00ebraf\u00ebrsisht 70 km\/h, shiu bie gjat\u00eb vozitjes edhe pa fshir\u00ebse xhami dhe siguron nj\u00eb pamje t\u00eb qart\u00eb\" \/>\n<meta property=\"og:url\" content=\"https:\/\/www.versiegelung24.com\/sq\/vulosje-auto-xhami-ne-cilesi-profesionale.html\" \/>\n<meta property=\"og:site_name\" content=\"versiegelung24.com\" \/>\n<meta property=\"article:modified_time\" content=\"2025-01-03T22:41:02+00:00\" \/>\n<meta property=\"og:image\" content=\"https:\/\/www.versiegelung24.com\/wp-content\/uploads\/2020\/06\/produkt-1002-7601-1000-Autoglasversiegelung-scaled.jpg\" \/>\n\t<meta property=\"og:image:width\" content=\"2560\" \/>\n\t<meta property=\"og:image:height\" content=\"2560\" \/>\n\t<meta property=\"og:image:type\" content=\"image\/jpeg\" \/>\n<meta name=\"twitter:card\" content=\"summary_large_image\" \/>\n<meta name=\"twitter:label1\" content=\"Availability\" \/>\n\t<meta name=\"twitter:data1\" content=\"In stock\" \/>\n<script type=\"application\/ld+json\" class=\"yoast-schema-graph\">{\"@context\":\"https:\\\/\\\/schema.org\",\"@graph\":[{\"@type\":\"WebPage\",\"@id\":\"https:\\\/\\\/www.versiegelung24.com\\\/sq\\\/vulosje-auto-xhami-ne-cilesi-profesionale.html\",\"url\":\"https:\\\/\\\/www.versiegelung24.com\\\/sq\\\/vulosje-auto-xhami-ne-cilesi-profesionale.html\",\"name\":\"Auto mbyllje xhami n\u00eb cil\u00ebsi profesionale - versiegelung24.com\",\"isPartOf\":{\"@id\":\"https:\\\/\\\/www.versiegelung24.com\\\/sq\\\/#website\"},\"primaryImageOfPage\":{\"@id\":\"https:\\\/\\\/www.versiegelung24.com\\\/sq\\\/vulosje-auto-xhami-ne-cilesi-profesionale.html#primaryimage\"},\"image\":{\"@id\":\"https:\\\/\\\/www.versiegelung24.com\\\/sq\\\/vulosje-auto-xhami-ne-cilesi-profesionale.html#primaryimage\"},\"thumbnailUrl\":\"https:\\\/\\\/www.versiegelung24.com\\\/wp-content\\\/uploads\\\/2020\\\/06\\\/produkt-1002-7601-1000-Autoglasversiegelung-scaled.jpg\",\"datePublished\":\"2020-04-04T16:53:13+00:00\",\"dateModified\":\"2025-01-03T22:41:02+00:00\",\"breadcrumb\":{\"@id\":\"https:\\\/\\\/www.versiegelung24.com\\\/sq\\\/vulosje-auto-xhami-ne-cilesi-profesionale.html#breadcrumb\"},\"inLanguage\":\"sq-AL\",\"potentialAction\":[{\"@type\":\"ReadAction\",\"target\":[\"https:\\\/\\\/www.versiegelung24.com\\\/sq\\\/vulosje-auto-xhami-ne-cilesi-profesionale.html\"]}]},{\"@type\":\"ImageObject\",\"inLanguage\":\"sq-AL\",\"@id\":\"https:\\\/\\\/www.versiegelung24.com\\\/sq\\\/vulosje-auto-xhami-ne-cilesi-profesionale.html#primaryimage\",\"url\":\"https:\\\/\\\/www.versiegelung24.com\\\/wp-content\\\/uploads\\\/2020\\\/06\\\/produkt-1002-7601-1000-Autoglasversiegelung-scaled.jpg\",\"contentUrl\":\"https:\\\/\\\/www.versiegelung24.com\\\/wp-content\\\/uploads\\\/2020\\\/06\\\/produkt-1002-7601-1000-Autoglasversiegelung-scaled.jpg\",\"width\":2560,\"height\":2560},{\"@type\":\"BreadcrumbList\",\"@id\":\"https:\\\/\\\/www.versiegelung24.com\\\/sq\\\/vulosje-auto-xhami-ne-cilesi-profesionale.html#breadcrumb\",\"itemListElement\":[{\"@type\":\"ListItem\",\"position\":1,\"name\":\"Faqja kryesore\",\"item\":\"https:\\\/\\\/www.versiegelung24.com\\\/sq\\\/perpara\\\/\"},{\"@type\":\"ListItem\",\"position\":2,\"name\":\"Dyqan\",\"item\":\"https:\\\/\\\/www.versiegelung24.com\\\/sq\\\/dyqan\\\/\"},{\"@type\":\"ListItem\",\"position\":3,\"name\":\"Auto mbyllje xhami n\u00eb cil\u00ebsi profesionale\"}]},{\"@type\":\"WebSite\",\"@id\":\"https:\\\/\\\/www.versiegelung24.com\\\/sq\\\/#website\",\"url\":\"https:\\\/\\\/www.versiegelung24.com\\\/sq\\\/\",\"name\":\"versiegelung24.com\",\"description\":\"Fl\u00fcssigglas-Versiegelung - Made in Germany\",\"publisher\":{\"@id\":\"https:\\\/\\\/www.versiegelung24.com\\\/sq\\\/#organization\"},\"potentialAction\":[{\"@type\":\"SearchAction\",\"target\":{\"@type\":\"EntryPoint\",\"urlTemplate\":\"https:\\\/\\\/www.versiegelung24.com\\\/sq\\\/?s={search_term_string}\"},\"query-input\":{\"@type\":\"PropertyValueSpecification\",\"valueRequired\":true,\"valueName\":\"search_term_string\"}}],\"inLanguage\":\"sq-AL\"},{\"@type\":\"Organization\",\"@id\":\"https:\\\/\\\/www.versiegelung24.com\\\/sq\\\/#organization\",\"name\":\"versiegelung24\",\"url\":\"https:\\\/\\\/www.versiegelung24.com\\\/sq\\\/\",\"logo\":{\"@type\":\"ImageObject\",\"inLanguage\":\"sq-AL\",\"@id\":\"https:\\\/\\\/www.versiegelung24.com\\\/sq\\\/#\\\/schema\\\/logo\\\/image\\\/\",\"url\":\"https:\\\/\\\/www.versiegelung24.com\\\/wp-content\\\/uploads\\\/2020\\\/04\\\/versiegelung24.png\",\"contentUrl\":\"https:\\\/\\\/www.versiegelung24.com\\\/wp-content\\\/uploads\\\/2020\\\/04\\\/versiegelung24.png\",\"width\":470,\"height\":102,\"caption\":\"versiegelung24\"},\"image\":{\"@id\":\"https:\\\/\\\/www.versiegelung24.com\\\/sq\\\/#\\\/schema\\\/logo\\\/image\\\/\"}}]}<\/script>\n<meta property=\"og:availability\" content=\"instock\" \/>\n<meta property=\"product:availability\" content=\"instock\" \/>\n<meta property=\"product:retailer_item_id\" content=\"1002-7601\" \/>\n<meta property=\"product:condition\" content=\"new\" \/>\n<!-- \/ Yoast SEO Premium plugin. -->","yoast_head_json":{"title":"Auto mbyllje xhami n\u00eb cil\u00ebsi profesionale - versiegelung24.com","robots":{"index":"index","follow":"follow","max-snippet":"max-snippet:-1","max-image-preview":"max-image-preview:large","max-video-preview":"max-video-preview:-1"},"canonical":"https:\/\/www.versiegelung24.com\/sq\/vulosje-auto-xhami-ne-cilesi-profesionale.html","og_locale":"sq_AL","og_type":"article","og_title":"Auto mbyllje xhami n\u00eb cil\u00ebsi profesionale","og_description":"Mbyllje shum\u00eb efektive p\u00ebr xhamin e makinave dhe karvan\u00ebt: \u2713 Cil\u00ebsi profesionale \u2713 Kalojeni dimrin pothuajse pa g\u00ebrvishtje \u2713 P\u00ebrmir\u00ebsimi i duksh\u00ebm i dukshm\u00ebris\u00eb n\u00eb mot t\u00eb keq \u2713 Nga p\u00ebraf\u00ebrsisht 70 km\/h, shiu bie gjat\u00eb vozitjes edhe pa fshir\u00ebse xhami dhe siguron nj\u00eb pamje t\u00eb qart\u00eb","og_url":"https:\/\/www.versiegelung24.com\/sq\/vulosje-auto-xhami-ne-cilesi-profesionale.html","og_site_name":"versiegelung24.com","article_modified_time":"2025-01-03T22:41:02+00:00","og_image":[{"width":2560,"height":2560,"url":"https:\/\/www.versiegelung24.com\/wp-content\/uploads\/2020\/06\/produkt-1002-7601-1000-Autoglasversiegelung-scaled.jpg","type":"image\/jpeg"}],"twitter_card":"summary_large_image","twitter_misc":{"Availability":"In stock"},"schema":{"@context":"https:\/\/schema.org","@graph":[{"@type":"WebPage","@id":"https:\/\/www.versiegelung24.com\/sq\/vulosje-auto-xhami-ne-cilesi-profesionale.html","url":"https:\/\/www.versiegelung24.com\/sq\/vulosje-auto-xhami-ne-cilesi-profesionale.html","name":"Auto mbyllje xhami n\u00eb cil\u00ebsi profesionale - versiegelung24.com","isPartOf":{"@id":"https:\/\/www.versiegelung24.com\/sq\/#website"},"primaryImageOfPage":{"@id":"https:\/\/www.versiegelung24.com\/sq\/vulosje-auto-xhami-ne-cilesi-profesionale.html#primaryimage"},"image":{"@id":"https:\/\/www.versiegelung24.com\/sq\/vulosje-auto-xhami-ne-cilesi-profesionale.html#primaryimage"},"thumbnailUrl":"https:\/\/www.versiegelung24.com\/wp-content\/uploads\/2020\/06\/produkt-1002-7601-1000-Autoglasversiegelung-scaled.jpg","datePublished":"2020-04-04T16:53:13+00:00","dateModified":"2025-01-03T22:41:02+00:00","breadcrumb":{"@id":"https:\/\/www.versiegelung24.com\/sq\/vulosje-auto-xhami-ne-cilesi-profesionale.html#breadcrumb"},"inLanguage":"sq-AL","potentialAction":[{"@type":"ReadAction","target":["https:\/\/www.versiegelung24.com\/sq\/vulosje-auto-xhami-ne-cilesi-profesionale.html"]}]},{"@type":"ImageObject","inLanguage":"sq-AL","@id":"https:\/\/www.versiegelung24.com\/sq\/vulosje-auto-xhami-ne-cilesi-profesionale.html#primaryimage","url":"https:\/\/www.versiegelung24.com\/wp-content\/uploads\/2020\/06\/produkt-1002-7601-1000-Autoglasversiegelung-scaled.jpg","contentUrl":"https:\/\/www.versiegelung24.com\/wp-content\/uploads\/2020\/06\/produkt-1002-7601-1000-Autoglasversiegelung-scaled.jpg","width":2560,"height":2560},{"@type":"BreadcrumbList","@id":"https:\/\/www.versiegelung24.com\/sq\/vulosje-auto-xhami-ne-cilesi-profesionale.html#breadcrumb","itemListElement":[{"@type":"ListItem","position":1,"name":"Faqja kryesore","item":"https:\/\/www.versiegelung24.com\/sq\/perpara\/"},{"@type":"ListItem","position":2,"name":"Dyqan","item":"https:\/\/www.versiegelung24.com\/sq\/dyqan\/"},{"@type":"ListItem","position":3,"name":"Auto mbyllje xhami n\u00eb cil\u00ebsi profesionale"}]},{"@type":"WebSite","@id":"https:\/\/www.versiegelung24.com\/sq\/#website","url":"https:\/\/www.versiegelung24.com\/sq\/","name":"versiegelung24.com","description":"Fl\u00fcssigglas-Versiegelung - Made in Germany","publisher":{"@id":"https:\/\/www.versiegelung24.com\/sq\/#organization"},"potentialAction":[{"@type":"SearchAction","target":{"@type":"EntryPoint","urlTemplate":"https:\/\/www.versiegelung24.com\/sq\/?s={search_term_string}"},"query-input":{"@type":"PropertyValueSpecification","valueRequired":true,"valueName":"search_term_string"}}],"inLanguage":"sq-AL"},{"@type":"Organization","@id":"https:\/\/www.versiegelung24.com\/sq\/#organization","name":"versiegelung24","url":"https:\/\/www.versiegelung24.com\/sq\/","logo":{"@type":"ImageObject","inLanguage":"sq-AL","@id":"https:\/\/www.versiegelung24.com\/sq\/#\/schema\/logo\/image\/","url":"https:\/\/www.versiegelung24.com\/wp-content\/uploads\/2020\/04\/versiegelung24.png","contentUrl":"https:\/\/www.versiegelung24.com\/wp-content\/uploads\/2020\/04\/versiegelung24.png","width":470,"height":102,"caption":"versiegelung24"},"image":{"@id":"https:\/\/www.versiegelung24.com\/sq\/#\/schema\/logo\/image\/"}}]},"og_availability":"instock","product_availability":"instock","product_retailer_item_id":"1002-7601","product_condition":"new"},"_links":{"self":[{"href":"https:\/\/www.versiegelung24.com\/sq\/wp-json\/wp\/v2\/product\/22778","targetHints":{"allow":["GET"]}}],"collection":[{"href":"https:\/\/www.versiegelung24.com\/sq\/wp-json\/wp\/v2\/product"}],"about":[{"href":"https:\/\/www.versiegelung24.com\/sq\/wp-json\/wp\/v2\/types\/product"}],"version-history":[{"count":15,"href":"https:\/\/www.versiegelung24.com\/sq\/wp-json\/wp\/v2\/product\/22778\/revisions"}],"predecessor-version":[{"id":177555,"href":"https:\/\/www.versiegelung24.com\/sq\/wp-json\/wp\/v2\/product\/22778\/revisions\/177555"}],"wp:featuredmedia":[{"embeddable":true,"href":"https:\/\/www.versiegelung24.com\/sq\/wp-json\/wp\/v2\/media\/17590"}],"wp:attachment":[{"href":"https:\/\/www.versiegelung24.com\/sq\/wp-json\/wp\/v2\/media?parent=22778"}],"wp:term":[{"taxonomy":"product_brand","embeddable":true,"href":"https:\/\/www.versiegelung24.com\/sq\/wp-json\/wp\/v2\/product_brand?post=22778"},{"taxonomy":"product_cat","embeddable":true,"href":"https:\/\/www.versiegelung24.com\/sq\/wp-json\/wp\/v2\/product_cat?post=22778"},{"taxonomy":"product_tag","embeddable":true,"href":"https:\/\/www.versiegelung24.com\/sq\/wp-json\/wp\/v2\/product_tag?post=22778"}],"curies":[{"name":"wp","href":"https:\/\/api.w.org\/{rel}","templated":true}]}}