{"id":22802,"date":"2020-04-04T18:53:16","date_gmt":"2021-08-02T19:01:15","guid":{"rendered":"https:\/\/www.versiegelung24.com\/produkt\/1-liter-koncentrat-bacoban-per-100-litra-dezinfektim-afatgjate-te-siperfaqes"},"modified":"2025-01-13T16:36:12","modified_gmt":"2025-01-13T15:36:12","slug":"koncentrat-bacoban-afatgjate-i-dezinfektimit-te-siperfaqes","status":"publish","type":"product","link":"https:\/\/www.versiegelung24.com\/sq\/1-liter-koncentrat-bacoban-per-100-litra-dezinfektim-afatgjate-te-siperfaqes.html","title":{"rendered":"1 lit\u00ebr koncentrat BACOBAN\u00ae p\u00ebr 100 litra dezinfektim afatgjat\u00eb t\u00eb sip\u00ebrfaqes"},"content":{"rendered":"\n<h2 class=\"wp-block-heading\" id=\"1-liter-flasche-bacoban-langzeit-flachendesinfektion-konzentrat\">Shishe 1 lit\u00ebr koncentrat dezinfektimi sip\u00ebrfaq\u00ebsor afatgjat\u00eb BACOBAN\u00ae<\/h2>\n\n<p><strong>I mjaftuesh\u00ebm p\u00ebr 100 litra dezinfektues (i holluar 1: 100 me uj\u00eb)<\/strong><\/p>\n\n<p><strong>P\u00ebrdorni dezinfektues me kujdes. Gjithmon\u00eb lexoni etiket\u00ebn dhe informacionin e produktit para p\u00ebrdorimit.<\/strong><\/p>\n\n<hr \/>\n\n<h4 class=\"wp-block-heading\" id=\"properties\">Karakteristikat e produktit<\/h4>\n\n<ul class=\"wp-block-list\"><li>efekt i q\u00ebndruesh\u00ebm antimikrobik (efekti i remanenc\u00ebs)<br \/> deri n\u00eb 10 dit\u00eb<\/li><li>VAH t\u00eb listuara<\/li><li>efektive kund\u00ebr koronavirusit<\/li><li>toleranc\u00eb shum\u00eb e mir\u00eb e l\u00ebkur\u00ebs<\/li><li>efekt i lart\u00eb pastrimi<\/li><li>Aplikimi praktik i testuar n\u00eb testin me 4 fusha<\/li><\/ul>\n\n<p><strong>Bacoban<\/strong><sup> \u00ae<\/sup><strong> BB<\/strong> \u00ebsht\u00eb nj\u00eb koncentrat me baz\u00eb uji p\u00ebr dezinfektimin dhe pastrimin e kombinuar t\u00eb inventarit dhe dyshemeve me nj\u00eb efekt t\u00eb q\u00ebndruesh\u00ebm, antimikrobik (efekti i q\u00ebndrimit).<\/p>\n\n<hr \/>\n\n<h4 class=\"wp-block-heading\" id=\"application\">Aplikacion<\/h4>\n\n<h3 class=\"wp-block-heading\" id=\"gebrauch\">p\u00ebrdorim<\/h3>\n\n<p>Jasht\u00eb<strong> Bacoban<\/strong><sup> \u00ae<\/sup><strong> BB<\/strong> P\u00ebrgatitni nj\u00eb zgjidhje t\u00eb gatshme p\u00ebr p\u00ebrdorim sipas tryez\u00ebs s\u00eb p\u00ebrzierjes dhe lagni sip\u00ebrfaqet sa duhet. Mos e shp\u00eblani ose f\u00ebrkoni t\u00eb that\u00eb. Koha e q\u00ebndrimit t\u00eb tret\u00ebsir\u00ebs s\u00eb pun\u00ebs t\u00eb p\u00ebrgatitur fllad: 8 or\u00eb<\/p>\n\n<figure class=\"wp-block-table\"><table><tbody><tr><td>Tabela e p\u00ebrzierjes<\/td><\/tr><tr><td>V\u00ebllimi p\u00ebrfundimtar<\/td><td>0,5 %<\/td><td>1 %<\/td><td>2 %<\/td><td>3 %<\/td><\/tr><tr><td>1 lit\u00ebr<\/td><td>5 ml<\/td><td>10 ml<\/td><td>20 ml<\/td><td>30 ml<\/td><\/tr><tr><td>2 litra<\/td><td>10 ml<\/td><td>20 ml<\/td><td>40 ml<\/td><td>60 ml<\/td><\/tr><tr><td>4 litra<\/td><td>20 ml<\/td><td>40 ml<\/td><td>80 ml<\/td><td>120 ml<\/td><\/tr><tr><td>8 litra<\/td><td>40 ml<\/td><td>80 ml<\/td><td>160 ml<\/td><td>240 ml<\/td><\/tr><tr><td>10 litra<\/td><td>50 ml<\/td><td>100 ml<\/td><td>200 ml<\/td><td>300 ml<\/td><\/tr><\/tbody><\/table><\/figure>\n\n<p>Efekt i q\u00ebndruesh\u00ebm antimikrobik <strong>(efekt remanence)<\/strong> deri n\u00eb <strong>10 dit\u00eb<\/strong> (testuar bazuar n\u00eb ASTM E 2180).<br \/> I testuar dermatologjikisht (*n\u00eb 1%): pajtueshm\u00ebri shum\u00eb e mir\u00eb me l\u00ebkur\u00ebn.<\/p>\n\n<h3 class=\"wp-block-heading\" id=\"lagerung\">magazinimit<\/h3>\n\n<p><strong>Bacoban<\/strong><sup> \u00ae<\/sup><strong> BB<\/strong> ruani n\u00eb +5 deri + 25 \u00b0 C. Mbroni nga ngricat dhe rrezet e diellit direkte.<\/p>\n\n<hr \/>\n\n<h4 class=\"wp-block-heading\" id=\"advisor\">k\u00ebshilltar<\/h4>\n\n<h3 class=\"wp-block-heading\" id=\"gutachten\">Vler\u00ebsim<\/h3>\n\n<p>Produktet tona jan\u00eb testuar gjer\u00ebsisht. Ne do t\u00eb jemi t\u00eb lumtur t&#8217;ju ofrojm\u00eb raportet tona mikrobiologjike dhe dermatologjike sipas k\u00ebrkes\u00ebs.<\/p>\n\n<h3 class=\"wp-block-heading\" id=\"sicherheitshinweis\">Njoftim p\u00ebr sigurin\u00eb<\/h3>\n\n<p>Fleta e t\u00eb dh\u00ebnave t\u00eb siguris\u00eb n\u00eb dispozicion sipas k\u00ebrkes\u00ebs.<\/p>\n\n<p><strong>E r\u00ebnd\u00ebsishme<\/strong> ! Efekti mbet\u00ebs antimikrobik i<strong> Bacoban<\/strong><sup> \u00ae<\/sup><strong> BB<\/strong> nuk duhet t\u00eb \u00e7oj\u00eb n\u00eb l\u00ebshimin e masave t\u00eb nevojshme t\u00eb dezinfektimit n\u00eb rast t\u00eb ndotjes s\u00eb dukshme dhe \/ ose t\u00eb diskutueshme!<\/p>\n\n<p>Shoqata tregtare k\u00ebrkon q\u00eb t\u00eb vishen doreza gjat\u00eb trajtimit t\u00eb dezinfektuesve. E d\u00ebmshme n\u00ebse g\u00eblltitet. Shkakton acarim serioz t\u00eb l\u00ebkur\u00ebs dhe d\u00ebmtime serioze t\u00eb syve. Shum\u00eb toksike p\u00ebr organizmat ujor\u00eb. Toksike p\u00ebr jet\u00ebn ujore me efekte afatgjata. Mos hani, pini apo pini duhan kur p\u00ebrdorni. N\u00cbSE g\u00eblltitet: Shp\u00eblajeni goj\u00ebn. MOS shkaktoni t\u00eb vjella. N\u00cbSE N\u00cb L\u00cbKUR\u00cb (ose flok\u00eb): Hiqni menj\u00ebher\u00eb t\u00eb gjitha veshjet e kontaminuara. Lani l\u00ebkur\u00ebn me uj\u00eb\/dush. N\u00cbSE N\u00cb SYT\u00cb: Shp\u00eblajeni me kujdes me uj\u00eb p\u00ebr disa minuta. Hiqni lentet e kontaktit, n\u00ebse \u00ebsht\u00eb e mundur. Vazhdoni shp\u00eblarjen. Telefononi menj\u00ebher\u00eb Qendr\u00ebn e Helmimeve ose mjekun. N\u00ebse k\u00ebrkohet k\u00ebshilla mjek\u00ebsore, keni n\u00eb dispozicion nj\u00eb en\u00eb ose etiket\u00eb. Mbajeni jasht\u00eb mund\u00ebsive t\u00eb f\u00ebmij\u00ebve.<br \/> P\u00ebrdoreni vet\u00ebm me uj\u00eb dhe sipas tabel\u00ebs s\u00eb p\u00ebrzierjes. Mos e p\u00ebrdorni me pastrues ose dezinfektues t\u00eb tjer\u00eb.<\/p>\n\n<p>Mund t\u00eb p\u00ebrdoret n\u00eb t\u00eb gjitha sip\u00ebrfaqet. P\u00ebr sip\u00ebrfaqe t\u00eb dyshimta t\u00eb ndjeshme, ne rekomandojm\u00eb testimin e rezistenc\u00ebs n\u00eb nj\u00eb zon\u00eb q\u00eb nuk bie n\u00eb sy. Ruani vet\u00ebm n\u00eb nj\u00eb en\u00eb t\u00eb mbyllur. Ruani n\u00eb nj\u00eb vend t\u00eb fresk\u00ebt dhe t\u00eb that\u00eb.<\/p>\n\n<p>Kontejneri mund t\u00eb riciklohet vet\u00ebm kur t\u00eb jet\u00eb zbrazur plot\u00ebsisht. Mos e p\u00ebrdorni pas dat\u00ebs s\u00eb skadenc\u00ebs. Hidhni n\u00eb m\u00ebnyr\u00eb t\u00eb p\u00ebrshtatshme n\u00eb p\u00ebrputhje me rregulloret lokale dhe zyrtare.<\/p>\n\n<p>Nr. Reg. Biocide: N-28795 (D). 263\/17\/L (Lu)<\/p>\n\n<p>Zgjidhja e <strong>gatshme<\/strong> p\u00ebr p\u00ebrdorim sipas tabel\u00ebs s\u00eb p\u00ebrzierjes nuk k\u00ebrkon nj\u00eb simbol rreziku.<\/p>\n\n<h3 class=\"wp-block-heading\" id=\"zusammensetzung\">p\u00ebrb\u00ebrja<\/h3>\n\n<p>100 g tret\u00ebsir\u00eb p\u00ebrmbajn\u00eb: klorur benzalkoniumi 26 g, pirition natriumi 2.5 g, polikondensate, aroma, uj\u00eb t\u00eb pastruar. P\u00ebrb\u00ebr\u00ebsit sipas Rregullores (KE) Nr. 648\/2004: 15% dhe m\u00eb lart, por m\u00eb pak se 30% surfaktant\u00eb kationik\u00eb, dezinfektues, aroma (linalool, limonene, citral, geraniol, citronellol).<br \/>Pa formaldehide, pa fenol.<\/p>\n\n<figure class=\"wp-block-table\"><table><tbody><tr><td>efektiviteti<\/td><\/tr><tr><td>Testimi sipas udh\u00ebzimeve t\u00eb DVV \/ RKI<\/td><td>hollimi<\/td><td>Koh\u00eb ekspozimi<\/td><\/tr><tr><td>Begrenzt viruzid (beh\u00fcllte Viren inkl. <strong>Coronavirus<\/strong> ,<br \/> HIV, HBV, HCV, gripi, herpesi, virusi Ebola\u2026.)<\/td><td>1,00 %<\/td><td>5 min<\/td><\/tr><tr><td>Adenovirus<\/td><td>2,00 %<\/td><td>240 min<\/td><\/tr><tr><td>Virusi i papillom\u00ebs njer\u00ebzore (HPV)<\/td><td>1,00 %<\/td><td>60 min<\/td><\/tr><tr><td>Norovirus<\/td><td>1,00 %<\/td><td>30 min<\/td><\/tr><tr><td>Testimi sipas udh\u00ebzimit t\u00eb DGHM (me mekanik\u00eb, ngarkes\u00eb t\u00eb lart\u00eb)<\/td><\/tr><tr><td>baktericid dhe jasticid<\/td><td>1,00 %<\/td><td>5 min<\/td><\/tr><tr><td>Standardet EN<\/td><\/tr><tr><td>EN 1040 (baktericid)<\/td><td>0,25 %<\/td><td>5 min<\/td><\/tr><tr><td>EN 1275 (jasticid)<\/td><td>0,25 %<\/td><td>5 min<\/td><\/tr><tr><td>EN 1276 (baktericid)<\/td><td>0,75 %<\/td><td>5 min<\/td><\/tr><tr><td>\u00a0<\/td><td>0,50 %<\/td><td>15 minuta<\/td><\/tr><tr><td>EN 13727 (baktericid)<\/td><td>1,00 %<\/td><td>5 min<\/td><\/tr><tr><td>EN 13624 (jasticid, fungicid)<\/td><td>1,00 %<\/td><td>5 min<\/td><\/tr><tr><td>EN 1650 (jasticid)<\/td><td>0,50 %<\/td><td>5 min<\/td><\/tr><tr><td>\u00a0<\/td><td>0,25 %<\/td><td>15 minuta<\/td><\/tr><tr><td>EN 13697 (baktericid)<\/td><td>0,50 %<\/td><td>15 minuta<\/td><\/tr><tr><td>EN 14561 (baktericid)<\/td><td>0,50 %<\/td><td>15 minuta<\/td><\/tr><tr><td>\u00a0<\/td><td>0,50 %<\/td><td>60 min<\/td><\/tr><tr><td>EN 14562 (jasticid)<\/td><td>0,50 %<\/td><td>60 min<\/td><\/tr><tr><td>EN 16615 (baktericid, jasticid) (prov\u00eb me 4 fusha)<\/td><td>1,00 %<\/td><td>5 min<\/td><\/tr><\/tbody><\/table><\/figure>\n\n<p><strong>P\u00ebrdorni dezinfektues me kujdes. Gjithmon\u00eb lexoni etiket\u00ebn dhe informacionin e produktit para p\u00ebrdorimit.<\/strong><\/p>\n","protected":false},"excerpt":{"rendered":"<p style=\"color: #545454;font-family: Verdana, sans-serif;font-size: 11px;line-height: 15.666666984558105px\"><strong>Dezinfektimi dhe pastrimi i sip\u00ebrfaqes pa alkool<\/strong><\/p>\n","protected":false},"featured_media":21944,"template":"","meta":{"_acf_changed":false,"neve_meta_sidebar":"","neve_meta_container":"","neve_meta_enable_content_width":"","neve_meta_content_width":0,"neve_meta_title_alignment":"","neve_meta_author_avatar":"","neve_post_elements_order":"","neve_meta_disable_header":"","neve_meta_disable_footer":"","neve_meta_disable_title":"","neve_meta_reading_time":"","_surfaces":[],"_ver_product_tabs":[],"footnotes":""},"product_brand":[],"product_cat":[2232,2233,2234],"product_tag":[],"class_list":{"0":"post-22802","1":"product","2":"type-product","3":"status-publish","4":"has-post-thumbnail","6":"product_cat-dezinfektues","7":"product_cat-dezinfektues-te-siperfaqes","8":"product_cat-koncentrate-dezinfektuese","10":"first","11":"instock","12":"taxable","13":"shipping-taxable","14":"purchasable","15":"product-type-simple"},"acf":[],"yoast_head":"<!-- This site is optimized with the Yoast SEO Premium plugin v22.8 (Yoast SEO v27.5) - https:\/\/yoast.com\/product\/yoast-seo-premium-wordpress\/ -->\n<title>1 lit\u00ebr koncentrat BACOBAN\u00ae p\u00ebr 100 litra dezinfektim afatgjat\u00eb t\u00eb sip\u00ebrfaqes - versiegelung24.com<\/title>\n<meta name=\"robots\" content=\"index, follow, max-snippet:-1, max-image-preview:large, max-video-preview:-1\" \/>\n<link rel=\"canonical\" href=\"https:\/\/www.versiegelung24.com\/sq\/1-liter-koncentrat-bacoban-per-100-litra-dezinfektim-afatgjate-te-siperfaqes.html\" \/>\n<meta property=\"og:locale\" content=\"sq_AL\" \/>\n<meta property=\"og:type\" content=\"article\" \/>\n<meta property=\"og:title\" content=\"1 lit\u00ebr koncentrat BACOBAN\u00ae p\u00ebr 100 litra dezinfektim afatgjat\u00eb t\u00eb sip\u00ebrfaqes\" \/>\n<meta property=\"og:description\" content=\"Dezinfektimi dhe pastrimi i sip\u00ebrfaqes pa alkool\" \/>\n<meta property=\"og:url\" content=\"https:\/\/www.versiegelung24.com\/sq\/1-liter-koncentrat-bacoban-per-100-litra-dezinfektim-afatgjate-te-siperfaqes.html\" \/>\n<meta property=\"og:site_name\" content=\"versiegelung24.com\" \/>\n<meta property=\"article:modified_time\" content=\"2025-01-13T15:36:12+00:00\" \/>\n<meta property=\"og:image\" content=\"https:\/\/www.versiegelung24.com\/wp-content\/uploads\/2020\/04\/bacwb1-bacoban-langzeitdesinfektion-konzentrat-1-liter.png\" \/>\n\t<meta property=\"og:image:width\" content=\"1000\" \/>\n\t<meta property=\"og:image:height\" content=\"1000\" \/>\n\t<meta property=\"og:image:type\" content=\"image\/png\" \/>\n<meta name=\"twitter:card\" content=\"summary_large_image\" \/>\n<meta name=\"twitter:label1\" content=\"Price\" \/>\n\t<meta name=\"twitter:data1\" content=\"89,90&euro;\" \/>\n\t<meta name=\"twitter:label2\" content=\"Availability\" \/>\n\t<meta name=\"twitter:data2\" content=\"In stock\" \/>\n<script type=\"application\/ld+json\" class=\"yoast-schema-graph\">{\"@context\":\"https:\\\/\\\/schema.org\",\"@graph\":[{\"@type\":\"WebPage\",\"@id\":\"https:\\\/\\\/www.versiegelung24.com\\\/sq\\\/1-liter-koncentrat-bacoban-per-100-litra-dezinfektim-afatgjate-te-siperfaqes.html\",\"url\":\"https:\\\/\\\/www.versiegelung24.com\\\/sq\\\/1-liter-koncentrat-bacoban-per-100-litra-dezinfektim-afatgjate-te-siperfaqes.html\",\"name\":\"1 lit\u00ebr koncentrat BACOBAN\u00ae p\u00ebr 100 litra dezinfektim afatgjat\u00eb t\u00eb sip\u00ebrfaqes - versiegelung24.com\",\"isPartOf\":{\"@id\":\"https:\\\/\\\/www.versiegelung24.com\\\/sq\\\/#website\"},\"primaryImageOfPage\":{\"@id\":\"https:\\\/\\\/www.versiegelung24.com\\\/sq\\\/1-liter-koncentrat-bacoban-per-100-litra-dezinfektim-afatgjate-te-siperfaqes.html#primaryimage\"},\"image\":{\"@id\":\"https:\\\/\\\/www.versiegelung24.com\\\/sq\\\/1-liter-koncentrat-bacoban-per-100-litra-dezinfektim-afatgjate-te-siperfaqes.html#primaryimage\"},\"thumbnailUrl\":\"https:\\\/\\\/www.versiegelung24.com\\\/wp-content\\\/uploads\\\/2020\\\/04\\\/bacwb1-bacoban-langzeitdesinfektion-konzentrat-1-liter.png\",\"datePublished\":\"2021-08-02T19:01:15+00:00\",\"dateModified\":\"2025-01-13T15:36:12+00:00\",\"breadcrumb\":{\"@id\":\"https:\\\/\\\/www.versiegelung24.com\\\/sq\\\/1-liter-koncentrat-bacoban-per-100-litra-dezinfektim-afatgjate-te-siperfaqes.html#breadcrumb\"},\"inLanguage\":\"sq-AL\",\"potentialAction\":[{\"@type\":\"ReadAction\",\"target\":[\"https:\\\/\\\/www.versiegelung24.com\\\/sq\\\/1-liter-koncentrat-bacoban-per-100-litra-dezinfektim-afatgjate-te-siperfaqes.html\"]}]},{\"@type\":\"ImageObject\",\"inLanguage\":\"sq-AL\",\"@id\":\"https:\\\/\\\/www.versiegelung24.com\\\/sq\\\/1-liter-koncentrat-bacoban-per-100-litra-dezinfektim-afatgjate-te-siperfaqes.html#primaryimage\",\"url\":\"https:\\\/\\\/www.versiegelung24.com\\\/wp-content\\\/uploads\\\/2020\\\/04\\\/bacwb1-bacoban-langzeitdesinfektion-konzentrat-1-liter.png\",\"contentUrl\":\"https:\\\/\\\/www.versiegelung24.com\\\/wp-content\\\/uploads\\\/2020\\\/04\\\/bacwb1-bacoban-langzeitdesinfektion-konzentrat-1-liter.png\",\"width\":1000,\"height\":1000},{\"@type\":\"BreadcrumbList\",\"@id\":\"https:\\\/\\\/www.versiegelung24.com\\\/sq\\\/1-liter-koncentrat-bacoban-per-100-litra-dezinfektim-afatgjate-te-siperfaqes.html#breadcrumb\",\"itemListElement\":[{\"@type\":\"ListItem\",\"position\":1,\"name\":\"Faqja kryesore\",\"item\":\"https:\\\/\\\/www.versiegelung24.com\\\/sq\\\/perpara\\\/\"},{\"@type\":\"ListItem\",\"position\":2,\"name\":\"Dyqan\",\"item\":\"https:\\\/\\\/www.versiegelung24.com\\\/sq\\\/dyqan\\\/\"},{\"@type\":\"ListItem\",\"position\":3,\"name\":\"1 lit\u00ebr koncentrat BACOBAN\u00ae p\u00ebr 100 litra dezinfektim afatgjat\u00eb t\u00eb sip\u00ebrfaqes\"}]},{\"@type\":\"WebSite\",\"@id\":\"https:\\\/\\\/www.versiegelung24.com\\\/sq\\\/#website\",\"url\":\"https:\\\/\\\/www.versiegelung24.com\\\/sq\\\/\",\"name\":\"versiegelung24.com\",\"description\":\"Fl\u00fcssigglas-Versiegelung - Made in Germany\",\"publisher\":{\"@id\":\"https:\\\/\\\/www.versiegelung24.com\\\/sq\\\/#organization\"},\"potentialAction\":[{\"@type\":\"SearchAction\",\"target\":{\"@type\":\"EntryPoint\",\"urlTemplate\":\"https:\\\/\\\/www.versiegelung24.com\\\/sq\\\/?s={search_term_string}\"},\"query-input\":{\"@type\":\"PropertyValueSpecification\",\"valueRequired\":true,\"valueName\":\"search_term_string\"}}],\"inLanguage\":\"sq-AL\"},{\"@type\":\"Organization\",\"@id\":\"https:\\\/\\\/www.versiegelung24.com\\\/sq\\\/#organization\",\"name\":\"versiegelung24\",\"url\":\"https:\\\/\\\/www.versiegelung24.com\\\/sq\\\/\",\"logo\":{\"@type\":\"ImageObject\",\"inLanguage\":\"sq-AL\",\"@id\":\"https:\\\/\\\/www.versiegelung24.com\\\/sq\\\/#\\\/schema\\\/logo\\\/image\\\/\",\"url\":\"https:\\\/\\\/www.versiegelung24.com\\\/wp-content\\\/uploads\\\/2020\\\/04\\\/versiegelung24.png\",\"contentUrl\":\"https:\\\/\\\/www.versiegelung24.com\\\/wp-content\\\/uploads\\\/2020\\\/04\\\/versiegelung24.png\",\"width\":470,\"height\":102,\"caption\":\"versiegelung24\"},\"image\":{\"@id\":\"https:\\\/\\\/www.versiegelung24.com\\\/sq\\\/#\\\/schema\\\/logo\\\/image\\\/\"}}]}<\/script>\n<meta property=\"product:price:amount\" content=\"89.90\" \/>\n<meta property=\"product:price:currency\" content=\"EUR\" \/>\n<meta property=\"og:availability\" content=\"instock\" \/>\n<meta property=\"product:availability\" content=\"instock\" \/>\n<meta property=\"product:retailer_item_id\" content=\"BACWB1D\" \/>\n<meta property=\"product:condition\" content=\"new\" \/>\n<!-- \/ Yoast SEO Premium plugin. -->","yoast_head_json":{"title":"1 lit\u00ebr koncentrat BACOBAN\u00ae p\u00ebr 100 litra dezinfektim afatgjat\u00eb t\u00eb sip\u00ebrfaqes - versiegelung24.com","robots":{"index":"index","follow":"follow","max-snippet":"max-snippet:-1","max-image-preview":"max-image-preview:large","max-video-preview":"max-video-preview:-1"},"canonical":"https:\/\/www.versiegelung24.com\/sq\/1-liter-koncentrat-bacoban-per-100-litra-dezinfektim-afatgjate-te-siperfaqes.html","og_locale":"sq_AL","og_type":"article","og_title":"1 lit\u00ebr koncentrat BACOBAN\u00ae p\u00ebr 100 litra dezinfektim afatgjat\u00eb t\u00eb sip\u00ebrfaqes","og_description":"Dezinfektimi dhe pastrimi i sip\u00ebrfaqes pa alkool","og_url":"https:\/\/www.versiegelung24.com\/sq\/1-liter-koncentrat-bacoban-per-100-litra-dezinfektim-afatgjate-te-siperfaqes.html","og_site_name":"versiegelung24.com","article_modified_time":"2025-01-13T15:36:12+00:00","og_image":[{"width":1000,"height":1000,"url":"https:\/\/www.versiegelung24.com\/wp-content\/uploads\/2020\/04\/bacwb1-bacoban-langzeitdesinfektion-konzentrat-1-liter.png","type":"image\/png"}],"twitter_card":"summary_large_image","twitter_misc":{"Price":"89,90&euro;","Availability":"In stock"},"schema":{"@context":"https:\/\/schema.org","@graph":[{"@type":"WebPage","@id":"https:\/\/www.versiegelung24.com\/sq\/1-liter-koncentrat-bacoban-per-100-litra-dezinfektim-afatgjate-te-siperfaqes.html","url":"https:\/\/www.versiegelung24.com\/sq\/1-liter-koncentrat-bacoban-per-100-litra-dezinfektim-afatgjate-te-siperfaqes.html","name":"1 lit\u00ebr koncentrat BACOBAN\u00ae p\u00ebr 100 litra dezinfektim afatgjat\u00eb t\u00eb sip\u00ebrfaqes - versiegelung24.com","isPartOf":{"@id":"https:\/\/www.versiegelung24.com\/sq\/#website"},"primaryImageOfPage":{"@id":"https:\/\/www.versiegelung24.com\/sq\/1-liter-koncentrat-bacoban-per-100-litra-dezinfektim-afatgjate-te-siperfaqes.html#primaryimage"},"image":{"@id":"https:\/\/www.versiegelung24.com\/sq\/1-liter-koncentrat-bacoban-per-100-litra-dezinfektim-afatgjate-te-siperfaqes.html#primaryimage"},"thumbnailUrl":"https:\/\/www.versiegelung24.com\/wp-content\/uploads\/2020\/04\/bacwb1-bacoban-langzeitdesinfektion-konzentrat-1-liter.png","datePublished":"2021-08-02T19:01:15+00:00","dateModified":"2025-01-13T15:36:12+00:00","breadcrumb":{"@id":"https:\/\/www.versiegelung24.com\/sq\/1-liter-koncentrat-bacoban-per-100-litra-dezinfektim-afatgjate-te-siperfaqes.html#breadcrumb"},"inLanguage":"sq-AL","potentialAction":[{"@type":"ReadAction","target":["https:\/\/www.versiegelung24.com\/sq\/1-liter-koncentrat-bacoban-per-100-litra-dezinfektim-afatgjate-te-siperfaqes.html"]}]},{"@type":"ImageObject","inLanguage":"sq-AL","@id":"https:\/\/www.versiegelung24.com\/sq\/1-liter-koncentrat-bacoban-per-100-litra-dezinfektim-afatgjate-te-siperfaqes.html#primaryimage","url":"https:\/\/www.versiegelung24.com\/wp-content\/uploads\/2020\/04\/bacwb1-bacoban-langzeitdesinfektion-konzentrat-1-liter.png","contentUrl":"https:\/\/www.versiegelung24.com\/wp-content\/uploads\/2020\/04\/bacwb1-bacoban-langzeitdesinfektion-konzentrat-1-liter.png","width":1000,"height":1000},{"@type":"BreadcrumbList","@id":"https:\/\/www.versiegelung24.com\/sq\/1-liter-koncentrat-bacoban-per-100-litra-dezinfektim-afatgjate-te-siperfaqes.html#breadcrumb","itemListElement":[{"@type":"ListItem","position":1,"name":"Faqja kryesore","item":"https:\/\/www.versiegelung24.com\/sq\/perpara\/"},{"@type":"ListItem","position":2,"name":"Dyqan","item":"https:\/\/www.versiegelung24.com\/sq\/dyqan\/"},{"@type":"ListItem","position":3,"name":"1 lit\u00ebr koncentrat BACOBAN\u00ae p\u00ebr 100 litra dezinfektim afatgjat\u00eb t\u00eb sip\u00ebrfaqes"}]},{"@type":"WebSite","@id":"https:\/\/www.versiegelung24.com\/sq\/#website","url":"https:\/\/www.versiegelung24.com\/sq\/","name":"versiegelung24.com","description":"Fl\u00fcssigglas-Versiegelung - Made in Germany","publisher":{"@id":"https:\/\/www.versiegelung24.com\/sq\/#organization"},"potentialAction":[{"@type":"SearchAction","target":{"@type":"EntryPoint","urlTemplate":"https:\/\/www.versiegelung24.com\/sq\/?s={search_term_string}"},"query-input":{"@type":"PropertyValueSpecification","valueRequired":true,"valueName":"search_term_string"}}],"inLanguage":"sq-AL"},{"@type":"Organization","@id":"https:\/\/www.versiegelung24.com\/sq\/#organization","name":"versiegelung24","url":"https:\/\/www.versiegelung24.com\/sq\/","logo":{"@type":"ImageObject","inLanguage":"sq-AL","@id":"https:\/\/www.versiegelung24.com\/sq\/#\/schema\/logo\/image\/","url":"https:\/\/www.versiegelung24.com\/wp-content\/uploads\/2020\/04\/versiegelung24.png","contentUrl":"https:\/\/www.versiegelung24.com\/wp-content\/uploads\/2020\/04\/versiegelung24.png","width":470,"height":102,"caption":"versiegelung24"},"image":{"@id":"https:\/\/www.versiegelung24.com\/sq\/#\/schema\/logo\/image\/"}}]},"product_price_amount":"89.90","product_price_currency":"EUR","og_availability":"instock","product_availability":"instock","product_retailer_item_id":"BACWB1D","product_condition":"new"},"_links":{"self":[{"href":"https:\/\/www.versiegelung24.com\/sq\/wp-json\/wp\/v2\/product\/22802","targetHints":{"allow":["GET"]}}],"collection":[{"href":"https:\/\/www.versiegelung24.com\/sq\/wp-json\/wp\/v2\/product"}],"about":[{"href":"https:\/\/www.versiegelung24.com\/sq\/wp-json\/wp\/v2\/types\/product"}],"version-history":[{"count":17,"href":"https:\/\/www.versiegelung24.com\/sq\/wp-json\/wp\/v2\/product\/22802\/revisions"}],"predecessor-version":[{"id":180491,"href":"https:\/\/www.versiegelung24.com\/sq\/wp-json\/wp\/v2\/product\/22802\/revisions\/180491"}],"wp:featuredmedia":[{"embeddable":true,"href":"https:\/\/www.versiegelung24.com\/sq\/wp-json\/wp\/v2\/media\/21944"}],"wp:attachment":[{"href":"https:\/\/www.versiegelung24.com\/sq\/wp-json\/wp\/v2\/media?parent=22802"}],"wp:term":[{"taxonomy":"product_brand","embeddable":true,"href":"https:\/\/www.versiegelung24.com\/sq\/wp-json\/wp\/v2\/product_brand?post=22802"},{"taxonomy":"product_cat","embeddable":true,"href":"https:\/\/www.versiegelung24.com\/sq\/wp-json\/wp\/v2\/product_cat?post=22802"},{"taxonomy":"product_tag","embeddable":true,"href":"https:\/\/www.versiegelung24.com\/sq\/wp-json\/wp\/v2\/product_tag?post=22802"}],"curies":[{"name":"wp","href":"https:\/\/api.w.org\/{rel}","templated":true}]}}