{"id":22838,"date":"2020-04-04T18:53:11","date_gmt":"2021-08-02T19:04:08","guid":{"rendered":"https:\/\/www.versiegelung24.com\/produkt\/vulosja-e-tekstilit-ne-cilesi-profesionale"},"modified":"2025-01-03T23:27:42","modified_gmt":"2025-01-03T22:27:42","slug":"tekstile-vulosje-ne-cilesi-profesionale","status":"publish","type":"product","link":"https:\/\/www.versiegelung24.com\/sq\/tekstile-vulosje-ne-cilesi-profesionale.html","title":{"rendered":"Rapid Tex &#8211; vulosje tekstili n\u00eb cil\u00ebsi profesionale"},"content":{"rendered":"\n<p><strong>Vul\u00eb tekstili profesional me efekt lotusi (rezistente ndaj ujit) p\u00ebr p\u00ebrdorim t\u00eb brendsh\u00ebm dhe t\u00eb jasht\u00ebm<\/strong><\/p>\n\n<p>Cil\u00ebsi e lart\u00eb Prodhuar n\u00eb Gjermani.<\/p>\n\n<hr\/>\n\n<h4 class=\"wp-block-heading\" id=\"properties\">Karakteristikat e produktit<\/h4>\n\n<div class=\"wp-block-columns is-layout-flex wp-container-core-columns-is-layout-9d6595d7 wp-block-columns-is-layout-flex\">\n<div class=\"wp-block-column is-layout-flow wp-block-column-is-layout-flow\">\n<ul class=\"wp-block-list\">\n<li>Efekt i fort\u00eb hidrofobik dhe oleofobik (neveri ndaj ujit dhe vajit)<\/li>\n\n\n\n<li>Efekt i shk\u00eblqyesh\u00ebm i leht\u00eb p\u00ebr tu pastruar<\/li>\n\n\n\n<li>Papast\u00ebrtit\u00eb mund t\u00eb hiqen leht\u00ebsisht me nj\u00eb leck\u00eb t\u00eb lagur<\/li>\n\n\n\n<li>Frym\u00ebmarr\u00ebse<\/li>\n\n\n\n<li>I paduksh\u00ebm (pa ndryshim n\u00eb pamjen dhe ndjenj\u00ebn)<\/li>\n\n\n\n<li>Veti t\u00eb forta jo ngjit\u00ebse<\/li>\n\n\n\n<li>Mbrojtje kund\u00ebr njollave<\/li>\n\n\n\n<li>Redukton p\u00ebrdorimin e pastruesve kimik\u00eb<\/li>\n<\/ul>\n<\/div>\n\n\n\n<div class=\"wp-block-column is-layout-flow wp-block-column-is-layout-flow\">\n<ul id=\"block-f0be9b0c-a029-4c3c-a6e1-740fba50b471\" class=\"wp-block-list\">\n<li>Rrit rezistenc\u00ebn ndaj konsumit<\/li>\n\n\n\n<li>Asnj\u00eb d\u00ebmtim i pamjes<\/li>\n\n\n\n<li>Teknologji SiO\u00b2 nano<\/li>\n\n\n\n<li>Mbrojtja e fibrave nga dep\u00ebrtimi i grimcave t\u00eb papast\u00ebrtis\u00eb<\/li>\n\n\n\n<li>Aplikim i thjesht\u00eb<\/li>\n\n\n\n<li>Jet\u00ebgjat\u00ebsia e gjat\u00eb n\u00eb var\u00ebsi t\u00eb stresit mekanik<\/li>\n<\/ul>\n\n\n\n<p>Fusha e dor\u00ebzimit:<br\/> 1 x lit\u00ebr shishe<br\/> 1 x Kok\u00eb sp\u00ebrkatjeje pompe<br\/><\/p>\n<\/div>\n<\/div>\n\n<hr\/>\n\n<h4 class=\"wp-block-heading\" id=\"application\">Aplikacion<\/h4>\n\n<div class=\"wp-block-columns is-layout-flex wp-container-core-columns-is-layout-9d6595d7 wp-block-columns-is-layout-flex\">\n<div class=\"wp-block-column is-layout-flow wp-block-column-is-layout-flow\">\n<ul class=\"wp-block-list\">\n<li>veshje<\/li>\n\n\n\n<li>Tekstile sht\u00ebpiake (tapiceri, mobilje, qilima)<\/li>\n\n\n\n<li>Kamoshi \/ l\u00ebkur\u00eb<\/li>\n\n\n\n<li>Kuti kartoni<\/li>\n<\/ul>\n\n\n\n<p>Konsumi varet shum\u00eb nga struktura, absorbueshm\u00ebria dhe trash\u00ebsia e materialit q\u00eb do t\u00eb lyhet, af\u00ebrsisht 10-50 m\u00b2 \/ lit\u00ebr (p\u00ebraf\u00ebrsisht 10ml \/ m\u00b2 p\u00ebr mm trash\u00ebsi n\u00eb var\u00ebsi t\u00eb absorbueshm\u00ebris\u00eb).<\/p>\n<\/div>\n\n\n\n<div class=\"wp-block-column is-layout-flow wp-block-column-is-layout-flow\">\n<p><em>Kujdes: Vula \u00ebsht\u00eb zhvilluar p\u00ebr tekstilet q\u00eb nuk lahen kurr\u00eb ose rrall\u00eb. Q\u00ebndrueshm\u00ebria e vul\u00ebs n\u00eb rrobat q\u00eb lahen rregullisht \u00ebsht\u00eb deri n\u00eb 5 larje, n\u00eb maksimum. 30 \u00b0 C dhe larje vet\u00ebm me uj\u00eb, pa detergjent.<\/em><\/p>\n\n\n\n<p>Leht\u00eb p\u00ebr t&#8217;u aplikuar:<br\/> 1. Sp\u00ebrkateni n\u00eb nj\u00eb sip\u00ebrfaqe t\u00eb past\u00ebr.<br\/> 3. Thajeni dhe l\u00ebreni t\u00eb veproj\u00eb p\u00ebr 12 or\u00eb \u2013 gati<\/p>\n\n\n\n<p>Q\u00ebndrueshm\u00ebria: deri n\u00eb 1-5 vjet (n\u00eb var\u00ebsi t\u00eb tekstilit)<\/p>\n<\/div>\n<\/div>\n\n<p><strong>I p\u00ebrshtatsh\u00ebm p\u00ebr:<\/strong><br\/> Mobilje t\u00eb veshur me susta, dyshek\u00eb, mbulesa prej p\u00eblhure, sedilje makinash, tenda, veshje p\u00ebr koh\u00ebn e lir\u00eb dhe t\u00eb pun\u00ebs, kostume, k\u00ebmisha\/bluza, kravata, tenda, tekstile sht\u00ebpie, xhaketa, kamoshi (vet\u00ebm n\u00ebse nuk \u00ebsht\u00eb veshur m\u00eb par\u00eb), veshje aventure, \u00e7anta, anorake, kostume, maj\u00eb makine, pambuk, perde, doreza p\u00eblhure, perde tekstili, sedilje p\u00ebr f\u00ebmij\u00eb, karroca, jast\u00ebk\u00eb, kostume prej p\u00eblhure, rrasa p\u00eblhure, l\u00ebkur\u00eb napa, pallto, kapele, lodra prej pelushi, \u00e7ant\u00eb shpine, xhaket\u00eb, m\u00ebndafsh, ombrell\u00eb, p\u00eblhur\u00eb &#8211; Lodra, mbulesa tavoline etj.<\/p>\n","protected":false},"excerpt":{"rendered":"<p><strong>Mbyllja profesionale e tekstilit:<\/strong><\/p>\n<p>\u2713 Me efekt lotusi (rezistente ndaj ujit)<\/p>\n<p>\u2713 P\u00ebr p\u00ebrdorim t\u00eb brendsh\u00ebm dhe t\u00eb jasht\u00ebm<\/p>\n","protected":false},"featured_media":125340,"template":"","meta":{"_acf_changed":false,"neve_meta_sidebar":"","neve_meta_container":"","neve_meta_enable_content_width":"","neve_meta_content_width":0,"neve_meta_title_alignment":"","neve_meta_author_avatar":"","neve_post_elements_order":"","neve_meta_disable_header":"","neve_meta_disable_footer":"","neve_meta_disable_title":"","neve_meta_reading_time":"","_surfaces":[],"_ver_product_tabs":[],"footnotes":""},"product_brand":[],"product_cat":[2275],"product_tag":[],"class_list":{"0":"post-22838","1":"product","2":"type-product","3":"status-publish","4":"has-post-thumbnail","6":"product_cat-nenshkrimi-i-lekures-dhe-tekstilit","8":"first","9":"instock","10":"taxable","11":"shipping-taxable","12":"purchasable","13":"product-type-simple"},"acf":[],"yoast_head":"<!-- This site is optimized with the Yoast SEO Premium plugin v22.8 (Yoast SEO v27.4) - https:\/\/yoast.com\/product\/yoast-seo-premium-wordpress\/ -->\n<title>Rapid Tex - vulosje tekstili n\u00eb cil\u00ebsi profesionale - versiegelung24.com<\/title>\n<meta name=\"robots\" content=\"index, follow, max-snippet:-1, max-image-preview:large, max-video-preview:-1\" \/>\n<link rel=\"canonical\" href=\"https:\/\/www.versiegelung24.com\/sq\/tekstile-vulosje-ne-cilesi-profesionale.html\" \/>\n<meta property=\"og:locale\" content=\"sq_AL\" \/>\n<meta property=\"og:type\" content=\"article\" \/>\n<meta property=\"og:title\" content=\"Rapid Tex - vulosje tekstili n\u00eb cil\u00ebsi profesionale\" \/>\n<meta property=\"og:description\" content=\"Mbyllja profesionale e tekstilit: \u2713 Me efekt lotusi (rezistente ndaj ujit) \u2713 P\u00ebr p\u00ebrdorim t\u00eb brendsh\u00ebm dhe t\u00eb jasht\u00ebm\" \/>\n<meta property=\"og:url\" content=\"https:\/\/www.versiegelung24.com\/sq\/tekstile-vulosje-ne-cilesi-profesionale.html\" \/>\n<meta property=\"og:site_name\" content=\"versiegelung24.com\" \/>\n<meta property=\"article:modified_time\" content=\"2025-01-03T22:27:42+00:00\" \/>\n<meta property=\"og:image\" content=\"https:\/\/www.versiegelung24.com\/wp-content\/uploads\/2020\/04\/produkt-6000-689-1000-rapid-tex-Textilversiegelung-scaled.webp\" \/>\n\t<meta property=\"og:image:width\" content=\"2560\" \/>\n\t<meta property=\"og:image:height\" content=\"2560\" \/>\n\t<meta property=\"og:image:type\" content=\"image\/webp\" \/>\n<meta name=\"twitter:card\" content=\"summary_large_image\" \/>\n<meta name=\"twitter:label1\" content=\"Price\" \/>\n\t<meta name=\"twitter:data1\" content=\"49,00&euro;\" \/>\n\t<meta name=\"twitter:label2\" content=\"Availability\" \/>\n\t<meta name=\"twitter:data2\" content=\"In stock\" \/>\n<script type=\"application\/ld+json\" class=\"yoast-schema-graph\">{\"@context\":\"https:\\\/\\\/schema.org\",\"@graph\":[{\"@type\":\"WebPage\",\"@id\":\"https:\\\/\\\/www.versiegelung24.com\\\/sq\\\/tekstile-vulosje-ne-cilesi-profesionale.html\",\"url\":\"https:\\\/\\\/www.versiegelung24.com\\\/sq\\\/tekstile-vulosje-ne-cilesi-profesionale.html\",\"name\":\"Rapid Tex - vulosje tekstili n\u00eb cil\u00ebsi profesionale - versiegelung24.com\",\"isPartOf\":{\"@id\":\"https:\\\/\\\/www.versiegelung24.com\\\/sq\\\/#website\"},\"primaryImageOfPage\":{\"@id\":\"https:\\\/\\\/www.versiegelung24.com\\\/sq\\\/tekstile-vulosje-ne-cilesi-profesionale.html#primaryimage\"},\"image\":{\"@id\":\"https:\\\/\\\/www.versiegelung24.com\\\/sq\\\/tekstile-vulosje-ne-cilesi-profesionale.html#primaryimage\"},\"thumbnailUrl\":\"https:\\\/\\\/www.versiegelung24.com\\\/wp-content\\\/uploads\\\/2020\\\/04\\\/produkt-6000-689-1000-rapid-tex-Textilversiegelung-scaled.webp\",\"datePublished\":\"2021-08-02T19:04:08+00:00\",\"dateModified\":\"2025-01-03T22:27:42+00:00\",\"breadcrumb\":{\"@id\":\"https:\\\/\\\/www.versiegelung24.com\\\/sq\\\/tekstile-vulosje-ne-cilesi-profesionale.html#breadcrumb\"},\"inLanguage\":\"sq-AL\",\"potentialAction\":[{\"@type\":\"ReadAction\",\"target\":[\"https:\\\/\\\/www.versiegelung24.com\\\/sq\\\/tekstile-vulosje-ne-cilesi-profesionale.html\"]}]},{\"@type\":\"ImageObject\",\"inLanguage\":\"sq-AL\",\"@id\":\"https:\\\/\\\/www.versiegelung24.com\\\/sq\\\/tekstile-vulosje-ne-cilesi-profesionale.html#primaryimage\",\"url\":\"https:\\\/\\\/www.versiegelung24.com\\\/wp-content\\\/uploads\\\/2020\\\/04\\\/produkt-6000-689-1000-rapid-tex-Textilversiegelung-scaled.webp\",\"contentUrl\":\"https:\\\/\\\/www.versiegelung24.com\\\/wp-content\\\/uploads\\\/2020\\\/04\\\/produkt-6000-689-1000-rapid-tex-Textilversiegelung-scaled.webp\",\"width\":2560,\"height\":2560},{\"@type\":\"BreadcrumbList\",\"@id\":\"https:\\\/\\\/www.versiegelung24.com\\\/sq\\\/tekstile-vulosje-ne-cilesi-profesionale.html#breadcrumb\",\"itemListElement\":[{\"@type\":\"ListItem\",\"position\":1,\"name\":\"Faqja kryesore\",\"item\":\"https:\\\/\\\/www.versiegelung24.com\\\/sq\\\/perpara\\\/\"},{\"@type\":\"ListItem\",\"position\":2,\"name\":\"Dyqan\",\"item\":\"https:\\\/\\\/www.versiegelung24.com\\\/sq\\\/dyqan\\\/\"},{\"@type\":\"ListItem\",\"position\":3,\"name\":\"Rapid Tex &#8211; vulosje tekstili n\u00eb cil\u00ebsi profesionale\"}]},{\"@type\":\"WebSite\",\"@id\":\"https:\\\/\\\/www.versiegelung24.com\\\/sq\\\/#website\",\"url\":\"https:\\\/\\\/www.versiegelung24.com\\\/sq\\\/\",\"name\":\"versiegelung24.com\",\"description\":\"Fl\u00fcssigglas-Versiegelung - Made in Germany\",\"publisher\":{\"@id\":\"https:\\\/\\\/www.versiegelung24.com\\\/sq\\\/#organization\"},\"potentialAction\":[{\"@type\":\"SearchAction\",\"target\":{\"@type\":\"EntryPoint\",\"urlTemplate\":\"https:\\\/\\\/www.versiegelung24.com\\\/sq\\\/?s={search_term_string}\"},\"query-input\":{\"@type\":\"PropertyValueSpecification\",\"valueRequired\":true,\"valueName\":\"search_term_string\"}}],\"inLanguage\":\"sq-AL\"},{\"@type\":\"Organization\",\"@id\":\"https:\\\/\\\/www.versiegelung24.com\\\/sq\\\/#organization\",\"name\":\"versiegelung24\",\"url\":\"https:\\\/\\\/www.versiegelung24.com\\\/sq\\\/\",\"logo\":{\"@type\":\"ImageObject\",\"inLanguage\":\"sq-AL\",\"@id\":\"https:\\\/\\\/www.versiegelung24.com\\\/sq\\\/#\\\/schema\\\/logo\\\/image\\\/\",\"url\":\"https:\\\/\\\/www.versiegelung24.com\\\/wp-content\\\/uploads\\\/2020\\\/04\\\/versiegelung24.png\",\"contentUrl\":\"https:\\\/\\\/www.versiegelung24.com\\\/wp-content\\\/uploads\\\/2020\\\/04\\\/versiegelung24.png\",\"width\":470,\"height\":102,\"caption\":\"versiegelung24\"},\"image\":{\"@id\":\"https:\\\/\\\/www.versiegelung24.com\\\/sq\\\/#\\\/schema\\\/logo\\\/image\\\/\"}}]}<\/script>\n<meta property=\"product:price:amount\" content=\"49.00\" \/>\n<meta property=\"product:price:currency\" content=\"EUR\" \/>\n<meta property=\"og:availability\" content=\"instock\" \/>\n<meta property=\"product:availability\" content=\"instock\" \/>\n<meta property=\"product:retailer_item_id\" content=\"6000-689-1000\" \/>\n<meta property=\"product:condition\" content=\"new\" \/>\n<!-- \/ Yoast SEO Premium plugin. -->","yoast_head_json":{"title":"Rapid Tex - vulosje tekstili n\u00eb cil\u00ebsi profesionale - versiegelung24.com","robots":{"index":"index","follow":"follow","max-snippet":"max-snippet:-1","max-image-preview":"max-image-preview:large","max-video-preview":"max-video-preview:-1"},"canonical":"https:\/\/www.versiegelung24.com\/sq\/tekstile-vulosje-ne-cilesi-profesionale.html","og_locale":"sq_AL","og_type":"article","og_title":"Rapid Tex - vulosje tekstili n\u00eb cil\u00ebsi profesionale","og_description":"Mbyllja profesionale e tekstilit: \u2713 Me efekt lotusi (rezistente ndaj ujit) \u2713 P\u00ebr p\u00ebrdorim t\u00eb brendsh\u00ebm dhe t\u00eb jasht\u00ebm","og_url":"https:\/\/www.versiegelung24.com\/sq\/tekstile-vulosje-ne-cilesi-profesionale.html","og_site_name":"versiegelung24.com","article_modified_time":"2025-01-03T22:27:42+00:00","og_image":[{"width":2560,"height":2560,"url":"https:\/\/www.versiegelung24.com\/wp-content\/uploads\/2020\/04\/produkt-6000-689-1000-rapid-tex-Textilversiegelung-scaled.webp","type":"image\/webp"}],"twitter_card":"summary_large_image","twitter_misc":{"Price":"49,00&euro;","Availability":"In stock"},"schema":{"@context":"https:\/\/schema.org","@graph":[{"@type":"WebPage","@id":"https:\/\/www.versiegelung24.com\/sq\/tekstile-vulosje-ne-cilesi-profesionale.html","url":"https:\/\/www.versiegelung24.com\/sq\/tekstile-vulosje-ne-cilesi-profesionale.html","name":"Rapid Tex - vulosje tekstili n\u00eb cil\u00ebsi profesionale - versiegelung24.com","isPartOf":{"@id":"https:\/\/www.versiegelung24.com\/sq\/#website"},"primaryImageOfPage":{"@id":"https:\/\/www.versiegelung24.com\/sq\/tekstile-vulosje-ne-cilesi-profesionale.html#primaryimage"},"image":{"@id":"https:\/\/www.versiegelung24.com\/sq\/tekstile-vulosje-ne-cilesi-profesionale.html#primaryimage"},"thumbnailUrl":"https:\/\/www.versiegelung24.com\/wp-content\/uploads\/2020\/04\/produkt-6000-689-1000-rapid-tex-Textilversiegelung-scaled.webp","datePublished":"2021-08-02T19:04:08+00:00","dateModified":"2025-01-03T22:27:42+00:00","breadcrumb":{"@id":"https:\/\/www.versiegelung24.com\/sq\/tekstile-vulosje-ne-cilesi-profesionale.html#breadcrumb"},"inLanguage":"sq-AL","potentialAction":[{"@type":"ReadAction","target":["https:\/\/www.versiegelung24.com\/sq\/tekstile-vulosje-ne-cilesi-profesionale.html"]}]},{"@type":"ImageObject","inLanguage":"sq-AL","@id":"https:\/\/www.versiegelung24.com\/sq\/tekstile-vulosje-ne-cilesi-profesionale.html#primaryimage","url":"https:\/\/www.versiegelung24.com\/wp-content\/uploads\/2020\/04\/produkt-6000-689-1000-rapid-tex-Textilversiegelung-scaled.webp","contentUrl":"https:\/\/www.versiegelung24.com\/wp-content\/uploads\/2020\/04\/produkt-6000-689-1000-rapid-tex-Textilversiegelung-scaled.webp","width":2560,"height":2560},{"@type":"BreadcrumbList","@id":"https:\/\/www.versiegelung24.com\/sq\/tekstile-vulosje-ne-cilesi-profesionale.html#breadcrumb","itemListElement":[{"@type":"ListItem","position":1,"name":"Faqja kryesore","item":"https:\/\/www.versiegelung24.com\/sq\/perpara\/"},{"@type":"ListItem","position":2,"name":"Dyqan","item":"https:\/\/www.versiegelung24.com\/sq\/dyqan\/"},{"@type":"ListItem","position":3,"name":"Rapid Tex &#8211; vulosje tekstili n\u00eb cil\u00ebsi profesionale"}]},{"@type":"WebSite","@id":"https:\/\/www.versiegelung24.com\/sq\/#website","url":"https:\/\/www.versiegelung24.com\/sq\/","name":"versiegelung24.com","description":"Fl\u00fcssigglas-Versiegelung - Made in Germany","publisher":{"@id":"https:\/\/www.versiegelung24.com\/sq\/#organization"},"potentialAction":[{"@type":"SearchAction","target":{"@type":"EntryPoint","urlTemplate":"https:\/\/www.versiegelung24.com\/sq\/?s={search_term_string}"},"query-input":{"@type":"PropertyValueSpecification","valueRequired":true,"valueName":"search_term_string"}}],"inLanguage":"sq-AL"},{"@type":"Organization","@id":"https:\/\/www.versiegelung24.com\/sq\/#organization","name":"versiegelung24","url":"https:\/\/www.versiegelung24.com\/sq\/","logo":{"@type":"ImageObject","inLanguage":"sq-AL","@id":"https:\/\/www.versiegelung24.com\/sq\/#\/schema\/logo\/image\/","url":"https:\/\/www.versiegelung24.com\/wp-content\/uploads\/2020\/04\/versiegelung24.png","contentUrl":"https:\/\/www.versiegelung24.com\/wp-content\/uploads\/2020\/04\/versiegelung24.png","width":470,"height":102,"caption":"versiegelung24"},"image":{"@id":"https:\/\/www.versiegelung24.com\/sq\/#\/schema\/logo\/image\/"}}]},"product_price_amount":"49.00","product_price_currency":"EUR","og_availability":"instock","product_availability":"instock","product_retailer_item_id":"6000-689-1000","product_condition":"new"},"_links":{"self":[{"href":"https:\/\/www.versiegelung24.com\/sq\/wp-json\/wp\/v2\/product\/22838","targetHints":{"allow":["GET"]}}],"collection":[{"href":"https:\/\/www.versiegelung24.com\/sq\/wp-json\/wp\/v2\/product"}],"about":[{"href":"https:\/\/www.versiegelung24.com\/sq\/wp-json\/wp\/v2\/types\/product"}],"version-history":[{"count":14,"href":"https:\/\/www.versiegelung24.com\/sq\/wp-json\/wp\/v2\/product\/22838\/revisions"}],"predecessor-version":[{"id":174357,"href":"https:\/\/www.versiegelung24.com\/sq\/wp-json\/wp\/v2\/product\/22838\/revisions\/174357"}],"wp:featuredmedia":[{"embeddable":true,"href":"https:\/\/www.versiegelung24.com\/sq\/wp-json\/wp\/v2\/media\/125340"}],"wp:attachment":[{"href":"https:\/\/www.versiegelung24.com\/sq\/wp-json\/wp\/v2\/media?parent=22838"}],"wp:term":[{"taxonomy":"product_brand","embeddable":true,"href":"https:\/\/www.versiegelung24.com\/sq\/wp-json\/wp\/v2\/product_brand?post=22838"},{"taxonomy":"product_cat","embeddable":true,"href":"https:\/\/www.versiegelung24.com\/sq\/wp-json\/wp\/v2\/product_cat?post=22838"},{"taxonomy":"product_tag","embeddable":true,"href":"https:\/\/www.versiegelung24.com\/sq\/wp-json\/wp\/v2\/product_tag?post=22838"}],"curies":[{"name":"wp","href":"https:\/\/api.w.org\/{rel}","templated":true}]}}