{"id":22897,"date":"2020-04-04T18:53:18","date_gmt":"2021-08-02T19:07:01","guid":{"rendered":"https:\/\/www.versiegelung24.com\/produkt\/peceta-dezinfektuese-siperfaqesore-bacoban-50-cope-ne-nje-pako-te-sheshte"},"modified":"2025-01-13T16:38:06","modified_gmt":"2025-01-13T15:38:06","slug":"bacoban-afat-gjate-siperfaqja-dezinfektimi-lecka-50-cope-ne-banese-pako-pelhure-format-180-x-200mm","status":"publish","type":"product","link":"https:\/\/www.versiegelung24.com\/sq\/bacoban-afat-gjate-siperfaqja-dezinfektimi-lecka-50-cope-ne-banese-pako-pelhure-format-180-x-200mm.html","title":{"rendered":"Peceta dezinfektuese sip\u00ebrfaq\u00ebsore BACOBAN\u00ae, 50 cop\u00eb n\u00eb nj\u00eb pako t\u00eb shesht\u00eb"},"content":{"rendered":"\n<p>Peceta me lag\u00ebshtir\u00eb t\u00eb gatshme p\u00ebr p\u00ebrdorim p\u00ebr dezinfektimin e sip\u00ebrfaqeve rezistente ndaj alkoolit<\/p>\n\n<hr \/>\n\n<h4 class=\"wp-block-heading\" id=\"properties\">Karakteristikat e produktit<\/h4>\n\n<div class=\"wp-block-columns is-layout-flex wp-container-core-columns-is-layout-9d6595d7 wp-block-columns-is-layout-flex\">\n<div class=\"wp-block-column is-layout-flow wp-block-column-is-layout-flow\">\n<ul class=\"wp-block-list\">\n<li>efekt i q\u00ebndruesh\u00ebm antimikrobik (efekti i remanenc\u00ebs)<br \/> deri n\u00eb 10 dit\u00eb<\/li>\n\n\n\n<li>efektive kund\u00ebr koronavirusit<\/li>\n\n\n\n<li>toleranc\u00eb shum\u00eb e mir\u00eb e l\u00ebkur\u00ebs<\/li>\n\n\n\n<li>efekt i lart\u00eb pastrimi<\/li>\n\n\n\n<li>Aplikimi praktik i testuar n\u00eb testin me 4 fusha<\/li>\n<\/ul>\n<\/div>\n\n\n\n<div class=\"wp-block-column is-layout-flow wp-block-column-is-layout-flow\">\n<h3 class=\"wp-block-heading\" id=\"zusammensetzung\">p\u00ebrb\u00ebrja<\/h3>\n\n\n\n<p>100 g tret\u00ebsir\u00eb \u200b\u200bp\u00ebrmban: klorur benzalkonium 0,26 g, pirition natriumi 0,025 g, polikondensate, aroma, uj\u00eb t\u00eb pastruar.<br \/> P\u00ebrb\u00ebr\u00ebsit sipas VO (EC) Nr. 648\/2004: m\u00eb pak se 5% surfaktant\u00eb kationik\u00eb, dezinfektues, aroma.<br \/> Pa formaldehid, pa fenol.<\/p>\n<\/div>\n<\/div>\n\n<hr \/>\n\n<h4 class=\"wp-block-heading\" id=\"application\">Aplikacion<\/h4>\n\n<p><strong>Bacoban<\/strong><sup> \u00ae<\/sup><strong> DL<\/strong> \u00ebsht\u00eb nj\u00eb zgjidhje e gatshme p\u00ebr p\u00ebrdorim, me baz\u00eb uji p\u00ebr dezinfektimin dhe pastrimin e sip\u00ebrfaqes me nj\u00eb efekt t\u00eb q\u00ebndruesh\u00ebm, antimikrobik (efekti i q\u00ebndrimit).<\/p>\n\n<h3 class=\"wp-block-heading\" id=\"gebrauch\">p\u00ebrdorim<\/h3>\n\n<p><strong>Bacoban<\/strong><sup> \u00ae<\/sup><strong> DL<\/strong> Hiqni leck\u00ebn e gatshme p\u00ebr p\u00ebrdorim dhe shp\u00ebrndani l\u00ebngun n\u00eb m\u00ebnyr\u00eb t\u00eb barabart\u00eb n\u00eb sip\u00ebrfaqe. Pastaj l\u00ebreni t\u00eb thahet. Mos e shp\u00eblani ose f\u00ebrkoni t\u00eb that\u00eb.<\/p>\n\n<figure class=\"wp-block-table\"><table><tbody><tr><td>efektiviteti<\/td><\/tr><tr><td>Testimi sipas udh\u00ebzimeve t\u00eb DVV \/ RKI<\/td><td>Koh\u00eb ekspozimi<\/td><\/tr><tr><td>Begrenzt viruzid (beh\u00fcllte Viren inkl. <strong>Coronavirus<\/strong> ,<br \/> HIV, HBV, HCV, gripi, herpesi, virusi Ebola\u2026.)<\/td><td>5 min<\/td><\/tr><tr><td>Rotavirus<\/td><td>5 min<\/td><\/tr><tr><td>Norovirus<\/td><td>30 min<\/td><\/tr><tr><td>Papillomavirus (HPV)<\/td><td>60 min<\/td><\/tr><tr><td>Testimi sipas udh\u00ebzimit t\u00eb DGHM (me mekanik\u00eb, ngarkes\u00eb t\u00eb lart\u00eb)<\/td><\/tr><tr><td>baktericid dhe jasticid<\/td><td>5 min<\/td><\/tr><tr><td>Standardet EN<\/td><\/tr><tr><td>EN 1040 (baktericid)<\/td><td>5 min<\/td><\/tr><tr><td>EN 1275 (jasticid)<\/td><td>5 min<\/td><\/tr><tr><td>EN 1276 (baktericid)<\/td><td>5 min<\/td><\/tr><tr><td>EN 13727 (baktericid)<\/td><td>5 min<\/td><\/tr><tr><td>EN 13624 (jasticid, fungicid)<\/td><td>5 min<\/td><\/tr><tr><td>EN 1650 (jasticid)<\/td><td>5 min<\/td><\/tr><tr><td>EN 13697 (baktericid)<\/td><td>5 min<\/td><\/tr><tr><td>EN 14561 (baktericid)<\/td><td>60 min<\/td><\/tr><tr><td>EN 14562 (jasticid)<\/td><td>60 min<\/td><\/tr><tr><td>EN 16615 (baktericid, jasticid) (prov\u00eb me 4 fusha)<\/td><td>5 min<\/td><\/tr><\/tbody><\/table><\/figure>\n\n<hr \/>\n\n<h4 class=\"wp-block-heading\" id=\"advisor\">k\u00ebshilltar<\/h4>\n\n<h3 class=\"wp-block-heading\" id=\"lagerung\">magazinimit<\/h3>\n\n<p><strong>Bacoban<\/strong><sup> \u00ae<\/sup><strong> DL<\/strong> ruani n\u00eb +5 deri + 25 \u00b0 C. Mbroni nga ngricat dhe rrezet e diellit direkte.<\/p>\n\n<h3 class=\"wp-block-heading\" id=\"gutachten\">Vler\u00ebsim<\/h3>\n\n<p>Produktet tona jan\u00eb testuar gjer\u00ebsisht. Ne do t\u00eb jemi t\u00eb lumtur t&#8217;ju ofrojm\u00eb raportet tona mikrobiologjike dhe dermatologjike sipas k\u00ebrkes\u00ebs.<\/p>\n\n<h3 class=\"wp-block-heading\" id=\"sicherheitshinweis\">Njoftim p\u00ebr sigurin\u00eb<\/h3>\n\n<p>Fleta e t\u00eb dh\u00ebnave t\u00eb siguris\u00eb n\u00eb dispozicion sipas k\u00ebrkes\u00ebs.<\/p>\n\n<p>Efekt i q\u00ebndruesh\u00ebm antimikrobik <strong>(efekt remanence)<\/strong> deri n\u00eb <strong>10 dit\u00eb<\/strong> (e testuar bazuar n\u00eb ASTM E 2180).<br \/> I testuar dermatologjikisht (patch test me 30 subjekte testuese): pajtueshm\u00ebri shum\u00eb e mir\u00eb me l\u00ebkur\u00ebn.<\/p>\n\n<p><strong>E r\u00ebnd\u00ebsishme<\/strong> ! Efekti mbet\u00ebs antimikrobik i<strong> Bacoban<\/strong><sup> \u00ae<\/sup><strong> DL<\/strong> nuk duhet t\u00eb \u00e7oj\u00eb n\u00eb l\u00ebshimin e masave t\u00eb nevojshme t\u00eb dezinfektimit n\u00eb rast t\u00eb ndotjes s\u00eb dukshme dhe \/ ose t\u00eb diskutueshme!<\/p>\n\n<p><strong>P\u00ebrdorni dezinfektues me kujdes. Gjithmon\u00eb lexoni etiket\u00ebn dhe informacionin e produktit para p\u00ebrdorimit.<\/strong><\/p>\n\n<p>Regjistri Biocide. Nr.: N-34071 (D), 262\/17 \/ L (Lu), PT2<\/p>\n","protected":false},"excerpt":{"rendered":"<p><strong>Peceta t\u00eb lagura t\u00eb gatshme p\u00ebr p\u00ebrdorim p\u00ebr dezinfektimin e sip\u00ebrfaqeve<\/strong><\/p>\n","protected":false},"featured_media":176453,"template":"","meta":{"_acf_changed":false,"neve_meta_sidebar":"","neve_meta_container":"","neve_meta_enable_content_width":"","neve_meta_content_width":0,"neve_meta_title_alignment":"","neve_meta_author_avatar":"","neve_post_elements_order":"","neve_meta_disable_header":"","neve_meta_disable_footer":"","neve_meta_disable_title":"","neve_meta_reading_time":"","_surfaces":[],"_ver_product_tabs":[],"footnotes":""},"product_brand":[],"product_cat":[2232,2233],"product_tag":[],"class_list":{"0":"post-22897","1":"product","2":"type-product","3":"status-publish","4":"has-post-thumbnail","6":"product_cat-dezinfektues","7":"product_cat-dezinfektues-te-siperfaqes","9":"first","10":"onbackorder","11":"taxable","12":"shipping-taxable","13":"purchasable","14":"product-type-simple"},"acf":[],"yoast_head":"<!-- This site is optimized with the Yoast SEO Premium plugin v22.8 (Yoast SEO v27.5) - https:\/\/yoast.com\/product\/yoast-seo-premium-wordpress\/ -->\n<title>Peceta dezinfektuese sip\u00ebrfaq\u00ebsore BACOBAN\u00ae, 50 cop\u00eb n\u00eb nj\u00eb pako t\u00eb shesht\u00eb - versiegelung24.com<\/title>\n<meta name=\"robots\" content=\"index, follow, max-snippet:-1, max-image-preview:large, max-video-preview:-1\" \/>\n<link rel=\"canonical\" href=\"https:\/\/www.versiegelung24.com\/sq\/bacoban-afat-gjate-siperfaqja-dezinfektimi-lecka-50-cope-ne-banese-pako-pelhure-format-180-x-200mm.html\" \/>\n<meta property=\"og:locale\" content=\"sq_AL\" \/>\n<meta property=\"og:type\" content=\"article\" \/>\n<meta property=\"og:title\" content=\"Peceta dezinfektuese sip\u00ebrfaq\u00ebsore BACOBAN\u00ae, 50 cop\u00eb n\u00eb nj\u00eb pako t\u00eb shesht\u00eb\" \/>\n<meta property=\"og:description\" content=\"Peceta t\u00eb lagura t\u00eb gatshme p\u00ebr p\u00ebrdorim p\u00ebr dezinfektimin e sip\u00ebrfaqeve\" \/>\n<meta property=\"og:url\" content=\"https:\/\/www.versiegelung24.com\/sq\/bacoban-afat-gjate-siperfaqja-dezinfektimi-lecka-50-cope-ne-banese-pako-pelhure-format-180-x-200mm.html\" \/>\n<meta property=\"og:site_name\" content=\"versiegelung24.com\" \/>\n<meta property=\"article:modified_time\" content=\"2025-01-13T15:38:06+00:00\" \/>\n<meta property=\"og:image\" content=\"https:\/\/www.versiegelung24.com\/wp-content\/uploads\/2020\/04\/bacotue-produktbild-schraeg.webp\" \/>\n\t<meta property=\"og:image:width\" content=\"2000\" \/>\n\t<meta property=\"og:image:height\" content=\"2000\" \/>\n\t<meta property=\"og:image:type\" content=\"image\/webp\" \/>\n<meta name=\"twitter:card\" content=\"summary_large_image\" \/>\n<meta name=\"twitter:label1\" content=\"Price\" \/>\n\t<meta name=\"twitter:data1\" content=\"7,79&euro;\" \/>\n\t<meta name=\"twitter:label2\" content=\"Availability\" \/>\n\t<meta name=\"twitter:data2\" content=\"On backorder\" \/>\n<script type=\"application\/ld+json\" class=\"yoast-schema-graph\">{\"@context\":\"https:\\\/\\\/schema.org\",\"@graph\":[{\"@type\":\"WebPage\",\"@id\":\"https:\\\/\\\/www.versiegelung24.com\\\/sq\\\/bacoban-afat-gjate-siperfaqja-dezinfektimi-lecka-50-cope-ne-banese-pako-pelhure-format-180-x-200mm.html\",\"url\":\"https:\\\/\\\/www.versiegelung24.com\\\/sq\\\/bacoban-afat-gjate-siperfaqja-dezinfektimi-lecka-50-cope-ne-banese-pako-pelhure-format-180-x-200mm.html\",\"name\":\"Peceta dezinfektuese sip\u00ebrfaq\u00ebsore BACOBAN\u00ae, 50 cop\u00eb n\u00eb nj\u00eb pako t\u00eb shesht\u00eb - versiegelung24.com\",\"isPartOf\":{\"@id\":\"https:\\\/\\\/www.versiegelung24.com\\\/sq\\\/#website\"},\"primaryImageOfPage\":{\"@id\":\"https:\\\/\\\/www.versiegelung24.com\\\/sq\\\/bacoban-afat-gjate-siperfaqja-dezinfektimi-lecka-50-cope-ne-banese-pako-pelhure-format-180-x-200mm.html#primaryimage\"},\"image\":{\"@id\":\"https:\\\/\\\/www.versiegelung24.com\\\/sq\\\/bacoban-afat-gjate-siperfaqja-dezinfektimi-lecka-50-cope-ne-banese-pako-pelhure-format-180-x-200mm.html#primaryimage\"},\"thumbnailUrl\":\"https:\\\/\\\/www.versiegelung24.com\\\/wp-content\\\/uploads\\\/2020\\\/04\\\/bacotue-produktbild-schraeg.webp\",\"datePublished\":\"2021-08-02T19:07:01+00:00\",\"dateModified\":\"2025-01-13T15:38:06+00:00\",\"breadcrumb\":{\"@id\":\"https:\\\/\\\/www.versiegelung24.com\\\/sq\\\/bacoban-afat-gjate-siperfaqja-dezinfektimi-lecka-50-cope-ne-banese-pako-pelhure-format-180-x-200mm.html#breadcrumb\"},\"inLanguage\":\"sq-AL\",\"potentialAction\":[{\"@type\":\"ReadAction\",\"target\":[\"https:\\\/\\\/www.versiegelung24.com\\\/sq\\\/bacoban-afat-gjate-siperfaqja-dezinfektimi-lecka-50-cope-ne-banese-pako-pelhure-format-180-x-200mm.html\"]}]},{\"@type\":\"ImageObject\",\"inLanguage\":\"sq-AL\",\"@id\":\"https:\\\/\\\/www.versiegelung24.com\\\/sq\\\/bacoban-afat-gjate-siperfaqja-dezinfektimi-lecka-50-cope-ne-banese-pako-pelhure-format-180-x-200mm.html#primaryimage\",\"url\":\"https:\\\/\\\/www.versiegelung24.com\\\/wp-content\\\/uploads\\\/2020\\\/04\\\/bacotue-produktbild-schraeg.webp\",\"contentUrl\":\"https:\\\/\\\/www.versiegelung24.com\\\/wp-content\\\/uploads\\\/2020\\\/04\\\/bacotue-produktbild-schraeg.webp\",\"width\":2000,\"height\":2000},{\"@type\":\"BreadcrumbList\",\"@id\":\"https:\\\/\\\/www.versiegelung24.com\\\/sq\\\/bacoban-afat-gjate-siperfaqja-dezinfektimi-lecka-50-cope-ne-banese-pako-pelhure-format-180-x-200mm.html#breadcrumb\",\"itemListElement\":[{\"@type\":\"ListItem\",\"position\":1,\"name\":\"Faqja kryesore\",\"item\":\"https:\\\/\\\/www.versiegelung24.com\\\/sq\\\/perpara\\\/\"},{\"@type\":\"ListItem\",\"position\":2,\"name\":\"Dyqan\",\"item\":\"https:\\\/\\\/www.versiegelung24.com\\\/sq\\\/dyqan\\\/\"},{\"@type\":\"ListItem\",\"position\":3,\"name\":\"Peceta dezinfektuese sip\u00ebrfaq\u00ebsore BACOBAN\u00ae, 50 cop\u00eb n\u00eb nj\u00eb pako t\u00eb shesht\u00eb\"}]},{\"@type\":\"WebSite\",\"@id\":\"https:\\\/\\\/www.versiegelung24.com\\\/sq\\\/#website\",\"url\":\"https:\\\/\\\/www.versiegelung24.com\\\/sq\\\/\",\"name\":\"versiegelung24.com\",\"description\":\"Fl\u00fcssigglas-Versiegelung - Made in Germany\",\"publisher\":{\"@id\":\"https:\\\/\\\/www.versiegelung24.com\\\/sq\\\/#organization\"},\"potentialAction\":[{\"@type\":\"SearchAction\",\"target\":{\"@type\":\"EntryPoint\",\"urlTemplate\":\"https:\\\/\\\/www.versiegelung24.com\\\/sq\\\/?s={search_term_string}\"},\"query-input\":{\"@type\":\"PropertyValueSpecification\",\"valueRequired\":true,\"valueName\":\"search_term_string\"}}],\"inLanguage\":\"sq-AL\"},{\"@type\":\"Organization\",\"@id\":\"https:\\\/\\\/www.versiegelung24.com\\\/sq\\\/#organization\",\"name\":\"versiegelung24\",\"url\":\"https:\\\/\\\/www.versiegelung24.com\\\/sq\\\/\",\"logo\":{\"@type\":\"ImageObject\",\"inLanguage\":\"sq-AL\",\"@id\":\"https:\\\/\\\/www.versiegelung24.com\\\/sq\\\/#\\\/schema\\\/logo\\\/image\\\/\",\"url\":\"https:\\\/\\\/www.versiegelung24.com\\\/wp-content\\\/uploads\\\/2020\\\/04\\\/versiegelung24.png\",\"contentUrl\":\"https:\\\/\\\/www.versiegelung24.com\\\/wp-content\\\/uploads\\\/2020\\\/04\\\/versiegelung24.png\",\"width\":470,\"height\":102,\"caption\":\"versiegelung24\"},\"image\":{\"@id\":\"https:\\\/\\\/www.versiegelung24.com\\\/sq\\\/#\\\/schema\\\/logo\\\/image\\\/\"}}]}<\/script>\n<meta property=\"product:price:amount\" content=\"7.79\" \/>\n<meta property=\"product:price:currency\" content=\"EUR\" \/>\n<meta property=\"og:availability\" content=\"backorder\" \/>\n<meta property=\"product:availability\" content=\"available for order\" \/>\n<meta property=\"product:retailer_item_id\" content=\"BACTUE\" \/>\n<meta property=\"product:condition\" content=\"new\" \/>\n<!-- \/ Yoast SEO Premium plugin. -->","yoast_head_json":{"title":"Peceta dezinfektuese sip\u00ebrfaq\u00ebsore BACOBAN\u00ae, 50 cop\u00eb n\u00eb nj\u00eb pako t\u00eb shesht\u00eb - versiegelung24.com","robots":{"index":"index","follow":"follow","max-snippet":"max-snippet:-1","max-image-preview":"max-image-preview:large","max-video-preview":"max-video-preview:-1"},"canonical":"https:\/\/www.versiegelung24.com\/sq\/bacoban-afat-gjate-siperfaqja-dezinfektimi-lecka-50-cope-ne-banese-pako-pelhure-format-180-x-200mm.html","og_locale":"sq_AL","og_type":"article","og_title":"Peceta dezinfektuese sip\u00ebrfaq\u00ebsore BACOBAN\u00ae, 50 cop\u00eb n\u00eb nj\u00eb pako t\u00eb shesht\u00eb","og_description":"Peceta t\u00eb lagura t\u00eb gatshme p\u00ebr p\u00ebrdorim p\u00ebr dezinfektimin e sip\u00ebrfaqeve","og_url":"https:\/\/www.versiegelung24.com\/sq\/bacoban-afat-gjate-siperfaqja-dezinfektimi-lecka-50-cope-ne-banese-pako-pelhure-format-180-x-200mm.html","og_site_name":"versiegelung24.com","article_modified_time":"2025-01-13T15:38:06+00:00","og_image":[{"width":2000,"height":2000,"url":"https:\/\/www.versiegelung24.com\/wp-content\/uploads\/2020\/04\/bacotue-produktbild-schraeg.webp","type":"image\/webp"}],"twitter_card":"summary_large_image","twitter_misc":{"Price":"7,79&euro;","Availability":"On backorder"},"schema":{"@context":"https:\/\/schema.org","@graph":[{"@type":"WebPage","@id":"https:\/\/www.versiegelung24.com\/sq\/bacoban-afat-gjate-siperfaqja-dezinfektimi-lecka-50-cope-ne-banese-pako-pelhure-format-180-x-200mm.html","url":"https:\/\/www.versiegelung24.com\/sq\/bacoban-afat-gjate-siperfaqja-dezinfektimi-lecka-50-cope-ne-banese-pako-pelhure-format-180-x-200mm.html","name":"Peceta dezinfektuese sip\u00ebrfaq\u00ebsore BACOBAN\u00ae, 50 cop\u00eb n\u00eb nj\u00eb pako t\u00eb shesht\u00eb - versiegelung24.com","isPartOf":{"@id":"https:\/\/www.versiegelung24.com\/sq\/#website"},"primaryImageOfPage":{"@id":"https:\/\/www.versiegelung24.com\/sq\/bacoban-afat-gjate-siperfaqja-dezinfektimi-lecka-50-cope-ne-banese-pako-pelhure-format-180-x-200mm.html#primaryimage"},"image":{"@id":"https:\/\/www.versiegelung24.com\/sq\/bacoban-afat-gjate-siperfaqja-dezinfektimi-lecka-50-cope-ne-banese-pako-pelhure-format-180-x-200mm.html#primaryimage"},"thumbnailUrl":"https:\/\/www.versiegelung24.com\/wp-content\/uploads\/2020\/04\/bacotue-produktbild-schraeg.webp","datePublished":"2021-08-02T19:07:01+00:00","dateModified":"2025-01-13T15:38:06+00:00","breadcrumb":{"@id":"https:\/\/www.versiegelung24.com\/sq\/bacoban-afat-gjate-siperfaqja-dezinfektimi-lecka-50-cope-ne-banese-pako-pelhure-format-180-x-200mm.html#breadcrumb"},"inLanguage":"sq-AL","potentialAction":[{"@type":"ReadAction","target":["https:\/\/www.versiegelung24.com\/sq\/bacoban-afat-gjate-siperfaqja-dezinfektimi-lecka-50-cope-ne-banese-pako-pelhure-format-180-x-200mm.html"]}]},{"@type":"ImageObject","inLanguage":"sq-AL","@id":"https:\/\/www.versiegelung24.com\/sq\/bacoban-afat-gjate-siperfaqja-dezinfektimi-lecka-50-cope-ne-banese-pako-pelhure-format-180-x-200mm.html#primaryimage","url":"https:\/\/www.versiegelung24.com\/wp-content\/uploads\/2020\/04\/bacotue-produktbild-schraeg.webp","contentUrl":"https:\/\/www.versiegelung24.com\/wp-content\/uploads\/2020\/04\/bacotue-produktbild-schraeg.webp","width":2000,"height":2000},{"@type":"BreadcrumbList","@id":"https:\/\/www.versiegelung24.com\/sq\/bacoban-afat-gjate-siperfaqja-dezinfektimi-lecka-50-cope-ne-banese-pako-pelhure-format-180-x-200mm.html#breadcrumb","itemListElement":[{"@type":"ListItem","position":1,"name":"Faqja kryesore","item":"https:\/\/www.versiegelung24.com\/sq\/perpara\/"},{"@type":"ListItem","position":2,"name":"Dyqan","item":"https:\/\/www.versiegelung24.com\/sq\/dyqan\/"},{"@type":"ListItem","position":3,"name":"Peceta dezinfektuese sip\u00ebrfaq\u00ebsore BACOBAN\u00ae, 50 cop\u00eb n\u00eb nj\u00eb pako t\u00eb shesht\u00eb"}]},{"@type":"WebSite","@id":"https:\/\/www.versiegelung24.com\/sq\/#website","url":"https:\/\/www.versiegelung24.com\/sq\/","name":"versiegelung24.com","description":"Fl\u00fcssigglas-Versiegelung - Made in Germany","publisher":{"@id":"https:\/\/www.versiegelung24.com\/sq\/#organization"},"potentialAction":[{"@type":"SearchAction","target":{"@type":"EntryPoint","urlTemplate":"https:\/\/www.versiegelung24.com\/sq\/?s={search_term_string}"},"query-input":{"@type":"PropertyValueSpecification","valueRequired":true,"valueName":"search_term_string"}}],"inLanguage":"sq-AL"},{"@type":"Organization","@id":"https:\/\/www.versiegelung24.com\/sq\/#organization","name":"versiegelung24","url":"https:\/\/www.versiegelung24.com\/sq\/","logo":{"@type":"ImageObject","inLanguage":"sq-AL","@id":"https:\/\/www.versiegelung24.com\/sq\/#\/schema\/logo\/image\/","url":"https:\/\/www.versiegelung24.com\/wp-content\/uploads\/2020\/04\/versiegelung24.png","contentUrl":"https:\/\/www.versiegelung24.com\/wp-content\/uploads\/2020\/04\/versiegelung24.png","width":470,"height":102,"caption":"versiegelung24"},"image":{"@id":"https:\/\/www.versiegelung24.com\/sq\/#\/schema\/logo\/image\/"}}]},"product_price_amount":"7.79","product_price_currency":"EUR","og_availability":"backorder","product_availability":"available for order","product_retailer_item_id":"BACTUE","product_condition":"new"},"_links":{"self":[{"href":"https:\/\/www.versiegelung24.com\/sq\/wp-json\/wp\/v2\/product\/22897","targetHints":{"allow":["GET"]}}],"collection":[{"href":"https:\/\/www.versiegelung24.com\/sq\/wp-json\/wp\/v2\/product"}],"about":[{"href":"https:\/\/www.versiegelung24.com\/sq\/wp-json\/wp\/v2\/types\/product"}],"version-history":[{"count":16,"href":"https:\/\/www.versiegelung24.com\/sq\/wp-json\/wp\/v2\/product\/22897\/revisions"}],"predecessor-version":[{"id":180572,"href":"https:\/\/www.versiegelung24.com\/sq\/wp-json\/wp\/v2\/product\/22897\/revisions\/180572"}],"wp:featuredmedia":[{"embeddable":true,"href":"https:\/\/www.versiegelung24.com\/sq\/wp-json\/wp\/v2\/media\/176453"}],"wp:attachment":[{"href":"https:\/\/www.versiegelung24.com\/sq\/wp-json\/wp\/v2\/media?parent=22897"}],"wp:term":[{"taxonomy":"product_brand","embeddable":true,"href":"https:\/\/www.versiegelung24.com\/sq\/wp-json\/wp\/v2\/product_brand?post=22897"},{"taxonomy":"product_cat","embeddable":true,"href":"https:\/\/www.versiegelung24.com\/sq\/wp-json\/wp\/v2\/product_cat?post=22897"},{"taxonomy":"product_tag","embeddable":true,"href":"https:\/\/www.versiegelung24.com\/sq\/wp-json\/wp\/v2\/product_tag?post=22897"}],"curies":[{"name":"wp","href":"https:\/\/api.w.org\/{rel}","templated":true}]}}