{"id":22974,"date":"2020-04-04T18:53:16","date_gmt":"2021-08-02T19:09:47","guid":{"rendered":"https:\/\/www.versiegelung24.com\/produkt\/cizme-lustrim-special-dhe-vulosje-ne-cilesi-profesionale"},"modified":"2025-04-10T10:57:16","modified_gmt":"2025-04-10T08:57:16","slug":"boot-special-polish-dhe-vulosje-ne-cilesi-profesionale","status":"publish","type":"product","link":"https:\/\/www.versiegelung24.com\/sq\/boot-special-polish-dhe-vulosje-ne-cilesi-profesionale.html","title":{"rendered":"Lustrim dhe vulosje speciale p\u00ebr anije \/ jaht \/ vark\u00eb n\u00eb cil\u00ebsi profesionale"},"content":{"rendered":"\n<p><strong>Emulsion shum\u00eb efektiv p\u00ebr lustrimin dhe vulosjen e sip\u00ebrfaqeve mbi vij\u00ebn e ujit,<\/strong><strong> me efekt zambak uji (i pap\u00ebrshkuesh\u00ebm nga uji), jet\u00ebgjat\u00ebsi deri n\u00eb 3 muaj<\/strong><\/p>\n\n<p>Cil\u00ebsi e lart\u00eb Prodhuar n\u00eb Gjermani.<\/p>\n\n<hr \/>\n\n<h4 class=\"wp-block-heading\" id=\"properties\">Karakteristikat e produktit<\/h4>\n\n<div class=\"wp-block-columns is-layout-flex wp-container-core-columns-is-layout-9d6595d7 wp-block-columns-is-layout-flex\">\n<div class=\"wp-block-column is-layout-flow wp-block-column-is-layout-flow\">\n<ul class=\"wp-block-list\"><li>Lust\u00ebr me cil\u00ebsi t\u00eb lart\u00eb pa p\u00ebrb\u00ebr\u00ebs g\u00ebrryes, shtresat e boj\u00ebs nuk sulmohen<\/li><li>Emulsion, shum\u00eb i leht\u00eb p\u00ebr t\u2019u p\u00ebrdorur<\/li><li>Shk\u00eblqim dhe efekt freskues ngjyrash<\/li><li>Pastron, lustron dhe vulos n\u00eb nj\u00eb hap (heq katranin, rr\u00ebshir\u00ebn dhe mbetjet e insekteve)<\/li><li>Veshje jo ngjit\u00ebse kund\u00ebr ujit dhe papast\u00ebrtis\u00eb, me shk\u00eblqim<\/li><li>Parandalon ngjitjen e mbeturinave t\u00eb katranit dhe insekteve n\u00eb sip\u00ebrfaqe<\/li><li>Transparente \/ e padukshme, pamja e sip\u00ebrfaqes mbetet e pandryshuar<\/li><li>Zvog\u00eblon g\u00ebrvishtjet<\/li><\/ul>\n<\/div>\n\n\n\n<div class=\"wp-block-column is-layout-flow wp-block-column-is-layout-flow\">\n<ul class=\"wp-block-list\" id=\"block-f9534f4e-e312-4dfa-9828-0a3b34fc908e\"><li>Rezistent ndaj ngricave, pastrimit (p\u00ebrfshir\u00eb larjen e makinave), UV (parandalon zbehjen e boj\u00ebs), liza \/ alkali, uji i detit, ajri i kripur, plehrat e insekteve dhe ndotje t\u00eb tjera t\u00eb r\u00ebnda<\/li><li>Redukton ndjesh\u00ebm rezistenc\u00ebn e ajrit dhe k\u00ebshtu ofron efikasitet m\u00eb t\u00eb madh p\u00ebr anijet<\/li><li>Efekti &#8220;i leht\u00eb p\u00ebr t&#8217;u pastruar&#8221;, sip\u00ebrfaqet e veshura q\u00ebndrojn\u00eb t\u00eb pastra m\u00eb gjat\u00eb dhe jan\u00eb m\u00eb t\u00eb lehta p\u00ebr t&#8217;u pastruar.<\/li><li>P\u00ebr ambiente t\u00eb brendshme dhe t\u00eb jashtme<\/li><\/ul>\n\n\n\n<p>Fusha e dor\u00ebzimit:<br \/> 1 x lit\u00ebr shishe<br \/><\/p>\n<\/div>\n<\/div>\n\n<hr \/>\n\n<h4 class=\"wp-block-heading\" id=\"application\">Aplikacion<\/h4>\n\n<div class=\"wp-block-columns is-layout-flex wp-container-core-columns-is-layout-9d6595d7 wp-block-columns-is-layout-flex\">\n<div class=\"wp-block-column is-layout-flow wp-block-column-is-layout-flow\">\n<ul class=\"wp-block-list\"><li>Ideale p\u00ebr trajtimin e sip\u00ebrfaqeve n\u00eb anije q\u00eb jan\u00eb mbi vij\u00ebn e ujit (boj\u00ebra, plumer \/ plastik\u00eb)<\/li><\/ul>\n\n\n\n<p>Sasia e k\u00ebrkuar varet nga sip\u00ebrfaqja q\u00eb do t\u00eb lyhet (shkalla e konsumimit dhe ndotjes) dhe rroba q\u00eb p\u00ebrdoret. Shkalla e p\u00ebrhapjes \u00ebsht\u00eb p\u00ebraf\u00ebrsisht 20-40 ml \/ m\u00b2.<\/p>\n<\/div>\n\n\n\n<div class=\"wp-block-column is-layout-flow wp-block-column-is-layout-flow\">\n<p>Leht\u00eb p\u00ebr t&#8217;u aplikuar:<br \/> 1. Fshijeni ngjit\u00ebsin dhe l\u00ebmoni at\u00eb<br \/> 2. L\u00ebreni t\u00eb forcohet p\u00ebr 12 or\u00eb \u2013 gati<\/p>\n\n\n\n<p>Afati i ruajtjes: Deri n\u00eb 3 muaj<\/p>\n<\/div>\n<\/div>\n","protected":false},"excerpt":{"rendered":"<p><strong>Vula profesionale shum\u00eb efektive p\u00ebr:<\/strong><\/p>\n<p>\u2713 Varkat<\/p>\n<p>\u2713 Me efekt lotusi (rezistente ndaj ujit)<\/p>\n<p>\u2713 Jet\u00ebgjat\u00ebsia deri n\u00eb 3 muaj<\/p>\n","protected":false},"featured_media":17802,"template":"","meta":{"_acf_changed":false,"neve_meta_sidebar":"","neve_meta_container":"","neve_meta_enable_content_width":"","neve_meta_content_width":0,"neve_meta_title_alignment":"","neve_meta_author_avatar":"","neve_post_elements_order":"","neve_meta_disable_header":"","neve_meta_disable_footer":"","neve_meta_disable_title":"","neve_meta_reading_time":"","_surfaces":[],"_ver_product_tabs":[],"footnotes":""},"product_brand":[],"product_cat":[2172],"product_tag":[],"class_list":{"0":"post-22974","1":"product","2":"type-product","3":"status-publish","4":"has-post-thumbnail","6":"product_cat-vulosja-e-makinave","8":"first","9":"instock","10":"taxable","11":"shipping-taxable","12":"purchasable","13":"product-type-simple"},"acf":[],"yoast_head":"<!-- This site is optimized with the Yoast SEO Premium plugin v22.8 (Yoast SEO v27.5) - https:\/\/yoast.com\/product\/yoast-seo-premium-wordpress\/ -->\n<title>Lustrim dhe vulosje speciale p\u00ebr anije \/ jaht \/ vark\u00eb n\u00eb cil\u00ebsi profesionale - versiegelung24.com<\/title>\n<meta name=\"robots\" content=\"index, follow, max-snippet:-1, max-image-preview:large, max-video-preview:-1\" \/>\n<link rel=\"canonical\" href=\"https:\/\/www.versiegelung24.com\/sq\/boot-special-polish-dhe-vulosje-ne-cilesi-profesionale.html\" \/>\n<meta property=\"og:locale\" content=\"sq_AL\" \/>\n<meta property=\"og:type\" content=\"article\" \/>\n<meta property=\"og:title\" content=\"Lustrim dhe vulosje speciale p\u00ebr anije \/ jaht \/ vark\u00eb n\u00eb cil\u00ebsi profesionale\" \/>\n<meta property=\"og:description\" content=\"Vula profesionale shum\u00eb efektive p\u00ebr: \u2713 Varkat \u2713 Me efekt lotusi (rezistente ndaj ujit) \u2713 Jet\u00ebgjat\u00ebsia deri n\u00eb 3 muaj\" \/>\n<meta property=\"og:url\" content=\"https:\/\/www.versiegelung24.com\/sq\/boot-special-polish-dhe-vulosje-ne-cilesi-profesionale.html\" \/>\n<meta property=\"og:site_name\" content=\"versiegelung24.com\" \/>\n<meta property=\"article:modified_time\" content=\"2025-04-10T08:57:16+00:00\" \/>\n<meta property=\"og:image\" content=\"https:\/\/www.versiegelung24.com\/wp-content\/uploads\/2020\/06\/produkt-2002-7660-1000-Boot-Spezial-Politur-Versiegelung-scaled.jpg\" \/>\n\t<meta property=\"og:image:width\" content=\"2560\" \/>\n\t<meta property=\"og:image:height\" content=\"2560\" \/>\n\t<meta property=\"og:image:type\" content=\"image\/jpeg\" \/>\n<meta name=\"twitter:card\" content=\"summary_large_image\" \/>\n<meta name=\"twitter:label1\" content=\"Price\" \/>\n\t<meta name=\"twitter:data1\" content=\"99,00&euro;\" \/>\n\t<meta name=\"twitter:label2\" content=\"Availability\" \/>\n\t<meta name=\"twitter:data2\" content=\"In stock\" \/>\n<script type=\"application\/ld+json\" class=\"yoast-schema-graph\">{\"@context\":\"https:\\\/\\\/schema.org\",\"@graph\":[{\"@type\":\"WebPage\",\"@id\":\"https:\\\/\\\/www.versiegelung24.com\\\/sq\\\/boot-special-polish-dhe-vulosje-ne-cilesi-profesionale.html\",\"url\":\"https:\\\/\\\/www.versiegelung24.com\\\/sq\\\/boot-special-polish-dhe-vulosje-ne-cilesi-profesionale.html\",\"name\":\"Lustrim dhe vulosje speciale p\u00ebr anije \\\/ jaht \\\/ vark\u00eb n\u00eb cil\u00ebsi profesionale - versiegelung24.com\",\"isPartOf\":{\"@id\":\"https:\\\/\\\/www.versiegelung24.com\\\/sq\\\/#website\"},\"primaryImageOfPage\":{\"@id\":\"https:\\\/\\\/www.versiegelung24.com\\\/sq\\\/boot-special-polish-dhe-vulosje-ne-cilesi-profesionale.html#primaryimage\"},\"image\":{\"@id\":\"https:\\\/\\\/www.versiegelung24.com\\\/sq\\\/boot-special-polish-dhe-vulosje-ne-cilesi-profesionale.html#primaryimage\"},\"thumbnailUrl\":\"https:\\\/\\\/www.versiegelung24.com\\\/wp-content\\\/uploads\\\/2020\\\/06\\\/produkt-2002-7660-1000-Boot-Spezial-Politur-Versiegelung-scaled.jpg\",\"datePublished\":\"2021-08-02T19:09:47+00:00\",\"dateModified\":\"2025-04-10T08:57:16+00:00\",\"breadcrumb\":{\"@id\":\"https:\\\/\\\/www.versiegelung24.com\\\/sq\\\/boot-special-polish-dhe-vulosje-ne-cilesi-profesionale.html#breadcrumb\"},\"inLanguage\":\"sq-AL\",\"potentialAction\":[{\"@type\":\"ReadAction\",\"target\":[\"https:\\\/\\\/www.versiegelung24.com\\\/sq\\\/boot-special-polish-dhe-vulosje-ne-cilesi-profesionale.html\"]}]},{\"@type\":\"ImageObject\",\"inLanguage\":\"sq-AL\",\"@id\":\"https:\\\/\\\/www.versiegelung24.com\\\/sq\\\/boot-special-polish-dhe-vulosje-ne-cilesi-profesionale.html#primaryimage\",\"url\":\"https:\\\/\\\/www.versiegelung24.com\\\/wp-content\\\/uploads\\\/2020\\\/06\\\/produkt-2002-7660-1000-Boot-Spezial-Politur-Versiegelung-scaled.jpg\",\"contentUrl\":\"https:\\\/\\\/www.versiegelung24.com\\\/wp-content\\\/uploads\\\/2020\\\/06\\\/produkt-2002-7660-1000-Boot-Spezial-Politur-Versiegelung-scaled.jpg\",\"width\":2560,\"height\":2560},{\"@type\":\"BreadcrumbList\",\"@id\":\"https:\\\/\\\/www.versiegelung24.com\\\/sq\\\/boot-special-polish-dhe-vulosje-ne-cilesi-profesionale.html#breadcrumb\",\"itemListElement\":[{\"@type\":\"ListItem\",\"position\":1,\"name\":\"Faqja kryesore\",\"item\":\"https:\\\/\\\/www.versiegelung24.com\\\/sq\\\/perpara\\\/\"},{\"@type\":\"ListItem\",\"position\":2,\"name\":\"Dyqan\",\"item\":\"https:\\\/\\\/www.versiegelung24.com\\\/sq\\\/dyqan\\\/\"},{\"@type\":\"ListItem\",\"position\":3,\"name\":\"Lustrim dhe vulosje speciale p\u00ebr anije \\\/ jaht \\\/ vark\u00eb n\u00eb cil\u00ebsi profesionale\"}]},{\"@type\":\"WebSite\",\"@id\":\"https:\\\/\\\/www.versiegelung24.com\\\/sq\\\/#website\",\"url\":\"https:\\\/\\\/www.versiegelung24.com\\\/sq\\\/\",\"name\":\"versiegelung24.com\",\"description\":\"Fl\u00fcssigglas-Versiegelung - Made in Germany\",\"publisher\":{\"@id\":\"https:\\\/\\\/www.versiegelung24.com\\\/sq\\\/#organization\"},\"potentialAction\":[{\"@type\":\"SearchAction\",\"target\":{\"@type\":\"EntryPoint\",\"urlTemplate\":\"https:\\\/\\\/www.versiegelung24.com\\\/sq\\\/?s={search_term_string}\"},\"query-input\":{\"@type\":\"PropertyValueSpecification\",\"valueRequired\":true,\"valueName\":\"search_term_string\"}}],\"inLanguage\":\"sq-AL\"},{\"@type\":\"Organization\",\"@id\":\"https:\\\/\\\/www.versiegelung24.com\\\/sq\\\/#organization\",\"name\":\"versiegelung24\",\"url\":\"https:\\\/\\\/www.versiegelung24.com\\\/sq\\\/\",\"logo\":{\"@type\":\"ImageObject\",\"inLanguage\":\"sq-AL\",\"@id\":\"https:\\\/\\\/www.versiegelung24.com\\\/sq\\\/#\\\/schema\\\/logo\\\/image\\\/\",\"url\":\"https:\\\/\\\/www.versiegelung24.com\\\/wp-content\\\/uploads\\\/2020\\\/04\\\/versiegelung24.png\",\"contentUrl\":\"https:\\\/\\\/www.versiegelung24.com\\\/wp-content\\\/uploads\\\/2020\\\/04\\\/versiegelung24.png\",\"width\":470,\"height\":102,\"caption\":\"versiegelung24\"},\"image\":{\"@id\":\"https:\\\/\\\/www.versiegelung24.com\\\/sq\\\/#\\\/schema\\\/logo\\\/image\\\/\"}}]}<\/script>\n<meta property=\"product:price:amount\" content=\"99.00\" \/>\n<meta property=\"product:price:currency\" content=\"EUR\" \/>\n<meta property=\"og:availability\" content=\"instock\" \/>\n<meta property=\"product:availability\" content=\"instock\" \/>\n<meta property=\"product:retailer_item_id\" content=\"2002-7660-1000\" \/>\n<meta property=\"product:condition\" content=\"new\" \/>\n<!-- \/ Yoast SEO Premium plugin. -->","yoast_head_json":{"title":"Lustrim dhe vulosje speciale p\u00ebr anije \/ jaht \/ vark\u00eb n\u00eb cil\u00ebsi profesionale - versiegelung24.com","robots":{"index":"index","follow":"follow","max-snippet":"max-snippet:-1","max-image-preview":"max-image-preview:large","max-video-preview":"max-video-preview:-1"},"canonical":"https:\/\/www.versiegelung24.com\/sq\/boot-special-polish-dhe-vulosje-ne-cilesi-profesionale.html","og_locale":"sq_AL","og_type":"article","og_title":"Lustrim dhe vulosje speciale p\u00ebr anije \/ jaht \/ vark\u00eb n\u00eb cil\u00ebsi profesionale","og_description":"Vula profesionale shum\u00eb efektive p\u00ebr: \u2713 Varkat \u2713 Me efekt lotusi (rezistente ndaj ujit) \u2713 Jet\u00ebgjat\u00ebsia deri n\u00eb 3 muaj","og_url":"https:\/\/www.versiegelung24.com\/sq\/boot-special-polish-dhe-vulosje-ne-cilesi-profesionale.html","og_site_name":"versiegelung24.com","article_modified_time":"2025-04-10T08:57:16+00:00","og_image":[{"width":2560,"height":2560,"url":"https:\/\/www.versiegelung24.com\/wp-content\/uploads\/2020\/06\/produkt-2002-7660-1000-Boot-Spezial-Politur-Versiegelung-scaled.jpg","type":"image\/jpeg"}],"twitter_card":"summary_large_image","twitter_misc":{"Price":"99,00&euro;","Availability":"In stock"},"schema":{"@context":"https:\/\/schema.org","@graph":[{"@type":"WebPage","@id":"https:\/\/www.versiegelung24.com\/sq\/boot-special-polish-dhe-vulosje-ne-cilesi-profesionale.html","url":"https:\/\/www.versiegelung24.com\/sq\/boot-special-polish-dhe-vulosje-ne-cilesi-profesionale.html","name":"Lustrim dhe vulosje speciale p\u00ebr anije \/ jaht \/ vark\u00eb n\u00eb cil\u00ebsi profesionale - versiegelung24.com","isPartOf":{"@id":"https:\/\/www.versiegelung24.com\/sq\/#website"},"primaryImageOfPage":{"@id":"https:\/\/www.versiegelung24.com\/sq\/boot-special-polish-dhe-vulosje-ne-cilesi-profesionale.html#primaryimage"},"image":{"@id":"https:\/\/www.versiegelung24.com\/sq\/boot-special-polish-dhe-vulosje-ne-cilesi-profesionale.html#primaryimage"},"thumbnailUrl":"https:\/\/www.versiegelung24.com\/wp-content\/uploads\/2020\/06\/produkt-2002-7660-1000-Boot-Spezial-Politur-Versiegelung-scaled.jpg","datePublished":"2021-08-02T19:09:47+00:00","dateModified":"2025-04-10T08:57:16+00:00","breadcrumb":{"@id":"https:\/\/www.versiegelung24.com\/sq\/boot-special-polish-dhe-vulosje-ne-cilesi-profesionale.html#breadcrumb"},"inLanguage":"sq-AL","potentialAction":[{"@type":"ReadAction","target":["https:\/\/www.versiegelung24.com\/sq\/boot-special-polish-dhe-vulosje-ne-cilesi-profesionale.html"]}]},{"@type":"ImageObject","inLanguage":"sq-AL","@id":"https:\/\/www.versiegelung24.com\/sq\/boot-special-polish-dhe-vulosje-ne-cilesi-profesionale.html#primaryimage","url":"https:\/\/www.versiegelung24.com\/wp-content\/uploads\/2020\/06\/produkt-2002-7660-1000-Boot-Spezial-Politur-Versiegelung-scaled.jpg","contentUrl":"https:\/\/www.versiegelung24.com\/wp-content\/uploads\/2020\/06\/produkt-2002-7660-1000-Boot-Spezial-Politur-Versiegelung-scaled.jpg","width":2560,"height":2560},{"@type":"BreadcrumbList","@id":"https:\/\/www.versiegelung24.com\/sq\/boot-special-polish-dhe-vulosje-ne-cilesi-profesionale.html#breadcrumb","itemListElement":[{"@type":"ListItem","position":1,"name":"Faqja kryesore","item":"https:\/\/www.versiegelung24.com\/sq\/perpara\/"},{"@type":"ListItem","position":2,"name":"Dyqan","item":"https:\/\/www.versiegelung24.com\/sq\/dyqan\/"},{"@type":"ListItem","position":3,"name":"Lustrim dhe vulosje speciale p\u00ebr anije \/ jaht \/ vark\u00eb n\u00eb cil\u00ebsi profesionale"}]},{"@type":"WebSite","@id":"https:\/\/www.versiegelung24.com\/sq\/#website","url":"https:\/\/www.versiegelung24.com\/sq\/","name":"versiegelung24.com","description":"Fl\u00fcssigglas-Versiegelung - Made in Germany","publisher":{"@id":"https:\/\/www.versiegelung24.com\/sq\/#organization"},"potentialAction":[{"@type":"SearchAction","target":{"@type":"EntryPoint","urlTemplate":"https:\/\/www.versiegelung24.com\/sq\/?s={search_term_string}"},"query-input":{"@type":"PropertyValueSpecification","valueRequired":true,"valueName":"search_term_string"}}],"inLanguage":"sq-AL"},{"@type":"Organization","@id":"https:\/\/www.versiegelung24.com\/sq\/#organization","name":"versiegelung24","url":"https:\/\/www.versiegelung24.com\/sq\/","logo":{"@type":"ImageObject","inLanguage":"sq-AL","@id":"https:\/\/www.versiegelung24.com\/sq\/#\/schema\/logo\/image\/","url":"https:\/\/www.versiegelung24.com\/wp-content\/uploads\/2020\/04\/versiegelung24.png","contentUrl":"https:\/\/www.versiegelung24.com\/wp-content\/uploads\/2020\/04\/versiegelung24.png","width":470,"height":102,"caption":"versiegelung24"},"image":{"@id":"https:\/\/www.versiegelung24.com\/sq\/#\/schema\/logo\/image\/"}}]},"product_price_amount":"99.00","product_price_currency":"EUR","og_availability":"instock","product_availability":"instock","product_retailer_item_id":"2002-7660-1000","product_condition":"new"},"_links":{"self":[{"href":"https:\/\/www.versiegelung24.com\/sq\/wp-json\/wp\/v2\/product\/22974","targetHints":{"allow":["GET"]}}],"collection":[{"href":"https:\/\/www.versiegelung24.com\/sq\/wp-json\/wp\/v2\/product"}],"about":[{"href":"https:\/\/www.versiegelung24.com\/sq\/wp-json\/wp\/v2\/types\/product"}],"version-history":[{"count":11,"href":"https:\/\/www.versiegelung24.com\/sq\/wp-json\/wp\/v2\/product\/22974\/revisions"}],"predecessor-version":[{"id":181415,"href":"https:\/\/www.versiegelung24.com\/sq\/wp-json\/wp\/v2\/product\/22974\/revisions\/181415"}],"wp:featuredmedia":[{"embeddable":true,"href":"https:\/\/www.versiegelung24.com\/sq\/wp-json\/wp\/v2\/media\/17802"}],"wp:attachment":[{"href":"https:\/\/www.versiegelung24.com\/sq\/wp-json\/wp\/v2\/media?parent=22974"}],"wp:term":[{"taxonomy":"product_brand","embeddable":true,"href":"https:\/\/www.versiegelung24.com\/sq\/wp-json\/wp\/v2\/product_brand?post=22974"},{"taxonomy":"product_cat","embeddable":true,"href":"https:\/\/www.versiegelung24.com\/sq\/wp-json\/wp\/v2\/product_cat?post=22974"},{"taxonomy":"product_tag","embeddable":true,"href":"https:\/\/www.versiegelung24.com\/sq\/wp-json\/wp\/v2\/product_tag?post=22974"}],"curies":[{"name":"wp","href":"https:\/\/api.w.org\/{rel}","templated":true}]}}