{"id":23162,"date":"2020-04-04T18:53:14","date_gmt":"2021-08-02T19:25:01","guid":{"rendered":"https:\/\/www.versiegelung24.com\/produkt\/vulosja-e-drurit-ne-cilesi-profesionale"},"modified":"2025-01-03T23:39:22","modified_gmt":"2025-01-03T22:39:22","slug":"nenshkrimin-e-drurit-ne-cilesi-profesionale","status":"publish","type":"product","link":"https:\/\/www.versiegelung24.com\/sq\/nenshkrimin-e-drurit-ne-cilesi-profesionale.html","title":{"rendered":"Vulosja e drurit n\u00eb cil\u00ebsi profesionale"},"content":{"rendered":"\n<p><strong>Vulos\u00ebs profesional druri shum\u00eb efektiv me thell\u00ebsi dhe efekt zambak uji (i pap\u00ebrshkuesh\u00ebm nga uji), p\u00ebr brenda dhe jasht\u00eb, I RI<\/strong><\/p>\n\n<p>Cil\u00ebsi e lart\u00eb Prodhuar n\u00eb Gjermani.<\/p>\n\n<hr\/>\n\n<h4 class=\"wp-block-heading\" id=\"properties\">Karakteristikat e produktit<\/h4>\n\n<div class=\"wp-block-columns is-layout-flex wp-container-core-columns-is-layout-9d6595d7 wp-block-columns-is-layout-flex\">\n<div class=\"wp-block-column is-layout-flow wp-block-column-is-layout-flow\">\n<ul class=\"wp-block-list\">\n<li>efekt i fort\u00eb hidrofobik dhe oleofobik (neveri ndaj ujit dhe vajit)<\/li>\n\n\n\n<li>Efekti i thell\u00ebsis\u00eb &#8211; dep\u00ebrton deri n\u00eb 10 mm n\u00eb dru (n\u00eb var\u00ebsi t\u00eb struktur\u00ebs)<\/li>\n\n\n\n<li>Mbron nga myku, algat dhe moti<\/li>\n\n\n\n<li>Kursime n\u00eb kosto, koh\u00eb dhe energji p\u00ebrmes cikleve t\u00eb zgjatura t\u00eb pastrimit<\/li>\n\n\n\n<li>Reduktimi i shkall\u00ebs s\u00eb dep\u00ebrtimit t\u00eb lag\u00ebshtis\u00eb kur ekspozohet ndaj ujit<\/li>\n\n\n\n<li>Efekt i leht\u00eb p\u00ebr tu pastruar<\/li>\n<\/ul>\n<\/div>\n\n\n\n<div class=\"wp-block-column is-layout-flow wp-block-column-is-layout-flow\">\n<ul class=\"wp-block-list\">\n<li>sip\u00ebrfaqet e mbyllura mbeten t\u00eb frym\u00ebmarrjes<\/li>\n\n\n\n<li>Reduktimi i njoll\u00ebs s\u00eb motit<\/li>\n\n\n\n<li>I q\u00ebndruesh\u00ebm ndaj rrezeve ultraviolet, rezistent ndaj ngricave dhe pothuajse i paduksh\u00ebm<\/li>\n\n\n\n<li>Aplikim i thjesht\u00eb (mund t\u00eb sp\u00ebrkatet n\u00eb nj\u00eb zon\u00eb t\u00eb madhe)<\/li>\n\n\n\n<li>Jet\u00ebgjat\u00ebsia: deri n\u00eb 3-10 vjet<\/li>\n<\/ul>\n\n\n\n<p>Fusha e dor\u00ebzimit:<br\/> 1 x lit\u00ebr shishe<br\/> 1 x Kok\u00eb sp\u00ebrkatjeje pompe<br\/><\/p>\n<\/div>\n<\/div>\n\n<hr\/>\n\n<h4 class=\"wp-block-heading\" id=\"application\">Aplikacion<\/h4>\n\n<div class=\"wp-block-columns is-layout-flex wp-container-core-columns-is-layout-9d6595d7 wp-block-columns-is-layout-flex\">\n<div class=\"wp-block-column is-layout-flow wp-block-column-is-layout-flow\">\n<ul class=\"wp-block-list\">\n<li>T\u00eb gjitha pyjet e forta dhe t\u00eb buta<\/li>\n\n\n\n<li>Veshje druri brenda dhe jasht\u00eb<\/li>\n\n\n\n<li>Hambare<\/li>\n\n\n\n<li>Tavanet prej druri \/ dysheme druri<\/li>\n\n\n\n<li>L\u00ebnd\u00eb drusore nd\u00ebrtimi<\/li>\n\n\n\n<li>Kornizat e dritareve dhe dyerve t\u00eb b\u00ebra prej druri<\/li>\n<\/ul>\n<\/div>\n\n\n\n<div class=\"wp-block-column is-layout-flow wp-block-column-is-layout-flow\">\n<ul class=\"wp-block-list\" id=\"block-bd0826c4-8c3a-4f56-9878-ce5fe93599ff\">\n<li>Trar\u00ebve, purlins dhe d\u00ebrrasat e dyshemes\u00eb<\/li>\n\n\n\n<li>Pyje antike<\/li>\n\n\n\n<li>Mbulesa druri n\u00eb zon\u00ebn sanitare<\/li>\n<\/ul>\n\n\n\n<p><strong>Konsumi varet nga absorbueshm\u00ebria e sip\u00ebrfaqes af\u00ebrsisht 10-40m\u00b2 \/ lit\u00ebr.<\/strong><\/p>\n<\/div>\n<\/div>\n","protected":false},"excerpt":{"rendered":"<p><strong>**E RE** Mbyllje shum\u00eb efektive p\u00ebr sip\u00ebrfaqet absorbuese t\u00eb drurit:<\/strong><\/p>\n<p>\u2713 Me efekt thell\u00ebsie<\/p>\n<p>\u2713 Me efekt lotusi (rezistente ndaj ujit)<\/p>\n<p>\u2713 P\u00ebr brenda dhe jasht\u00eb<\/p>\n","protected":false},"featured_media":18158,"template":"","meta":{"_acf_changed":false,"neve_meta_sidebar":"","neve_meta_container":"","neve_meta_enable_content_width":"","neve_meta_content_width":0,"neve_meta_title_alignment":"","neve_meta_author_avatar":"","neve_post_elements_order":"","neve_meta_disable_header":"","neve_meta_disable_footer":"","neve_meta_disable_title":"","neve_meta_reading_time":"","_surfaces":[],"_ver_product_tabs":[],"footnotes":""},"product_brand":[],"product_cat":[2396],"product_tag":[],"class_list":{"0":"post-23162","1":"product","2":"type-product","3":"status-publish","4":"has-post-thumbnail","6":"product_cat-nenshkrimi-i-drurit","7":"pa_gebinde-set-veprimi-me-shishe-100ml","8":"pa_gebinde-shishe-50-ml","9":"pa_gebinde-set-veprimi-me-shishe-50-ml","10":"pa_gebinde-shishe-100-ml","11":"pa_gebinde-shishe-150-ml","12":"pa_gebinde-shishe-500-ml","13":"pa_gebinde-shishe-200-ml","14":"pa_gebinde-shishe-1000-ml","15":"pa_gebinde-shishe-10-ml","16":"pa_gebinde-shishe-5-ml","17":"pa_gebinde-shishe-llak-pompe-125ml","18":"pa_gebinde-shishe-mbushese-1000-ml","19":"pa_gebinde-kuti-20l","20":"pa_gebinde-kuti-10l","22":"first","23":"instock","24":"taxable","25":"shipping-taxable","26":"purchasable","27":"product-type-variable","28":"has-default-attributes"},"acf":[],"yoast_head":"<!-- This site is optimized with the Yoast SEO Premium plugin v22.8 (Yoast SEO v27.5) - https:\/\/yoast.com\/product\/yoast-seo-premium-wordpress\/ -->\n<title>Vulosja e drurit n\u00eb cil\u00ebsi profesionale - versiegelung24.com<\/title>\n<meta name=\"robots\" content=\"index, follow, max-snippet:-1, max-image-preview:large, max-video-preview:-1\" \/>\n<link rel=\"canonical\" href=\"https:\/\/www.versiegelung24.com\/sq\/nenshkrimin-e-drurit-ne-cilesi-profesionale.html\" \/>\n<meta property=\"og:locale\" content=\"sq_AL\" \/>\n<meta property=\"og:type\" content=\"article\" \/>\n<meta property=\"og:title\" content=\"Vulosja e drurit n\u00eb cil\u00ebsi profesionale\" \/>\n<meta property=\"og:description\" content=\"**E RE** Mbyllje shum\u00eb efektive p\u00ebr sip\u00ebrfaqet absorbuese t\u00eb drurit: \u2713 Me efekt thell\u00ebsie \u2713 Me efekt lotusi (rezistente ndaj ujit) \u2713 P\u00ebr brenda dhe jasht\u00eb\" \/>\n<meta property=\"og:url\" content=\"https:\/\/www.versiegelung24.com\/sq\/nenshkrimin-e-drurit-ne-cilesi-profesionale.html\" \/>\n<meta property=\"og:site_name\" content=\"versiegelung24.com\" \/>\n<meta property=\"article:modified_time\" content=\"2025-01-03T22:39:22+00:00\" \/>\n<meta property=\"og:image\" content=\"https:\/\/www.versiegelung24.com\/wp-content\/uploads\/2020\/06\/produkt-4000-695-1000-Holzversiegelung-scaled.jpg\" \/>\n\t<meta property=\"og:image:width\" content=\"2560\" \/>\n\t<meta property=\"og:image:height\" content=\"2560\" \/>\n\t<meta property=\"og:image:type\" content=\"image\/jpeg\" \/>\n<meta name=\"twitter:card\" content=\"summary_large_image\" \/>\n<meta name=\"twitter:label1\" content=\"Availability\" \/>\n\t<meta name=\"twitter:data1\" content=\"In stock\" \/>\n<script type=\"application\/ld+json\" class=\"yoast-schema-graph\">{\"@context\":\"https:\\\/\\\/schema.org\",\"@graph\":[{\"@type\":\"WebPage\",\"@id\":\"https:\\\/\\\/www.versiegelung24.com\\\/sq\\\/nenshkrimin-e-drurit-ne-cilesi-profesionale.html\",\"url\":\"https:\\\/\\\/www.versiegelung24.com\\\/sq\\\/nenshkrimin-e-drurit-ne-cilesi-profesionale.html\",\"name\":\"Vulosja e drurit n\u00eb cil\u00ebsi profesionale - versiegelung24.com\",\"isPartOf\":{\"@id\":\"https:\\\/\\\/www.versiegelung24.com\\\/sq\\\/#website\"},\"primaryImageOfPage\":{\"@id\":\"https:\\\/\\\/www.versiegelung24.com\\\/sq\\\/nenshkrimin-e-drurit-ne-cilesi-profesionale.html#primaryimage\"},\"image\":{\"@id\":\"https:\\\/\\\/www.versiegelung24.com\\\/sq\\\/nenshkrimin-e-drurit-ne-cilesi-profesionale.html#primaryimage\"},\"thumbnailUrl\":\"https:\\\/\\\/www.versiegelung24.com\\\/wp-content\\\/uploads\\\/2020\\\/06\\\/produkt-4000-695-1000-Holzversiegelung-scaled.jpg\",\"datePublished\":\"2021-08-02T19:25:01+00:00\",\"dateModified\":\"2025-01-03T22:39:22+00:00\",\"breadcrumb\":{\"@id\":\"https:\\\/\\\/www.versiegelung24.com\\\/sq\\\/nenshkrimin-e-drurit-ne-cilesi-profesionale.html#breadcrumb\"},\"inLanguage\":\"sq-AL\",\"potentialAction\":[{\"@type\":\"ReadAction\",\"target\":[\"https:\\\/\\\/www.versiegelung24.com\\\/sq\\\/nenshkrimin-e-drurit-ne-cilesi-profesionale.html\"]}]},{\"@type\":\"ImageObject\",\"inLanguage\":\"sq-AL\",\"@id\":\"https:\\\/\\\/www.versiegelung24.com\\\/sq\\\/nenshkrimin-e-drurit-ne-cilesi-profesionale.html#primaryimage\",\"url\":\"https:\\\/\\\/www.versiegelung24.com\\\/wp-content\\\/uploads\\\/2020\\\/06\\\/produkt-4000-695-1000-Holzversiegelung-scaled.jpg\",\"contentUrl\":\"https:\\\/\\\/www.versiegelung24.com\\\/wp-content\\\/uploads\\\/2020\\\/06\\\/produkt-4000-695-1000-Holzversiegelung-scaled.jpg\",\"width\":2560,\"height\":2560},{\"@type\":\"BreadcrumbList\",\"@id\":\"https:\\\/\\\/www.versiegelung24.com\\\/sq\\\/nenshkrimin-e-drurit-ne-cilesi-profesionale.html#breadcrumb\",\"itemListElement\":[{\"@type\":\"ListItem\",\"position\":1,\"name\":\"Faqja kryesore\",\"item\":\"https:\\\/\\\/www.versiegelung24.com\\\/sq\\\/perpara\\\/\"},{\"@type\":\"ListItem\",\"position\":2,\"name\":\"Dyqan\",\"item\":\"https:\\\/\\\/www.versiegelung24.com\\\/sq\\\/dyqan\\\/\"},{\"@type\":\"ListItem\",\"position\":3,\"name\":\"Vulosja e drurit n\u00eb cil\u00ebsi profesionale\"}]},{\"@type\":\"WebSite\",\"@id\":\"https:\\\/\\\/www.versiegelung24.com\\\/sq\\\/#website\",\"url\":\"https:\\\/\\\/www.versiegelung24.com\\\/sq\\\/\",\"name\":\"versiegelung24.com\",\"description\":\"Fl\u00fcssigglas-Versiegelung - Made in Germany\",\"publisher\":{\"@id\":\"https:\\\/\\\/www.versiegelung24.com\\\/sq\\\/#organization\"},\"potentialAction\":[{\"@type\":\"SearchAction\",\"target\":{\"@type\":\"EntryPoint\",\"urlTemplate\":\"https:\\\/\\\/www.versiegelung24.com\\\/sq\\\/?s={search_term_string}\"},\"query-input\":{\"@type\":\"PropertyValueSpecification\",\"valueRequired\":true,\"valueName\":\"search_term_string\"}}],\"inLanguage\":\"sq-AL\"},{\"@type\":\"Organization\",\"@id\":\"https:\\\/\\\/www.versiegelung24.com\\\/sq\\\/#organization\",\"name\":\"versiegelung24\",\"url\":\"https:\\\/\\\/www.versiegelung24.com\\\/sq\\\/\",\"logo\":{\"@type\":\"ImageObject\",\"inLanguage\":\"sq-AL\",\"@id\":\"https:\\\/\\\/www.versiegelung24.com\\\/sq\\\/#\\\/schema\\\/logo\\\/image\\\/\",\"url\":\"https:\\\/\\\/www.versiegelung24.com\\\/wp-content\\\/uploads\\\/2020\\\/04\\\/versiegelung24.png\",\"contentUrl\":\"https:\\\/\\\/www.versiegelung24.com\\\/wp-content\\\/uploads\\\/2020\\\/04\\\/versiegelung24.png\",\"width\":470,\"height\":102,\"caption\":\"versiegelung24\"},\"image\":{\"@id\":\"https:\\\/\\\/www.versiegelung24.com\\\/sq\\\/#\\\/schema\\\/logo\\\/image\\\/\"}}]}<\/script>\n<meta property=\"og:availability\" content=\"instock\" \/>\n<meta property=\"product:availability\" content=\"instock\" \/>\n<meta property=\"product:retailer_item_id\" content=\"4000-695\" \/>\n<meta property=\"product:condition\" content=\"new\" \/>\n<!-- \/ Yoast SEO Premium plugin. -->","yoast_head_json":{"title":"Vulosja e drurit n\u00eb cil\u00ebsi profesionale - versiegelung24.com","robots":{"index":"index","follow":"follow","max-snippet":"max-snippet:-1","max-image-preview":"max-image-preview:large","max-video-preview":"max-video-preview:-1"},"canonical":"https:\/\/www.versiegelung24.com\/sq\/nenshkrimin-e-drurit-ne-cilesi-profesionale.html","og_locale":"sq_AL","og_type":"article","og_title":"Vulosja e drurit n\u00eb cil\u00ebsi profesionale","og_description":"**E RE** Mbyllje shum\u00eb efektive p\u00ebr sip\u00ebrfaqet absorbuese t\u00eb drurit: \u2713 Me efekt thell\u00ebsie \u2713 Me efekt lotusi (rezistente ndaj ujit) \u2713 P\u00ebr brenda dhe jasht\u00eb","og_url":"https:\/\/www.versiegelung24.com\/sq\/nenshkrimin-e-drurit-ne-cilesi-profesionale.html","og_site_name":"versiegelung24.com","article_modified_time":"2025-01-03T22:39:22+00:00","og_image":[{"width":2560,"height":2560,"url":"https:\/\/www.versiegelung24.com\/wp-content\/uploads\/2020\/06\/produkt-4000-695-1000-Holzversiegelung-scaled.jpg","type":"image\/jpeg"}],"twitter_card":"summary_large_image","twitter_misc":{"Availability":"In stock"},"schema":{"@context":"https:\/\/schema.org","@graph":[{"@type":"WebPage","@id":"https:\/\/www.versiegelung24.com\/sq\/nenshkrimin-e-drurit-ne-cilesi-profesionale.html","url":"https:\/\/www.versiegelung24.com\/sq\/nenshkrimin-e-drurit-ne-cilesi-profesionale.html","name":"Vulosja e drurit n\u00eb cil\u00ebsi profesionale - versiegelung24.com","isPartOf":{"@id":"https:\/\/www.versiegelung24.com\/sq\/#website"},"primaryImageOfPage":{"@id":"https:\/\/www.versiegelung24.com\/sq\/nenshkrimin-e-drurit-ne-cilesi-profesionale.html#primaryimage"},"image":{"@id":"https:\/\/www.versiegelung24.com\/sq\/nenshkrimin-e-drurit-ne-cilesi-profesionale.html#primaryimage"},"thumbnailUrl":"https:\/\/www.versiegelung24.com\/wp-content\/uploads\/2020\/06\/produkt-4000-695-1000-Holzversiegelung-scaled.jpg","datePublished":"2021-08-02T19:25:01+00:00","dateModified":"2025-01-03T22:39:22+00:00","breadcrumb":{"@id":"https:\/\/www.versiegelung24.com\/sq\/nenshkrimin-e-drurit-ne-cilesi-profesionale.html#breadcrumb"},"inLanguage":"sq-AL","potentialAction":[{"@type":"ReadAction","target":["https:\/\/www.versiegelung24.com\/sq\/nenshkrimin-e-drurit-ne-cilesi-profesionale.html"]}]},{"@type":"ImageObject","inLanguage":"sq-AL","@id":"https:\/\/www.versiegelung24.com\/sq\/nenshkrimin-e-drurit-ne-cilesi-profesionale.html#primaryimage","url":"https:\/\/www.versiegelung24.com\/wp-content\/uploads\/2020\/06\/produkt-4000-695-1000-Holzversiegelung-scaled.jpg","contentUrl":"https:\/\/www.versiegelung24.com\/wp-content\/uploads\/2020\/06\/produkt-4000-695-1000-Holzversiegelung-scaled.jpg","width":2560,"height":2560},{"@type":"BreadcrumbList","@id":"https:\/\/www.versiegelung24.com\/sq\/nenshkrimin-e-drurit-ne-cilesi-profesionale.html#breadcrumb","itemListElement":[{"@type":"ListItem","position":1,"name":"Faqja kryesore","item":"https:\/\/www.versiegelung24.com\/sq\/perpara\/"},{"@type":"ListItem","position":2,"name":"Dyqan","item":"https:\/\/www.versiegelung24.com\/sq\/dyqan\/"},{"@type":"ListItem","position":3,"name":"Vulosja e drurit n\u00eb cil\u00ebsi profesionale"}]},{"@type":"WebSite","@id":"https:\/\/www.versiegelung24.com\/sq\/#website","url":"https:\/\/www.versiegelung24.com\/sq\/","name":"versiegelung24.com","description":"Fl\u00fcssigglas-Versiegelung - Made in Germany","publisher":{"@id":"https:\/\/www.versiegelung24.com\/sq\/#organization"},"potentialAction":[{"@type":"SearchAction","target":{"@type":"EntryPoint","urlTemplate":"https:\/\/www.versiegelung24.com\/sq\/?s={search_term_string}"},"query-input":{"@type":"PropertyValueSpecification","valueRequired":true,"valueName":"search_term_string"}}],"inLanguage":"sq-AL"},{"@type":"Organization","@id":"https:\/\/www.versiegelung24.com\/sq\/#organization","name":"versiegelung24","url":"https:\/\/www.versiegelung24.com\/sq\/","logo":{"@type":"ImageObject","inLanguage":"sq-AL","@id":"https:\/\/www.versiegelung24.com\/sq\/#\/schema\/logo\/image\/","url":"https:\/\/www.versiegelung24.com\/wp-content\/uploads\/2020\/04\/versiegelung24.png","contentUrl":"https:\/\/www.versiegelung24.com\/wp-content\/uploads\/2020\/04\/versiegelung24.png","width":470,"height":102,"caption":"versiegelung24"},"image":{"@id":"https:\/\/www.versiegelung24.com\/sq\/#\/schema\/logo\/image\/"}}]},"og_availability":"instock","product_availability":"instock","product_retailer_item_id":"4000-695","product_condition":"new"},"_links":{"self":[{"href":"https:\/\/www.versiegelung24.com\/sq\/wp-json\/wp\/v2\/product\/23162","targetHints":{"allow":["GET"]}}],"collection":[{"href":"https:\/\/www.versiegelung24.com\/sq\/wp-json\/wp\/v2\/product"}],"about":[{"href":"https:\/\/www.versiegelung24.com\/sq\/wp-json\/wp\/v2\/types\/product"}],"version-history":[{"count":17,"href":"https:\/\/www.versiegelung24.com\/sq\/wp-json\/wp\/v2\/product\/23162\/revisions"}],"predecessor-version":[{"id":177532,"href":"https:\/\/www.versiegelung24.com\/sq\/wp-json\/wp\/v2\/product\/23162\/revisions\/177532"}],"wp:featuredmedia":[{"embeddable":true,"href":"https:\/\/www.versiegelung24.com\/sq\/wp-json\/wp\/v2\/media\/18158"}],"wp:attachment":[{"href":"https:\/\/www.versiegelung24.com\/sq\/wp-json\/wp\/v2\/media?parent=23162"}],"wp:term":[{"taxonomy":"product_brand","embeddable":true,"href":"https:\/\/www.versiegelung24.com\/sq\/wp-json\/wp\/v2\/product_brand?post=23162"},{"taxonomy":"product_cat","embeddable":true,"href":"https:\/\/www.versiegelung24.com\/sq\/wp-json\/wp\/v2\/product_cat?post=23162"},{"taxonomy":"product_tag","embeddable":true,"href":"https:\/\/www.versiegelung24.com\/sq\/wp-json\/wp\/v2\/product_tag?post=23162"}],"curies":[{"name":"wp","href":"https:\/\/api.w.org\/{rel}","templated":true}]}}