{"id":23215,"date":"2020-04-04T18:53:42","date_gmt":"2021-08-02T19:27:45","guid":{"rendered":"https:\/\/www.versiegelung24.com\/produkt\/vulosje-universale-7675-per-siperfaqe-te-forta-jo-absorbuese-xham-qeramike-celik-inox-plastike-metal"},"modified":"2025-03-20T10:10:27","modified_gmt":"2025-03-20T09:10:27","slug":"vulosje-universale-7675-per-siperfaqe-te-forta-jo-absorbuese-qelqi-qeramike-celik-inox-plastike-metal","status":"publish","type":"product","link":"https:\/\/www.versiegelung24.com\/sq\/vulosje-universale-7675-per-siperfaqe-te-forta-jo-absorbuese-xham-qeramike-celik-inox-plastike-metal.html","title":{"rendered":"Vulosje universale 7675 p\u00ebr sip\u00ebrfaqe &#8220;t\u00eb forta&#8221; \/ jo-absorbuese (xham \/ qeramik\u00eb +++, \u00e7elik inox +++, plastik\u00eb \/ metal ++)"},"content":{"rendered":"\n<p><strong>Mbyllje universale profesionale shum\u00eb efektive p\u00ebr sip\u00ebrfaqe &#8220;t\u00eb forta&#8221;\/jo absorbuese si sip\u00ebrfaqe xhami, qeramike, plastike dhe metalike me efekt t\u00eb leht\u00eb p\u00ebr t&#8217;u pastruar E RE, p\u00ebr brenda dhe jasht\u00eb<\/strong><\/p>\n\n<p>Ideale p\u00ebr qelq \/ qeramik\u00eb dhe \u00e7elik inox, gjithashtu i zbatuesh\u00ebm p\u00ebr plastik\u00eb dhe metal<\/p>\n\n<p>Cil\u00ebsi e lart\u00eb Prodhuar n\u00eb Gjermani.<\/p>\n\n<p><strong>Vula ngjit\u00ebse universale 4005-7675<\/strong> \u00ebsht\u00eb nj\u00eb material vesh\u00ebs me baz\u00eb alkooli (IPA) q\u00eb krijon nj\u00eb efekt t\u00eb leht\u00eb p\u00ebr t&#8217;u pastruar n\u00eb sip\u00ebrfaqet e qelqit, plastik\u00ebs, qeramik\u00ebs dhe metaleve (krom, \u00e7elik inox, alumin). Materiali krijon nj\u00eb film t\u00eb holl\u00eb n\u00eb sip\u00ebrfaqe, i cili zvog\u00eblon ngjitjen e papast\u00ebrtis\u00eb dhe l\u00ebnd\u00ebve t\u00eb huaja dhe lejon q\u00eb uji t\u00eb rrotullohet m\u00eb mir\u00eb. Sip\u00ebrfaqja e veshur \u00ebsht\u00eb ve\u00e7an\u00ebrisht e leht\u00eb p\u00ebr tu pastruar<\/p>\n\n<hr \/>\n\n<h4 class=\"wp-block-heading\" id=\"properties\">Karakteristikat e produktit<\/h4>\n\n<div class=\"wp-block-columns is-layout-flex wp-container-core-columns-is-layout-9d6595d7 wp-block-columns-is-layout-flex\">\n<div class=\"wp-block-column is-layout-flow wp-block-column-is-layout-flow\">\n<ul class=\"wp-block-list\">\n<li>Dor\u00ebzuar gati p\u00ebr p\u00ebrdorim<\/li>\n\n\n\n<li>lejon q\u00eb uji t\u00eb rrotullohet m\u00eb mir\u00eb<\/li>\n\n\n\n<li>Efekt i leht\u00eb p\u00ebr tu pastruar n\u00eb lidhje me papast\u00ebrtin\u00eb dhe g\u00eblqeren<\/li>\n\n\n\n<li>l\u00ebng i qart\u00eb, pa ngjyr\u00eb, i paduksh\u00ebm dhe i paduksh\u00ebm<\/li>\n\n\n\n<li>Sip\u00ebrfaqet q\u00ebndrojn\u00eb t\u00eb pastra shum\u00eb m\u00eb gjat\u00eb, gj\u00eb q\u00eb zgjat ciklet e pastrimit dhe zvog\u00eblon ndjesh\u00ebm kostot, koh\u00ebn dhe energjin\u00eb p\u00ebr pastrimin dhe mir\u00ebmbajtjen<\/li>\n\n\n\n<li>zvog\u00eblon rritjen e mikroorganizmave dhe baktereve dhe k\u00ebshtu p\u00ebrmir\u00ebson higjen\u00ebn<\/li>\n<\/ul>\n<\/div>\n\n\n\n<div class=\"wp-block-column is-layout-flow wp-block-column-is-layout-flow\">\n<ul class=\"wp-block-list\">\n<li>Rezistent ndaj ngricave, nxeht\u00ebsis\u00eb ekstreme, rrezatimit UV, ujit t\u00eb kripur dhe ajrit t\u00eb kripur, mineraleve nga uji i fort\u00eb dhe alkalet<\/li>\n\n\n\n<li>Algat dhe plehrat e shpend\u00ebve nuk mund t\u00eb ngjiten m\u00eb fort<\/li>\n\n\n\n<li>pa fluor<\/li>\n<\/ul>\n\n\n\n<p>Fusha e dor\u00ebzimit:<br \/> 1 x lit\u00ebr shishe<br \/> 1 x Kok\u00eb sp\u00ebrkatjeje pompe<\/p>\n<\/div>\n<\/div>\n\n<hr \/>\n\n<h4 class=\"wp-block-heading\" id=\"application\">Aplikacion<\/h4>\n\n<div class=\"wp-block-columns is-layout-flex wp-container-core-columns-is-layout-9d6595d7 wp-block-columns-is-layout-flex\">\n<div class=\"wp-block-column is-layout-flow wp-block-column-is-layout-flow\">\n<ul class=\"wp-block-list\">\n<li>Pajisje sanitare (tualete, bidete, vaska qeramike, dushe, lavaman\u00eb, pasqyra)<\/li>\n\n\n\n<li>Pishina (qeramike jasht\u00eb, jo e p\u00ebrshtatshme p\u00ebr n\u00ebnujore)<\/li>\n\n\n\n<li>T\u00eb gjitha llojet e pllakave qeramike, p.sh. n\u00eb kuzhina<\/li>\n\n\n\n<li>Dritare dhe xhami nd\u00ebrtimi (kopshte dimri, nd\u00ebrtesa t\u00eb larta, tend\u00eb)<\/li>\n\n\n\n<li>Sip\u00ebrfaqet plastike dhe metalike<\/li>\n\n\n\n<li>P\u00ebr xhamin e makin\u00ebs ne rekomandojm\u00eb ton\u00ebn<a href=\"https:\/\/www.versiegelung24.com\/autoglas-versiegelung\/\"> N\u00ebnshkrimi premium i xhamit t\u00eb makin\u00ebs<\/a><\/li>\n<\/ul>\n<\/div>\n\n\n\n<div class=\"wp-block-column is-layout-flow wp-block-column-is-layout-flow\">\n<p>Leht\u00eb p\u00ebr t&#8217;u aplikuar:<br \/> 1. Parapastrojeni sip\u00ebrfaqen shum\u00eb mir\u00eb (sa m\u00eb e past\u00ebr, aq m\u00eb gjat\u00eb do t\u00eb zgjas\u00eb vula)<br \/> 2. Para p\u00ebrdorimit, pastroni p\u00ebrs\u00ebri me alkool (p.sh. izopropil)<br \/> 3. Sp\u00ebrkateni ngjit\u00ebsin mbi leck\u00eb dhe aplikojeni n\u00eb sip\u00ebrfaqe<br \/> 4. Pas 5 minutash, lyeni me kujdes me nj\u00eb leck\u00eb mikrofib\u00ebr pa ushtruar presion<br \/> 5. L\u00ebreni t\u00eb forcohet p\u00ebr 12 or\u00eb \u2013 gati<\/p>\n\n\n\n<p>Jet\u00ebgjat\u00ebsia: deri n\u00eb 3-10 vjet<\/p>\n\n\n\n<p>Deri n\u00eb 200m\u00b2 mund t\u00eb vulosen me 1 lit\u00ebr.<\/p>\n<\/div>\n<\/div>\n\n<hr \/>\n\n<h4 class=\"wp-block-heading\" id=\"h-ratgeber\">k\u00ebshilltar<\/h4>\n\n<p>Vulat tona universale jan\u00eb ve\u00e7an\u00ebrisht t\u00eb p\u00ebrshtatshme p\u00ebr sektorin &#8220;b\u00ebje vet\u00eb&#8221;.<\/p>\n\n<p>Ata kombinojn\u00eb nj\u00eb m\u00ebnyr\u00eb profesionale veprimi n\u00eb sip\u00ebrfaqe t\u00eb ndryshme me trajtim t\u00eb leht\u00eb gjat\u00eb aplikimit. Dhe e gjith\u00eb kjo pa pasur nevoj\u00eb t\u00eb b\u00ebni ndonj\u00eb kompromis t\u00eb madh p\u00ebrsa i p\u00ebrket cil\u00ebsis\u00eb.<\/p>\n\n<p>N\u00eb k\u00ebt\u00eb m\u00ebnyr\u00eb, mund t\u00eb b\u00ebhen aplikime n\u00eb disa materiale me vet\u00ebm nj\u00eb ngjit\u00ebs universal dhe mund t\u00eb arrihet gjithashtu nj\u00eb efekt cil\u00ebsor dhe q\u00ebndrueshm\u00ebri e gjat\u00eb.<\/p>\n\n<p>Megjithat\u00eb, p\u00ebr aplikimet komerciale dhe industriale ku niveli m\u00eb i lart\u00eb i mundsh\u00ebm i performanc\u00ebs duhet t\u00eb arrihet n\u00eb nj\u00eb sip\u00ebrfaqe specifike, ne rekomandojm\u00eb p\u00ebrdorimin e p\u00ebrfundimeve tona speciale p\u00ebr at\u00eb sip\u00ebrfaqe.<\/p>\n","protected":false},"excerpt":{"rendered":"<p><strong>** E RE** Grumbullues universal profesional shum\u00eb efektiv p\u00ebr sip\u00ebrfaqet &#8220;t\u00eb forta&#8221;\/jo absorbuese si:<\/strong><\/p>\n<p>\u2713 Xham<\/p>\n<p>\u2713 Sip\u00ebrfaqe qeramike<\/p>\n<p>\u2713 Sip\u00ebrfaqe plastike<\/p>\n<p>\u2713 Sip\u00ebrfaqe metalike<\/p>\n<p>\u2713 Me efekt t\u00eb leht\u00eb p\u00ebr t&#8217;u pastruar<\/p>\n","protected":false},"featured_media":18233,"template":"","meta":{"_acf_changed":false,"neve_meta_sidebar":"","neve_meta_container":"","neve_meta_enable_content_width":"","neve_meta_content_width":0,"neve_meta_title_alignment":"","neve_meta_author_avatar":"","neve_post_elements_order":"","neve_meta_disable_header":"","neve_meta_disable_footer":"","neve_meta_disable_title":"","neve_meta_reading_time":"","_surfaces":[],"_ver_product_tabs":[],"footnotes":""},"product_brand":[],"product_cat":[2473],"product_tag":[],"class_list":{"0":"post-23215","1":"product","2":"type-product","3":"status-publish","4":"has-post-thumbnail","6":"product_cat-vula-universale","8":"first","9":"instock","10":"taxable","11":"shipping-taxable","12":"purchasable","13":"product-type-simple"},"acf":[],"yoast_head":"<!-- This site is optimized with the Yoast SEO Premium plugin v22.8 (Yoast SEO v27.5) - https:\/\/yoast.com\/product\/yoast-seo-premium-wordpress\/ -->\n<title>Vulosje universale 7675 p\u00ebr sip\u00ebrfaqe &quot;t\u00eb forta&quot; \/ jo-absorbuese (xham \/ qeramik\u00eb +++, \u00e7elik inox +++, plastik\u00eb \/ metal ++) - versiegelung24.com<\/title>\n<meta name=\"robots\" content=\"index, follow, max-snippet:-1, max-image-preview:large, max-video-preview:-1\" \/>\n<link rel=\"canonical\" href=\"https:\/\/www.versiegelung24.com\/sq\/vulosje-universale-7675-per-siperfaqe-te-forta-jo-absorbuese-xham-qeramike-celik-inox-plastike-metal.html\" \/>\n<meta property=\"og:locale\" content=\"sq_AL\" \/>\n<meta property=\"og:type\" content=\"article\" \/>\n<meta property=\"og:title\" content=\"Vulosje universale 7675 p\u00ebr sip\u00ebrfaqe &quot;t\u00eb forta&quot; \/ jo-absorbuese (xham \/ qeramik\u00eb +++, \u00e7elik inox +++, plastik\u00eb \/ metal ++)\" \/>\n<meta property=\"og:description\" content=\"** E RE** Grumbullues universal profesional shum\u00eb efektiv p\u00ebr sip\u00ebrfaqet &quot;t\u00eb forta&quot;\/jo absorbuese si: \u2713 Xham \u2713 Sip\u00ebrfaqe qeramike \u2713 Sip\u00ebrfaqe plastike \u2713 Sip\u00ebrfaqe metalike \u2713 Me efekt t\u00eb leht\u00eb p\u00ebr t&#039;u pastruar\" \/>\n<meta property=\"og:url\" content=\"https:\/\/www.versiegelung24.com\/sq\/vulosje-universale-7675-per-siperfaqe-te-forta-jo-absorbuese-xham-qeramike-celik-inox-plastike-metal.html\" \/>\n<meta property=\"og:site_name\" content=\"versiegelung24.com\" \/>\n<meta property=\"article:modified_time\" content=\"2025-03-20T09:10:27+00:00\" \/>\n<meta property=\"og:image\" content=\"https:\/\/www.versiegelung24.com\/wp-content\/uploads\/2020\/06\/produkt-4005-7675-1000-Universalversiegelung-7675-scaled.jpg\" \/>\n\t<meta property=\"og:image:width\" content=\"2560\" \/>\n\t<meta property=\"og:image:height\" content=\"2560\" \/>\n\t<meta property=\"og:image:type\" content=\"image\/jpeg\" \/>\n<meta name=\"twitter:card\" content=\"summary_large_image\" \/>\n<meta name=\"twitter:label1\" content=\"Price\" \/>\n\t<meta name=\"twitter:data1\" content=\"89,99&euro;\" \/>\n\t<meta name=\"twitter:label2\" content=\"Availability\" \/>\n\t<meta name=\"twitter:data2\" content=\"In stock\" \/>\n<script type=\"application\/ld+json\" class=\"yoast-schema-graph\">{\"@context\":\"https:\\\/\\\/schema.org\",\"@graph\":[{\"@type\":\"WebPage\",\"@id\":\"https:\\\/\\\/www.versiegelung24.com\\\/sq\\\/vulosje-universale-7675-per-siperfaqe-te-forta-jo-absorbuese-xham-qeramike-celik-inox-plastike-metal.html\",\"url\":\"https:\\\/\\\/www.versiegelung24.com\\\/sq\\\/vulosje-universale-7675-per-siperfaqe-te-forta-jo-absorbuese-xham-qeramike-celik-inox-plastike-metal.html\",\"name\":\"Vulosje universale 7675 p\u00ebr sip\u00ebrfaqe \\\"t\u00eb forta\\\" \\\/ jo-absorbuese (xham \\\/ qeramik\u00eb +++, \u00e7elik inox +++, plastik\u00eb \\\/ metal ++) - versiegelung24.com\",\"isPartOf\":{\"@id\":\"https:\\\/\\\/www.versiegelung24.com\\\/sq\\\/#website\"},\"primaryImageOfPage\":{\"@id\":\"https:\\\/\\\/www.versiegelung24.com\\\/sq\\\/vulosje-universale-7675-per-siperfaqe-te-forta-jo-absorbuese-xham-qeramike-celik-inox-plastike-metal.html#primaryimage\"},\"image\":{\"@id\":\"https:\\\/\\\/www.versiegelung24.com\\\/sq\\\/vulosje-universale-7675-per-siperfaqe-te-forta-jo-absorbuese-xham-qeramike-celik-inox-plastike-metal.html#primaryimage\"},\"thumbnailUrl\":\"https:\\\/\\\/www.versiegelung24.com\\\/wp-content\\\/uploads\\\/2020\\\/06\\\/produkt-4005-7675-1000-Universalversiegelung-7675-scaled.jpg\",\"datePublished\":\"2021-08-02T19:27:45+00:00\",\"dateModified\":\"2025-03-20T09:10:27+00:00\",\"breadcrumb\":{\"@id\":\"https:\\\/\\\/www.versiegelung24.com\\\/sq\\\/vulosje-universale-7675-per-siperfaqe-te-forta-jo-absorbuese-xham-qeramike-celik-inox-plastike-metal.html#breadcrumb\"},\"inLanguage\":\"sq-AL\",\"potentialAction\":[{\"@type\":\"ReadAction\",\"target\":[\"https:\\\/\\\/www.versiegelung24.com\\\/sq\\\/vulosje-universale-7675-per-siperfaqe-te-forta-jo-absorbuese-xham-qeramike-celik-inox-plastike-metal.html\"]}]},{\"@type\":\"ImageObject\",\"inLanguage\":\"sq-AL\",\"@id\":\"https:\\\/\\\/www.versiegelung24.com\\\/sq\\\/vulosje-universale-7675-per-siperfaqe-te-forta-jo-absorbuese-xham-qeramike-celik-inox-plastike-metal.html#primaryimage\",\"url\":\"https:\\\/\\\/www.versiegelung24.com\\\/wp-content\\\/uploads\\\/2020\\\/06\\\/produkt-4005-7675-1000-Universalversiegelung-7675-scaled.jpg\",\"contentUrl\":\"https:\\\/\\\/www.versiegelung24.com\\\/wp-content\\\/uploads\\\/2020\\\/06\\\/produkt-4005-7675-1000-Universalversiegelung-7675-scaled.jpg\",\"width\":2560,\"height\":2560},{\"@type\":\"BreadcrumbList\",\"@id\":\"https:\\\/\\\/www.versiegelung24.com\\\/sq\\\/vulosje-universale-7675-per-siperfaqe-te-forta-jo-absorbuese-xham-qeramike-celik-inox-plastike-metal.html#breadcrumb\",\"itemListElement\":[{\"@type\":\"ListItem\",\"position\":1,\"name\":\"Faqja kryesore\",\"item\":\"https:\\\/\\\/www.versiegelung24.com\\\/sq\\\/perpara\\\/\"},{\"@type\":\"ListItem\",\"position\":2,\"name\":\"Dyqan\",\"item\":\"https:\\\/\\\/www.versiegelung24.com\\\/sq\\\/dyqan\\\/\"},{\"@type\":\"ListItem\",\"position\":3,\"name\":\"Vulosje universale 7675 p\u00ebr sip\u00ebrfaqe &#8220;t\u00eb forta&#8221; \\\/ jo-absorbuese (xham \\\/ qeramik\u00eb +++, \u00e7elik inox +++, plastik\u00eb \\\/ metal ++)\"}]},{\"@type\":\"WebSite\",\"@id\":\"https:\\\/\\\/www.versiegelung24.com\\\/sq\\\/#website\",\"url\":\"https:\\\/\\\/www.versiegelung24.com\\\/sq\\\/\",\"name\":\"versiegelung24.com\",\"description\":\"Fl\u00fcssigglas-Versiegelung - Made in Germany\",\"publisher\":{\"@id\":\"https:\\\/\\\/www.versiegelung24.com\\\/sq\\\/#organization\"},\"potentialAction\":[{\"@type\":\"SearchAction\",\"target\":{\"@type\":\"EntryPoint\",\"urlTemplate\":\"https:\\\/\\\/www.versiegelung24.com\\\/sq\\\/?s={search_term_string}\"},\"query-input\":{\"@type\":\"PropertyValueSpecification\",\"valueRequired\":true,\"valueName\":\"search_term_string\"}}],\"inLanguage\":\"sq-AL\"},{\"@type\":\"Organization\",\"@id\":\"https:\\\/\\\/www.versiegelung24.com\\\/sq\\\/#organization\",\"name\":\"versiegelung24\",\"url\":\"https:\\\/\\\/www.versiegelung24.com\\\/sq\\\/\",\"logo\":{\"@type\":\"ImageObject\",\"inLanguage\":\"sq-AL\",\"@id\":\"https:\\\/\\\/www.versiegelung24.com\\\/sq\\\/#\\\/schema\\\/logo\\\/image\\\/\",\"url\":\"https:\\\/\\\/www.versiegelung24.com\\\/wp-content\\\/uploads\\\/2020\\\/04\\\/versiegelung24.png\",\"contentUrl\":\"https:\\\/\\\/www.versiegelung24.com\\\/wp-content\\\/uploads\\\/2020\\\/04\\\/versiegelung24.png\",\"width\":470,\"height\":102,\"caption\":\"versiegelung24\"},\"image\":{\"@id\":\"https:\\\/\\\/www.versiegelung24.com\\\/sq\\\/#\\\/schema\\\/logo\\\/image\\\/\"}}]}<\/script>\n<meta property=\"product:price:amount\" content=\"89.99\" \/>\n<meta property=\"product:price:currency\" content=\"EUR\" \/>\n<meta property=\"og:availability\" content=\"instock\" \/>\n<meta property=\"product:availability\" content=\"instock\" \/>\n<meta property=\"product:retailer_item_id\" content=\"4005-7675\" \/>\n<meta property=\"product:condition\" content=\"new\" \/>\n<!-- \/ Yoast SEO Premium plugin. -->","yoast_head_json":{"title":"Vulosje universale 7675 p\u00ebr sip\u00ebrfaqe \"t\u00eb forta\" \/ jo-absorbuese (xham \/ qeramik\u00eb +++, \u00e7elik inox +++, plastik\u00eb \/ metal ++) - versiegelung24.com","robots":{"index":"index","follow":"follow","max-snippet":"max-snippet:-1","max-image-preview":"max-image-preview:large","max-video-preview":"max-video-preview:-1"},"canonical":"https:\/\/www.versiegelung24.com\/sq\/vulosje-universale-7675-per-siperfaqe-te-forta-jo-absorbuese-xham-qeramike-celik-inox-plastike-metal.html","og_locale":"sq_AL","og_type":"article","og_title":"Vulosje universale 7675 p\u00ebr sip\u00ebrfaqe \"t\u00eb forta\" \/ jo-absorbuese (xham \/ qeramik\u00eb +++, \u00e7elik inox +++, plastik\u00eb \/ metal ++)","og_description":"** E RE** Grumbullues universal profesional shum\u00eb efektiv p\u00ebr sip\u00ebrfaqet \"t\u00eb forta\"\/jo absorbuese si: \u2713 Xham \u2713 Sip\u00ebrfaqe qeramike \u2713 Sip\u00ebrfaqe plastike \u2713 Sip\u00ebrfaqe metalike \u2713 Me efekt t\u00eb leht\u00eb p\u00ebr t'u pastruar","og_url":"https:\/\/www.versiegelung24.com\/sq\/vulosje-universale-7675-per-siperfaqe-te-forta-jo-absorbuese-xham-qeramike-celik-inox-plastike-metal.html","og_site_name":"versiegelung24.com","article_modified_time":"2025-03-20T09:10:27+00:00","og_image":[{"width":2560,"height":2560,"url":"https:\/\/www.versiegelung24.com\/wp-content\/uploads\/2020\/06\/produkt-4005-7675-1000-Universalversiegelung-7675-scaled.jpg","type":"image\/jpeg"}],"twitter_card":"summary_large_image","twitter_misc":{"Price":"89,99&euro;","Availability":"In stock"},"schema":{"@context":"https:\/\/schema.org","@graph":[{"@type":"WebPage","@id":"https:\/\/www.versiegelung24.com\/sq\/vulosje-universale-7675-per-siperfaqe-te-forta-jo-absorbuese-xham-qeramike-celik-inox-plastike-metal.html","url":"https:\/\/www.versiegelung24.com\/sq\/vulosje-universale-7675-per-siperfaqe-te-forta-jo-absorbuese-xham-qeramike-celik-inox-plastike-metal.html","name":"Vulosje universale 7675 p\u00ebr sip\u00ebrfaqe \"t\u00eb forta\" \/ jo-absorbuese (xham \/ qeramik\u00eb +++, \u00e7elik inox +++, plastik\u00eb \/ metal ++) - versiegelung24.com","isPartOf":{"@id":"https:\/\/www.versiegelung24.com\/sq\/#website"},"primaryImageOfPage":{"@id":"https:\/\/www.versiegelung24.com\/sq\/vulosje-universale-7675-per-siperfaqe-te-forta-jo-absorbuese-xham-qeramike-celik-inox-plastike-metal.html#primaryimage"},"image":{"@id":"https:\/\/www.versiegelung24.com\/sq\/vulosje-universale-7675-per-siperfaqe-te-forta-jo-absorbuese-xham-qeramike-celik-inox-plastike-metal.html#primaryimage"},"thumbnailUrl":"https:\/\/www.versiegelung24.com\/wp-content\/uploads\/2020\/06\/produkt-4005-7675-1000-Universalversiegelung-7675-scaled.jpg","datePublished":"2021-08-02T19:27:45+00:00","dateModified":"2025-03-20T09:10:27+00:00","breadcrumb":{"@id":"https:\/\/www.versiegelung24.com\/sq\/vulosje-universale-7675-per-siperfaqe-te-forta-jo-absorbuese-xham-qeramike-celik-inox-plastike-metal.html#breadcrumb"},"inLanguage":"sq-AL","potentialAction":[{"@type":"ReadAction","target":["https:\/\/www.versiegelung24.com\/sq\/vulosje-universale-7675-per-siperfaqe-te-forta-jo-absorbuese-xham-qeramike-celik-inox-plastike-metal.html"]}]},{"@type":"ImageObject","inLanguage":"sq-AL","@id":"https:\/\/www.versiegelung24.com\/sq\/vulosje-universale-7675-per-siperfaqe-te-forta-jo-absorbuese-xham-qeramike-celik-inox-plastike-metal.html#primaryimage","url":"https:\/\/www.versiegelung24.com\/wp-content\/uploads\/2020\/06\/produkt-4005-7675-1000-Universalversiegelung-7675-scaled.jpg","contentUrl":"https:\/\/www.versiegelung24.com\/wp-content\/uploads\/2020\/06\/produkt-4005-7675-1000-Universalversiegelung-7675-scaled.jpg","width":2560,"height":2560},{"@type":"BreadcrumbList","@id":"https:\/\/www.versiegelung24.com\/sq\/vulosje-universale-7675-per-siperfaqe-te-forta-jo-absorbuese-xham-qeramike-celik-inox-plastike-metal.html#breadcrumb","itemListElement":[{"@type":"ListItem","position":1,"name":"Faqja kryesore","item":"https:\/\/www.versiegelung24.com\/sq\/perpara\/"},{"@type":"ListItem","position":2,"name":"Dyqan","item":"https:\/\/www.versiegelung24.com\/sq\/dyqan\/"},{"@type":"ListItem","position":3,"name":"Vulosje universale 7675 p\u00ebr sip\u00ebrfaqe &#8220;t\u00eb forta&#8221; \/ jo-absorbuese (xham \/ qeramik\u00eb +++, \u00e7elik inox +++, plastik\u00eb \/ metal ++)"}]},{"@type":"WebSite","@id":"https:\/\/www.versiegelung24.com\/sq\/#website","url":"https:\/\/www.versiegelung24.com\/sq\/","name":"versiegelung24.com","description":"Fl\u00fcssigglas-Versiegelung - Made in Germany","publisher":{"@id":"https:\/\/www.versiegelung24.com\/sq\/#organization"},"potentialAction":[{"@type":"SearchAction","target":{"@type":"EntryPoint","urlTemplate":"https:\/\/www.versiegelung24.com\/sq\/?s={search_term_string}"},"query-input":{"@type":"PropertyValueSpecification","valueRequired":true,"valueName":"search_term_string"}}],"inLanguage":"sq-AL"},{"@type":"Organization","@id":"https:\/\/www.versiegelung24.com\/sq\/#organization","name":"versiegelung24","url":"https:\/\/www.versiegelung24.com\/sq\/","logo":{"@type":"ImageObject","inLanguage":"sq-AL","@id":"https:\/\/www.versiegelung24.com\/sq\/#\/schema\/logo\/image\/","url":"https:\/\/www.versiegelung24.com\/wp-content\/uploads\/2020\/04\/versiegelung24.png","contentUrl":"https:\/\/www.versiegelung24.com\/wp-content\/uploads\/2020\/04\/versiegelung24.png","width":470,"height":102,"caption":"versiegelung24"},"image":{"@id":"https:\/\/www.versiegelung24.com\/sq\/#\/schema\/logo\/image\/"}}]},"product_price_amount":"89.99","product_price_currency":"EUR","og_availability":"instock","product_availability":"instock","product_retailer_item_id":"4005-7675","product_condition":"new"},"_links":{"self":[{"href":"https:\/\/www.versiegelung24.com\/sq\/wp-json\/wp\/v2\/product\/23215","targetHints":{"allow":["GET"]}}],"collection":[{"href":"https:\/\/www.versiegelung24.com\/sq\/wp-json\/wp\/v2\/product"}],"about":[{"href":"https:\/\/www.versiegelung24.com\/sq\/wp-json\/wp\/v2\/types\/product"}],"version-history":[{"count":16,"href":"https:\/\/www.versiegelung24.com\/sq\/wp-json\/wp\/v2\/product\/23215\/revisions"}],"predecessor-version":[{"id":181107,"href":"https:\/\/www.versiegelung24.com\/sq\/wp-json\/wp\/v2\/product\/23215\/revisions\/181107"}],"wp:featuredmedia":[{"embeddable":true,"href":"https:\/\/www.versiegelung24.com\/sq\/wp-json\/wp\/v2\/media\/18233"}],"wp:attachment":[{"href":"https:\/\/www.versiegelung24.com\/sq\/wp-json\/wp\/v2\/media?parent=23215"}],"wp:term":[{"taxonomy":"product_brand","embeddable":true,"href":"https:\/\/www.versiegelung24.com\/sq\/wp-json\/wp\/v2\/product_brand?post=23215"},{"taxonomy":"product_cat","embeddable":true,"href":"https:\/\/www.versiegelung24.com\/sq\/wp-json\/wp\/v2\/product_cat?post=23215"},{"taxonomy":"product_tag","embeddable":true,"href":"https:\/\/www.versiegelung24.com\/sq\/wp-json\/wp\/v2\/product_tag?post=23215"}],"curies":[{"name":"wp","href":"https:\/\/api.w.org\/{rel}","templated":true}]}}