{"id":23240,"date":"2020-04-04T18:53:43","date_gmt":"2021-08-02T19:28:41","guid":{"rendered":"https:\/\/www.versiegelung24.com\/produkt\/vulosje-universale-695-per-siperfaqe-te-buta-thithese-gur-dru-tekstil"},"modified":"2025-04-12T11:47:58","modified_gmt":"2025-04-12T09:47:58","slug":"vule-universale-695-per-siperfaqe-te-buta-thithese-guri-dru-tekstile","status":"publish","type":"product","link":"https:\/\/www.versiegelung24.com\/sq\/vule-universale-695-per-siperfaqe-te-buta-thithese-guri-dru-tekstile.html","title":{"rendered":"Vulosje universale 695 p\u00ebr sip\u00ebrfaqe &#8220;t\u00eb buta&#8221; \/ thith\u00ebse (gur +++, dru +++, tekstil ++)"},"content":{"rendered":"\n<p><strong>Grumbullim universal profesional shum\u00eb efektiv p\u00ebr sip\u00ebrfaqe &#8220;t\u00eb buta&#8221;\/absorbuese si tekstile, guri, druri me efekt t\u00eb leht\u00eb p\u00ebr t&#8217;u pastruar<\/strong><\/p>\n\n<p>Ideale p\u00ebr gur dhe dru, gjithashtu e zbatueshme p\u00ebr tekstilet<\/p>\n\n<p>Cil\u00ebsi e lart\u00eb &#8211; Prodhuar n\u00eb Gjermani<\/p>\n\n<p><strong>V24 vulosje universale 4007-695<\/strong> \u00ebsht\u00eb nj\u00eb impregnim ujor p\u00ebr sip\u00ebrfaqet thith\u00ebse \/ &#8220;t\u00eb buta&#8221; me hidrofobitet shum\u00eb t\u00eb mir\u00eb (pap\u00ebrshkueshm\u00ebri nga uji) dhe oleofobiz\u00ebm (neveri ndaj vajit) t\u00eb sip\u00ebrfaqeve. Produkti formon nj\u00eb film sip\u00ebrfaqe pothuajse t\u00eb paduksh\u00ebm, t\u00eb holl\u00eb. Efekti i pap\u00ebrshkuesh\u00ebm nga uji zvog\u00eblon ndjesh\u00ebm shkall\u00ebn e dep\u00ebrtimit t\u00eb lag\u00ebshtir\u00ebs n\u00eb sip\u00ebrfaqet e trajtuara dhe ndotjen e re. Dep\u00ebrtimi i vajit dhe substancave \u00e7ngjyros\u00ebse n\u00eb sip\u00ebrfaqe zvog\u00eblohet dhe mund t\u00eb hiqet \/ pastrohet leht\u00eb.<\/p>\n\n<hr \/>\n\n<h4 class=\"wp-block-heading\" id=\"properties\">Karakteristikat e produktit<\/h4>\n\n<div class=\"wp-block-columns is-layout-flex wp-container-core-columns-is-layout-9d6595d7 wp-block-columns-is-layout-flex\">\n<div class=\"wp-block-column is-layout-flow wp-block-column-is-layout-flow\">\n<p>Sh\u00ebnim: Tekstilet e lira t\u00eb bardha mund t\u00eb ken\u00eb nj\u00eb nuanc\u00eb t\u00eb verdh\u00eb<\/p>\n\n\n\n<p>N\u00eb var\u00ebsi t\u00eb absorbueshm\u00ebris\u00eb s\u00eb sip\u00ebrfaqes q\u00eb do t\u00eb vuloset, 1 lit\u00ebr \u00ebsht\u00eb i mjaftuesh\u00ebm p\u00ebr deri n\u00eb 40m\u00b2.<\/p>\n<\/div>\n\n\n\n<div class=\"wp-block-column is-layout-flow wp-block-column-is-layout-flow\">\n<p><strong>Fusha e dor\u00ebzimit:<\/strong><br \/> 1 x lit\u00ebr shishe<br \/> 1 x Kok\u00eb sp\u00ebrkatjeje pompe<\/p>\n<\/div>\n<\/div>\n\n<hr \/>\n\n<h4 class=\"wp-block-heading\" id=\"h-ratgeber\">k\u00ebshilltar<\/h4>\n\n<p>Vulat tona universale jan\u00eb ve\u00e7an\u00ebrisht t\u00eb p\u00ebrshtatshme p\u00ebr sektorin &#8220;b\u00ebje vet\u00eb&#8221;.<\/p>\n\n<p>Ata kombinojn\u00eb nj\u00eb m\u00ebnyr\u00eb profesionale veprimi n\u00eb sip\u00ebrfaqe t\u00eb ndryshme me trajtim t\u00eb leht\u00eb gjat\u00eb aplikimit. Dhe e gjith\u00eb kjo pa pasur nevoj\u00eb t\u00eb b\u00ebni ndonj\u00eb kompromis t\u00eb madh p\u00ebrsa i p\u00ebrket cil\u00ebsis\u00eb.<\/p>\n\n<p>N\u00eb k\u00ebt\u00eb m\u00ebnyr\u00eb, mund t\u00eb b\u00ebhen aplikime n\u00eb disa materiale me vet\u00ebm nj\u00eb ngjit\u00ebs universal dhe mund t\u00eb arrihet gjithashtu nj\u00eb efekt cil\u00ebsor dhe q\u00ebndrueshm\u00ebri e gjat\u00eb.<\/p>\n\n<p>Megjithat\u00eb, p\u00ebr aplikimet komerciale dhe industriale ku niveli m\u00eb i lart\u00eb i mundsh\u00ebm i performanc\u00ebs duhet t\u00eb arrihet n\u00eb nj\u00eb sip\u00ebrfaqe specifike, ne rekomandojm\u00eb p\u00ebrdorimin e p\u00ebrfundimeve tona speciale p\u00ebr at\u00eb sip\u00ebrfaqe.<\/p>\n","protected":false},"excerpt":{"rendered":"<p><strong>Grumbullues universal profesional shum\u00eb efektiv p\u00ebr sip\u00ebrfaqe absorbuese \/ &#8220;t\u00eb buta&#8221;:<\/strong><\/p>\n<p>\u2713 Tekstile<\/p>\n<p>\u2713 Guri<\/p>\n<p>\u2713 dru<\/p>\n<p>\u2713 Me efekt t\u00eb leht\u00eb p\u00ebr t&#8217;u pastruar<\/p>\n","protected":false},"featured_media":18302,"template":"","meta":{"_acf_changed":false,"neve_meta_sidebar":"","neve_meta_container":"","neve_meta_enable_content_width":"","neve_meta_content_width":0,"neve_meta_title_alignment":"","neve_meta_author_avatar":"","neve_post_elements_order":"","neve_meta_disable_header":"","neve_meta_disable_footer":"","neve_meta_disable_title":"","neve_meta_reading_time":"","_surfaces":[],"_ver_product_tabs":[],"footnotes":""},"product_brand":[],"product_cat":[2473],"product_tag":[],"class_list":{"0":"post-23240","1":"product","2":"type-product","3":"status-publish","4":"has-post-thumbnail","6":"product_cat-vula-universale","7":"pa_gebinde-shishe-1000-ml","8":"pa_gebinde-kuti-20l","10":"first","11":"instock","12":"taxable","13":"shipping-taxable","14":"purchasable","15":"product-type-variable","16":"has-default-attributes"},"acf":[],"yoast_head":"<!-- This site is optimized with the Yoast SEO Premium plugin v22.8 (Yoast SEO v27.5) - https:\/\/yoast.com\/product\/yoast-seo-premium-wordpress\/ -->\n<title>Vulosje universale 695 p\u00ebr sip\u00ebrfaqe &quot;t\u00eb buta&quot; \/ thith\u00ebse (gur +++, dru +++, tekstil ++) - versiegelung24.com<\/title>\n<meta name=\"robots\" content=\"index, follow, max-snippet:-1, max-image-preview:large, max-video-preview:-1\" \/>\n<link rel=\"canonical\" href=\"https:\/\/www.versiegelung24.com\/sq\/vule-universale-695-per-siperfaqe-te-buta-thithese-guri-dru-tekstile.html\" \/>\n<meta property=\"og:locale\" content=\"sq_AL\" \/>\n<meta property=\"og:type\" content=\"article\" \/>\n<meta property=\"og:title\" content=\"Vulosje universale 695 p\u00ebr sip\u00ebrfaqe &quot;t\u00eb buta&quot; \/ thith\u00ebse (gur +++, dru +++, tekstil ++)\" \/>\n<meta property=\"og:description\" content=\"Grumbullues universal profesional shum\u00eb efektiv p\u00ebr sip\u00ebrfaqe absorbuese \/ &quot;t\u00eb buta&quot;: \u2713 Tekstile \u2713 Guri \u2713 dru \u2713 Me efekt t\u00eb leht\u00eb p\u00ebr t&#039;u pastruar\" \/>\n<meta property=\"og:url\" content=\"https:\/\/www.versiegelung24.com\/sq\/vule-universale-695-per-siperfaqe-te-buta-thithese-guri-dru-tekstile.html\" \/>\n<meta property=\"og:site_name\" content=\"versiegelung24.com\" \/>\n<meta property=\"article:modified_time\" content=\"2025-04-12T09:47:58+00:00\" \/>\n<meta property=\"og:image\" content=\"https:\/\/www.versiegelung24.com\/wp-content\/uploads\/2020\/06\/produkt-4007-695-1000-Universalversiegelung-695-scaled.jpg\" \/>\n\t<meta property=\"og:image:width\" content=\"2560\" \/>\n\t<meta property=\"og:image:height\" content=\"2560\" \/>\n\t<meta property=\"og:image:type\" content=\"image\/jpeg\" \/>\n<meta name=\"twitter:card\" content=\"summary_large_image\" \/>\n<meta name=\"twitter:label1\" content=\"Availability\" \/>\n\t<meta name=\"twitter:data1\" content=\"In stock\" \/>\n<script type=\"application\/ld+json\" class=\"yoast-schema-graph\">{\"@context\":\"https:\\\/\\\/schema.org\",\"@graph\":[{\"@type\":\"WebPage\",\"@id\":\"https:\\\/\\\/www.versiegelung24.com\\\/sq\\\/vule-universale-695-per-siperfaqe-te-buta-thithese-guri-dru-tekstile.html\",\"url\":\"https:\\\/\\\/www.versiegelung24.com\\\/sq\\\/vule-universale-695-per-siperfaqe-te-buta-thithese-guri-dru-tekstile.html\",\"name\":\"Vulosje universale 695 p\u00ebr sip\u00ebrfaqe \\\"t\u00eb buta\\\" \\\/ thith\u00ebse (gur +++, dru +++, tekstil ++) - versiegelung24.com\",\"isPartOf\":{\"@id\":\"https:\\\/\\\/www.versiegelung24.com\\\/sq\\\/#website\"},\"primaryImageOfPage\":{\"@id\":\"https:\\\/\\\/www.versiegelung24.com\\\/sq\\\/vule-universale-695-per-siperfaqe-te-buta-thithese-guri-dru-tekstile.html#primaryimage\"},\"image\":{\"@id\":\"https:\\\/\\\/www.versiegelung24.com\\\/sq\\\/vule-universale-695-per-siperfaqe-te-buta-thithese-guri-dru-tekstile.html#primaryimage\"},\"thumbnailUrl\":\"https:\\\/\\\/www.versiegelung24.com\\\/wp-content\\\/uploads\\\/2020\\\/06\\\/produkt-4007-695-1000-Universalversiegelung-695-scaled.jpg\",\"datePublished\":\"2021-08-02T19:28:41+00:00\",\"dateModified\":\"2025-04-12T09:47:58+00:00\",\"breadcrumb\":{\"@id\":\"https:\\\/\\\/www.versiegelung24.com\\\/sq\\\/vule-universale-695-per-siperfaqe-te-buta-thithese-guri-dru-tekstile.html#breadcrumb\"},\"inLanguage\":\"sq-AL\",\"potentialAction\":[{\"@type\":\"ReadAction\",\"target\":[\"https:\\\/\\\/www.versiegelung24.com\\\/sq\\\/vule-universale-695-per-siperfaqe-te-buta-thithese-guri-dru-tekstile.html\"]}]},{\"@type\":\"ImageObject\",\"inLanguage\":\"sq-AL\",\"@id\":\"https:\\\/\\\/www.versiegelung24.com\\\/sq\\\/vule-universale-695-per-siperfaqe-te-buta-thithese-guri-dru-tekstile.html#primaryimage\",\"url\":\"https:\\\/\\\/www.versiegelung24.com\\\/wp-content\\\/uploads\\\/2020\\\/06\\\/produkt-4007-695-1000-Universalversiegelung-695-scaled.jpg\",\"contentUrl\":\"https:\\\/\\\/www.versiegelung24.com\\\/wp-content\\\/uploads\\\/2020\\\/06\\\/produkt-4007-695-1000-Universalversiegelung-695-scaled.jpg\",\"width\":2560,\"height\":2560},{\"@type\":\"BreadcrumbList\",\"@id\":\"https:\\\/\\\/www.versiegelung24.com\\\/sq\\\/vule-universale-695-per-siperfaqe-te-buta-thithese-guri-dru-tekstile.html#breadcrumb\",\"itemListElement\":[{\"@type\":\"ListItem\",\"position\":1,\"name\":\"Faqja kryesore\",\"item\":\"https:\\\/\\\/www.versiegelung24.com\\\/sq\\\/perpara\\\/\"},{\"@type\":\"ListItem\",\"position\":2,\"name\":\"Dyqan\",\"item\":\"https:\\\/\\\/www.versiegelung24.com\\\/sq\\\/dyqan\\\/\"},{\"@type\":\"ListItem\",\"position\":3,\"name\":\"Vulosje universale 695 p\u00ebr sip\u00ebrfaqe &#8220;t\u00eb buta&#8221; \\\/ thith\u00ebse (gur +++, dru +++, tekstil ++)\"}]},{\"@type\":\"WebSite\",\"@id\":\"https:\\\/\\\/www.versiegelung24.com\\\/sq\\\/#website\",\"url\":\"https:\\\/\\\/www.versiegelung24.com\\\/sq\\\/\",\"name\":\"versiegelung24.com\",\"description\":\"Fl\u00fcssigglas-Versiegelung - Made in Germany\",\"publisher\":{\"@id\":\"https:\\\/\\\/www.versiegelung24.com\\\/sq\\\/#organization\"},\"potentialAction\":[{\"@type\":\"SearchAction\",\"target\":{\"@type\":\"EntryPoint\",\"urlTemplate\":\"https:\\\/\\\/www.versiegelung24.com\\\/sq\\\/?s={search_term_string}\"},\"query-input\":{\"@type\":\"PropertyValueSpecification\",\"valueRequired\":true,\"valueName\":\"search_term_string\"}}],\"inLanguage\":\"sq-AL\"},{\"@type\":\"Organization\",\"@id\":\"https:\\\/\\\/www.versiegelung24.com\\\/sq\\\/#organization\",\"name\":\"versiegelung24\",\"url\":\"https:\\\/\\\/www.versiegelung24.com\\\/sq\\\/\",\"logo\":{\"@type\":\"ImageObject\",\"inLanguage\":\"sq-AL\",\"@id\":\"https:\\\/\\\/www.versiegelung24.com\\\/sq\\\/#\\\/schema\\\/logo\\\/image\\\/\",\"url\":\"https:\\\/\\\/www.versiegelung24.com\\\/wp-content\\\/uploads\\\/2020\\\/04\\\/versiegelung24.png\",\"contentUrl\":\"https:\\\/\\\/www.versiegelung24.com\\\/wp-content\\\/uploads\\\/2020\\\/04\\\/versiegelung24.png\",\"width\":470,\"height\":102,\"caption\":\"versiegelung24\"},\"image\":{\"@id\":\"https:\\\/\\\/www.versiegelung24.com\\\/sq\\\/#\\\/schema\\\/logo\\\/image\\\/\"}}]}<\/script>\n<meta property=\"og:availability\" content=\"instock\" \/>\n<meta property=\"product:availability\" content=\"instock\" \/>\n<meta property=\"product:retailer_item_id\" content=\"4007-695\" \/>\n<meta property=\"product:condition\" content=\"new\" \/>\n<!-- \/ Yoast SEO Premium plugin. -->","yoast_head_json":{"title":"Vulosje universale 695 p\u00ebr sip\u00ebrfaqe \"t\u00eb buta\" \/ thith\u00ebse (gur +++, dru +++, tekstil ++) - versiegelung24.com","robots":{"index":"index","follow":"follow","max-snippet":"max-snippet:-1","max-image-preview":"max-image-preview:large","max-video-preview":"max-video-preview:-1"},"canonical":"https:\/\/www.versiegelung24.com\/sq\/vule-universale-695-per-siperfaqe-te-buta-thithese-guri-dru-tekstile.html","og_locale":"sq_AL","og_type":"article","og_title":"Vulosje universale 695 p\u00ebr sip\u00ebrfaqe \"t\u00eb buta\" \/ thith\u00ebse (gur +++, dru +++, tekstil ++)","og_description":"Grumbullues universal profesional shum\u00eb efektiv p\u00ebr sip\u00ebrfaqe absorbuese \/ \"t\u00eb buta\": \u2713 Tekstile \u2713 Guri \u2713 dru \u2713 Me efekt t\u00eb leht\u00eb p\u00ebr t'u pastruar","og_url":"https:\/\/www.versiegelung24.com\/sq\/vule-universale-695-per-siperfaqe-te-buta-thithese-guri-dru-tekstile.html","og_site_name":"versiegelung24.com","article_modified_time":"2025-04-12T09:47:58+00:00","og_image":[{"width":2560,"height":2560,"url":"https:\/\/www.versiegelung24.com\/wp-content\/uploads\/2020\/06\/produkt-4007-695-1000-Universalversiegelung-695-scaled.jpg","type":"image\/jpeg"}],"twitter_card":"summary_large_image","twitter_misc":{"Availability":"In stock"},"schema":{"@context":"https:\/\/schema.org","@graph":[{"@type":"WebPage","@id":"https:\/\/www.versiegelung24.com\/sq\/vule-universale-695-per-siperfaqe-te-buta-thithese-guri-dru-tekstile.html","url":"https:\/\/www.versiegelung24.com\/sq\/vule-universale-695-per-siperfaqe-te-buta-thithese-guri-dru-tekstile.html","name":"Vulosje universale 695 p\u00ebr sip\u00ebrfaqe \"t\u00eb buta\" \/ thith\u00ebse (gur +++, dru +++, tekstil ++) - versiegelung24.com","isPartOf":{"@id":"https:\/\/www.versiegelung24.com\/sq\/#website"},"primaryImageOfPage":{"@id":"https:\/\/www.versiegelung24.com\/sq\/vule-universale-695-per-siperfaqe-te-buta-thithese-guri-dru-tekstile.html#primaryimage"},"image":{"@id":"https:\/\/www.versiegelung24.com\/sq\/vule-universale-695-per-siperfaqe-te-buta-thithese-guri-dru-tekstile.html#primaryimage"},"thumbnailUrl":"https:\/\/www.versiegelung24.com\/wp-content\/uploads\/2020\/06\/produkt-4007-695-1000-Universalversiegelung-695-scaled.jpg","datePublished":"2021-08-02T19:28:41+00:00","dateModified":"2025-04-12T09:47:58+00:00","breadcrumb":{"@id":"https:\/\/www.versiegelung24.com\/sq\/vule-universale-695-per-siperfaqe-te-buta-thithese-guri-dru-tekstile.html#breadcrumb"},"inLanguage":"sq-AL","potentialAction":[{"@type":"ReadAction","target":["https:\/\/www.versiegelung24.com\/sq\/vule-universale-695-per-siperfaqe-te-buta-thithese-guri-dru-tekstile.html"]}]},{"@type":"ImageObject","inLanguage":"sq-AL","@id":"https:\/\/www.versiegelung24.com\/sq\/vule-universale-695-per-siperfaqe-te-buta-thithese-guri-dru-tekstile.html#primaryimage","url":"https:\/\/www.versiegelung24.com\/wp-content\/uploads\/2020\/06\/produkt-4007-695-1000-Universalversiegelung-695-scaled.jpg","contentUrl":"https:\/\/www.versiegelung24.com\/wp-content\/uploads\/2020\/06\/produkt-4007-695-1000-Universalversiegelung-695-scaled.jpg","width":2560,"height":2560},{"@type":"BreadcrumbList","@id":"https:\/\/www.versiegelung24.com\/sq\/vule-universale-695-per-siperfaqe-te-buta-thithese-guri-dru-tekstile.html#breadcrumb","itemListElement":[{"@type":"ListItem","position":1,"name":"Faqja kryesore","item":"https:\/\/www.versiegelung24.com\/sq\/perpara\/"},{"@type":"ListItem","position":2,"name":"Dyqan","item":"https:\/\/www.versiegelung24.com\/sq\/dyqan\/"},{"@type":"ListItem","position":3,"name":"Vulosje universale 695 p\u00ebr sip\u00ebrfaqe &#8220;t\u00eb buta&#8221; \/ thith\u00ebse (gur +++, dru +++, tekstil ++)"}]},{"@type":"WebSite","@id":"https:\/\/www.versiegelung24.com\/sq\/#website","url":"https:\/\/www.versiegelung24.com\/sq\/","name":"versiegelung24.com","description":"Fl\u00fcssigglas-Versiegelung - Made in Germany","publisher":{"@id":"https:\/\/www.versiegelung24.com\/sq\/#organization"},"potentialAction":[{"@type":"SearchAction","target":{"@type":"EntryPoint","urlTemplate":"https:\/\/www.versiegelung24.com\/sq\/?s={search_term_string}"},"query-input":{"@type":"PropertyValueSpecification","valueRequired":true,"valueName":"search_term_string"}}],"inLanguage":"sq-AL"},{"@type":"Organization","@id":"https:\/\/www.versiegelung24.com\/sq\/#organization","name":"versiegelung24","url":"https:\/\/www.versiegelung24.com\/sq\/","logo":{"@type":"ImageObject","inLanguage":"sq-AL","@id":"https:\/\/www.versiegelung24.com\/sq\/#\/schema\/logo\/image\/","url":"https:\/\/www.versiegelung24.com\/wp-content\/uploads\/2020\/04\/versiegelung24.png","contentUrl":"https:\/\/www.versiegelung24.com\/wp-content\/uploads\/2020\/04\/versiegelung24.png","width":470,"height":102,"caption":"versiegelung24"},"image":{"@id":"https:\/\/www.versiegelung24.com\/sq\/#\/schema\/logo\/image\/"}}]},"og_availability":"instock","product_availability":"instock","product_retailer_item_id":"4007-695","product_condition":"new"},"_links":{"self":[{"href":"https:\/\/www.versiegelung24.com\/sq\/wp-json\/wp\/v2\/product\/23240","targetHints":{"allow":["GET"]}}],"collection":[{"href":"https:\/\/www.versiegelung24.com\/sq\/wp-json\/wp\/v2\/product"}],"about":[{"href":"https:\/\/www.versiegelung24.com\/sq\/wp-json\/wp\/v2\/types\/product"}],"version-history":[{"count":24,"href":"https:\/\/www.versiegelung24.com\/sq\/wp-json\/wp\/v2\/product\/23240\/revisions"}],"predecessor-version":[{"id":181445,"href":"https:\/\/www.versiegelung24.com\/sq\/wp-json\/wp\/v2\/product\/23240\/revisions\/181445"}],"wp:featuredmedia":[{"embeddable":true,"href":"https:\/\/www.versiegelung24.com\/sq\/wp-json\/wp\/v2\/media\/18302"}],"wp:attachment":[{"href":"https:\/\/www.versiegelung24.com\/sq\/wp-json\/wp\/v2\/media?parent=23240"}],"wp:term":[{"taxonomy":"product_brand","embeddable":true,"href":"https:\/\/www.versiegelung24.com\/sq\/wp-json\/wp\/v2\/product_brand?post=23240"},{"taxonomy":"product_cat","embeddable":true,"href":"https:\/\/www.versiegelung24.com\/sq\/wp-json\/wp\/v2\/product_cat?post=23240"},{"taxonomy":"product_tag","embeddable":true,"href":"https:\/\/www.versiegelung24.com\/sq\/wp-json\/wp\/v2\/product_tag?post=23240"}],"curies":[{"name":"wp","href":"https:\/\/api.w.org\/{rel}","templated":true}]}}