{"id":23408,"date":"2020-04-04T18:53:17","date_gmt":"2021-08-02T19:34:51","guid":{"rendered":"https:\/\/www.versiegelung24.com\/produkt\/5-litra-bacoban-koncentrat-per-500-litra-dezinfektim-afatgjate-te-siperfaqes"},"modified":"2025-01-13T16:36:56","modified_gmt":"2025-01-13T15:36:56","slug":"bacoban-afat-gjate-dezinfektimi-i-siperfaqes-5-000ml-koncentrat-me-baze-uji","status":"publish","type":"product","link":"https:\/\/www.versiegelung24.com\/sq\/bacoban-afat-gjate-dezinfektimi-i-siperfaqes-5-000ml-koncentrat-me-baze-uji.html","title":{"rendered":"5 litra BACOBAN\u00ae koncentrat p\u00ebr 500 litra dezinfektim afatgjat\u00eb t\u00eb sip\u00ebrfaqes"},"content":{"rendered":"\n<h2 class=\"wp-block-heading\" id=\"h-5-liter-kanister-bacoban-langzeit-flachendesinfektion-konzentrat\">Kuti 5 litrash BACOBAN\u00ae koncentrat afatgjat\u00eb i dezinfektimit t\u00eb sip\u00ebrfaqes<\/h2>\n\n<p><strong>E mjaftueshme p\u00ebr 500 litra dezinfektues (i holluar 1: 100 me uj\u00eb)<\/strong><\/p>\n\n<p><strong>P\u00ebrdorni dezinfektues me kujdes. Gjithmon\u00eb lexoni etiket\u00ebn dhe informacionin e produktit para p\u00ebrdorimit.<\/strong><\/p>\n\n<hr \/>\n\n<h4 class=\"wp-block-heading\" id=\"properties\">Karakteristikat e produktit<\/h4>\n\n<p><strong>P\u00ebrb\u00ebrja:<\/strong><br \/> 100 g tret\u00ebsir\u00eb \u200b\u200bp\u00ebrmban: klorur benzalkonium 26 g, pirition natriumi 2,5 g, polikondensate, aroma, uj\u00eb t\u00eb pastruar, pa formaldehid, pa fenol.<br \/> P\u00ebrb\u00ebr\u00ebsit sipas Rregullores (EC) Nr. 648\/2004: 15% e lart, por m\u00eb pak se 30% surfaktant\u00eb kationik\u00eb, dezinfektues, aroma (linalool, g\u00eblqere, citral, geraniol, citronellol)<\/p>\n<div class=\"wp-block-image\">\n<figure class=\"aligncenter size-large is-resized\"><img decoding=\"async\" src=\"https:\/\/www.versiegelung24.com\/wp-content\/uploads\/2022\/01\/desinfektion_tisch-1300x260.jpg\" alt=\"\" class=\"wp-image-59386\" width=\"1500\" srcset=\"https:\/\/www.versiegelung24.com\/wp-content\/uploads\/2022\/01\/desinfektion_tisch-1300x260.jpg 1300w, https:\/\/www.versiegelung24.com\/wp-content\/uploads\/2022\/01\/desinfektion_tisch-300x60.jpg 300w, https:\/\/www.versiegelung24.com\/wp-content\/uploads\/2022\/01\/desinfektion_tisch-768x154.jpg 768w, https:\/\/www.versiegelung24.com\/wp-content\/uploads\/2022\/01\/desinfektion_tisch-600x120.jpg 600w, https:\/\/www.versiegelung24.com\/wp-content\/uploads\/2022\/01\/desinfektion_tisch.jpg 1500w\" sizes=\"(max-width: 1300px) 100vw, 1300px\" \/><\/figure>\n<\/div>\n<hr \/>\n\n<h4 class=\"wp-block-heading\" id=\"application\">Aplikacion<\/h4>\n\n<p>Jasht\u00eb<strong> Bacoban<\/strong><sup> \u00ae<\/sup><strong> BB<\/strong> P\u00ebrgatitni nj\u00eb zgjidhje t\u00eb gatshme p\u00ebr p\u00ebrdorim sipas tryez\u00ebs s\u00eb p\u00ebrzierjes dhe lagni sip\u00ebrfaqet sa duhet. Mos e shp\u00eblani ose f\u00ebrkoni t\u00eb that\u00eb. Koha e q\u00ebndrimit t\u00eb tret\u00ebsir\u00ebs s\u00eb pun\u00ebs t\u00eb p\u00ebrgatitur fllad: 8 or\u00eb<\/p>\n\n<figure class=\"wp-block-table\"><table><tbody><tr><td>Tabela e p\u00ebrzierjes<\/td><\/tr><tr><td>V\u00ebllimi p\u00ebrfundimtar<\/td><td>0,5 %<\/td><td>1 %<\/td><td>2 %<\/td><td>3 %<\/td><\/tr><tr><td>1 lit\u00ebr<\/td><td>5 ml<\/td><td>10 ml<\/td><td>20 ml<\/td><td>30 ml<\/td><\/tr><tr><td>2 litra<\/td><td>10 ml<\/td><td>20 ml<\/td><td>40 ml<\/td><td>60 ml<\/td><\/tr><tr><td>4 litra<\/td><td>20 ml<\/td><td>40 ml<\/td><td>80 ml<\/td><td>120 ml<\/td><\/tr><tr><td>8 litra<\/td><td>40 ml<\/td><td>80 ml<\/td><td>160 ml<\/td><td>240 ml<\/td><\/tr><tr><td>10 litra<\/td><td>50 ml<\/td><td>100 ml<\/td><td>200 ml<\/td><td>300 ml<\/td><\/tr><\/tbody><\/table><figcaption>tavolina e p\u00ebrzierjes<\/figcaption><\/figure>\n\n<p>Efekt i q\u00ebndruesh\u00ebm antimikrobik <strong>(efekt remanence)<\/strong> deri n\u00eb <strong>10 dit\u00eb<\/strong> (testuar bazuar n\u00eb ASTM E 2180).<br \/> I testuar dermatologjikisht (*n\u00eb 1%): pajtueshm\u00ebri shum\u00eb e mir\u00eb me l\u00ebkur\u00ebn.<\/p>\n\n<p><strong>Efektiviteti dhe dozimi:<\/strong><\/p>\n\n<div class=\"wp-block-columns is-layout-flex wp-container-core-columns-is-layout-9d6595d7 wp-block-columns-is-layout-flex\">\n<div class=\"wp-block-column is-layout-flow wp-block-column-is-layout-flow\">\n<p>Testimi sipas udh\u00ebzimeve t\u00eb DGHM (ngarkesa e lart\u00eb e organeve):<br \/> 1,5%, 15 min.; 2.0%, 5 min.<br \/> Testimi sipas udh\u00ebzimeve EN:<br \/> DIN EN 1040: 0,25%, 5 min.<br \/> DIN EN 1275: 0,25%, 5 min.<br \/> DIN EN 1276: 0,75%, 5 min.\/0,50%, 15 min.<\/p>\n<\/div>\n\n\n\n<div class=\"wp-block-column is-layout-flow wp-block-column-is-layout-flow\">\n<p>DIN EN 1650: 0,50%, 5 min.\/0,25%, 15 min.<br \/> DIN EN 13697: 0.50%, 15 min.<br \/> EN 13727: 1%, 5 min.<br \/> EN 13624: 1%, 5 min.<br \/> DIN EN 14561: 3% 5 min, 0.5% 60 min<br \/> DIN EN 14562: 0.5% 60 min<br \/> Testimi sipas udh\u00ebzimeve t\u00eb DVV: *efektshm\u00ebri e kufizuar virucidale; 1.0%; 5 min (HIV, HBV, HCV, herpes, grip, gjithashtu gripi i shpend\u00ebve, BVDV, vaccinia), rotavirus: 0.1%, 5 min., adenovirus: 2.0%, 240 min.<\/p>\n<\/div>\n<\/div>\n\n<p><strong>Efekt antimikrobik i q\u00ebndruesh\u00ebm deri n\u00eb 10 dit\u00eb<\/strong> (testuar bazuar n\u00eb ASTM E 2180)<\/p>\n\n<p><strong>E r\u00ebnd\u00ebsishme!<\/strong><br \/> Efekti afatgjat\u00eb antimikrobik i Bacoban <sup>\u00ae<\/sup> WB nuk duhet t\u00eb \u00e7oj\u00eb n\u00eb heqjen e masave t\u00eb nevojshme dezinfektuese n\u00eb rast kontaminimi t\u00eb duksh\u00ebm dhe\/ose t\u00eb dyshimt\u00eb!<\/p>\n<div class=\"wp-block-image\">\n<figure class=\"aligncenter size-large is-resized\"><img decoding=\"async\" src=\"https:\/\/www.versiegelung24.com\/wp-content\/uploads\/2022\/01\/tuere_viren-1300x260.jpg\" alt=\"\" class=\"wp-image-59414\" width=\"1500\" srcset=\"https:\/\/www.versiegelung24.com\/wp-content\/uploads\/2022\/01\/tuere_viren-1300x260.jpg 1300w, https:\/\/www.versiegelung24.com\/wp-content\/uploads\/2022\/01\/tuere_viren-300x60.jpg 300w, https:\/\/www.versiegelung24.com\/wp-content\/uploads\/2022\/01\/tuere_viren-768x154.jpg 768w, https:\/\/www.versiegelung24.com\/wp-content\/uploads\/2022\/01\/tuere_viren-600x120.jpg 600w, https:\/\/www.versiegelung24.com\/wp-content\/uploads\/2022\/01\/tuere_viren.jpg 1500w\" sizes=\"(max-width: 1300px) 100vw, 1300px\" \/><\/figure>\n<\/div>\n<hr \/>\n\n<h4 class=\"wp-block-heading\" id=\"advisor\">k\u00ebshilltar<\/h4>\n\n<p><strong>Njoftim p\u00ebr sigurin\u00eb:<\/strong><br \/> Shoqata tregtare k\u00ebrkon q\u00eb t\u00eb vishen doreza gjat\u00eb trajtimit t\u00eb dezinfektuesve. E d\u00ebmshme n\u00ebse g\u00eblltitet. Shkakton acarim serioz t\u00eb l\u00ebkur\u00ebs dhe d\u00ebmtime serioze t\u00eb syve. Shum\u00eb toksike p\u00ebr organizmat ujor\u00eb. Toksike p\u00ebr jet\u00ebn ujore me efekte afatgjata. Mos hani, pini apo pini duhan kur p\u00ebrdorni. N\u00cbSE g\u00eblltitet: Shp\u00eblajeni goj\u00ebn. MOS shkaktoni t\u00eb vjella. N\u00cbSE N\u00cb L\u00cbKUR\u00cb (ose flok\u00eb): Hiqni menj\u00ebher\u00eb t\u00eb gjitha veshjet e kontaminuara. Lani l\u00ebkur\u00ebn me uj\u00eb\/dush. N\u00cbSE N\u00cb SYT\u00cb: Shp\u00eblajeni me kujdes me uj\u00eb p\u00ebr disa minuta. Hiqni lentet e kontaktit, n\u00ebse \u00ebsht\u00eb e mundur. Vazhdoni shp\u00eblarjen. Telefononi menj\u00ebher\u00eb Qendr\u00ebn e Helmimeve ose mjekun. N\u00ebse k\u00ebrkohet k\u00ebshilla mjek\u00ebsore, keni n\u00eb dispozicion nj\u00eb en\u00eb ose etiket\u00eb. Mbajeni jasht\u00eb mund\u00ebsive t\u00eb f\u00ebmij\u00ebve.<br \/> P\u00ebrdoreni vet\u00ebm me uj\u00eb dhe sipas tabel\u00ebs s\u00eb p\u00ebrzierjes. Mos e p\u00ebrdorni me pastrues ose dezinfektues t\u00eb tjer\u00eb.<\/p>\n\n<div class=\"wp-block-columns is-layout-flex wp-container-core-columns-is-layout-9d6595d7 wp-block-columns-is-layout-flex\">\n<div class=\"wp-block-column is-layout-flow wp-block-column-is-layout-flow\">\n<p>Mund t\u00eb p\u00ebrdoret n\u00eb t\u00eb gjitha sip\u00ebrfaqet. N\u00eb rastin e <strong>sip\u00ebrfaqeve t\u00eb dyshimta t\u00eb ndjeshme, ne rekomandojm\u00eb nj\u00eb prov\u00eb rezistence<\/strong> n\u00eb nj\u00eb zon\u00eb q\u00eb nuk bie n\u00eb sy. Ruani vet\u00ebm n\u00eb nj\u00eb en\u00eb t\u00eb mbyllur. Ruani n\u00eb nj\u00eb vend t\u00eb fresk\u00ebt dhe t\u00eb that\u00eb.<\/p>\n<\/div>\n\n\n\n<div class=\"wp-block-column is-layout-flow wp-block-column-is-layout-flow\">\n<p><strong>Kontejneri mund t\u00eb riciklohet vet\u00ebm kur t\u00eb jet\u00eb zbrazur plot\u00ebsisht.<\/strong> Mos e p\u00ebrdorni pas dat\u00ebs s\u00eb skadenc\u00ebs. Hidhni n\u00eb m\u00ebnyr\u00eb t\u00eb p\u00ebrshtatshme n\u00eb p\u00ebrputhje me rregulloret lokale dhe zyrtare.<\/p>\n<\/div>\n<\/div>\n\n<p>Nr. Reg. Biocide: N-28795 (D). 263\/17\/L (Lu)<\/p>\n\n<p>Zgjidhja e <strong>gatshme<\/strong> p\u00ebr p\u00ebrdorim sipas tabel\u00ebs s\u00eb p\u00ebrzierjes nuk k\u00ebrkon nj\u00eb simbol rreziku.<\/p>\n","protected":false},"excerpt":{"rendered":"<p><strong>P\u00ebrqendrohuni p\u00ebr 500 litra dezinfektues me baz\u00eb uji.<\/strong><\/p>\n","protected":false},"featured_media":15375,"template":"","meta":{"_acf_changed":false,"neve_meta_sidebar":"","neve_meta_container":"","neve_meta_enable_content_width":"","neve_meta_content_width":0,"neve_meta_title_alignment":"","neve_meta_author_avatar":"","neve_post_elements_order":"","neve_meta_disable_header":"","neve_meta_disable_footer":"","neve_meta_disable_title":"","neve_meta_reading_time":"","_surfaces":[],"_ver_product_tabs":[],"footnotes":""},"product_brand":[],"product_cat":[2233,2234,2232],"product_tag":[],"class_list":{"0":"post-23408","1":"product","2":"type-product","3":"status-publish","4":"has-post-thumbnail","6":"product_cat-dezinfektues-te-siperfaqes","7":"product_cat-koncentrate-dezinfektuese","8":"product_cat-dezinfektues","10":"first","11":"instock","12":"taxable","13":"shipping-taxable","14":"purchasable","15":"product-type-simple"},"acf":[],"yoast_head":"<!-- This site is optimized with the Yoast SEO Premium plugin v22.8 (Yoast SEO v27.5) - https:\/\/yoast.com\/product\/yoast-seo-premium-wordpress\/ -->\n<title>5 litra BACOBAN\u00ae koncentrat p\u00ebr 500 litra dezinfektim afatgjat\u00eb t\u00eb sip\u00ebrfaqes - versiegelung24.com<\/title>\n<meta name=\"robots\" content=\"index, follow, max-snippet:-1, max-image-preview:large, max-video-preview:-1\" \/>\n<link rel=\"canonical\" href=\"https:\/\/www.versiegelung24.com\/sq\/bacoban-afat-gjate-dezinfektimi-i-siperfaqes-5-000ml-koncentrat-me-baze-uji.html\" \/>\n<meta property=\"og:locale\" content=\"sq_AL\" \/>\n<meta property=\"og:type\" content=\"article\" \/>\n<meta property=\"og:title\" content=\"5 litra BACOBAN\u00ae koncentrat p\u00ebr 500 litra dezinfektim afatgjat\u00eb t\u00eb sip\u00ebrfaqes\" \/>\n<meta property=\"og:description\" content=\"P\u00ebrqendrohuni p\u00ebr 500 litra dezinfektues me baz\u00eb uji.\" \/>\n<meta property=\"og:url\" content=\"https:\/\/www.versiegelung24.com\/sq\/bacoban-afat-gjate-dezinfektimi-i-siperfaqes-5-000ml-koncentrat-me-baze-uji.html\" \/>\n<meta property=\"og:site_name\" content=\"versiegelung24.com\" \/>\n<meta property=\"article:modified_time\" content=\"2025-01-13T15:36:56+00:00\" \/>\n<meta property=\"og:image\" content=\"https:\/\/www.versiegelung24.com\/wp-content\/uploads\/2020\/05\/bacoban-bacwb5-1.png\" \/>\n\t<meta property=\"og:image:width\" content=\"2000\" \/>\n\t<meta property=\"og:image:height\" content=\"2000\" \/>\n\t<meta property=\"og:image:type\" content=\"image\/png\" \/>\n<meta name=\"twitter:card\" content=\"summary_large_image\" \/>\n<meta name=\"twitter:label1\" content=\"Price\" \/>\n\t<meta name=\"twitter:data1\" content=\"399,00&euro;\" \/>\n\t<meta name=\"twitter:label2\" content=\"Availability\" \/>\n\t<meta name=\"twitter:data2\" content=\"In stock\" \/>\n<script type=\"application\/ld+json\" class=\"yoast-schema-graph\">{\"@context\":\"https:\\\/\\\/schema.org\",\"@graph\":[{\"@type\":\"WebPage\",\"@id\":\"https:\\\/\\\/www.versiegelung24.com\\\/sq\\\/bacoban-afat-gjate-dezinfektimi-i-siperfaqes-5-000ml-koncentrat-me-baze-uji.html\",\"url\":\"https:\\\/\\\/www.versiegelung24.com\\\/sq\\\/bacoban-afat-gjate-dezinfektimi-i-siperfaqes-5-000ml-koncentrat-me-baze-uji.html\",\"name\":\"5 litra BACOBAN\u00ae koncentrat p\u00ebr 500 litra dezinfektim afatgjat\u00eb t\u00eb sip\u00ebrfaqes - versiegelung24.com\",\"isPartOf\":{\"@id\":\"https:\\\/\\\/www.versiegelung24.com\\\/sq\\\/#website\"},\"primaryImageOfPage\":{\"@id\":\"https:\\\/\\\/www.versiegelung24.com\\\/sq\\\/bacoban-afat-gjate-dezinfektimi-i-siperfaqes-5-000ml-koncentrat-me-baze-uji.html#primaryimage\"},\"image\":{\"@id\":\"https:\\\/\\\/www.versiegelung24.com\\\/sq\\\/bacoban-afat-gjate-dezinfektimi-i-siperfaqes-5-000ml-koncentrat-me-baze-uji.html#primaryimage\"},\"thumbnailUrl\":\"https:\\\/\\\/www.versiegelung24.com\\\/wp-content\\\/uploads\\\/2020\\\/05\\\/bacoban-bacwb5-1.png\",\"datePublished\":\"2021-08-02T19:34:51+00:00\",\"dateModified\":\"2025-01-13T15:36:56+00:00\",\"breadcrumb\":{\"@id\":\"https:\\\/\\\/www.versiegelung24.com\\\/sq\\\/bacoban-afat-gjate-dezinfektimi-i-siperfaqes-5-000ml-koncentrat-me-baze-uji.html#breadcrumb\"},\"inLanguage\":\"sq-AL\",\"potentialAction\":[{\"@type\":\"ReadAction\",\"target\":[\"https:\\\/\\\/www.versiegelung24.com\\\/sq\\\/bacoban-afat-gjate-dezinfektimi-i-siperfaqes-5-000ml-koncentrat-me-baze-uji.html\"]}]},{\"@type\":\"ImageObject\",\"inLanguage\":\"sq-AL\",\"@id\":\"https:\\\/\\\/www.versiegelung24.com\\\/sq\\\/bacoban-afat-gjate-dezinfektimi-i-siperfaqes-5-000ml-koncentrat-me-baze-uji.html#primaryimage\",\"url\":\"https:\\\/\\\/www.versiegelung24.com\\\/wp-content\\\/uploads\\\/2020\\\/05\\\/bacoban-bacwb5-1.png\",\"contentUrl\":\"https:\\\/\\\/www.versiegelung24.com\\\/wp-content\\\/uploads\\\/2020\\\/05\\\/bacoban-bacwb5-1.png\",\"width\":2000,\"height\":2000},{\"@type\":\"BreadcrumbList\",\"@id\":\"https:\\\/\\\/www.versiegelung24.com\\\/sq\\\/bacoban-afat-gjate-dezinfektimi-i-siperfaqes-5-000ml-koncentrat-me-baze-uji.html#breadcrumb\",\"itemListElement\":[{\"@type\":\"ListItem\",\"position\":1,\"name\":\"Faqja kryesore\",\"item\":\"https:\\\/\\\/www.versiegelung24.com\\\/sq\\\/perpara\\\/\"},{\"@type\":\"ListItem\",\"position\":2,\"name\":\"Dyqan\",\"item\":\"https:\\\/\\\/www.versiegelung24.com\\\/sq\\\/dyqan\\\/\"},{\"@type\":\"ListItem\",\"position\":3,\"name\":\"5 litra BACOBAN\u00ae koncentrat p\u00ebr 500 litra dezinfektim afatgjat\u00eb t\u00eb sip\u00ebrfaqes\"}]},{\"@type\":\"WebSite\",\"@id\":\"https:\\\/\\\/www.versiegelung24.com\\\/sq\\\/#website\",\"url\":\"https:\\\/\\\/www.versiegelung24.com\\\/sq\\\/\",\"name\":\"versiegelung24.com\",\"description\":\"Fl\u00fcssigglas-Versiegelung - Made in Germany\",\"publisher\":{\"@id\":\"https:\\\/\\\/www.versiegelung24.com\\\/sq\\\/#organization\"},\"potentialAction\":[{\"@type\":\"SearchAction\",\"target\":{\"@type\":\"EntryPoint\",\"urlTemplate\":\"https:\\\/\\\/www.versiegelung24.com\\\/sq\\\/?s={search_term_string}\"},\"query-input\":{\"@type\":\"PropertyValueSpecification\",\"valueRequired\":true,\"valueName\":\"search_term_string\"}}],\"inLanguage\":\"sq-AL\"},{\"@type\":\"Organization\",\"@id\":\"https:\\\/\\\/www.versiegelung24.com\\\/sq\\\/#organization\",\"name\":\"versiegelung24\",\"url\":\"https:\\\/\\\/www.versiegelung24.com\\\/sq\\\/\",\"logo\":{\"@type\":\"ImageObject\",\"inLanguage\":\"sq-AL\",\"@id\":\"https:\\\/\\\/www.versiegelung24.com\\\/sq\\\/#\\\/schema\\\/logo\\\/image\\\/\",\"url\":\"https:\\\/\\\/www.versiegelung24.com\\\/wp-content\\\/uploads\\\/2020\\\/04\\\/versiegelung24.png\",\"contentUrl\":\"https:\\\/\\\/www.versiegelung24.com\\\/wp-content\\\/uploads\\\/2020\\\/04\\\/versiegelung24.png\",\"width\":470,\"height\":102,\"caption\":\"versiegelung24\"},\"image\":{\"@id\":\"https:\\\/\\\/www.versiegelung24.com\\\/sq\\\/#\\\/schema\\\/logo\\\/image\\\/\"}}]}<\/script>\n<meta property=\"product:price:amount\" content=\"399.00\" \/>\n<meta property=\"product:price:currency\" content=\"EUR\" \/>\n<meta property=\"og:availability\" content=\"instock\" \/>\n<meta property=\"product:availability\" content=\"instock\" \/>\n<meta property=\"product:retailer_item_id\" content=\"BACWB5\" \/>\n<meta property=\"product:condition\" content=\"new\" \/>\n<!-- \/ Yoast SEO Premium plugin. -->","yoast_head_json":{"title":"5 litra BACOBAN\u00ae koncentrat p\u00ebr 500 litra dezinfektim afatgjat\u00eb t\u00eb sip\u00ebrfaqes - versiegelung24.com","robots":{"index":"index","follow":"follow","max-snippet":"max-snippet:-1","max-image-preview":"max-image-preview:large","max-video-preview":"max-video-preview:-1"},"canonical":"https:\/\/www.versiegelung24.com\/sq\/bacoban-afat-gjate-dezinfektimi-i-siperfaqes-5-000ml-koncentrat-me-baze-uji.html","og_locale":"sq_AL","og_type":"article","og_title":"5 litra BACOBAN\u00ae koncentrat p\u00ebr 500 litra dezinfektim afatgjat\u00eb t\u00eb sip\u00ebrfaqes","og_description":"P\u00ebrqendrohuni p\u00ebr 500 litra dezinfektues me baz\u00eb uji.","og_url":"https:\/\/www.versiegelung24.com\/sq\/bacoban-afat-gjate-dezinfektimi-i-siperfaqes-5-000ml-koncentrat-me-baze-uji.html","og_site_name":"versiegelung24.com","article_modified_time":"2025-01-13T15:36:56+00:00","og_image":[{"width":2000,"height":2000,"url":"https:\/\/www.versiegelung24.com\/wp-content\/uploads\/2020\/05\/bacoban-bacwb5-1.png","type":"image\/png"}],"twitter_card":"summary_large_image","twitter_misc":{"Price":"399,00&euro;","Availability":"In stock"},"schema":{"@context":"https:\/\/schema.org","@graph":[{"@type":"WebPage","@id":"https:\/\/www.versiegelung24.com\/sq\/bacoban-afat-gjate-dezinfektimi-i-siperfaqes-5-000ml-koncentrat-me-baze-uji.html","url":"https:\/\/www.versiegelung24.com\/sq\/bacoban-afat-gjate-dezinfektimi-i-siperfaqes-5-000ml-koncentrat-me-baze-uji.html","name":"5 litra BACOBAN\u00ae koncentrat p\u00ebr 500 litra dezinfektim afatgjat\u00eb t\u00eb sip\u00ebrfaqes - versiegelung24.com","isPartOf":{"@id":"https:\/\/www.versiegelung24.com\/sq\/#website"},"primaryImageOfPage":{"@id":"https:\/\/www.versiegelung24.com\/sq\/bacoban-afat-gjate-dezinfektimi-i-siperfaqes-5-000ml-koncentrat-me-baze-uji.html#primaryimage"},"image":{"@id":"https:\/\/www.versiegelung24.com\/sq\/bacoban-afat-gjate-dezinfektimi-i-siperfaqes-5-000ml-koncentrat-me-baze-uji.html#primaryimage"},"thumbnailUrl":"https:\/\/www.versiegelung24.com\/wp-content\/uploads\/2020\/05\/bacoban-bacwb5-1.png","datePublished":"2021-08-02T19:34:51+00:00","dateModified":"2025-01-13T15:36:56+00:00","breadcrumb":{"@id":"https:\/\/www.versiegelung24.com\/sq\/bacoban-afat-gjate-dezinfektimi-i-siperfaqes-5-000ml-koncentrat-me-baze-uji.html#breadcrumb"},"inLanguage":"sq-AL","potentialAction":[{"@type":"ReadAction","target":["https:\/\/www.versiegelung24.com\/sq\/bacoban-afat-gjate-dezinfektimi-i-siperfaqes-5-000ml-koncentrat-me-baze-uji.html"]}]},{"@type":"ImageObject","inLanguage":"sq-AL","@id":"https:\/\/www.versiegelung24.com\/sq\/bacoban-afat-gjate-dezinfektimi-i-siperfaqes-5-000ml-koncentrat-me-baze-uji.html#primaryimage","url":"https:\/\/www.versiegelung24.com\/wp-content\/uploads\/2020\/05\/bacoban-bacwb5-1.png","contentUrl":"https:\/\/www.versiegelung24.com\/wp-content\/uploads\/2020\/05\/bacoban-bacwb5-1.png","width":2000,"height":2000},{"@type":"BreadcrumbList","@id":"https:\/\/www.versiegelung24.com\/sq\/bacoban-afat-gjate-dezinfektimi-i-siperfaqes-5-000ml-koncentrat-me-baze-uji.html#breadcrumb","itemListElement":[{"@type":"ListItem","position":1,"name":"Faqja kryesore","item":"https:\/\/www.versiegelung24.com\/sq\/perpara\/"},{"@type":"ListItem","position":2,"name":"Dyqan","item":"https:\/\/www.versiegelung24.com\/sq\/dyqan\/"},{"@type":"ListItem","position":3,"name":"5 litra BACOBAN\u00ae koncentrat p\u00ebr 500 litra dezinfektim afatgjat\u00eb t\u00eb sip\u00ebrfaqes"}]},{"@type":"WebSite","@id":"https:\/\/www.versiegelung24.com\/sq\/#website","url":"https:\/\/www.versiegelung24.com\/sq\/","name":"versiegelung24.com","description":"Fl\u00fcssigglas-Versiegelung - Made in Germany","publisher":{"@id":"https:\/\/www.versiegelung24.com\/sq\/#organization"},"potentialAction":[{"@type":"SearchAction","target":{"@type":"EntryPoint","urlTemplate":"https:\/\/www.versiegelung24.com\/sq\/?s={search_term_string}"},"query-input":{"@type":"PropertyValueSpecification","valueRequired":true,"valueName":"search_term_string"}}],"inLanguage":"sq-AL"},{"@type":"Organization","@id":"https:\/\/www.versiegelung24.com\/sq\/#organization","name":"versiegelung24","url":"https:\/\/www.versiegelung24.com\/sq\/","logo":{"@type":"ImageObject","inLanguage":"sq-AL","@id":"https:\/\/www.versiegelung24.com\/sq\/#\/schema\/logo\/image\/","url":"https:\/\/www.versiegelung24.com\/wp-content\/uploads\/2020\/04\/versiegelung24.png","contentUrl":"https:\/\/www.versiegelung24.com\/wp-content\/uploads\/2020\/04\/versiegelung24.png","width":470,"height":102,"caption":"versiegelung24"},"image":{"@id":"https:\/\/www.versiegelung24.com\/sq\/#\/schema\/logo\/image\/"}}]},"product_price_amount":"399.00","product_price_currency":"EUR","og_availability":"instock","product_availability":"instock","product_retailer_item_id":"BACWB5","product_condition":"new"},"_links":{"self":[{"href":"https:\/\/www.versiegelung24.com\/sq\/wp-json\/wp\/v2\/product\/23408","targetHints":{"allow":["GET"]}}],"collection":[{"href":"https:\/\/www.versiegelung24.com\/sq\/wp-json\/wp\/v2\/product"}],"about":[{"href":"https:\/\/www.versiegelung24.com\/sq\/wp-json\/wp\/v2\/types\/product"}],"version-history":[{"count":25,"href":"https:\/\/www.versiegelung24.com\/sq\/wp-json\/wp\/v2\/product\/23408\/revisions"}],"predecessor-version":[{"id":180518,"href":"https:\/\/www.versiegelung24.com\/sq\/wp-json\/wp\/v2\/product\/23408\/revisions\/180518"}],"wp:featuredmedia":[{"embeddable":true,"href":"https:\/\/www.versiegelung24.com\/sq\/wp-json\/wp\/v2\/media\/15375"}],"wp:attachment":[{"href":"https:\/\/www.versiegelung24.com\/sq\/wp-json\/wp\/v2\/media?parent=23408"}],"wp:term":[{"taxonomy":"product_brand","embeddable":true,"href":"https:\/\/www.versiegelung24.com\/sq\/wp-json\/wp\/v2\/product_brand?post=23408"},{"taxonomy":"product_cat","embeddable":true,"href":"https:\/\/www.versiegelung24.com\/sq\/wp-json\/wp\/v2\/product_cat?post=23408"},{"taxonomy":"product_tag","embeddable":true,"href":"https:\/\/www.versiegelung24.com\/sq\/wp-json\/wp\/v2\/product_tag?post=23408"}],"curies":[{"name":"wp","href":"https:\/\/api.w.org\/{rel}","templated":true}]}}