{"id":23427,"date":"2020-04-04T18:53:44","date_gmt":"2021-08-02T19:36:15","guid":{"rendered":"https:\/\/www.versiegelung24.com\/produkt\/ngjyrosja-e-bojes-se-makines-dhe-buzes-se-rrotave"},"modified":"2025-01-03T23:49:59","modified_gmt":"2025-01-03T22:49:59","slug":"vulosje-boje-dhe-rima-makinash","status":"publish","type":"product","link":"https:\/\/www.versiegelung24.com\/sq\/boje-makine-dhe-rim-vulosje.html","title":{"rendered":"Boj\u00eb p\u00ebr makin\u00eb dhe mbyllje buz\u00ebsh"},"content":{"rendered":"\n<p><strong>*** Versioni i ri i produktit me efekt t\u00eb p\u00ebrmir\u00ebsuar *** <\/strong><\/p>\n\n<p><strong>Vul\u00eb mbrojt\u00ebse profesionale shum\u00eb efikase p\u00ebr boj\u00eb makinash dhe buz\u00eb alumini me efekt lotusi (rezistenc\u00eb ndaj ujit)<\/strong><\/p>\n\n<p>Numri i artikullit: 2003-7656<\/p>\n\n<p>Cil\u00ebsi e lart\u00eb Prodhuar n\u00eb Gjermani.<\/p>\n\n<p>Sip\u00ebrfaqet e l\u00ebmuara prej plastike, sip\u00ebrfaqet e lyera, \u00e7eliku inox dhe metali kan\u00eb nj\u00eb efekt hidrofobik dhe oleofob dhe grimcat e papast\u00ebrtive si yndyrat, substancat vajore, g\u00eblqereja dhe substancat nga ndotja e mjedisit gjejn\u00eb m\u00eb pak ngjitje ose mund t\u00eb hiqen leht\u00ebsisht nga veshja, dmth pa p\u00ebrdorur. L\u00ebnd\u00eb g\u00ebrryese (&#8220;Leht\u00eb p\u00ebr t&#8217;u pastruar&#8221;)<\/p>\n\n<hr\/>\n\n<h4 class=\"wp-block-heading\" id=\"properties\">Karakteristikat e produktit<\/h4>\n\n<div class=\"wp-block-columns is-layout-flex wp-container-core-columns-is-layout-9d6595d7 wp-block-columns-is-layout-flex\">\n<div class=\"wp-block-column is-layout-flow wp-block-column-is-layout-flow\">\n<ul class=\"wp-block-list\">\n<li>Efekt i jasht\u00ebzakonsh\u00ebm i leht\u00eb p\u00ebr t&#8217;u pastruar p\u00ebr ngjitjen e papast\u00ebrtive<\/li>\n\n\n\n<li>Rezistent kimik ndaj pastruesve t\u00eb makinave (deri n\u00eb pH 12)<\/li>\n\n\n\n<li>Efekti hidrofobik dhe oleofobik (rezistenca ndaj ujit dhe vajit)<\/li>\n\n\n\n<li>Rezistenc\u00eb shum\u00eb e lart\u00eb ndaj g\u00ebrryerjes fal\u00eb teknologjis\u00eb nano SiO\u00b2<\/li>\n\n\n\n<li>Jasht\u00ebqitja e shpend\u00ebve, insektet dhe papast\u00ebrtit\u00eb e tjera hiqen m\u00eb leht\u00eb<\/li>\n\n\n\n<li>E q\u00ebndrueshme ndaj UV \/ rezistente ndaj ngricave \/ rezistente ndaj ujit t\u00eb kripur \/ e padukshme (trash\u00ebsia e shtres\u00ebs: 100-150 nm)<\/li>\n\n\n\n<li>Kursime n\u00eb kosto, koh\u00eb dhe energji p\u00ebrmes cikleve t\u00eb zgjatura t\u00eb pastrimit<\/li>\n<\/ul>\n<\/div>\n\n\n\n<div class=\"wp-block-column is-layout-flow wp-block-column-is-layout-flow\">\n<ul class=\"wp-block-list\">\n<li>Aplikim i thjesht\u00eb<\/li>\n\n\n\n<li>Frym\u00ebmarr\u00ebse<\/li>\n\n\n\n<li>Veti t\u00eb forta jo ngjit\u00ebse<\/li>\n\n\n\n<li>Q\u00ebndrueshm\u00ebria: deri n\u00eb 1 vit (n\u00eb var\u00ebsi t\u00eb p\u00ebrdorimit)<\/li>\n<\/ul>\n\n\n\n<p>Konsumi:<br\/> Me 1 lit\u00ebr mund t\u00eb mbyllni deri n\u00eb 200 m\u00b2<br\/> Manuali: 5-10 ml\/m\u00b2<br\/> Industriale: 10-15 ml\/m\u00b2<\/p>\n\n\n\n<p>Fusha e dor\u00ebzimit:<br\/> 1 x lit\u00ebr shishe<br\/> 1 x P\u00ebrshkrimi i produktit<\/p>\n<\/div>\n<\/div>\n\n<hr\/>\n\n<h4 class=\"wp-block-heading\" id=\"application\">Aplikacion<\/h4>\n\n<div class=\"wp-block-columns is-layout-flex wp-container-core-columns-is-layout-9d6595d7 wp-block-columns-is-layout-flex\">\n<div class=\"wp-block-column is-layout-flow wp-block-column-is-layout-flow\">\n<ul class=\"wp-block-list\">\n<li>boj\u00eb makinash<\/li>\n\n\n\n<li>buz\u00eb alumini<\/li>\n\n\n\n<li>Rrima t\u00eb lyera<\/li>\n\n\n\n<li>Shtojcat plastike t\u00eb lyera (parakolp\u00ebt, pragjet, spoiler\u00ebt)<\/li>\n\n\n\n<li>Sip\u00ebrfaqe t\u00eb l\u00ebmuara plastike<\/li>\n\n\n\n<li>\u00e7elik inox<\/li>\n\n\n\n<li>pleksiglas<\/li>\n\n\n\n<li>sip\u00ebrfaqet metalike<\/li>\n<\/ul>\n\n\n\n<p>Konsumi varet nga struktura e sip\u00ebrfaqes p\u00ebraf\u00ebrsisht 100-200m\u00b2\/lit\u00ebr.<\/p>\n<\/div>\n\n\n\n<div class=\"wp-block-column is-layout-flow wp-block-column-is-layout-flow\">\n<p>Leht\u00eb p\u00ebr tu aplikuar: <\/p>\n\n\n\n<p>1.Manual: Aplikojeni duke p\u00ebrdorur l\u00ebvizje rrethore me nj\u00eb let\u00ebr t\u00eb past\u00ebr, leck\u00eb liri ose mikrofib\u00ebr.<br\/> 2. Industriale: E aplikueshme si n\u00eb sistemet e lustrimit ashtu edhe n\u00eb sistemet e veshjes me sp\u00ebrkatje.<\/p>\n\n\n\n<p>Kjo shtres\u00eb SiO2 lidhet plot\u00ebsisht dhe ngurt\u00ebsohet pas 24 or\u00ebsh. Efekti i leht\u00eb p\u00ebr t&#8217;u pastruar mund t\u00eb testohet p\u00ebr her\u00eb t\u00eb par\u00eb pas k\u00ebsaj faze forcimi.<\/p>\n<\/div>\n<\/div>\n","protected":false},"excerpt":{"rendered":"<p><strong>Vul\u00eb mbrojt\u00ebse profesionale shum\u00eb efektive p\u00ebr boj\u00ebn e makinave dhe buz\u00ebt e aluminit:<\/strong><\/p>\n<p>\u2713 me efekt lotusi (rezistente ndaj ujit)<\/p>\n","protected":false},"featured_media":17852,"template":"","meta":{"_acf_changed":false,"neve_meta_sidebar":"","neve_meta_container":"","neve_meta_enable_content_width":"","neve_meta_content_width":0,"neve_meta_title_alignment":"","neve_meta_author_avatar":"","neve_post_elements_order":"","neve_meta_disable_header":"","neve_meta_disable_footer":"","neve_meta_disable_title":"","neve_meta_reading_time":"","_surfaces":[],"_ver_product_tabs":[],"footnotes":""},"product_brand":[],"product_cat":[2172],"product_tag":[],"class_list":{"0":"post-23427","1":"product","2":"type-product","3":"status-publish","4":"has-post-thumbnail","6":"product_cat-vulosja-e-makinave","8":"first","9":"instock","10":"taxable","11":"shipping-taxable","12":"purchasable","13":"product-type-simple"},"acf":[],"yoast_head":"<!-- This site is optimized with the Yoast SEO Premium plugin v22.8 (Yoast SEO v27.5) - https:\/\/yoast.com\/product\/yoast-seo-premium-wordpress\/ -->\n<title>Boj\u00eb p\u00ebr makin\u00eb dhe mbyllje buz\u00ebsh - versiegelung24.com<\/title>\n<meta name=\"robots\" content=\"index, follow, max-snippet:-1, max-image-preview:large, max-video-preview:-1\" \/>\n<link rel=\"canonical\" href=\"https:\/\/www.versiegelung24.com\/sq\/boje-makine-dhe-rim-vulosje.html\" \/>\n<meta property=\"og:locale\" content=\"sq_AL\" \/>\n<meta property=\"og:type\" content=\"article\" \/>\n<meta property=\"og:title\" content=\"Boj\u00eb p\u00ebr makin\u00eb dhe mbyllje buz\u00ebsh\" \/>\n<meta property=\"og:description\" content=\"Vul\u00eb mbrojt\u00ebse profesionale shum\u00eb efektive p\u00ebr boj\u00ebn e makinave dhe buz\u00ebt e aluminit: \u2713 me efekt lotusi (rezistente ndaj ujit)\" \/>\n<meta property=\"og:url\" content=\"https:\/\/www.versiegelung24.com\/sq\/boje-makine-dhe-rim-vulosje.html\" \/>\n<meta property=\"og:site_name\" content=\"versiegelung24.com\" \/>\n<meta property=\"article:modified_time\" content=\"2025-01-03T22:49:59+00:00\" \/>\n<meta property=\"og:image\" content=\"https:\/\/www.versiegelung24.com\/wp-content\/uploads\/2020\/06\/produkt-2003-7656-1000-Autolack-Felgenversiegelung-scaled.jpg\" \/>\n\t<meta property=\"og:image:width\" content=\"2560\" \/>\n\t<meta property=\"og:image:height\" content=\"2560\" \/>\n\t<meta property=\"og:image:type\" content=\"image\/jpeg\" \/>\n<meta name=\"twitter:card\" content=\"summary_large_image\" \/>\n<meta name=\"twitter:label1\" content=\"Price\" \/>\n\t<meta name=\"twitter:data1\" content=\"149,00&euro;\" \/>\n\t<meta name=\"twitter:label2\" content=\"Availability\" \/>\n\t<meta name=\"twitter:data2\" content=\"In stock\" \/>\n<script type=\"application\/ld+json\" class=\"yoast-schema-graph\">{\"@context\":\"https:\\\/\\\/schema.org\",\"@graph\":[{\"@type\":\"WebPage\",\"@id\":\"https:\\\/\\\/www.versiegelung24.com\\\/sq\\\/boje-makine-dhe-rim-vulosje.html\",\"url\":\"https:\\\/\\\/www.versiegelung24.com\\\/sq\\\/boje-makine-dhe-rim-vulosje.html\",\"name\":\"Boj\u00eb p\u00ebr makin\u00eb dhe mbyllje buz\u00ebsh - versiegelung24.com\",\"isPartOf\":{\"@id\":\"https:\\\/\\\/www.versiegelung24.com\\\/sq\\\/#website\"},\"primaryImageOfPage\":{\"@id\":\"https:\\\/\\\/www.versiegelung24.com\\\/sq\\\/boje-makine-dhe-rim-vulosje.html#primaryimage\"},\"image\":{\"@id\":\"https:\\\/\\\/www.versiegelung24.com\\\/sq\\\/boje-makine-dhe-rim-vulosje.html#primaryimage\"},\"thumbnailUrl\":\"https:\\\/\\\/www.versiegelung24.com\\\/wp-content\\\/uploads\\\/2020\\\/06\\\/produkt-2003-7656-1000-Autolack-Felgenversiegelung-scaled.jpg\",\"datePublished\":\"2021-08-02T19:36:15+00:00\",\"dateModified\":\"2025-01-03T22:49:59+00:00\",\"breadcrumb\":{\"@id\":\"https:\\\/\\\/www.versiegelung24.com\\\/sq\\\/boje-makine-dhe-rim-vulosje.html#breadcrumb\"},\"inLanguage\":\"sq-AL\",\"potentialAction\":[{\"@type\":\"ReadAction\",\"target\":[\"https:\\\/\\\/www.versiegelung24.com\\\/sq\\\/boje-makine-dhe-rim-vulosje.html\"]}]},{\"@type\":\"ImageObject\",\"inLanguage\":\"sq-AL\",\"@id\":\"https:\\\/\\\/www.versiegelung24.com\\\/sq\\\/boje-makine-dhe-rim-vulosje.html#primaryimage\",\"url\":\"https:\\\/\\\/www.versiegelung24.com\\\/wp-content\\\/uploads\\\/2020\\\/06\\\/produkt-2003-7656-1000-Autolack-Felgenversiegelung-scaled.jpg\",\"contentUrl\":\"https:\\\/\\\/www.versiegelung24.com\\\/wp-content\\\/uploads\\\/2020\\\/06\\\/produkt-2003-7656-1000-Autolack-Felgenversiegelung-scaled.jpg\",\"width\":2560,\"height\":2560},{\"@type\":\"BreadcrumbList\",\"@id\":\"https:\\\/\\\/www.versiegelung24.com\\\/sq\\\/boje-makine-dhe-rim-vulosje.html#breadcrumb\",\"itemListElement\":[{\"@type\":\"ListItem\",\"position\":1,\"name\":\"Faqja kryesore\",\"item\":\"https:\\\/\\\/www.versiegelung24.com\\\/sq\\\/perpara\\\/\"},{\"@type\":\"ListItem\",\"position\":2,\"name\":\"Dyqan\",\"item\":\"https:\\\/\\\/www.versiegelung24.com\\\/sq\\\/dyqan\\\/\"},{\"@type\":\"ListItem\",\"position\":3,\"name\":\"Boj\u00eb p\u00ebr makin\u00eb dhe mbyllje buz\u00ebsh\"}]},{\"@type\":\"WebSite\",\"@id\":\"https:\\\/\\\/www.versiegelung24.com\\\/sq\\\/#website\",\"url\":\"https:\\\/\\\/www.versiegelung24.com\\\/sq\\\/\",\"name\":\"versiegelung24.com\",\"description\":\"Fl\u00fcssigglas-Versiegelung - Made in Germany\",\"publisher\":{\"@id\":\"https:\\\/\\\/www.versiegelung24.com\\\/sq\\\/#organization\"},\"potentialAction\":[{\"@type\":\"SearchAction\",\"target\":{\"@type\":\"EntryPoint\",\"urlTemplate\":\"https:\\\/\\\/www.versiegelung24.com\\\/sq\\\/?s={search_term_string}\"},\"query-input\":{\"@type\":\"PropertyValueSpecification\",\"valueRequired\":true,\"valueName\":\"search_term_string\"}}],\"inLanguage\":\"sq-AL\"},{\"@type\":\"Organization\",\"@id\":\"https:\\\/\\\/www.versiegelung24.com\\\/sq\\\/#organization\",\"name\":\"versiegelung24\",\"url\":\"https:\\\/\\\/www.versiegelung24.com\\\/sq\\\/\",\"logo\":{\"@type\":\"ImageObject\",\"inLanguage\":\"sq-AL\",\"@id\":\"https:\\\/\\\/www.versiegelung24.com\\\/sq\\\/#\\\/schema\\\/logo\\\/image\\\/\",\"url\":\"https:\\\/\\\/www.versiegelung24.com\\\/wp-content\\\/uploads\\\/2020\\\/04\\\/versiegelung24.png\",\"contentUrl\":\"https:\\\/\\\/www.versiegelung24.com\\\/wp-content\\\/uploads\\\/2020\\\/04\\\/versiegelung24.png\",\"width\":470,\"height\":102,\"caption\":\"versiegelung24\"},\"image\":{\"@id\":\"https:\\\/\\\/www.versiegelung24.com\\\/sq\\\/#\\\/schema\\\/logo\\\/image\\\/\"}}]}<\/script>\n<meta property=\"product:price:amount\" content=\"149.00\" \/>\n<meta property=\"product:price:currency\" content=\"EUR\" \/>\n<meta property=\"og:availability\" content=\"instock\" \/>\n<meta property=\"product:availability\" content=\"instock\" \/>\n<meta property=\"product:retailer_item_id\" content=\"2003-7656-1000\" \/>\n<meta property=\"product:condition\" content=\"new\" \/>\n<!-- \/ Yoast SEO Premium plugin. -->","yoast_head_json":{"title":"Boj\u00eb p\u00ebr makin\u00eb dhe mbyllje buz\u00ebsh - versiegelung24.com","robots":{"index":"index","follow":"follow","max-snippet":"max-snippet:-1","max-image-preview":"max-image-preview:large","max-video-preview":"max-video-preview:-1"},"canonical":"https:\/\/www.versiegelung24.com\/sq\/boje-makine-dhe-rim-vulosje.html","og_locale":"sq_AL","og_type":"article","og_title":"Boj\u00eb p\u00ebr makin\u00eb dhe mbyllje buz\u00ebsh","og_description":"Vul\u00eb mbrojt\u00ebse profesionale shum\u00eb efektive p\u00ebr boj\u00ebn e makinave dhe buz\u00ebt e aluminit: \u2713 me efekt lotusi (rezistente ndaj ujit)","og_url":"https:\/\/www.versiegelung24.com\/sq\/boje-makine-dhe-rim-vulosje.html","og_site_name":"versiegelung24.com","article_modified_time":"2025-01-03T22:49:59+00:00","og_image":[{"width":2560,"height":2560,"url":"https:\/\/www.versiegelung24.com\/wp-content\/uploads\/2020\/06\/produkt-2003-7656-1000-Autolack-Felgenversiegelung-scaled.jpg","type":"image\/jpeg"}],"twitter_card":"summary_large_image","twitter_misc":{"Price":"149,00&euro;","Availability":"In stock"},"schema":{"@context":"https:\/\/schema.org","@graph":[{"@type":"WebPage","@id":"https:\/\/www.versiegelung24.com\/sq\/boje-makine-dhe-rim-vulosje.html","url":"https:\/\/www.versiegelung24.com\/sq\/boje-makine-dhe-rim-vulosje.html","name":"Boj\u00eb p\u00ebr makin\u00eb dhe mbyllje buz\u00ebsh - versiegelung24.com","isPartOf":{"@id":"https:\/\/www.versiegelung24.com\/sq\/#website"},"primaryImageOfPage":{"@id":"https:\/\/www.versiegelung24.com\/sq\/boje-makine-dhe-rim-vulosje.html#primaryimage"},"image":{"@id":"https:\/\/www.versiegelung24.com\/sq\/boje-makine-dhe-rim-vulosje.html#primaryimage"},"thumbnailUrl":"https:\/\/www.versiegelung24.com\/wp-content\/uploads\/2020\/06\/produkt-2003-7656-1000-Autolack-Felgenversiegelung-scaled.jpg","datePublished":"2021-08-02T19:36:15+00:00","dateModified":"2025-01-03T22:49:59+00:00","breadcrumb":{"@id":"https:\/\/www.versiegelung24.com\/sq\/boje-makine-dhe-rim-vulosje.html#breadcrumb"},"inLanguage":"sq-AL","potentialAction":[{"@type":"ReadAction","target":["https:\/\/www.versiegelung24.com\/sq\/boje-makine-dhe-rim-vulosje.html"]}]},{"@type":"ImageObject","inLanguage":"sq-AL","@id":"https:\/\/www.versiegelung24.com\/sq\/boje-makine-dhe-rim-vulosje.html#primaryimage","url":"https:\/\/www.versiegelung24.com\/wp-content\/uploads\/2020\/06\/produkt-2003-7656-1000-Autolack-Felgenversiegelung-scaled.jpg","contentUrl":"https:\/\/www.versiegelung24.com\/wp-content\/uploads\/2020\/06\/produkt-2003-7656-1000-Autolack-Felgenversiegelung-scaled.jpg","width":2560,"height":2560},{"@type":"BreadcrumbList","@id":"https:\/\/www.versiegelung24.com\/sq\/boje-makine-dhe-rim-vulosje.html#breadcrumb","itemListElement":[{"@type":"ListItem","position":1,"name":"Faqja kryesore","item":"https:\/\/www.versiegelung24.com\/sq\/perpara\/"},{"@type":"ListItem","position":2,"name":"Dyqan","item":"https:\/\/www.versiegelung24.com\/sq\/dyqan\/"},{"@type":"ListItem","position":3,"name":"Boj\u00eb p\u00ebr makin\u00eb dhe mbyllje buz\u00ebsh"}]},{"@type":"WebSite","@id":"https:\/\/www.versiegelung24.com\/sq\/#website","url":"https:\/\/www.versiegelung24.com\/sq\/","name":"versiegelung24.com","description":"Fl\u00fcssigglas-Versiegelung - Made in Germany","publisher":{"@id":"https:\/\/www.versiegelung24.com\/sq\/#organization"},"potentialAction":[{"@type":"SearchAction","target":{"@type":"EntryPoint","urlTemplate":"https:\/\/www.versiegelung24.com\/sq\/?s={search_term_string}"},"query-input":{"@type":"PropertyValueSpecification","valueRequired":true,"valueName":"search_term_string"}}],"inLanguage":"sq-AL"},{"@type":"Organization","@id":"https:\/\/www.versiegelung24.com\/sq\/#organization","name":"versiegelung24","url":"https:\/\/www.versiegelung24.com\/sq\/","logo":{"@type":"ImageObject","inLanguage":"sq-AL","@id":"https:\/\/www.versiegelung24.com\/sq\/#\/schema\/logo\/image\/","url":"https:\/\/www.versiegelung24.com\/wp-content\/uploads\/2020\/04\/versiegelung24.png","contentUrl":"https:\/\/www.versiegelung24.com\/wp-content\/uploads\/2020\/04\/versiegelung24.png","width":470,"height":102,"caption":"versiegelung24"},"image":{"@id":"https:\/\/www.versiegelung24.com\/sq\/#\/schema\/logo\/image\/"}}]},"product_price_amount":"149.00","product_price_currency":"EUR","og_availability":"instock","product_availability":"instock","product_retailer_item_id":"2003-7656-1000","product_condition":"new"},"_links":{"self":[{"href":"https:\/\/www.versiegelung24.com\/sq\/wp-json\/wp\/v2\/product\/23427","targetHints":{"allow":["GET"]}}],"collection":[{"href":"https:\/\/www.versiegelung24.com\/sq\/wp-json\/wp\/v2\/product"}],"about":[{"href":"https:\/\/www.versiegelung24.com\/sq\/wp-json\/wp\/v2\/types\/product"}],"version-history":[{"count":15,"href":"https:\/\/www.versiegelung24.com\/sq\/wp-json\/wp\/v2\/product\/23427\/revisions"}],"predecessor-version":[{"id":177680,"href":"https:\/\/www.versiegelung24.com\/sq\/wp-json\/wp\/v2\/product\/23427\/revisions\/177680"}],"wp:featuredmedia":[{"embeddable":true,"href":"https:\/\/www.versiegelung24.com\/sq\/wp-json\/wp\/v2\/media\/17852"}],"wp:attachment":[{"href":"https:\/\/www.versiegelung24.com\/sq\/wp-json\/wp\/v2\/media?parent=23427"}],"wp:term":[{"taxonomy":"product_brand","embeddable":true,"href":"https:\/\/www.versiegelung24.com\/sq\/wp-json\/wp\/v2\/product_brand?post=23427"},{"taxonomy":"product_cat","embeddable":true,"href":"https:\/\/www.versiegelung24.com\/sq\/wp-json\/wp\/v2\/product_cat?post=23427"},{"taxonomy":"product_tag","embeddable":true,"href":"https:\/\/www.versiegelung24.com\/sq\/wp-json\/wp\/v2\/product_tag?post=23427"}],"curies":[{"name":"wp","href":"https:\/\/api.w.org\/{rel}","templated":true}]}}