{"id":23520,"date":"2020-04-04T18:53:42","date_gmt":"2020-04-04T16:53:42","guid":{"rendered":"https:\/\/www.versiegelung24.com\/produkt\/vulosje-premium-per-xhami-dhe-qeramike-me-qendrueshmeri-ekstreme"},"modified":"2025-01-03T23:50:32","modified_gmt":"2025-01-03T22:50:32","slug":"vulosje-premium-per-xhamin-dhe-qeramiken-me-qendrueshmeri-ekstreme","status":"publish","type":"product","link":"https:\/\/www.versiegelung24.com\/sq\/vulosje-premium-per-xhamin-dhe-qeramiken-me-qendrueshmeri-ekstreme.html","title":{"rendered":"Mbyllje premium p\u00ebr xhami dhe qeramik\u00eb me q\u00ebndrueshm\u00ebri ekstreme"},"content":{"rendered":"\n<p><strong>Mbyllje qelqi dhe qeramike shum\u00eb efektive p\u00ebr t\u00eb gjitha sip\u00ebrfaqet n\u00eb t\u00eb cilat d\u00ebshironi t\u00eb arrini q\u00ebndrueshm\u00ebrin\u00eb m\u00eb t\u00eb gjat\u00eb t\u00eb mundshme, p.sh. jasht\u00eb<\/strong> .<\/p>\n\n<p>Numri i artikullit: 1003-7601 &#8211; Cil\u00ebsi e lart\u00eb Prodhuar n\u00eb Gjermani.<\/p>\n\n<div class=\"wp-block-columns is-layout-flex wp-container-core-columns-is-layout-9d6595d7 wp-block-columns-is-layout-flex\">\n<div class=\"wp-block-column is-layout-flow wp-block-column-is-layout-flow\">\n<figure class=\"wp-block-embed is-type-video is-provider-youtube wp-block-embed-youtube wp-embed-aspect-16-9 wp-has-aspect-ratio\"><div class=\"wp-block-embed__wrapper\"> \n<div class=\"nv-iframe-embed\"><iframe title=\"(Nano-)Versiegelungen f\u00fcrs Badezimmer, die wirklich halten! Versiegelung24.com\" width=\"1200\" height=\"675\" src=\"https:\/\/www.youtube.com\/embed\/l6YldCwuye0?feature=oembed\" frameborder=\"0\" allow=\"accelerometer; autoplay; clipboard-write; encrypted-media; gyroscope; picture-in-picture; web-share\" referrerpolicy=\"strict-origin-when-cross-origin\" allowfullscreen><\/iframe><\/div>\n <\/div><\/figure>\n<\/div>\n\n\n\n<div class=\"wp-block-column is-layout-flow wp-block-column-is-layout-flow\">\n<figure class=\"wp-block-embed is-type-video is-provider-youtube wp-block-embed-youtube wp-embed-aspect-16-9 wp-has-aspect-ratio\"><div class=\"wp-block-embed__wrapper\"> \n<div class=\"nv-iframe-embed\"><iframe title=\"Kalk in der Dusche entfernen und mit einer Glasversiegelung vorbeugen!\" width=\"1200\" height=\"675\" src=\"https:\/\/www.youtube.com\/embed\/vnJHIGeb_7I?feature=oembed\" frameborder=\"0\" allow=\"accelerometer; autoplay; clipboard-write; encrypted-media; gyroscope; picture-in-picture; web-share\" referrerpolicy=\"strict-origin-when-cross-origin\" allowfullscreen><\/iframe><\/div>\n <\/div><\/figure>\n<\/div>\n<\/div>\n\n<hr\/>\n\n<h4 class=\"wp-block-heading\" id=\"properties\">Karakteristikat e produktit<\/h4>\n\n<div class=\"wp-block-columns is-layout-flex wp-container-core-columns-is-layout-9d6595d7 wp-block-columns-is-layout-flex\">\n<div class=\"wp-block-column is-layout-flow wp-block-column-is-layout-flow\">\n<ul class=\"wp-block-list\" id=\"block-fbfff1f6-f7fb-4162-9feb-4a71c2f1f5b7\">\n<li>Efekt i shk\u00eblqyesh\u00ebm i leht\u00eb p\u00ebr t&#8217;u pastruar p\u00ebr papast\u00ebrtit\u00eb dhe gur\u00ebt g\u00eblqeror\u00eb<\/li>\n\n\n\n<li>Efekt shum\u00eb i fort\u00eb hidrofobik dhe oleofob (rezistenc\u00eb ndaj ujit dhe vajit)<\/li>\n\n\n\n<li>Rezistenc\u00eb shum\u00eb e lart\u00eb ndaj g\u00ebrryerjes fal\u00eb teknologjis\u00eb nano SiO\u00b2<\/li>\n\n\n\n<li>Rezistent ndaj kimikateve ndaj pastruesve (deri n\u00eb vler\u00ebn e pH 12)<\/li>\n\n\n\n<li>Q\u00ebndrueshm\u00ebria: deri n\u00eb 3-5 vjet (n\u00eb var\u00ebsi t\u00eb p\u00ebrdorimit)<\/li>\n<\/ul>\n<\/div>\n\n\n\n<div class=\"wp-block-column is-layout-flow wp-block-column-is-layout-flow\">\n<ul class=\"wp-block-list\" id=\"block-da198c4e-3517-4612-b9e4-86eb030d8594\">\n<li>Redukton rritjen e mikroorganizmave dhe baktereve dhe k\u00ebshtu p\u00ebrmir\u00ebson higjen\u00ebn<\/li>\n\n\n\n<li>E q\u00ebndrueshme ndaj UV \/ rezistente ndaj ngricave \/ rezistente ndaj ujit t\u00eb kripur \/ e padukshme (trash\u00ebsia e shtres\u00ebs: 100-150 nm)<\/li>\n\n\n\n<li>Efekti i vet\u00eb-pastrimit n\u00eb sip\u00ebrfaqet vertikale t\u00eb xhamit n\u00ebn shi<\/li>\n\n\n\n<li>Kursime n\u00eb kosto, koh\u00eb dhe energji p\u00ebrmes cikleve t\u00eb zgjatura t\u00eb pastrimit<\/li>\n<\/ul>\n\n\n\n<p>Fusha e dor\u00ebzimit:<br\/> 1 x lit\u00ebr shishe<br\/> 1 x Kok\u00eb sp\u00ebrkatjeje pompe<br\/> 1 x P\u00ebrshkrimi i produktit<\/p>\n<\/div>\n<\/div>\n\n<figure class=\"wp-block-image size-large is-resized\"><img fetchpriority=\"high\" decoding=\"async\" width=\"1300\" height=\"260\" src=\"https:\/\/www.versiegelung24.com\/wp-content\/uploads\/2022\/01\/bad_glas-1300x260.jpg\" alt=\"\" class=\"wp-image-59538\" style=\"width:1500px\" srcset=\"https:\/\/www.versiegelung24.com\/wp-content\/uploads\/2022\/01\/bad_glas-1300x260.jpg 1300w, https:\/\/www.versiegelung24.com\/wp-content\/uploads\/2022\/01\/bad_glas-300x60.jpg 300w, https:\/\/www.versiegelung24.com\/wp-content\/uploads\/2022\/01\/bad_glas-768x154.jpg 768w, https:\/\/www.versiegelung24.com\/wp-content\/uploads\/2022\/01\/bad_glas-600x120.jpg 600w, https:\/\/www.versiegelung24.com\/wp-content\/uploads\/2022\/01\/bad_glas.jpg 1500w\" sizes=\"(max-width: 1300px) 100vw, 1300px\" \/><\/figure>\n\n<h4 class=\"wp-block-heading\" id=\"application\">Aplikacion<\/h4>\n\n<div class=\"wp-block-columns is-layout-flex wp-container-core-columns-is-layout-9d6595d7 wp-block-columns-is-layout-flex\">\n<div class=\"wp-block-column is-layout-flow wp-block-column-is-layout-flow\">\n<ul class=\"wp-block-list\">\n<li>Xhami i dritares (brenda dhe jasht\u00eb)<\/li>\n\n\n\n<li>Sip\u00ebrfaqet e qelqit n\u00eb zon\u00ebn sanitare (pasqyra, kabina dushi)<\/li>\n\n\n\n<li>Xhami nd\u00ebrtimi (kopshte dim\u00ebrore, serra, tend\u00eb, lustrim muri)<\/li>\n<\/ul>\n<\/div>\n\n\n\n<div class=\"wp-block-column is-layout-flow wp-block-column-is-layout-flow\">\n<ul class=\"wp-block-list\">\n<li>Pllaka me xham t\u00eb dyshemes\u00eb dhe murit<\/li>\n\n\n\n<li>Sip\u00ebrfaqe qeramike me xham (tualete, lavaman\u00eb, lavaman\u00eb, vaska)<\/li>\n<\/ul>\n\n\n\n<p>Konsumi varet nga struktura e sip\u00ebrfaqes p\u00ebraf\u00ebrsisht 100-200m\u00b2\/lit\u00ebr.<\/p>\n<\/div>\n<\/div>\n\n<p><\/p>\n","protected":false},"excerpt":{"rendered":"<p><strong>Mbyllje premium qelqi dhe qeramike n\u00eb cil\u00ebsi profesionale:<\/strong><\/p>\n<p>\u2713 me q\u00ebndrueshm\u00ebri shtes\u00eb<\/p>\n<p>\u2713Prodhuar n\u00eb Gjermani<\/p>\n","protected":false},"featured_media":17733,"template":"","meta":{"_acf_changed":false,"neve_meta_sidebar":"","neve_meta_container":"","neve_meta_enable_content_width":"","neve_meta_content_width":0,"neve_meta_title_alignment":"","neve_meta_author_avatar":"","neve_post_elements_order":"","neve_meta_disable_header":"","neve_meta_disable_footer":"","neve_meta_disable_title":"","neve_meta_reading_time":"","_surfaces":[],"_ver_product_tabs":[],"footnotes":""},"product_brand":[],"product_cat":[2393],"product_tag":[],"class_list":{"0":"post-23520","1":"product","2":"type-product","3":"status-publish","4":"has-post-thumbnail","6":"product_cat-vulosje-per-qelq-dhe-qeramike","7":"pa_gebinde-shishe-1000-ml","8":"pa_gebinde-kuti-20l","10":"first","11":"instock","12":"taxable","13":"shipping-taxable","14":"purchasable","15":"product-type-variable","16":"has-default-attributes"},"acf":[],"yoast_head":"<!-- This site is optimized with the Yoast SEO Premium plugin v22.8 (Yoast SEO v27.5) - https:\/\/yoast.com\/product\/yoast-seo-premium-wordpress\/ -->\n<title>Mbyllje premium p\u00ebr xhami dhe qeramik\u00eb me q\u00ebndrueshm\u00ebri ekstreme - versiegelung24.com<\/title>\n<meta name=\"robots\" content=\"index, follow, max-snippet:-1, max-image-preview:large, max-video-preview:-1\" \/>\n<link rel=\"canonical\" href=\"https:\/\/www.versiegelung24.com\/sq\/vulosje-premium-per-xhamin-dhe-qeramiken-me-qendrueshmeri-ekstreme.html\" \/>\n<meta property=\"og:locale\" content=\"sq_AL\" \/>\n<meta property=\"og:type\" content=\"article\" \/>\n<meta property=\"og:title\" content=\"Mbyllje premium p\u00ebr xhami dhe qeramik\u00eb me q\u00ebndrueshm\u00ebri ekstreme\" \/>\n<meta property=\"og:description\" content=\"Mbyllje premium qelqi dhe qeramike n\u00eb cil\u00ebsi profesionale: \u2713 me q\u00ebndrueshm\u00ebri shtes\u00eb \u2713Prodhuar n\u00eb Gjermani\" \/>\n<meta property=\"og:url\" content=\"https:\/\/www.versiegelung24.com\/sq\/vulosje-premium-per-xhamin-dhe-qeramiken-me-qendrueshmeri-ekstreme.html\" \/>\n<meta property=\"og:site_name\" content=\"versiegelung24.com\" \/>\n<meta property=\"article:modified_time\" content=\"2025-01-03T22:50:32+00:00\" \/>\n<meta property=\"og:image\" content=\"https:\/\/www.versiegelung24.com\/wp-content\/uploads\/2020\/06\/produkt-1003-7601-1000-Premium-Versiegelung-Glas-Keramik-scaled.jpg\" \/>\n\t<meta property=\"og:image:width\" content=\"2560\" \/>\n\t<meta property=\"og:image:height\" content=\"2560\" \/>\n\t<meta property=\"og:image:type\" content=\"image\/jpeg\" \/>\n<meta name=\"twitter:card\" content=\"summary_large_image\" \/>\n<meta name=\"twitter:label1\" content=\"Availability\" \/>\n\t<meta name=\"twitter:data1\" content=\"In stock\" \/>\n<script type=\"application\/ld+json\" class=\"yoast-schema-graph\">{\"@context\":\"https:\\\/\\\/schema.org\",\"@graph\":[{\"@type\":\"WebPage\",\"@id\":\"https:\\\/\\\/www.versiegelung24.com\\\/sq\\\/vulosje-premium-per-xhamin-dhe-qeramiken-me-qendrueshmeri-ekstreme.html\",\"url\":\"https:\\\/\\\/www.versiegelung24.com\\\/sq\\\/vulosje-premium-per-xhamin-dhe-qeramiken-me-qendrueshmeri-ekstreme.html\",\"name\":\"Mbyllje premium p\u00ebr xhami dhe qeramik\u00eb me q\u00ebndrueshm\u00ebri ekstreme - versiegelung24.com\",\"isPartOf\":{\"@id\":\"https:\\\/\\\/www.versiegelung24.com\\\/sq\\\/#website\"},\"primaryImageOfPage\":{\"@id\":\"https:\\\/\\\/www.versiegelung24.com\\\/sq\\\/vulosje-premium-per-xhamin-dhe-qeramiken-me-qendrueshmeri-ekstreme.html#primaryimage\"},\"image\":{\"@id\":\"https:\\\/\\\/www.versiegelung24.com\\\/sq\\\/vulosje-premium-per-xhamin-dhe-qeramiken-me-qendrueshmeri-ekstreme.html#primaryimage\"},\"thumbnailUrl\":\"https:\\\/\\\/www.versiegelung24.com\\\/wp-content\\\/uploads\\\/2020\\\/06\\\/produkt-1003-7601-1000-Premium-Versiegelung-Glas-Keramik-scaled.jpg\",\"datePublished\":\"2020-04-04T16:53:42+00:00\",\"dateModified\":\"2025-01-03T22:50:32+00:00\",\"breadcrumb\":{\"@id\":\"https:\\\/\\\/www.versiegelung24.com\\\/sq\\\/vulosje-premium-per-xhamin-dhe-qeramiken-me-qendrueshmeri-ekstreme.html#breadcrumb\"},\"inLanguage\":\"sq-AL\",\"potentialAction\":[{\"@type\":\"ReadAction\",\"target\":[\"https:\\\/\\\/www.versiegelung24.com\\\/sq\\\/vulosje-premium-per-xhamin-dhe-qeramiken-me-qendrueshmeri-ekstreme.html\"]}]},{\"@type\":\"ImageObject\",\"inLanguage\":\"sq-AL\",\"@id\":\"https:\\\/\\\/www.versiegelung24.com\\\/sq\\\/vulosje-premium-per-xhamin-dhe-qeramiken-me-qendrueshmeri-ekstreme.html#primaryimage\",\"url\":\"https:\\\/\\\/www.versiegelung24.com\\\/wp-content\\\/uploads\\\/2020\\\/06\\\/produkt-1003-7601-1000-Premium-Versiegelung-Glas-Keramik-scaled.jpg\",\"contentUrl\":\"https:\\\/\\\/www.versiegelung24.com\\\/wp-content\\\/uploads\\\/2020\\\/06\\\/produkt-1003-7601-1000-Premium-Versiegelung-Glas-Keramik-scaled.jpg\",\"width\":2560,\"height\":2560},{\"@type\":\"BreadcrumbList\",\"@id\":\"https:\\\/\\\/www.versiegelung24.com\\\/sq\\\/vulosje-premium-per-xhamin-dhe-qeramiken-me-qendrueshmeri-ekstreme.html#breadcrumb\",\"itemListElement\":[{\"@type\":\"ListItem\",\"position\":1,\"name\":\"Faqja kryesore\",\"item\":\"https:\\\/\\\/www.versiegelung24.com\\\/sq\\\/perpara\\\/\"},{\"@type\":\"ListItem\",\"position\":2,\"name\":\"Dyqan\",\"item\":\"https:\\\/\\\/www.versiegelung24.com\\\/sq\\\/dyqan\\\/\"},{\"@type\":\"ListItem\",\"position\":3,\"name\":\"Mbyllje premium p\u00ebr xhami dhe qeramik\u00eb me q\u00ebndrueshm\u00ebri ekstreme\"}]},{\"@type\":\"WebSite\",\"@id\":\"https:\\\/\\\/www.versiegelung24.com\\\/sq\\\/#website\",\"url\":\"https:\\\/\\\/www.versiegelung24.com\\\/sq\\\/\",\"name\":\"versiegelung24.com\",\"description\":\"Fl\u00fcssigglas-Versiegelung - Made in Germany\",\"publisher\":{\"@id\":\"https:\\\/\\\/www.versiegelung24.com\\\/sq\\\/#organization\"},\"potentialAction\":[{\"@type\":\"SearchAction\",\"target\":{\"@type\":\"EntryPoint\",\"urlTemplate\":\"https:\\\/\\\/www.versiegelung24.com\\\/sq\\\/?s={search_term_string}\"},\"query-input\":{\"@type\":\"PropertyValueSpecification\",\"valueRequired\":true,\"valueName\":\"search_term_string\"}}],\"inLanguage\":\"sq-AL\"},{\"@type\":\"Organization\",\"@id\":\"https:\\\/\\\/www.versiegelung24.com\\\/sq\\\/#organization\",\"name\":\"versiegelung24\",\"url\":\"https:\\\/\\\/www.versiegelung24.com\\\/sq\\\/\",\"logo\":{\"@type\":\"ImageObject\",\"inLanguage\":\"sq-AL\",\"@id\":\"https:\\\/\\\/www.versiegelung24.com\\\/sq\\\/#\\\/schema\\\/logo\\\/image\\\/\",\"url\":\"https:\\\/\\\/www.versiegelung24.com\\\/wp-content\\\/uploads\\\/2020\\\/04\\\/versiegelung24.png\",\"contentUrl\":\"https:\\\/\\\/www.versiegelung24.com\\\/wp-content\\\/uploads\\\/2020\\\/04\\\/versiegelung24.png\",\"width\":470,\"height\":102,\"caption\":\"versiegelung24\"},\"image\":{\"@id\":\"https:\\\/\\\/www.versiegelung24.com\\\/sq\\\/#\\\/schema\\\/logo\\\/image\\\/\"}}]}<\/script>\n<meta property=\"og:availability\" content=\"instock\" \/>\n<meta property=\"product:availability\" content=\"instock\" \/>\n<meta property=\"product:retailer_item_id\" content=\"1003-7601\" \/>\n<meta property=\"product:condition\" content=\"new\" \/>\n<!-- \/ Yoast SEO Premium plugin. -->","yoast_head_json":{"title":"Mbyllje premium p\u00ebr xhami dhe qeramik\u00eb me q\u00ebndrueshm\u00ebri ekstreme - versiegelung24.com","robots":{"index":"index","follow":"follow","max-snippet":"max-snippet:-1","max-image-preview":"max-image-preview:large","max-video-preview":"max-video-preview:-1"},"canonical":"https:\/\/www.versiegelung24.com\/sq\/vulosje-premium-per-xhamin-dhe-qeramiken-me-qendrueshmeri-ekstreme.html","og_locale":"sq_AL","og_type":"article","og_title":"Mbyllje premium p\u00ebr xhami dhe qeramik\u00eb me q\u00ebndrueshm\u00ebri ekstreme","og_description":"Mbyllje premium qelqi dhe qeramike n\u00eb cil\u00ebsi profesionale: \u2713 me q\u00ebndrueshm\u00ebri shtes\u00eb \u2713Prodhuar n\u00eb Gjermani","og_url":"https:\/\/www.versiegelung24.com\/sq\/vulosje-premium-per-xhamin-dhe-qeramiken-me-qendrueshmeri-ekstreme.html","og_site_name":"versiegelung24.com","article_modified_time":"2025-01-03T22:50:32+00:00","og_image":[{"width":2560,"height":2560,"url":"https:\/\/www.versiegelung24.com\/wp-content\/uploads\/2020\/06\/produkt-1003-7601-1000-Premium-Versiegelung-Glas-Keramik-scaled.jpg","type":"image\/jpeg"}],"twitter_card":"summary_large_image","twitter_misc":{"Availability":"In stock"},"schema":{"@context":"https:\/\/schema.org","@graph":[{"@type":"WebPage","@id":"https:\/\/www.versiegelung24.com\/sq\/vulosje-premium-per-xhamin-dhe-qeramiken-me-qendrueshmeri-ekstreme.html","url":"https:\/\/www.versiegelung24.com\/sq\/vulosje-premium-per-xhamin-dhe-qeramiken-me-qendrueshmeri-ekstreme.html","name":"Mbyllje premium p\u00ebr xhami dhe qeramik\u00eb me q\u00ebndrueshm\u00ebri ekstreme - versiegelung24.com","isPartOf":{"@id":"https:\/\/www.versiegelung24.com\/sq\/#website"},"primaryImageOfPage":{"@id":"https:\/\/www.versiegelung24.com\/sq\/vulosje-premium-per-xhamin-dhe-qeramiken-me-qendrueshmeri-ekstreme.html#primaryimage"},"image":{"@id":"https:\/\/www.versiegelung24.com\/sq\/vulosje-premium-per-xhamin-dhe-qeramiken-me-qendrueshmeri-ekstreme.html#primaryimage"},"thumbnailUrl":"https:\/\/www.versiegelung24.com\/wp-content\/uploads\/2020\/06\/produkt-1003-7601-1000-Premium-Versiegelung-Glas-Keramik-scaled.jpg","datePublished":"2020-04-04T16:53:42+00:00","dateModified":"2025-01-03T22:50:32+00:00","breadcrumb":{"@id":"https:\/\/www.versiegelung24.com\/sq\/vulosje-premium-per-xhamin-dhe-qeramiken-me-qendrueshmeri-ekstreme.html#breadcrumb"},"inLanguage":"sq-AL","potentialAction":[{"@type":"ReadAction","target":["https:\/\/www.versiegelung24.com\/sq\/vulosje-premium-per-xhamin-dhe-qeramiken-me-qendrueshmeri-ekstreme.html"]}]},{"@type":"ImageObject","inLanguage":"sq-AL","@id":"https:\/\/www.versiegelung24.com\/sq\/vulosje-premium-per-xhamin-dhe-qeramiken-me-qendrueshmeri-ekstreme.html#primaryimage","url":"https:\/\/www.versiegelung24.com\/wp-content\/uploads\/2020\/06\/produkt-1003-7601-1000-Premium-Versiegelung-Glas-Keramik-scaled.jpg","contentUrl":"https:\/\/www.versiegelung24.com\/wp-content\/uploads\/2020\/06\/produkt-1003-7601-1000-Premium-Versiegelung-Glas-Keramik-scaled.jpg","width":2560,"height":2560},{"@type":"BreadcrumbList","@id":"https:\/\/www.versiegelung24.com\/sq\/vulosje-premium-per-xhamin-dhe-qeramiken-me-qendrueshmeri-ekstreme.html#breadcrumb","itemListElement":[{"@type":"ListItem","position":1,"name":"Faqja kryesore","item":"https:\/\/www.versiegelung24.com\/sq\/perpara\/"},{"@type":"ListItem","position":2,"name":"Dyqan","item":"https:\/\/www.versiegelung24.com\/sq\/dyqan\/"},{"@type":"ListItem","position":3,"name":"Mbyllje premium p\u00ebr xhami dhe qeramik\u00eb me q\u00ebndrueshm\u00ebri ekstreme"}]},{"@type":"WebSite","@id":"https:\/\/www.versiegelung24.com\/sq\/#website","url":"https:\/\/www.versiegelung24.com\/sq\/","name":"versiegelung24.com","description":"Fl\u00fcssigglas-Versiegelung - Made in Germany","publisher":{"@id":"https:\/\/www.versiegelung24.com\/sq\/#organization"},"potentialAction":[{"@type":"SearchAction","target":{"@type":"EntryPoint","urlTemplate":"https:\/\/www.versiegelung24.com\/sq\/?s={search_term_string}"},"query-input":{"@type":"PropertyValueSpecification","valueRequired":true,"valueName":"search_term_string"}}],"inLanguage":"sq-AL"},{"@type":"Organization","@id":"https:\/\/www.versiegelung24.com\/sq\/#organization","name":"versiegelung24","url":"https:\/\/www.versiegelung24.com\/sq\/","logo":{"@type":"ImageObject","inLanguage":"sq-AL","@id":"https:\/\/www.versiegelung24.com\/sq\/#\/schema\/logo\/image\/","url":"https:\/\/www.versiegelung24.com\/wp-content\/uploads\/2020\/04\/versiegelung24.png","contentUrl":"https:\/\/www.versiegelung24.com\/wp-content\/uploads\/2020\/04\/versiegelung24.png","width":470,"height":102,"caption":"versiegelung24"},"image":{"@id":"https:\/\/www.versiegelung24.com\/sq\/#\/schema\/logo\/image\/"}}]},"og_availability":"instock","product_availability":"instock","product_retailer_item_id":"1003-7601","product_condition":"new"},"_links":{"self":[{"href":"https:\/\/www.versiegelung24.com\/sq\/wp-json\/wp\/v2\/product\/23520","targetHints":{"allow":["GET"]}}],"collection":[{"href":"https:\/\/www.versiegelung24.com\/sq\/wp-json\/wp\/v2\/product"}],"about":[{"href":"https:\/\/www.versiegelung24.com\/sq\/wp-json\/wp\/v2\/types\/product"}],"version-history":[{"count":26,"href":"https:\/\/www.versiegelung24.com\/sq\/wp-json\/wp\/v2\/product\/23520\/revisions"}],"predecessor-version":[{"id":177695,"href":"https:\/\/www.versiegelung24.com\/sq\/wp-json\/wp\/v2\/product\/23520\/revisions\/177695"}],"wp:featuredmedia":[{"embeddable":true,"href":"https:\/\/www.versiegelung24.com\/sq\/wp-json\/wp\/v2\/media\/17733"}],"wp:attachment":[{"href":"https:\/\/www.versiegelung24.com\/sq\/wp-json\/wp\/v2\/media?parent=23520"}],"wp:term":[{"taxonomy":"product_brand","embeddable":true,"href":"https:\/\/www.versiegelung24.com\/sq\/wp-json\/wp\/v2\/product_brand?post=23520"},{"taxonomy":"product_cat","embeddable":true,"href":"https:\/\/www.versiegelung24.com\/sq\/wp-json\/wp\/v2\/product_cat?post=23520"},{"taxonomy":"product_tag","embeddable":true,"href":"https:\/\/www.versiegelung24.com\/sq\/wp-json\/wp\/v2\/product_tag?post=23520"}],"curies":[{"name":"wp","href":"https:\/\/api.w.org\/{rel}","templated":true}]}}