{"id":23556,"date":"2020-04-04T18:53:44","date_gmt":"2021-08-02T19:44:08","guid":{"rendered":"https:\/\/www.versiegelung24.com\/produkt\/vulosje-universale-673-per-siperfaqe-te-forta-jo-absorbuese-boje-plastike-xham-qeramike-metal-celik-inox"},"modified":"2025-01-03T23:49:06","modified_gmt":"2025-01-03T22:49:06","slug":"universal-vulosje-673-per-siperfaqe-te-forta-jo-absorbuese-llaqe-plastike-qelq-qeramike-metal-celik-inox","status":"publish","type":"product","link":"https:\/\/www.versiegelung24.com\/sq\/universal-vulosje-673-per-siperfaqe-te-forta-jo-absorbuese-llaqe-plastike-qelq-qeramike-metal-celik-inox.html","title":{"rendered":"Vulosje universale 673 p\u00ebr sip\u00ebrfaqe &#8220;t\u00eb forta&#8221; \/ jo-absorbuese (boj\u00eb \/ plastik\u00eb +++, xham \/ qeramik\u00eb ++, metal \/ \u00e7elik inox ++)"},"content":{"rendered":"\n<p><strong>Vulosje universale p\u00ebr sip\u00ebrfaqe &#8220;t\u00eb forta&#8221; \/ jo -absorbuese me cil\u00ebsi profesionale &#8211; Prodhuar n\u00eb Gjermani<\/strong><\/p>\n\n<p>Ideale p\u00ebr plastik\u00eb dhe sip\u00ebrfaqe t\u00eb pikturuara (t\u00eb shtrueshme), gjithashtu mund t\u00eb p\u00ebrdoren n\u00eb xhami \/ qeramik\u00eb; Metal dhe \u00e7elik inox<\/p>\n\n<p>Numri i artikullit: 4004-673<\/p>\n\n<p>Cil\u00ebsi e lart\u00eb Prodhuar n\u00eb Gjermani<\/p>\n\n<p><strong>V24 universale vul\u00eb 4004-673<\/strong> \u00ebsht\u00eb nj\u00eb sistem i bazuar n\u00eb alkool q\u00eb krijon nj\u00eb efekt t\u00eb p\u00ebrkohsh\u00ebm t\u00eb leht\u00eb p\u00ebr t&#8217;u pastruar n\u00eb sip\u00ebrfaqet e qelqit dhe qeramik\u00ebs, si dhe n\u00eb sip\u00ebrfaqe t\u00eb caktuara metalike (krom, \u00e7elik inox, alumin). Materiali i fshir\u00eb formon nj\u00eb film t\u00eb holl\u00eb n\u00eb sip\u00ebrfaqe, i cili zvog\u00eblon ngjitjen e papast\u00ebrtis\u00eb dhe l\u00ebnd\u00ebve t\u00eb huaja dhe lejon q\u00eb uji thjesht t\u00eb rrotullohet. Sip\u00ebrfaqet e veshura jan\u00eb ve\u00e7an\u00ebrisht t\u00eb lehta p\u00ebr tu pastruar dhe m\u00eb pak t\u00eb pista.<\/p>\n\n<hr\/>\n\n<h4 class=\"wp-block-heading\" id=\"properties\">Karakteristikat e produktit<\/h4>\n\n<div class=\"wp-block-columns is-layout-flex wp-container-core-columns-is-layout-9d6595d7 wp-block-columns-is-layout-flex\">\n<div class=\"wp-block-column is-layout-flow wp-block-column-is-layout-flow\">\n<figure class=\"wp-block-table is-style-stripes\"><table><tbody><tr><td class=\"has-text-align-center\" data-align=\"center\">Kimi:<\/td><td class=\"has-text-align-center\" data-align=\"center\">Polimer inorganik-organik, pa halogjen, pa fluor<\/td><\/tr><tr><td class=\"has-text-align-center\" data-align=\"center\">P\u00ebrshkrim:<\/td><td class=\"has-text-align-center\" data-align=\"center\">Vulosje universale<\/td><\/tr><tr><td class=\"has-text-align-center\" data-align=\"center\">Pamja:<\/td><td class=\"has-text-align-center\" data-align=\"center\">E l\u00ebngshme, pa ngjyr\u00eb &#8211; roz\u00eb<\/td><\/tr><tr><td class=\"has-text-align-center\" data-align=\"center\">Hollimi: <\/td><td class=\"has-text-align-center\" data-align=\"center\">I holluar gati p\u00ebr p\u00ebrdorim<\/td><\/tr><tr><td class=\"has-text-align-center\" data-align=\"center\">P\u00ebrqendrimi: <\/td><td class=\"has-text-align-center\" data-align=\"center\">0,5-1,5% ndaj pesh\u00ebs<\/td><\/tr><tr><td class=\"has-text-align-center\" data-align=\"center\">Trajtimi:<\/td><td class=\"has-text-align-center\" data-align=\"center\">Informacioni i r\u00ebnd\u00ebsish\u00ebm p\u00ebr trajtimin dhe sigurin\u00eb mund t\u00eb gjendet n\u00eb flet\u00ebn aktuale t\u00eb t\u00eb dh\u00ebnave t\u00eb siguris\u00eb. Gjat\u00eb p\u00ebrpunimit, duhet t\u00eb p\u00ebrdoren pajisje t\u00eb p\u00ebrshtatshme mbrojt\u00ebse personale.<\/td><\/tr><\/tbody><\/table><\/figure>\n<\/div>\n\n\n\n<div class=\"wp-block-column is-layout-flow wp-block-column-is-layout-flow\">\n<p>Fusha e dor\u00ebzimit:<br\/> 1 x lit\u00ebr shishe<br\/> 1 x Kok\u00eb sp\u00ebrkatjeje pompe<\/p>\n<\/div>\n<\/div>\n\n<hr\/>\n\n<h4 class=\"wp-block-heading\" id=\"h-ratgeber\">k\u00ebshilltar<\/h4>\n\n<p>Vulat tona universale jan\u00eb ve\u00e7an\u00ebrisht t\u00eb p\u00ebrshtatshme p\u00ebr sektorin &#8220;b\u00ebje vet\u00eb&#8221;.<\/p>\n\n<p>Ata kombinojn\u00eb nj\u00eb m\u00ebnyr\u00eb profesionale veprimi n\u00eb sip\u00ebrfaqe t\u00eb ndryshme me trajtim t\u00eb leht\u00eb gjat\u00eb aplikimit. Dhe e gjith\u00eb kjo pa pasur nevoj\u00eb t\u00eb b\u00ebni ndonj\u00eb kompromis t\u00eb madh p\u00ebrsa i p\u00ebrket cil\u00ebsis\u00eb.<\/p>\n\n<p>N\u00eb k\u00ebt\u00eb m\u00ebnyr\u00eb, mund t\u00eb b\u00ebhen aplikime n\u00eb disa materiale me vet\u00ebm nj\u00eb ngjit\u00ebs universal dhe mund t\u00eb arrihet gjithashtu nj\u00eb efekt cil\u00ebsor dhe q\u00ebndrueshm\u00ebri e gjat\u00eb.<\/p>\n\n<p>Megjithat\u00eb, p\u00ebr aplikimet komerciale dhe industriale ku niveli m\u00eb i lart\u00eb i mundsh\u00ebm i performanc\u00ebs duhet t\u00eb arrihet n\u00eb nj\u00eb sip\u00ebrfaqe specifike, ne rekomandojm\u00eb p\u00ebrdorimin e p\u00ebrfundimeve tona speciale p\u00ebr at\u00eb sip\u00ebrfaqe.<\/p>\n","protected":false},"excerpt":{"rendered":"<p><strong>Ngjit\u00ebs universal profesional shum\u00eb efektiv p\u00ebr sip\u00ebrfaqet &#8220;t\u00eb forta&#8221;\/jo absorbuese si:<\/strong><\/p>\n<p>\u2713 Xham<\/p>\n<p>\u2713 Sip\u00ebrfaqe qeramike<\/p>\n<p>\u2713 Sip\u00ebrfaqe plastike<\/p>\n<p>\u2713 Sip\u00ebrfaqe metalike<\/p>\n<p>\u2713 Me efekt t\u00eb leht\u00eb p\u00ebr t&#8217;u pastruar<\/p>\n","protected":false},"featured_media":18208,"template":"","meta":{"_acf_changed":false,"neve_meta_sidebar":"","neve_meta_container":"","neve_meta_enable_content_width":"","neve_meta_content_width":0,"neve_meta_title_alignment":"","neve_meta_author_avatar":"","neve_post_elements_order":"","neve_meta_disable_header":"","neve_meta_disable_footer":"","neve_meta_disable_title":"","neve_meta_reading_time":"","_surfaces":[],"_ver_product_tabs":[],"footnotes":""},"product_brand":[],"product_cat":[2473],"product_tag":[],"class_list":{"0":"post-23556","1":"product","2":"type-product","3":"status-publish","4":"has-post-thumbnail","6":"product_cat-vula-universale","8":"first","9":"instock","10":"taxable","11":"shipping-taxable","12":"purchasable","13":"product-type-simple"},"acf":[],"yoast_head":"<!-- This site is optimized with the Yoast SEO Premium plugin v22.8 (Yoast SEO v27.5) - https:\/\/yoast.com\/product\/yoast-seo-premium-wordpress\/ -->\n<title>Vulosje universale 673 p\u00ebr sip\u00ebrfaqe &quot;t\u00eb forta&quot; \/ jo-absorbuese (boj\u00eb \/ plastik\u00eb +++, xham \/ qeramik\u00eb ++, metal \/ \u00e7elik inox ++) - versiegelung24.com<\/title>\n<meta name=\"robots\" content=\"index, follow, max-snippet:-1, max-image-preview:large, max-video-preview:-1\" \/>\n<link rel=\"canonical\" href=\"https:\/\/www.versiegelung24.com\/sq\/universal-vulosje-673-per-siperfaqe-te-forta-jo-absorbuese-llaqe-plastike-qelq-qeramike-metal-celik-inox.html\" \/>\n<meta property=\"og:locale\" content=\"sq_AL\" \/>\n<meta property=\"og:type\" content=\"article\" \/>\n<meta property=\"og:title\" content=\"Vulosje universale 673 p\u00ebr sip\u00ebrfaqe &quot;t\u00eb forta&quot; \/ jo-absorbuese (boj\u00eb \/ plastik\u00eb +++, xham \/ qeramik\u00eb ++, metal \/ \u00e7elik inox ++)\" \/>\n<meta property=\"og:description\" content=\"Ngjit\u00ebs universal profesional shum\u00eb efektiv p\u00ebr sip\u00ebrfaqet &quot;t\u00eb forta&quot;\/jo absorbuese si: \u2713 Xham \u2713 Sip\u00ebrfaqe qeramike \u2713 Sip\u00ebrfaqe plastike \u2713 Sip\u00ebrfaqe metalike \u2713 Me efekt t\u00eb leht\u00eb p\u00ebr t&#039;u pastruar\" \/>\n<meta property=\"og:url\" content=\"https:\/\/www.versiegelung24.com\/sq\/universal-vulosje-673-per-siperfaqe-te-forta-jo-absorbuese-llaqe-plastike-qelq-qeramike-metal-celik-inox.html\" \/>\n<meta property=\"og:site_name\" content=\"versiegelung24.com\" \/>\n<meta property=\"article:modified_time\" content=\"2025-01-03T22:49:06+00:00\" \/>\n<meta property=\"og:image\" content=\"https:\/\/www.versiegelung24.com\/wp-content\/uploads\/2020\/06\/produkt-4004-673-1000-Universalversiegelung-673-scaled.jpg\" \/>\n\t<meta property=\"og:image:width\" content=\"2560\" \/>\n\t<meta property=\"og:image:height\" content=\"2560\" \/>\n\t<meta property=\"og:image:type\" content=\"image\/jpeg\" \/>\n<meta name=\"twitter:card\" content=\"summary_large_image\" \/>\n<meta name=\"twitter:label1\" content=\"Price\" \/>\n\t<meta name=\"twitter:data1\" content=\"99,00&euro;\" \/>\n\t<meta name=\"twitter:label2\" content=\"Availability\" \/>\n\t<meta name=\"twitter:data2\" content=\"In stock\" \/>\n<script type=\"application\/ld+json\" class=\"yoast-schema-graph\">{\"@context\":\"https:\\\/\\\/schema.org\",\"@graph\":[{\"@type\":\"WebPage\",\"@id\":\"https:\\\/\\\/www.versiegelung24.com\\\/sq\\\/universal-vulosje-673-per-siperfaqe-te-forta-jo-absorbuese-llaqe-plastike-qelq-qeramike-metal-celik-inox.html\",\"url\":\"https:\\\/\\\/www.versiegelung24.com\\\/sq\\\/universal-vulosje-673-per-siperfaqe-te-forta-jo-absorbuese-llaqe-plastike-qelq-qeramike-metal-celik-inox.html\",\"name\":\"Vulosje universale 673 p\u00ebr sip\u00ebrfaqe \\\"t\u00eb forta\\\" \\\/ jo-absorbuese (boj\u00eb \\\/ plastik\u00eb +++, xham \\\/ qeramik\u00eb ++, metal \\\/ \u00e7elik inox ++) - versiegelung24.com\",\"isPartOf\":{\"@id\":\"https:\\\/\\\/www.versiegelung24.com\\\/sq\\\/#website\"},\"primaryImageOfPage\":{\"@id\":\"https:\\\/\\\/www.versiegelung24.com\\\/sq\\\/universal-vulosje-673-per-siperfaqe-te-forta-jo-absorbuese-llaqe-plastike-qelq-qeramike-metal-celik-inox.html#primaryimage\"},\"image\":{\"@id\":\"https:\\\/\\\/www.versiegelung24.com\\\/sq\\\/universal-vulosje-673-per-siperfaqe-te-forta-jo-absorbuese-llaqe-plastike-qelq-qeramike-metal-celik-inox.html#primaryimage\"},\"thumbnailUrl\":\"https:\\\/\\\/www.versiegelung24.com\\\/wp-content\\\/uploads\\\/2020\\\/06\\\/produkt-4004-673-1000-Universalversiegelung-673-scaled.jpg\",\"datePublished\":\"2021-08-02T19:44:08+00:00\",\"dateModified\":\"2025-01-03T22:49:06+00:00\",\"breadcrumb\":{\"@id\":\"https:\\\/\\\/www.versiegelung24.com\\\/sq\\\/universal-vulosje-673-per-siperfaqe-te-forta-jo-absorbuese-llaqe-plastike-qelq-qeramike-metal-celik-inox.html#breadcrumb\"},\"inLanguage\":\"sq-AL\",\"potentialAction\":[{\"@type\":\"ReadAction\",\"target\":[\"https:\\\/\\\/www.versiegelung24.com\\\/sq\\\/universal-vulosje-673-per-siperfaqe-te-forta-jo-absorbuese-llaqe-plastike-qelq-qeramike-metal-celik-inox.html\"]}]},{\"@type\":\"ImageObject\",\"inLanguage\":\"sq-AL\",\"@id\":\"https:\\\/\\\/www.versiegelung24.com\\\/sq\\\/universal-vulosje-673-per-siperfaqe-te-forta-jo-absorbuese-llaqe-plastike-qelq-qeramike-metal-celik-inox.html#primaryimage\",\"url\":\"https:\\\/\\\/www.versiegelung24.com\\\/wp-content\\\/uploads\\\/2020\\\/06\\\/produkt-4004-673-1000-Universalversiegelung-673-scaled.jpg\",\"contentUrl\":\"https:\\\/\\\/www.versiegelung24.com\\\/wp-content\\\/uploads\\\/2020\\\/06\\\/produkt-4004-673-1000-Universalversiegelung-673-scaled.jpg\",\"width\":2560,\"height\":2560},{\"@type\":\"BreadcrumbList\",\"@id\":\"https:\\\/\\\/www.versiegelung24.com\\\/sq\\\/universal-vulosje-673-per-siperfaqe-te-forta-jo-absorbuese-llaqe-plastike-qelq-qeramike-metal-celik-inox.html#breadcrumb\",\"itemListElement\":[{\"@type\":\"ListItem\",\"position\":1,\"name\":\"Faqja kryesore\",\"item\":\"https:\\\/\\\/www.versiegelung24.com\\\/sq\\\/perpara\\\/\"},{\"@type\":\"ListItem\",\"position\":2,\"name\":\"Dyqan\",\"item\":\"https:\\\/\\\/www.versiegelung24.com\\\/sq\\\/dyqan\\\/\"},{\"@type\":\"ListItem\",\"position\":3,\"name\":\"Vulosje universale 673 p\u00ebr sip\u00ebrfaqe &#8220;t\u00eb forta&#8221; \\\/ jo-absorbuese (boj\u00eb \\\/ plastik\u00eb +++, xham \\\/ qeramik\u00eb ++, metal \\\/ \u00e7elik inox ++)\"}]},{\"@type\":\"WebSite\",\"@id\":\"https:\\\/\\\/www.versiegelung24.com\\\/sq\\\/#website\",\"url\":\"https:\\\/\\\/www.versiegelung24.com\\\/sq\\\/\",\"name\":\"versiegelung24.com\",\"description\":\"Fl\u00fcssigglas-Versiegelung - Made in Germany\",\"publisher\":{\"@id\":\"https:\\\/\\\/www.versiegelung24.com\\\/sq\\\/#organization\"},\"potentialAction\":[{\"@type\":\"SearchAction\",\"target\":{\"@type\":\"EntryPoint\",\"urlTemplate\":\"https:\\\/\\\/www.versiegelung24.com\\\/sq\\\/?s={search_term_string}\"},\"query-input\":{\"@type\":\"PropertyValueSpecification\",\"valueRequired\":true,\"valueName\":\"search_term_string\"}}],\"inLanguage\":\"sq-AL\"},{\"@type\":\"Organization\",\"@id\":\"https:\\\/\\\/www.versiegelung24.com\\\/sq\\\/#organization\",\"name\":\"versiegelung24\",\"url\":\"https:\\\/\\\/www.versiegelung24.com\\\/sq\\\/\",\"logo\":{\"@type\":\"ImageObject\",\"inLanguage\":\"sq-AL\",\"@id\":\"https:\\\/\\\/www.versiegelung24.com\\\/sq\\\/#\\\/schema\\\/logo\\\/image\\\/\",\"url\":\"https:\\\/\\\/www.versiegelung24.com\\\/wp-content\\\/uploads\\\/2020\\\/04\\\/versiegelung24.png\",\"contentUrl\":\"https:\\\/\\\/www.versiegelung24.com\\\/wp-content\\\/uploads\\\/2020\\\/04\\\/versiegelung24.png\",\"width\":470,\"height\":102,\"caption\":\"versiegelung24\"},\"image\":{\"@id\":\"https:\\\/\\\/www.versiegelung24.com\\\/sq\\\/#\\\/schema\\\/logo\\\/image\\\/\"}}]}<\/script>\n<meta property=\"product:price:amount\" content=\"99.00\" \/>\n<meta property=\"product:price:currency\" content=\"EUR\" \/>\n<meta property=\"og:availability\" content=\"instock\" \/>\n<meta property=\"product:availability\" content=\"instock\" \/>\n<meta property=\"product:retailer_item_id\" content=\"4004-673-1000\" \/>\n<meta property=\"product:condition\" content=\"new\" \/>\n<!-- \/ Yoast SEO Premium plugin. -->","yoast_head_json":{"title":"Vulosje universale 673 p\u00ebr sip\u00ebrfaqe \"t\u00eb forta\" \/ jo-absorbuese (boj\u00eb \/ plastik\u00eb +++, xham \/ qeramik\u00eb ++, metal \/ \u00e7elik inox ++) - versiegelung24.com","robots":{"index":"index","follow":"follow","max-snippet":"max-snippet:-1","max-image-preview":"max-image-preview:large","max-video-preview":"max-video-preview:-1"},"canonical":"https:\/\/www.versiegelung24.com\/sq\/universal-vulosje-673-per-siperfaqe-te-forta-jo-absorbuese-llaqe-plastike-qelq-qeramike-metal-celik-inox.html","og_locale":"sq_AL","og_type":"article","og_title":"Vulosje universale 673 p\u00ebr sip\u00ebrfaqe \"t\u00eb forta\" \/ jo-absorbuese (boj\u00eb \/ plastik\u00eb +++, xham \/ qeramik\u00eb ++, metal \/ \u00e7elik inox ++)","og_description":"Ngjit\u00ebs universal profesional shum\u00eb efektiv p\u00ebr sip\u00ebrfaqet \"t\u00eb forta\"\/jo absorbuese si: \u2713 Xham \u2713 Sip\u00ebrfaqe qeramike \u2713 Sip\u00ebrfaqe plastike \u2713 Sip\u00ebrfaqe metalike \u2713 Me efekt t\u00eb leht\u00eb p\u00ebr t'u pastruar","og_url":"https:\/\/www.versiegelung24.com\/sq\/universal-vulosje-673-per-siperfaqe-te-forta-jo-absorbuese-llaqe-plastike-qelq-qeramike-metal-celik-inox.html","og_site_name":"versiegelung24.com","article_modified_time":"2025-01-03T22:49:06+00:00","og_image":[{"width":2560,"height":2560,"url":"https:\/\/www.versiegelung24.com\/wp-content\/uploads\/2020\/06\/produkt-4004-673-1000-Universalversiegelung-673-scaled.jpg","type":"image\/jpeg"}],"twitter_card":"summary_large_image","twitter_misc":{"Price":"99,00&euro;","Availability":"In stock"},"schema":{"@context":"https:\/\/schema.org","@graph":[{"@type":"WebPage","@id":"https:\/\/www.versiegelung24.com\/sq\/universal-vulosje-673-per-siperfaqe-te-forta-jo-absorbuese-llaqe-plastike-qelq-qeramike-metal-celik-inox.html","url":"https:\/\/www.versiegelung24.com\/sq\/universal-vulosje-673-per-siperfaqe-te-forta-jo-absorbuese-llaqe-plastike-qelq-qeramike-metal-celik-inox.html","name":"Vulosje universale 673 p\u00ebr sip\u00ebrfaqe \"t\u00eb forta\" \/ jo-absorbuese (boj\u00eb \/ plastik\u00eb +++, xham \/ qeramik\u00eb ++, metal \/ \u00e7elik inox ++) - versiegelung24.com","isPartOf":{"@id":"https:\/\/www.versiegelung24.com\/sq\/#website"},"primaryImageOfPage":{"@id":"https:\/\/www.versiegelung24.com\/sq\/universal-vulosje-673-per-siperfaqe-te-forta-jo-absorbuese-llaqe-plastike-qelq-qeramike-metal-celik-inox.html#primaryimage"},"image":{"@id":"https:\/\/www.versiegelung24.com\/sq\/universal-vulosje-673-per-siperfaqe-te-forta-jo-absorbuese-llaqe-plastike-qelq-qeramike-metal-celik-inox.html#primaryimage"},"thumbnailUrl":"https:\/\/www.versiegelung24.com\/wp-content\/uploads\/2020\/06\/produkt-4004-673-1000-Universalversiegelung-673-scaled.jpg","datePublished":"2021-08-02T19:44:08+00:00","dateModified":"2025-01-03T22:49:06+00:00","breadcrumb":{"@id":"https:\/\/www.versiegelung24.com\/sq\/universal-vulosje-673-per-siperfaqe-te-forta-jo-absorbuese-llaqe-plastike-qelq-qeramike-metal-celik-inox.html#breadcrumb"},"inLanguage":"sq-AL","potentialAction":[{"@type":"ReadAction","target":["https:\/\/www.versiegelung24.com\/sq\/universal-vulosje-673-per-siperfaqe-te-forta-jo-absorbuese-llaqe-plastike-qelq-qeramike-metal-celik-inox.html"]}]},{"@type":"ImageObject","inLanguage":"sq-AL","@id":"https:\/\/www.versiegelung24.com\/sq\/universal-vulosje-673-per-siperfaqe-te-forta-jo-absorbuese-llaqe-plastike-qelq-qeramike-metal-celik-inox.html#primaryimage","url":"https:\/\/www.versiegelung24.com\/wp-content\/uploads\/2020\/06\/produkt-4004-673-1000-Universalversiegelung-673-scaled.jpg","contentUrl":"https:\/\/www.versiegelung24.com\/wp-content\/uploads\/2020\/06\/produkt-4004-673-1000-Universalversiegelung-673-scaled.jpg","width":2560,"height":2560},{"@type":"BreadcrumbList","@id":"https:\/\/www.versiegelung24.com\/sq\/universal-vulosje-673-per-siperfaqe-te-forta-jo-absorbuese-llaqe-plastike-qelq-qeramike-metal-celik-inox.html#breadcrumb","itemListElement":[{"@type":"ListItem","position":1,"name":"Faqja kryesore","item":"https:\/\/www.versiegelung24.com\/sq\/perpara\/"},{"@type":"ListItem","position":2,"name":"Dyqan","item":"https:\/\/www.versiegelung24.com\/sq\/dyqan\/"},{"@type":"ListItem","position":3,"name":"Vulosje universale 673 p\u00ebr sip\u00ebrfaqe &#8220;t\u00eb forta&#8221; \/ jo-absorbuese (boj\u00eb \/ plastik\u00eb +++, xham \/ qeramik\u00eb ++, metal \/ \u00e7elik inox ++)"}]},{"@type":"WebSite","@id":"https:\/\/www.versiegelung24.com\/sq\/#website","url":"https:\/\/www.versiegelung24.com\/sq\/","name":"versiegelung24.com","description":"Fl\u00fcssigglas-Versiegelung - Made in Germany","publisher":{"@id":"https:\/\/www.versiegelung24.com\/sq\/#organization"},"potentialAction":[{"@type":"SearchAction","target":{"@type":"EntryPoint","urlTemplate":"https:\/\/www.versiegelung24.com\/sq\/?s={search_term_string}"},"query-input":{"@type":"PropertyValueSpecification","valueRequired":true,"valueName":"search_term_string"}}],"inLanguage":"sq-AL"},{"@type":"Organization","@id":"https:\/\/www.versiegelung24.com\/sq\/#organization","name":"versiegelung24","url":"https:\/\/www.versiegelung24.com\/sq\/","logo":{"@type":"ImageObject","inLanguage":"sq-AL","@id":"https:\/\/www.versiegelung24.com\/sq\/#\/schema\/logo\/image\/","url":"https:\/\/www.versiegelung24.com\/wp-content\/uploads\/2020\/04\/versiegelung24.png","contentUrl":"https:\/\/www.versiegelung24.com\/wp-content\/uploads\/2020\/04\/versiegelung24.png","width":470,"height":102,"caption":"versiegelung24"},"image":{"@id":"https:\/\/www.versiegelung24.com\/sq\/#\/schema\/logo\/image\/"}}]},"product_price_amount":"99.00","product_price_currency":"EUR","og_availability":"instock","product_availability":"instock","product_retailer_item_id":"4004-673-1000","product_condition":"new"},"_links":{"self":[{"href":"https:\/\/www.versiegelung24.com\/sq\/wp-json\/wp\/v2\/product\/23556","targetHints":{"allow":["GET"]}}],"collection":[{"href":"https:\/\/www.versiegelung24.com\/sq\/wp-json\/wp\/v2\/product"}],"about":[{"href":"https:\/\/www.versiegelung24.com\/sq\/wp-json\/wp\/v2\/types\/product"}],"version-history":[{"count":18,"href":"https:\/\/www.versiegelung24.com\/sq\/wp-json\/wp\/v2\/product\/23556\/revisions"}],"predecessor-version":[{"id":177664,"href":"https:\/\/www.versiegelung24.com\/sq\/wp-json\/wp\/v2\/product\/23556\/revisions\/177664"}],"wp:featuredmedia":[{"embeddable":true,"href":"https:\/\/www.versiegelung24.com\/sq\/wp-json\/wp\/v2\/media\/18208"}],"wp:attachment":[{"href":"https:\/\/www.versiegelung24.com\/sq\/wp-json\/wp\/v2\/media?parent=23556"}],"wp:term":[{"taxonomy":"product_brand","embeddable":true,"href":"https:\/\/www.versiegelung24.com\/sq\/wp-json\/wp\/v2\/product_brand?post=23556"},{"taxonomy":"product_cat","embeddable":true,"href":"https:\/\/www.versiegelung24.com\/sq\/wp-json\/wp\/v2\/product_cat?post=23556"},{"taxonomy":"product_tag","embeddable":true,"href":"https:\/\/www.versiegelung24.com\/sq\/wp-json\/wp\/v2\/product_tag?post=23556"}],"curies":[{"name":"wp","href":"https:\/\/api.w.org\/{rel}","templated":true}]}}