{"id":23618,"date":"2020-04-04T18:53:41","date_gmt":"2020-04-04T16:53:41","guid":{"rendered":"https:\/\/www.versiegelung24.com\/produkt\/bioetanol-96-6-per-para-pastrim-profesional"},"modified":"2025-01-13T17:00:20","modified_gmt":"2025-01-13T16:00:20","slug":"bioetanol-966-per-profesional-para-pastrimi","status":"publish","type":"product","link":"https:\/\/www.versiegelung24.com\/sq\/bioetanol-966-per-profesional-para-pastrimi.html","title":{"rendered":"Bioetanol 96.6% p\u00ebr parapastrim profesional"},"content":{"rendered":"\n<h4 class=\"wp-block-heading\" id=\"h-beschreibung\">P\u00ebrshkrim<\/h4>\n\n<p>Bioetanol cil\u00ebsor teknik 96.6% i p\u00ebrshtatsh\u00ebm p\u00ebr parapastrim dhe degresim t\u00eb plot\u00eb t\u00eb sip\u00ebrfaqeve jo absorbuese. <\/p>\n\n<p>Mund t\u00eb p\u00ebrdoret shum\u00eb mir\u00eb n\u00eb kombinim me parapastruesin ton\u00eb biologjik, pa mbetje <a href=\"https:\/\/www.versiegelung24.com\/sq\/biosativa-biologjike-para-pastruese.html\">BIOSATIVA<\/a> \u00ae p\u00ebr t\u00eb p\u00ebrgatitur p.sh. qelqi, qeramika, sip\u00ebrfaqet e lyera p\u00ebr aplikimin e mbulesave tona t\u00eb sip\u00ebrfaqeve.<\/p>\n\n<hr \/>\n\n<h4 class=\"wp-block-heading\" id=\"properties\">Karakteristikat e produktit<\/h4>\n\n<p>\u2713 Bioetanol i b\u00ebr\u00eb nga 100% mis\u00ebr dhe panxhar sheqeri<\/p>\n\n<p>\u2713 Prodhim rajonal me p\u00ebrb\u00ebr\u00ebs nga Evropa<\/p>\n\n<p>\u2713 Prodhimi sipas udh\u00ebzimeve t\u00eb larta evropiane<\/p>\n\n<p>\u2713 Siguria dhe cil\u00ebsia p\u00ebrmes standardeve t\u00eb larta<\/p>\n\n<p>Past\u00ebrti e lart\u00eb, me 1% MEK, 1% izopropanol dhe Bitrex bioetanol plot\u00ebsisht i denatyruar 96.6% (alkool etilen) nga prodhimi i q\u00ebndruesh\u00ebm (biomas\u00eb).<\/p>\n\n<hr \/>\n\n<h4 class=\"wp-block-heading\" id=\"application\">Aplikacion<\/h4>\n\n<p>P\u00ebr t\u00eb pastruar sip\u00ebrfaqet e l\u00ebmuara dhe jo absorbuese, rekomandojm\u00eb pastrimin n\u00eb dy hapa:<\/p>\n\n<p>1. Pastrim intensiv paraprak i sip\u00ebrfaqes duke p\u00ebrdorur nj\u00eb pastrues konvencional pa mbetje ose <a href=\"https:\/\/www.versiegelung24.com\/sq\/biosativa-biologjike-para-pastruese.html\">koncentratin ton\u00eb t\u00eb pastrimit biologjik BIOSATIVA<\/a> <a href=\"https:\/\/www.versiegelung24.com\/biosativa-biologischer-vorreiniger.html\">\u00ae<\/a><\/p>\n\n<p>2. Pas p\u00ebrfundimit t\u00eb procesit t\u00eb pastrimit, pastroni p\u00ebrs\u00ebri sip\u00ebrfaqen me bioetanol 96.6% n\u00eb m\u00ebnyr\u00eb q\u00eb t\u00eb hiqen t\u00eb gjitha papast\u00ebrtit\u00eb dhe sip\u00ebrfaqja t\u00eb jet\u00eb plot\u00ebsisht pa yndyr\u00eb. P\u00ebrs\u00ebriteni k\u00ebt\u00eb proces derisa t\u00eb mos ket\u00eb m\u00eb mbetje papast\u00ebrtie n\u00eb leck\u00ebn me mikrofib\u00ebr.<\/p>\n\n<p>Pas nj\u00eb kohe t\u00eb shkurt\u00ebr avullimi t\u00eb \u00e7do mbetjeje alkooli n\u00eb sip\u00ebrfaqe, mund t\u00eb filloj\u00eb aplikimi i nano-veshjeve dhe impregnimeve tona.<\/p>\n\n<p><em>N\u00eb thelb, me \u00e7do pastrim dhe vulosje t\u00eb sip\u00ebrfaqes, gjithmon\u00eb duhet t\u00eb kryhet nj\u00eb test n\u00eb nj\u00eb zon\u00eb q\u00eb nuk bie n\u00eb sy p\u00ebr t\u00eb p\u00ebrcaktuar p\u00ebrputhshm\u00ebrin\u00eb e sip\u00ebrfaqes me agjent\u00ebt e p\u00ebrdorur.<\/em><\/p>\n\n<hr \/>\n\n<h4 class=\"wp-block-heading\" id=\"advisor\">k\u00ebshilltar<\/h4>\n\n<p><strong>Bio-Etanol 96.6% &#8211; perfekt p\u00ebr vatrat e tavolin\u00ebs<\/strong><\/p>\n\n<p>Po aq t\u00eb ndryshme sa shijet tona, vatrat e zjarrit me etanol jan\u00eb b\u00ebr\u00eb t\u00eb domosdosh\u00ebm n\u00eb shum\u00eb familje. Shishet 1 lit\u00ebr jan\u00eb perfekte p\u00ebr p\u00ebrdoruesit e rast\u00ebsish\u00ebm ose p\u00ebrdoruesit p\u00ebr her\u00eb t\u00eb par\u00eb q\u00eb duan t\u00eb njihen me oxhakun e tyre me etanol ose karburantin ton\u00eb t\u00eb l\u00ebngsh\u00ebm bio-etanol.<\/p>\n\n<p><strong>Sa zgjat 1 lit\u00ebr bioetanol?<\/strong><\/p>\n\n<p>Koha mesatare e djegies p\u00ebr 1 lit\u00ebr bioetanol 96,6% \u00ebsht\u00eb rreth 2 deri n\u00eb 3 or\u00eb. Por nuk mund ta thuash k\u00ebt\u00eb sakt\u00ebsisht, sepse koha e djegies varet nga sip\u00ebrfaqja n\u00eb t\u00eb cil\u00ebn digjet l\u00ebngu. Sa m\u00eb e madhe t\u00eb jet\u00eb zona, aq m\u00eb shpejt digjet etanoli premium bio.<\/p>\n\n<hr \/>\n\n<h4 class=\"wp-block-heading\" id=\"faq\">FAQ<\/h4>\n\n<div class=\"schema-faq wp-block-yoast-faq-block\"><div class=\"schema-faq-section\" id=\"faq-question-1645793617330\"><strong class=\"schema-faq-question\">A miratohet bioetanoli p\u00ebr sektorin mjek\u00ebsor?<\/strong> <p class=\"schema-faq-answer\">Jo! N\u00ebse jeni duke k\u00ebrkuar p\u00ebr nj\u00eb dezinfektues sip\u00ebrfaq\u00ebsor, mund t\u00eb gjeni m\u00eb shum\u00eb informacion k\u00ebtu: <a href=\"https:\/\/www.versiegelung24.com\/desinfektionsmittel\/\">Pasqyr\u00eb e dezinfektuesve<\/a><\/p> <\/div> <div class=\"schema-faq-section\" id=\"faq-question-1645793819353\"><strong class=\"schema-faq-question\">Sa i rreziksh\u00ebm \u00ebsht\u00eb bioetanoli?<\/strong> <p class=\"schema-faq-answer\">Djegia prodhon avull uji (H2O) dhe dioksid karboni (CO2) ashtu si ne kur marrim frym\u00eb. Bioetanoli 96.6% djeg pa er\u00eb dhe pa mbetje. Kur p\u00ebrdorni n\u00eb vatra zjarri, duhet t\u00eb respektohen gjithmon\u00eb paralajm\u00ebrimet e sakta t\u00eb rrezikut!<br>Bioetanoli 96.6% \u00ebsht\u00eb shum\u00eb i ndezsh\u00ebm. Kur p\u00ebrdoret si pastrues, prodhohen gazra leht\u00ebsisht t\u00eb djegsh\u00ebm. <br><\/p> <\/div> <div class=\"schema-faq-section\" id=\"faq-question-1645794918526\"><strong class=\"schema-faq-question\">A mundet bioetanoli (i p\u00ebrdorur si pastrues) t\u00eb sulmoj\u00eb sip\u00ebrfaqet?<\/strong> <p class=\"schema-faq-answer\">N\u00eb ve\u00e7anti n\u00eb rastin e plastik\u00ebs, k\u00ebtu duhet pasur kujdes. Plastika e but\u00eb si plumbat dhe zorr\u00ebt mund t\u00eb reagojn\u00eb me plastifikuesit dhe t\u00eb d\u00ebmtojn\u00eb sip\u00ebrfaqet ose materialet.<br><br>N\u00eb thelb, kur pastroni sip\u00ebrfaqen, duhet t\u00eb kryhet gjithmon\u00eb nj\u00eb test n\u00eb nj\u00eb zon\u00eb q\u00eb nuk bie n\u00eb sy.<\/p> <\/div> <\/div>\n","protected":false},"excerpt":{"rendered":"<p>\u2713 Bioetanol i b\u00ebr\u00eb nga 100% mis\u00ebr dhe panxhar sheqeri<\/p>\n<p>\u2713 Prodhim rajonal me p\u00ebrb\u00ebr\u00ebs nga Evropa<\/p>\n<p>\u2713 Prodhimi sipas udh\u00ebzimeve t\u00eb larta evropiane<\/p>\n<p>\u2713 Siguria dhe cil\u00ebsia p\u00ebrmes standardeve t\u00eb larta<\/p>\n","protected":false},"featured_media":65142,"template":"","meta":{"_acf_changed":false,"neve_meta_sidebar":"","neve_meta_container":"","neve_meta_enable_content_width":"","neve_meta_content_width":0,"neve_meta_title_alignment":"","neve_meta_author_avatar":"","neve_post_elements_order":"","neve_meta_disable_header":"","neve_meta_disable_footer":"","neve_meta_disable_title":"","neve_meta_reading_time":"","_surfaces":[],"_ver_product_tabs":[],"footnotes":""},"product_brand":[],"product_cat":[2607,2172,2393,2395,2399],"product_tag":[],"class_list":{"0":"post-23618","1":"product","2":"type-product","3":"status-publish","4":"has-post-thumbnail","6":"product_cat-bioetanol-sq","7":"product_cat-vulosja-e-makinave","8":"product_cat-vulosje-per-qelq-dhe-qeramike","9":"product_cat-vulosje-metalike-dhe-plastike","10":"product_cat-pajisje-pastrimi","12":"first","13":"instock","14":"taxable","15":"shipping-taxable","16":"purchasable","17":"product-type-simple"},"acf":[],"yoast_head":"<!-- This site is optimized with the Yoast SEO Premium plugin v22.8 (Yoast SEO v27.5) - https:\/\/yoast.com\/product\/yoast-seo-premium-wordpress\/ -->\n<title>Bioetanol 96.6% p\u00ebr parapastrim profesional - versiegelung24.com<\/title>\n<meta name=\"robots\" content=\"index, follow, max-snippet:-1, max-image-preview:large, max-video-preview:-1\" \/>\n<link rel=\"canonical\" href=\"https:\/\/www.versiegelung24.com\/sq\/bioetanol-966-per-profesional-para-pastrimi.html\" \/>\n<meta property=\"og:locale\" content=\"sq_AL\" \/>\n<meta property=\"og:type\" content=\"article\" \/>\n<meta property=\"og:title\" content=\"Bioetanol 96.6% p\u00ebr parapastrim profesional\" \/>\n<meta property=\"og:description\" content=\"\u2713 Bioetanol i b\u00ebr\u00eb nga 100% mis\u00ebr dhe panxhar sheqeri \u2713 Prodhim rajonal me p\u00ebrb\u00ebr\u00ebs nga Evropa \u2713 Prodhimi sipas udh\u00ebzimeve t\u00eb larta evropiane \u2713 Siguria dhe cil\u00ebsia p\u00ebrmes standardeve t\u00eb larta\" \/>\n<meta property=\"og:url\" content=\"https:\/\/www.versiegelung24.com\/sq\/bioetanol-966-per-profesional-para-pastrimi.html\" \/>\n<meta property=\"og:site_name\" content=\"versiegelung24.com\" \/>\n<meta property=\"article:modified_time\" content=\"2025-01-13T16:00:20+00:00\" \/>\n<meta property=\"og:image\" content=\"https:\/\/www.versiegelung24.com\/wp-content\/uploads\/2020\/04\/produkt_9100-950-1000-bioethanol-flasche.jpeg\" \/>\n\t<meta property=\"og:image:width\" content=\"2560\" \/>\n\t<meta property=\"og:image:height\" content=\"2560\" \/>\n\t<meta property=\"og:image:type\" content=\"image\/jpeg\" \/>\n<meta name=\"twitter:card\" content=\"summary_large_image\" \/>\n<meta name=\"twitter:label1\" content=\"Price\" \/>\n\t<meta name=\"twitter:data1\" content=\"9,99&euro;\" \/>\n\t<meta name=\"twitter:label2\" content=\"Availability\" \/>\n\t<meta name=\"twitter:data2\" content=\"In stock\" \/>\n<script type=\"application\/ld+json\" class=\"yoast-schema-graph\">{\"@context\":\"https:\\\/\\\/schema.org\",\"@graph\":[{\"@type\":[\"WebPage\",\"FAQPage\"],\"@id\":\"https:\\\/\\\/www.versiegelung24.com\\\/sq\\\/bioetanol-966-per-profesional-para-pastrimi.html\",\"url\":\"https:\\\/\\\/www.versiegelung24.com\\\/sq\\\/bioetanol-966-per-profesional-para-pastrimi.html\",\"name\":\"Bioetanol 96.6% p\u00ebr parapastrim profesional - versiegelung24.com\",\"isPartOf\":{\"@id\":\"https:\\\/\\\/www.versiegelung24.com\\\/sq\\\/#website\"},\"primaryImageOfPage\":{\"@id\":\"https:\\\/\\\/www.versiegelung24.com\\\/sq\\\/bioetanol-966-per-profesional-para-pastrimi.html#primaryimage\"},\"image\":{\"@id\":\"https:\\\/\\\/www.versiegelung24.com\\\/sq\\\/bioetanol-966-per-profesional-para-pastrimi.html#primaryimage\"},\"thumbnailUrl\":\"https:\\\/\\\/www.versiegelung24.com\\\/wp-content\\\/uploads\\\/2020\\\/04\\\/produkt_9100-950-1000-bioethanol-flasche.jpeg\",\"datePublished\":\"2020-04-04T16:53:41+00:00\",\"dateModified\":\"2025-01-13T16:00:20+00:00\",\"breadcrumb\":{\"@id\":\"https:\\\/\\\/www.versiegelung24.com\\\/sq\\\/bioetanol-966-per-profesional-para-pastrimi.html#breadcrumb\"},\"mainEntity\":[{\"@id\":\"https:\\\/\\\/www.versiegelung24.com\\\/sq\\\/bioetanol-966-per-profesional-para-pastrimi.html#faq-question-1645793617330\"},{\"@id\":\"https:\\\/\\\/www.versiegelung24.com\\\/sq\\\/bioetanol-966-per-profesional-para-pastrimi.html#faq-question-1645793819353\"},{\"@id\":\"https:\\\/\\\/www.versiegelung24.com\\\/sq\\\/bioetanol-966-per-profesional-para-pastrimi.html#faq-question-1645794918526\"}],\"inLanguage\":\"sq-AL\",\"potentialAction\":[{\"@type\":\"ReadAction\",\"target\":[\"https:\\\/\\\/www.versiegelung24.com\\\/sq\\\/bioetanol-966-per-profesional-para-pastrimi.html\"]}]},{\"@type\":\"ImageObject\",\"inLanguage\":\"sq-AL\",\"@id\":\"https:\\\/\\\/www.versiegelung24.com\\\/sq\\\/bioetanol-966-per-profesional-para-pastrimi.html#primaryimage\",\"url\":\"https:\\\/\\\/www.versiegelung24.com\\\/wp-content\\\/uploads\\\/2020\\\/04\\\/produkt_9100-950-1000-bioethanol-flasche.jpeg\",\"contentUrl\":\"https:\\\/\\\/www.versiegelung24.com\\\/wp-content\\\/uploads\\\/2020\\\/04\\\/produkt_9100-950-1000-bioethanol-flasche.jpeg\",\"width\":2560,\"height\":2560},{\"@type\":\"BreadcrumbList\",\"@id\":\"https:\\\/\\\/www.versiegelung24.com\\\/sq\\\/bioetanol-966-per-profesional-para-pastrimi.html#breadcrumb\",\"itemListElement\":[{\"@type\":\"ListItem\",\"position\":1,\"name\":\"Faqja kryesore\",\"item\":\"https:\\\/\\\/www.versiegelung24.com\\\/sq\\\/perpara\\\/\"},{\"@type\":\"ListItem\",\"position\":2,\"name\":\"Dyqan\",\"item\":\"https:\\\/\\\/www.versiegelung24.com\\\/sq\\\/dyqan\\\/\"},{\"@type\":\"ListItem\",\"position\":3,\"name\":\"Bioetanol 96.6% p\u00ebr parapastrim profesional\"}]},{\"@type\":\"WebSite\",\"@id\":\"https:\\\/\\\/www.versiegelung24.com\\\/sq\\\/#website\",\"url\":\"https:\\\/\\\/www.versiegelung24.com\\\/sq\\\/\",\"name\":\"versiegelung24.com\",\"description\":\"Fl\u00fcssigglas-Versiegelung - Made in Germany\",\"publisher\":{\"@id\":\"https:\\\/\\\/www.versiegelung24.com\\\/sq\\\/#organization\"},\"potentialAction\":[{\"@type\":\"SearchAction\",\"target\":{\"@type\":\"EntryPoint\",\"urlTemplate\":\"https:\\\/\\\/www.versiegelung24.com\\\/sq\\\/?s={search_term_string}\"},\"query-input\":{\"@type\":\"PropertyValueSpecification\",\"valueRequired\":true,\"valueName\":\"search_term_string\"}}],\"inLanguage\":\"sq-AL\"},{\"@type\":\"Organization\",\"@id\":\"https:\\\/\\\/www.versiegelung24.com\\\/sq\\\/#organization\",\"name\":\"versiegelung24\",\"url\":\"https:\\\/\\\/www.versiegelung24.com\\\/sq\\\/\",\"logo\":{\"@type\":\"ImageObject\",\"inLanguage\":\"sq-AL\",\"@id\":\"https:\\\/\\\/www.versiegelung24.com\\\/sq\\\/#\\\/schema\\\/logo\\\/image\\\/\",\"url\":\"https:\\\/\\\/www.versiegelung24.com\\\/wp-content\\\/uploads\\\/2020\\\/04\\\/versiegelung24.png\",\"contentUrl\":\"https:\\\/\\\/www.versiegelung24.com\\\/wp-content\\\/uploads\\\/2020\\\/04\\\/versiegelung24.png\",\"width\":470,\"height\":102,\"caption\":\"versiegelung24\"},\"image\":{\"@id\":\"https:\\\/\\\/www.versiegelung24.com\\\/sq\\\/#\\\/schema\\\/logo\\\/image\\\/\"}},{\"@type\":\"Question\",\"@id\":\"https:\\\/\\\/www.versiegelung24.com\\\/sq\\\/bioetanol-966-per-profesional-para-pastrimi.html#faq-question-1645793617330\",\"position\":1,\"url\":\"https:\\\/\\\/www.versiegelung24.com\\\/sq\\\/bioetanol-966-per-profesional-para-pastrimi.html#faq-question-1645793617330\",\"name\":\"Ist Bioethanol f\u00fcr den medizinischen Bereich zugelassen?\",\"answerCount\":1,\"acceptedAnswer\":{\"@type\":\"Answer\",\"text\":\"Nein! Wenn Sie ein Fl\u00e4chendesinfektionsmittel suchen, finden Sie weitere Informationen hier: <a href=\\\"https:\\\/\\\/www.versiegelung24.com\\\/desinfektionsmittel\\\/\\\">\u00dcbersicht Desinfektionsmittel<\\\/a>\",\"inLanguage\":\"sq-AL\"},\"inLanguage\":\"sq-AL\"},{\"@type\":\"Question\",\"@id\":\"https:\\\/\\\/www.versiegelung24.com\\\/sq\\\/bioetanol-966-per-profesional-para-pastrimi.html#faq-question-1645793819353\",\"position\":2,\"url\":\"https:\\\/\\\/www.versiegelung24.com\\\/sq\\\/bioetanol-966-per-profesional-para-pastrimi.html#faq-question-1645793819353\",\"name\":\"Wie gef\u00e4hrlich ist Bioethanol?\",\"answerCount\":1,\"acceptedAnswer\":{\"@type\":\"Answer\",\"text\":\"Bei der Verbrennung entstehen genau wie bei unserer Atmung Wasserdampf (H2O) und Kohlendioxid (CO2). Bioethanol 96,6% verbrennt geruchs- und r\u00fcckstandsfrei. Bei Nutzung in Feuerstellen sind stets die genauen Gefahrenhinweise zu beachten!<br \\\/>Bioethanol 96,6% ist leicht entz\u00fcndlich. Bei der Nutzung als Reiniger entstehen leicht brennbare Gase. <br \\\/>\",\"inLanguage\":\"sq-AL\"},\"inLanguage\":\"sq-AL\"},{\"@type\":\"Question\",\"@id\":\"https:\\\/\\\/www.versiegelung24.com\\\/sq\\\/bioetanol-966-per-profesional-para-pastrimi.html#faq-question-1645794918526\",\"position\":3,\"url\":\"https:\\\/\\\/www.versiegelung24.com\\\/sq\\\/bioetanol-966-per-profesional-para-pastrimi.html#faq-question-1645794918526\",\"name\":\"Kann Bioethanol (als Reiniger eingesetzt) Oberfl\u00e4chen angreifen?\",\"answerCount\":1,\"acceptedAnswer\":{\"@type\":\"Answer\",\"text\":\"Besonders bei Kunststoffen ist hier mit Achtsamkeit vor zu gehen. Weiche Kunststoffe wie z.B. bei Dichtungen und Schl\u00e4uchen kann dieser mit den Weichmachern reagieren und Oberfl\u00e4chen bzw. Materialien sch\u00e4digen.<br \\\/><br \\\/>Grunds\u00e4tzlich sollte bei der Oberfl\u00e4chenreinigung immer erst ein Test an unauff\u00e4lliger Stelle durchgef\u00fchrt werden.\",\"inLanguage\":\"sq-AL\"},\"inLanguage\":\"sq-AL\"}]}<\/script>\n<meta property=\"product:price:amount\" content=\"9.99\" \/>\n<meta property=\"product:price:currency\" content=\"EUR\" \/>\n<meta property=\"og:availability\" content=\"instock\" \/>\n<meta property=\"product:availability\" content=\"instock\" \/>\n<meta property=\"product:retailer_item_id\" content=\"9100-BE96-1\" \/>\n<meta property=\"product:condition\" content=\"new\" \/>\n<!-- \/ Yoast SEO Premium plugin. -->","yoast_head_json":{"title":"Bioetanol 96.6% p\u00ebr parapastrim profesional - versiegelung24.com","robots":{"index":"index","follow":"follow","max-snippet":"max-snippet:-1","max-image-preview":"max-image-preview:large","max-video-preview":"max-video-preview:-1"},"canonical":"https:\/\/www.versiegelung24.com\/sq\/bioetanol-966-per-profesional-para-pastrimi.html","og_locale":"sq_AL","og_type":"article","og_title":"Bioetanol 96.6% p\u00ebr parapastrim profesional","og_description":"\u2713 Bioetanol i b\u00ebr\u00eb nga 100% mis\u00ebr dhe panxhar sheqeri \u2713 Prodhim rajonal me p\u00ebrb\u00ebr\u00ebs nga Evropa \u2713 Prodhimi sipas udh\u00ebzimeve t\u00eb larta evropiane \u2713 Siguria dhe cil\u00ebsia p\u00ebrmes standardeve t\u00eb larta","og_url":"https:\/\/www.versiegelung24.com\/sq\/bioetanol-966-per-profesional-para-pastrimi.html","og_site_name":"versiegelung24.com","article_modified_time":"2025-01-13T16:00:20+00:00","og_image":[{"width":2560,"height":2560,"url":"https:\/\/www.versiegelung24.com\/wp-content\/uploads\/2020\/04\/produkt_9100-950-1000-bioethanol-flasche.jpeg","type":"image\/jpeg"}],"twitter_card":"summary_large_image","twitter_misc":{"Price":"9,99&euro;","Availability":"In stock"},"schema":{"@context":"https:\/\/schema.org","@graph":[{"@type":["WebPage","FAQPage"],"@id":"https:\/\/www.versiegelung24.com\/sq\/bioetanol-966-per-profesional-para-pastrimi.html","url":"https:\/\/www.versiegelung24.com\/sq\/bioetanol-966-per-profesional-para-pastrimi.html","name":"Bioetanol 96.6% p\u00ebr parapastrim profesional - versiegelung24.com","isPartOf":{"@id":"https:\/\/www.versiegelung24.com\/sq\/#website"},"primaryImageOfPage":{"@id":"https:\/\/www.versiegelung24.com\/sq\/bioetanol-966-per-profesional-para-pastrimi.html#primaryimage"},"image":{"@id":"https:\/\/www.versiegelung24.com\/sq\/bioetanol-966-per-profesional-para-pastrimi.html#primaryimage"},"thumbnailUrl":"https:\/\/www.versiegelung24.com\/wp-content\/uploads\/2020\/04\/produkt_9100-950-1000-bioethanol-flasche.jpeg","datePublished":"2020-04-04T16:53:41+00:00","dateModified":"2025-01-13T16:00:20+00:00","breadcrumb":{"@id":"https:\/\/www.versiegelung24.com\/sq\/bioetanol-966-per-profesional-para-pastrimi.html#breadcrumb"},"mainEntity":[{"@id":"https:\/\/www.versiegelung24.com\/sq\/bioetanol-966-per-profesional-para-pastrimi.html#faq-question-1645793617330"},{"@id":"https:\/\/www.versiegelung24.com\/sq\/bioetanol-966-per-profesional-para-pastrimi.html#faq-question-1645793819353"},{"@id":"https:\/\/www.versiegelung24.com\/sq\/bioetanol-966-per-profesional-para-pastrimi.html#faq-question-1645794918526"}],"inLanguage":"sq-AL","potentialAction":[{"@type":"ReadAction","target":["https:\/\/www.versiegelung24.com\/sq\/bioetanol-966-per-profesional-para-pastrimi.html"]}]},{"@type":"ImageObject","inLanguage":"sq-AL","@id":"https:\/\/www.versiegelung24.com\/sq\/bioetanol-966-per-profesional-para-pastrimi.html#primaryimage","url":"https:\/\/www.versiegelung24.com\/wp-content\/uploads\/2020\/04\/produkt_9100-950-1000-bioethanol-flasche.jpeg","contentUrl":"https:\/\/www.versiegelung24.com\/wp-content\/uploads\/2020\/04\/produkt_9100-950-1000-bioethanol-flasche.jpeg","width":2560,"height":2560},{"@type":"BreadcrumbList","@id":"https:\/\/www.versiegelung24.com\/sq\/bioetanol-966-per-profesional-para-pastrimi.html#breadcrumb","itemListElement":[{"@type":"ListItem","position":1,"name":"Faqja kryesore","item":"https:\/\/www.versiegelung24.com\/sq\/perpara\/"},{"@type":"ListItem","position":2,"name":"Dyqan","item":"https:\/\/www.versiegelung24.com\/sq\/dyqan\/"},{"@type":"ListItem","position":3,"name":"Bioetanol 96.6% p\u00ebr parapastrim profesional"}]},{"@type":"WebSite","@id":"https:\/\/www.versiegelung24.com\/sq\/#website","url":"https:\/\/www.versiegelung24.com\/sq\/","name":"versiegelung24.com","description":"Fl\u00fcssigglas-Versiegelung - Made in Germany","publisher":{"@id":"https:\/\/www.versiegelung24.com\/sq\/#organization"},"potentialAction":[{"@type":"SearchAction","target":{"@type":"EntryPoint","urlTemplate":"https:\/\/www.versiegelung24.com\/sq\/?s={search_term_string}"},"query-input":{"@type":"PropertyValueSpecification","valueRequired":true,"valueName":"search_term_string"}}],"inLanguage":"sq-AL"},{"@type":"Organization","@id":"https:\/\/www.versiegelung24.com\/sq\/#organization","name":"versiegelung24","url":"https:\/\/www.versiegelung24.com\/sq\/","logo":{"@type":"ImageObject","inLanguage":"sq-AL","@id":"https:\/\/www.versiegelung24.com\/sq\/#\/schema\/logo\/image\/","url":"https:\/\/www.versiegelung24.com\/wp-content\/uploads\/2020\/04\/versiegelung24.png","contentUrl":"https:\/\/www.versiegelung24.com\/wp-content\/uploads\/2020\/04\/versiegelung24.png","width":470,"height":102,"caption":"versiegelung24"},"image":{"@id":"https:\/\/www.versiegelung24.com\/sq\/#\/schema\/logo\/image\/"}},{"@type":"Question","@id":"https:\/\/www.versiegelung24.com\/sq\/bioetanol-966-per-profesional-para-pastrimi.html#faq-question-1645793617330","position":1,"url":"https:\/\/www.versiegelung24.com\/sq\/bioetanol-966-per-profesional-para-pastrimi.html#faq-question-1645793617330","name":"Ist Bioethanol f\u00fcr den medizinischen Bereich zugelassen?","answerCount":1,"acceptedAnswer":{"@type":"Answer","text":"Nein! Wenn Sie ein Fl\u00e4chendesinfektionsmittel suchen, finden Sie weitere Informationen hier: <a href=\"https:\/\/www.versiegelung24.com\/desinfektionsmittel\/\">\u00dcbersicht Desinfektionsmittel<\/a>","inLanguage":"sq-AL"},"inLanguage":"sq-AL"},{"@type":"Question","@id":"https:\/\/www.versiegelung24.com\/sq\/bioetanol-966-per-profesional-para-pastrimi.html#faq-question-1645793819353","position":2,"url":"https:\/\/www.versiegelung24.com\/sq\/bioetanol-966-per-profesional-para-pastrimi.html#faq-question-1645793819353","name":"Wie gef\u00e4hrlich ist Bioethanol?","answerCount":1,"acceptedAnswer":{"@type":"Answer","text":"Bei der Verbrennung entstehen genau wie bei unserer Atmung Wasserdampf (H2O) und Kohlendioxid (CO2). Bioethanol 96,6% verbrennt geruchs- und r\u00fcckstandsfrei. Bei Nutzung in Feuerstellen sind stets die genauen Gefahrenhinweise zu beachten!<br \/>Bioethanol 96,6% ist leicht entz\u00fcndlich. Bei der Nutzung als Reiniger entstehen leicht brennbare Gase. <br \/>","inLanguage":"sq-AL"},"inLanguage":"sq-AL"},{"@type":"Question","@id":"https:\/\/www.versiegelung24.com\/sq\/bioetanol-966-per-profesional-para-pastrimi.html#faq-question-1645794918526","position":3,"url":"https:\/\/www.versiegelung24.com\/sq\/bioetanol-966-per-profesional-para-pastrimi.html#faq-question-1645794918526","name":"Kann Bioethanol (als Reiniger eingesetzt) Oberfl\u00e4chen angreifen?","answerCount":1,"acceptedAnswer":{"@type":"Answer","text":"Besonders bei Kunststoffen ist hier mit Achtsamkeit vor zu gehen. Weiche Kunststoffe wie z.B. bei Dichtungen und Schl\u00e4uchen kann dieser mit den Weichmachern reagieren und Oberfl\u00e4chen bzw. Materialien sch\u00e4digen.<br \/><br \/>Grunds\u00e4tzlich sollte bei der Oberfl\u00e4chenreinigung immer erst ein Test an unauff\u00e4lliger Stelle durchgef\u00fchrt werden.","inLanguage":"sq-AL"},"inLanguage":"sq-AL"}]},"product_price_amount":"9.99","product_price_currency":"EUR","og_availability":"instock","product_availability":"instock","product_retailer_item_id":"9100-BE96-1","product_condition":"new"},"_links":{"self":[{"href":"https:\/\/www.versiegelung24.com\/sq\/wp-json\/wp\/v2\/product\/23618","targetHints":{"allow":["GET"]}}],"collection":[{"href":"https:\/\/www.versiegelung24.com\/sq\/wp-json\/wp\/v2\/product"}],"about":[{"href":"https:\/\/www.versiegelung24.com\/sq\/wp-json\/wp\/v2\/types\/product"}],"version-history":[{"count":47,"href":"https:\/\/www.versiegelung24.com\/sq\/wp-json\/wp\/v2\/product\/23618\/revisions"}],"predecessor-version":[{"id":180708,"href":"https:\/\/www.versiegelung24.com\/sq\/wp-json\/wp\/v2\/product\/23618\/revisions\/180708"}],"wp:featuredmedia":[{"embeddable":true,"href":"https:\/\/www.versiegelung24.com\/sq\/wp-json\/wp\/v2\/media\/65142"}],"wp:attachment":[{"href":"https:\/\/www.versiegelung24.com\/sq\/wp-json\/wp\/v2\/media?parent=23618"}],"wp:term":[{"taxonomy":"product_brand","embeddable":true,"href":"https:\/\/www.versiegelung24.com\/sq\/wp-json\/wp\/v2\/product_brand?post=23618"},{"taxonomy":"product_cat","embeddable":true,"href":"https:\/\/www.versiegelung24.com\/sq\/wp-json\/wp\/v2\/product_cat?post=23618"},{"taxonomy":"product_tag","embeddable":true,"href":"https:\/\/www.versiegelung24.com\/sq\/wp-json\/wp\/v2\/product_tag?post=23618"}],"curies":[{"name":"wp","href":"https:\/\/api.w.org\/{rel}","templated":true}]}}