{"id":23672,"date":"2020-04-29T20:57:10","date_gmt":"2020-04-29T18:57:10","guid":{"rendered":"https:\/\/www.versiegelung24.com\/produkt\/modeli-vulosje-automatike-e-xhamit"},"modified":"2025-01-04T00:10:04","modified_gmt":"2025-01-03T23:10:04","slug":"moster-vulosje-xhami-makine","status":"publish","type":"product","link":"https:\/\/www.versiegelung24.com\/sq\/moster-e-vulosjes-se-xhamit-te-makines.html","title":{"rendered":"Modeli: Vulosje e xhamit t\u00eb makin\u00ebs me cil\u00ebsi profesionale &#8211; 1002-7601"},"content":{"rendered":"<p>10 ml most\u00ebr e jon\u00eb&nbsp; <a href=\"https:\/\/www.versiegelung24.com\/auto-glas-versiegelung-2065.html\">Auto mbyllje xhami<\/a>&nbsp; p\u00ebr aplikim prov\u00eb ose mbyllje zonash m\u00eb t\u00eb vogla.<\/p>\n","protected":false},"excerpt":{"rendered":"<p><strong>Mbyllje shum\u00eb efektive p\u00ebr xhamin e makinave dhe karvan\u00ebt:<\/strong><\/p>\n<p>\u2713 Cil\u00ebsi profesionale <\/p>\n<p>\u2713 Kalojeni dimrin pothuajse pa g\u00ebrvishtje<\/p>\n<p>\u2713 P\u00ebrmir\u00ebsimi i duksh\u00ebm i dukshm\u00ebris\u00eb n\u00eb mot t\u00eb keq<\/p>\n<p>\u2713 Nga p\u00ebraf\u00ebrsisht 70 km\/h, shiu bie gjat\u00eb vozitjes edhe pa fshir\u00ebse xhami dhe siguron nj\u00eb pamje t\u00eb qart\u00eb<\/p>\n","protected":false},"featured_media":14600,"template":"","meta":{"_acf_changed":false,"neve_meta_sidebar":"","neve_meta_container":"","neve_meta_enable_content_width":"","neve_meta_content_width":0,"neve_meta_title_alignment":"","neve_meta_author_avatar":"","neve_post_elements_order":"","neve_meta_disable_header":"","neve_meta_disable_footer":"","neve_meta_disable_title":"","neve_meta_reading_time":"","_surfaces":[],"_ver_product_tabs":[],"footnotes":""},"product_brand":[],"product_cat":[2631],"product_tag":[],"class_list":{"0":"post-23672","1":"product","2":"type-product","3":"status-publish","4":"has-post-thumbnail","6":"product_cat-shabllon","7":"pa_gebinde-shishe-10-ml","9":"first","10":"instock","11":"sold-individually","12":"taxable","13":"shipping-taxable","14":"purchasable","15":"product-type-variable","16":"has-default-attributes"},"acf":[],"yoast_head":"<!-- This site is optimized with the Yoast SEO Premium plugin v22.8 (Yoast SEO v27.5) - https:\/\/yoast.com\/product\/yoast-seo-premium-wordpress\/ -->\n<title>Modeli: Vulosje e xhamit t\u00eb makin\u00ebs me cil\u00ebsi profesionale - 1002-7601 - versiegelung24.com<\/title>\n<meta name=\"robots\" content=\"index, follow, max-snippet:-1, max-image-preview:large, max-video-preview:-1\" \/>\n<link rel=\"canonical\" href=\"https:\/\/www.versiegelung24.com\/sq\/moster-e-vulosjes-se-xhamit-te-makines.html\" \/>\n<meta property=\"og:locale\" content=\"sq_AL\" \/>\n<meta property=\"og:type\" content=\"article\" \/>\n<meta property=\"og:title\" content=\"Modeli: Vulosje e xhamit t\u00eb makin\u00ebs me cil\u00ebsi profesionale - 1002-7601\" \/>\n<meta property=\"og:description\" content=\"Mbyllje shum\u00eb efektive p\u00ebr xhamin e makinave dhe karvan\u00ebt: \u2713 Cil\u00ebsi profesionale \u2713 Kalojeni dimrin pothuajse pa g\u00ebrvishtje \u2713 P\u00ebrmir\u00ebsimi i duksh\u00ebm i dukshm\u00ebris\u00eb n\u00eb mot t\u00eb keq \u2713 Nga p\u00ebraf\u00ebrsisht 70 km\/h, shiu bie gjat\u00eb vozitjes edhe pa fshir\u00ebse xhami dhe siguron nj\u00eb pamje t\u00eb qart\u00eb\" \/>\n<meta property=\"og:url\" content=\"https:\/\/www.versiegelung24.com\/sq\/moster-e-vulosjes-se-xhamit-te-makines.html\" \/>\n<meta property=\"og:site_name\" content=\"versiegelung24.com\" \/>\n<meta property=\"article:modified_time\" content=\"2025-01-03T23:10:04+00:00\" \/>\n<meta property=\"og:image\" content=\"https:\/\/www.versiegelung24.com\/wp-content\/uploads\/2020\/04\/versiegelung-muster.png\" \/>\n\t<meta property=\"og:image:width\" content=\"1000\" \/>\n\t<meta property=\"og:image:height\" content=\"1000\" \/>\n\t<meta property=\"og:image:type\" content=\"image\/png\" \/>\n<meta name=\"twitter:card\" content=\"summary_large_image\" \/>\n<meta name=\"twitter:label1\" content=\"Availability\" \/>\n\t<meta name=\"twitter:data1\" content=\"In stock\" \/>\n<script type=\"application\/ld+json\" class=\"yoast-schema-graph\">{\"@context\":\"https:\\\/\\\/schema.org\",\"@graph\":[{\"@type\":\"WebPage\",\"@id\":\"https:\\\/\\\/www.versiegelung24.com\\\/sq\\\/moster-e-vulosjes-se-xhamit-te-makines.html\",\"url\":\"https:\\\/\\\/www.versiegelung24.com\\\/sq\\\/moster-e-vulosjes-se-xhamit-te-makines.html\",\"name\":\"Modeli: Vulosje e xhamit t\u00eb makin\u00ebs me cil\u00ebsi profesionale - 1002-7601 - versiegelung24.com\",\"isPartOf\":{\"@id\":\"https:\\\/\\\/www.versiegelung24.com\\\/sq\\\/#website\"},\"primaryImageOfPage\":{\"@id\":\"https:\\\/\\\/www.versiegelung24.com\\\/sq\\\/moster-e-vulosjes-se-xhamit-te-makines.html#primaryimage\"},\"image\":{\"@id\":\"https:\\\/\\\/www.versiegelung24.com\\\/sq\\\/moster-e-vulosjes-se-xhamit-te-makines.html#primaryimage\"},\"thumbnailUrl\":\"https:\\\/\\\/www.versiegelung24.com\\\/wp-content\\\/uploads\\\/2020\\\/04\\\/versiegelung-muster.png\",\"datePublished\":\"2020-04-29T18:57:10+00:00\",\"dateModified\":\"2025-01-03T23:10:04+00:00\",\"breadcrumb\":{\"@id\":\"https:\\\/\\\/www.versiegelung24.com\\\/sq\\\/moster-e-vulosjes-se-xhamit-te-makines.html#breadcrumb\"},\"inLanguage\":\"sq-AL\",\"potentialAction\":[{\"@type\":\"ReadAction\",\"target\":[\"https:\\\/\\\/www.versiegelung24.com\\\/sq\\\/moster-e-vulosjes-se-xhamit-te-makines.html\"]}]},{\"@type\":\"ImageObject\",\"inLanguage\":\"sq-AL\",\"@id\":\"https:\\\/\\\/www.versiegelung24.com\\\/sq\\\/moster-e-vulosjes-se-xhamit-te-makines.html#primaryimage\",\"url\":\"https:\\\/\\\/www.versiegelung24.com\\\/wp-content\\\/uploads\\\/2020\\\/04\\\/versiegelung-muster.png\",\"contentUrl\":\"https:\\\/\\\/www.versiegelung24.com\\\/wp-content\\\/uploads\\\/2020\\\/04\\\/versiegelung-muster.png\",\"width\":1000,\"height\":1000},{\"@type\":\"BreadcrumbList\",\"@id\":\"https:\\\/\\\/www.versiegelung24.com\\\/sq\\\/moster-e-vulosjes-se-xhamit-te-makines.html#breadcrumb\",\"itemListElement\":[{\"@type\":\"ListItem\",\"position\":1,\"name\":\"Faqja kryesore\",\"item\":\"https:\\\/\\\/www.versiegelung24.com\\\/sq\\\/perpara\\\/\"},{\"@type\":\"ListItem\",\"position\":2,\"name\":\"Dyqan\",\"item\":\"https:\\\/\\\/www.versiegelung24.com\\\/sq\\\/dyqan\\\/\"},{\"@type\":\"ListItem\",\"position\":3,\"name\":\"Modeli: Vulosje e xhamit t\u00eb makin\u00ebs me cil\u00ebsi profesionale &#8211; 1002-7601\"}]},{\"@type\":\"WebSite\",\"@id\":\"https:\\\/\\\/www.versiegelung24.com\\\/sq\\\/#website\",\"url\":\"https:\\\/\\\/www.versiegelung24.com\\\/sq\\\/\",\"name\":\"versiegelung24.com\",\"description\":\"Fl\u00fcssigglas-Versiegelung - Made in Germany\",\"publisher\":{\"@id\":\"https:\\\/\\\/www.versiegelung24.com\\\/sq\\\/#organization\"},\"potentialAction\":[{\"@type\":\"SearchAction\",\"target\":{\"@type\":\"EntryPoint\",\"urlTemplate\":\"https:\\\/\\\/www.versiegelung24.com\\\/sq\\\/?s={search_term_string}\"},\"query-input\":{\"@type\":\"PropertyValueSpecification\",\"valueRequired\":true,\"valueName\":\"search_term_string\"}}],\"inLanguage\":\"sq-AL\"},{\"@type\":\"Organization\",\"@id\":\"https:\\\/\\\/www.versiegelung24.com\\\/sq\\\/#organization\",\"name\":\"versiegelung24\",\"url\":\"https:\\\/\\\/www.versiegelung24.com\\\/sq\\\/\",\"logo\":{\"@type\":\"ImageObject\",\"inLanguage\":\"sq-AL\",\"@id\":\"https:\\\/\\\/www.versiegelung24.com\\\/sq\\\/#\\\/schema\\\/logo\\\/image\\\/\",\"url\":\"https:\\\/\\\/www.versiegelung24.com\\\/wp-content\\\/uploads\\\/2020\\\/04\\\/versiegelung24.png\",\"contentUrl\":\"https:\\\/\\\/www.versiegelung24.com\\\/wp-content\\\/uploads\\\/2020\\\/04\\\/versiegelung24.png\",\"width\":470,\"height\":102,\"caption\":\"versiegelung24\"},\"image\":{\"@id\":\"https:\\\/\\\/www.versiegelung24.com\\\/sq\\\/#\\\/schema\\\/logo\\\/image\\\/\"}}]}<\/script>\n<meta property=\"og:availability\" content=\"instock\" \/>\n<meta property=\"product:availability\" content=\"instock\" \/>\n<meta property=\"product:retailer_item_id\" content=\"1002-7601-muster\" \/>\n<meta property=\"product:condition\" content=\"new\" \/>\n<!-- \/ Yoast SEO Premium plugin. -->","yoast_head_json":{"title":"Modeli: Vulosje e xhamit t\u00eb makin\u00ebs me cil\u00ebsi profesionale - 1002-7601 - versiegelung24.com","robots":{"index":"index","follow":"follow","max-snippet":"max-snippet:-1","max-image-preview":"max-image-preview:large","max-video-preview":"max-video-preview:-1"},"canonical":"https:\/\/www.versiegelung24.com\/sq\/moster-e-vulosjes-se-xhamit-te-makines.html","og_locale":"sq_AL","og_type":"article","og_title":"Modeli: Vulosje e xhamit t\u00eb makin\u00ebs me cil\u00ebsi profesionale - 1002-7601","og_description":"Mbyllje shum\u00eb efektive p\u00ebr xhamin e makinave dhe karvan\u00ebt: \u2713 Cil\u00ebsi profesionale \u2713 Kalojeni dimrin pothuajse pa g\u00ebrvishtje \u2713 P\u00ebrmir\u00ebsimi i duksh\u00ebm i dukshm\u00ebris\u00eb n\u00eb mot t\u00eb keq \u2713 Nga p\u00ebraf\u00ebrsisht 70 km\/h, shiu bie gjat\u00eb vozitjes edhe pa fshir\u00ebse xhami dhe siguron nj\u00eb pamje t\u00eb qart\u00eb","og_url":"https:\/\/www.versiegelung24.com\/sq\/moster-e-vulosjes-se-xhamit-te-makines.html","og_site_name":"versiegelung24.com","article_modified_time":"2025-01-03T23:10:04+00:00","og_image":[{"width":1000,"height":1000,"url":"https:\/\/www.versiegelung24.com\/wp-content\/uploads\/2020\/04\/versiegelung-muster.png","type":"image\/png"}],"twitter_card":"summary_large_image","twitter_misc":{"Availability":"In stock"},"schema":{"@context":"https:\/\/schema.org","@graph":[{"@type":"WebPage","@id":"https:\/\/www.versiegelung24.com\/sq\/moster-e-vulosjes-se-xhamit-te-makines.html","url":"https:\/\/www.versiegelung24.com\/sq\/moster-e-vulosjes-se-xhamit-te-makines.html","name":"Modeli: Vulosje e xhamit t\u00eb makin\u00ebs me cil\u00ebsi profesionale - 1002-7601 - versiegelung24.com","isPartOf":{"@id":"https:\/\/www.versiegelung24.com\/sq\/#website"},"primaryImageOfPage":{"@id":"https:\/\/www.versiegelung24.com\/sq\/moster-e-vulosjes-se-xhamit-te-makines.html#primaryimage"},"image":{"@id":"https:\/\/www.versiegelung24.com\/sq\/moster-e-vulosjes-se-xhamit-te-makines.html#primaryimage"},"thumbnailUrl":"https:\/\/www.versiegelung24.com\/wp-content\/uploads\/2020\/04\/versiegelung-muster.png","datePublished":"2020-04-29T18:57:10+00:00","dateModified":"2025-01-03T23:10:04+00:00","breadcrumb":{"@id":"https:\/\/www.versiegelung24.com\/sq\/moster-e-vulosjes-se-xhamit-te-makines.html#breadcrumb"},"inLanguage":"sq-AL","potentialAction":[{"@type":"ReadAction","target":["https:\/\/www.versiegelung24.com\/sq\/moster-e-vulosjes-se-xhamit-te-makines.html"]}]},{"@type":"ImageObject","inLanguage":"sq-AL","@id":"https:\/\/www.versiegelung24.com\/sq\/moster-e-vulosjes-se-xhamit-te-makines.html#primaryimage","url":"https:\/\/www.versiegelung24.com\/wp-content\/uploads\/2020\/04\/versiegelung-muster.png","contentUrl":"https:\/\/www.versiegelung24.com\/wp-content\/uploads\/2020\/04\/versiegelung-muster.png","width":1000,"height":1000},{"@type":"BreadcrumbList","@id":"https:\/\/www.versiegelung24.com\/sq\/moster-e-vulosjes-se-xhamit-te-makines.html#breadcrumb","itemListElement":[{"@type":"ListItem","position":1,"name":"Faqja kryesore","item":"https:\/\/www.versiegelung24.com\/sq\/perpara\/"},{"@type":"ListItem","position":2,"name":"Dyqan","item":"https:\/\/www.versiegelung24.com\/sq\/dyqan\/"},{"@type":"ListItem","position":3,"name":"Modeli: Vulosje e xhamit t\u00eb makin\u00ebs me cil\u00ebsi profesionale &#8211; 1002-7601"}]},{"@type":"WebSite","@id":"https:\/\/www.versiegelung24.com\/sq\/#website","url":"https:\/\/www.versiegelung24.com\/sq\/","name":"versiegelung24.com","description":"Fl\u00fcssigglas-Versiegelung - Made in Germany","publisher":{"@id":"https:\/\/www.versiegelung24.com\/sq\/#organization"},"potentialAction":[{"@type":"SearchAction","target":{"@type":"EntryPoint","urlTemplate":"https:\/\/www.versiegelung24.com\/sq\/?s={search_term_string}"},"query-input":{"@type":"PropertyValueSpecification","valueRequired":true,"valueName":"search_term_string"}}],"inLanguage":"sq-AL"},{"@type":"Organization","@id":"https:\/\/www.versiegelung24.com\/sq\/#organization","name":"versiegelung24","url":"https:\/\/www.versiegelung24.com\/sq\/","logo":{"@type":"ImageObject","inLanguage":"sq-AL","@id":"https:\/\/www.versiegelung24.com\/sq\/#\/schema\/logo\/image\/","url":"https:\/\/www.versiegelung24.com\/wp-content\/uploads\/2020\/04\/versiegelung24.png","contentUrl":"https:\/\/www.versiegelung24.com\/wp-content\/uploads\/2020\/04\/versiegelung24.png","width":470,"height":102,"caption":"versiegelung24"},"image":{"@id":"https:\/\/www.versiegelung24.com\/sq\/#\/schema\/logo\/image\/"}}]},"og_availability":"instock","product_availability":"instock","product_retailer_item_id":"1002-7601-muster","product_condition":"new"},"_links":{"self":[{"href":"https:\/\/www.versiegelung24.com\/sq\/wp-json\/wp\/v2\/product\/23672","targetHints":{"allow":["GET"]}}],"collection":[{"href":"https:\/\/www.versiegelung24.com\/sq\/wp-json\/wp\/v2\/product"}],"about":[{"href":"https:\/\/www.versiegelung24.com\/sq\/wp-json\/wp\/v2\/types\/product"}],"version-history":[{"count":3,"href":"https:\/\/www.versiegelung24.com\/sq\/wp-json\/wp\/v2\/product\/23672\/revisions"}],"predecessor-version":[{"id":140458,"href":"https:\/\/www.versiegelung24.com\/sq\/wp-json\/wp\/v2\/product\/23672\/revisions\/140458"}],"wp:featuredmedia":[{"embeddable":true,"href":"https:\/\/www.versiegelung24.com\/sq\/wp-json\/wp\/v2\/media\/14600"}],"wp:attachment":[{"href":"https:\/\/www.versiegelung24.com\/sq\/wp-json\/wp\/v2\/media?parent=23672"}],"wp:term":[{"taxonomy":"product_brand","embeddable":true,"href":"https:\/\/www.versiegelung24.com\/sq\/wp-json\/wp\/v2\/product_brand?post=23672"},{"taxonomy":"product_cat","embeddable":true,"href":"https:\/\/www.versiegelung24.com\/sq\/wp-json\/wp\/v2\/product_cat?post=23672"},{"taxonomy":"product_tag","embeddable":true,"href":"https:\/\/www.versiegelung24.com\/sq\/wp-json\/wp\/v2\/product_tag?post=23672"}],"curies":[{"name":"wp","href":"https:\/\/api.w.org\/{rel}","templated":true}]}}