{"id":23742,"date":"2020-04-04T18:53:45","date_gmt":"2021-08-02T19:59:44","guid":{"rendered":"https:\/\/www.versiegelung24.com\/produkt\/pastrues-celiku-inox-blu1000-per-pastrim-dhe-pergatitje-profesionale-te-siperfaqeve-prej-celiku-inox"},"modified":"2025-03-20T10:01:26","modified_gmt":"2025-03-20T09:01:26","slug":"celik-inox-pastrues-blu1000-per-pastrim-profesional-dhe-pergatitje-e-siperfaqeve-prej-celiku-inox","status":"publish","type":"product","link":"https:\/\/www.versiegelung24.com\/sq\/pastrues-celiku-inox-blu1000-per-pastrim-dhe-pergatitje-profesionale-te-siperfaqeve-prej-celiku-inox.html","title":{"rendered":"Pastrues \u00e7eliku inox BLU1000 &#8211; p\u00ebr pastrim dhe p\u00ebrgatitje profesionale t\u00eb sip\u00ebrfaqeve prej \u00e7eliku inox"},"content":{"rendered":"\n<p><strong>Pastrues special \u00e7eliku inox BLU1000<\/strong><\/p>\n\n<hr \/>\n\n<h4 class=\"wp-block-heading\" id=\"properties\">Karakteristikat e produktit<\/h4>\n\n<p>Produkti p\u00ebrmban aditiv\u00eb pastrues shum\u00eb aktiv\u00eb dhe aditiv\u00eb p\u00ebr t\u00eb riparuar sip\u00ebrfaqet m\u00eb t\u00eb r\u00ebnda t\u00eb ndotura, t\u00eb d\u00ebmtuara, t\u00eb g\u00ebrryera dhe t\u00eb sh\u00ebmtuara t\u00eb \u00e7elikut inox. Rezultati \u00ebsht\u00eb nj\u00eb sip\u00ebrfaqe e mir\u00eb optike me shk\u00eblqim t\u00eb lart\u00eb.<\/p>\n\n<p>Fusha e dor\u00ebzimit:<br \/> 1 x lit\u00ebr shishe<br \/> 1 x P\u00ebrshkrimi i produktit<\/p>\n\n<hr \/>\n\n<h4 class=\"wp-block-heading\" id=\"application\">Aplikacion<\/h4>\n\n<p>Sip\u00ebrfaqet e brendshme dhe t\u00eb jashtme t\u00eb b\u00ebra prej \u00e7eliku inox, veshje (metalike, organike, inorganike) n\u00eb industri, zeje, industri luksoze dhe ushqimore, zona komunale (p.sh. pishina, klinika) dhe n\u00eb sht\u00ebpi.<\/p>\n\n<p>Pastrues special \u00e7eliku inox BLU1000 p\u00ebrdoret si pastrues special p\u00ebr ndotjen m\u00eb t\u00eb r\u00ebnd\u00eb, depozitat dhe g\u00ebrryerjen n\u00eb kontejner\u00eb, sistemet e birr\u00ebs, shkall\u00ebt, parmak\u00ebt, parmak\u00ebt, pishinat, fasadat e \u00e7elikut, mobiljet prej \u00e7eliku dhe shum\u00eb m\u00eb tep\u00ebr. te perdorura.<\/p>\n\n<p>BLU1000 \u00ebsht\u00eb nj\u00eb pastrues special p\u00ebr \u00e7elik inox, por mund t\u00eb p\u00ebrdoret edhe n\u00eb sip\u00ebrfaqe t\u00eb tjera. K\u00ebtu, megjithat\u00eb, ju lutemi provoni s\u00eb pari n\u00eb nj\u00eb vend t\u00eb paduksh\u00ebm.<\/p>\n\n<p><strong>Konsumi<\/strong> :<br \/> 0,5 &#8211; 1 kg p\u00ebr 10 m\u00b2.<\/p>\n\n<p>T\u00eb gjitha informacionet nuk jan\u00eb detyruese. Produkti duhet t\u00eb kontrollohet p\u00ebr p\u00ebrshtatshm\u00ebrin\u00eb p\u00ebrpara p\u00ebrdorimit.<br \/> I n\u00ebnshtrohet ndryshimeve teknike.<\/p>\n","protected":false},"excerpt":{"rendered":"<p><strong>Produkti p\u00ebrmban:<\/strong><\/p>\n<p>\u2713 Agjent\u00eb pastrimi dhe aditiv\u00eb shum\u00eb aktiv\u00eb p\u00ebr t\u00eb p\u00ebrpunuar ndotjen m\u00eb t\u00eb r\u00ebnd\u00eb, sip\u00ebrfaqet e d\u00ebmtuara, t\u00eb g\u00ebrryera dhe t\u00eb sh\u00ebmtuara prej \u00e7eliku inoks.<\/p>\n<p>\u2713 Krijohet nj\u00eb sip\u00ebrfaqe e mir\u00eb optike deri me shk\u00eblqim t\u00eb lart\u00eb.<\/p>\n","protected":false},"featured_media":13200,"template":"","meta":{"_acf_changed":false,"neve_meta_sidebar":"","neve_meta_container":"","neve_meta_enable_content_width":"","neve_meta_content_width":0,"neve_meta_title_alignment":"","neve_meta_author_avatar":"","neve_post_elements_order":"","neve_meta_disable_header":"","neve_meta_disable_footer":"","neve_meta_disable_title":"","neve_meta_reading_time":"","_surfaces":[],"_ver_product_tabs":[],"footnotes":""},"product_brand":[],"product_cat":[2395,2399,2685,2172],"product_tag":[],"class_list":{"0":"post-23742","1":"product","2":"type-product","3":"status-publish","4":"has-post-thumbnail","6":"product_cat-vulosje-metalike-dhe-plastike","7":"product_cat-pajisje-pastrimi","8":"product_cat-pastrues-celiku-inox","9":"product_cat-vulosja-e-makinave","11":"first","12":"instock","13":"taxable","14":"shipping-taxable","15":"purchasable","16":"product-type-simple"},"acf":[],"yoast_head":"<!-- This site is optimized with the Yoast SEO Premium plugin v22.8 (Yoast SEO v27.5) - https:\/\/yoast.com\/product\/yoast-seo-premium-wordpress\/ -->\n<title>Pastrues \u00e7eliku inox BLU1000 - p\u00ebr pastrim dhe p\u00ebrgatitje profesionale t\u00eb sip\u00ebrfaqeve prej \u00e7eliku inox - versiegelung24.com<\/title>\n<meta name=\"robots\" content=\"index, follow, max-snippet:-1, max-image-preview:large, max-video-preview:-1\" \/>\n<link rel=\"canonical\" href=\"https:\/\/www.versiegelung24.com\/sq\/pastrues-celiku-inox-blu1000-per-pastrim-dhe-pergatitje-profesionale-te-siperfaqeve-prej-celiku-inox.html\" \/>\n<meta property=\"og:locale\" content=\"sq_AL\" \/>\n<meta property=\"og:type\" content=\"article\" \/>\n<meta property=\"og:title\" content=\"Pastrues \u00e7eliku inox BLU1000 - p\u00ebr pastrim dhe p\u00ebrgatitje profesionale t\u00eb sip\u00ebrfaqeve prej \u00e7eliku inox\" \/>\n<meta property=\"og:description\" content=\"Produkti p\u00ebrmban: \u2713 Agjent\u00eb pastrimi dhe aditiv\u00eb shum\u00eb aktiv\u00eb p\u00ebr t\u00eb p\u00ebrpunuar ndotjen m\u00eb t\u00eb r\u00ebnd\u00eb, sip\u00ebrfaqet e d\u00ebmtuara, t\u00eb g\u00ebrryera dhe t\u00eb sh\u00ebmtuara prej \u00e7eliku inoks. \u2713 Krijohet nj\u00eb sip\u00ebrfaqe e mir\u00eb optike deri me shk\u00eblqim t\u00eb lart\u00eb.\" \/>\n<meta property=\"og:url\" content=\"https:\/\/www.versiegelung24.com\/sq\/pastrues-celiku-inox-blu1000-per-pastrim-dhe-pergatitje-profesionale-te-siperfaqeve-prej-celiku-inox.html\" \/>\n<meta property=\"og:site_name\" content=\"versiegelung24.com\" \/>\n<meta property=\"article:modified_time\" content=\"2025-03-20T09:01:26+00:00\" \/>\n<meta property=\"og:image\" content=\"https:\/\/www.versiegelung24.com\/wp-content\/uploads\/2020\/04\/produktfoto_edelstahlreiniger.jpg\" \/>\n\t<meta property=\"og:image:width\" content=\"1000\" \/>\n\t<meta property=\"og:image:height\" content=\"1000\" \/>\n\t<meta property=\"og:image:type\" content=\"image\/jpeg\" \/>\n<meta name=\"twitter:card\" content=\"summary_large_image\" \/>\n<meta name=\"twitter:label1\" content=\"Price\" \/>\n\t<meta name=\"twitter:data1\" content=\"49,99&euro;\" \/>\n\t<meta name=\"twitter:label2\" content=\"Availability\" \/>\n\t<meta name=\"twitter:data2\" content=\"In stock\" \/>\n<script type=\"application\/ld+json\" class=\"yoast-schema-graph\">{\"@context\":\"https:\\\/\\\/schema.org\",\"@graph\":[{\"@type\":\"WebPage\",\"@id\":\"https:\\\/\\\/www.versiegelung24.com\\\/sq\\\/pastrues-celiku-inox-blu1000-per-pastrim-dhe-pergatitje-profesionale-te-siperfaqeve-prej-celiku-inox.html\",\"url\":\"https:\\\/\\\/www.versiegelung24.com\\\/sq\\\/pastrues-celiku-inox-blu1000-per-pastrim-dhe-pergatitje-profesionale-te-siperfaqeve-prej-celiku-inox.html\",\"name\":\"Pastrues \u00e7eliku inox BLU1000 - p\u00ebr pastrim dhe p\u00ebrgatitje profesionale t\u00eb sip\u00ebrfaqeve prej \u00e7eliku inox - versiegelung24.com\",\"isPartOf\":{\"@id\":\"https:\\\/\\\/www.versiegelung24.com\\\/sq\\\/#website\"},\"primaryImageOfPage\":{\"@id\":\"https:\\\/\\\/www.versiegelung24.com\\\/sq\\\/pastrues-celiku-inox-blu1000-per-pastrim-dhe-pergatitje-profesionale-te-siperfaqeve-prej-celiku-inox.html#primaryimage\"},\"image\":{\"@id\":\"https:\\\/\\\/www.versiegelung24.com\\\/sq\\\/pastrues-celiku-inox-blu1000-per-pastrim-dhe-pergatitje-profesionale-te-siperfaqeve-prej-celiku-inox.html#primaryimage\"},\"thumbnailUrl\":\"https:\\\/\\\/www.versiegelung24.com\\\/wp-content\\\/uploads\\\/2020\\\/04\\\/produktfoto_edelstahlreiniger.jpg\",\"datePublished\":\"2021-08-02T19:59:44+00:00\",\"dateModified\":\"2025-03-20T09:01:26+00:00\",\"breadcrumb\":{\"@id\":\"https:\\\/\\\/www.versiegelung24.com\\\/sq\\\/pastrues-celiku-inox-blu1000-per-pastrim-dhe-pergatitje-profesionale-te-siperfaqeve-prej-celiku-inox.html#breadcrumb\"},\"inLanguage\":\"sq-AL\",\"potentialAction\":[{\"@type\":\"ReadAction\",\"target\":[\"https:\\\/\\\/www.versiegelung24.com\\\/sq\\\/pastrues-celiku-inox-blu1000-per-pastrim-dhe-pergatitje-profesionale-te-siperfaqeve-prej-celiku-inox.html\"]}]},{\"@type\":\"ImageObject\",\"inLanguage\":\"sq-AL\",\"@id\":\"https:\\\/\\\/www.versiegelung24.com\\\/sq\\\/pastrues-celiku-inox-blu1000-per-pastrim-dhe-pergatitje-profesionale-te-siperfaqeve-prej-celiku-inox.html#primaryimage\",\"url\":\"https:\\\/\\\/www.versiegelung24.com\\\/wp-content\\\/uploads\\\/2020\\\/04\\\/produktfoto_edelstahlreiniger.jpg\",\"contentUrl\":\"https:\\\/\\\/www.versiegelung24.com\\\/wp-content\\\/uploads\\\/2020\\\/04\\\/produktfoto_edelstahlreiniger.jpg\",\"width\":1000,\"height\":1000},{\"@type\":\"BreadcrumbList\",\"@id\":\"https:\\\/\\\/www.versiegelung24.com\\\/sq\\\/pastrues-celiku-inox-blu1000-per-pastrim-dhe-pergatitje-profesionale-te-siperfaqeve-prej-celiku-inox.html#breadcrumb\",\"itemListElement\":[{\"@type\":\"ListItem\",\"position\":1,\"name\":\"Faqja kryesore\",\"item\":\"https:\\\/\\\/www.versiegelung24.com\\\/sq\\\/perpara\\\/\"},{\"@type\":\"ListItem\",\"position\":2,\"name\":\"Dyqan\",\"item\":\"https:\\\/\\\/www.versiegelung24.com\\\/sq\\\/dyqan\\\/\"},{\"@type\":\"ListItem\",\"position\":3,\"name\":\"Pastrues \u00e7eliku inox BLU1000 &#8211; p\u00ebr pastrim dhe p\u00ebrgatitje profesionale t\u00eb sip\u00ebrfaqeve prej \u00e7eliku inox\"}]},{\"@type\":\"WebSite\",\"@id\":\"https:\\\/\\\/www.versiegelung24.com\\\/sq\\\/#website\",\"url\":\"https:\\\/\\\/www.versiegelung24.com\\\/sq\\\/\",\"name\":\"versiegelung24.com\",\"description\":\"Fl\u00fcssigglas-Versiegelung - Made in Germany\",\"publisher\":{\"@id\":\"https:\\\/\\\/www.versiegelung24.com\\\/sq\\\/#organization\"},\"potentialAction\":[{\"@type\":\"SearchAction\",\"target\":{\"@type\":\"EntryPoint\",\"urlTemplate\":\"https:\\\/\\\/www.versiegelung24.com\\\/sq\\\/?s={search_term_string}\"},\"query-input\":{\"@type\":\"PropertyValueSpecification\",\"valueRequired\":true,\"valueName\":\"search_term_string\"}}],\"inLanguage\":\"sq-AL\"},{\"@type\":\"Organization\",\"@id\":\"https:\\\/\\\/www.versiegelung24.com\\\/sq\\\/#organization\",\"name\":\"versiegelung24\",\"url\":\"https:\\\/\\\/www.versiegelung24.com\\\/sq\\\/\",\"logo\":{\"@type\":\"ImageObject\",\"inLanguage\":\"sq-AL\",\"@id\":\"https:\\\/\\\/www.versiegelung24.com\\\/sq\\\/#\\\/schema\\\/logo\\\/image\\\/\",\"url\":\"https:\\\/\\\/www.versiegelung24.com\\\/wp-content\\\/uploads\\\/2020\\\/04\\\/versiegelung24.png\",\"contentUrl\":\"https:\\\/\\\/www.versiegelung24.com\\\/wp-content\\\/uploads\\\/2020\\\/04\\\/versiegelung24.png\",\"width\":470,\"height\":102,\"caption\":\"versiegelung24\"},\"image\":{\"@id\":\"https:\\\/\\\/www.versiegelung24.com\\\/sq\\\/#\\\/schema\\\/logo\\\/image\\\/\"}}]}<\/script>\n<meta property=\"product:price:amount\" content=\"49.99\" \/>\n<meta property=\"product:price:currency\" content=\"EUR\" \/>\n<meta property=\"og:availability\" content=\"instock\" \/>\n<meta property=\"product:availability\" content=\"instock\" \/>\n<meta property=\"product:retailer_item_id\" content=\"9001-BLU1000\" \/>\n<meta property=\"product:condition\" content=\"new\" \/>\n<!-- \/ Yoast SEO Premium plugin. -->","yoast_head_json":{"title":"Pastrues \u00e7eliku inox BLU1000 - p\u00ebr pastrim dhe p\u00ebrgatitje profesionale t\u00eb sip\u00ebrfaqeve prej \u00e7eliku inox - versiegelung24.com","robots":{"index":"index","follow":"follow","max-snippet":"max-snippet:-1","max-image-preview":"max-image-preview:large","max-video-preview":"max-video-preview:-1"},"canonical":"https:\/\/www.versiegelung24.com\/sq\/pastrues-celiku-inox-blu1000-per-pastrim-dhe-pergatitje-profesionale-te-siperfaqeve-prej-celiku-inox.html","og_locale":"sq_AL","og_type":"article","og_title":"Pastrues \u00e7eliku inox BLU1000 - p\u00ebr pastrim dhe p\u00ebrgatitje profesionale t\u00eb sip\u00ebrfaqeve prej \u00e7eliku inox","og_description":"Produkti p\u00ebrmban: \u2713 Agjent\u00eb pastrimi dhe aditiv\u00eb shum\u00eb aktiv\u00eb p\u00ebr t\u00eb p\u00ebrpunuar ndotjen m\u00eb t\u00eb r\u00ebnd\u00eb, sip\u00ebrfaqet e d\u00ebmtuara, t\u00eb g\u00ebrryera dhe t\u00eb sh\u00ebmtuara prej \u00e7eliku inoks. \u2713 Krijohet nj\u00eb sip\u00ebrfaqe e mir\u00eb optike deri me shk\u00eblqim t\u00eb lart\u00eb.","og_url":"https:\/\/www.versiegelung24.com\/sq\/pastrues-celiku-inox-blu1000-per-pastrim-dhe-pergatitje-profesionale-te-siperfaqeve-prej-celiku-inox.html","og_site_name":"versiegelung24.com","article_modified_time":"2025-03-20T09:01:26+00:00","og_image":[{"width":1000,"height":1000,"url":"https:\/\/www.versiegelung24.com\/wp-content\/uploads\/2020\/04\/produktfoto_edelstahlreiniger.jpg","type":"image\/jpeg"}],"twitter_card":"summary_large_image","twitter_misc":{"Price":"49,99&euro;","Availability":"In stock"},"schema":{"@context":"https:\/\/schema.org","@graph":[{"@type":"WebPage","@id":"https:\/\/www.versiegelung24.com\/sq\/pastrues-celiku-inox-blu1000-per-pastrim-dhe-pergatitje-profesionale-te-siperfaqeve-prej-celiku-inox.html","url":"https:\/\/www.versiegelung24.com\/sq\/pastrues-celiku-inox-blu1000-per-pastrim-dhe-pergatitje-profesionale-te-siperfaqeve-prej-celiku-inox.html","name":"Pastrues \u00e7eliku inox BLU1000 - p\u00ebr pastrim dhe p\u00ebrgatitje profesionale t\u00eb sip\u00ebrfaqeve prej \u00e7eliku inox - versiegelung24.com","isPartOf":{"@id":"https:\/\/www.versiegelung24.com\/sq\/#website"},"primaryImageOfPage":{"@id":"https:\/\/www.versiegelung24.com\/sq\/pastrues-celiku-inox-blu1000-per-pastrim-dhe-pergatitje-profesionale-te-siperfaqeve-prej-celiku-inox.html#primaryimage"},"image":{"@id":"https:\/\/www.versiegelung24.com\/sq\/pastrues-celiku-inox-blu1000-per-pastrim-dhe-pergatitje-profesionale-te-siperfaqeve-prej-celiku-inox.html#primaryimage"},"thumbnailUrl":"https:\/\/www.versiegelung24.com\/wp-content\/uploads\/2020\/04\/produktfoto_edelstahlreiniger.jpg","datePublished":"2021-08-02T19:59:44+00:00","dateModified":"2025-03-20T09:01:26+00:00","breadcrumb":{"@id":"https:\/\/www.versiegelung24.com\/sq\/pastrues-celiku-inox-blu1000-per-pastrim-dhe-pergatitje-profesionale-te-siperfaqeve-prej-celiku-inox.html#breadcrumb"},"inLanguage":"sq-AL","potentialAction":[{"@type":"ReadAction","target":["https:\/\/www.versiegelung24.com\/sq\/pastrues-celiku-inox-blu1000-per-pastrim-dhe-pergatitje-profesionale-te-siperfaqeve-prej-celiku-inox.html"]}]},{"@type":"ImageObject","inLanguage":"sq-AL","@id":"https:\/\/www.versiegelung24.com\/sq\/pastrues-celiku-inox-blu1000-per-pastrim-dhe-pergatitje-profesionale-te-siperfaqeve-prej-celiku-inox.html#primaryimage","url":"https:\/\/www.versiegelung24.com\/wp-content\/uploads\/2020\/04\/produktfoto_edelstahlreiniger.jpg","contentUrl":"https:\/\/www.versiegelung24.com\/wp-content\/uploads\/2020\/04\/produktfoto_edelstahlreiniger.jpg","width":1000,"height":1000},{"@type":"BreadcrumbList","@id":"https:\/\/www.versiegelung24.com\/sq\/pastrues-celiku-inox-blu1000-per-pastrim-dhe-pergatitje-profesionale-te-siperfaqeve-prej-celiku-inox.html#breadcrumb","itemListElement":[{"@type":"ListItem","position":1,"name":"Faqja kryesore","item":"https:\/\/www.versiegelung24.com\/sq\/perpara\/"},{"@type":"ListItem","position":2,"name":"Dyqan","item":"https:\/\/www.versiegelung24.com\/sq\/dyqan\/"},{"@type":"ListItem","position":3,"name":"Pastrues \u00e7eliku inox BLU1000 &#8211; p\u00ebr pastrim dhe p\u00ebrgatitje profesionale t\u00eb sip\u00ebrfaqeve prej \u00e7eliku inox"}]},{"@type":"WebSite","@id":"https:\/\/www.versiegelung24.com\/sq\/#website","url":"https:\/\/www.versiegelung24.com\/sq\/","name":"versiegelung24.com","description":"Fl\u00fcssigglas-Versiegelung - Made in Germany","publisher":{"@id":"https:\/\/www.versiegelung24.com\/sq\/#organization"},"potentialAction":[{"@type":"SearchAction","target":{"@type":"EntryPoint","urlTemplate":"https:\/\/www.versiegelung24.com\/sq\/?s={search_term_string}"},"query-input":{"@type":"PropertyValueSpecification","valueRequired":true,"valueName":"search_term_string"}}],"inLanguage":"sq-AL"},{"@type":"Organization","@id":"https:\/\/www.versiegelung24.com\/sq\/#organization","name":"versiegelung24","url":"https:\/\/www.versiegelung24.com\/sq\/","logo":{"@type":"ImageObject","inLanguage":"sq-AL","@id":"https:\/\/www.versiegelung24.com\/sq\/#\/schema\/logo\/image\/","url":"https:\/\/www.versiegelung24.com\/wp-content\/uploads\/2020\/04\/versiegelung24.png","contentUrl":"https:\/\/www.versiegelung24.com\/wp-content\/uploads\/2020\/04\/versiegelung24.png","width":470,"height":102,"caption":"versiegelung24"},"image":{"@id":"https:\/\/www.versiegelung24.com\/sq\/#\/schema\/logo\/image\/"}}]},"product_price_amount":"49.99","product_price_currency":"EUR","og_availability":"instock","product_availability":"instock","product_retailer_item_id":"9001-BLU1000","product_condition":"new"},"_links":{"self":[{"href":"https:\/\/www.versiegelung24.com\/sq\/wp-json\/wp\/v2\/product\/23742","targetHints":{"allow":["GET"]}}],"collection":[{"href":"https:\/\/www.versiegelung24.com\/sq\/wp-json\/wp\/v2\/product"}],"about":[{"href":"https:\/\/www.versiegelung24.com\/sq\/wp-json\/wp\/v2\/types\/product"}],"version-history":[{"count":14,"href":"https:\/\/www.versiegelung24.com\/sq\/wp-json\/wp\/v2\/product\/23742\/revisions"}],"predecessor-version":[{"id":181080,"href":"https:\/\/www.versiegelung24.com\/sq\/wp-json\/wp\/v2\/product\/23742\/revisions\/181080"}],"wp:featuredmedia":[{"embeddable":true,"href":"https:\/\/www.versiegelung24.com\/sq\/wp-json\/wp\/v2\/media\/13200"}],"wp:attachment":[{"href":"https:\/\/www.versiegelung24.com\/sq\/wp-json\/wp\/v2\/media?parent=23742"}],"wp:term":[{"taxonomy":"product_brand","embeddable":true,"href":"https:\/\/www.versiegelung24.com\/sq\/wp-json\/wp\/v2\/product_brand?post=23742"},{"taxonomy":"product_cat","embeddable":true,"href":"https:\/\/www.versiegelung24.com\/sq\/wp-json\/wp\/v2\/product_cat?post=23742"},{"taxonomy":"product_tag","embeddable":true,"href":"https:\/\/www.versiegelung24.com\/sq\/wp-json\/wp\/v2\/product_tag?post=23742"}],"curies":[{"name":"wp","href":"https:\/\/api.w.org\/{rel}","templated":true}]}}