{"id":23829,"date":"2020-04-04T18:53:46","date_gmt":"2021-08-02T20:06:27","guid":{"rendered":"https:\/\/www.versiegelung24.com\/produkt\/pelhure-mikrofibre-30x30cm-per-pastrim-paraprak-ose-lustrim"},"modified":"2025-01-04T00:12:20","modified_gmt":"2025-01-03T23:12:20","slug":"lecke-mikrofibre-30x30cm-per-para-pastrim-ose-lustrim","status":"publish","type":"product","link":"https:\/\/www.versiegelung24.com\/sq\/lecke-mikrofibre-30x30cm-per-para-pastrim-ose-lustrim.html","title":{"rendered":"P\u00eblhur\u00eb me mikrofib\u00ebr 30x30cm p\u00ebr parapastrim ose lustrim"},"content":{"rendered":"\n<p>P\u00eblhur\u00eb me mikrofib\u00ebr p\u00ebr pastrim paraprak ose lustrim p\u00ebrfundimtar.<\/p>\n\n<p>P\u00ebr shkak t\u00eb absorbueshm\u00ebris\u00eb s\u00eb lart\u00eb, ne rekomandojm\u00eb gjithashtu <a href=\"https:\/\/www.versiegelung24.com\/applikationstuch-20x20cm.html\">p\u00eblhur\u00ebn me mikrofib\u00ebr p\u00ebr aplikimin e ngjit\u00ebsve tan\u00eb t\u00eb l\u00ebngsh\u00ebm t\u00eb xhamit<\/a><\/p>\n\n<p>Ne rekomandojm\u00eb p\u00ebrdorimin e nj\u00eb leck\u00eb t\u00eb ve\u00e7ant\u00eb mikrofib\u00ebr p\u00ebr \u00e7do hap t\u00eb aplikimit t\u00eb ngjit\u00ebsve dhe impregnimeve tona sip\u00ebrfaq\u00ebsore.<\/p>\n\n<p>Materiali \u00ebsht\u00eb i rip\u00ebrdorsh\u00ebm dhe p\u00ebr k\u00ebt\u00eb arsye shum\u00eb miq\u00ebsor ndaj mjedisit. Leht\u00eb p\u00ebr t&#8217;u lar\u00eb n\u00eb lavatri\u00e7e pa detergjent.<\/p>\n\n<hr\/>\n\n<h4 class=\"wp-block-heading\" id=\"properties\">Karakteristikat e produktit<\/h4>\n\n<div class=\"wp-block-columns is-layout-flex wp-container-core-columns-is-layout-9d6595d7 wp-block-columns-is-layout-flex\">\n<div class=\"wp-block-column is-layout-flow wp-block-column-is-layout-flow\">\n<p>P\u00ebrb\u00ebrja: 80% poliest\u00ebr, 20% poliamide<br\/> P\u00ebrmasat: 30 x 30 cm<br\/> Ngjyra: blu ose e bardh\u00eb (ju lutem zgjidhni)<\/p>\n<\/div>\n\n\n\n<div class=\"wp-block-column is-layout-flow wp-block-column-is-layout-flow\">\n<p>Cil\u00ebsi e lart\u00eb me nj\u00eb pesh\u00eb t\u00eb that\u00eb prej 280 g\/m\u00b2.<\/p>\n<\/div>\n<\/div>\n\n<hr\/>\n\n<h4 class=\"wp-block-heading\" id=\"application\">Aplikacion<\/h4>\n\n<p>Universalisht i p\u00ebrdorsh\u00ebm brenda dhe jasht\u00eb. Madh\u00ebsia optimale p\u00ebr pastrimin e xhamit, qeramik\u00ebs, varkave, makinave dhe RV-ve.<\/p>\n\n<p>Pastrim pa garz\u00eb, pa g\u00ebrvishtje dhe tharje t\u00eb shpejt\u00eb. Grimcat e papast\u00ebrtive dhe pluhurit thithen pothuajse pa l\u00ebn\u00eb mbetje.<\/p>\n\n<hr\/>\n\n<h4 class=\"wp-block-heading\" id=\"advisor\">k\u00ebshilltar<\/h4>\n\n<p><strong>Shum\u00eb nga klient\u00ebt tan\u00eb preferojn\u00eb p\u00eblhurat tona t\u00eb bardha me mikrofib\u00ebr<\/strong> &#8211; n\u00ebse papast\u00ebrtia mbetet ende n\u00eb leck\u00eb pas pastrimit, sip\u00ebrfaqja ende nuk \u00ebsht\u00eb pastruar plot\u00ebsisht dhe n\u00eb m\u00ebnyr\u00eb optimale. Nj\u00eb efekt i mir\u00eb izolimi mund t\u00eb arrihet vet\u00ebm n\u00ebse nuk ka m\u00eb papast\u00ebrti n\u00eb sip\u00ebrfaqe.<\/p>\n","protected":false},"excerpt":{"rendered":"<p><strong>P\u00eblhur\u00eb me mikrofib\u00ebr p\u00ebr pastrim paraprak ose lustrim p\u00ebrfundimtar:<\/strong><\/p>\n<p>\u2713 I rip\u00ebrdorsh\u00ebm<\/p>\n<p>\u2713 Miq\u00ebsore ndaj mjedisit<\/p>\n<p>\u2713 Jasht\u00ebzakonisht absorbues<\/p>\n<p>\u2713 Tharje t\u00eb shpejt\u00eb<\/p>\n<p>\u2713 Pa garz\u00eb<\/p>\n<p>\u2713 Pa g\u00ebrvishtje<\/p>\n<p>\u2713 80% poliester \/ 20% poliamide  <\/p>\n<p>\u2713 Pesha e that\u00eb 280g\/m2<\/p>\n","protected":false},"featured_media":16590,"template":"","meta":{"_acf_changed":false,"neve_meta_sidebar":"","neve_meta_container":"","neve_meta_enable_content_width":"","neve_meta_content_width":0,"neve_meta_title_alignment":"","neve_meta_author_avatar":"","neve_post_elements_order":"","neve_meta_disable_header":"","neve_meta_disable_footer":"","neve_meta_disable_title":"","neve_meta_reading_time":"","_surfaces":[],"_ver_product_tabs":[],"footnotes":""},"product_brand":[],"product_cat":[2758,2172,3065,2232,2233,2234,2393,2395,2399,2473],"product_tag":[],"class_list":{"0":"post-23829","1":"product","2":"type-product","3":"status-publish","4":"has-post-thumbnail","6":"product_cat-dezinfektues-duarsh","7":"product_cat-vulosja-e-makinave","8":"product_cat-pajisje","9":"product_cat-dezinfektues","10":"product_cat-dezinfektues-te-siperfaqes","11":"product_cat-koncentrate-dezinfektuese","12":"product_cat-vulosje-per-qelq-dhe-qeramike","13":"product_cat-vulosje-metalike-dhe-plastike","14":"product_cat-pajisje-pastrimi","15":"product_cat-vula-universale","16":"pa_farbe-e-bardhe","17":"pa_farbe-blu","19":"first","20":"instock","21":"taxable","22":"shipping-taxable","23":"purchasable","24":"product-type-variable","25":"has-default-attributes"},"acf":[],"yoast_head":"<!-- This site is optimized with the Yoast SEO Premium plugin v22.8 (Yoast SEO v27.5) - https:\/\/yoast.com\/product\/yoast-seo-premium-wordpress\/ -->\n<title>P\u00eblhur\u00eb me mikrofib\u00ebr 30x30cm p\u00ebr parapastrim ose lustrim - versiegelung24.com<\/title>\n<meta name=\"robots\" content=\"index, follow, max-snippet:-1, max-image-preview:large, max-video-preview:-1\" \/>\n<link rel=\"canonical\" href=\"https:\/\/www.versiegelung24.com\/sq\/lecke-mikrofibre-30x30cm-per-para-pastrim-ose-lustrim.html\" \/>\n<meta property=\"og:locale\" content=\"sq_AL\" \/>\n<meta property=\"og:type\" content=\"article\" \/>\n<meta property=\"og:title\" content=\"P\u00eblhur\u00eb me mikrofib\u00ebr 30x30cm p\u00ebr parapastrim ose lustrim\" \/>\n<meta property=\"og:description\" content=\"P\u00eblhur\u00eb me mikrofib\u00ebr p\u00ebr pastrim paraprak ose lustrim p\u00ebrfundimtar: \u2713 I rip\u00ebrdorsh\u00ebm \u2713 Miq\u00ebsore ndaj mjedisit \u2713 Jasht\u00ebzakonisht absorbues \u2713 Tharje t\u00eb shpejt\u00eb \u2713 Pa garz\u00eb \u2713 Pa g\u00ebrvishtje \u2713 80% poliester \/ 20% poliamide  \u2713 Pesha e that\u00eb 280g\/m2\" \/>\n<meta property=\"og:url\" content=\"https:\/\/www.versiegelung24.com\/sq\/lecke-mikrofibre-30x30cm-per-para-pastrim-ose-lustrim.html\" \/>\n<meta property=\"og:site_name\" content=\"versiegelung24.com\" \/>\n<meta property=\"article:modified_time\" content=\"2025-01-03T23:12:20+00:00\" \/>\n<meta property=\"og:image\" content=\"https:\/\/www.versiegelung24.com\/wp-content\/uploads\/2020\/06\/mikrofasertuch-weiss_2.png\" \/>\n\t<meta property=\"og:image:width\" content=\"650\" \/>\n\t<meta property=\"og:image:height\" content=\"650\" \/>\n\t<meta property=\"og:image:type\" content=\"image\/png\" \/>\n<meta name=\"twitter:card\" content=\"summary_large_image\" \/>\n<meta name=\"twitter:label1\" content=\"Availability\" \/>\n\t<meta name=\"twitter:data1\" content=\"In stock\" \/>\n<script type=\"application\/ld+json\" class=\"yoast-schema-graph\">{\"@context\":\"https:\\\/\\\/schema.org\",\"@graph\":[{\"@type\":\"WebPage\",\"@id\":\"https:\\\/\\\/www.versiegelung24.com\\\/sq\\\/lecke-mikrofibre-30x30cm-per-para-pastrim-ose-lustrim.html\",\"url\":\"https:\\\/\\\/www.versiegelung24.com\\\/sq\\\/lecke-mikrofibre-30x30cm-per-para-pastrim-ose-lustrim.html\",\"name\":\"P\u00eblhur\u00eb me mikrofib\u00ebr 30x30cm p\u00ebr parapastrim ose lustrim - versiegelung24.com\",\"isPartOf\":{\"@id\":\"https:\\\/\\\/www.versiegelung24.com\\\/sq\\\/#website\"},\"primaryImageOfPage\":{\"@id\":\"https:\\\/\\\/www.versiegelung24.com\\\/sq\\\/lecke-mikrofibre-30x30cm-per-para-pastrim-ose-lustrim.html#primaryimage\"},\"image\":{\"@id\":\"https:\\\/\\\/www.versiegelung24.com\\\/sq\\\/lecke-mikrofibre-30x30cm-per-para-pastrim-ose-lustrim.html#primaryimage\"},\"thumbnailUrl\":\"https:\\\/\\\/www.versiegelung24.com\\\/wp-content\\\/uploads\\\/2020\\\/06\\\/mikrofasertuch-weiss_2.png\",\"datePublished\":\"2021-08-02T20:06:27+00:00\",\"dateModified\":\"2025-01-03T23:12:20+00:00\",\"breadcrumb\":{\"@id\":\"https:\\\/\\\/www.versiegelung24.com\\\/sq\\\/lecke-mikrofibre-30x30cm-per-para-pastrim-ose-lustrim.html#breadcrumb\"},\"inLanguage\":\"sq-AL\",\"potentialAction\":[{\"@type\":\"ReadAction\",\"target\":[\"https:\\\/\\\/www.versiegelung24.com\\\/sq\\\/lecke-mikrofibre-30x30cm-per-para-pastrim-ose-lustrim.html\"]}]},{\"@type\":\"ImageObject\",\"inLanguage\":\"sq-AL\",\"@id\":\"https:\\\/\\\/www.versiegelung24.com\\\/sq\\\/lecke-mikrofibre-30x30cm-per-para-pastrim-ose-lustrim.html#primaryimage\",\"url\":\"https:\\\/\\\/www.versiegelung24.com\\\/wp-content\\\/uploads\\\/2020\\\/06\\\/mikrofasertuch-weiss_2.png\",\"contentUrl\":\"https:\\\/\\\/www.versiegelung24.com\\\/wp-content\\\/uploads\\\/2020\\\/06\\\/mikrofasertuch-weiss_2.png\",\"width\":650,\"height\":650},{\"@type\":\"BreadcrumbList\",\"@id\":\"https:\\\/\\\/www.versiegelung24.com\\\/sq\\\/lecke-mikrofibre-30x30cm-per-para-pastrim-ose-lustrim.html#breadcrumb\",\"itemListElement\":[{\"@type\":\"ListItem\",\"position\":1,\"name\":\"Faqja kryesore\",\"item\":\"https:\\\/\\\/www.versiegelung24.com\\\/sq\\\/perpara\\\/\"},{\"@type\":\"ListItem\",\"position\":2,\"name\":\"Dyqan\",\"item\":\"https:\\\/\\\/www.versiegelung24.com\\\/sq\\\/dyqan\\\/\"},{\"@type\":\"ListItem\",\"position\":3,\"name\":\"P\u00eblhur\u00eb me mikrofib\u00ebr 30x30cm p\u00ebr parapastrim ose lustrim\"}]},{\"@type\":\"WebSite\",\"@id\":\"https:\\\/\\\/www.versiegelung24.com\\\/sq\\\/#website\",\"url\":\"https:\\\/\\\/www.versiegelung24.com\\\/sq\\\/\",\"name\":\"versiegelung24.com\",\"description\":\"Fl\u00fcssigglas-Versiegelung - Made in Germany\",\"publisher\":{\"@id\":\"https:\\\/\\\/www.versiegelung24.com\\\/sq\\\/#organization\"},\"potentialAction\":[{\"@type\":\"SearchAction\",\"target\":{\"@type\":\"EntryPoint\",\"urlTemplate\":\"https:\\\/\\\/www.versiegelung24.com\\\/sq\\\/?s={search_term_string}\"},\"query-input\":{\"@type\":\"PropertyValueSpecification\",\"valueRequired\":true,\"valueName\":\"search_term_string\"}}],\"inLanguage\":\"sq-AL\"},{\"@type\":\"Organization\",\"@id\":\"https:\\\/\\\/www.versiegelung24.com\\\/sq\\\/#organization\",\"name\":\"versiegelung24\",\"url\":\"https:\\\/\\\/www.versiegelung24.com\\\/sq\\\/\",\"logo\":{\"@type\":\"ImageObject\",\"inLanguage\":\"sq-AL\",\"@id\":\"https:\\\/\\\/www.versiegelung24.com\\\/sq\\\/#\\\/schema\\\/logo\\\/image\\\/\",\"url\":\"https:\\\/\\\/www.versiegelung24.com\\\/wp-content\\\/uploads\\\/2020\\\/04\\\/versiegelung24.png\",\"contentUrl\":\"https:\\\/\\\/www.versiegelung24.com\\\/wp-content\\\/uploads\\\/2020\\\/04\\\/versiegelung24.png\",\"width\":470,\"height\":102,\"caption\":\"versiegelung24\"},\"image\":{\"@id\":\"https:\\\/\\\/www.versiegelung24.com\\\/sq\\\/#\\\/schema\\\/logo\\\/image\\\/\"}}]}<\/script>\n<meta property=\"og:availability\" content=\"instock\" \/>\n<meta property=\"product:availability\" content=\"instock\" \/>\n<meta property=\"product:retailer_item_id\" content=\"9002-1\" \/>\n<meta property=\"product:condition\" content=\"new\" \/>\n<!-- \/ Yoast SEO Premium plugin. -->","yoast_head_json":{"title":"P\u00eblhur\u00eb me mikrofib\u00ebr 30x30cm p\u00ebr parapastrim ose lustrim - versiegelung24.com","robots":{"index":"index","follow":"follow","max-snippet":"max-snippet:-1","max-image-preview":"max-image-preview:large","max-video-preview":"max-video-preview:-1"},"canonical":"https:\/\/www.versiegelung24.com\/sq\/lecke-mikrofibre-30x30cm-per-para-pastrim-ose-lustrim.html","og_locale":"sq_AL","og_type":"article","og_title":"P\u00eblhur\u00eb me mikrofib\u00ebr 30x30cm p\u00ebr parapastrim ose lustrim","og_description":"P\u00eblhur\u00eb me mikrofib\u00ebr p\u00ebr pastrim paraprak ose lustrim p\u00ebrfundimtar: \u2713 I rip\u00ebrdorsh\u00ebm \u2713 Miq\u00ebsore ndaj mjedisit \u2713 Jasht\u00ebzakonisht absorbues \u2713 Tharje t\u00eb shpejt\u00eb \u2713 Pa garz\u00eb \u2713 Pa g\u00ebrvishtje \u2713 80% poliester \/ 20% poliamide  \u2713 Pesha e that\u00eb 280g\/m2","og_url":"https:\/\/www.versiegelung24.com\/sq\/lecke-mikrofibre-30x30cm-per-para-pastrim-ose-lustrim.html","og_site_name":"versiegelung24.com","article_modified_time":"2025-01-03T23:12:20+00:00","og_image":[{"width":650,"height":650,"url":"https:\/\/www.versiegelung24.com\/wp-content\/uploads\/2020\/06\/mikrofasertuch-weiss_2.png","type":"image\/png"}],"twitter_card":"summary_large_image","twitter_misc":{"Availability":"In stock"},"schema":{"@context":"https:\/\/schema.org","@graph":[{"@type":"WebPage","@id":"https:\/\/www.versiegelung24.com\/sq\/lecke-mikrofibre-30x30cm-per-para-pastrim-ose-lustrim.html","url":"https:\/\/www.versiegelung24.com\/sq\/lecke-mikrofibre-30x30cm-per-para-pastrim-ose-lustrim.html","name":"P\u00eblhur\u00eb me mikrofib\u00ebr 30x30cm p\u00ebr parapastrim ose lustrim - versiegelung24.com","isPartOf":{"@id":"https:\/\/www.versiegelung24.com\/sq\/#website"},"primaryImageOfPage":{"@id":"https:\/\/www.versiegelung24.com\/sq\/lecke-mikrofibre-30x30cm-per-para-pastrim-ose-lustrim.html#primaryimage"},"image":{"@id":"https:\/\/www.versiegelung24.com\/sq\/lecke-mikrofibre-30x30cm-per-para-pastrim-ose-lustrim.html#primaryimage"},"thumbnailUrl":"https:\/\/www.versiegelung24.com\/wp-content\/uploads\/2020\/06\/mikrofasertuch-weiss_2.png","datePublished":"2021-08-02T20:06:27+00:00","dateModified":"2025-01-03T23:12:20+00:00","breadcrumb":{"@id":"https:\/\/www.versiegelung24.com\/sq\/lecke-mikrofibre-30x30cm-per-para-pastrim-ose-lustrim.html#breadcrumb"},"inLanguage":"sq-AL","potentialAction":[{"@type":"ReadAction","target":["https:\/\/www.versiegelung24.com\/sq\/lecke-mikrofibre-30x30cm-per-para-pastrim-ose-lustrim.html"]}]},{"@type":"ImageObject","inLanguage":"sq-AL","@id":"https:\/\/www.versiegelung24.com\/sq\/lecke-mikrofibre-30x30cm-per-para-pastrim-ose-lustrim.html#primaryimage","url":"https:\/\/www.versiegelung24.com\/wp-content\/uploads\/2020\/06\/mikrofasertuch-weiss_2.png","contentUrl":"https:\/\/www.versiegelung24.com\/wp-content\/uploads\/2020\/06\/mikrofasertuch-weiss_2.png","width":650,"height":650},{"@type":"BreadcrumbList","@id":"https:\/\/www.versiegelung24.com\/sq\/lecke-mikrofibre-30x30cm-per-para-pastrim-ose-lustrim.html#breadcrumb","itemListElement":[{"@type":"ListItem","position":1,"name":"Faqja kryesore","item":"https:\/\/www.versiegelung24.com\/sq\/perpara\/"},{"@type":"ListItem","position":2,"name":"Dyqan","item":"https:\/\/www.versiegelung24.com\/sq\/dyqan\/"},{"@type":"ListItem","position":3,"name":"P\u00eblhur\u00eb me mikrofib\u00ebr 30x30cm p\u00ebr parapastrim ose lustrim"}]},{"@type":"WebSite","@id":"https:\/\/www.versiegelung24.com\/sq\/#website","url":"https:\/\/www.versiegelung24.com\/sq\/","name":"versiegelung24.com","description":"Fl\u00fcssigglas-Versiegelung - Made in Germany","publisher":{"@id":"https:\/\/www.versiegelung24.com\/sq\/#organization"},"potentialAction":[{"@type":"SearchAction","target":{"@type":"EntryPoint","urlTemplate":"https:\/\/www.versiegelung24.com\/sq\/?s={search_term_string}"},"query-input":{"@type":"PropertyValueSpecification","valueRequired":true,"valueName":"search_term_string"}}],"inLanguage":"sq-AL"},{"@type":"Organization","@id":"https:\/\/www.versiegelung24.com\/sq\/#organization","name":"versiegelung24","url":"https:\/\/www.versiegelung24.com\/sq\/","logo":{"@type":"ImageObject","inLanguage":"sq-AL","@id":"https:\/\/www.versiegelung24.com\/sq\/#\/schema\/logo\/image\/","url":"https:\/\/www.versiegelung24.com\/wp-content\/uploads\/2020\/04\/versiegelung24.png","contentUrl":"https:\/\/www.versiegelung24.com\/wp-content\/uploads\/2020\/04\/versiegelung24.png","width":470,"height":102,"caption":"versiegelung24"},"image":{"@id":"https:\/\/www.versiegelung24.com\/sq\/#\/schema\/logo\/image\/"}}]},"og_availability":"instock","product_availability":"instock","product_retailer_item_id":"9002-1","product_condition":"new"},"_links":{"self":[{"href":"https:\/\/www.versiegelung24.com\/sq\/wp-json\/wp\/v2\/product\/23829","targetHints":{"allow":["GET"]}}],"collection":[{"href":"https:\/\/www.versiegelung24.com\/sq\/wp-json\/wp\/v2\/product"}],"about":[{"href":"https:\/\/www.versiegelung24.com\/sq\/wp-json\/wp\/v2\/types\/product"}],"version-history":[{"count":17,"href":"https:\/\/www.versiegelung24.com\/sq\/wp-json\/wp\/v2\/product\/23829\/revisions"}],"predecessor-version":[{"id":177873,"href":"https:\/\/www.versiegelung24.com\/sq\/wp-json\/wp\/v2\/product\/23829\/revisions\/177873"}],"wp:featuredmedia":[{"embeddable":true,"href":"https:\/\/www.versiegelung24.com\/sq\/wp-json\/wp\/v2\/media\/16590"}],"wp:attachment":[{"href":"https:\/\/www.versiegelung24.com\/sq\/wp-json\/wp\/v2\/media?parent=23829"}],"wp:term":[{"taxonomy":"product_brand","embeddable":true,"href":"https:\/\/www.versiegelung24.com\/sq\/wp-json\/wp\/v2\/product_brand?post=23829"},{"taxonomy":"product_cat","embeddable":true,"href":"https:\/\/www.versiegelung24.com\/sq\/wp-json\/wp\/v2\/product_cat?post=23829"},{"taxonomy":"product_tag","embeddable":true,"href":"https:\/\/www.versiegelung24.com\/sq\/wp-json\/wp\/v2\/product_tag?post=23829"}],"curies":[{"name":"wp","href":"https:\/\/api.w.org\/{rel}","templated":true}]}}