{"id":23885,"date":"2020-04-27T22:30:06","date_gmt":"2020-04-27T20:30:06","guid":{"rendered":"https:\/\/www.versiegelung24.com\/produkt\/modeli-vulosje-profesionale-e-gurit-me-efekt-thellesie"},"modified":"2025-01-04T00:04:36","modified_gmt":"2025-01-03T23:04:36","slug":"model-profesional-guri-vulosje-me-thellesi-efekt","status":"publish","type":"product","link":"https:\/\/www.versiegelung24.com\/sq\/model-profesional-guri-vulosje-me-thellesi-efekt.html","title":{"rendered":"Shembull: Vulosje profesionale me gur\u00eb me efekt thell\u00ebsie &#8211; 3000-7620"},"content":{"rendered":"<p>Mostra jon\u00eb&nbsp; <a href=\"https:\/\/www.versiegelung24.com\/sq\/vulosja-e-gurit-me-efekt-afatgjate-dhe-te-thelle.html\">Vulosje me gur\u00eb<\/a> p\u00ebr aplikim prov\u00eb ose vulosje t\u00eb zonave m\u00eb t\u00eb vogla.<\/p>\n","protected":false},"excerpt":{"rendered":"<p>  <strong>P\u00ebr t\u00eb gjitha sip\u00ebrfaqet e gurit mineral brenda dhe jasht\u00eb<\/strong><\/p>\n<p>\u2713 Nano-veshje rezistente ndaj ujit dhe g\u00ebrryerjes<\/p>\n<p>\u2713 Efekt i leht\u00eb p\u00ebr t&#8217;u pastruar: papast\u00ebrtit\u00eb nuk ngjiten dhe mund t\u00eb hiqen leht\u00ebsisht<\/p>\n<p>\u2713 Absolutisht i paduksh\u00ebm: Nuk ka ndryshim n\u00eb pamjen dhe ndjesin\u00eb e sip\u00ebrfaqes<\/p>\n<p>\u2713 Sip\u00ebrfaqja mbetet e frym\u00ebmarrjes<\/p>\n<p>\u2713 Parandalon rritjen e myshkut, likenit, k\u00ebrpudhave dhe formimin e rritjes s\u00eb gjelb\u00ebr<\/p>\n","protected":false},"featured_media":14600,"template":"","meta":{"_acf_changed":false,"neve_meta_sidebar":"","neve_meta_container":"","neve_meta_enable_content_width":"","neve_meta_content_width":0,"neve_meta_title_alignment":"","neve_meta_author_avatar":"","neve_post_elements_order":"","neve_meta_disable_header":"","neve_meta_disable_footer":"","neve_meta_disable_title":"","neve_meta_reading_time":"","_surfaces":[],"_ver_product_tabs":[],"footnotes":""},"product_brand":[],"product_cat":[2631],"product_tag":[],"class_list":{"0":"post-23885","1":"product","2":"type-product","3":"status-publish","4":"has-post-thumbnail","6":"product_cat-shabllon","7":"pa_gebinde-shishe-50-ml","8":"pa_gebinde-shishe-100-ml","10":"first","11":"instock","12":"sold-individually","13":"taxable","14":"shipping-taxable","15":"purchasable","16":"product-type-simple"},"acf":[],"yoast_head":"<!-- This site is optimized with the Yoast SEO Premium plugin v22.8 (Yoast SEO v27.3) - https:\/\/yoast.com\/product\/yoast-seo-premium-wordpress\/ -->\n<title>Shembull: Vulosje profesionale me gur\u00eb me efekt thell\u00ebsie - 3000-7620 - versiegelung24.com<\/title>\n<meta name=\"robots\" content=\"index, follow, max-snippet:-1, max-image-preview:large, max-video-preview:-1\" \/>\n<link rel=\"canonical\" href=\"https:\/\/www.versiegelung24.com\/sq\/model-profesional-guri-vulosje-me-thellesi-efekt.html\" \/>\n<meta property=\"og:locale\" content=\"sq_AL\" \/>\n<meta property=\"og:type\" content=\"article\" \/>\n<meta property=\"og:title\" content=\"Shembull: Vulosje profesionale me gur\u00eb me efekt thell\u00ebsie - 3000-7620\" \/>\n<meta property=\"og:description\" content=\"P\u00ebr t\u00eb gjitha sip\u00ebrfaqet e gurit mineral brenda dhe jasht\u00eb \u2713 Nano-veshje rezistente ndaj ujit dhe g\u00ebrryerjes \u2713 Efekt i leht\u00eb p\u00ebr t&#039;u pastruar: papast\u00ebrtit\u00eb nuk ngjiten dhe mund t\u00eb hiqen leht\u00ebsisht \u2713 Absolutisht i paduksh\u00ebm: Nuk ka ndryshim n\u00eb pamjen dhe ndjesin\u00eb e sip\u00ebrfaqes \u2713 Sip\u00ebrfaqja mbetet e frym\u00ebmarrjes \u2713 Parandalon rritjen e myshkut, likenit, k\u00ebrpudhave dhe formimin e rritjes s\u00eb gjelb\u00ebr\" \/>\n<meta property=\"og:url\" content=\"https:\/\/www.versiegelung24.com\/sq\/model-profesional-guri-vulosje-me-thellesi-efekt.html\" \/>\n<meta property=\"og:site_name\" content=\"versiegelung24.com\" \/>\n<meta property=\"article:modified_time\" content=\"2025-01-03T23:04:36+00:00\" \/>\n<meta property=\"og:image\" content=\"https:\/\/www.versiegelung24.com\/wp-content\/uploads\/2020\/04\/versiegelung-muster.png\" \/>\n\t<meta property=\"og:image:width\" content=\"1000\" \/>\n\t<meta property=\"og:image:height\" content=\"1000\" \/>\n\t<meta property=\"og:image:type\" content=\"image\/png\" \/>\n<meta name=\"twitter:card\" content=\"summary_large_image\" \/>\n<meta name=\"twitter:label1\" content=\"Price\" \/>\n\t<meta name=\"twitter:data1\" content=\"14,99&euro;\" \/>\n\t<meta name=\"twitter:label2\" content=\"Availability\" \/>\n\t<meta name=\"twitter:data2\" content=\"In stock\" \/>\n<script type=\"application\/ld+json\" class=\"yoast-schema-graph\">{\"@context\":\"https:\\\/\\\/schema.org\",\"@graph\":[{\"@type\":\"WebPage\",\"@id\":\"https:\\\/\\\/www.versiegelung24.com\\\/sq\\\/model-profesional-guri-vulosje-me-thellesi-efekt.html\",\"url\":\"https:\\\/\\\/www.versiegelung24.com\\\/sq\\\/model-profesional-guri-vulosje-me-thellesi-efekt.html\",\"name\":\"Shembull: Vulosje profesionale me gur\u00eb me efekt thell\u00ebsie - 3000-7620 - versiegelung24.com\",\"isPartOf\":{\"@id\":\"https:\\\/\\\/www.versiegelung24.com\\\/sq\\\/#website\"},\"primaryImageOfPage\":{\"@id\":\"https:\\\/\\\/www.versiegelung24.com\\\/sq\\\/model-profesional-guri-vulosje-me-thellesi-efekt.html#primaryimage\"},\"image\":{\"@id\":\"https:\\\/\\\/www.versiegelung24.com\\\/sq\\\/model-profesional-guri-vulosje-me-thellesi-efekt.html#primaryimage\"},\"thumbnailUrl\":\"https:\\\/\\\/www.versiegelung24.com\\\/wp-content\\\/uploads\\\/2020\\\/04\\\/versiegelung-muster.png\",\"datePublished\":\"2020-04-27T20:30:06+00:00\",\"dateModified\":\"2025-01-03T23:04:36+00:00\",\"breadcrumb\":{\"@id\":\"https:\\\/\\\/www.versiegelung24.com\\\/sq\\\/model-profesional-guri-vulosje-me-thellesi-efekt.html#breadcrumb\"},\"inLanguage\":\"sq-AL\",\"potentialAction\":[{\"@type\":\"ReadAction\",\"target\":[\"https:\\\/\\\/www.versiegelung24.com\\\/sq\\\/model-profesional-guri-vulosje-me-thellesi-efekt.html\"]}]},{\"@type\":\"ImageObject\",\"inLanguage\":\"sq-AL\",\"@id\":\"https:\\\/\\\/www.versiegelung24.com\\\/sq\\\/model-profesional-guri-vulosje-me-thellesi-efekt.html#primaryimage\",\"url\":\"https:\\\/\\\/www.versiegelung24.com\\\/wp-content\\\/uploads\\\/2020\\\/04\\\/versiegelung-muster.png\",\"contentUrl\":\"https:\\\/\\\/www.versiegelung24.com\\\/wp-content\\\/uploads\\\/2020\\\/04\\\/versiegelung-muster.png\",\"width\":1000,\"height\":1000},{\"@type\":\"BreadcrumbList\",\"@id\":\"https:\\\/\\\/www.versiegelung24.com\\\/sq\\\/model-profesional-guri-vulosje-me-thellesi-efekt.html#breadcrumb\",\"itemListElement\":[{\"@type\":\"ListItem\",\"position\":1,\"name\":\"Faqja kryesore\",\"item\":\"https:\\\/\\\/www.versiegelung24.com\\\/sq\\\/perpara\\\/\"},{\"@type\":\"ListItem\",\"position\":2,\"name\":\"Dyqan\",\"item\":\"https:\\\/\\\/www.versiegelung24.com\\\/sq\\\/dyqan\\\/\"},{\"@type\":\"ListItem\",\"position\":3,\"name\":\"Shembull: Vulosje profesionale me gur\u00eb me efekt thell\u00ebsie &#8211; 3000-7620\"}]},{\"@type\":\"WebSite\",\"@id\":\"https:\\\/\\\/www.versiegelung24.com\\\/sq\\\/#website\",\"url\":\"https:\\\/\\\/www.versiegelung24.com\\\/sq\\\/\",\"name\":\"versiegelung24.com\",\"description\":\"Fl\u00fcssigglas-Versiegelung - Made in Germany\",\"publisher\":{\"@id\":\"https:\\\/\\\/www.versiegelung24.com\\\/sq\\\/#organization\"},\"potentialAction\":[{\"@type\":\"SearchAction\",\"target\":{\"@type\":\"EntryPoint\",\"urlTemplate\":\"https:\\\/\\\/www.versiegelung24.com\\\/sq\\\/?s={search_term_string}\"},\"query-input\":{\"@type\":\"PropertyValueSpecification\",\"valueRequired\":true,\"valueName\":\"search_term_string\"}}],\"inLanguage\":\"sq-AL\"},{\"@type\":\"Organization\",\"@id\":\"https:\\\/\\\/www.versiegelung24.com\\\/sq\\\/#organization\",\"name\":\"versiegelung24\",\"url\":\"https:\\\/\\\/www.versiegelung24.com\\\/sq\\\/\",\"logo\":{\"@type\":\"ImageObject\",\"inLanguage\":\"sq-AL\",\"@id\":\"https:\\\/\\\/www.versiegelung24.com\\\/sq\\\/#\\\/schema\\\/logo\\\/image\\\/\",\"url\":\"https:\\\/\\\/www.versiegelung24.com\\\/wp-content\\\/uploads\\\/2020\\\/04\\\/versiegelung24.png\",\"contentUrl\":\"https:\\\/\\\/www.versiegelung24.com\\\/wp-content\\\/uploads\\\/2020\\\/04\\\/versiegelung24.png\",\"width\":470,\"height\":102,\"caption\":\"versiegelung24\"},\"image\":{\"@id\":\"https:\\\/\\\/www.versiegelung24.com\\\/sq\\\/#\\\/schema\\\/logo\\\/image\\\/\"}}]}<\/script>\n<meta property=\"product:price:amount\" content=\"14.99\" \/>\n<meta property=\"product:price:currency\" content=\"EUR\" \/>\n<meta property=\"og:availability\" content=\"instock\" \/>\n<meta property=\"product:availability\" content=\"instock\" \/>\n<meta property=\"product:retailer_item_id\" content=\"3000-7620-muster\" \/>\n<meta property=\"product:condition\" content=\"new\" \/>\n<!-- \/ Yoast SEO Premium plugin. -->","yoast_head_json":{"title":"Shembull: Vulosje profesionale me gur\u00eb me efekt thell\u00ebsie - 3000-7620 - versiegelung24.com","robots":{"index":"index","follow":"follow","max-snippet":"max-snippet:-1","max-image-preview":"max-image-preview:large","max-video-preview":"max-video-preview:-1"},"canonical":"https:\/\/www.versiegelung24.com\/sq\/model-profesional-guri-vulosje-me-thellesi-efekt.html","og_locale":"sq_AL","og_type":"article","og_title":"Shembull: Vulosje profesionale me gur\u00eb me efekt thell\u00ebsie - 3000-7620","og_description":"P\u00ebr t\u00eb gjitha sip\u00ebrfaqet e gurit mineral brenda dhe jasht\u00eb \u2713 Nano-veshje rezistente ndaj ujit dhe g\u00ebrryerjes \u2713 Efekt i leht\u00eb p\u00ebr t'u pastruar: papast\u00ebrtit\u00eb nuk ngjiten dhe mund t\u00eb hiqen leht\u00ebsisht \u2713 Absolutisht i paduksh\u00ebm: Nuk ka ndryshim n\u00eb pamjen dhe ndjesin\u00eb e sip\u00ebrfaqes \u2713 Sip\u00ebrfaqja mbetet e frym\u00ebmarrjes \u2713 Parandalon rritjen e myshkut, likenit, k\u00ebrpudhave dhe formimin e rritjes s\u00eb gjelb\u00ebr","og_url":"https:\/\/www.versiegelung24.com\/sq\/model-profesional-guri-vulosje-me-thellesi-efekt.html","og_site_name":"versiegelung24.com","article_modified_time":"2025-01-03T23:04:36+00:00","og_image":[{"width":1000,"height":1000,"url":"https:\/\/www.versiegelung24.com\/wp-content\/uploads\/2020\/04\/versiegelung-muster.png","type":"image\/png"}],"twitter_card":"summary_large_image","twitter_misc":{"Price":"14,99&euro;","Availability":"In stock"},"schema":{"@context":"https:\/\/schema.org","@graph":[{"@type":"WebPage","@id":"https:\/\/www.versiegelung24.com\/sq\/model-profesional-guri-vulosje-me-thellesi-efekt.html","url":"https:\/\/www.versiegelung24.com\/sq\/model-profesional-guri-vulosje-me-thellesi-efekt.html","name":"Shembull: Vulosje profesionale me gur\u00eb me efekt thell\u00ebsie - 3000-7620 - versiegelung24.com","isPartOf":{"@id":"https:\/\/www.versiegelung24.com\/sq\/#website"},"primaryImageOfPage":{"@id":"https:\/\/www.versiegelung24.com\/sq\/model-profesional-guri-vulosje-me-thellesi-efekt.html#primaryimage"},"image":{"@id":"https:\/\/www.versiegelung24.com\/sq\/model-profesional-guri-vulosje-me-thellesi-efekt.html#primaryimage"},"thumbnailUrl":"https:\/\/www.versiegelung24.com\/wp-content\/uploads\/2020\/04\/versiegelung-muster.png","datePublished":"2020-04-27T20:30:06+00:00","dateModified":"2025-01-03T23:04:36+00:00","breadcrumb":{"@id":"https:\/\/www.versiegelung24.com\/sq\/model-profesional-guri-vulosje-me-thellesi-efekt.html#breadcrumb"},"inLanguage":"sq-AL","potentialAction":[{"@type":"ReadAction","target":["https:\/\/www.versiegelung24.com\/sq\/model-profesional-guri-vulosje-me-thellesi-efekt.html"]}]},{"@type":"ImageObject","inLanguage":"sq-AL","@id":"https:\/\/www.versiegelung24.com\/sq\/model-profesional-guri-vulosje-me-thellesi-efekt.html#primaryimage","url":"https:\/\/www.versiegelung24.com\/wp-content\/uploads\/2020\/04\/versiegelung-muster.png","contentUrl":"https:\/\/www.versiegelung24.com\/wp-content\/uploads\/2020\/04\/versiegelung-muster.png","width":1000,"height":1000},{"@type":"BreadcrumbList","@id":"https:\/\/www.versiegelung24.com\/sq\/model-profesional-guri-vulosje-me-thellesi-efekt.html#breadcrumb","itemListElement":[{"@type":"ListItem","position":1,"name":"Faqja kryesore","item":"https:\/\/www.versiegelung24.com\/sq\/perpara\/"},{"@type":"ListItem","position":2,"name":"Dyqan","item":"https:\/\/www.versiegelung24.com\/sq\/dyqan\/"},{"@type":"ListItem","position":3,"name":"Shembull: Vulosje profesionale me gur\u00eb me efekt thell\u00ebsie &#8211; 3000-7620"}]},{"@type":"WebSite","@id":"https:\/\/www.versiegelung24.com\/sq\/#website","url":"https:\/\/www.versiegelung24.com\/sq\/","name":"versiegelung24.com","description":"Fl\u00fcssigglas-Versiegelung - Made in Germany","publisher":{"@id":"https:\/\/www.versiegelung24.com\/sq\/#organization"},"potentialAction":[{"@type":"SearchAction","target":{"@type":"EntryPoint","urlTemplate":"https:\/\/www.versiegelung24.com\/sq\/?s={search_term_string}"},"query-input":{"@type":"PropertyValueSpecification","valueRequired":true,"valueName":"search_term_string"}}],"inLanguage":"sq-AL"},{"@type":"Organization","@id":"https:\/\/www.versiegelung24.com\/sq\/#organization","name":"versiegelung24","url":"https:\/\/www.versiegelung24.com\/sq\/","logo":{"@type":"ImageObject","inLanguage":"sq-AL","@id":"https:\/\/www.versiegelung24.com\/sq\/#\/schema\/logo\/image\/","url":"https:\/\/www.versiegelung24.com\/wp-content\/uploads\/2020\/04\/versiegelung24.png","contentUrl":"https:\/\/www.versiegelung24.com\/wp-content\/uploads\/2020\/04\/versiegelung24.png","width":470,"height":102,"caption":"versiegelung24"},"image":{"@id":"https:\/\/www.versiegelung24.com\/sq\/#\/schema\/logo\/image\/"}}]},"product_price_amount":"14.99","product_price_currency":"EUR","og_availability":"instock","product_availability":"instock","product_retailer_item_id":"3000-7620-muster","product_condition":"new"},"_links":{"self":[{"href":"https:\/\/www.versiegelung24.com\/sq\/wp-json\/wp\/v2\/product\/23885","targetHints":{"allow":["GET"]}}],"collection":[{"href":"https:\/\/www.versiegelung24.com\/sq\/wp-json\/wp\/v2\/product"}],"about":[{"href":"https:\/\/www.versiegelung24.com\/sq\/wp-json\/wp\/v2\/types\/product"}],"version-history":[{"count":2,"href":"https:\/\/www.versiegelung24.com\/sq\/wp-json\/wp\/v2\/product\/23885\/revisions"}],"predecessor-version":[{"id":140581,"href":"https:\/\/www.versiegelung24.com\/sq\/wp-json\/wp\/v2\/product\/23885\/revisions\/140581"}],"wp:featuredmedia":[{"embeddable":true,"href":"https:\/\/www.versiegelung24.com\/sq\/wp-json\/wp\/v2\/media\/14600"}],"wp:attachment":[{"href":"https:\/\/www.versiegelung24.com\/sq\/wp-json\/wp\/v2\/media?parent=23885"}],"wp:term":[{"taxonomy":"product_brand","embeddable":true,"href":"https:\/\/www.versiegelung24.com\/sq\/wp-json\/wp\/v2\/product_brand?post=23885"},{"taxonomy":"product_cat","embeddable":true,"href":"https:\/\/www.versiegelung24.com\/sq\/wp-json\/wp\/v2\/product_cat?post=23885"},{"taxonomy":"product_tag","embeddable":true,"href":"https:\/\/www.versiegelung24.com\/sq\/wp-json\/wp\/v2\/product_tag?post=23885"}],"curies":[{"name":"wp","href":"https:\/\/api.w.org\/{rel}","templated":true}]}}