{"id":23993,"date":"2020-04-04T18:53:45","date_gmt":"2021-08-02T20:17:16","guid":{"rendered":"https:\/\/www.versiegelung24.com\/produkt\/vulosje-tekstili-dhe-letre-premium-me-papershkueshmeri-ekstreme-te-ujit"},"modified":"2025-01-04T00:12:47","modified_gmt":"2025-01-03T23:12:47","slug":"vulosje-tekstil-dhe-leter-me-ekstrem-uje","status":"publish","type":"product","link":"https:\/\/www.versiegelung24.com\/sq\/vulosje-tekstil-dhe-leter-me-ekstrem-uje.html","title":{"rendered":"Dura Tex &#8211; Mbyllje tekstili premium me rezistenc\u00eb ekstreme ndaj ujit"},"content":{"rendered":"\n<p><strong>Mbyllje tekstili premium shum\u00eb efektiv me rezistenc\u00eb ekstreme ndaj ujit, p\u00ebr brenda dhe jasht\u00eb<\/strong><\/p>\n\n<p>Cil\u00ebsi profesionale &#8211; Prodhuar n\u00eb Gjermani<\/p>\n\n<p>Numri i artikullit: 6002-7689<\/p>\n\n<p><strong>V24 Dura Tex &#8211; Ngjit\u00ebs tekstili premium<\/strong> mbron pothuajse \u00e7do lloj tekstili dhe letre nga uji, papast\u00ebrtit\u00eb dhe njollat \u200b\u200b- dhe mbetet i paduksh\u00ebm. Nuk ndikon n\u00eb pamjen, frym\u00ebmarrjen, ngjyr\u00ebn ose ndjenj\u00ebn e tyre n\u00eb asnj\u00eb m\u00ebnyr\u00eb dhe \u00ebsht\u00eb e leht\u00eb p\u00ebr tu kujdesur.<\/p>\n\n<p>Veshja \u00ebsht\u00eb jasht\u00ebzakonisht e pap\u00ebrshkueshme nga uji n\u00eb p\u00eblhura t\u00eb jashtme; k\u00ebshtu ata q\u00ebndrojn\u00eb t\u00eb that\u00eb m\u00eb gjat\u00eb. Vaji, kafja dhe njollat e tjera t\u00eb zakonshme jan\u00eb nj\u00eb gj\u00eb e s\u00eb kaluar\u00ebs n\u00ebse tekstilet jan\u00eb trajtuar m\u00eb par\u00eb.<\/p>\n\n<hr\/>\n\n<h4 class=\"wp-block-heading\" id=\"properties\">Karakteristikat e produktit<\/h4>\n\n<div class=\"wp-block-columns is-layout-flex wp-container-core-columns-is-layout-9d6595d7 wp-block-columns-is-layout-flex\">\n<div class=\"wp-block-column is-layout-flow wp-block-column-is-layout-flow\">\n<ul class=\"wp-block-list\">\n<li>Efekt shum\u00eb i fort\u00eb hidrofobik dhe oleofob (rezistenc\u00eb ndaj ujit dhe vajit)<\/li>\n\n\n\n<li>Efekt i q\u00ebndruesh\u00ebm ndaj g\u00ebrryerjes i leht\u00eb p\u00ebr t&#8217;u pastruar: nj\u00eb lidhje e fort\u00eb kimike mund\u00ebson rezistenc\u00eb t\u00eb shk\u00eblqyeshme ndaj g\u00ebrryerjes dhe lavatri\u00e7es-veshja i p\u00ebrmbahet fibr\u00ebs derisa t\u00eb shkat\u00ebrrohet nga ndikimet e jashtme<\/li>\n\n\n\n<li>Papast\u00ebrtit\u00eb mund t\u00eb hiqen leht\u00ebsisht me nj\u00eb leck\u00eb t\u00eb lagur<\/li>\n\n\n\n<li>Frym\u00ebmarr\u00ebse<\/li>\n\n\n\n<li>I paduksh\u00ebm (pa ndryshim n\u00eb pamjen dhe ndjenj\u00ebn)<\/li>\n\n\n\n<li>Veti t\u00eb forta jo ngjit\u00ebse<\/li>\n\n\n\n<li>Mbrojtje kund\u00ebr njollave<\/li>\n<\/ul>\n<\/div>\n\n\n\n<div class=\"wp-block-column is-layout-flow wp-block-column-is-layout-flow\">\n<ul class=\"wp-block-list\">\n<li>Rrit rezistenc\u00ebn ndaj konsumit<\/li>\n\n\n\n<li>Asnj\u00eb d\u00ebmtim i pamjes<\/li>\n\n\n\n<li>Teknologji SiO\u00b2 nano<\/li>\n\n\n\n<li>Mbrojtja e fibrave nga dep\u00ebrtimi i grimcave t\u00eb papast\u00ebrtis\u00eb<\/li>\n\n\n\n<li>Aplikim i thjesht\u00eb<\/li>\n\n\n\n<li>Jet\u00ebgjat\u00ebsia e gjat\u00eb n\u00eb var\u00ebsi t\u00eb stresit mekanik<\/li>\n<\/ul>\n\n\n\n<p>Fusha e dor\u00ebzimit:<br\/> 1 x lit\u00ebr shishe<br\/> 1 x P\u00ebrshkrimi i produktit<\/p>\n<\/div>\n<\/div>\n\n<hr\/>\n\n<h4 class=\"wp-block-heading\" id=\"application\">Aplikacion<\/h4>\n\n<div class=\"wp-block-columns is-layout-flex wp-container-core-columns-is-layout-9d6595d7 wp-block-columns-is-layout-flex\">\n<div class=\"wp-block-column is-layout-flow wp-block-column-is-layout-flow\">\n<ul class=\"wp-block-list\">\n<li>veshje<\/li>\n\n\n\n<li>P\u00eblhura n\u00eb natyr\u00eb<\/li>\n\n\n\n<li>Tekstile sht\u00ebpiake (tapiceri, mobilje, qilima)<\/li>\n\n\n\n<li>Kamoshi \/ l\u00ebkur\u00eb<\/li>\n\n\n\n<li>Kuti kartoni<\/li>\n<\/ul>\n\n\n\n<p>Konsumi varet shum\u00eb nga struktura, absorbueshm\u00ebria dhe trash\u00ebsia e materialit q\u00eb do t\u00eb lyhet, af\u00ebrsisht 10-50 m\u00b2 \/ lit\u00ebr (p\u00ebraf\u00ebrsisht 10ml \/ m\u00b2 p\u00ebr mm trash\u00ebsi n\u00eb var\u00ebsi t\u00eb absorbueshm\u00ebris\u00eb).<\/p>\n<\/div>\n\n\n\n<div class=\"wp-block-column is-layout-flow wp-block-column-is-layout-flow\">\n<p>Aplikim i thjesht\u00eb:<\/p>\n\n\n\n<p>1. Manual: aplikimi duke lagur tekstilin (sp\u00ebrkatje ose zhytje)<\/p>\n\n\n\n<p>2. Industriale: Aplikimi nga sistemet komerciale t\u00eb disponueshme<\/p>\n\n\n\n<p>Kjo shtres\u00eb SiO2 lidhet plot\u00ebsisht dhe ngurt\u00ebsohet pas 24 or\u00ebsh.<br\/> Efekti i leht\u00eb p\u00ebr t&#8217;u pastruar mund t\u00eb testohet p\u00ebr her\u00eb t\u00eb par\u00eb pas k\u00ebsaj faze forcimi.<\/p>\n<\/div>\n<\/div>\n","protected":false},"excerpt":{"rendered":"<p>\u2713 Frym\u00ebzues<\/p>\n<p>\u2713 Mbrojtje nga njollat<\/p>\n<p>\u2713 Me rezistenc\u00eb ekstreme ndaj ujit<\/p>\n<p>\u2713 P\u00ebr brenda dhe jasht\u00eb<\/p>\n","protected":false},"featured_media":125312,"template":"","meta":{"_acf_changed":false,"neve_meta_sidebar":"","neve_meta_container":"","neve_meta_enable_content_width":"","neve_meta_content_width":0,"neve_meta_title_alignment":"","neve_meta_author_avatar":"","neve_post_elements_order":"","neve_meta_disable_header":"","neve_meta_disable_footer":"","neve_meta_disable_title":"","neve_meta_reading_time":"","_surfaces":[],"_ver_product_tabs":[],"footnotes":""},"product_brand":[],"product_cat":[2275],"product_tag":[],"class_list":{"0":"post-23993","1":"product","2":"type-product","3":"status-publish","4":"has-post-thumbnail","6":"product_cat-nenshkrimi-i-lekures-dhe-tekstilit","8":"first","9":"instock","10":"taxable","11":"shipping-taxable","12":"purchasable","13":"product-type-simple"},"acf":[],"yoast_head":"<!-- This site is optimized with the Yoast SEO Premium plugin v22.8 (Yoast SEO v27.5) - https:\/\/yoast.com\/product\/yoast-seo-premium-wordpress\/ -->\n<title>Dura Tex - Mbyllje tekstili premium me rezistenc\u00eb ekstreme ndaj ujit - versiegelung24.com<\/title>\n<meta name=\"robots\" content=\"index, follow, max-snippet:-1, max-image-preview:large, max-video-preview:-1\" \/>\n<link rel=\"canonical\" href=\"https:\/\/www.versiegelung24.com\/sq\/vulosje-tekstil-dhe-leter-me-ekstrem-uje.html\" \/>\n<meta property=\"og:locale\" content=\"sq_AL\" \/>\n<meta property=\"og:type\" content=\"article\" \/>\n<meta property=\"og:title\" content=\"Dura Tex - Mbyllje tekstili premium me rezistenc\u00eb ekstreme ndaj ujit\" \/>\n<meta property=\"og:description\" content=\"\u2713 Frym\u00ebzues \u2713 Mbrojtje nga njollat \u2713 Me rezistenc\u00eb ekstreme ndaj ujit \u2713 P\u00ebr brenda dhe jasht\u00eb\" \/>\n<meta property=\"og:url\" content=\"https:\/\/www.versiegelung24.com\/sq\/vulosje-tekstil-dhe-leter-me-ekstrem-uje.html\" \/>\n<meta property=\"og:site_name\" content=\"versiegelung24.com\" \/>\n<meta property=\"article:modified_time\" content=\"2025-01-03T23:12:47+00:00\" \/>\n<meta property=\"og:image\" content=\"https:\/\/www.versiegelung24.com\/wp-content\/uploads\/2020\/04\/produkt-6002-7689-1000-dura-tex-Premium-Textil-Papierversiegelung-scaled.webp\" \/>\n\t<meta property=\"og:image:width\" content=\"2560\" \/>\n\t<meta property=\"og:image:height\" content=\"2560\" \/>\n\t<meta property=\"og:image:type\" content=\"image\/webp\" \/>\n<meta name=\"twitter:card\" content=\"summary_large_image\" \/>\n<meta name=\"twitter:label1\" content=\"Price\" \/>\n\t<meta name=\"twitter:data1\" content=\"89,99&euro;\" \/>\n\t<meta name=\"twitter:label2\" content=\"Availability\" \/>\n\t<meta name=\"twitter:data2\" content=\"In stock\" \/>\n<script type=\"application\/ld+json\" class=\"yoast-schema-graph\">{\"@context\":\"https:\\\/\\\/schema.org\",\"@graph\":[{\"@type\":\"WebPage\",\"@id\":\"https:\\\/\\\/www.versiegelung24.com\\\/sq\\\/vulosje-tekstil-dhe-leter-me-ekstrem-uje.html\",\"url\":\"https:\\\/\\\/www.versiegelung24.com\\\/sq\\\/vulosje-tekstil-dhe-leter-me-ekstrem-uje.html\",\"name\":\"Dura Tex - Mbyllje tekstili premium me rezistenc\u00eb ekstreme ndaj ujit - versiegelung24.com\",\"isPartOf\":{\"@id\":\"https:\\\/\\\/www.versiegelung24.com\\\/sq\\\/#website\"},\"primaryImageOfPage\":{\"@id\":\"https:\\\/\\\/www.versiegelung24.com\\\/sq\\\/vulosje-tekstil-dhe-leter-me-ekstrem-uje.html#primaryimage\"},\"image\":{\"@id\":\"https:\\\/\\\/www.versiegelung24.com\\\/sq\\\/vulosje-tekstil-dhe-leter-me-ekstrem-uje.html#primaryimage\"},\"thumbnailUrl\":\"https:\\\/\\\/www.versiegelung24.com\\\/wp-content\\\/uploads\\\/2020\\\/04\\\/produkt-6002-7689-1000-dura-tex-Premium-Textil-Papierversiegelung-scaled.webp\",\"datePublished\":\"2021-08-02T20:17:16+00:00\",\"dateModified\":\"2025-01-03T23:12:47+00:00\",\"breadcrumb\":{\"@id\":\"https:\\\/\\\/www.versiegelung24.com\\\/sq\\\/vulosje-tekstil-dhe-leter-me-ekstrem-uje.html#breadcrumb\"},\"inLanguage\":\"sq-AL\",\"potentialAction\":[{\"@type\":\"ReadAction\",\"target\":[\"https:\\\/\\\/www.versiegelung24.com\\\/sq\\\/vulosje-tekstil-dhe-leter-me-ekstrem-uje.html\"]}]},{\"@type\":\"ImageObject\",\"inLanguage\":\"sq-AL\",\"@id\":\"https:\\\/\\\/www.versiegelung24.com\\\/sq\\\/vulosje-tekstil-dhe-leter-me-ekstrem-uje.html#primaryimage\",\"url\":\"https:\\\/\\\/www.versiegelung24.com\\\/wp-content\\\/uploads\\\/2020\\\/04\\\/produkt-6002-7689-1000-dura-tex-Premium-Textil-Papierversiegelung-scaled.webp\",\"contentUrl\":\"https:\\\/\\\/www.versiegelung24.com\\\/wp-content\\\/uploads\\\/2020\\\/04\\\/produkt-6002-7689-1000-dura-tex-Premium-Textil-Papierversiegelung-scaled.webp\",\"width\":2560,\"height\":2560},{\"@type\":\"BreadcrumbList\",\"@id\":\"https:\\\/\\\/www.versiegelung24.com\\\/sq\\\/vulosje-tekstil-dhe-leter-me-ekstrem-uje.html#breadcrumb\",\"itemListElement\":[{\"@type\":\"ListItem\",\"position\":1,\"name\":\"Faqja kryesore\",\"item\":\"https:\\\/\\\/www.versiegelung24.com\\\/sq\\\/perpara\\\/\"},{\"@type\":\"ListItem\",\"position\":2,\"name\":\"Dyqan\",\"item\":\"https:\\\/\\\/www.versiegelung24.com\\\/sq\\\/dyqan\\\/\"},{\"@type\":\"ListItem\",\"position\":3,\"name\":\"Dura Tex &#8211; Mbyllje tekstili premium me rezistenc\u00eb ekstreme ndaj ujit\"}]},{\"@type\":\"WebSite\",\"@id\":\"https:\\\/\\\/www.versiegelung24.com\\\/sq\\\/#website\",\"url\":\"https:\\\/\\\/www.versiegelung24.com\\\/sq\\\/\",\"name\":\"versiegelung24.com\",\"description\":\"Fl\u00fcssigglas-Versiegelung - Made in Germany\",\"publisher\":{\"@id\":\"https:\\\/\\\/www.versiegelung24.com\\\/sq\\\/#organization\"},\"potentialAction\":[{\"@type\":\"SearchAction\",\"target\":{\"@type\":\"EntryPoint\",\"urlTemplate\":\"https:\\\/\\\/www.versiegelung24.com\\\/sq\\\/?s={search_term_string}\"},\"query-input\":{\"@type\":\"PropertyValueSpecification\",\"valueRequired\":true,\"valueName\":\"search_term_string\"}}],\"inLanguage\":\"sq-AL\"},{\"@type\":\"Organization\",\"@id\":\"https:\\\/\\\/www.versiegelung24.com\\\/sq\\\/#organization\",\"name\":\"versiegelung24\",\"url\":\"https:\\\/\\\/www.versiegelung24.com\\\/sq\\\/\",\"logo\":{\"@type\":\"ImageObject\",\"inLanguage\":\"sq-AL\",\"@id\":\"https:\\\/\\\/www.versiegelung24.com\\\/sq\\\/#\\\/schema\\\/logo\\\/image\\\/\",\"url\":\"https:\\\/\\\/www.versiegelung24.com\\\/wp-content\\\/uploads\\\/2020\\\/04\\\/versiegelung24.png\",\"contentUrl\":\"https:\\\/\\\/www.versiegelung24.com\\\/wp-content\\\/uploads\\\/2020\\\/04\\\/versiegelung24.png\",\"width\":470,\"height\":102,\"caption\":\"versiegelung24\"},\"image\":{\"@id\":\"https:\\\/\\\/www.versiegelung24.com\\\/sq\\\/#\\\/schema\\\/logo\\\/image\\\/\"}}]}<\/script>\n<meta property=\"product:price:amount\" content=\"89.99\" \/>\n<meta property=\"product:price:currency\" content=\"EUR\" \/>\n<meta property=\"og:availability\" content=\"instock\" \/>\n<meta property=\"product:availability\" content=\"instock\" \/>\n<meta property=\"product:retailer_item_id\" content=\"6002-7689-1000\" \/>\n<meta property=\"product:condition\" content=\"new\" \/>\n<!-- \/ Yoast SEO Premium plugin. -->","yoast_head_json":{"title":"Dura Tex - Mbyllje tekstili premium me rezistenc\u00eb ekstreme ndaj ujit - versiegelung24.com","robots":{"index":"index","follow":"follow","max-snippet":"max-snippet:-1","max-image-preview":"max-image-preview:large","max-video-preview":"max-video-preview:-1"},"canonical":"https:\/\/www.versiegelung24.com\/sq\/vulosje-tekstil-dhe-leter-me-ekstrem-uje.html","og_locale":"sq_AL","og_type":"article","og_title":"Dura Tex - Mbyllje tekstili premium me rezistenc\u00eb ekstreme ndaj ujit","og_description":"\u2713 Frym\u00ebzues \u2713 Mbrojtje nga njollat \u2713 Me rezistenc\u00eb ekstreme ndaj ujit \u2713 P\u00ebr brenda dhe jasht\u00eb","og_url":"https:\/\/www.versiegelung24.com\/sq\/vulosje-tekstil-dhe-leter-me-ekstrem-uje.html","og_site_name":"versiegelung24.com","article_modified_time":"2025-01-03T23:12:47+00:00","og_image":[{"width":2560,"height":2560,"url":"https:\/\/www.versiegelung24.com\/wp-content\/uploads\/2020\/04\/produkt-6002-7689-1000-dura-tex-Premium-Textil-Papierversiegelung-scaled.webp","type":"image\/webp"}],"twitter_card":"summary_large_image","twitter_misc":{"Price":"89,99&euro;","Availability":"In stock"},"schema":{"@context":"https:\/\/schema.org","@graph":[{"@type":"WebPage","@id":"https:\/\/www.versiegelung24.com\/sq\/vulosje-tekstil-dhe-leter-me-ekstrem-uje.html","url":"https:\/\/www.versiegelung24.com\/sq\/vulosje-tekstil-dhe-leter-me-ekstrem-uje.html","name":"Dura Tex - Mbyllje tekstili premium me rezistenc\u00eb ekstreme ndaj ujit - versiegelung24.com","isPartOf":{"@id":"https:\/\/www.versiegelung24.com\/sq\/#website"},"primaryImageOfPage":{"@id":"https:\/\/www.versiegelung24.com\/sq\/vulosje-tekstil-dhe-leter-me-ekstrem-uje.html#primaryimage"},"image":{"@id":"https:\/\/www.versiegelung24.com\/sq\/vulosje-tekstil-dhe-leter-me-ekstrem-uje.html#primaryimage"},"thumbnailUrl":"https:\/\/www.versiegelung24.com\/wp-content\/uploads\/2020\/04\/produkt-6002-7689-1000-dura-tex-Premium-Textil-Papierversiegelung-scaled.webp","datePublished":"2021-08-02T20:17:16+00:00","dateModified":"2025-01-03T23:12:47+00:00","breadcrumb":{"@id":"https:\/\/www.versiegelung24.com\/sq\/vulosje-tekstil-dhe-leter-me-ekstrem-uje.html#breadcrumb"},"inLanguage":"sq-AL","potentialAction":[{"@type":"ReadAction","target":["https:\/\/www.versiegelung24.com\/sq\/vulosje-tekstil-dhe-leter-me-ekstrem-uje.html"]}]},{"@type":"ImageObject","inLanguage":"sq-AL","@id":"https:\/\/www.versiegelung24.com\/sq\/vulosje-tekstil-dhe-leter-me-ekstrem-uje.html#primaryimage","url":"https:\/\/www.versiegelung24.com\/wp-content\/uploads\/2020\/04\/produkt-6002-7689-1000-dura-tex-Premium-Textil-Papierversiegelung-scaled.webp","contentUrl":"https:\/\/www.versiegelung24.com\/wp-content\/uploads\/2020\/04\/produkt-6002-7689-1000-dura-tex-Premium-Textil-Papierversiegelung-scaled.webp","width":2560,"height":2560},{"@type":"BreadcrumbList","@id":"https:\/\/www.versiegelung24.com\/sq\/vulosje-tekstil-dhe-leter-me-ekstrem-uje.html#breadcrumb","itemListElement":[{"@type":"ListItem","position":1,"name":"Faqja kryesore","item":"https:\/\/www.versiegelung24.com\/sq\/perpara\/"},{"@type":"ListItem","position":2,"name":"Dyqan","item":"https:\/\/www.versiegelung24.com\/sq\/dyqan\/"},{"@type":"ListItem","position":3,"name":"Dura Tex &#8211; Mbyllje tekstili premium me rezistenc\u00eb ekstreme ndaj ujit"}]},{"@type":"WebSite","@id":"https:\/\/www.versiegelung24.com\/sq\/#website","url":"https:\/\/www.versiegelung24.com\/sq\/","name":"versiegelung24.com","description":"Fl\u00fcssigglas-Versiegelung - Made in Germany","publisher":{"@id":"https:\/\/www.versiegelung24.com\/sq\/#organization"},"potentialAction":[{"@type":"SearchAction","target":{"@type":"EntryPoint","urlTemplate":"https:\/\/www.versiegelung24.com\/sq\/?s={search_term_string}"},"query-input":{"@type":"PropertyValueSpecification","valueRequired":true,"valueName":"search_term_string"}}],"inLanguage":"sq-AL"},{"@type":"Organization","@id":"https:\/\/www.versiegelung24.com\/sq\/#organization","name":"versiegelung24","url":"https:\/\/www.versiegelung24.com\/sq\/","logo":{"@type":"ImageObject","inLanguage":"sq-AL","@id":"https:\/\/www.versiegelung24.com\/sq\/#\/schema\/logo\/image\/","url":"https:\/\/www.versiegelung24.com\/wp-content\/uploads\/2020\/04\/versiegelung24.png","contentUrl":"https:\/\/www.versiegelung24.com\/wp-content\/uploads\/2020\/04\/versiegelung24.png","width":470,"height":102,"caption":"versiegelung24"},"image":{"@id":"https:\/\/www.versiegelung24.com\/sq\/#\/schema\/logo\/image\/"}}]},"product_price_amount":"89.99","product_price_currency":"EUR","og_availability":"instock","product_availability":"instock","product_retailer_item_id":"6002-7689-1000","product_condition":"new"},"_links":{"self":[{"href":"https:\/\/www.versiegelung24.com\/sq\/wp-json\/wp\/v2\/product\/23993","targetHints":{"allow":["GET"]}}],"collection":[{"href":"https:\/\/www.versiegelung24.com\/sq\/wp-json\/wp\/v2\/product"}],"about":[{"href":"https:\/\/www.versiegelung24.com\/sq\/wp-json\/wp\/v2\/types\/product"}],"version-history":[{"count":14,"href":"https:\/\/www.versiegelung24.com\/sq\/wp-json\/wp\/v2\/product\/23993\/revisions"}],"predecessor-version":[{"id":177880,"href":"https:\/\/www.versiegelung24.com\/sq\/wp-json\/wp\/v2\/product\/23993\/revisions\/177880"}],"wp:featuredmedia":[{"embeddable":true,"href":"https:\/\/www.versiegelung24.com\/sq\/wp-json\/wp\/v2\/media\/125312"}],"wp:attachment":[{"href":"https:\/\/www.versiegelung24.com\/sq\/wp-json\/wp\/v2\/media?parent=23993"}],"wp:term":[{"taxonomy":"product_brand","embeddable":true,"href":"https:\/\/www.versiegelung24.com\/sq\/wp-json\/wp\/v2\/product_brand?post=23993"},{"taxonomy":"product_cat","embeddable":true,"href":"https:\/\/www.versiegelung24.com\/sq\/wp-json\/wp\/v2\/product_cat?post=23993"},{"taxonomy":"product_tag","embeddable":true,"href":"https:\/\/www.versiegelung24.com\/sq\/wp-json\/wp\/v2\/product_tag?post=23993"}],"curies":[{"name":"wp","href":"https:\/\/api.w.org\/{rel}","templated":true}]}}