{"id":24019,"date":"2020-04-29T20:41:14","date_gmt":"2020-04-29T18:41:14","guid":{"rendered":"https:\/\/www.versiegelung24.com\/produkt\/modeli-vulosje-betoni-guri-me-papershkueshmeri-ekstreme-te-ujit-e-cila-nuk-merr-fryme"},"modified":"2025-01-04T00:08:58","modified_gmt":"2025-01-03T23:08:58","slug":"model-beton-gur-vulosje-me-ekstrem-uje-neveritshmeri-qe-nuk-merr-fryme","status":"publish","type":"product","link":"https:\/\/www.versiegelung24.com\/sq\/model-beton-gur-vulosje-me-ekstrem-uje-neveritshmeri-qe-nuk-merr-fryme.html","title":{"rendered":"Modeli: Grumbullues premium betoni dhe guri me intensifikimin e ngjyr\u00ebs &#8211; nuk merr frym\u00eb &#8211; 3008-704"},"content":{"rendered":"<p>100 ml most\u00ebr e jon\u00eb&nbsp; <a href=\"https:\/\/www.versiegelung24.com\/sq\/premium-beton-gur-vulosje-ekstrem-uje-neveritshmeri-jo-frymemarrese.html\">Mbyllje guri me rezistenc\u00eb ekstreme ndaj ujit<\/a>&nbsp; p\u00ebr aplikim prov\u00eb ose mbyllje zonash m\u00eb t\u00eb vogla.<\/p>\n","protected":false},"excerpt":{"rendered":"<p><strong>Shtres\u00eb e past\u00ebr jasht\u00ebzakonisht e pap\u00ebrshkueshme nga uji p\u00ebr p\u00ebrdorim t\u00eb brendsh\u00ebm dhe t\u00eb jasht\u00ebm<\/strong>  <\/p>\n<p>\u2713 p\u00ebr t\u00eb gjitha sip\u00ebrfaqet absorbuese t\u00eb gurit mineral dhe betonit<\/p>\n<p>Effect Efekt i leht\u00eb p\u00ebr t&#8217;u pastruar: papast\u00ebrtia nuk ngjitet dhe mund t\u00eb hiqet leht\u00eb<\/p>\n<p>Surfaces sip\u00ebrfaqet e trajtuara nuk marrin frym\u00eb<\/p>\n<p>\u2713 Parandalon rritjen e myshkut, likenit, k\u00ebrpudhave dhe ndikimeve t\u00eb tjera natyrore<\/p>\n<p>Effect Efekt i thellimit t\u00eb ngjyrave me nj\u00eb film me shk\u00eblqim \/ zgjerim t\u00eb sip\u00ebrfaqes<\/p>\n<p>\u2713 Afati i ruajtjes: 5 vjet+<\/p>\n","protected":false},"featured_media":14600,"template":"","meta":{"_acf_changed":false,"neve_meta_sidebar":"","neve_meta_container":"","neve_meta_enable_content_width":"","neve_meta_content_width":0,"neve_meta_title_alignment":"","neve_meta_author_avatar":"","neve_post_elements_order":"","neve_meta_disable_header":"","neve_meta_disable_footer":"","neve_meta_disable_title":"","neve_meta_reading_time":"","_surfaces":[],"_ver_product_tabs":[],"footnotes":""},"product_brand":[],"product_cat":[2631],"product_tag":[],"class_list":{"0":"post-24019","1":"product","2":"type-product","3":"status-publish","4":"has-post-thumbnail","6":"product_cat-shabllon","7":"pa_gebinde-shishe-100-ml","9":"first","10":"onbackorder","11":"sold-individually","12":"taxable","13":"shipping-taxable","14":"purchasable","15":"product-type-variable","16":"has-default-attributes"},"acf":[],"yoast_head":"<!-- This site is optimized with the Yoast SEO Premium plugin v22.8 (Yoast SEO v27.3) - https:\/\/yoast.com\/product\/yoast-seo-premium-wordpress\/ -->\n<title>Modeli: Grumbullues premium betoni dhe guri me intensifikimin e ngjyr\u00ebs - nuk merr frym\u00eb - 3008-704 - versiegelung24.com<\/title>\n<meta name=\"robots\" content=\"index, follow, max-snippet:-1, max-image-preview:large, max-video-preview:-1\" \/>\n<link rel=\"canonical\" href=\"https:\/\/www.versiegelung24.com\/sq\/model-beton-gur-vulosje-me-ekstrem-uje-neveritshmeri-qe-nuk-merr-fryme.html\" \/>\n<meta property=\"og:locale\" content=\"sq_AL\" \/>\n<meta property=\"og:type\" content=\"article\" \/>\n<meta property=\"og:title\" content=\"Modeli: Grumbullues premium betoni dhe guri me intensifikimin e ngjyr\u00ebs - nuk merr frym\u00eb - 3008-704\" \/>\n<meta property=\"og:description\" content=\"Shtres\u00eb e past\u00ebr jasht\u00ebzakonisht e pap\u00ebrshkueshme nga uji p\u00ebr p\u00ebrdorim t\u00eb brendsh\u00ebm dhe t\u00eb jasht\u00ebm  \u2713 p\u00ebr t\u00eb gjitha sip\u00ebrfaqet absorbuese t\u00eb gurit mineral dhe betonit Effect Efekt i leht\u00eb p\u00ebr t&#039;u pastruar: papast\u00ebrtia nuk ngjitet dhe mund t\u00eb hiqet leht\u00eb Surfaces sip\u00ebrfaqet e trajtuara nuk marrin frym\u00eb \u2713 Parandalon rritjen e myshkut, likenit, k\u00ebrpudhave dhe ndikimeve t\u00eb tjera natyrore Effect Efekt i thellimit t\u00eb ngjyrave me nj\u00eb film me shk\u00eblqim \/ zgjerim t\u00eb sip\u00ebrfaqes \u2713 Afati i ruajtjes: 5 vjet+\" \/>\n<meta property=\"og:url\" content=\"https:\/\/www.versiegelung24.com\/sq\/model-beton-gur-vulosje-me-ekstrem-uje-neveritshmeri-qe-nuk-merr-fryme.html\" \/>\n<meta property=\"og:site_name\" content=\"versiegelung24.com\" \/>\n<meta property=\"article:modified_time\" content=\"2025-01-03T23:08:58+00:00\" \/>\n<meta property=\"og:image\" content=\"https:\/\/www.versiegelung24.com\/wp-content\/uploads\/2020\/04\/versiegelung-muster.png\" \/>\n\t<meta property=\"og:image:width\" content=\"1000\" \/>\n\t<meta property=\"og:image:height\" content=\"1000\" \/>\n\t<meta property=\"og:image:type\" content=\"image\/png\" \/>\n<meta name=\"twitter:card\" content=\"summary_large_image\" \/>\n<meta name=\"twitter:label1\" content=\"Availability\" \/>\n\t<meta name=\"twitter:data1\" content=\"On backorder\" \/>\n<script type=\"application\/ld+json\" class=\"yoast-schema-graph\">{\"@context\":\"https:\\\/\\\/schema.org\",\"@graph\":[{\"@type\":\"WebPage\",\"@id\":\"https:\\\/\\\/www.versiegelung24.com\\\/sq\\\/model-beton-gur-vulosje-me-ekstrem-uje-neveritshmeri-qe-nuk-merr-fryme.html\",\"url\":\"https:\\\/\\\/www.versiegelung24.com\\\/sq\\\/model-beton-gur-vulosje-me-ekstrem-uje-neveritshmeri-qe-nuk-merr-fryme.html\",\"name\":\"Modeli: Grumbullues premium betoni dhe guri me intensifikimin e ngjyr\u00ebs - nuk merr frym\u00eb - 3008-704 - versiegelung24.com\",\"isPartOf\":{\"@id\":\"https:\\\/\\\/www.versiegelung24.com\\\/sq\\\/#website\"},\"primaryImageOfPage\":{\"@id\":\"https:\\\/\\\/www.versiegelung24.com\\\/sq\\\/model-beton-gur-vulosje-me-ekstrem-uje-neveritshmeri-qe-nuk-merr-fryme.html#primaryimage\"},\"image\":{\"@id\":\"https:\\\/\\\/www.versiegelung24.com\\\/sq\\\/model-beton-gur-vulosje-me-ekstrem-uje-neveritshmeri-qe-nuk-merr-fryme.html#primaryimage\"},\"thumbnailUrl\":\"https:\\\/\\\/www.versiegelung24.com\\\/wp-content\\\/uploads\\\/2020\\\/04\\\/versiegelung-muster.png\",\"datePublished\":\"2020-04-29T18:41:14+00:00\",\"dateModified\":\"2025-01-03T23:08:58+00:00\",\"breadcrumb\":{\"@id\":\"https:\\\/\\\/www.versiegelung24.com\\\/sq\\\/model-beton-gur-vulosje-me-ekstrem-uje-neveritshmeri-qe-nuk-merr-fryme.html#breadcrumb\"},\"inLanguage\":\"sq-AL\",\"potentialAction\":[{\"@type\":\"ReadAction\",\"target\":[\"https:\\\/\\\/www.versiegelung24.com\\\/sq\\\/model-beton-gur-vulosje-me-ekstrem-uje-neveritshmeri-qe-nuk-merr-fryme.html\"]}]},{\"@type\":\"ImageObject\",\"inLanguage\":\"sq-AL\",\"@id\":\"https:\\\/\\\/www.versiegelung24.com\\\/sq\\\/model-beton-gur-vulosje-me-ekstrem-uje-neveritshmeri-qe-nuk-merr-fryme.html#primaryimage\",\"url\":\"https:\\\/\\\/www.versiegelung24.com\\\/wp-content\\\/uploads\\\/2020\\\/04\\\/versiegelung-muster.png\",\"contentUrl\":\"https:\\\/\\\/www.versiegelung24.com\\\/wp-content\\\/uploads\\\/2020\\\/04\\\/versiegelung-muster.png\",\"width\":1000,\"height\":1000},{\"@type\":\"BreadcrumbList\",\"@id\":\"https:\\\/\\\/www.versiegelung24.com\\\/sq\\\/model-beton-gur-vulosje-me-ekstrem-uje-neveritshmeri-qe-nuk-merr-fryme.html#breadcrumb\",\"itemListElement\":[{\"@type\":\"ListItem\",\"position\":1,\"name\":\"Faqja kryesore\",\"item\":\"https:\\\/\\\/www.versiegelung24.com\\\/sq\\\/perpara\\\/\"},{\"@type\":\"ListItem\",\"position\":2,\"name\":\"Dyqan\",\"item\":\"https:\\\/\\\/www.versiegelung24.com\\\/sq\\\/dyqan\\\/\"},{\"@type\":\"ListItem\",\"position\":3,\"name\":\"Modeli: Grumbullues premium betoni dhe guri me intensifikimin e ngjyr\u00ebs &#8211; nuk merr frym\u00eb &#8211; 3008-704\"}]},{\"@type\":\"WebSite\",\"@id\":\"https:\\\/\\\/www.versiegelung24.com\\\/sq\\\/#website\",\"url\":\"https:\\\/\\\/www.versiegelung24.com\\\/sq\\\/\",\"name\":\"versiegelung24.com\",\"description\":\"Fl\u00fcssigglas-Versiegelung - Made in Germany\",\"publisher\":{\"@id\":\"https:\\\/\\\/www.versiegelung24.com\\\/sq\\\/#organization\"},\"potentialAction\":[{\"@type\":\"SearchAction\",\"target\":{\"@type\":\"EntryPoint\",\"urlTemplate\":\"https:\\\/\\\/www.versiegelung24.com\\\/sq\\\/?s={search_term_string}\"},\"query-input\":{\"@type\":\"PropertyValueSpecification\",\"valueRequired\":true,\"valueName\":\"search_term_string\"}}],\"inLanguage\":\"sq-AL\"},{\"@type\":\"Organization\",\"@id\":\"https:\\\/\\\/www.versiegelung24.com\\\/sq\\\/#organization\",\"name\":\"versiegelung24\",\"url\":\"https:\\\/\\\/www.versiegelung24.com\\\/sq\\\/\",\"logo\":{\"@type\":\"ImageObject\",\"inLanguage\":\"sq-AL\",\"@id\":\"https:\\\/\\\/www.versiegelung24.com\\\/sq\\\/#\\\/schema\\\/logo\\\/image\\\/\",\"url\":\"https:\\\/\\\/www.versiegelung24.com\\\/wp-content\\\/uploads\\\/2020\\\/04\\\/versiegelung24.png\",\"contentUrl\":\"https:\\\/\\\/www.versiegelung24.com\\\/wp-content\\\/uploads\\\/2020\\\/04\\\/versiegelung24.png\",\"width\":470,\"height\":102,\"caption\":\"versiegelung24\"},\"image\":{\"@id\":\"https:\\\/\\\/www.versiegelung24.com\\\/sq\\\/#\\\/schema\\\/logo\\\/image\\\/\"}}]}<\/script>\n<meta property=\"og:availability\" content=\"backorder\" \/>\n<meta property=\"product:availability\" content=\"available for order\" \/>\n<meta property=\"product:retailer_item_id\" content=\"3008-704-muster\" \/>\n<meta property=\"product:condition\" content=\"new\" \/>\n<!-- \/ Yoast SEO Premium plugin. -->","yoast_head_json":{"title":"Modeli: Grumbullues premium betoni dhe guri me intensifikimin e ngjyr\u00ebs - nuk merr frym\u00eb - 3008-704 - versiegelung24.com","robots":{"index":"index","follow":"follow","max-snippet":"max-snippet:-1","max-image-preview":"max-image-preview:large","max-video-preview":"max-video-preview:-1"},"canonical":"https:\/\/www.versiegelung24.com\/sq\/model-beton-gur-vulosje-me-ekstrem-uje-neveritshmeri-qe-nuk-merr-fryme.html","og_locale":"sq_AL","og_type":"article","og_title":"Modeli: Grumbullues premium betoni dhe guri me intensifikimin e ngjyr\u00ebs - nuk merr frym\u00eb - 3008-704","og_description":"Shtres\u00eb e past\u00ebr jasht\u00ebzakonisht e pap\u00ebrshkueshme nga uji p\u00ebr p\u00ebrdorim t\u00eb brendsh\u00ebm dhe t\u00eb jasht\u00ebm  \u2713 p\u00ebr t\u00eb gjitha sip\u00ebrfaqet absorbuese t\u00eb gurit mineral dhe betonit Effect Efekt i leht\u00eb p\u00ebr t'u pastruar: papast\u00ebrtia nuk ngjitet dhe mund t\u00eb hiqet leht\u00eb Surfaces sip\u00ebrfaqet e trajtuara nuk marrin frym\u00eb \u2713 Parandalon rritjen e myshkut, likenit, k\u00ebrpudhave dhe ndikimeve t\u00eb tjera natyrore Effect Efekt i thellimit t\u00eb ngjyrave me nj\u00eb film me shk\u00eblqim \/ zgjerim t\u00eb sip\u00ebrfaqes \u2713 Afati i ruajtjes: 5 vjet+","og_url":"https:\/\/www.versiegelung24.com\/sq\/model-beton-gur-vulosje-me-ekstrem-uje-neveritshmeri-qe-nuk-merr-fryme.html","og_site_name":"versiegelung24.com","article_modified_time":"2025-01-03T23:08:58+00:00","og_image":[{"width":1000,"height":1000,"url":"https:\/\/www.versiegelung24.com\/wp-content\/uploads\/2020\/04\/versiegelung-muster.png","type":"image\/png"}],"twitter_card":"summary_large_image","twitter_misc":{"Availability":"On backorder"},"schema":{"@context":"https:\/\/schema.org","@graph":[{"@type":"WebPage","@id":"https:\/\/www.versiegelung24.com\/sq\/model-beton-gur-vulosje-me-ekstrem-uje-neveritshmeri-qe-nuk-merr-fryme.html","url":"https:\/\/www.versiegelung24.com\/sq\/model-beton-gur-vulosje-me-ekstrem-uje-neveritshmeri-qe-nuk-merr-fryme.html","name":"Modeli: Grumbullues premium betoni dhe guri me intensifikimin e ngjyr\u00ebs - nuk merr frym\u00eb - 3008-704 - versiegelung24.com","isPartOf":{"@id":"https:\/\/www.versiegelung24.com\/sq\/#website"},"primaryImageOfPage":{"@id":"https:\/\/www.versiegelung24.com\/sq\/model-beton-gur-vulosje-me-ekstrem-uje-neveritshmeri-qe-nuk-merr-fryme.html#primaryimage"},"image":{"@id":"https:\/\/www.versiegelung24.com\/sq\/model-beton-gur-vulosje-me-ekstrem-uje-neveritshmeri-qe-nuk-merr-fryme.html#primaryimage"},"thumbnailUrl":"https:\/\/www.versiegelung24.com\/wp-content\/uploads\/2020\/04\/versiegelung-muster.png","datePublished":"2020-04-29T18:41:14+00:00","dateModified":"2025-01-03T23:08:58+00:00","breadcrumb":{"@id":"https:\/\/www.versiegelung24.com\/sq\/model-beton-gur-vulosje-me-ekstrem-uje-neveritshmeri-qe-nuk-merr-fryme.html#breadcrumb"},"inLanguage":"sq-AL","potentialAction":[{"@type":"ReadAction","target":["https:\/\/www.versiegelung24.com\/sq\/model-beton-gur-vulosje-me-ekstrem-uje-neveritshmeri-qe-nuk-merr-fryme.html"]}]},{"@type":"ImageObject","inLanguage":"sq-AL","@id":"https:\/\/www.versiegelung24.com\/sq\/model-beton-gur-vulosje-me-ekstrem-uje-neveritshmeri-qe-nuk-merr-fryme.html#primaryimage","url":"https:\/\/www.versiegelung24.com\/wp-content\/uploads\/2020\/04\/versiegelung-muster.png","contentUrl":"https:\/\/www.versiegelung24.com\/wp-content\/uploads\/2020\/04\/versiegelung-muster.png","width":1000,"height":1000},{"@type":"BreadcrumbList","@id":"https:\/\/www.versiegelung24.com\/sq\/model-beton-gur-vulosje-me-ekstrem-uje-neveritshmeri-qe-nuk-merr-fryme.html#breadcrumb","itemListElement":[{"@type":"ListItem","position":1,"name":"Faqja kryesore","item":"https:\/\/www.versiegelung24.com\/sq\/perpara\/"},{"@type":"ListItem","position":2,"name":"Dyqan","item":"https:\/\/www.versiegelung24.com\/sq\/dyqan\/"},{"@type":"ListItem","position":3,"name":"Modeli: Grumbullues premium betoni dhe guri me intensifikimin e ngjyr\u00ebs &#8211; nuk merr frym\u00eb &#8211; 3008-704"}]},{"@type":"WebSite","@id":"https:\/\/www.versiegelung24.com\/sq\/#website","url":"https:\/\/www.versiegelung24.com\/sq\/","name":"versiegelung24.com","description":"Fl\u00fcssigglas-Versiegelung - Made in Germany","publisher":{"@id":"https:\/\/www.versiegelung24.com\/sq\/#organization"},"potentialAction":[{"@type":"SearchAction","target":{"@type":"EntryPoint","urlTemplate":"https:\/\/www.versiegelung24.com\/sq\/?s={search_term_string}"},"query-input":{"@type":"PropertyValueSpecification","valueRequired":true,"valueName":"search_term_string"}}],"inLanguage":"sq-AL"},{"@type":"Organization","@id":"https:\/\/www.versiegelung24.com\/sq\/#organization","name":"versiegelung24","url":"https:\/\/www.versiegelung24.com\/sq\/","logo":{"@type":"ImageObject","inLanguage":"sq-AL","@id":"https:\/\/www.versiegelung24.com\/sq\/#\/schema\/logo\/image\/","url":"https:\/\/www.versiegelung24.com\/wp-content\/uploads\/2020\/04\/versiegelung24.png","contentUrl":"https:\/\/www.versiegelung24.com\/wp-content\/uploads\/2020\/04\/versiegelung24.png","width":470,"height":102,"caption":"versiegelung24"},"image":{"@id":"https:\/\/www.versiegelung24.com\/sq\/#\/schema\/logo\/image\/"}}]},"og_availability":"backorder","product_availability":"available for order","product_retailer_item_id":"3008-704-muster","product_condition":"new"},"_links":{"self":[{"href":"https:\/\/www.versiegelung24.com\/sq\/wp-json\/wp\/v2\/product\/24019","targetHints":{"allow":["GET"]}}],"collection":[{"href":"https:\/\/www.versiegelung24.com\/sq\/wp-json\/wp\/v2\/product"}],"about":[{"href":"https:\/\/www.versiegelung24.com\/sq\/wp-json\/wp\/v2\/types\/product"}],"version-history":[{"count":2,"href":"https:\/\/www.versiegelung24.com\/sq\/wp-json\/wp\/v2\/product\/24019\/revisions"}],"predecessor-version":[{"id":140646,"href":"https:\/\/www.versiegelung24.com\/sq\/wp-json\/wp\/v2\/product\/24019\/revisions\/140646"}],"wp:featuredmedia":[{"embeddable":true,"href":"https:\/\/www.versiegelung24.com\/sq\/wp-json\/wp\/v2\/media\/14600"}],"wp:attachment":[{"href":"https:\/\/www.versiegelung24.com\/sq\/wp-json\/wp\/v2\/media?parent=24019"}],"wp:term":[{"taxonomy":"product_brand","embeddable":true,"href":"https:\/\/www.versiegelung24.com\/sq\/wp-json\/wp\/v2\/product_brand?post=24019"},{"taxonomy":"product_cat","embeddable":true,"href":"https:\/\/www.versiegelung24.com\/sq\/wp-json\/wp\/v2\/product_cat?post=24019"},{"taxonomy":"product_tag","embeddable":true,"href":"https:\/\/www.versiegelung24.com\/sq\/wp-json\/wp\/v2\/product_tag?post=24019"}],"curies":[{"name":"wp","href":"https:\/\/api.w.org\/{rel}","templated":true}]}}