{"id":24087,"date":"2020-04-27T21:49:59","date_gmt":"2021-08-02T20:23:33","guid":{"rendered":"https:\/\/www.versiegelung24.com\/produkt\/monument-stone-vulosje-me-gure-dhe-beton-me-performance-te-larte"},"modified":"2025-03-20T09:54:06","modified_gmt":"2025-03-20T08:54:06","slug":"vulosje-monument-gur-gur-dhe-beton-performance-te-larte","status":"publish","type":"product","link":"https:\/\/www.versiegelung24.com\/sq\/monument-gur-gur-dhe-beton-vulosje-me-performance-te-larte.html","title":{"rendered":"Guri Monument &#8211; Mbyt\u00ebs xhami i l\u00ebngsh\u00ebm prej guri dhe betoni"},"content":{"rendered":"\n<p>Vula jon\u00eb me performanc\u00eb t\u00eb lart\u00eb Monument Stone mbron n\u00eb m\u00ebnyr\u00eb efektive dhe t\u00eb p\u00ebrhershme produktet e gurit t\u00eb betonit me cil\u00ebsi t\u00eb lart\u00eb nga ndotja e p\u00ebrgjithshme nga uji, ushqimi dhe vajrat.<\/p>\n\n<hr \/>\n\n<h4 class=\"wp-block-heading\" id=\"properties\">Karakteristikat e produktit<\/h4>\n\n<div class=\"wp-block-columns is-layout-flex wp-container-core-columns-is-layout-9d6595d7 wp-block-columns-is-layout-flex\">\n<div class=\"wp-block-column is-layout-flow wp-block-column-is-layout-flow\">\n<p><strong>Mbyllje me performanc\u00eb t\u00eb lart\u00eb p\u00ebr produktet e gurit dhe blloqeve t\u00eb betonit p\u00ebr t\u00eb reduktuar tendenc\u00ebn e p\u00ebrgjithshme t\u00eb ndotjes me uj\u00eb, ushqim dhe vajra<\/strong><\/p>\n\n\n\n<p>Numri i artikullit: 3009-8637<\/p>\n\n\n\n<p>Cil\u00ebsi e lart\u00eb Prodhuar n\u00eb Gjermani<\/p>\n\n\n\n<p><strong>siguria e produktit<\/strong><\/p>\n\n\n\n<p>Informacioni mbi klasifikimin e produktit brenda korniz\u00ebs s\u00eb Urdh\u00ebres\u00ebs p\u00ebr substancat e rrezikshme, t\u00eb dh\u00ebnat e siguris\u00eb dhe t\u00eb dh\u00ebnat mbi toksikologjin\u00eb dhe ruajtjen mund t\u00eb gjenden n\u00eb flet\u00ebn ton\u00eb t\u00eb t\u00eb dh\u00ebnave t\u00eb siguris\u00eb.<\/p>\n\n\n\n<p><strong>magazinimit<\/strong><\/p>\n\n\n\n<p>Duhet t\u00eb respektohet informacioni n\u00eb flet\u00ebn p\u00ebrkat\u00ebse t\u00eb t\u00eb dh\u00ebnave t\u00eb siguris\u00eb (MSDS).<\/p>\n\n\n\n<p>V24 Monument Stone duhet t\u00eb ruhet n\u00eb nj\u00eb vend t\u00eb that\u00eb, t\u00eb ajrosur mir\u00eb dhe t\u00eb fresk\u00ebt (20\u00b0C). Ruani\/ruani vet\u00ebm n\u00eb en\u00ebn origjinale t\u00eb mbyllur mir\u00eb. Mbroni nga rrezet e diellit direkte. N\u00ebse ruhet si\u00e7 duhet, afati minimal i ruajtjes \u00ebsht\u00eb 12 muaj nga data e prodhimit.<\/p>\n\n\n\n<p>Nj\u00eb periudh\u00eb m\u00eb e gjat\u00eb e ruajtjes nuk do t\u00eb thot\u00eb domosdoshm\u00ebrisht q\u00eb produkti \u00ebsht\u00eb i pap\u00ebrdorsh\u00ebm, megjithat\u00eb, p\u00ebr sa i p\u00ebrket sigurimit t\u00eb cil\u00ebsis\u00eb, duhet t\u00eb kontrollohen vetit\u00eb e d\u00ebshiruara p\u00ebr p\u00ebrdorimin e synuar.<\/p>\n<\/div>\n\n\n\n<div class=\"wp-block-column is-layout-flow wp-block-column-is-layout-flow\">\n<p>\u2713 Impregnim me performanc\u00eb t\u00eb lart\u00eb me baz\u00eb uji<\/p>\n\n\n\n<p>\u2713 Efektive deri n\u00eb 10 vjet (me kusht q\u00eb t\u00eb p\u00ebrdoret si\u00e7 duhet)<\/p>\n\n\n\n<p>\u2713 Ve\u00e7an\u00ebrisht i p\u00ebrshtatsh\u00ebm p\u00ebr mbrojtjen afatgjat\u00eb t\u00eb monumenteve<\/p>\n\n\n\n<p>\u2713 shum\u00eb i p\u00ebrqendruar<\/p>\n\n\n\n<p>\u2713 Mbrojtje afatgjat\u00eb p\u00ebrmes lidhjes kimike t\u00eb substratit<\/p>\n\n\n\n<p>\u2713 Rezistent ndaj alkaleve deri n\u00eb pH 10-11*<\/p>\n\n\n\n<p>\u2713 Efekt jo ngjit\u00ebs<\/p>\n\n\n\n<p>\u2713 Shum\u00eb largues ndaj vajit, ujit dhe papast\u00ebrtive<\/p>\n\n\n\n<p>\u2713 Rezistent ndaj alkaleve<\/p>\n\n\n\n<p>\u2713 Lul\u00ebzimi i reduktuar<\/p>\n\n\n\n<p>\u2713 Minimizimi i ngjitjes s\u00eb papast\u00ebrtive<\/p>\n\n\n\n<p>\u2713 Reduktimi i rritjes s\u00eb algave dhe myshkut<\/p>\n\n\n\n<p>\u2713 redukton ndotjen<\/p>\n\n\n\n<p>\u2713 E hapur ndaj difuzionit t\u00eb avullit<\/p>\n\n\n\n<p>\u2713 thahet shpejt dhe pa ngjitje<\/p>\n\n\n\n<p>\u2713 Stabilitet i lart\u00eb UV<\/p>\n\n\n\n<p>\u2713 Zgjidhje e gatshme p\u00ebr p\u00ebrdorim<\/p>\n\n\n\n<p>\u2713 e padukshme<\/p>\n<\/div>\n<\/div>\n\n<hr \/>\n\n<h4 class=\"wp-block-heading\" id=\"application\">Aplikacion<\/h4>\n\n<div class=\"wp-block-columns is-layout-flex wp-container-core-columns-is-layout-9d6595d7 wp-block-columns-is-layout-flex\">\n<div class=\"wp-block-column is-layout-flow wp-block-column-is-layout-flow\">\n<ul class=\"wp-block-list\">\n<li><strong>V24 Monument Stone &#8211; vulosja e qelqit t\u00eb l\u00ebngsh\u00ebm<\/strong> aplikohet i paholluar n\u00eb sip\u00ebrfaqen e pastruar dhe t\u00eb thar\u00eb paraprakisht, pasi kjo \u00ebsht\u00eb e vetmja m\u00ebnyr\u00eb p\u00ebr t\u00eb siguruar dep\u00ebrtim t\u00eb thell\u00eb t\u00eb vulosjes, gj\u00eb q\u00eb shkakton nj\u00eb efekt optimal afatgjat\u00eb dhe t\u00eb thell\u00eb.<\/li>\n<\/ul>\n\n\n\n<ul class=\"wp-block-list\">\n<li>Mbyllja aplikohet n\u00eb m\u00ebnyr\u00eb t\u00eb barabart\u00eb dhe t\u00eb holl\u00eb n\u00eb n\u00ebnshtres\u00eb derisa sip\u00ebrfaqja t\u00eb duket e lagur mat.<\/li>\n<\/ul>\n\n\n\n<ul class=\"wp-block-list\">\n<li>Aplikohet me fur\u00e7\u00eb, rul me shkum\u00eb, leck\u00eb mikrofib\u00ebr ose me sp\u00ebrkatje.<\/li>\n<\/ul>\n\n\n\n<ul class=\"wp-block-list\">\n<li>Duhet t\u00eb shmanget formimi i pellgjeve. Agjenti i tep\u00ebrt hidroizolues duhet t\u00eb hiqet nga n\u00ebnshtresa.<\/li>\n<\/ul>\n<\/div>\n\n\n\n<div class=\"wp-block-column is-layout-flow wp-block-column-is-layout-flow\">\n<ul class=\"wp-block-list\">\n<li>Pas aplikimit, guri i <strong>monumentit V24<\/strong> duhet t\u00eb q\u00ebndroj\u00eb n\u00eb kontakt me sip\u00ebrfaqen si nj\u00eb shtres\u00eb e l\u00ebngshme p\u00ebr disa sekonda.<\/li>\n<\/ul>\n\n\n\n<ul class=\"wp-block-list\">\n<li>Funksionaliteti i plot\u00eb ndodh pas 48 or\u00ebsh n\u00eb tharje n\u00eb temperatur\u00ebn e dhom\u00ebs. Tharja e thell\u00eb mund t\u00eb ndryshoj\u00eb gjithashtu n\u00eb var\u00ebsi t\u00eb n\u00ebnshtres\u00ebs.<\/li>\n<\/ul>\n\n\n\n<p>Nj\u00eb p\u00ebrshkrim i detajuar i aplikimit mund t\u00eb gjendet n\u00eb flet\u00ebn ton\u00eb t\u00eb t\u00eb dh\u00ebnave<\/p>\n\n\n\n<p>Mbyllje xhami e l\u00ebngshme shum\u00eb efektive p\u00ebr produkte monument &#8211; guri dhe blloqe betoni.<\/p>\n\n\n\n<p>\u2713 Betoni (artikuj)<\/p>\n\n\n\n<p>\u2713 Guri (artikuj)<\/p>\n\n\n\n<p>\u2713 Sistemet e pllakave dhe gurit t\u00eb shtrimit<\/p>\n\n\n\n<p>\u2713 Gur\u00eb monumentesh<\/p>\n<\/div>\n<\/div>\n","protected":false},"excerpt":{"rendered":"<p><strong>Ngjit\u00ebs xhami i l\u00ebngsh\u00ebm kund\u00ebr vajit, ujit dhe papast\u00ebrtive p\u00ebr sip\u00ebrfaqe guri dhe betoni<\/strong><\/p>\n<p>\u2713 Mbrojtje afatgjat\u00eb p\u00ebrmes lidhjes kimike t\u00eb substratit<\/p>\n<p>\u2713 Shum\u00eb largues ndaj vajit, ujit dhe papast\u00ebrtive<\/p>\n<p>\u2713 Mbrojtje afatgjat\u00eb mbi gur\u00ebt e monumentit<\/p>\n<p>\u2713 Reduktimi i rritjes s\u00eb algave dhe myshkut<\/p>\n<p>\u2713 Efekt jo ngjit\u00ebs<\/p>\n","protected":false},"featured_media":18133,"template":"","meta":{"_acf_changed":false,"neve_meta_sidebar":"","neve_meta_container":"","neve_meta_enable_content_width":"","neve_meta_content_width":0,"neve_meta_title_alignment":"","neve_meta_author_avatar":"","neve_post_elements_order":"","neve_meta_disable_header":"","neve_meta_disable_footer":"","neve_meta_disable_title":"","neve_meta_reading_time":"","_surfaces":[],"_ver_product_tabs":[],"footnotes":""},"product_brand":[],"product_cat":[2397],"product_tag":[],"class_list":{"0":"post-24087","1":"product","2":"type-product","3":"status-publish","4":"has-post-thumbnail","6":"product_cat-vulosje-prej-guri-dhe-betoni","8":"first","9":"onbackorder","10":"taxable","11":"shipping-taxable","12":"purchasable","13":"product-type-simple"},"acf":[],"yoast_head":"<!-- This site is optimized with the Yoast SEO Premium plugin v22.8 (Yoast SEO v27.5) - https:\/\/yoast.com\/product\/yoast-seo-premium-wordpress\/ -->\n<title>Guri Monument - Mbyt\u00ebs xhami i l\u00ebngsh\u00ebm prej guri dhe betoni - versiegelung24.com<\/title>\n<meta name=\"robots\" content=\"index, follow, max-snippet:-1, max-image-preview:large, max-video-preview:-1\" \/>\n<link rel=\"canonical\" href=\"https:\/\/www.versiegelung24.com\/sq\/monument-gur-gur-dhe-beton-vulosje-me-performance-te-larte.html\" \/>\n<meta property=\"og:locale\" content=\"sq_AL\" \/>\n<meta property=\"og:type\" content=\"article\" \/>\n<meta property=\"og:title\" content=\"Guri Monument - Mbyt\u00ebs xhami i l\u00ebngsh\u00ebm prej guri dhe betoni\" \/>\n<meta property=\"og:description\" content=\"Ngjit\u00ebs xhami i l\u00ebngsh\u00ebm kund\u00ebr vajit, ujit dhe papast\u00ebrtive p\u00ebr sip\u00ebrfaqe guri dhe betoni \u2713 Mbrojtje afatgjat\u00eb p\u00ebrmes lidhjes kimike t\u00eb substratit \u2713 Shum\u00eb largues ndaj vajit, ujit dhe papast\u00ebrtive \u2713 Mbrojtje afatgjat\u00eb mbi gur\u00ebt e monumentit \u2713 Reduktimi i rritjes s\u00eb algave dhe myshkut \u2713 Efekt jo ngjit\u00ebs\" \/>\n<meta property=\"og:url\" content=\"https:\/\/www.versiegelung24.com\/sq\/monument-gur-gur-dhe-beton-vulosje-me-performance-te-larte.html\" \/>\n<meta property=\"og:site_name\" content=\"versiegelung24.com\" \/>\n<meta property=\"article:modified_time\" content=\"2025-03-20T08:54:06+00:00\" \/>\n<meta property=\"og:image\" content=\"https:\/\/www.versiegelung24.com\/wp-content\/uploads\/2020\/06\/produkt-3009-7637-1000-Monument-Stone-scaled.jpg\" \/>\n\t<meta property=\"og:image:width\" content=\"2560\" \/>\n\t<meta property=\"og:image:height\" content=\"2560\" \/>\n\t<meta property=\"og:image:type\" content=\"image\/jpeg\" \/>\n<meta name=\"twitter:card\" content=\"summary_large_image\" \/>\n<meta name=\"twitter:label1\" content=\"Price\" \/>\n\t<meta name=\"twitter:data1\" content=\"89,99&euro;\" \/>\n\t<meta name=\"twitter:label2\" content=\"Availability\" \/>\n\t<meta name=\"twitter:data2\" content=\"On backorder\" \/>\n<script type=\"application\/ld+json\" class=\"yoast-schema-graph\">{\"@context\":\"https:\\\/\\\/schema.org\",\"@graph\":[{\"@type\":\"WebPage\",\"@id\":\"https:\\\/\\\/www.versiegelung24.com\\\/sq\\\/monument-gur-gur-dhe-beton-vulosje-me-performance-te-larte.html\",\"url\":\"https:\\\/\\\/www.versiegelung24.com\\\/sq\\\/monument-gur-gur-dhe-beton-vulosje-me-performance-te-larte.html\",\"name\":\"Guri Monument - Mbyt\u00ebs xhami i l\u00ebngsh\u00ebm prej guri dhe betoni - versiegelung24.com\",\"isPartOf\":{\"@id\":\"https:\\\/\\\/www.versiegelung24.com\\\/sq\\\/#website\"},\"primaryImageOfPage\":{\"@id\":\"https:\\\/\\\/www.versiegelung24.com\\\/sq\\\/monument-gur-gur-dhe-beton-vulosje-me-performance-te-larte.html#primaryimage\"},\"image\":{\"@id\":\"https:\\\/\\\/www.versiegelung24.com\\\/sq\\\/monument-gur-gur-dhe-beton-vulosje-me-performance-te-larte.html#primaryimage\"},\"thumbnailUrl\":\"https:\\\/\\\/www.versiegelung24.com\\\/wp-content\\\/uploads\\\/2020\\\/06\\\/produkt-3009-7637-1000-Monument-Stone-scaled.jpg\",\"datePublished\":\"2021-08-02T20:23:33+00:00\",\"dateModified\":\"2025-03-20T08:54:06+00:00\",\"breadcrumb\":{\"@id\":\"https:\\\/\\\/www.versiegelung24.com\\\/sq\\\/monument-gur-gur-dhe-beton-vulosje-me-performance-te-larte.html#breadcrumb\"},\"inLanguage\":\"sq-AL\",\"potentialAction\":[{\"@type\":\"ReadAction\",\"target\":[\"https:\\\/\\\/www.versiegelung24.com\\\/sq\\\/monument-gur-gur-dhe-beton-vulosje-me-performance-te-larte.html\"]}]},{\"@type\":\"ImageObject\",\"inLanguage\":\"sq-AL\",\"@id\":\"https:\\\/\\\/www.versiegelung24.com\\\/sq\\\/monument-gur-gur-dhe-beton-vulosje-me-performance-te-larte.html#primaryimage\",\"url\":\"https:\\\/\\\/www.versiegelung24.com\\\/wp-content\\\/uploads\\\/2020\\\/06\\\/produkt-3009-7637-1000-Monument-Stone-scaled.jpg\",\"contentUrl\":\"https:\\\/\\\/www.versiegelung24.com\\\/wp-content\\\/uploads\\\/2020\\\/06\\\/produkt-3009-7637-1000-Monument-Stone-scaled.jpg\",\"width\":2560,\"height\":2560},{\"@type\":\"BreadcrumbList\",\"@id\":\"https:\\\/\\\/www.versiegelung24.com\\\/sq\\\/monument-gur-gur-dhe-beton-vulosje-me-performance-te-larte.html#breadcrumb\",\"itemListElement\":[{\"@type\":\"ListItem\",\"position\":1,\"name\":\"Faqja kryesore\",\"item\":\"https:\\\/\\\/www.versiegelung24.com\\\/sq\\\/perpara\\\/\"},{\"@type\":\"ListItem\",\"position\":2,\"name\":\"Dyqan\",\"item\":\"https:\\\/\\\/www.versiegelung24.com\\\/sq\\\/dyqan\\\/\"},{\"@type\":\"ListItem\",\"position\":3,\"name\":\"Guri Monument &#8211; Mbyt\u00ebs xhami i l\u00ebngsh\u00ebm prej guri dhe betoni\"}]},{\"@type\":\"WebSite\",\"@id\":\"https:\\\/\\\/www.versiegelung24.com\\\/sq\\\/#website\",\"url\":\"https:\\\/\\\/www.versiegelung24.com\\\/sq\\\/\",\"name\":\"versiegelung24.com\",\"description\":\"Fl\u00fcssigglas-Versiegelung - Made in Germany\",\"publisher\":{\"@id\":\"https:\\\/\\\/www.versiegelung24.com\\\/sq\\\/#organization\"},\"potentialAction\":[{\"@type\":\"SearchAction\",\"target\":{\"@type\":\"EntryPoint\",\"urlTemplate\":\"https:\\\/\\\/www.versiegelung24.com\\\/sq\\\/?s={search_term_string}\"},\"query-input\":{\"@type\":\"PropertyValueSpecification\",\"valueRequired\":true,\"valueName\":\"search_term_string\"}}],\"inLanguage\":\"sq-AL\"},{\"@type\":\"Organization\",\"@id\":\"https:\\\/\\\/www.versiegelung24.com\\\/sq\\\/#organization\",\"name\":\"versiegelung24\",\"url\":\"https:\\\/\\\/www.versiegelung24.com\\\/sq\\\/\",\"logo\":{\"@type\":\"ImageObject\",\"inLanguage\":\"sq-AL\",\"@id\":\"https:\\\/\\\/www.versiegelung24.com\\\/sq\\\/#\\\/schema\\\/logo\\\/image\\\/\",\"url\":\"https:\\\/\\\/www.versiegelung24.com\\\/wp-content\\\/uploads\\\/2020\\\/04\\\/versiegelung24.png\",\"contentUrl\":\"https:\\\/\\\/www.versiegelung24.com\\\/wp-content\\\/uploads\\\/2020\\\/04\\\/versiegelung24.png\",\"width\":470,\"height\":102,\"caption\":\"versiegelung24\"},\"image\":{\"@id\":\"https:\\\/\\\/www.versiegelung24.com\\\/sq\\\/#\\\/schema\\\/logo\\\/image\\\/\"}}]}<\/script>\n<meta property=\"product:price:amount\" content=\"89.99\" \/>\n<meta property=\"product:price:currency\" content=\"EUR\" \/>\n<meta property=\"og:availability\" content=\"backorder\" \/>\n<meta property=\"product:availability\" content=\"available for order\" \/>\n<meta property=\"product:retailer_item_id\" content=\"3009-8637-1\" \/>\n<meta property=\"product:condition\" content=\"new\" \/>\n<!-- \/ Yoast SEO Premium plugin. -->","yoast_head_json":{"title":"Guri Monument - Mbyt\u00ebs xhami i l\u00ebngsh\u00ebm prej guri dhe betoni - versiegelung24.com","robots":{"index":"index","follow":"follow","max-snippet":"max-snippet:-1","max-image-preview":"max-image-preview:large","max-video-preview":"max-video-preview:-1"},"canonical":"https:\/\/www.versiegelung24.com\/sq\/monument-gur-gur-dhe-beton-vulosje-me-performance-te-larte.html","og_locale":"sq_AL","og_type":"article","og_title":"Guri Monument - Mbyt\u00ebs xhami i l\u00ebngsh\u00ebm prej guri dhe betoni","og_description":"Ngjit\u00ebs xhami i l\u00ebngsh\u00ebm kund\u00ebr vajit, ujit dhe papast\u00ebrtive p\u00ebr sip\u00ebrfaqe guri dhe betoni \u2713 Mbrojtje afatgjat\u00eb p\u00ebrmes lidhjes kimike t\u00eb substratit \u2713 Shum\u00eb largues ndaj vajit, ujit dhe papast\u00ebrtive \u2713 Mbrojtje afatgjat\u00eb mbi gur\u00ebt e monumentit \u2713 Reduktimi i rritjes s\u00eb algave dhe myshkut \u2713 Efekt jo ngjit\u00ebs","og_url":"https:\/\/www.versiegelung24.com\/sq\/monument-gur-gur-dhe-beton-vulosje-me-performance-te-larte.html","og_site_name":"versiegelung24.com","article_modified_time":"2025-03-20T08:54:06+00:00","og_image":[{"width":2560,"height":2560,"url":"https:\/\/www.versiegelung24.com\/wp-content\/uploads\/2020\/06\/produkt-3009-7637-1000-Monument-Stone-scaled.jpg","type":"image\/jpeg"}],"twitter_card":"summary_large_image","twitter_misc":{"Price":"89,99&euro;","Availability":"On backorder"},"schema":{"@context":"https:\/\/schema.org","@graph":[{"@type":"WebPage","@id":"https:\/\/www.versiegelung24.com\/sq\/monument-gur-gur-dhe-beton-vulosje-me-performance-te-larte.html","url":"https:\/\/www.versiegelung24.com\/sq\/monument-gur-gur-dhe-beton-vulosje-me-performance-te-larte.html","name":"Guri Monument - Mbyt\u00ebs xhami i l\u00ebngsh\u00ebm prej guri dhe betoni - versiegelung24.com","isPartOf":{"@id":"https:\/\/www.versiegelung24.com\/sq\/#website"},"primaryImageOfPage":{"@id":"https:\/\/www.versiegelung24.com\/sq\/monument-gur-gur-dhe-beton-vulosje-me-performance-te-larte.html#primaryimage"},"image":{"@id":"https:\/\/www.versiegelung24.com\/sq\/monument-gur-gur-dhe-beton-vulosje-me-performance-te-larte.html#primaryimage"},"thumbnailUrl":"https:\/\/www.versiegelung24.com\/wp-content\/uploads\/2020\/06\/produkt-3009-7637-1000-Monument-Stone-scaled.jpg","datePublished":"2021-08-02T20:23:33+00:00","dateModified":"2025-03-20T08:54:06+00:00","breadcrumb":{"@id":"https:\/\/www.versiegelung24.com\/sq\/monument-gur-gur-dhe-beton-vulosje-me-performance-te-larte.html#breadcrumb"},"inLanguage":"sq-AL","potentialAction":[{"@type":"ReadAction","target":["https:\/\/www.versiegelung24.com\/sq\/monument-gur-gur-dhe-beton-vulosje-me-performance-te-larte.html"]}]},{"@type":"ImageObject","inLanguage":"sq-AL","@id":"https:\/\/www.versiegelung24.com\/sq\/monument-gur-gur-dhe-beton-vulosje-me-performance-te-larte.html#primaryimage","url":"https:\/\/www.versiegelung24.com\/wp-content\/uploads\/2020\/06\/produkt-3009-7637-1000-Monument-Stone-scaled.jpg","contentUrl":"https:\/\/www.versiegelung24.com\/wp-content\/uploads\/2020\/06\/produkt-3009-7637-1000-Monument-Stone-scaled.jpg","width":2560,"height":2560},{"@type":"BreadcrumbList","@id":"https:\/\/www.versiegelung24.com\/sq\/monument-gur-gur-dhe-beton-vulosje-me-performance-te-larte.html#breadcrumb","itemListElement":[{"@type":"ListItem","position":1,"name":"Faqja kryesore","item":"https:\/\/www.versiegelung24.com\/sq\/perpara\/"},{"@type":"ListItem","position":2,"name":"Dyqan","item":"https:\/\/www.versiegelung24.com\/sq\/dyqan\/"},{"@type":"ListItem","position":3,"name":"Guri Monument &#8211; Mbyt\u00ebs xhami i l\u00ebngsh\u00ebm prej guri dhe betoni"}]},{"@type":"WebSite","@id":"https:\/\/www.versiegelung24.com\/sq\/#website","url":"https:\/\/www.versiegelung24.com\/sq\/","name":"versiegelung24.com","description":"Fl\u00fcssigglas-Versiegelung - Made in Germany","publisher":{"@id":"https:\/\/www.versiegelung24.com\/sq\/#organization"},"potentialAction":[{"@type":"SearchAction","target":{"@type":"EntryPoint","urlTemplate":"https:\/\/www.versiegelung24.com\/sq\/?s={search_term_string}"},"query-input":{"@type":"PropertyValueSpecification","valueRequired":true,"valueName":"search_term_string"}}],"inLanguage":"sq-AL"},{"@type":"Organization","@id":"https:\/\/www.versiegelung24.com\/sq\/#organization","name":"versiegelung24","url":"https:\/\/www.versiegelung24.com\/sq\/","logo":{"@type":"ImageObject","inLanguage":"sq-AL","@id":"https:\/\/www.versiegelung24.com\/sq\/#\/schema\/logo\/image\/","url":"https:\/\/www.versiegelung24.com\/wp-content\/uploads\/2020\/04\/versiegelung24.png","contentUrl":"https:\/\/www.versiegelung24.com\/wp-content\/uploads\/2020\/04\/versiegelung24.png","width":470,"height":102,"caption":"versiegelung24"},"image":{"@id":"https:\/\/www.versiegelung24.com\/sq\/#\/schema\/logo\/image\/"}}]},"product_price_amount":"89.99","product_price_currency":"EUR","og_availability":"backorder","product_availability":"available for order","product_retailer_item_id":"3009-8637-1","product_condition":"new"},"_links":{"self":[{"href":"https:\/\/www.versiegelung24.com\/sq\/wp-json\/wp\/v2\/product\/24087","targetHints":{"allow":["GET"]}}],"collection":[{"href":"https:\/\/www.versiegelung24.com\/sq\/wp-json\/wp\/v2\/product"}],"about":[{"href":"https:\/\/www.versiegelung24.com\/sq\/wp-json\/wp\/v2\/types\/product"}],"version-history":[{"count":23,"href":"https:\/\/www.versiegelung24.com\/sq\/wp-json\/wp\/v2\/product\/24087\/revisions"}],"predecessor-version":[{"id":181053,"href":"https:\/\/www.versiegelung24.com\/sq\/wp-json\/wp\/v2\/product\/24087\/revisions\/181053"}],"wp:featuredmedia":[{"embeddable":true,"href":"https:\/\/www.versiegelung24.com\/sq\/wp-json\/wp\/v2\/media\/18133"}],"wp:attachment":[{"href":"https:\/\/www.versiegelung24.com\/sq\/wp-json\/wp\/v2\/media?parent=24087"}],"wp:term":[{"taxonomy":"product_brand","embeddable":true,"href":"https:\/\/www.versiegelung24.com\/sq\/wp-json\/wp\/v2\/product_brand?post=24087"},{"taxonomy":"product_cat","embeddable":true,"href":"https:\/\/www.versiegelung24.com\/sq\/wp-json\/wp\/v2\/product_cat?post=24087"},{"taxonomy":"product_tag","embeddable":true,"href":"https:\/\/www.versiegelung24.com\/sq\/wp-json\/wp\/v2\/product_tag?post=24087"}],"curies":[{"name":"wp","href":"https:\/\/api.w.org\/{rel}","templated":true}]}}