{"id":24146,"date":"2020-04-04T18:53:46","date_gmt":"2021-08-02T20:28:47","guid":{"rendered":"https:\/\/www.versiegelung24.com\/produkt\/nenshkrimi-i-celularit-te-qelqit-te-lengshem-mbrojtes-i-lengshem-i-ekranit"},"modified":"2025-01-06T15:09:27","modified_gmt":"2025-01-06T14:09:27","slug":"lengu-qelqi-celular-mbyllja-lengu-ekrani-mbrojtja","status":"publish","type":"product","link":"https:\/\/www.versiegelung24.com\/sq\/lengu-qelqi-celular-mbyllja-lengu-ekrani-mbrojtja.html","title":{"rendered":"N\u00ebnshkrimi i celularit t\u00eb qelqit t\u00eb l\u00ebngsh\u00ebm &#8211; mbrojt\u00ebs i l\u00ebngsh\u00ebm i ekranit"},"content":{"rendered":"\n<p><strong>Veshje qelqi e l\u00ebngshme shum\u00eb efektive p\u00ebr ekranet e celular\u00ebve &#8211; nano -mbrojtje kund\u00ebr g\u00ebrvishtjeve, baktereve, rrezatimit, papast\u00ebrtis\u00eb dhe lag\u00ebshtir\u00ebs<\/strong><\/p>\n\n<p>Cil\u00ebsi e lart\u00eb &#8211; Prodhuar n\u00eb Gjermani<\/p>\n\n<hr\/>\n\n<h4 class=\"wp-block-heading\" id=\"properties\">Karakteristikat e produktit<\/h4>\n\n<div class=\"wp-block-columns is-layout-flex wp-container-core-columns-is-layout-9d6595d7 wp-block-columns-is-layout-flex\">\n<div class=\"wp-block-column is-layout-flow wp-block-column-is-layout-flow\">\n<ul class=\"wp-block-list\"><li>Shum\u00eb e leht\u00eb p\u00ebr tu aplikuar<\/li><li>I p\u00ebrshtatsh\u00ebm p\u00ebr t\u00eb gjitha modelet e celular\u00ebve, tablet\u00ebt, telefonat inteligjent\u00eb. P\u00ebrfshir\u00eb &#8220;Edge&#8221;<\/li><li>Plot\u00ebsisht pa flluska dhe e padukshme<\/li><li>Mbrojtje nga g\u00ebrvishtjet kund\u00ebr mikrosk\u00ebrkimeve<\/li><li>Plot\u00ebsisht pa flluska dhe e padukshme<\/li><li>Frenon rritjen e baktereve<\/li><\/ul>\n<\/div>\n\n\n\n<div class=\"wp-block-column is-layout-flow wp-block-column-is-layout-flow\">\n<ul class=\"wp-block-list\" id=\"block-f0da57e8-d3f5-402c-8f3a-1888e700b7ff\"><li>Redukton gjurm\u00ebt e gisht\u00ebrinjve<\/li><li>Redukton rrezatimin gama<\/li><li>Sip\u00ebrfaqja b\u00ebhet shum\u00eb e leht\u00eb p\u00ebr tu pastruar<\/li><li>Asnj\u00eb d\u00ebmtim i funksioneve Touch &amp; Button, rrotullimi b\u00ebhet m\u00eb i k\u00ebndsh\u00ebm<\/li><li>Mund t\u00eb ruhet p\u00ebr shum\u00eb muaj<\/li><\/ul>\n<\/div>\n<\/div>\n\n<p>Fusha e dor\u00ebzimit:<\/p>\n\n<p>2 lecka para-pastrimi me alkool dhe 2 p\u00eblhura t\u00eb mbyllura qelqi t\u00eb l\u00ebngshme p\u00ebr ekranet me prekje (qelqi dhe plastika, secila p\u00ebr rreth 0.5m\u00b2) 1 leck\u00eb mikrofibre, 2 doreza mbrojt\u00ebse<\/p>\n","protected":false},"excerpt":{"rendered":"<p><strong>Mjaftueshme p\u00ebr 2 pajisje:<\/strong><\/p>\n<p>\u2713 Mbrojt\u00ebs p\u00ebr mbylljen e ekranit t\u00eb celularit me qelq t\u00eb l\u00ebngsh\u00ebm<\/p>\n<p>\u2713 Veshje nano<\/p>\n<p>\u2713 100% pa flluska.<\/p>\n","protected":false},"featured_media":13225,"template":"","meta":{"_acf_changed":false,"neve_meta_sidebar":"","neve_meta_container":"","neve_meta_enable_content_width":"","neve_meta_content_width":0,"neve_meta_title_alignment":"","neve_meta_author_avatar":"","neve_post_elements_order":"","neve_meta_disable_header":"","neve_meta_disable_footer":"","neve_meta_disable_title":"","neve_meta_reading_time":"","_surfaces":[],"_ver_product_tabs":[],"footnotes":""},"product_brand":[],"product_cat":[2393,2395],"product_tag":[],"class_list":{"0":"post-24146","1":"product","2":"type-product","3":"status-publish","4":"has-post-thumbnail","6":"product_cat-vulosje-per-qelq-dhe-qeramike","7":"product_cat-vulosje-metalike-dhe-plastike","9":"first","10":"instock","11":"taxable","12":"shipping-taxable","13":"purchasable","14":"product-type-simple"},"acf":[],"yoast_head":"<!-- This site is optimized with the Yoast SEO Premium plugin v22.8 (Yoast SEO v27.5) - https:\/\/yoast.com\/product\/yoast-seo-premium-wordpress\/ -->\n<title>N\u00ebnshkrimi i celularit t\u00eb qelqit t\u00eb l\u00ebngsh\u00ebm - mbrojt\u00ebs i l\u00ebngsh\u00ebm i ekranit - versiegelung24.com<\/title>\n<meta name=\"robots\" content=\"index, follow, max-snippet:-1, max-image-preview:large, max-video-preview:-1\" \/>\n<link rel=\"canonical\" href=\"https:\/\/www.versiegelung24.com\/sq\/lengu-qelqi-celular-mbyllja-lengu-ekrani-mbrojtja.html\" \/>\n<meta property=\"og:locale\" content=\"sq_AL\" \/>\n<meta property=\"og:type\" content=\"article\" \/>\n<meta property=\"og:title\" content=\"N\u00ebnshkrimi i celularit t\u00eb qelqit t\u00eb l\u00ebngsh\u00ebm - mbrojt\u00ebs i l\u00ebngsh\u00ebm i ekranit\" \/>\n<meta property=\"og:description\" content=\"Mjaftueshme p\u00ebr 2 pajisje: \u2713 Mbrojt\u00ebs p\u00ebr mbylljen e ekranit t\u00eb celularit me qelq t\u00eb l\u00ebngsh\u00ebm \u2713 Veshje nano \u2713 100% pa flluska.\" \/>\n<meta property=\"og:url\" content=\"https:\/\/www.versiegelung24.com\/sq\/lengu-qelqi-celular-mbyllja-lengu-ekrani-mbrojtja.html\" \/>\n<meta property=\"og:site_name\" content=\"versiegelung24.com\" \/>\n<meta property=\"article:modified_time\" content=\"2025-01-06T14:09:27+00:00\" \/>\n<meta property=\"og:image\" content=\"https:\/\/www.versiegelung24.com\/wp-content\/uploads\/2020\/04\/handy-versiegelung-web.jpg\" \/>\n\t<meta property=\"og:image:width\" content=\"1500\" \/>\n\t<meta property=\"og:image:height\" content=\"1500\" \/>\n\t<meta property=\"og:image:type\" content=\"image\/jpeg\" \/>\n<meta name=\"twitter:card\" content=\"summary_large_image\" \/>\n<meta name=\"twitter:label1\" content=\"Price\" \/>\n\t<meta name=\"twitter:data1\" content=\"9,99&euro;\" \/>\n\t<meta name=\"twitter:label2\" content=\"Availability\" \/>\n\t<meta name=\"twitter:data2\" content=\"In stock\" \/>\n<script type=\"application\/ld+json\" class=\"yoast-schema-graph\">{\"@context\":\"https:\\\/\\\/schema.org\",\"@graph\":[{\"@type\":\"WebPage\",\"@id\":\"https:\\\/\\\/www.versiegelung24.com\\\/sq\\\/lengu-qelqi-celular-mbyllja-lengu-ekrani-mbrojtja.html\",\"url\":\"https:\\\/\\\/www.versiegelung24.com\\\/sq\\\/lengu-qelqi-celular-mbyllja-lengu-ekrani-mbrojtja.html\",\"name\":\"N\u00ebnshkrimi i celularit t\u00eb qelqit t\u00eb l\u00ebngsh\u00ebm - mbrojt\u00ebs i l\u00ebngsh\u00ebm i ekranit - versiegelung24.com\",\"isPartOf\":{\"@id\":\"https:\\\/\\\/www.versiegelung24.com\\\/sq\\\/#website\"},\"primaryImageOfPage\":{\"@id\":\"https:\\\/\\\/www.versiegelung24.com\\\/sq\\\/lengu-qelqi-celular-mbyllja-lengu-ekrani-mbrojtja.html#primaryimage\"},\"image\":{\"@id\":\"https:\\\/\\\/www.versiegelung24.com\\\/sq\\\/lengu-qelqi-celular-mbyllja-lengu-ekrani-mbrojtja.html#primaryimage\"},\"thumbnailUrl\":\"https:\\\/\\\/www.versiegelung24.com\\\/wp-content\\\/uploads\\\/2020\\\/04\\\/handy-versiegelung-web.jpg\",\"datePublished\":\"2021-08-02T20:28:47+00:00\",\"dateModified\":\"2025-01-06T14:09:27+00:00\",\"breadcrumb\":{\"@id\":\"https:\\\/\\\/www.versiegelung24.com\\\/sq\\\/lengu-qelqi-celular-mbyllja-lengu-ekrani-mbrojtja.html#breadcrumb\"},\"inLanguage\":\"sq-AL\",\"potentialAction\":[{\"@type\":\"ReadAction\",\"target\":[\"https:\\\/\\\/www.versiegelung24.com\\\/sq\\\/lengu-qelqi-celular-mbyllja-lengu-ekrani-mbrojtja.html\"]}]},{\"@type\":\"ImageObject\",\"inLanguage\":\"sq-AL\",\"@id\":\"https:\\\/\\\/www.versiegelung24.com\\\/sq\\\/lengu-qelqi-celular-mbyllja-lengu-ekrani-mbrojtja.html#primaryimage\",\"url\":\"https:\\\/\\\/www.versiegelung24.com\\\/wp-content\\\/uploads\\\/2020\\\/04\\\/handy-versiegelung-web.jpg\",\"contentUrl\":\"https:\\\/\\\/www.versiegelung24.com\\\/wp-content\\\/uploads\\\/2020\\\/04\\\/handy-versiegelung-web.jpg\",\"width\":1500,\"height\":1500},{\"@type\":\"BreadcrumbList\",\"@id\":\"https:\\\/\\\/www.versiegelung24.com\\\/sq\\\/lengu-qelqi-celular-mbyllja-lengu-ekrani-mbrojtja.html#breadcrumb\",\"itemListElement\":[{\"@type\":\"ListItem\",\"position\":1,\"name\":\"Faqja kryesore\",\"item\":\"https:\\\/\\\/www.versiegelung24.com\\\/sq\\\/perpara\\\/\"},{\"@type\":\"ListItem\",\"position\":2,\"name\":\"Dyqan\",\"item\":\"https:\\\/\\\/www.versiegelung24.com\\\/sq\\\/dyqan\\\/\"},{\"@type\":\"ListItem\",\"position\":3,\"name\":\"N\u00ebnshkrimi i celularit t\u00eb qelqit t\u00eb l\u00ebngsh\u00ebm &#8211; mbrojt\u00ebs i l\u00ebngsh\u00ebm i ekranit\"}]},{\"@type\":\"WebSite\",\"@id\":\"https:\\\/\\\/www.versiegelung24.com\\\/sq\\\/#website\",\"url\":\"https:\\\/\\\/www.versiegelung24.com\\\/sq\\\/\",\"name\":\"versiegelung24.com\",\"description\":\"Fl\u00fcssigglas-Versiegelung - Made in Germany\",\"publisher\":{\"@id\":\"https:\\\/\\\/www.versiegelung24.com\\\/sq\\\/#organization\"},\"potentialAction\":[{\"@type\":\"SearchAction\",\"target\":{\"@type\":\"EntryPoint\",\"urlTemplate\":\"https:\\\/\\\/www.versiegelung24.com\\\/sq\\\/?s={search_term_string}\"},\"query-input\":{\"@type\":\"PropertyValueSpecification\",\"valueRequired\":true,\"valueName\":\"search_term_string\"}}],\"inLanguage\":\"sq-AL\"},{\"@type\":\"Organization\",\"@id\":\"https:\\\/\\\/www.versiegelung24.com\\\/sq\\\/#organization\",\"name\":\"versiegelung24\",\"url\":\"https:\\\/\\\/www.versiegelung24.com\\\/sq\\\/\",\"logo\":{\"@type\":\"ImageObject\",\"inLanguage\":\"sq-AL\",\"@id\":\"https:\\\/\\\/www.versiegelung24.com\\\/sq\\\/#\\\/schema\\\/logo\\\/image\\\/\",\"url\":\"https:\\\/\\\/www.versiegelung24.com\\\/wp-content\\\/uploads\\\/2020\\\/04\\\/versiegelung24.png\",\"contentUrl\":\"https:\\\/\\\/www.versiegelung24.com\\\/wp-content\\\/uploads\\\/2020\\\/04\\\/versiegelung24.png\",\"width\":470,\"height\":102,\"caption\":\"versiegelung24\"},\"image\":{\"@id\":\"https:\\\/\\\/www.versiegelung24.com\\\/sq\\\/#\\\/schema\\\/logo\\\/image\\\/\"}}]}<\/script>\n<meta property=\"product:price:amount\" content=\"9.99\" \/>\n<meta property=\"product:price:currency\" content=\"EUR\" \/>\n<meta property=\"og:availability\" content=\"instock\" \/>\n<meta property=\"product:availability\" content=\"instock\" \/>\n<meta property=\"product:retailer_item_id\" content=\"4008-901\" \/>\n<meta property=\"product:condition\" content=\"new\" \/>\n<!-- \/ Yoast SEO Premium plugin. -->","yoast_head_json":{"title":"N\u00ebnshkrimi i celularit t\u00eb qelqit t\u00eb l\u00ebngsh\u00ebm - mbrojt\u00ebs i l\u00ebngsh\u00ebm i ekranit - versiegelung24.com","robots":{"index":"index","follow":"follow","max-snippet":"max-snippet:-1","max-image-preview":"max-image-preview:large","max-video-preview":"max-video-preview:-1"},"canonical":"https:\/\/www.versiegelung24.com\/sq\/lengu-qelqi-celular-mbyllja-lengu-ekrani-mbrojtja.html","og_locale":"sq_AL","og_type":"article","og_title":"N\u00ebnshkrimi i celularit t\u00eb qelqit t\u00eb l\u00ebngsh\u00ebm - mbrojt\u00ebs i l\u00ebngsh\u00ebm i ekranit","og_description":"Mjaftueshme p\u00ebr 2 pajisje: \u2713 Mbrojt\u00ebs p\u00ebr mbylljen e ekranit t\u00eb celularit me qelq t\u00eb l\u00ebngsh\u00ebm \u2713 Veshje nano \u2713 100% pa flluska.","og_url":"https:\/\/www.versiegelung24.com\/sq\/lengu-qelqi-celular-mbyllja-lengu-ekrani-mbrojtja.html","og_site_name":"versiegelung24.com","article_modified_time":"2025-01-06T14:09:27+00:00","og_image":[{"width":1500,"height":1500,"url":"https:\/\/www.versiegelung24.com\/wp-content\/uploads\/2020\/04\/handy-versiegelung-web.jpg","type":"image\/jpeg"}],"twitter_card":"summary_large_image","twitter_misc":{"Price":"9,99&euro;","Availability":"In stock"},"schema":{"@context":"https:\/\/schema.org","@graph":[{"@type":"WebPage","@id":"https:\/\/www.versiegelung24.com\/sq\/lengu-qelqi-celular-mbyllja-lengu-ekrani-mbrojtja.html","url":"https:\/\/www.versiegelung24.com\/sq\/lengu-qelqi-celular-mbyllja-lengu-ekrani-mbrojtja.html","name":"N\u00ebnshkrimi i celularit t\u00eb qelqit t\u00eb l\u00ebngsh\u00ebm - mbrojt\u00ebs i l\u00ebngsh\u00ebm i ekranit - versiegelung24.com","isPartOf":{"@id":"https:\/\/www.versiegelung24.com\/sq\/#website"},"primaryImageOfPage":{"@id":"https:\/\/www.versiegelung24.com\/sq\/lengu-qelqi-celular-mbyllja-lengu-ekrani-mbrojtja.html#primaryimage"},"image":{"@id":"https:\/\/www.versiegelung24.com\/sq\/lengu-qelqi-celular-mbyllja-lengu-ekrani-mbrojtja.html#primaryimage"},"thumbnailUrl":"https:\/\/www.versiegelung24.com\/wp-content\/uploads\/2020\/04\/handy-versiegelung-web.jpg","datePublished":"2021-08-02T20:28:47+00:00","dateModified":"2025-01-06T14:09:27+00:00","breadcrumb":{"@id":"https:\/\/www.versiegelung24.com\/sq\/lengu-qelqi-celular-mbyllja-lengu-ekrani-mbrojtja.html#breadcrumb"},"inLanguage":"sq-AL","potentialAction":[{"@type":"ReadAction","target":["https:\/\/www.versiegelung24.com\/sq\/lengu-qelqi-celular-mbyllja-lengu-ekrani-mbrojtja.html"]}]},{"@type":"ImageObject","inLanguage":"sq-AL","@id":"https:\/\/www.versiegelung24.com\/sq\/lengu-qelqi-celular-mbyllja-lengu-ekrani-mbrojtja.html#primaryimage","url":"https:\/\/www.versiegelung24.com\/wp-content\/uploads\/2020\/04\/handy-versiegelung-web.jpg","contentUrl":"https:\/\/www.versiegelung24.com\/wp-content\/uploads\/2020\/04\/handy-versiegelung-web.jpg","width":1500,"height":1500},{"@type":"BreadcrumbList","@id":"https:\/\/www.versiegelung24.com\/sq\/lengu-qelqi-celular-mbyllja-lengu-ekrani-mbrojtja.html#breadcrumb","itemListElement":[{"@type":"ListItem","position":1,"name":"Faqja kryesore","item":"https:\/\/www.versiegelung24.com\/sq\/perpara\/"},{"@type":"ListItem","position":2,"name":"Dyqan","item":"https:\/\/www.versiegelung24.com\/sq\/dyqan\/"},{"@type":"ListItem","position":3,"name":"N\u00ebnshkrimi i celularit t\u00eb qelqit t\u00eb l\u00ebngsh\u00ebm &#8211; mbrojt\u00ebs i l\u00ebngsh\u00ebm i ekranit"}]},{"@type":"WebSite","@id":"https:\/\/www.versiegelung24.com\/sq\/#website","url":"https:\/\/www.versiegelung24.com\/sq\/","name":"versiegelung24.com","description":"Fl\u00fcssigglas-Versiegelung - Made in Germany","publisher":{"@id":"https:\/\/www.versiegelung24.com\/sq\/#organization"},"potentialAction":[{"@type":"SearchAction","target":{"@type":"EntryPoint","urlTemplate":"https:\/\/www.versiegelung24.com\/sq\/?s={search_term_string}"},"query-input":{"@type":"PropertyValueSpecification","valueRequired":true,"valueName":"search_term_string"}}],"inLanguage":"sq-AL"},{"@type":"Organization","@id":"https:\/\/www.versiegelung24.com\/sq\/#organization","name":"versiegelung24","url":"https:\/\/www.versiegelung24.com\/sq\/","logo":{"@type":"ImageObject","inLanguage":"sq-AL","@id":"https:\/\/www.versiegelung24.com\/sq\/#\/schema\/logo\/image\/","url":"https:\/\/www.versiegelung24.com\/wp-content\/uploads\/2020\/04\/versiegelung24.png","contentUrl":"https:\/\/www.versiegelung24.com\/wp-content\/uploads\/2020\/04\/versiegelung24.png","width":470,"height":102,"caption":"versiegelung24"},"image":{"@id":"https:\/\/www.versiegelung24.com\/sq\/#\/schema\/logo\/image\/"}}]},"product_price_amount":"9.99","product_price_currency":"EUR","og_availability":"instock","product_availability":"instock","product_retailer_item_id":"4008-901","product_condition":"new"},"_links":{"self":[{"href":"https:\/\/www.versiegelung24.com\/sq\/wp-json\/wp\/v2\/product\/24146","targetHints":{"allow":["GET"]}}],"collection":[{"href":"https:\/\/www.versiegelung24.com\/sq\/wp-json\/wp\/v2\/product"}],"about":[{"href":"https:\/\/www.versiegelung24.com\/sq\/wp-json\/wp\/v2\/types\/product"}],"version-history":[{"count":9,"href":"https:\/\/www.versiegelung24.com\/sq\/wp-json\/wp\/v2\/product\/24146\/revisions"}],"predecessor-version":[{"id":180136,"href":"https:\/\/www.versiegelung24.com\/sq\/wp-json\/wp\/v2\/product\/24146\/revisions\/180136"}],"wp:featuredmedia":[{"embeddable":true,"href":"https:\/\/www.versiegelung24.com\/sq\/wp-json\/wp\/v2\/media\/13225"}],"wp:attachment":[{"href":"https:\/\/www.versiegelung24.com\/sq\/wp-json\/wp\/v2\/media?parent=24146"}],"wp:term":[{"taxonomy":"product_brand","embeddable":true,"href":"https:\/\/www.versiegelung24.com\/sq\/wp-json\/wp\/v2\/product_brand?post=24146"},{"taxonomy":"product_cat","embeddable":true,"href":"https:\/\/www.versiegelung24.com\/sq\/wp-json\/wp\/v2\/product_cat?post=24146"},{"taxonomy":"product_tag","embeddable":true,"href":"https:\/\/www.versiegelung24.com\/sq\/wp-json\/wp\/v2\/product_tag?post=24146"}],"curies":[{"name":"wp","href":"https:\/\/api.w.org\/{rel}","templated":true}]}}