{"id":24362,"date":"2020-05-23T17:02:37","date_gmt":"2021-08-02T20:40:38","guid":{"rendered":"https:\/\/www.versiegelung24.com\/produkt\/dezinfektues-i-dores-dexan-5-litra"},"modified":"2025-01-13T16:41:11","modified_gmt":"2025-01-13T15:41:11","slug":"dezinfektues-i-dores-dexan-5-liter-kuti","status":"publish","type":"product","link":"https:\/\/www.versiegelung24.com\/sq\/dezinfektues-i-dores-dexan-5-liter-kuti.html","title":{"rendered":"Dezinfektues i dor\u00ebs Dexan 5 litra"},"content":{"rendered":"\n<h2 class=\"wp-block-heading\" id=\"gebrauchsfertige-alkoholbasierte-handedesinfektion-mit-pflegekomponente-aloe-vera\">Dezinfektim i gatsh\u00ebm p\u00ebr p\u00ebrdorim me baz\u00eb alkooli me p\u00ebrb\u00ebr\u00ebs t\u00eb kujdesit (aloe vera)<\/h2>\n\n<p>Viruse t\u00eb kufizuara (viruse t\u00eb mb\u00ebshtjell\u00eb <strong>P\u00ebrfshir\u00eb Koronavirus<\/strong>, HIV, HBV, HCV, gripi, herpesi, virusi Ebola etj.)<\/p>\n\n<hr \/>\n\n<h4 class=\"wp-block-heading\" id=\"properties\">Karakteristikat e produktit<\/h4>\n\n<div class=\"wp-block-columns is-layout-flex wp-container-core-columns-is-layout-9d6595d7 wp-block-columns-is-layout-flex\">\n<div class=\"wp-block-column is-layout-flow wp-block-column-is-layout-flow\">\n<p><strong>Efektiviteti:<\/strong><br \/> Testuar sipas standardeve evropiane t\u00eb spitalit: EN 1040, EN 1275, EN 1276, EN 1500: 1 min; prEN 12054: 30s. Virucidale e kufizuar (viruse t\u00eb mb\u00ebshtjell\u00eb p\u00ebrfshir\u00eb koronavirusin, HIV, HBV, HCV, gripin, herpesin, virusin Ebola etj.) Sipas udh\u00ebzuesit DVV \/ RKI: 15s.<\/p>\n<\/div>\n\n\n\n<div class=\"wp-block-column is-layout-flow wp-block-column-is-layout-flow\">\n<p><strong>Q\u00ebllimi i p\u00ebrdorimit:<\/strong><br \/> P\u00ebr dezinfektim higjienik t\u00eb duarve.<\/p>\n\n\n\n<p>100 g p\u00ebrmban:<br \/> 50,0 g etanol, 10,0 g izopropanol, 0,10 g klorur benzalkonium, uj\u00eb i pastruar, ekstrakt aloe vera.<\/p>\n<\/div>\n<\/div>\n\n<hr \/>\n\n<h4 class=\"wp-block-heading\" id=\"application\">Aplikacion<\/h4>\n\n<p>Vendosni mjaft Dexan n\u00eb dor\u00ebn e that\u00eb t\u00eb cop\u00ebtuar n\u00eb m\u00ebnyr\u00eb q\u00eb t\u00eb gjitha zonat e duarve t\u00eb mbulohen plot\u00ebsisht me preparatin. F\u00ebrkojini duart t\u00ebr\u00ebsisht, mbajini duart me lag\u00ebshti gjat\u00eb koh\u00ebs s\u00eb f\u00ebrkimit.<\/p>\n\n<hr \/>\n\n<h4 class=\"wp-block-heading\" id=\"advisor\">k\u00ebshilltar<\/h4>\n\n<p><strong>Njoftim p\u00ebr sigurin\u00eb:<\/strong><br \/> L\u00ebng dhe avull shum\u00eb i ndezsh\u00ebm. Shkakton acarim serioz t\u00eb syve. Mbajeni larg nxeht\u00ebsis\u00eb, sip\u00ebrfaqeve t\u00eb nxehta, shk\u00ebndijave, flak\u00ebve t\u00eb hapura dhe llojeve t\u00eb tjera t\u00eb burimeve t\u00eb ndezjes. Mos pini duhan. Mbajeni en\u00ebn t\u00eb mbyllur fort. N\u00cbSE N\u00cb SYT\u00cb: Shp\u00eblajeni me kujdes me uj\u00eb p\u00ebr disa minuta. N\u00ebse \u00ebsht\u00eb e mundur, hiqni \u00e7do lente kontakti. Vazhdoni shp\u00eblarjen. Mbajeni jasht\u00eb mund\u00ebsive t\u00eb f\u00ebmij\u00ebve. Biocide Reg No.: 75940. P\u00ebrdorni dezinfektuesit me kujdes. Gjithmon\u00eb lexoni informacionin e etiket\u00ebs dhe produktit p\u00ebrpara p\u00ebrdorimit.<\/p>\n","protected":false},"excerpt":{"rendered":"<p><strong>Dezinfektim i gatsh\u00ebm p\u00ebr p\u00ebrdorim i duarve me baz\u00eb alkooli:<\/strong><\/p>\n<p>\u2713 Me p\u00ebrb\u00ebr\u00ebs kujdesi (aloe vera)<\/p>\n<p>\u2713 Virucidal i kufizuar (viruset me mb\u00ebshtjell\u00ebs duke p\u00ebrfshir\u00eb koronavirusin, HIV, HBV, HCV, gripin, herpesin, virusin Ebola etj.)<\/p>\n","protected":false},"featured_media":15775,"template":"","meta":{"_acf_changed":false,"neve_meta_sidebar":"","neve_meta_container":"","neve_meta_enable_content_width":"","neve_meta_content_width":0,"neve_meta_title_alignment":"","neve_meta_author_avatar":"","neve_post_elements_order":"","neve_meta_disable_header":"","neve_meta_disable_footer":"","neve_meta_disable_title":"","neve_meta_reading_time":"","_surfaces":[],"_ver_product_tabs":[],"footnotes":""},"product_brand":[],"product_cat":[2232,2758],"product_tag":[],"class_list":{"0":"post-24362","1":"product","2":"type-product","3":"status-publish","4":"has-post-thumbnail","6":"product_cat-dezinfektues","7":"product_cat-dezinfektues-duarsh","9":"first","10":"onbackorder","11":"taxable","12":"shipping-taxable","13":"purchasable","14":"product-type-simple"},"acf":[],"yoast_head":"<!-- This site is optimized with the Yoast SEO Premium plugin v22.8 (Yoast SEO v27.5) - https:\/\/yoast.com\/product\/yoast-seo-premium-wordpress\/ -->\n<title>Dezinfektues i dor\u00ebs Dexan 5 litra - versiegelung24.com<\/title>\n<meta name=\"robots\" content=\"index, follow, max-snippet:-1, max-image-preview:large, max-video-preview:-1\" \/>\n<link rel=\"canonical\" href=\"https:\/\/www.versiegelung24.com\/sq\/dezinfektues-i-dores-dexan-5-liter-kuti.html\" \/>\n<meta property=\"og:locale\" content=\"sq_AL\" \/>\n<meta property=\"og:type\" content=\"article\" \/>\n<meta property=\"og:title\" content=\"Dezinfektues i dor\u00ebs Dexan 5 litra\" \/>\n<meta property=\"og:description\" content=\"Dezinfektim i gatsh\u00ebm p\u00ebr p\u00ebrdorim i duarve me baz\u00eb alkooli: \u2713 Me p\u00ebrb\u00ebr\u00ebs kujdesi (aloe vera) \u2713 Virucidal i kufizuar (viruset me mb\u00ebshtjell\u00ebs duke p\u00ebrfshir\u00eb koronavirusin, HIV, HBV, HCV, gripin, herpesin, virusin Ebola etj.)\" \/>\n<meta property=\"og:url\" content=\"https:\/\/www.versiegelung24.com\/sq\/dezinfektues-i-dores-dexan-5-liter-kuti.html\" \/>\n<meta property=\"og:site_name\" content=\"versiegelung24.com\" \/>\n<meta property=\"article:modified_time\" content=\"2025-01-13T15:41:11+00:00\" \/>\n<meta property=\"og:image\" content=\"https:\/\/www.versiegelung24.com\/wp-content\/uploads\/2020\/05\/dexan-5000ml-1.png\" \/>\n\t<meta property=\"og:image:width\" content=\"2000\" \/>\n\t<meta property=\"og:image:height\" content=\"2000\" \/>\n\t<meta property=\"og:image:type\" content=\"image\/png\" \/>\n<meta name=\"twitter:card\" content=\"summary_large_image\" \/>\n<meta name=\"twitter:label1\" content=\"Price\" \/>\n\t<meta name=\"twitter:data1\" content=\"99,00&euro;\" \/>\n\t<meta name=\"twitter:label2\" content=\"Availability\" \/>\n\t<meta name=\"twitter:data2\" content=\"On backorder\" \/>\n<script type=\"application\/ld+json\" class=\"yoast-schema-graph\">{\"@context\":\"https:\\\/\\\/schema.org\",\"@graph\":[{\"@type\":\"WebPage\",\"@id\":\"https:\\\/\\\/www.versiegelung24.com\\\/sq\\\/dezinfektues-i-dores-dexan-5-liter-kuti.html\",\"url\":\"https:\\\/\\\/www.versiegelung24.com\\\/sq\\\/dezinfektues-i-dores-dexan-5-liter-kuti.html\",\"name\":\"Dezinfektues i dor\u00ebs Dexan 5 litra - versiegelung24.com\",\"isPartOf\":{\"@id\":\"https:\\\/\\\/www.versiegelung24.com\\\/sq\\\/#website\"},\"primaryImageOfPage\":{\"@id\":\"https:\\\/\\\/www.versiegelung24.com\\\/sq\\\/dezinfektues-i-dores-dexan-5-liter-kuti.html#primaryimage\"},\"image\":{\"@id\":\"https:\\\/\\\/www.versiegelung24.com\\\/sq\\\/dezinfektues-i-dores-dexan-5-liter-kuti.html#primaryimage\"},\"thumbnailUrl\":\"https:\\\/\\\/www.versiegelung24.com\\\/wp-content\\\/uploads\\\/2020\\\/05\\\/dexan-5000ml-1.png\",\"datePublished\":\"2021-08-02T20:40:38+00:00\",\"dateModified\":\"2025-01-13T15:41:11+00:00\",\"breadcrumb\":{\"@id\":\"https:\\\/\\\/www.versiegelung24.com\\\/sq\\\/dezinfektues-i-dores-dexan-5-liter-kuti.html#breadcrumb\"},\"inLanguage\":\"sq-AL\",\"potentialAction\":[{\"@type\":\"ReadAction\",\"target\":[\"https:\\\/\\\/www.versiegelung24.com\\\/sq\\\/dezinfektues-i-dores-dexan-5-liter-kuti.html\"]}]},{\"@type\":\"ImageObject\",\"inLanguage\":\"sq-AL\",\"@id\":\"https:\\\/\\\/www.versiegelung24.com\\\/sq\\\/dezinfektues-i-dores-dexan-5-liter-kuti.html#primaryimage\",\"url\":\"https:\\\/\\\/www.versiegelung24.com\\\/wp-content\\\/uploads\\\/2020\\\/05\\\/dexan-5000ml-1.png\",\"contentUrl\":\"https:\\\/\\\/www.versiegelung24.com\\\/wp-content\\\/uploads\\\/2020\\\/05\\\/dexan-5000ml-1.png\",\"width\":2000,\"height\":2000},{\"@type\":\"BreadcrumbList\",\"@id\":\"https:\\\/\\\/www.versiegelung24.com\\\/sq\\\/dezinfektues-i-dores-dexan-5-liter-kuti.html#breadcrumb\",\"itemListElement\":[{\"@type\":\"ListItem\",\"position\":1,\"name\":\"Faqja kryesore\",\"item\":\"https:\\\/\\\/www.versiegelung24.com\\\/sq\\\/perpara\\\/\"},{\"@type\":\"ListItem\",\"position\":2,\"name\":\"Dyqan\",\"item\":\"https:\\\/\\\/www.versiegelung24.com\\\/sq\\\/dyqan\\\/\"},{\"@type\":\"ListItem\",\"position\":3,\"name\":\"Dezinfektues i dor\u00ebs Dexan 5 litra\"}]},{\"@type\":\"WebSite\",\"@id\":\"https:\\\/\\\/www.versiegelung24.com\\\/sq\\\/#website\",\"url\":\"https:\\\/\\\/www.versiegelung24.com\\\/sq\\\/\",\"name\":\"versiegelung24.com\",\"description\":\"Fl\u00fcssigglas-Versiegelung - Made in Germany\",\"publisher\":{\"@id\":\"https:\\\/\\\/www.versiegelung24.com\\\/sq\\\/#organization\"},\"potentialAction\":[{\"@type\":\"SearchAction\",\"target\":{\"@type\":\"EntryPoint\",\"urlTemplate\":\"https:\\\/\\\/www.versiegelung24.com\\\/sq\\\/?s={search_term_string}\"},\"query-input\":{\"@type\":\"PropertyValueSpecification\",\"valueRequired\":true,\"valueName\":\"search_term_string\"}}],\"inLanguage\":\"sq-AL\"},{\"@type\":\"Organization\",\"@id\":\"https:\\\/\\\/www.versiegelung24.com\\\/sq\\\/#organization\",\"name\":\"versiegelung24\",\"url\":\"https:\\\/\\\/www.versiegelung24.com\\\/sq\\\/\",\"logo\":{\"@type\":\"ImageObject\",\"inLanguage\":\"sq-AL\",\"@id\":\"https:\\\/\\\/www.versiegelung24.com\\\/sq\\\/#\\\/schema\\\/logo\\\/image\\\/\",\"url\":\"https:\\\/\\\/www.versiegelung24.com\\\/wp-content\\\/uploads\\\/2020\\\/04\\\/versiegelung24.png\",\"contentUrl\":\"https:\\\/\\\/www.versiegelung24.com\\\/wp-content\\\/uploads\\\/2020\\\/04\\\/versiegelung24.png\",\"width\":470,\"height\":102,\"caption\":\"versiegelung24\"},\"image\":{\"@id\":\"https:\\\/\\\/www.versiegelung24.com\\\/sq\\\/#\\\/schema\\\/logo\\\/image\\\/\"}}]}<\/script>\n<meta property=\"product:price:amount\" content=\"99.00\" \/>\n<meta property=\"product:price:currency\" content=\"EUR\" \/>\n<meta property=\"og:availability\" content=\"backorder\" \/>\n<meta property=\"product:availability\" content=\"available for order\" \/>\n<meta property=\"product:retailer_item_id\" content=\"dexan-5000\" \/>\n<meta property=\"product:condition\" content=\"new\" \/>\n<!-- \/ Yoast SEO Premium plugin. -->","yoast_head_json":{"title":"Dezinfektues i dor\u00ebs Dexan 5 litra - versiegelung24.com","robots":{"index":"index","follow":"follow","max-snippet":"max-snippet:-1","max-image-preview":"max-image-preview:large","max-video-preview":"max-video-preview:-1"},"canonical":"https:\/\/www.versiegelung24.com\/sq\/dezinfektues-i-dores-dexan-5-liter-kuti.html","og_locale":"sq_AL","og_type":"article","og_title":"Dezinfektues i dor\u00ebs Dexan 5 litra","og_description":"Dezinfektim i gatsh\u00ebm p\u00ebr p\u00ebrdorim i duarve me baz\u00eb alkooli: \u2713 Me p\u00ebrb\u00ebr\u00ebs kujdesi (aloe vera) \u2713 Virucidal i kufizuar (viruset me mb\u00ebshtjell\u00ebs duke p\u00ebrfshir\u00eb koronavirusin, HIV, HBV, HCV, gripin, herpesin, virusin Ebola etj.)","og_url":"https:\/\/www.versiegelung24.com\/sq\/dezinfektues-i-dores-dexan-5-liter-kuti.html","og_site_name":"versiegelung24.com","article_modified_time":"2025-01-13T15:41:11+00:00","og_image":[{"width":2000,"height":2000,"url":"https:\/\/www.versiegelung24.com\/wp-content\/uploads\/2020\/05\/dexan-5000ml-1.png","type":"image\/png"}],"twitter_card":"summary_large_image","twitter_misc":{"Price":"99,00&euro;","Availability":"On backorder"},"schema":{"@context":"https:\/\/schema.org","@graph":[{"@type":"WebPage","@id":"https:\/\/www.versiegelung24.com\/sq\/dezinfektues-i-dores-dexan-5-liter-kuti.html","url":"https:\/\/www.versiegelung24.com\/sq\/dezinfektues-i-dores-dexan-5-liter-kuti.html","name":"Dezinfektues i dor\u00ebs Dexan 5 litra - versiegelung24.com","isPartOf":{"@id":"https:\/\/www.versiegelung24.com\/sq\/#website"},"primaryImageOfPage":{"@id":"https:\/\/www.versiegelung24.com\/sq\/dezinfektues-i-dores-dexan-5-liter-kuti.html#primaryimage"},"image":{"@id":"https:\/\/www.versiegelung24.com\/sq\/dezinfektues-i-dores-dexan-5-liter-kuti.html#primaryimage"},"thumbnailUrl":"https:\/\/www.versiegelung24.com\/wp-content\/uploads\/2020\/05\/dexan-5000ml-1.png","datePublished":"2021-08-02T20:40:38+00:00","dateModified":"2025-01-13T15:41:11+00:00","breadcrumb":{"@id":"https:\/\/www.versiegelung24.com\/sq\/dezinfektues-i-dores-dexan-5-liter-kuti.html#breadcrumb"},"inLanguage":"sq-AL","potentialAction":[{"@type":"ReadAction","target":["https:\/\/www.versiegelung24.com\/sq\/dezinfektues-i-dores-dexan-5-liter-kuti.html"]}]},{"@type":"ImageObject","inLanguage":"sq-AL","@id":"https:\/\/www.versiegelung24.com\/sq\/dezinfektues-i-dores-dexan-5-liter-kuti.html#primaryimage","url":"https:\/\/www.versiegelung24.com\/wp-content\/uploads\/2020\/05\/dexan-5000ml-1.png","contentUrl":"https:\/\/www.versiegelung24.com\/wp-content\/uploads\/2020\/05\/dexan-5000ml-1.png","width":2000,"height":2000},{"@type":"BreadcrumbList","@id":"https:\/\/www.versiegelung24.com\/sq\/dezinfektues-i-dores-dexan-5-liter-kuti.html#breadcrumb","itemListElement":[{"@type":"ListItem","position":1,"name":"Faqja kryesore","item":"https:\/\/www.versiegelung24.com\/sq\/perpara\/"},{"@type":"ListItem","position":2,"name":"Dyqan","item":"https:\/\/www.versiegelung24.com\/sq\/dyqan\/"},{"@type":"ListItem","position":3,"name":"Dezinfektues i dor\u00ebs Dexan 5 litra"}]},{"@type":"WebSite","@id":"https:\/\/www.versiegelung24.com\/sq\/#website","url":"https:\/\/www.versiegelung24.com\/sq\/","name":"versiegelung24.com","description":"Fl\u00fcssigglas-Versiegelung - Made in Germany","publisher":{"@id":"https:\/\/www.versiegelung24.com\/sq\/#organization"},"potentialAction":[{"@type":"SearchAction","target":{"@type":"EntryPoint","urlTemplate":"https:\/\/www.versiegelung24.com\/sq\/?s={search_term_string}"},"query-input":{"@type":"PropertyValueSpecification","valueRequired":true,"valueName":"search_term_string"}}],"inLanguage":"sq-AL"},{"@type":"Organization","@id":"https:\/\/www.versiegelung24.com\/sq\/#organization","name":"versiegelung24","url":"https:\/\/www.versiegelung24.com\/sq\/","logo":{"@type":"ImageObject","inLanguage":"sq-AL","@id":"https:\/\/www.versiegelung24.com\/sq\/#\/schema\/logo\/image\/","url":"https:\/\/www.versiegelung24.com\/wp-content\/uploads\/2020\/04\/versiegelung24.png","contentUrl":"https:\/\/www.versiegelung24.com\/wp-content\/uploads\/2020\/04\/versiegelung24.png","width":470,"height":102,"caption":"versiegelung24"},"image":{"@id":"https:\/\/www.versiegelung24.com\/sq\/#\/schema\/logo\/image\/"}}]},"product_price_amount":"99.00","product_price_currency":"EUR","og_availability":"backorder","product_availability":"available for order","product_retailer_item_id":"dexan-5000","product_condition":"new"},"_links":{"self":[{"href":"https:\/\/www.versiegelung24.com\/sq\/wp-json\/wp\/v2\/product\/24362","targetHints":{"allow":["GET"]}}],"collection":[{"href":"https:\/\/www.versiegelung24.com\/sq\/wp-json\/wp\/v2\/product"}],"about":[{"href":"https:\/\/www.versiegelung24.com\/sq\/wp-json\/wp\/v2\/types\/product"}],"version-history":[{"count":11,"href":"https:\/\/www.versiegelung24.com\/sq\/wp-json\/wp\/v2\/product\/24362\/revisions"}],"predecessor-version":[{"id":180627,"href":"https:\/\/www.versiegelung24.com\/sq\/wp-json\/wp\/v2\/product\/24362\/revisions\/180627"}],"wp:featuredmedia":[{"embeddable":true,"href":"https:\/\/www.versiegelung24.com\/sq\/wp-json\/wp\/v2\/media\/15775"}],"wp:attachment":[{"href":"https:\/\/www.versiegelung24.com\/sq\/wp-json\/wp\/v2\/media?parent=24362"}],"wp:term":[{"taxonomy":"product_brand","embeddable":true,"href":"https:\/\/www.versiegelung24.com\/sq\/wp-json\/wp\/v2\/product_brand?post=24362"},{"taxonomy":"product_cat","embeddable":true,"href":"https:\/\/www.versiegelung24.com\/sq\/wp-json\/wp\/v2\/product_cat?post=24362"},{"taxonomy":"product_tag","embeddable":true,"href":"https:\/\/www.versiegelung24.com\/sq\/wp-json\/wp\/v2\/product_tag?post=24362"}],"curies":[{"name":"wp","href":"https:\/\/api.w.org\/{rel}","templated":true}]}}