{"id":24606,"date":"2020-04-27T22:20:08","date_gmt":"2021-08-02T20:50:04","guid":{"rendered":"https:\/\/www.versiegelung24.com\/produkt\/wb-rapid-on-ngjites-dhe-perfundues-boje-makine-me-shkelqim-te-thelle"},"modified":"2025-01-04T00:02:48","modified_gmt":"2025-01-03T23:02:48","slug":"wb-fast-on-deep-gloss-autolack-mbyllja-perfunduese","status":"publish","type":"product","link":"https:\/\/www.versiegelung24.com\/sq\/wb-rapid-on-ngjites-dhe-perfundues-boje-makine-me-shkelqim-te-thelle.html","title":{"rendered":"WB Rapid On &#8211; ngjit\u00ebs dhe p\u00ebrfundues boje makine me shk\u00eblqim t\u00eb thell\u00eb"},"content":{"rendered":"\n<p><strong>WB Rapid On: Mbyt\u00ebs dhe p\u00ebrpunues me shk\u00eblqim t\u00eb thell\u00eb premium, ideal p\u00ebr boj\u00ebrat e makinave &#8211;<\/strong> <strong><em>me baz\u00eb uji &#8211; i shpejt\u00eb<\/em><\/strong><\/p>\n\n<p>Zbatohet si nj\u00eb &#8220;p\u00ebrfundim&#8221; p\u00ebr<a href=\"https:\/\/www.versiegelung24.com\/muster-permanent-protector\/\"> Veshje qeramike e nivelit t\u00eb lart\u00eb Mbrojt\u00ebs i P\u00ebrhersh\u00ebm<\/a> ose<a href=\"https:\/\/www.versiegelung24.com\/autolack-spezial-politur-versiegelung-2in1\/\"> Boj\u00eb makine lustrim dhe vulosje speciale 2in1<\/a> .<\/p>\n\n<p>Numri i artikullit: 5002-7654<\/p>\n\n<p>Cil\u00ebsi e lart\u00eb Prodhuar n\u00eb Gjermani<\/p>\n\n<p><strong>V24 WB Rapid On &#8211; ngjit\u00ebs ngjit\u00ebs i makin\u00ebs me shk\u00eblqim t\u00eb thell\u00eb dhe p\u00ebrfundues<\/strong> krijon nj\u00eb shtres\u00eb ultra t\u00eb holl\u00eb n\u00eb sip\u00ebrfaqe p\u00ebrmes lidhjes elektrostatike t\u00eb miliarda molekulave t\u00eb vogla t\u00eb silikonit, t\u00eb krahasueshme me efektin e magnet\u00ebve t\u00eb vegj\u00ebl q\u00eb lidhen me nj\u00ebri-tjetrin dhe me n\u00ebn sip\u00ebrfaqen. Si rezultat, poret dhe kapilar\u00ebt mikroskopik\u00eb mbyllen dhe grimcat e papast\u00ebrtis\u00eb dhe papast\u00ebrtit\u00eb e tjera nuk jan\u00eb m\u00eb n\u00eb gjendje t&#8217;i p\u00ebrmbahen shtres\u00ebs tani m\u00eb t\u00eb l\u00ebmuar. Kjo i b\u00ebn sip\u00ebrfaqet shum\u00eb m\u00eb t\u00eb lehta p\u00ebr tu pastruar (&#8220;t\u00eb lehta p\u00ebr t&#8217;u pastruar&#8221;), t\u00eb pap\u00ebrshkueshme nga uji (hidrofobike) dhe me nj\u00eb shk\u00eblqim t\u00eb lart\u00eb.<\/p>\n\n<hr\/>\n\n<h4 class=\"wp-block-heading\" id=\"properties\">Karakteristikat e produktit<\/h4>\n\n<div class=\"wp-block-columns is-layout-flex wp-container-core-columns-is-layout-9d6595d7 wp-block-columns-is-layout-flex\">\n<div class=\"wp-block-column is-layout-flow wp-block-column-is-layout-flow\">\n<ul class=\"wp-block-list\">\n<li>Efekt me shk\u00eblqim t\u00eb lart\u00eb<\/li>\n\n\n\n<li>Mund t\u00eb kombinohet si nj\u00eb p\u00ebrfundues me shk\u00eblqim t\u00eb thell\u00eb p\u00ebr vulos\u00ebsit tan\u00eb afatgjat\u00eb<\/li>\n\n\n\n<li>Efekt i shk\u00eblqyesh\u00ebm i leht\u00eb p\u00ebr t&#8217;u pastruar p\u00ebr ngjitjen e papast\u00ebrtis\u00eb, p.sh. nga jasht\u00ebqitjet e shpend\u00ebve, insektet dhe njollat e tjera agresive, sip\u00ebrfaqet ndoten shum\u00eb m\u00eb ngadal\u00eb<\/li>\n\n\n\n<li>Efekt i fort\u00eb hidrofobik (pap\u00ebrshkueshm\u00ebria nga uji)<\/li>\n\n\n\n<li>Teknologji SiO\u00b2 nano<\/li>\n\n\n\n<li>Me baz\u00eb uji, pa tret\u00ebs dhe pa er\u00eb<\/li>\n\n\n\n<li>Rezistent ndaj kimikateve ndaj agjent\u00ebve t\u00eb pastrimit (deri n\u00eb pH 10)<\/li>\n\n\n\n<li>Aplikim i thjesht\u00eb<\/li>\n\n\n\n<li>Lidhje m\u00eb e q\u00ebndrueshme sesa p\u00ebrgatitjet me baz\u00eb dylli ose vaj silikoni<\/li>\n\n\n\n<li>I q\u00ebndruesh\u00ebm ndaj rrezeve ultraviolet \/ rezistent ndaj ngricave \/ i q\u00ebndruesh\u00ebm ndaj ujit t\u00eb kripur \/ i paduksh\u00ebm (trash\u00ebsia e shtres\u00ebs: 40-50nm)<\/li>\n\n\n\n<li>Kursime n\u00eb kosto, koh\u00eb dhe energji p\u00ebrmes cikleve t\u00eb zgjatura t\u00eb pastrimit<\/li>\n<\/ul>\n<\/div>\n\n\n\n<div class=\"wp-block-column is-layout-flow wp-block-column-is-layout-flow\">\n<ul id=\"block-cb512caf-6c3b-4dfc-8f82-809b2295b24e\" class=\"wp-block-list\">\n<li>Jo toksike dhe jo e ndezshme<\/li>\n\n\n\n<li>Afati i ruajtjes: 3 &#8211; 6 muaj (n\u00eb var\u00ebsi t\u00eb p\u00ebrdorimit)<\/li>\n\n\n\n<li>Sip\u00ebrfaqe e but\u00eb m\u00ebndafshi, ndjenj\u00eb shum\u00eb e mir\u00eb<\/li>\n\n\n\n<li>Rezistent ndaj pothuajse t\u00eb gjitha acideve, tret\u00ebsve dhe pastruesve alkalik\u00eb t\u00eb sht\u00ebpis\u00eb<\/li>\n\n\n\n<li>Shum\u00eb m\u00eb e q\u00ebndrueshme se dyll\u00ebt ose produktet me baz\u00eb silikoni<\/li>\n\n\n\n<li>Leht\u00eb i biodegraduesh\u00ebm (sipas kritereve t\u00eb OECD)<\/li>\n\n\n\n<li>Rezistenc\u00eb e lart\u00eb ndaj g\u00ebrryerjes kund\u00ebr grimcave t\u00eb shkaktuara nga era<\/li>\n\n\n\n<li>Rezistente ndaj temperaturave nga -40 n\u00eb + 200 \u00b0 C<\/li>\n\n\n\n<li>ph rezistente nga 1-10<\/li>\n\n\n\n<li>Jo citotoksike sipas ISO 10993-5 + 12<\/li>\n\n\n\n<li>Dend\u00ebsia p\u00ebraf\u00ebrsisht 1.00 g \/ cm\u00b3<\/li>\n\n\n\n<li>Trash\u00ebsia e shtres\u00ebs: af\u00ebrsisht 40-50nm<\/li>\n\n\n\n<li>Pa VOC (pa mallra t\u00eb rreziksh\u00ebm)<\/li>\n\n\n\n<li>Karakteristika t\u00eb forta jo ngjit\u00ebse (sip\u00ebrfaqet ndoten shum\u00eb m\u00eb ngadal\u00eb)<\/li>\n<\/ul>\n<\/div>\n<\/div>\n\n<div class=\"wp-block-columns is-layout-flex wp-container-core-columns-is-layout-9d6595d7 wp-block-columns-is-layout-flex\">\n<div class=\"wp-block-column is-layout-flow wp-block-column-is-layout-flow\">\n<p><strong>Karakteristikat e shkurtra<\/strong><br\/> Temperatura e aplikimit: 0 \u2013 45\u00b0C<br\/> m\u00b2 p\u00ebr lit\u00ebr: 100 m\u00b2<br\/> Afati i ruajtjes s\u00eb vul\u00ebs: 3-6 muaj<br\/> Afati i ruajtjes s\u00eb l\u00ebngjeve: deri n\u00eb 1 vit<br\/> Temperatura e ruajtjes: 0 \u2013 30\u00b0C (e mbrojtur nga rrezet e diellit)<br\/> Koha e kurimit: 5 minuta, zona mund t\u00eb p\u00ebrdoret menj\u00ebher\u00eb<\/p>\n\n\n\n<p><strong>Fusha e dor\u00ebzimit<\/strong> :<br\/> 1 x lit\u00ebr shishe<br\/> 1 x P\u00ebrshkrimi i produktit<\/p>\n<\/div>\n\n\n\n<div class=\"wp-block-column is-layout-flow wp-block-column-is-layout-flow\">\n<p><strong>Testet<\/strong><br\/> Testi SMI Sandui\u00e7 i Korozionit, sipas ASTM F 1110<br\/> Testi i \u00e7menduris\u00eb akrilike, sipas ASTM F 484<br\/> Testi i zbutjes s\u00eb boj\u00ebs s\u00eb tipit C, sipas ASTM F 502<br\/> Testi i brisht\u00ebsis\u00eb s\u00eb hidrogjenit, sipas ASTM F 519-93<\/p>\n\n\n\n<p>\u00c7ertifikuar nga Boeing<br\/> P\u00ebrfundimet Detare DuPont\u2122: <strong>Ndezja e shpejt\u00eb WB \u2013 Mbyt\u00ebs dhe P\u00ebrfundues me shk\u00eblqim t\u00eb thell\u00eb<\/strong> \u00ebsht\u00eb testuar n\u00eb sektorin e jahteve n\u00eb DuPont\u2122 Marine Finishes Topgloss SF dhe DP6940 Imron\u00ae Super Flow HS Clear Coat. Asnj\u00eb efekt negativ n\u00eb veshjet nuk u v\u00ebrejt.<\/p>\n\n\n\n<p>Numri tarifor doganor: 3402 9090, pa mallra t\u00eb rreziksh\u00ebm (NDG)<\/p>\n<\/div>\n<\/div>\n\n<hr\/>\n\n<h4 class=\"wp-block-heading\" id=\"application\">Aplikacion<\/h4>\n\n<p><strong>V24 WB Rapid On &#8211; ngjit\u00ebs ngjit\u00ebs i makin\u00ebs me shk\u00eblqim t\u00eb thell\u00eb dhe p\u00ebrfundues<\/strong> mund t\u00eb aplikohet n\u00eb m\u00ebnyr\u00eb optimale p\u00ebr<strong> :<\/strong><\/p>\n\n<p>\u2022 Boj\u00eb makinash (si izolues i vet\u00ebm ose si \u201cfinish\u201d n\u00eb izoluesit tan\u00eb 640 dhe 660, me nj\u00eb lit\u00ebr mund t\u00eb vulosni p\u00ebraf\u00ebrsisht 8-10 makina)<br\/> \u2022 \u00c7izme<br\/> \u2022 n\u00eb sht\u00ebpi, p.sh. p\u00ebr kabinat e dushit, dritaret dhe kornizat e dyerve<br\/> \u2022 Sip\u00ebrfaqe inox<br\/> \u2022 sip\u00ebrfaqe t\u00eb lyera dhe metalike<br\/> \u2022 Xhami<br\/> \u2022 materiale sintetike<br\/> \u2022 Gome<br\/> \u2022 Krom<br\/> \u2022 Mbajt\u00ebsit (vizoret e skive dhe moto\u00e7ikletave, ve\u00e7an\u00ebrisht n\u00ebse duhen shmangur izoluesit me baz\u00eb tret\u00ebs)<\/p>\n","protected":false},"excerpt":{"rendered":"<p><strong>Mbyt\u00ebs dhe finalizues premium me shk\u00eblqim t\u00eb thell\u00eb<\/strong><\/p>\n<p>\u2713 ideale p\u00ebr bojrat e makinave<\/p>\n<p><em>\u2713 me<\/em> <em>baz\u00eb uji &#8211; i shpejt\u00eb<\/em><\/p>\n","protected":false},"featured_media":18372,"template":"","meta":{"_acf_changed":false,"neve_meta_sidebar":"","neve_meta_container":"","neve_meta_enable_content_width":"","neve_meta_content_width":0,"neve_meta_title_alignment":"","neve_meta_author_avatar":"","neve_post_elements_order":"","neve_meta_disable_header":"","neve_meta_disable_footer":"","neve_meta_disable_title":"","neve_meta_reading_time":"","_surfaces":[],"_ver_product_tabs":[],"footnotes":""},"product_brand":[],"product_cat":[2172],"product_tag":[],"class_list":{"0":"post-24606","1":"product","2":"type-product","3":"status-publish","4":"has-post-thumbnail","6":"product_cat-vulosja-e-makinave","8":"first","9":"instock","10":"taxable","11":"shipping-taxable","12":"purchasable","13":"product-type-simple"},"acf":[],"yoast_head":"<!-- This site is optimized with the Yoast SEO Premium plugin v22.8 (Yoast SEO v27.5) - https:\/\/yoast.com\/product\/yoast-seo-premium-wordpress\/ -->\n<title>WB Rapid On - ngjit\u00ebs dhe p\u00ebrfundues boje makine me shk\u00eblqim t\u00eb thell\u00eb - versiegelung24.com<\/title>\n<meta name=\"robots\" content=\"index, follow, max-snippet:-1, max-image-preview:large, max-video-preview:-1\" \/>\n<link rel=\"canonical\" href=\"https:\/\/www.versiegelung24.com\/sq\/wb-rapid-on-ngjites-dhe-perfundues-boje-makine-me-shkelqim-te-thelle.html\" \/>\n<meta property=\"og:locale\" content=\"sq_AL\" \/>\n<meta property=\"og:type\" content=\"article\" \/>\n<meta property=\"og:title\" content=\"WB Rapid On - ngjit\u00ebs dhe p\u00ebrfundues boje makine me shk\u00eblqim t\u00eb thell\u00eb\" \/>\n<meta property=\"og:description\" content=\"Mbyt\u00ebs dhe finalizues premium me shk\u00eblqim t\u00eb thell\u00eb \u2713 ideale p\u00ebr bojrat e makinave \u2713 me baz\u00eb uji - i shpejt\u00eb\" \/>\n<meta property=\"og:url\" content=\"https:\/\/www.versiegelung24.com\/sq\/wb-rapid-on-ngjites-dhe-perfundues-boje-makine-me-shkelqim-te-thelle.html\" \/>\n<meta property=\"og:site_name\" content=\"versiegelung24.com\" \/>\n<meta property=\"article:modified_time\" content=\"2025-01-03T23:02:48+00:00\" \/>\n<meta property=\"og:image\" content=\"https:\/\/www.versiegelung24.com\/wp-content\/uploads\/2020\/06\/produkt-5002-7654-1000-WB-Rapid-On-scaled.jpg\" \/>\n\t<meta property=\"og:image:width\" content=\"2560\" \/>\n\t<meta property=\"og:image:height\" content=\"2560\" \/>\n\t<meta property=\"og:image:type\" content=\"image\/jpeg\" \/>\n<meta name=\"twitter:card\" content=\"summary_large_image\" \/>\n<meta name=\"twitter:label1\" content=\"Price\" \/>\n\t<meta name=\"twitter:data1\" content=\"69,00&euro;\" \/>\n\t<meta name=\"twitter:label2\" content=\"Availability\" \/>\n\t<meta name=\"twitter:data2\" content=\"In stock\" \/>\n<script type=\"application\/ld+json\" class=\"yoast-schema-graph\">{\"@context\":\"https:\\\/\\\/schema.org\",\"@graph\":[{\"@type\":\"WebPage\",\"@id\":\"https:\\\/\\\/www.versiegelung24.com\\\/sq\\\/wb-rapid-on-ngjites-dhe-perfundues-boje-makine-me-shkelqim-te-thelle.html\",\"url\":\"https:\\\/\\\/www.versiegelung24.com\\\/sq\\\/wb-rapid-on-ngjites-dhe-perfundues-boje-makine-me-shkelqim-te-thelle.html\",\"name\":\"WB Rapid On - ngjit\u00ebs dhe p\u00ebrfundues boje makine me shk\u00eblqim t\u00eb thell\u00eb - versiegelung24.com\",\"isPartOf\":{\"@id\":\"https:\\\/\\\/www.versiegelung24.com\\\/sq\\\/#website\"},\"primaryImageOfPage\":{\"@id\":\"https:\\\/\\\/www.versiegelung24.com\\\/sq\\\/wb-rapid-on-ngjites-dhe-perfundues-boje-makine-me-shkelqim-te-thelle.html#primaryimage\"},\"image\":{\"@id\":\"https:\\\/\\\/www.versiegelung24.com\\\/sq\\\/wb-rapid-on-ngjites-dhe-perfundues-boje-makine-me-shkelqim-te-thelle.html#primaryimage\"},\"thumbnailUrl\":\"https:\\\/\\\/www.versiegelung24.com\\\/wp-content\\\/uploads\\\/2020\\\/06\\\/produkt-5002-7654-1000-WB-Rapid-On-scaled.jpg\",\"datePublished\":\"2021-08-02T20:50:04+00:00\",\"dateModified\":\"2025-01-03T23:02:48+00:00\",\"breadcrumb\":{\"@id\":\"https:\\\/\\\/www.versiegelung24.com\\\/sq\\\/wb-rapid-on-ngjites-dhe-perfundues-boje-makine-me-shkelqim-te-thelle.html#breadcrumb\"},\"inLanguage\":\"sq-AL\",\"potentialAction\":[{\"@type\":\"ReadAction\",\"target\":[\"https:\\\/\\\/www.versiegelung24.com\\\/sq\\\/wb-rapid-on-ngjites-dhe-perfundues-boje-makine-me-shkelqim-te-thelle.html\"]}]},{\"@type\":\"ImageObject\",\"inLanguage\":\"sq-AL\",\"@id\":\"https:\\\/\\\/www.versiegelung24.com\\\/sq\\\/wb-rapid-on-ngjites-dhe-perfundues-boje-makine-me-shkelqim-te-thelle.html#primaryimage\",\"url\":\"https:\\\/\\\/www.versiegelung24.com\\\/wp-content\\\/uploads\\\/2020\\\/06\\\/produkt-5002-7654-1000-WB-Rapid-On-scaled.jpg\",\"contentUrl\":\"https:\\\/\\\/www.versiegelung24.com\\\/wp-content\\\/uploads\\\/2020\\\/06\\\/produkt-5002-7654-1000-WB-Rapid-On-scaled.jpg\",\"width\":2560,\"height\":2560},{\"@type\":\"BreadcrumbList\",\"@id\":\"https:\\\/\\\/www.versiegelung24.com\\\/sq\\\/wb-rapid-on-ngjites-dhe-perfundues-boje-makine-me-shkelqim-te-thelle.html#breadcrumb\",\"itemListElement\":[{\"@type\":\"ListItem\",\"position\":1,\"name\":\"Faqja kryesore\",\"item\":\"https:\\\/\\\/www.versiegelung24.com\\\/sq\\\/perpara\\\/\"},{\"@type\":\"ListItem\",\"position\":2,\"name\":\"Dyqan\",\"item\":\"https:\\\/\\\/www.versiegelung24.com\\\/sq\\\/dyqan\\\/\"},{\"@type\":\"ListItem\",\"position\":3,\"name\":\"WB Rapid On &#8211; ngjit\u00ebs dhe p\u00ebrfundues boje makine me shk\u00eblqim t\u00eb thell\u00eb\"}]},{\"@type\":\"WebSite\",\"@id\":\"https:\\\/\\\/www.versiegelung24.com\\\/sq\\\/#website\",\"url\":\"https:\\\/\\\/www.versiegelung24.com\\\/sq\\\/\",\"name\":\"versiegelung24.com\",\"description\":\"Fl\u00fcssigglas-Versiegelung - Made in Germany\",\"publisher\":{\"@id\":\"https:\\\/\\\/www.versiegelung24.com\\\/sq\\\/#organization\"},\"potentialAction\":[{\"@type\":\"SearchAction\",\"target\":{\"@type\":\"EntryPoint\",\"urlTemplate\":\"https:\\\/\\\/www.versiegelung24.com\\\/sq\\\/?s={search_term_string}\"},\"query-input\":{\"@type\":\"PropertyValueSpecification\",\"valueRequired\":true,\"valueName\":\"search_term_string\"}}],\"inLanguage\":\"sq-AL\"},{\"@type\":\"Organization\",\"@id\":\"https:\\\/\\\/www.versiegelung24.com\\\/sq\\\/#organization\",\"name\":\"versiegelung24\",\"url\":\"https:\\\/\\\/www.versiegelung24.com\\\/sq\\\/\",\"logo\":{\"@type\":\"ImageObject\",\"inLanguage\":\"sq-AL\",\"@id\":\"https:\\\/\\\/www.versiegelung24.com\\\/sq\\\/#\\\/schema\\\/logo\\\/image\\\/\",\"url\":\"https:\\\/\\\/www.versiegelung24.com\\\/wp-content\\\/uploads\\\/2020\\\/04\\\/versiegelung24.png\",\"contentUrl\":\"https:\\\/\\\/www.versiegelung24.com\\\/wp-content\\\/uploads\\\/2020\\\/04\\\/versiegelung24.png\",\"width\":470,\"height\":102,\"caption\":\"versiegelung24\"},\"image\":{\"@id\":\"https:\\\/\\\/www.versiegelung24.com\\\/sq\\\/#\\\/schema\\\/logo\\\/image\\\/\"}}]}<\/script>\n<meta property=\"product:price:amount\" content=\"69.00\" \/>\n<meta property=\"product:price:currency\" content=\"EUR\" \/>\n<meta property=\"og:availability\" content=\"instock\" \/>\n<meta property=\"product:availability\" content=\"instock\" \/>\n<meta property=\"product:retailer_item_id\" content=\"5002-7654-1000\" \/>\n<meta property=\"product:condition\" content=\"new\" \/>\n<!-- \/ Yoast SEO Premium plugin. -->","yoast_head_json":{"title":"WB Rapid On - ngjit\u00ebs dhe p\u00ebrfundues boje makine me shk\u00eblqim t\u00eb thell\u00eb - versiegelung24.com","robots":{"index":"index","follow":"follow","max-snippet":"max-snippet:-1","max-image-preview":"max-image-preview:large","max-video-preview":"max-video-preview:-1"},"canonical":"https:\/\/www.versiegelung24.com\/sq\/wb-rapid-on-ngjites-dhe-perfundues-boje-makine-me-shkelqim-te-thelle.html","og_locale":"sq_AL","og_type":"article","og_title":"WB Rapid On - ngjit\u00ebs dhe p\u00ebrfundues boje makine me shk\u00eblqim t\u00eb thell\u00eb","og_description":"Mbyt\u00ebs dhe finalizues premium me shk\u00eblqim t\u00eb thell\u00eb \u2713 ideale p\u00ebr bojrat e makinave \u2713 me baz\u00eb uji - i shpejt\u00eb","og_url":"https:\/\/www.versiegelung24.com\/sq\/wb-rapid-on-ngjites-dhe-perfundues-boje-makine-me-shkelqim-te-thelle.html","og_site_name":"versiegelung24.com","article_modified_time":"2025-01-03T23:02:48+00:00","og_image":[{"width":2560,"height":2560,"url":"https:\/\/www.versiegelung24.com\/wp-content\/uploads\/2020\/06\/produkt-5002-7654-1000-WB-Rapid-On-scaled.jpg","type":"image\/jpeg"}],"twitter_card":"summary_large_image","twitter_misc":{"Price":"69,00&euro;","Availability":"In stock"},"schema":{"@context":"https:\/\/schema.org","@graph":[{"@type":"WebPage","@id":"https:\/\/www.versiegelung24.com\/sq\/wb-rapid-on-ngjites-dhe-perfundues-boje-makine-me-shkelqim-te-thelle.html","url":"https:\/\/www.versiegelung24.com\/sq\/wb-rapid-on-ngjites-dhe-perfundues-boje-makine-me-shkelqim-te-thelle.html","name":"WB Rapid On - ngjit\u00ebs dhe p\u00ebrfundues boje makine me shk\u00eblqim t\u00eb thell\u00eb - versiegelung24.com","isPartOf":{"@id":"https:\/\/www.versiegelung24.com\/sq\/#website"},"primaryImageOfPage":{"@id":"https:\/\/www.versiegelung24.com\/sq\/wb-rapid-on-ngjites-dhe-perfundues-boje-makine-me-shkelqim-te-thelle.html#primaryimage"},"image":{"@id":"https:\/\/www.versiegelung24.com\/sq\/wb-rapid-on-ngjites-dhe-perfundues-boje-makine-me-shkelqim-te-thelle.html#primaryimage"},"thumbnailUrl":"https:\/\/www.versiegelung24.com\/wp-content\/uploads\/2020\/06\/produkt-5002-7654-1000-WB-Rapid-On-scaled.jpg","datePublished":"2021-08-02T20:50:04+00:00","dateModified":"2025-01-03T23:02:48+00:00","breadcrumb":{"@id":"https:\/\/www.versiegelung24.com\/sq\/wb-rapid-on-ngjites-dhe-perfundues-boje-makine-me-shkelqim-te-thelle.html#breadcrumb"},"inLanguage":"sq-AL","potentialAction":[{"@type":"ReadAction","target":["https:\/\/www.versiegelung24.com\/sq\/wb-rapid-on-ngjites-dhe-perfundues-boje-makine-me-shkelqim-te-thelle.html"]}]},{"@type":"ImageObject","inLanguage":"sq-AL","@id":"https:\/\/www.versiegelung24.com\/sq\/wb-rapid-on-ngjites-dhe-perfundues-boje-makine-me-shkelqim-te-thelle.html#primaryimage","url":"https:\/\/www.versiegelung24.com\/wp-content\/uploads\/2020\/06\/produkt-5002-7654-1000-WB-Rapid-On-scaled.jpg","contentUrl":"https:\/\/www.versiegelung24.com\/wp-content\/uploads\/2020\/06\/produkt-5002-7654-1000-WB-Rapid-On-scaled.jpg","width":2560,"height":2560},{"@type":"BreadcrumbList","@id":"https:\/\/www.versiegelung24.com\/sq\/wb-rapid-on-ngjites-dhe-perfundues-boje-makine-me-shkelqim-te-thelle.html#breadcrumb","itemListElement":[{"@type":"ListItem","position":1,"name":"Faqja kryesore","item":"https:\/\/www.versiegelung24.com\/sq\/perpara\/"},{"@type":"ListItem","position":2,"name":"Dyqan","item":"https:\/\/www.versiegelung24.com\/sq\/dyqan\/"},{"@type":"ListItem","position":3,"name":"WB Rapid On &#8211; ngjit\u00ebs dhe p\u00ebrfundues boje makine me shk\u00eblqim t\u00eb thell\u00eb"}]},{"@type":"WebSite","@id":"https:\/\/www.versiegelung24.com\/sq\/#website","url":"https:\/\/www.versiegelung24.com\/sq\/","name":"versiegelung24.com","description":"Fl\u00fcssigglas-Versiegelung - Made in Germany","publisher":{"@id":"https:\/\/www.versiegelung24.com\/sq\/#organization"},"potentialAction":[{"@type":"SearchAction","target":{"@type":"EntryPoint","urlTemplate":"https:\/\/www.versiegelung24.com\/sq\/?s={search_term_string}"},"query-input":{"@type":"PropertyValueSpecification","valueRequired":true,"valueName":"search_term_string"}}],"inLanguage":"sq-AL"},{"@type":"Organization","@id":"https:\/\/www.versiegelung24.com\/sq\/#organization","name":"versiegelung24","url":"https:\/\/www.versiegelung24.com\/sq\/","logo":{"@type":"ImageObject","inLanguage":"sq-AL","@id":"https:\/\/www.versiegelung24.com\/sq\/#\/schema\/logo\/image\/","url":"https:\/\/www.versiegelung24.com\/wp-content\/uploads\/2020\/04\/versiegelung24.png","contentUrl":"https:\/\/www.versiegelung24.com\/wp-content\/uploads\/2020\/04\/versiegelung24.png","width":470,"height":102,"caption":"versiegelung24"},"image":{"@id":"https:\/\/www.versiegelung24.com\/sq\/#\/schema\/logo\/image\/"}}]},"product_price_amount":"69.00","product_price_currency":"EUR","og_availability":"instock","product_availability":"instock","product_retailer_item_id":"5002-7654-1000","product_condition":"new"},"_links":{"self":[{"href":"https:\/\/www.versiegelung24.com\/sq\/wp-json\/wp\/v2\/product\/24606","targetHints":{"allow":["GET"]}}],"collection":[{"href":"https:\/\/www.versiegelung24.com\/sq\/wp-json\/wp\/v2\/product"}],"about":[{"href":"https:\/\/www.versiegelung24.com\/sq\/wp-json\/wp\/v2\/types\/product"}],"version-history":[{"count":10,"href":"https:\/\/www.versiegelung24.com\/sq\/wp-json\/wp\/v2\/product\/24606\/revisions"}],"predecessor-version":[{"id":174299,"href":"https:\/\/www.versiegelung24.com\/sq\/wp-json\/wp\/v2\/product\/24606\/revisions\/174299"}],"wp:featuredmedia":[{"embeddable":true,"href":"https:\/\/www.versiegelung24.com\/sq\/wp-json\/wp\/v2\/media\/18372"}],"wp:attachment":[{"href":"https:\/\/www.versiegelung24.com\/sq\/wp-json\/wp\/v2\/media?parent=24606"}],"wp:term":[{"taxonomy":"product_brand","embeddable":true,"href":"https:\/\/www.versiegelung24.com\/sq\/wp-json\/wp\/v2\/product_brand?post=24606"},{"taxonomy":"product_cat","embeddable":true,"href":"https:\/\/www.versiegelung24.com\/sq\/wp-json\/wp\/v2\/product_cat?post=24606"},{"taxonomy":"product_tag","embeddable":true,"href":"https:\/\/www.versiegelung24.com\/sq\/wp-json\/wp\/v2\/product_tag?post=24606"}],"curies":[{"name":"wp","href":"https:\/\/api.w.org\/{rel}","templated":true}]}}