{"id":24679,"date":"2020-04-04T18:53:45","date_gmt":"2021-08-02T20:56:29","guid":{"rendered":"https:\/\/www.versiegelung24.com\/produkt\/beton-premium-dhe-vulosje-guri-papershkueshmeri-ekstreme-e-ujit-jo-e-frymemarrjes"},"modified":"2025-01-04T00:13:49","modified_gmt":"2025-01-03T23:13:49","slug":"premium-beton-gur-vulosje-ekstrem-uje-neveritshmeri-jo-frymemarrese","status":"publish","type":"product","link":"https:\/\/www.versiegelung24.com\/sq\/premium-beton-gur-vulosje-ekstrem-uje-neveritshmeri-jo-frymemarrese.html","title":{"rendered":"Mbyllje premium prej betoni dhe guri me thellim t\u00eb ngjyr\u00ebs &#8211; nuk merr frym\u00eb"},"content":{"rendered":"\n<p>N\u00ebnshkrimi yn\u00eb prej betoni dhe guri premium mbron n\u00eb m\u00ebnyr\u00eb efektive dhe t\u00eb p\u00ebrhershme sip\u00ebrfaqet nga ndikimet e jashtme dhe kund\u00ebrvepron qart\u00eb dep\u00ebrtimin e vajit, yndyrave, kafes\u00eb dhe ver\u00ebs s\u00eb kuqe. P\u00ebr m\u00eb tep\u00ebr, veshja mbrojt\u00ebse e llakut t\u00eb past\u00ebr l\u00eb nj\u00eb film me shk\u00eblqim q\u00eb intensifikon ngjyr\u00ebn q\u00eb rrit duksh\u00ebm sip\u00ebrfaqen e trajtuar.<\/p>\n\n<hr\/>\n\n<h4 class=\"wp-block-heading\" id=\"video\"><strong>Praktikoni video &#8211; duke mbrojtur n\u00eb m\u00ebnyr\u00eb efektive figurat e gurit dhe skulpturat prej guri n\u00eb kopsht nga ndikimet mjedisore<\/strong><\/h4>\n\n<figure class=\"wp-block-embed aligncenter is-type-video is-provider-youtube wp-block-embed-youtube wp-embed-aspect-16-9 wp-has-aspect-ratio\"><div class=\"wp-block-embed__wrapper\"> \n<div class=\"nv-iframe-embed\"><iframe title=\"Steinfiguren &amp; Steinskulpturen wetterfest machen - Versiegelung \/ Impr\u00e4gnierung mit Farbvertiefung\" width=\"1200\" height=\"675\" src=\"https:\/\/www.youtube.com\/embed\/sSjv-OlqOgI?feature=oembed\" frameborder=\"0\" allow=\"accelerometer; autoplay; clipboard-write; encrypted-media; gyroscope; picture-in-picture\" allowfullscreen><\/iframe><\/div>\n <\/div><\/figure>\n\n<hr\/>\n\n<h4 class=\"wp-block-heading\" id=\"properties\">Karakteristikat e produktit<\/h4>\n\n<div class=\"wp-block-columns is-layout-flex wp-container-core-columns-is-layout-9d6595d7 wp-block-columns-is-layout-flex\">\n<div class=\"wp-block-column is-layout-flow wp-block-column-is-layout-flow\">\n<p>Protection Mbrojtje efektive e sip\u00ebrfaqes s\u00eb p\u00ebrhershme kund\u00ebr ujit, papast\u00ebrtis\u00eb dhe motit<\/p>\n\n\n\n<p>\u2713 parandalon rritjen e myshqeve, likeneve, k\u00ebrpudhave dhe ndikimeve t\u00eb tjera natyrore<\/p>\n\n\n\n<p>\u2713 100% shtres\u00eb e ngurt\u00eb q\u00eb p\u00ebrmban llak t\u00eb qart\u00eb<\/p>\n\n\n\n<p>Resistance rezistenc\u00eb e lart\u00eb ndaj g\u00ebrryerjes p\u00ebrmes teknologjis\u00eb nano SiO\u00b2<\/p>\n\n\n\n<p>Surfaces sip\u00ebrfaqet e trajtuara nuk marrin frym\u00eb<\/p>\n\n\n\n<p>Effect Efekt i thellimit t\u00eb ngjyrave me nj\u00eb film me shk\u00eblqim \/ zgjerim t\u00eb sip\u00ebrfaqes<\/p>\n\n\n\n<p>Hyd hidrofobiz\u00ebm shum\u00eb i fort\u00eb<\/p>\n\n\n\n<p>Reduction Reduktim i ndjesh\u00ebm i dep\u00ebrtimit t\u00eb vajit dhe yndyrave, kafes\u00eb, ver\u00ebs s\u00eb kuqe<\/p>\n\n\n\n<p>-I q\u00ebndruesh\u00ebm ndaj ngricave (akulli dhe bora nuk e d\u00ebmtojn\u00eb at\u00eb)<\/p>\n\n\n\n<p>. I q\u00ebndruesh\u00ebm ndaj rrezeve ultraviolet<\/p>\n\n\n\n<p>Effect Efekt i leht\u00eb p\u00ebr tu pastruar: papast\u00ebrti<\/p>\n\n\n\n<p>\u2713 Rezistent ndaj temperatur\u00ebs deri n\u00eb 1000\u00b0C (me ekspozim afatshkurt\u00ebr)<\/p>\n\n\n\n<p><\/p>\n\n\n\n<p>Fusha e dor\u00ebzimit:<br\/> 1 x lit\u00ebr shishe<\/p>\n<\/div>\n\n\n\n<div class=\"wp-block-column is-layout-flow wp-block-column-is-layout-flow\">\n<p><strong>Nano-veshje shum\u00eb efektive, shum\u00eb e pap\u00ebrshkueshme nga uji, rezistente ndaj g\u00ebrryerjes p\u00ebr t\u00eb gjitha sip\u00ebrfaqet absorbuese, minerale.<\/strong><\/p>\n\n\n\n<p>Nuk merr frym\u00eb<\/p>\n\n\n\n<p>Numri i artikullit: 3008-704<\/p>\n\n\n\n<p>Cil\u00ebsi e lart\u00eb Prodhuar n\u00eb Gjermani<\/p>\n\n\n\n<p><strong>siguria e produktit<\/strong><\/p>\n\n\n\n<p>Informacioni mbi klasifikimin e produktit brenda korniz\u00ebs s\u00eb Urdh\u00ebres\u00ebs p\u00ebr substancat e rrezikshme, t\u00eb dh\u00ebnat e siguris\u00eb dhe t\u00eb dh\u00ebnat mbi toksikologjin\u00eb dhe ruajtjen mund t\u00eb gjenden n\u00eb flet\u00ebn ton\u00eb t\u00eb t\u00eb dh\u00ebnave t\u00eb siguris\u00eb.<\/p>\n\n\n\n<p>Kushtojini v\u00ebmendje pajisjeve mbrojt\u00ebse t\u00eb p\u00ebrshtatshme kur p\u00ebrdorni. Kur porositni, ne rekomandojm\u00eb mbajtjen e maskave t\u00eb p\u00ebrshtatshme t\u00eb frym\u00ebmarrjes dhe doreza gome.<\/p>\n\n\n\n<p>N\u00eb rast t\u00eb kontaktit me l\u00ebkur\u00ebn, lani zonat t\u00ebr\u00ebsisht me sapun dhe uj\u00eb.<\/p>\n\n\n\n<p><strong>magazinimit<\/strong><\/p>\n\n\n\n<p>V24 Betoni dhe Stone Sealing Extreme mund t\u00eb mbahen p\u00ebr t\u00eb pakt\u00ebn 12 muaj n\u00eb en\u00ebn e mbyllur origjinale n\u00eb temperatura magazinimi prej +5 deri + 25 \u00b0 C.<\/p>\n\n\n\n<p>Kontejner\u00ebt e hapur duhet t\u00eb p\u00ebrdoren me nj\u00eb njoftim t\u00eb shkurt\u00ebr.<\/p>\n\n\n\n<p>Nj\u00eb periudh\u00eb m\u00eb e gjat\u00eb e ruajtjes nuk do t\u00eb thot\u00eb domosdoshm\u00ebrisht q\u00eb produkti \u00ebsht\u00eb i pap\u00ebrdorsh\u00ebm, megjithat\u00eb, p\u00ebr sa i p\u00ebrket sigurimit t\u00eb cil\u00ebsis\u00eb, duhet t\u00eb kontrollohen vetit\u00eb e d\u00ebshiruara p\u00ebr p\u00ebrdorimin e synuar.<\/p>\n<\/div>\n<\/div>\n\n<hr\/>\n\n<h4 class=\"wp-block-heading\" id=\"application\">Aplikacion<\/h4>\n\n<div class=\"wp-block-columns is-layout-flex wp-container-core-columns-is-layout-9d6595d7 wp-block-columns-is-layout-flex\">\n<div class=\"wp-block-column is-layout-flow wp-block-column-is-layout-flow\">\n<ul class=\"wp-block-list\">\n<li><strong>V24 mbyllja ekstreme e betonit dhe gurit<\/strong> dor\u00ebzohet gati p\u00ebr p\u00ebrdorim dhe aplikohet i paholluar n\u00eb sip\u00ebrfaqen e para-pastruar dhe thar\u00eb. Nj\u00eb hollim me alkool \u00ebsht\u00eb i mundur n\u00eb var\u00ebsi t\u00eb aplikimit.<\/li>\n<\/ul>\n\n\n\n<ul class=\"wp-block-list\">\n<li>T\u00eb gjitha sip\u00ebrfaqet q\u00eb do t\u00eb trajtohen duhet t\u00eb jen\u00eb t\u00eb thata dhe t\u00eb pastruara mir\u00eb, pasi kjo \u00ebsht\u00eb m\u00ebnyra e vetme p\u00ebr t\u00eb siguruar nj\u00eb dep\u00ebrtim t\u00eb thell\u00eb t\u00eb ngjit\u00ebsit, i cili ka nj\u00eb efekt optimal afatgjat\u00eb dhe t\u00eb thell\u00eb.<\/li>\n<\/ul>\n\n\n\n<ul class=\"wp-block-list\">\n<li>Pas aplikimit, <strong><strong>izoluesi i betonit dhe gurit V24<\/strong><\/strong> duhet t\u00eb q\u00ebndroj\u00eb n\u00eb kontakt me sip\u00ebrfaqen si nj\u00eb shtres\u00eb e l\u00ebngshme p\u00ebr disa sekonda.<\/li>\n<\/ul>\n\n\n\n<ul class=\"wp-block-list\">\n<li>Veshja lidhet plot\u00ebsisht dhe sh\u00ebrohet pas 24 or\u00ebsh.<\/li>\n<\/ul>\n\n\n\n<p>Nj\u00eb p\u00ebrshkrim i detajuar i aplikimit mund t\u00eb gjendet n\u00eb flet\u00ebn ton\u00eb t\u00eb t\u00eb dh\u00ebnave<\/p>\n<\/div>\n\n\n\n<div class=\"wp-block-column is-layout-flow wp-block-column-is-layout-flow\">\n<p>Veshje llak mbrojt\u00ebse e qart\u00eb p\u00ebr t\u00eb gjitha sip\u00ebrfaqet minerale, betoni thith\u00ebs dhe guri, brenda dhe jasht\u00eb.<\/p>\n\n\n\n<p>\u2713 Beton (bllok betoni, trotuar betoni, shkall\u00eb, dysheme garazhi dhe pun\u00ebtorie, zona betoni t\u00eb ekspozuara &#8230;)<\/p>\n\n\n\n<p>\u2713 Guri (guri natyror, guri shtrues, graniti, tulla me r\u00ebr\u00eb-g\u00eblqere, propozoj, muratura, rrug\u00eb &#8230;)<\/p>\n\n\n\n<p><strong>E r\u00ebnd\u00ebsishme:<\/strong> P\u00ebrdorimi \u00ebsht\u00eb i kufizuar n\u00eb sip\u00ebrfaqe shum\u00eb t\u00eb l\u00ebmuara me absorbueshm\u00ebri t\u00eb ul\u00ebt, pasi lidhja optimale nuk mund t\u00eb b\u00ebhet k\u00ebtu. N\u00ebse \u00ebsht\u00eb e nevojshme, sip\u00ebrfaqja duhet t\u00eb ashp\u00ebrsohet paraprakisht (60-100 let\u00ebr zmerile n\u00eb var\u00ebsi t\u00eb sip\u00ebrfaqes) dhe t\u00eb aplikohet nj\u00eb shtres\u00eb primer (1\/3 alkool 2\/3 ngjit\u00ebs). M\u00eb pas pas rreth 30 minutash mbyllja e paholluar.<\/p>\n\n\n\n<p>Konsumi varet nga absorbueshm\u00ebria e sip\u00ebrfaqes af\u00ebrsisht 10-40m\u00b2 \/ lit\u00ebr.<\/p>\n<\/div>\n<\/div>\n","protected":false},"excerpt":{"rendered":"<p><strong>Shtres\u00eb e past\u00ebr jasht\u00ebzakonisht e pap\u00ebrshkueshme nga uji p\u00ebr p\u00ebrdorim t\u00eb brendsh\u00ebm dhe t\u00eb jasht\u00ebm<\/strong>  <\/p>\n<p>\u2713 p\u00ebr t\u00eb gjitha sip\u00ebrfaqet absorbuese t\u00eb gurit mineral dhe betonit<\/p>\n<p>Effect Efekt i leht\u00eb p\u00ebr t&#8217;u pastruar: papast\u00ebrtia nuk ngjitet dhe mund t\u00eb hiqet leht\u00eb<\/p>\n<p>Surfaces sip\u00ebrfaqet e trajtuara nuk marrin frym\u00eb<\/p>\n<p>\u2713 Parandalon rritjen e myshkut, likenit, k\u00ebrpudhave dhe ndikimeve t\u00eb tjera natyrore<\/p>\n<p>Effect Efekt i thellimit t\u00eb ngjyrave me nj\u00eb film me shk\u00eblqim \/ zgjerim t\u00eb sip\u00ebrfaqes<\/p>\n<p>\u2713 Q\u00ebndrueshm\u00ebria: deri n\u00eb 5 vjet+<\/p>\n","protected":false},"featured_media":18084,"template":"","meta":{"_acf_changed":false,"neve_meta_sidebar":"","neve_meta_container":"","neve_meta_enable_content_width":"","neve_meta_content_width":0,"neve_meta_title_alignment":"","neve_meta_author_avatar":"","neve_post_elements_order":"","neve_meta_disable_header":"","neve_meta_disable_footer":"","neve_meta_disable_title":"","neve_meta_reading_time":"","_surfaces":[],"_ver_product_tabs":[],"footnotes":""},"product_brand":[],"product_cat":[2397],"product_tag":[],"class_list":{"0":"post-24679","1":"product","2":"type-product","3":"status-publish","4":"has-post-thumbnail","6":"product_cat-vulosje-prej-guri-dhe-betoni","7":"pa_gebinde-shishe-1000-ml","8":"pa_gebinde-kuti-20l","10":"first","11":"instock","12":"taxable","13":"shipping-taxable","14":"purchasable","15":"product-type-variable","16":"has-default-attributes"},"acf":[],"yoast_head":"<!-- This site is optimized with the Yoast SEO Premium plugin v22.8 (Yoast SEO v27.5) - https:\/\/yoast.com\/product\/yoast-seo-premium-wordpress\/ -->\n<title>Mbyllje premium prej betoni dhe guri me thellimin e ngjyr\u00ebs - versiegelung24<\/title>\n<meta name=\"description\" content=\"Mbyllja e betonit dhe gurit premium - m\u00ebsoni m\u00eb shum\u00eb p\u00ebr vulosjen ton\u00eb premium prej betoni dhe guri me nanoteknologji dhe thellim ngjyrash\" \/>\n<meta name=\"robots\" content=\"index, follow, max-snippet:-1, max-image-preview:large, max-video-preview:-1\" \/>\n<link rel=\"canonical\" href=\"https:\/\/www.versiegelung24.com\/sq\/premium-beton-gur-vulosje-ekstrem-uje-neveritshmeri-jo-frymemarrese.html\" \/>\n<meta property=\"og:locale\" content=\"sq_AL\" \/>\n<meta property=\"og:type\" content=\"article\" \/>\n<meta property=\"og:title\" content=\"Mbyllje premium prej betoni dhe guri me thellim t\u00eb ngjyr\u00ebs - nuk merr frym\u00eb\" \/>\n<meta property=\"og:description\" content=\"Mbyllja e betonit dhe gurit premium - m\u00ebsoni m\u00eb shum\u00eb p\u00ebr vulosjen ton\u00eb premium prej betoni dhe guri me nanoteknologji dhe thellim ngjyrash\" \/>\n<meta property=\"og:url\" content=\"https:\/\/www.versiegelung24.com\/sq\/premium-beton-gur-vulosje-ekstrem-uje-neveritshmeri-jo-frymemarrese.html\" \/>\n<meta property=\"og:site_name\" content=\"versiegelung24.com\" \/>\n<meta property=\"article:modified_time\" content=\"2025-01-03T23:13:49+00:00\" \/>\n<meta property=\"og:image\" content=\"https:\/\/www.versiegelung24.com\/wp-content\/uploads\/2020\/06\/produkt-3008-704-1000-Beton-Stein-Versiegelung-extreme-Wasserabweisung-nicht-atmungsaktiv-scaled.jpg\" \/>\n\t<meta property=\"og:image:width\" content=\"2560\" \/>\n\t<meta property=\"og:image:height\" content=\"2560\" \/>\n\t<meta property=\"og:image:type\" content=\"image\/jpeg\" \/>\n<meta name=\"twitter:card\" content=\"summary_large_image\" \/>\n<meta name=\"twitter:label1\" content=\"Availability\" \/>\n\t<meta name=\"twitter:data1\" content=\"In stock\" \/>\n<script type=\"application\/ld+json\" class=\"yoast-schema-graph\">{\"@context\":\"https:\\\/\\\/schema.org\",\"@graph\":[{\"@type\":\"WebPage\",\"@id\":\"https:\\\/\\\/www.versiegelung24.com\\\/sq\\\/premium-beton-gur-vulosje-ekstrem-uje-neveritshmeri-jo-frymemarrese.html\",\"url\":\"https:\\\/\\\/www.versiegelung24.com\\\/sq\\\/premium-beton-gur-vulosje-ekstrem-uje-neveritshmeri-jo-frymemarrese.html\",\"name\":\"Mbyllje premium prej betoni dhe guri me thellimin e ngjyr\u00ebs - versiegelung24\",\"isPartOf\":{\"@id\":\"https:\\\/\\\/www.versiegelung24.com\\\/sq\\\/#website\"},\"primaryImageOfPage\":{\"@id\":\"https:\\\/\\\/www.versiegelung24.com\\\/sq\\\/premium-beton-gur-vulosje-ekstrem-uje-neveritshmeri-jo-frymemarrese.html#primaryimage\"},\"image\":{\"@id\":\"https:\\\/\\\/www.versiegelung24.com\\\/sq\\\/premium-beton-gur-vulosje-ekstrem-uje-neveritshmeri-jo-frymemarrese.html#primaryimage\"},\"thumbnailUrl\":\"https:\\\/\\\/www.versiegelung24.com\\\/wp-content\\\/uploads\\\/2020\\\/06\\\/produkt-3008-704-1000-Beton-Stein-Versiegelung-extreme-Wasserabweisung-nicht-atmungsaktiv-scaled.jpg\",\"datePublished\":\"2021-08-02T20:56:29+00:00\",\"dateModified\":\"2025-01-03T23:13:49+00:00\",\"description\":\"Mbyllja e betonit dhe gurit premium - m\u00ebsoni m\u00eb shum\u00eb p\u00ebr vulosjen ton\u00eb premium prej betoni dhe guri me nanoteknologji dhe thellim ngjyrash\",\"breadcrumb\":{\"@id\":\"https:\\\/\\\/www.versiegelung24.com\\\/sq\\\/premium-beton-gur-vulosje-ekstrem-uje-neveritshmeri-jo-frymemarrese.html#breadcrumb\"},\"inLanguage\":\"sq-AL\",\"potentialAction\":[{\"@type\":\"ReadAction\",\"target\":[\"https:\\\/\\\/www.versiegelung24.com\\\/sq\\\/premium-beton-gur-vulosje-ekstrem-uje-neveritshmeri-jo-frymemarrese.html\"]}]},{\"@type\":\"ImageObject\",\"inLanguage\":\"sq-AL\",\"@id\":\"https:\\\/\\\/www.versiegelung24.com\\\/sq\\\/premium-beton-gur-vulosje-ekstrem-uje-neveritshmeri-jo-frymemarrese.html#primaryimage\",\"url\":\"https:\\\/\\\/www.versiegelung24.com\\\/wp-content\\\/uploads\\\/2020\\\/06\\\/produkt-3008-704-1000-Beton-Stein-Versiegelung-extreme-Wasserabweisung-nicht-atmungsaktiv-scaled.jpg\",\"contentUrl\":\"https:\\\/\\\/www.versiegelung24.com\\\/wp-content\\\/uploads\\\/2020\\\/06\\\/produkt-3008-704-1000-Beton-Stein-Versiegelung-extreme-Wasserabweisung-nicht-atmungsaktiv-scaled.jpg\",\"width\":2560,\"height\":2560},{\"@type\":\"BreadcrumbList\",\"@id\":\"https:\\\/\\\/www.versiegelung24.com\\\/sq\\\/premium-beton-gur-vulosje-ekstrem-uje-neveritshmeri-jo-frymemarrese.html#breadcrumb\",\"itemListElement\":[{\"@type\":\"ListItem\",\"position\":1,\"name\":\"Faqja kryesore\",\"item\":\"https:\\\/\\\/www.versiegelung24.com\\\/sq\\\/perpara\\\/\"},{\"@type\":\"ListItem\",\"position\":2,\"name\":\"Dyqan\",\"item\":\"https:\\\/\\\/www.versiegelung24.com\\\/sq\\\/dyqan\\\/\"},{\"@type\":\"ListItem\",\"position\":3,\"name\":\"Mbyllje premium prej betoni dhe guri me thellim t\u00eb ngjyr\u00ebs &#8211; nuk merr frym\u00eb\"}]},{\"@type\":\"WebSite\",\"@id\":\"https:\\\/\\\/www.versiegelung24.com\\\/sq\\\/#website\",\"url\":\"https:\\\/\\\/www.versiegelung24.com\\\/sq\\\/\",\"name\":\"versiegelung24.com\",\"description\":\"Fl\u00fcssigglas-Versiegelung - Made in Germany\",\"publisher\":{\"@id\":\"https:\\\/\\\/www.versiegelung24.com\\\/sq\\\/#organization\"},\"potentialAction\":[{\"@type\":\"SearchAction\",\"target\":{\"@type\":\"EntryPoint\",\"urlTemplate\":\"https:\\\/\\\/www.versiegelung24.com\\\/sq\\\/?s={search_term_string}\"},\"query-input\":{\"@type\":\"PropertyValueSpecification\",\"valueRequired\":true,\"valueName\":\"search_term_string\"}}],\"inLanguage\":\"sq-AL\"},{\"@type\":\"Organization\",\"@id\":\"https:\\\/\\\/www.versiegelung24.com\\\/sq\\\/#organization\",\"name\":\"versiegelung24\",\"url\":\"https:\\\/\\\/www.versiegelung24.com\\\/sq\\\/\",\"logo\":{\"@type\":\"ImageObject\",\"inLanguage\":\"sq-AL\",\"@id\":\"https:\\\/\\\/www.versiegelung24.com\\\/sq\\\/#\\\/schema\\\/logo\\\/image\\\/\",\"url\":\"https:\\\/\\\/www.versiegelung24.com\\\/wp-content\\\/uploads\\\/2020\\\/04\\\/versiegelung24.png\",\"contentUrl\":\"https:\\\/\\\/www.versiegelung24.com\\\/wp-content\\\/uploads\\\/2020\\\/04\\\/versiegelung24.png\",\"width\":470,\"height\":102,\"caption\":\"versiegelung24\"},\"image\":{\"@id\":\"https:\\\/\\\/www.versiegelung24.com\\\/sq\\\/#\\\/schema\\\/logo\\\/image\\\/\"}}]}<\/script>\n<meta property=\"og:availability\" content=\"instock\" \/>\n<meta property=\"product:availability\" content=\"instock\" \/>\n<meta property=\"product:retailer_item_id\" content=\"3008-704\" \/>\n<meta property=\"product:condition\" content=\"new\" \/>\n<!-- \/ Yoast SEO Premium plugin. -->","yoast_head_json":{"title":"Mbyllje premium prej betoni dhe guri me thellimin e ngjyr\u00ebs - versiegelung24","description":"Mbyllja e betonit dhe gurit premium - m\u00ebsoni m\u00eb shum\u00eb p\u00ebr vulosjen ton\u00eb premium prej betoni dhe guri me nanoteknologji dhe thellim ngjyrash","robots":{"index":"index","follow":"follow","max-snippet":"max-snippet:-1","max-image-preview":"max-image-preview:large","max-video-preview":"max-video-preview:-1"},"canonical":"https:\/\/www.versiegelung24.com\/sq\/premium-beton-gur-vulosje-ekstrem-uje-neveritshmeri-jo-frymemarrese.html","og_locale":"sq_AL","og_type":"article","og_title":"Mbyllje premium prej betoni dhe guri me thellim t\u00eb ngjyr\u00ebs - nuk merr frym\u00eb","og_description":"Mbyllja e betonit dhe gurit premium - m\u00ebsoni m\u00eb shum\u00eb p\u00ebr vulosjen ton\u00eb premium prej betoni dhe guri me nanoteknologji dhe thellim ngjyrash","og_url":"https:\/\/www.versiegelung24.com\/sq\/premium-beton-gur-vulosje-ekstrem-uje-neveritshmeri-jo-frymemarrese.html","og_site_name":"versiegelung24.com","article_modified_time":"2025-01-03T23:13:49+00:00","og_image":[{"width":2560,"height":2560,"url":"https:\/\/www.versiegelung24.com\/wp-content\/uploads\/2020\/06\/produkt-3008-704-1000-Beton-Stein-Versiegelung-extreme-Wasserabweisung-nicht-atmungsaktiv-scaled.jpg","type":"image\/jpeg"}],"twitter_card":"summary_large_image","twitter_misc":{"Availability":"In stock"},"schema":{"@context":"https:\/\/schema.org","@graph":[{"@type":"WebPage","@id":"https:\/\/www.versiegelung24.com\/sq\/premium-beton-gur-vulosje-ekstrem-uje-neveritshmeri-jo-frymemarrese.html","url":"https:\/\/www.versiegelung24.com\/sq\/premium-beton-gur-vulosje-ekstrem-uje-neveritshmeri-jo-frymemarrese.html","name":"Mbyllje premium prej betoni dhe guri me thellimin e ngjyr\u00ebs - versiegelung24","isPartOf":{"@id":"https:\/\/www.versiegelung24.com\/sq\/#website"},"primaryImageOfPage":{"@id":"https:\/\/www.versiegelung24.com\/sq\/premium-beton-gur-vulosje-ekstrem-uje-neveritshmeri-jo-frymemarrese.html#primaryimage"},"image":{"@id":"https:\/\/www.versiegelung24.com\/sq\/premium-beton-gur-vulosje-ekstrem-uje-neveritshmeri-jo-frymemarrese.html#primaryimage"},"thumbnailUrl":"https:\/\/www.versiegelung24.com\/wp-content\/uploads\/2020\/06\/produkt-3008-704-1000-Beton-Stein-Versiegelung-extreme-Wasserabweisung-nicht-atmungsaktiv-scaled.jpg","datePublished":"2021-08-02T20:56:29+00:00","dateModified":"2025-01-03T23:13:49+00:00","description":"Mbyllja e betonit dhe gurit premium - m\u00ebsoni m\u00eb shum\u00eb p\u00ebr vulosjen ton\u00eb premium prej betoni dhe guri me nanoteknologji dhe thellim ngjyrash","breadcrumb":{"@id":"https:\/\/www.versiegelung24.com\/sq\/premium-beton-gur-vulosje-ekstrem-uje-neveritshmeri-jo-frymemarrese.html#breadcrumb"},"inLanguage":"sq-AL","potentialAction":[{"@type":"ReadAction","target":["https:\/\/www.versiegelung24.com\/sq\/premium-beton-gur-vulosje-ekstrem-uje-neveritshmeri-jo-frymemarrese.html"]}]},{"@type":"ImageObject","inLanguage":"sq-AL","@id":"https:\/\/www.versiegelung24.com\/sq\/premium-beton-gur-vulosje-ekstrem-uje-neveritshmeri-jo-frymemarrese.html#primaryimage","url":"https:\/\/www.versiegelung24.com\/wp-content\/uploads\/2020\/06\/produkt-3008-704-1000-Beton-Stein-Versiegelung-extreme-Wasserabweisung-nicht-atmungsaktiv-scaled.jpg","contentUrl":"https:\/\/www.versiegelung24.com\/wp-content\/uploads\/2020\/06\/produkt-3008-704-1000-Beton-Stein-Versiegelung-extreme-Wasserabweisung-nicht-atmungsaktiv-scaled.jpg","width":2560,"height":2560},{"@type":"BreadcrumbList","@id":"https:\/\/www.versiegelung24.com\/sq\/premium-beton-gur-vulosje-ekstrem-uje-neveritshmeri-jo-frymemarrese.html#breadcrumb","itemListElement":[{"@type":"ListItem","position":1,"name":"Faqja kryesore","item":"https:\/\/www.versiegelung24.com\/sq\/perpara\/"},{"@type":"ListItem","position":2,"name":"Dyqan","item":"https:\/\/www.versiegelung24.com\/sq\/dyqan\/"},{"@type":"ListItem","position":3,"name":"Mbyllje premium prej betoni dhe guri me thellim t\u00eb ngjyr\u00ebs &#8211; nuk merr frym\u00eb"}]},{"@type":"WebSite","@id":"https:\/\/www.versiegelung24.com\/sq\/#website","url":"https:\/\/www.versiegelung24.com\/sq\/","name":"versiegelung24.com","description":"Fl\u00fcssigglas-Versiegelung - Made in Germany","publisher":{"@id":"https:\/\/www.versiegelung24.com\/sq\/#organization"},"potentialAction":[{"@type":"SearchAction","target":{"@type":"EntryPoint","urlTemplate":"https:\/\/www.versiegelung24.com\/sq\/?s={search_term_string}"},"query-input":{"@type":"PropertyValueSpecification","valueRequired":true,"valueName":"search_term_string"}}],"inLanguage":"sq-AL"},{"@type":"Organization","@id":"https:\/\/www.versiegelung24.com\/sq\/#organization","name":"versiegelung24","url":"https:\/\/www.versiegelung24.com\/sq\/","logo":{"@type":"ImageObject","inLanguage":"sq-AL","@id":"https:\/\/www.versiegelung24.com\/sq\/#\/schema\/logo\/image\/","url":"https:\/\/www.versiegelung24.com\/wp-content\/uploads\/2020\/04\/versiegelung24.png","contentUrl":"https:\/\/www.versiegelung24.com\/wp-content\/uploads\/2020\/04\/versiegelung24.png","width":470,"height":102,"caption":"versiegelung24"},"image":{"@id":"https:\/\/www.versiegelung24.com\/sq\/#\/schema\/logo\/image\/"}}]},"og_availability":"instock","product_availability":"instock","product_retailer_item_id":"3008-704","product_condition":"new"},"_links":{"self":[{"href":"https:\/\/www.versiegelung24.com\/sq\/wp-json\/wp\/v2\/product\/24679","targetHints":{"allow":["GET"]}}],"collection":[{"href":"https:\/\/www.versiegelung24.com\/sq\/wp-json\/wp\/v2\/product"}],"about":[{"href":"https:\/\/www.versiegelung24.com\/sq\/wp-json\/wp\/v2\/types\/product"}],"version-history":[{"count":31,"href":"https:\/\/www.versiegelung24.com\/sq\/wp-json\/wp\/v2\/product\/24679\/revisions"}],"predecessor-version":[{"id":177064,"href":"https:\/\/www.versiegelung24.com\/sq\/wp-json\/wp\/v2\/product\/24679\/revisions\/177064"}],"wp:featuredmedia":[{"embeddable":true,"href":"https:\/\/www.versiegelung24.com\/sq\/wp-json\/wp\/v2\/media\/18084"}],"wp:attachment":[{"href":"https:\/\/www.versiegelung24.com\/sq\/wp-json\/wp\/v2\/media?parent=24679"}],"wp:term":[{"taxonomy":"product_brand","embeddable":true,"href":"https:\/\/www.versiegelung24.com\/sq\/wp-json\/wp\/v2\/product_brand?post=24679"},{"taxonomy":"product_cat","embeddable":true,"href":"https:\/\/www.versiegelung24.com\/sq\/wp-json\/wp\/v2\/product_cat?post=24679"},{"taxonomy":"product_tag","embeddable":true,"href":"https:\/\/www.versiegelung24.com\/sq\/wp-json\/wp\/v2\/product_tag?post=24679"}],"curies":[{"name":"wp","href":"https:\/\/api.w.org\/{rel}","templated":true}]}}