{"id":24895,"date":"2021-03-16T00:06:08","date_gmt":"2021-08-02T21:13:42","guid":{"rendered":"https:\/\/www.versiegelung24.com\/produkt\/dezinfektimi-i-kepuceve-pedexan"},"modified":"2025-01-13T16:33:00","modified_gmt":"2025-01-13T15:33:00","slug":"dezinfektimi-i-kepuceve-pedexan","status":"publish","type":"product","link":"https:\/\/www.versiegelung24.com\/sq\/dezinfektimi-i-kepuceve-pedexan.html","title":{"rendered":"Dezinfektim i k\u00ebpuc\u00ebve Pedexan me efekt afatgjat\u00eb Shishe me sp\u00ebrkatje me pomp\u00eb 125 ml"},"content":{"rendered":"\n<h2 class=\"wp-block-heading\" id=\"pedexan-schuhdesinfektion-alaska-frische-fur-die-schuhe\">Dezinfektimi i k\u00ebpuc\u00ebve Pedexan &#8211; Freskia Alaskan p\u00ebr k\u00ebpuc\u00ebt<\/h2>\n\n<p><strong>Shishe sp\u00ebrkat\u00ebs me pomp\u00eb 125 ml p\u00ebr p\u00ebrdorim t\u00eb leht\u00eb n\u00eb sht\u00ebpi ose n\u00eb l\u00ebvizje<\/strong><\/p>\n\n<p>N\u00ebse k\u00ebpuc\u00ebt e pun\u00ebs ose k\u00ebpuc\u00ebt e rast\u00ebsishme p\u00ebrdoren shum\u00eb p\u00ebr nj\u00eb periudh\u00eb t\u00eb gjat\u00eb kohore, shpesh krijohet nj\u00eb mjedis ideal p\u00ebr shumimin e baktereve dhe k\u00ebrpudhave dhe krijohen aroma t\u00eb pak\u00ebndshme.<\/p>\n\n<p>Edhe me \u00e7orape t\u00eb fresk\u00ebta dhe me ajrosje t\u00eb k\u00ebpuc\u00ebve, era e pak\u00ebndshme mbetet dhe madje mund t\u00eb shkaktoj\u00eb infeksione t\u00eb k\u00ebqija n\u00eb k\u00ebmb\u00eb.<\/p>\n\n<p>K\u00ebtu mund t\u00eb ndihmoj\u00eb dezinfektimi i k\u00ebpuc\u00ebve <strong>Pedexan<\/strong> . Bakteret dhe k\u00ebrpudhat hiqen n\u00eb m\u00ebnyr\u00eb efektive dhe formimi i t\u00eb rejave parandalohet nga efekti afatgjat\u00eb.<\/p>\n\n<p>Me arom\u00ebn e tij t\u00eb Alask\u00ebs, Pedexan siguron freski t\u00eb k\u00ebndshme dhe madje \u00ebsht\u00eb biokompatib\u00ebl.<\/p>\n\n<hr \/>\n\n<h4 class=\"wp-block-heading\" id=\"application\">Aplikacion<\/h4>\n\n<p>Aplikimi \u00ebsht\u00eb shum\u00eb i thjesht\u00eb:<\/p>\n\n<p>&#8211; Sp\u00ebrkatni pjes\u00ebn e brendshme t\u00eb k\u00ebpuc\u00ebve jasht\u00eb.<br \/> &#8211; Ne rekomandojm\u00eb 5 deri n\u00eb 10 goditje p\u00ebr her\u00eb t\u00eb par\u00eb.<br \/> &#8211; Dezinfektuesi i k\u00ebpuc\u00ebve Pedexan duhet t\u00eb p\u00ebrdoret 1-2 her\u00eb n\u00eb jav\u00eb ose sipas nevoj\u00ebs.<br \/> &#8211; Rimbushet opsionalisht me <a href=\"https:\/\/www.versiegelung24.com\/sq\/shishe-rimbushese-per-dezinfektimin-e-kepuceve-pedexan.html\">shishen e rimbushjes s\u00eb dezinfektuesit t\u00eb k\u00ebpuc\u00ebve Pedexan 1 lit\u00ebr<\/a><\/p>\n\n<hr \/>\n\n<h4 class=\"wp-block-heading\" id=\"advisor\">k\u00ebshilltar<\/h4>\n\n<p><strong>K\u00ebshilla p\u00ebr sigurin\u00eb:<\/strong><\/p>\n\n<p>Sigurohuni q\u00eb t\u00eb vini re! Siguroni ventilim adekuat gjat\u00eb trajtimit. L\u00ebng dhe avull shum\u00eb i ndezsh\u00ebm. Shkakton acarim serioz t\u00eb syve. Mbani larg nxeht\u00ebsis\u00eb, sip\u00ebrfaqeve t\u00eb nxehta, shk\u00ebndijave, flak\u00ebve t\u00eb hapura dhe burimeve t\u00eb tjera t\u00eb ndezjes. Mos pini duhan. Ruani n\u00eb nj\u00eb vend t\u00eb fresk\u00ebt, t\u00eb ajrosur mir\u00eb. N\u00ebse k\u00ebrkohet k\u00ebshilla mjek\u00ebsore, keni n\u00eb dispozicion nj\u00eb en\u00eb ose etiket\u00eb. Mbajeni larg f\u00ebmij\u00ebve.<\/p>\n\n<p>Mund t\u00eb p\u00ebrdoret p\u00ebr t\u00eb gjitha sip\u00ebrfaqet e brendshme t\u00eb k\u00ebpuc\u00ebve. N\u00ebse keni dyshime, provoni Pedexan n\u00eb nj\u00eb vend t\u00eb paduksh\u00ebm.<\/p>\n\n<p>Ruani vet\u00ebm n\u00eb nj\u00eb en\u00eb t\u00eb mbyllur. En\u00eb mund t\u00eb riciklohet vet\u00ebm kur \u00ebsht\u00eb plot\u00ebsisht bosh. Mos e p\u00ebrdorni pas dat\u00ebs s\u00eb skadenc\u00ebs.<\/p>\n\n<p>Regjistri Biocide Nr.: N-25889<\/p>\n\n<p>E r\u00ebnd\u00ebsishme: P\u00ebrdorni produktet biocidale me kujdes. Gjithmon\u00eb lexoni etiket\u00ebn dhe informacionin e produktit para p\u00ebrdorimit.<\/p>\n","protected":false},"excerpt":{"rendered":"<p>Dezinfektimi i k\u00ebpuc\u00ebve Pedexan &#8211; Freskia Alaskan p\u00ebr k\u00ebpuc\u00ebt Shishe sp\u00ebrkat\u00ebs me pomp\u00eb 125 ml p\u00ebr p\u00ebrdorim t\u00eb leht\u00eb n\u00eb sht\u00ebpi ose n\u00eb l\u00ebvizje N\u00ebse k\u00ebpuc\u00ebt e pun\u00ebs ose k\u00ebpuc\u00ebt e rast\u00ebsishme p\u00ebrdoren shum\u00eb p\u00ebr nj\u00eb periudh\u00eb t\u00eb gjat\u00eb kohore, shpesh krijohet nj\u00eb mjedis ideal p\u00ebr shumimin e baktereve dhe k\u00ebrpudhave dhe krijohen aroma t\u00eb&hellip;&nbsp;<a href=\"https:\/\/www.versiegelung24.com\/sq\/dezinfektimi-i-kepuceve-pedexan.html\" rel=\"bookmark\">Read More &raquo;<span class=\"screen-reader-text\">Dezinfektim i k\u00ebpuc\u00ebve Pedexan me efekt afatgjat\u00eb Shishe me sp\u00ebrkatje me pomp\u00eb 125 ml<\/span><\/a><\/p>\n","protected":false},"featured_media":21894,"template":"","meta":{"_acf_changed":false,"neve_meta_sidebar":"","neve_meta_container":"","neve_meta_enable_content_width":"","neve_meta_content_width":0,"neve_meta_title_alignment":"","neve_meta_author_avatar":"","neve_post_elements_order":"","neve_meta_disable_header":"","neve_meta_disable_footer":"","neve_meta_disable_title":"","neve_meta_reading_time":"","_surfaces":[],"_ver_product_tabs":[],"footnotes":""},"product_brand":[],"product_cat":[2837,2232],"product_tag":[],"class_list":{"0":"post-24895","1":"product","2":"type-product","3":"status-publish","4":"has-post-thumbnail","6":"product_cat-dezinfektues-te-kepuceve","7":"product_cat-dezinfektues","9":"first","10":"instock","11":"taxable","12":"shipping-taxable","13":"purchasable","14":"product-type-simple"},"acf":[],"yoast_head":"<!-- This site is optimized with the Yoast SEO Premium plugin v22.8 (Yoast SEO v27.5) - https:\/\/yoast.com\/product\/yoast-seo-premium-wordpress\/ -->\n<title>Dezinfektim i k\u00ebpuc\u00ebve Pedexan me efekt afatgjat\u00eb Shishe me sp\u00ebrkatje me pomp\u00eb 125 ml - versiegelung24.com<\/title>\n<meta name=\"description\" content=\"Dezinfektimi i k\u00ebpuc\u00ebve Pedexan - zgjidhje kund\u00ebr aromave t\u00eb pak\u00ebndshme dhe baktereve dhe k\u00ebrpudhave.\" \/>\n<meta name=\"robots\" content=\"index, follow, max-snippet:-1, max-image-preview:large, max-video-preview:-1\" \/>\n<link rel=\"canonical\" href=\"https:\/\/www.versiegelung24.com\/sq\/dezinfektimi-i-kepuceve-pedexan.html\" \/>\n<meta property=\"og:locale\" content=\"sq_AL\" \/>\n<meta property=\"og:type\" content=\"article\" \/>\n<meta property=\"og:title\" content=\"Dezinfektim i k\u00ebpuc\u00ebve Pedexan me efekt afatgjat\u00eb Shishe me sp\u00ebrkatje me pomp\u00eb 125 ml\" \/>\n<meta property=\"og:description\" content=\"Dezinfektimi i k\u00ebpuc\u00ebve Pedexan - zgjidhje kund\u00ebr aromave t\u00eb pak\u00ebndshme dhe baktereve dhe k\u00ebrpudhave.\" \/>\n<meta property=\"og:url\" content=\"https:\/\/www.versiegelung24.com\/sq\/dezinfektimi-i-kepuceve-pedexan.html\" \/>\n<meta property=\"og:site_name\" content=\"versiegelung24.com\" \/>\n<meta property=\"article:modified_time\" content=\"2025-01-13T15:33:00+00:00\" \/>\n<meta property=\"og:image\" content=\"https:\/\/www.versiegelung24.com\/wp-content\/uploads\/2021\/03\/pedexan-schuhdesinfektion-125ml.png\" \/>\n\t<meta property=\"og:image:width\" content=\"700\" \/>\n\t<meta property=\"og:image:height\" content=\"700\" \/>\n\t<meta property=\"og:image:type\" content=\"image\/png\" \/>\n<meta name=\"twitter:card\" content=\"summary_large_image\" \/>\n<meta name=\"twitter:label1\" content=\"Price\" \/>\n\t<meta name=\"twitter:data1\" content=\"10,99&euro;\" \/>\n\t<meta name=\"twitter:label2\" content=\"Availability\" \/>\n\t<meta name=\"twitter:data2\" content=\"In stock\" \/>\n<script type=\"application\/ld+json\" class=\"yoast-schema-graph\">{\"@context\":\"https:\\\/\\\/schema.org\",\"@graph\":[{\"@type\":\"WebPage\",\"@id\":\"https:\\\/\\\/www.versiegelung24.com\\\/sq\\\/dezinfektimi-i-kepuceve-pedexan.html\",\"url\":\"https:\\\/\\\/www.versiegelung24.com\\\/sq\\\/dezinfektimi-i-kepuceve-pedexan.html\",\"name\":\"Dezinfektim i k\u00ebpuc\u00ebve Pedexan me efekt afatgjat\u00eb Shishe me sp\u00ebrkatje me pomp\u00eb 125 ml - versiegelung24.com\",\"isPartOf\":{\"@id\":\"https:\\\/\\\/www.versiegelung24.com\\\/sq\\\/#website\"},\"primaryImageOfPage\":{\"@id\":\"https:\\\/\\\/www.versiegelung24.com\\\/sq\\\/dezinfektimi-i-kepuceve-pedexan.html#primaryimage\"},\"image\":{\"@id\":\"https:\\\/\\\/www.versiegelung24.com\\\/sq\\\/dezinfektimi-i-kepuceve-pedexan.html#primaryimage\"},\"thumbnailUrl\":\"https:\\\/\\\/www.versiegelung24.com\\\/wp-content\\\/uploads\\\/2021\\\/03\\\/pedexan-schuhdesinfektion-125ml.png\",\"datePublished\":\"2021-08-02T21:13:42+00:00\",\"dateModified\":\"2025-01-13T15:33:00+00:00\",\"description\":\"Dezinfektimi i k\u00ebpuc\u00ebve Pedexan - zgjidhje kund\u00ebr aromave t\u00eb pak\u00ebndshme dhe baktereve dhe k\u00ebrpudhave.\",\"breadcrumb\":{\"@id\":\"https:\\\/\\\/www.versiegelung24.com\\\/sq\\\/dezinfektimi-i-kepuceve-pedexan.html#breadcrumb\"},\"inLanguage\":\"sq-AL\",\"potentialAction\":[{\"@type\":\"ReadAction\",\"target\":[\"https:\\\/\\\/www.versiegelung24.com\\\/sq\\\/dezinfektimi-i-kepuceve-pedexan.html\"]}]},{\"@type\":\"ImageObject\",\"inLanguage\":\"sq-AL\",\"@id\":\"https:\\\/\\\/www.versiegelung24.com\\\/sq\\\/dezinfektimi-i-kepuceve-pedexan.html#primaryimage\",\"url\":\"https:\\\/\\\/www.versiegelung24.com\\\/wp-content\\\/uploads\\\/2021\\\/03\\\/pedexan-schuhdesinfektion-125ml.png\",\"contentUrl\":\"https:\\\/\\\/www.versiegelung24.com\\\/wp-content\\\/uploads\\\/2021\\\/03\\\/pedexan-schuhdesinfektion-125ml.png\",\"width\":700,\"height\":700},{\"@type\":\"BreadcrumbList\",\"@id\":\"https:\\\/\\\/www.versiegelung24.com\\\/sq\\\/dezinfektimi-i-kepuceve-pedexan.html#breadcrumb\",\"itemListElement\":[{\"@type\":\"ListItem\",\"position\":1,\"name\":\"Faqja kryesore\",\"item\":\"https:\\\/\\\/www.versiegelung24.com\\\/sq\\\/perpara\\\/\"},{\"@type\":\"ListItem\",\"position\":2,\"name\":\"Dyqan\",\"item\":\"https:\\\/\\\/www.versiegelung24.com\\\/sq\\\/dyqan\\\/\"},{\"@type\":\"ListItem\",\"position\":3,\"name\":\"Dezinfektim i k\u00ebpuc\u00ebve Pedexan me efekt afatgjat\u00eb Shishe me sp\u00ebrkatje me pomp\u00eb 125 ml\"}]},{\"@type\":\"WebSite\",\"@id\":\"https:\\\/\\\/www.versiegelung24.com\\\/sq\\\/#website\",\"url\":\"https:\\\/\\\/www.versiegelung24.com\\\/sq\\\/\",\"name\":\"versiegelung24.com\",\"description\":\"Fl\u00fcssigglas-Versiegelung - Made in Germany\",\"publisher\":{\"@id\":\"https:\\\/\\\/www.versiegelung24.com\\\/sq\\\/#organization\"},\"potentialAction\":[{\"@type\":\"SearchAction\",\"target\":{\"@type\":\"EntryPoint\",\"urlTemplate\":\"https:\\\/\\\/www.versiegelung24.com\\\/sq\\\/?s={search_term_string}\"},\"query-input\":{\"@type\":\"PropertyValueSpecification\",\"valueRequired\":true,\"valueName\":\"search_term_string\"}}],\"inLanguage\":\"sq-AL\"},{\"@type\":\"Organization\",\"@id\":\"https:\\\/\\\/www.versiegelung24.com\\\/sq\\\/#organization\",\"name\":\"versiegelung24\",\"url\":\"https:\\\/\\\/www.versiegelung24.com\\\/sq\\\/\",\"logo\":{\"@type\":\"ImageObject\",\"inLanguage\":\"sq-AL\",\"@id\":\"https:\\\/\\\/www.versiegelung24.com\\\/sq\\\/#\\\/schema\\\/logo\\\/image\\\/\",\"url\":\"https:\\\/\\\/www.versiegelung24.com\\\/wp-content\\\/uploads\\\/2020\\\/04\\\/versiegelung24.png\",\"contentUrl\":\"https:\\\/\\\/www.versiegelung24.com\\\/wp-content\\\/uploads\\\/2020\\\/04\\\/versiegelung24.png\",\"width\":470,\"height\":102,\"caption\":\"versiegelung24\"},\"image\":{\"@id\":\"https:\\\/\\\/www.versiegelung24.com\\\/sq\\\/#\\\/schema\\\/logo\\\/image\\\/\"}}]}<\/script>\n<meta property=\"product:price:amount\" content=\"10.99\" \/>\n<meta property=\"product:price:currency\" content=\"EUR\" \/>\n<meta property=\"og:availability\" content=\"instock\" \/>\n<meta property=\"product:availability\" content=\"instock\" \/>\n<meta property=\"product:retailer_item_id\" content=\"PED-125A\" \/>\n<meta property=\"product:condition\" content=\"new\" \/>\n<!-- \/ Yoast SEO Premium plugin. -->","yoast_head_json":{"title":"Dezinfektim i k\u00ebpuc\u00ebve Pedexan me efekt afatgjat\u00eb Shishe me sp\u00ebrkatje me pomp\u00eb 125 ml - versiegelung24.com","description":"Dezinfektimi i k\u00ebpuc\u00ebve Pedexan - zgjidhje kund\u00ebr aromave t\u00eb pak\u00ebndshme dhe baktereve dhe k\u00ebrpudhave.","robots":{"index":"index","follow":"follow","max-snippet":"max-snippet:-1","max-image-preview":"max-image-preview:large","max-video-preview":"max-video-preview:-1"},"canonical":"https:\/\/www.versiegelung24.com\/sq\/dezinfektimi-i-kepuceve-pedexan.html","og_locale":"sq_AL","og_type":"article","og_title":"Dezinfektim i k\u00ebpuc\u00ebve Pedexan me efekt afatgjat\u00eb Shishe me sp\u00ebrkatje me pomp\u00eb 125 ml","og_description":"Dezinfektimi i k\u00ebpuc\u00ebve Pedexan - zgjidhje kund\u00ebr aromave t\u00eb pak\u00ebndshme dhe baktereve dhe k\u00ebrpudhave.","og_url":"https:\/\/www.versiegelung24.com\/sq\/dezinfektimi-i-kepuceve-pedexan.html","og_site_name":"versiegelung24.com","article_modified_time":"2025-01-13T15:33:00+00:00","og_image":[{"width":700,"height":700,"url":"https:\/\/www.versiegelung24.com\/wp-content\/uploads\/2021\/03\/pedexan-schuhdesinfektion-125ml.png","type":"image\/png"}],"twitter_card":"summary_large_image","twitter_misc":{"Price":"10,99&euro;","Availability":"In stock"},"schema":{"@context":"https:\/\/schema.org","@graph":[{"@type":"WebPage","@id":"https:\/\/www.versiegelung24.com\/sq\/dezinfektimi-i-kepuceve-pedexan.html","url":"https:\/\/www.versiegelung24.com\/sq\/dezinfektimi-i-kepuceve-pedexan.html","name":"Dezinfektim i k\u00ebpuc\u00ebve Pedexan me efekt afatgjat\u00eb Shishe me sp\u00ebrkatje me pomp\u00eb 125 ml - versiegelung24.com","isPartOf":{"@id":"https:\/\/www.versiegelung24.com\/sq\/#website"},"primaryImageOfPage":{"@id":"https:\/\/www.versiegelung24.com\/sq\/dezinfektimi-i-kepuceve-pedexan.html#primaryimage"},"image":{"@id":"https:\/\/www.versiegelung24.com\/sq\/dezinfektimi-i-kepuceve-pedexan.html#primaryimage"},"thumbnailUrl":"https:\/\/www.versiegelung24.com\/wp-content\/uploads\/2021\/03\/pedexan-schuhdesinfektion-125ml.png","datePublished":"2021-08-02T21:13:42+00:00","dateModified":"2025-01-13T15:33:00+00:00","description":"Dezinfektimi i k\u00ebpuc\u00ebve Pedexan - zgjidhje kund\u00ebr aromave t\u00eb pak\u00ebndshme dhe baktereve dhe k\u00ebrpudhave.","breadcrumb":{"@id":"https:\/\/www.versiegelung24.com\/sq\/dezinfektimi-i-kepuceve-pedexan.html#breadcrumb"},"inLanguage":"sq-AL","potentialAction":[{"@type":"ReadAction","target":["https:\/\/www.versiegelung24.com\/sq\/dezinfektimi-i-kepuceve-pedexan.html"]}]},{"@type":"ImageObject","inLanguage":"sq-AL","@id":"https:\/\/www.versiegelung24.com\/sq\/dezinfektimi-i-kepuceve-pedexan.html#primaryimage","url":"https:\/\/www.versiegelung24.com\/wp-content\/uploads\/2021\/03\/pedexan-schuhdesinfektion-125ml.png","contentUrl":"https:\/\/www.versiegelung24.com\/wp-content\/uploads\/2021\/03\/pedexan-schuhdesinfektion-125ml.png","width":700,"height":700},{"@type":"BreadcrumbList","@id":"https:\/\/www.versiegelung24.com\/sq\/dezinfektimi-i-kepuceve-pedexan.html#breadcrumb","itemListElement":[{"@type":"ListItem","position":1,"name":"Faqja kryesore","item":"https:\/\/www.versiegelung24.com\/sq\/perpara\/"},{"@type":"ListItem","position":2,"name":"Dyqan","item":"https:\/\/www.versiegelung24.com\/sq\/dyqan\/"},{"@type":"ListItem","position":3,"name":"Dezinfektim i k\u00ebpuc\u00ebve Pedexan me efekt afatgjat\u00eb Shishe me sp\u00ebrkatje me pomp\u00eb 125 ml"}]},{"@type":"WebSite","@id":"https:\/\/www.versiegelung24.com\/sq\/#website","url":"https:\/\/www.versiegelung24.com\/sq\/","name":"versiegelung24.com","description":"Fl\u00fcssigglas-Versiegelung - Made in Germany","publisher":{"@id":"https:\/\/www.versiegelung24.com\/sq\/#organization"},"potentialAction":[{"@type":"SearchAction","target":{"@type":"EntryPoint","urlTemplate":"https:\/\/www.versiegelung24.com\/sq\/?s={search_term_string}"},"query-input":{"@type":"PropertyValueSpecification","valueRequired":true,"valueName":"search_term_string"}}],"inLanguage":"sq-AL"},{"@type":"Organization","@id":"https:\/\/www.versiegelung24.com\/sq\/#organization","name":"versiegelung24","url":"https:\/\/www.versiegelung24.com\/sq\/","logo":{"@type":"ImageObject","inLanguage":"sq-AL","@id":"https:\/\/www.versiegelung24.com\/sq\/#\/schema\/logo\/image\/","url":"https:\/\/www.versiegelung24.com\/wp-content\/uploads\/2020\/04\/versiegelung24.png","contentUrl":"https:\/\/www.versiegelung24.com\/wp-content\/uploads\/2020\/04\/versiegelung24.png","width":470,"height":102,"caption":"versiegelung24"},"image":{"@id":"https:\/\/www.versiegelung24.com\/sq\/#\/schema\/logo\/image\/"}}]},"product_price_amount":"10.99","product_price_currency":"EUR","og_availability":"instock","product_availability":"instock","product_retailer_item_id":"PED-125A","product_condition":"new"},"_links":{"self":[{"href":"https:\/\/www.versiegelung24.com\/sq\/wp-json\/wp\/v2\/product\/24895","targetHints":{"allow":["GET"]}}],"collection":[{"href":"https:\/\/www.versiegelung24.com\/sq\/wp-json\/wp\/v2\/product"}],"about":[{"href":"https:\/\/www.versiegelung24.com\/sq\/wp-json\/wp\/v2\/types\/product"}],"version-history":[{"count":21,"href":"https:\/\/www.versiegelung24.com\/sq\/wp-json\/wp\/v2\/product\/24895\/revisions"}],"predecessor-version":[{"id":180410,"href":"https:\/\/www.versiegelung24.com\/sq\/wp-json\/wp\/v2\/product\/24895\/revisions\/180410"}],"wp:featuredmedia":[{"embeddable":true,"href":"https:\/\/www.versiegelung24.com\/sq\/wp-json\/wp\/v2\/media\/21894"}],"wp:attachment":[{"href":"https:\/\/www.versiegelung24.com\/sq\/wp-json\/wp\/v2\/media?parent=24895"}],"wp:term":[{"taxonomy":"product_brand","embeddable":true,"href":"https:\/\/www.versiegelung24.com\/sq\/wp-json\/wp\/v2\/product_brand?post=24895"},{"taxonomy":"product_cat","embeddable":true,"href":"https:\/\/www.versiegelung24.com\/sq\/wp-json\/wp\/v2\/product_cat?post=24895"},{"taxonomy":"product_tag","embeddable":true,"href":"https:\/\/www.versiegelung24.com\/sq\/wp-json\/wp\/v2\/product_tag?post=24895"}],"curies":[{"name":"wp","href":"https:\/\/api.w.org\/{rel}","templated":true}]}}