{"id":25512,"date":"2020-04-04T18:53:44","date_gmt":"2021-08-03T08:20:12","guid":{"rendered":"https:\/\/www.versiegelung24.com\/produkt\/vulosje-universale-691-per-siperfaqe-te-buta-thithese-tekstile-dru-gur"},"modified":"2025-01-04T00:14:31","modified_gmt":"2025-01-03T23:14:31","slug":"vulosje-universale-691-per-siperfaqet-thithese-te-buta-tekstile-dru-gur","status":"publish","type":"product","link":"https:\/\/www.versiegelung24.com\/sq\/vulosje-universale-691-per-siperfaqet-thithese-te-buta-tekstile-dru-gur.html","title":{"rendered":"Vulosje universale 691 p\u00ebr sip\u00ebrfaqe &#8220;t\u00eb buta&#8221; \/ thith\u00ebse (tekstile +++, dru ++, gur ++)"},"content":{"rendered":"\n<p><strong>Ngjit\u00ebs universal profesional shum\u00eb efektiv p\u00ebr sip\u00ebrfaqet absorbuese \/ &#8220;t\u00eb buta&#8221; (tekstile, gur\u00eb, dru) me nj\u00eb efekt t\u00eb leht\u00eb p\u00ebr t&#8217;u pastruar<\/strong><\/p>\n\n<p>Ideale p\u00ebr tekstilet, mund t\u00eb p\u00ebrdoret edhe n\u00eb gur dhe dru<\/p>\n\n<p>Cil\u00ebsi e lart\u00eb &#8211; Prodhuar n\u00eb Gjermani.<\/p>\n\n<p>Numri i artikullit: 4006-691<\/p>\n\n<p><strong>V24 universale vul\u00eb 4006-691<\/strong> \u00ebsht\u00eb nj\u00eb impregnim ujor p\u00ebr sip\u00ebrfaqet absorbuese \/ &#8220;t\u00eb buta&#8221; me nj\u00eb pap\u00ebrshkueshm\u00ebri shum\u00eb t\u00eb mir\u00eb t\u00eb ujit (pap\u00ebrshkueshm\u00ebri nga uji) dhe vajshm\u00ebri (vajshm\u00ebri) t\u00eb sip\u00ebrfaqeve. Produkti formon nj\u00eb film sip\u00ebrfaqe pothuajse t\u00eb paduksh\u00ebm, t\u00eb holl\u00eb. Efekti i pap\u00ebrshkuesh\u00ebm nga uji zvog\u00eblon ndjesh\u00ebm shkall\u00ebn e dep\u00ebrtimit t\u00eb lag\u00ebshtir\u00ebs n\u00eb sip\u00ebrfaqet e trajtuara dhe ndotjen e re. Dep\u00ebrtimi i vajit dhe substancave \u00e7ngjyros\u00ebse n\u00eb sip\u00ebrfaqe zvog\u00eblohet dhe mund t\u00eb hiqet \/ pastrohet leht\u00eb.<\/p>\n\n<hr\/>\n\n<h4 class=\"wp-block-heading\" id=\"properties\">Karakteristikat e produktit<\/h4>\n\n<div class=\"wp-block-columns is-layout-flex wp-container-core-columns-is-layout-9d6595d7 wp-block-columns-is-layout-flex\">\n<div class=\"wp-block-column is-layout-flow wp-block-column-is-layout-flow\">\n<ul class=\"wp-block-list\">\n<li>Baza e p\u00ebrb\u00ebr\u00ebsit aktiv: polimer q\u00eb p\u00ebrmban fluor<\/li>\n\n\n\n<li>Pamja: e bardh\u00eb, l\u00ebng i tejduksh\u00ebm<\/li>\n\n\n\n<li>P\u00ebrmbajtja e ngurt\u00eb: 1%<\/li>\n\n\n\n<li>vlera e pH: 7<\/li>\n\n\n\n<li>Hollimi: I holluar gati p\u00ebr p\u00ebrdorim. N\u00eb var\u00ebsi t\u00eb efektit t\u00eb d\u00ebshiruar, mund t\u00eb hollohet m\u00eb tej me uj\u00eb.<\/li>\n<\/ul>\n<\/div>\n\n\n\n<div class=\"wp-block-column is-layout-flow wp-block-column-is-layout-flow\">\n<p>Fusha e dor\u00ebzimit:<br\/> 1 x lit\u00ebr shishe<br\/> 1 x Kok\u00eb sp\u00ebrkatjeje pompe<\/p>\n<\/div>\n<\/div>\n\n<hr\/>\n\n<h4 class=\"wp-block-heading\" id=\"h-ratgeber\">k\u00ebshilltar<\/h4>\n\n<p>Vulat tona universale jan\u00eb ve\u00e7an\u00ebrisht t\u00eb p\u00ebrshtatshme p\u00ebr sektorin &#8220;b\u00ebje vet\u00eb&#8221;.<\/p>\n\n<p>Ata kombinojn\u00eb nj\u00eb m\u00ebnyr\u00eb profesionale veprimi n\u00eb sip\u00ebrfaqe t\u00eb ndryshme me trajtim t\u00eb leht\u00eb gjat\u00eb aplikimit. Dhe e gjith\u00eb kjo pa pasur nevoj\u00eb t\u00eb b\u00ebni ndonj\u00eb kompromis t\u00eb madh p\u00ebrsa i p\u00ebrket cil\u00ebsis\u00eb.<\/p>\n\n<p>N\u00eb k\u00ebt\u00eb m\u00ebnyr\u00eb, mund t\u00eb b\u00ebhen aplikime n\u00eb disa materiale me vet\u00ebm nj\u00eb ngjit\u00ebs universal dhe mund t\u00eb arrihet gjithashtu nj\u00eb efekt cil\u00ebsor dhe q\u00ebndrueshm\u00ebri e gjat\u00eb.<\/p>\n\n<p>Megjithat\u00eb, p\u00ebr aplikimet komerciale dhe industriale ku niveli m\u00eb i lart\u00eb i mundsh\u00ebm i performanc\u00ebs duhet t\u00eb arrihet n\u00eb nj\u00eb sip\u00ebrfaqe specifike, ne rekomandojm\u00eb p\u00ebrdorimin e p\u00ebrfundimeve tona speciale p\u00ebr at\u00eb sip\u00ebrfaqe.<\/p>\n","protected":false},"excerpt":{"rendered":"<p><strong>Grumbullues universal profesional shum\u00eb efektiv p\u00ebr sip\u00ebrfaqe absorbuese \/ &#8220;t\u00eb buta&#8221;:<\/strong><\/p>\n<p>\u2713 Tekstile<\/p>\n<p>\u2713 Guri<\/p>\n<p>\u2713 dru<\/p>\n<p>\u2713 Me efekt t\u00eb leht\u00eb p\u00ebr t&#8217;u pastruar<\/p>\n","protected":false},"featured_media":18277,"template":"","meta":{"_acf_changed":false,"neve_meta_sidebar":"","neve_meta_container":"","neve_meta_enable_content_width":"","neve_meta_content_width":0,"neve_meta_title_alignment":"","neve_meta_author_avatar":"","neve_post_elements_order":"","neve_meta_disable_header":"","neve_meta_disable_footer":"","neve_meta_disable_title":"","neve_meta_reading_time":"","_surfaces":[],"_ver_product_tabs":[],"footnotes":""},"product_brand":[],"product_cat":[2473],"product_tag":[],"class_list":{"0":"post-25512","1":"product","2":"type-product","3":"status-publish","4":"has-post-thumbnail","6":"product_cat-vula-universale","8":"first","9":"instock","10":"taxable","11":"shipping-taxable","12":"purchasable","13":"product-type-simple"},"acf":[],"yoast_head":"<!-- This site is optimized with the Yoast SEO Premium plugin v22.8 (Yoast SEO v27.3) - https:\/\/yoast.com\/product\/yoast-seo-premium-wordpress\/ -->\n<title>Vulosje universale 691 p\u00ebr sip\u00ebrfaqe &quot;t\u00eb buta&quot; \/ thith\u00ebse (tekstile +++, dru ++, gur ++) - versiegelung24.com<\/title>\n<meta name=\"robots\" content=\"index, follow, max-snippet:-1, max-image-preview:large, max-video-preview:-1\" \/>\n<link rel=\"canonical\" href=\"https:\/\/www.versiegelung24.com\/sq\/vulosje-universale-691-per-siperfaqet-thithese-te-buta-tekstile-dru-gur.html\" \/>\n<meta property=\"og:locale\" content=\"sq_AL\" \/>\n<meta property=\"og:type\" content=\"article\" \/>\n<meta property=\"og:title\" content=\"Vulosje universale 691 p\u00ebr sip\u00ebrfaqe &quot;t\u00eb buta&quot; \/ thith\u00ebse (tekstile +++, dru ++, gur ++)\" \/>\n<meta property=\"og:description\" content=\"Grumbullues universal profesional shum\u00eb efektiv p\u00ebr sip\u00ebrfaqe absorbuese \/ &quot;t\u00eb buta&quot;: \u2713 Tekstile \u2713 Guri \u2713 dru \u2713 Me efekt t\u00eb leht\u00eb p\u00ebr t&#039;u pastruar\" \/>\n<meta property=\"og:url\" content=\"https:\/\/www.versiegelung24.com\/sq\/vulosje-universale-691-per-siperfaqet-thithese-te-buta-tekstile-dru-gur.html\" \/>\n<meta property=\"og:site_name\" content=\"versiegelung24.com\" \/>\n<meta property=\"article:modified_time\" content=\"2025-01-03T23:14:31+00:00\" \/>\n<meta property=\"og:image\" content=\"https:\/\/www.versiegelung24.com\/wp-content\/uploads\/2020\/06\/produkt-4006-691-1000-Universalversiegelung-691-scaled.jpg\" \/>\n\t<meta property=\"og:image:width\" content=\"2560\" \/>\n\t<meta property=\"og:image:height\" content=\"2560\" \/>\n\t<meta property=\"og:image:type\" content=\"image\/jpeg\" \/>\n<meta name=\"twitter:card\" content=\"summary_large_image\" \/>\n<meta name=\"twitter:label1\" content=\"Price\" \/>\n\t<meta name=\"twitter:data1\" content=\"74,99&euro;\" \/>\n\t<meta name=\"twitter:label2\" content=\"Availability\" \/>\n\t<meta name=\"twitter:data2\" content=\"In stock\" \/>\n<script type=\"application\/ld+json\" class=\"yoast-schema-graph\">{\"@context\":\"https:\\\/\\\/schema.org\",\"@graph\":[{\"@type\":\"WebPage\",\"@id\":\"https:\\\/\\\/www.versiegelung24.com\\\/sq\\\/vulosje-universale-691-per-siperfaqet-thithese-te-buta-tekstile-dru-gur.html\",\"url\":\"https:\\\/\\\/www.versiegelung24.com\\\/sq\\\/vulosje-universale-691-per-siperfaqet-thithese-te-buta-tekstile-dru-gur.html\",\"name\":\"Vulosje universale 691 p\u00ebr sip\u00ebrfaqe \\\"t\u00eb buta\\\" \\\/ thith\u00ebse (tekstile +++, dru ++, gur ++) - versiegelung24.com\",\"isPartOf\":{\"@id\":\"https:\\\/\\\/www.versiegelung24.com\\\/sq\\\/#website\"},\"primaryImageOfPage\":{\"@id\":\"https:\\\/\\\/www.versiegelung24.com\\\/sq\\\/vulosje-universale-691-per-siperfaqet-thithese-te-buta-tekstile-dru-gur.html#primaryimage\"},\"image\":{\"@id\":\"https:\\\/\\\/www.versiegelung24.com\\\/sq\\\/vulosje-universale-691-per-siperfaqet-thithese-te-buta-tekstile-dru-gur.html#primaryimage\"},\"thumbnailUrl\":\"https:\\\/\\\/www.versiegelung24.com\\\/wp-content\\\/uploads\\\/2020\\\/06\\\/produkt-4006-691-1000-Universalversiegelung-691-scaled.jpg\",\"datePublished\":\"2021-08-03T08:20:12+00:00\",\"dateModified\":\"2025-01-03T23:14:31+00:00\",\"breadcrumb\":{\"@id\":\"https:\\\/\\\/www.versiegelung24.com\\\/sq\\\/vulosje-universale-691-per-siperfaqet-thithese-te-buta-tekstile-dru-gur.html#breadcrumb\"},\"inLanguage\":\"sq-AL\",\"potentialAction\":[{\"@type\":\"ReadAction\",\"target\":[\"https:\\\/\\\/www.versiegelung24.com\\\/sq\\\/vulosje-universale-691-per-siperfaqet-thithese-te-buta-tekstile-dru-gur.html\"]}]},{\"@type\":\"ImageObject\",\"inLanguage\":\"sq-AL\",\"@id\":\"https:\\\/\\\/www.versiegelung24.com\\\/sq\\\/vulosje-universale-691-per-siperfaqet-thithese-te-buta-tekstile-dru-gur.html#primaryimage\",\"url\":\"https:\\\/\\\/www.versiegelung24.com\\\/wp-content\\\/uploads\\\/2020\\\/06\\\/produkt-4006-691-1000-Universalversiegelung-691-scaled.jpg\",\"contentUrl\":\"https:\\\/\\\/www.versiegelung24.com\\\/wp-content\\\/uploads\\\/2020\\\/06\\\/produkt-4006-691-1000-Universalversiegelung-691-scaled.jpg\",\"width\":2560,\"height\":2560},{\"@type\":\"BreadcrumbList\",\"@id\":\"https:\\\/\\\/www.versiegelung24.com\\\/sq\\\/vulosje-universale-691-per-siperfaqet-thithese-te-buta-tekstile-dru-gur.html#breadcrumb\",\"itemListElement\":[{\"@type\":\"ListItem\",\"position\":1,\"name\":\"Faqja kryesore\",\"item\":\"https:\\\/\\\/www.versiegelung24.com\\\/sq\\\/perpara\\\/\"},{\"@type\":\"ListItem\",\"position\":2,\"name\":\"Dyqan\",\"item\":\"https:\\\/\\\/www.versiegelung24.com\\\/sq\\\/dyqan\\\/\"},{\"@type\":\"ListItem\",\"position\":3,\"name\":\"Vulosje universale 691 p\u00ebr sip\u00ebrfaqe &#8220;t\u00eb buta&#8221; \\\/ thith\u00ebse (tekstile +++, dru ++, gur ++)\"}]},{\"@type\":\"WebSite\",\"@id\":\"https:\\\/\\\/www.versiegelung24.com\\\/sq\\\/#website\",\"url\":\"https:\\\/\\\/www.versiegelung24.com\\\/sq\\\/\",\"name\":\"versiegelung24.com\",\"description\":\"Fl\u00fcssigglas-Versiegelung - Made in Germany\",\"publisher\":{\"@id\":\"https:\\\/\\\/www.versiegelung24.com\\\/sq\\\/#organization\"},\"potentialAction\":[{\"@type\":\"SearchAction\",\"target\":{\"@type\":\"EntryPoint\",\"urlTemplate\":\"https:\\\/\\\/www.versiegelung24.com\\\/sq\\\/?s={search_term_string}\"},\"query-input\":{\"@type\":\"PropertyValueSpecification\",\"valueRequired\":true,\"valueName\":\"search_term_string\"}}],\"inLanguage\":\"sq-AL\"},{\"@type\":\"Organization\",\"@id\":\"https:\\\/\\\/www.versiegelung24.com\\\/sq\\\/#organization\",\"name\":\"versiegelung24\",\"url\":\"https:\\\/\\\/www.versiegelung24.com\\\/sq\\\/\",\"logo\":{\"@type\":\"ImageObject\",\"inLanguage\":\"sq-AL\",\"@id\":\"https:\\\/\\\/www.versiegelung24.com\\\/sq\\\/#\\\/schema\\\/logo\\\/image\\\/\",\"url\":\"https:\\\/\\\/www.versiegelung24.com\\\/wp-content\\\/uploads\\\/2020\\\/04\\\/versiegelung24.png\",\"contentUrl\":\"https:\\\/\\\/www.versiegelung24.com\\\/wp-content\\\/uploads\\\/2020\\\/04\\\/versiegelung24.png\",\"width\":470,\"height\":102,\"caption\":\"versiegelung24\"},\"image\":{\"@id\":\"https:\\\/\\\/www.versiegelung24.com\\\/sq\\\/#\\\/schema\\\/logo\\\/image\\\/\"}}]}<\/script>\n<meta property=\"product:price:amount\" content=\"74.99\" \/>\n<meta property=\"product:price:currency\" content=\"EUR\" \/>\n<meta property=\"og:availability\" content=\"instock\" \/>\n<meta property=\"product:availability\" content=\"instock\" \/>\n<meta property=\"product:retailer_item_id\" content=\"4006-691-1000\" \/>\n<meta property=\"product:condition\" content=\"new\" \/>\n<!-- \/ Yoast SEO Premium plugin. -->","yoast_head_json":{"title":"Vulosje universale 691 p\u00ebr sip\u00ebrfaqe \"t\u00eb buta\" \/ thith\u00ebse (tekstile +++, dru ++, gur ++) - versiegelung24.com","robots":{"index":"index","follow":"follow","max-snippet":"max-snippet:-1","max-image-preview":"max-image-preview:large","max-video-preview":"max-video-preview:-1"},"canonical":"https:\/\/www.versiegelung24.com\/sq\/vulosje-universale-691-per-siperfaqet-thithese-te-buta-tekstile-dru-gur.html","og_locale":"sq_AL","og_type":"article","og_title":"Vulosje universale 691 p\u00ebr sip\u00ebrfaqe \"t\u00eb buta\" \/ thith\u00ebse (tekstile +++, dru ++, gur ++)","og_description":"Grumbullues universal profesional shum\u00eb efektiv p\u00ebr sip\u00ebrfaqe absorbuese \/ \"t\u00eb buta\": \u2713 Tekstile \u2713 Guri \u2713 dru \u2713 Me efekt t\u00eb leht\u00eb p\u00ebr t'u pastruar","og_url":"https:\/\/www.versiegelung24.com\/sq\/vulosje-universale-691-per-siperfaqet-thithese-te-buta-tekstile-dru-gur.html","og_site_name":"versiegelung24.com","article_modified_time":"2025-01-03T23:14:31+00:00","og_image":[{"width":2560,"height":2560,"url":"https:\/\/www.versiegelung24.com\/wp-content\/uploads\/2020\/06\/produkt-4006-691-1000-Universalversiegelung-691-scaled.jpg","type":"image\/jpeg"}],"twitter_card":"summary_large_image","twitter_misc":{"Price":"74,99&euro;","Availability":"In stock"},"schema":{"@context":"https:\/\/schema.org","@graph":[{"@type":"WebPage","@id":"https:\/\/www.versiegelung24.com\/sq\/vulosje-universale-691-per-siperfaqet-thithese-te-buta-tekstile-dru-gur.html","url":"https:\/\/www.versiegelung24.com\/sq\/vulosje-universale-691-per-siperfaqet-thithese-te-buta-tekstile-dru-gur.html","name":"Vulosje universale 691 p\u00ebr sip\u00ebrfaqe \"t\u00eb buta\" \/ thith\u00ebse (tekstile +++, dru ++, gur ++) - versiegelung24.com","isPartOf":{"@id":"https:\/\/www.versiegelung24.com\/sq\/#website"},"primaryImageOfPage":{"@id":"https:\/\/www.versiegelung24.com\/sq\/vulosje-universale-691-per-siperfaqet-thithese-te-buta-tekstile-dru-gur.html#primaryimage"},"image":{"@id":"https:\/\/www.versiegelung24.com\/sq\/vulosje-universale-691-per-siperfaqet-thithese-te-buta-tekstile-dru-gur.html#primaryimage"},"thumbnailUrl":"https:\/\/www.versiegelung24.com\/wp-content\/uploads\/2020\/06\/produkt-4006-691-1000-Universalversiegelung-691-scaled.jpg","datePublished":"2021-08-03T08:20:12+00:00","dateModified":"2025-01-03T23:14:31+00:00","breadcrumb":{"@id":"https:\/\/www.versiegelung24.com\/sq\/vulosje-universale-691-per-siperfaqet-thithese-te-buta-tekstile-dru-gur.html#breadcrumb"},"inLanguage":"sq-AL","potentialAction":[{"@type":"ReadAction","target":["https:\/\/www.versiegelung24.com\/sq\/vulosje-universale-691-per-siperfaqet-thithese-te-buta-tekstile-dru-gur.html"]}]},{"@type":"ImageObject","inLanguage":"sq-AL","@id":"https:\/\/www.versiegelung24.com\/sq\/vulosje-universale-691-per-siperfaqet-thithese-te-buta-tekstile-dru-gur.html#primaryimage","url":"https:\/\/www.versiegelung24.com\/wp-content\/uploads\/2020\/06\/produkt-4006-691-1000-Universalversiegelung-691-scaled.jpg","contentUrl":"https:\/\/www.versiegelung24.com\/wp-content\/uploads\/2020\/06\/produkt-4006-691-1000-Universalversiegelung-691-scaled.jpg","width":2560,"height":2560},{"@type":"BreadcrumbList","@id":"https:\/\/www.versiegelung24.com\/sq\/vulosje-universale-691-per-siperfaqet-thithese-te-buta-tekstile-dru-gur.html#breadcrumb","itemListElement":[{"@type":"ListItem","position":1,"name":"Faqja kryesore","item":"https:\/\/www.versiegelung24.com\/sq\/perpara\/"},{"@type":"ListItem","position":2,"name":"Dyqan","item":"https:\/\/www.versiegelung24.com\/sq\/dyqan\/"},{"@type":"ListItem","position":3,"name":"Vulosje universale 691 p\u00ebr sip\u00ebrfaqe &#8220;t\u00eb buta&#8221; \/ thith\u00ebse (tekstile +++, dru ++, gur ++)"}]},{"@type":"WebSite","@id":"https:\/\/www.versiegelung24.com\/sq\/#website","url":"https:\/\/www.versiegelung24.com\/sq\/","name":"versiegelung24.com","description":"Fl\u00fcssigglas-Versiegelung - Made in Germany","publisher":{"@id":"https:\/\/www.versiegelung24.com\/sq\/#organization"},"potentialAction":[{"@type":"SearchAction","target":{"@type":"EntryPoint","urlTemplate":"https:\/\/www.versiegelung24.com\/sq\/?s={search_term_string}"},"query-input":{"@type":"PropertyValueSpecification","valueRequired":true,"valueName":"search_term_string"}}],"inLanguage":"sq-AL"},{"@type":"Organization","@id":"https:\/\/www.versiegelung24.com\/sq\/#organization","name":"versiegelung24","url":"https:\/\/www.versiegelung24.com\/sq\/","logo":{"@type":"ImageObject","inLanguage":"sq-AL","@id":"https:\/\/www.versiegelung24.com\/sq\/#\/schema\/logo\/image\/","url":"https:\/\/www.versiegelung24.com\/wp-content\/uploads\/2020\/04\/versiegelung24.png","contentUrl":"https:\/\/www.versiegelung24.com\/wp-content\/uploads\/2020\/04\/versiegelung24.png","width":470,"height":102,"caption":"versiegelung24"},"image":{"@id":"https:\/\/www.versiegelung24.com\/sq\/#\/schema\/logo\/image\/"}}]},"product_price_amount":"74.99","product_price_currency":"EUR","og_availability":"instock","product_availability":"instock","product_retailer_item_id":"4006-691-1000","product_condition":"new"},"_links":{"self":[{"href":"https:\/\/www.versiegelung24.com\/sq\/wp-json\/wp\/v2\/product\/25512","targetHints":{"allow":["GET"]}}],"collection":[{"href":"https:\/\/www.versiegelung24.com\/sq\/wp-json\/wp\/v2\/product"}],"about":[{"href":"https:\/\/www.versiegelung24.com\/sq\/wp-json\/wp\/v2\/types\/product"}],"version-history":[{"count":13,"href":"https:\/\/www.versiegelung24.com\/sq\/wp-json\/wp\/v2\/product\/25512\/revisions"}],"predecessor-version":[{"id":177925,"href":"https:\/\/www.versiegelung24.com\/sq\/wp-json\/wp\/v2\/product\/25512\/revisions\/177925"}],"wp:featuredmedia":[{"embeddable":true,"href":"https:\/\/www.versiegelung24.com\/sq\/wp-json\/wp\/v2\/media\/18277"}],"wp:attachment":[{"href":"https:\/\/www.versiegelung24.com\/sq\/wp-json\/wp\/v2\/media?parent=25512"}],"wp:term":[{"taxonomy":"product_brand","embeddable":true,"href":"https:\/\/www.versiegelung24.com\/sq\/wp-json\/wp\/v2\/product_brand?post=25512"},{"taxonomy":"product_cat","embeddable":true,"href":"https:\/\/www.versiegelung24.com\/sq\/wp-json\/wp\/v2\/product_cat?post=25512"},{"taxonomy":"product_tag","embeddable":true,"href":"https:\/\/www.versiegelung24.com\/sq\/wp-json\/wp\/v2\/product_tag?post=25512"}],"curies":[{"name":"wp","href":"https:\/\/api.w.org\/{rel}","templated":true}]}}