{"id":37363,"date":"2021-09-27T11:17:44","date_gmt":"2021-09-27T09:30:27","guid":{"rendered":"https:\/\/www.versiegelung24.com\/produkt\/shtresa-mbrojtese-e-telefonit-celular-e-bere-prej-qelqi-te-lengshem-kunder-baktereve-dhe-viruseve"},"modified":"2025-01-04T00:28:02","modified_gmt":"2025-01-03T23:28:02","slug":"telefon-celular-shtrese-leng-qelqi-mbrojtese-kunder-viruseve-bakteriale","status":"publish","type":"product","link":"https:\/\/www.versiegelung24.com\/sq\/shtrese-mbrojtese-e-lengshme-xhami-kunder-baktereve-viruseve.html","title":{"rendered":"Dezinfektues afatgjat\u00eb i telefonave inteligjent\u00eb dhe celular\u00eb kund\u00ebr baktereve dhe viruseve"},"content":{"rendered":"\n<h2 class=\"wp-block-heading\" id=\"h-neuheit-am-markt-smartphones-amp-handys-fur-3-monate-mit-einer-unsichtbaren-flussigglas-schicht-gegen-bakterien-viren-und-pilze-schutzen\">Risi n\u00eb treg: mbroni telefonat inteligjent\u00eb dhe celular\u00ebt p\u00ebr 3 muaj me nj\u00eb shtres\u00eb xhami t\u00eb l\u00ebngshme t\u00eb padukshme kund\u00ebr baktereve, viruseve dhe k\u00ebrpudhave<\/h2>\n<div class=\"wp-block-image\">\n<figure class=\"aligncenter size-large\"><img fetchpriority=\"high\" decoding=\"async\" width=\"2560\" height=\"1440\" src=\"https:\/\/www.versiegelung24.com\/wp-content\/uploads\/2021\/09\/handy_bakterien-viren-edited-scaled.jpeg\" alt=\"\" class=\"wp-image-38698\" srcset=\"https:\/\/www.versiegelung24.com\/wp-content\/uploads\/2021\/09\/handy_bakterien-viren-edited-scaled.jpeg 2560w, https:\/\/www.versiegelung24.com\/wp-content\/uploads\/2021\/09\/handy_bakterien-viren-edited-scaled-600x338.jpeg 600w, https:\/\/www.versiegelung24.com\/wp-content\/uploads\/2021\/09\/handy_bakterien-viren-edited-300x169.jpeg 300w, https:\/\/www.versiegelung24.com\/wp-content\/uploads\/2021\/09\/handy_bakterien-viren-edited-1300x731.jpeg 1300w, https:\/\/www.versiegelung24.com\/wp-content\/uploads\/2021\/09\/handy_bakterien-viren-edited-768x432.jpeg 768w, https:\/\/www.versiegelung24.com\/wp-content\/uploads\/2021\/09\/handy_bakterien-viren-edited-1536x864.jpeg 1536w, https:\/\/www.versiegelung24.com\/wp-content\/uploads\/2021\/09\/handy_bakterien-viren-edited-2048x1152.jpeg 2048w\" sizes=\"(max-width: 2560px) 100vw, 2560px\" \/><figcaption class=\"wp-element-caption\">Smartphone si bart\u00ebs i baktereve, viruseve dhe k\u00ebrpudhave<\/figcaption><\/figure>\n<\/div>\n<p>Sot smartfoni \u00ebsht\u00eb nj\u00eb shoq\u00ebrues i vazhduesh\u00ebm. Ai merret qindra her\u00eb nga shum\u00eb njer\u00ebz gjat\u00eb dit\u00ebs. Telefoni celular \u00ebsht\u00eb i pranish\u00ebm kudo <strong>&#8211;<\/strong> qoft\u00eb kur flini dhe pushoni, qoft\u00eb n\u00eb tualet apo gjat\u00eb sportit dhe koh\u00ebs s\u00eb lir\u00eb. Nj\u00eb fest\u00eb e v\u00ebrtet\u00eb p\u00ebr transmetimin e viruseve dhe baktereve. <\/p>\n\n<p>P\u00ebrdoruesi duhet t\u00eb marr\u00eb seriozisht rrezikun e baktereve, si dhe k\u00ebrpudhave dhe viruseve n\u00eb telefonat inteligjent\u00eb. Jo vet\u00ebm q\u00eb jan\u00eb josanitare, por mund t\u00eb ndikojn\u00eb si n\u00eb mir\u00ebqenien ashtu edhe n\u00eb sh\u00ebndetin. Rast\u00ebsisht, \u00ebsht\u00eb shum\u00eb m\u00eb e k\u00ebndshme t\u00eb p\u00ebrdor\u00ebsh nj\u00eb celular ose smartphone t\u00eb past\u00ebr dhe t\u00eb mir\u00ebmbajtur n\u00eb m\u00ebnyr\u00eb higjienike.<\/p>\n\n<hr\/>\n\n<h4 class=\"wp-block-heading\" id=\"video\">Video<\/h4>\n\n<figure class=\"wp-block-embed aligncenter is-type-rich is-provider-handler-einbetten wp-block-embed-handler-einbetten wp-embed-aspect-16-9 wp-has-aspect-ratio\"><div class=\"wp-block-embed__wrapper\"> \n<div class=\"nv-iframe-embed\"><iframe title=\"Award-winning Mobile Phone Sanitizer by LiquiGlas (904)\" width=\"1200\" height=\"675\" src=\"https:\/\/www.youtube.com\/embed\/OPwnhKcFTvA?feature=oembed\" frameborder=\"0\" allow=\"accelerometer; autoplay; clipboard-write; encrypted-media; gyroscope; picture-in-picture\" allowfullscreen><\/iframe><\/div>\n <\/div><\/figure>\n\n<hr\/>\n\n<h4 class=\"wp-block-heading\" id=\"properties\">Karakteristikat e produktit<\/h4>\n\n<div class=\"wp-block-columns is-layout-flex wp-container-core-columns-is-layout-9d6595d7 wp-block-columns-is-layout-flex\">\n<div class=\"wp-block-column is-layout-flow wp-block-column-is-layout-flow\">\n<h2 class=\"wp-block-heading\" id=\"die-highlights-auf-einen-blick\">Pikat kryesore me nj\u00eb shikim<\/h2>\n\n\n\n<p>&#8211; mbrojtje bakteriale e jasht\u00ebzakonshme deri n\u00eb unike afatgjat\u00eb<br\/> &#8211; neutralizimi i garantuar i baktereve, k\u00ebrpudhave dhe viruseve<br\/> &#8211; p\u00ebrdorim i thjesht\u00eb dhe pa probleme<br\/> &#8211; Dezinfektim i shkall\u00ebs mjek\u00ebsore<br\/> &#8211; mbrojtje shtes\u00eb kund\u00ebr koronavirusit<br\/> &#8211; dha \u00e7mimin MedTech 2020 &#8211; efekti m\u00eb i mir\u00eb afatgjat\u00eb n\u00eb sip\u00ebrfaqe kund\u00ebr patogjen\u00ebve<\/p>\n<\/div>\n\n\n\n<div class=\"wp-block-column is-layout-flow wp-block-column-is-layout-flow\">\n<h2 class=\"wp-block-heading\" id=\"lieferumfang\">fush\u00ebveprimi i dor\u00ebzimit<\/h2>\n\n\n\n<p>12 peceta antibakteriale, p\u00ebr t&#8217;u p\u00ebrdorur nj\u00eb her\u00eb n\u00eb jav\u00eb = 3 muaj<\/p>\n<\/div>\n<\/div>\n\n<hr\/>\n\n<h4 class=\"wp-block-heading\" id=\"application\">Aplikacion<\/h4>\n\n<h2 class=\"wp-block-heading\" id=\"die-anwendung-hygienisch-sauberes-handy\">Aplikacioni &#8211; Celular i past\u00ebr higjenikisht<\/h2>\n\n<div class=\"wp-block-getwid-toggle has-icon-left\">\n<div class=\"wp-block-getwid-toggle__row\"><div class=\"wp-block-getwid-toggle__header-wrapper\"><span class=\"wp-block-getwid-toggle__header\"><a href=\"#\"><span class=\"wp-block-getwid-toggle__header-title\">1. Smartphone s\u00e4ubern<\/span><span class=\"wp-block-getwid-toggle__icon is-active\"><i class=\"fas fa-plus\"><\/i><\/span><span class=\"wp-block-getwid-toggle__icon is-passive\"><i class=\"fas fa-minus\"><\/i><\/span><\/a><\/span><\/div><div class=\"wp-block-getwid-toggle__content-wrapper\"><div class=\"wp-block-getwid-toggle__content\">\n<p>Pajisja fundore fshihet me nj\u00eb leck\u00eb mikrofib\u00ebr ose nj\u00eb leck\u00eb t\u00eb that\u00eb pa garz\u00eb n\u00eb pjes\u00ebn e p\u00ebrparme dhe t\u00eb pasme me q\u00ebllim heqjen e gjurm\u00ebve t\u00eb gisht\u00ebrinjve, papast\u00ebrtive dhe \u00e7do g\u00ebrvishtjeje.<\/p>\n<\/div><\/div><\/div>\n\n\n\n<div class=\"wp-block-getwid-toggle__row\"><div class=\"wp-block-getwid-toggle__header-wrapper\"><span class=\"wp-block-getwid-toggle__header\"><a href=\"#\"><span class=\"wp-block-getwid-toggle__header-title\">2. Smartphone desinfizieren<\/span><span class=\"wp-block-getwid-toggle__icon is-active\"><i class=\"fas fa-plus\"><\/i><\/span><span class=\"wp-block-getwid-toggle__icon is-passive\"><i class=\"fas fa-minus\"><\/i><\/span><\/a><\/span><\/div><div class=\"wp-block-getwid-toggle__content-wrapper\"><div class=\"wp-block-getwid-toggle__content\">\n<p>Hapet paketimi me 12 dhe hiqet peceta e par\u00eb dezinfektuese e mb\u00ebshtjell\u00eb. Me nj\u00ebr\u00ebn an\u00eb t\u00eb fshir\u00ebse dezinfektuese, telefoni celular pastrohet mir\u00eb s\u00ebrish n\u00eb pjes\u00ebn e p\u00ebrparme dhe t\u00eb pasme, me fjal\u00eb t\u00eb tjera fshihet. Pajisja fundore m\u00eb pas dezinfektohet p\u00ebr rreth 30 sekonda me an\u00ebn tjet\u00ebr, ende t\u00eb past\u00ebr t\u00eb leck\u00ebs. Si rezultat, nj\u00eb vello e leht\u00eb zhvillohet n\u00eb sip\u00ebrfaqen e saj.<\/p>\n<\/div><\/div><\/div>\n\n\n\n<div class=\"wp-block-getwid-toggle__row\"><div class=\"wp-block-getwid-toggle__header-wrapper\"><span class=\"wp-block-getwid-toggle__header\"><a href=\"#\"><span class=\"wp-block-getwid-toggle__header-title\">3. Trocknungsvorgang<\/span><span class=\"wp-block-getwid-toggle__icon is-active\"><i class=\"fas fa-plus\"><\/i><\/span><span class=\"wp-block-getwid-toggle__icon is-passive\"><i class=\"fas fa-minus\"><\/i><\/span><\/a><\/span><\/div><div class=\"wp-block-getwid-toggle__content-wrapper\"><div class=\"wp-block-getwid-toggle__content\">\n<p>Kjo pasohet nga nj\u00eb proces tharje prej dy deri n\u00eb tre minuta. L\u00ebngu i aplikuar ka nj\u00eb efekt dhe formon nj\u00eb shtres\u00eb mbrojt\u00ebse dezinfektuese.<\/p>\n<\/div><\/div><\/div>\n\n\n\n<div class=\"wp-block-getwid-toggle__row\"><div class=\"wp-block-getwid-toggle__header-wrapper\"><span class=\"wp-block-getwid-toggle__header\"><a href=\"#\"><span class=\"wp-block-getwid-toggle__header-title\">4. Nachpolieren<\/span><span class=\"wp-block-getwid-toggle__icon is-active\"><i class=\"fas fa-plus\"><\/i><\/span><span class=\"wp-block-getwid-toggle__icon is-passive\"><i class=\"fas fa-minus\"><\/i><\/span><\/a><\/span><\/div><div class=\"wp-block-getwid-toggle__content-wrapper\"><div class=\"wp-block-getwid-toggle__content\">\n<p>Pas p\u00ebrfundimit t\u00eb procesit t\u00eb tharjes, telefoni celular lustrohet s\u00ebrish me nj\u00eb leck\u00eb t\u00eb past\u00ebr tharjeje <strong>&#8211;<\/strong> p\u00ebr shembull nga mikrofibra <strong>&#8211;<\/strong> derisa sip\u00ebrfaqja t\u00eb mos ket\u00eb vija. Mbrojtja afatgjat\u00eb e dezinfektimit q\u00eb \u00ebsht\u00eb zhvilluar tani funksionon me intensitet t\u00eb pazbutur p\u00ebr shtat\u00eb deri n\u00eb dhjet\u00eb dit\u00ebt e ardhshme.<\/p>\n<\/div><\/div><\/div>\n<\/div>\n\n<br\/>\n\n<hr\/>\n\n<h4 class=\"wp-block-heading\" id=\"advisor\">k\u00ebshilltar<\/h4>\n\n<h2 class=\"wp-block-heading\" id=\"award-gewinner-handy-desinfektion-raumt-ab\">Fituesi i \u00e7mimit &#8211; pastrohet dezinfektimi i celularit<\/h2>\n\n<p>Risia n\u00eb treg p\u00ebr mbrojtjen dezinfektuese t\u00eb pajisjeve celulare si celular\u00ebt, telefonat inteligjent\u00eb ose tablet\u00ebt \u00ebsht\u00eb paketa me 12 peceta mbrojt\u00ebse bakteriale nga CCM\u00ae. CCM do t\u00eb thot\u00eb Creative Chemical Manufacturer GmbH, me qend\u00ebr n\u00eb Overath, North Rhine-Westphalia.<\/p>\n\n<figure class=\"wp-block-image size-full\"><img decoding=\"async\" width=\"700\" height=\"207\" src=\"https:\/\/www.versiegelung24.com\/wp-content\/uploads\/2021\/09\/2020-MedTech-Awards-2.png\" alt=\"\" class=\"wp-image-37295\" srcset=\"https:\/\/www.versiegelung24.com\/wp-content\/uploads\/2021\/09\/2020-MedTech-Awards-2.png 700w, https:\/\/www.versiegelung24.com\/wp-content\/uploads\/2021\/09\/2020-MedTech-Awards-2-600x177.png 600w, https:\/\/www.versiegelung24.com\/wp-content\/uploads\/2021\/09\/2020-MedTech-Awards-2-300x89.png 300w\" sizes=\"(max-width: 700px) 100vw, 700px\" \/><figcaption class=\"wp-element-caption\"><strong>Fitues i \u00e7mimit MedTech &#8211; Zgjidhja m\u00eb e mir\u00eb afatgjat\u00eb kund\u00ebr mbrojtjes kund\u00ebr patogjen\u00ebve<\/strong><\/figcaption><\/figure>\n\n<h2 class=\"wp-block-heading\" id=\"ohne-handy-und-smartphone-desinfizieren-geht-es-einfach-nicht\">Thjesht nuk funksionon pa dezinfektuar celularin dhe smartfonin tuaj!<\/h2>\n\n<p>Njer\u00ebzit tani jan\u00eb m\u00ebsuar t\u00eb lajn\u00eb dhe dezinfektojn\u00eb duart rregullisht. \u00cbsht\u00eb edhe m\u00eb e r\u00ebnd\u00ebsishme t\u00eb mos harroni t\u00eb dezinfektoni smartfonin tuaj. Kur trajtohet si\u00e7 duhet, lecka mbrojt\u00ebse bakteriale zhvillon nj\u00eb efekt t\u00eb vazhduesh\u00ebm dezinfektues deri n\u00eb dhjet\u00eb dit\u00eb. Me paketimin 12, pajisja fundore \u00ebsht\u00eb gjithmon\u00eb n\u00eb gjendje t\u00eb p\u00ebrsosur higjienike p\u00ebr nj\u00eb \u00e7erek viti.<\/p>\n\n<p><\/p>\n\n<p><strong>P\u00ebrdorimi i rregullt i dymb\u00ebdhjet\u00eb leckave mbrojt\u00ebse krijon nj\u00eb shtres\u00eb xhami t\u00eb l\u00ebngshme ultra t\u00eb holl\u00eb n\u00eb sip\u00ebrfaqen e telefonit inteligjent.<\/strong> Parandalon formimin dhe krijimin e m\u00ebvonsh\u00ebm t\u00eb patogjen\u00ebve. Si nj\u00eb efekt an\u00ebsor pozitiv, sip\u00ebrfaqja b\u00ebhet gjithnj\u00eb e m\u00eb e l\u00ebmuar dhe mund t\u00eb pastrohet shum\u00eb leht\u00eb. Ky efekt rritet sa m\u00eb gjat\u00eb t\u00eb p\u00ebrdoren pecetat dezinfektuese.<\/p>\n","protected":false},"excerpt":{"rendered":"<p>Risia n\u00eb treg p\u00ebr mbrojtjen dezinfektuese t\u00eb pajisjeve celulare si celular\u00ebt, telefonat inteligjent\u00eb ose tablet\u00ebt \u00ebsht\u00eb paketa me 12 peceta mbrojt\u00ebse bakteriale nga CCM\u00ae.<\/p>\n<p>Certifikuar me \u00e7mimin MedTech &#8221; <strong>Zgjidhja m\u00eb e mir\u00eb afatgjat\u00eb kund\u00ebr mbrojtjes kund\u00ebr patogjen\u00ebve&#8221;<\/p>\n<p><\/strong><\/p>\n<p><img decoding=\"async\" class=\"alignnone size-medium wp-image-37295\" src=\"https:\/\/www.versiegelung24.com\/wp-content\/uploads\/2021\/09\/2020-MedTech-Awards-2-300x89.png\" alt=\"\" width=\"300\" height=\"89\" srcset=\"https:\/\/www.versiegelung24.com\/wp-content\/uploads\/2021\/09\/2020-MedTech-Awards-2-300x89.png 300w, https:\/\/www.versiegelung24.com\/wp-content\/uploads\/2021\/09\/2020-MedTech-Awards-2-600x177.png 600w, https:\/\/www.versiegelung24.com\/wp-content\/uploads\/2021\/09\/2020-MedTech-Awards-2.png 700w\" sizes=\"(max-width: 300px) 100vw, 300px\" \/><\/p>\n","protected":false},"featured_media":63231,"template":"","meta":{"_acf_changed":false,"neve_meta_sidebar":"","neve_meta_container":"","neve_meta_enable_content_width":"","neve_meta_content_width":0,"neve_meta_title_alignment":"","neve_meta_author_avatar":"","neve_post_elements_order":"","neve_meta_disable_header":"","neve_meta_disable_footer":"","neve_meta_disable_title":"","neve_meta_reading_time":"","_surfaces":[],"_ver_product_tabs":[],"footnotes":""},"product_brand":[],"product_cat":[2232,3005],"product_tag":[],"class_list":{"0":"post-37363","1":"product","2":"type-product","3":"status-publish","4":"has-post-thumbnail","6":"product_cat-dezinfektues","7":"product_cat-dezinfektues-i-telefonit-celular","9":"first","10":"instock","11":"taxable","12":"shipping-taxable","13":"purchasable","14":"product-type-simple"},"acf":[],"yoast_head":"<!-- This site is optimized with the Yoast SEO Premium plugin v22.8 (Yoast SEO v27.5) - https:\/\/yoast.com\/product\/yoast-seo-premium-wordpress\/ -->\n<title>Dezinfektues afatgjat\u00eb i telefonave inteligjent\u00eb dhe celular\u00eb kund\u00ebr baktereve dhe viruseve - versiegelung24.com<\/title>\n<meta name=\"robots\" content=\"index, follow, max-snippet:-1, max-image-preview:large, max-video-preview:-1\" \/>\n<link rel=\"canonical\" href=\"https:\/\/www.versiegelung24.com\/sq\/shtrese-mbrojtese-e-lengshme-xhami-kunder-baktereve-viruseve.html\" \/>\n<meta property=\"og:locale\" content=\"sq_AL\" \/>\n<meta property=\"og:type\" content=\"article\" \/>\n<meta property=\"og:title\" content=\"Dezinfektues afatgjat\u00eb i telefonave inteligjent\u00eb dhe celular\u00eb kund\u00ebr baktereve dhe viruseve\" \/>\n<meta property=\"og:description\" content=\"Risia n\u00eb treg p\u00ebr mbrojtjen dezinfektuese t\u00eb pajisjeve celulare si celular\u00ebt, telefonat inteligjent\u00eb ose tablet\u00ebt \u00ebsht\u00eb paketa me 12 peceta mbrojt\u00ebse bakteriale nga CCM\u00ae. Certifikuar me \u00e7mimin MedTech &quot; Zgjidhja m\u00eb e mir\u00eb afatgjat\u00eb kund\u00ebr mbrojtjes kund\u00ebr patogjen\u00ebve&quot;\" \/>\n<meta property=\"og:url\" content=\"https:\/\/www.versiegelung24.com\/sq\/shtrese-mbrojtese-e-lengshme-xhami-kunder-baktereve-viruseve.html\" \/>\n<meta property=\"og:site_name\" content=\"versiegelung24.com\" \/>\n<meta property=\"article:modified_time\" content=\"2025-01-03T23:28:02+00:00\" \/>\n<meta property=\"og:image\" content=\"https:\/\/www.versiegelung24.com\/wp-content\/uploads\/2021\/09\/produkt-4009-904-Handy-Bakterienschutz-Verpackung1.jpg\" \/>\n\t<meta property=\"og:image:width\" content=\"2000\" \/>\n\t<meta property=\"og:image:height\" content=\"2000\" \/>\n\t<meta property=\"og:image:type\" content=\"image\/jpeg\" \/>\n<meta name=\"twitter:card\" content=\"summary_large_image\" \/>\n<meta name=\"twitter:label1\" content=\"Price\" \/>\n\t<meta name=\"twitter:data1\" content=\"10,99&euro;\" \/>\n\t<meta name=\"twitter:label2\" content=\"Availability\" \/>\n\t<meta name=\"twitter:data2\" content=\"In stock\" \/>\n<script type=\"application\/ld+json\" class=\"yoast-schema-graph\">{\"@context\":\"https:\\\/\\\/schema.org\",\"@graph\":[{\"@type\":\"WebPage\",\"@id\":\"https:\\\/\\\/www.versiegelung24.com\\\/sq\\\/shtrese-mbrojtese-e-lengshme-xhami-kunder-baktereve-viruseve.html\",\"url\":\"https:\\\/\\\/www.versiegelung24.com\\\/sq\\\/shtrese-mbrojtese-e-lengshme-xhami-kunder-baktereve-viruseve.html\",\"name\":\"Dezinfektues afatgjat\u00eb i telefonave inteligjent\u00eb dhe celular\u00eb kund\u00ebr baktereve dhe viruseve - versiegelung24.com\",\"isPartOf\":{\"@id\":\"https:\\\/\\\/www.versiegelung24.com\\\/sq\\\/#website\"},\"primaryImageOfPage\":{\"@id\":\"https:\\\/\\\/www.versiegelung24.com\\\/sq\\\/shtrese-mbrojtese-e-lengshme-xhami-kunder-baktereve-viruseve.html#primaryimage\"},\"image\":{\"@id\":\"https:\\\/\\\/www.versiegelung24.com\\\/sq\\\/shtrese-mbrojtese-e-lengshme-xhami-kunder-baktereve-viruseve.html#primaryimage\"},\"thumbnailUrl\":\"https:\\\/\\\/www.versiegelung24.com\\\/wp-content\\\/uploads\\\/2021\\\/09\\\/produkt-4009-904-Handy-Bakterienschutz-Verpackung1.jpg\",\"datePublished\":\"2021-09-27T09:30:27+00:00\",\"dateModified\":\"2025-01-03T23:28:02+00:00\",\"breadcrumb\":{\"@id\":\"https:\\\/\\\/www.versiegelung24.com\\\/sq\\\/shtrese-mbrojtese-e-lengshme-xhami-kunder-baktereve-viruseve.html#breadcrumb\"},\"inLanguage\":\"sq-AL\",\"potentialAction\":[{\"@type\":\"ReadAction\",\"target\":[\"https:\\\/\\\/www.versiegelung24.com\\\/sq\\\/shtrese-mbrojtese-e-lengshme-xhami-kunder-baktereve-viruseve.html\"]}]},{\"@type\":\"ImageObject\",\"inLanguage\":\"sq-AL\",\"@id\":\"https:\\\/\\\/www.versiegelung24.com\\\/sq\\\/shtrese-mbrojtese-e-lengshme-xhami-kunder-baktereve-viruseve.html#primaryimage\",\"url\":\"https:\\\/\\\/www.versiegelung24.com\\\/wp-content\\\/uploads\\\/2021\\\/09\\\/produkt-4009-904-Handy-Bakterienschutz-Verpackung1.jpg\",\"contentUrl\":\"https:\\\/\\\/www.versiegelung24.com\\\/wp-content\\\/uploads\\\/2021\\\/09\\\/produkt-4009-904-Handy-Bakterienschutz-Verpackung1.jpg\",\"width\":2000,\"height\":2000},{\"@type\":\"BreadcrumbList\",\"@id\":\"https:\\\/\\\/www.versiegelung24.com\\\/sq\\\/shtrese-mbrojtese-e-lengshme-xhami-kunder-baktereve-viruseve.html#breadcrumb\",\"itemListElement\":[{\"@type\":\"ListItem\",\"position\":1,\"name\":\"Faqja kryesore\",\"item\":\"https:\\\/\\\/www.versiegelung24.com\\\/sq\\\/perpara\\\/\"},{\"@type\":\"ListItem\",\"position\":2,\"name\":\"Dyqan\",\"item\":\"https:\\\/\\\/www.versiegelung24.com\\\/sq\\\/dyqan\\\/\"},{\"@type\":\"ListItem\",\"position\":3,\"name\":\"Dezinfektues afatgjat\u00eb i telefonave inteligjent\u00eb dhe celular\u00eb kund\u00ebr baktereve dhe viruseve\"}]},{\"@type\":\"WebSite\",\"@id\":\"https:\\\/\\\/www.versiegelung24.com\\\/sq\\\/#website\",\"url\":\"https:\\\/\\\/www.versiegelung24.com\\\/sq\\\/\",\"name\":\"versiegelung24.com\",\"description\":\"Fl\u00fcssigglas-Versiegelung - Made in Germany\",\"publisher\":{\"@id\":\"https:\\\/\\\/www.versiegelung24.com\\\/sq\\\/#organization\"},\"potentialAction\":[{\"@type\":\"SearchAction\",\"target\":{\"@type\":\"EntryPoint\",\"urlTemplate\":\"https:\\\/\\\/www.versiegelung24.com\\\/sq\\\/?s={search_term_string}\"},\"query-input\":{\"@type\":\"PropertyValueSpecification\",\"valueRequired\":true,\"valueName\":\"search_term_string\"}}],\"inLanguage\":\"sq-AL\"},{\"@type\":\"Organization\",\"@id\":\"https:\\\/\\\/www.versiegelung24.com\\\/sq\\\/#organization\",\"name\":\"versiegelung24\",\"url\":\"https:\\\/\\\/www.versiegelung24.com\\\/sq\\\/\",\"logo\":{\"@type\":\"ImageObject\",\"inLanguage\":\"sq-AL\",\"@id\":\"https:\\\/\\\/www.versiegelung24.com\\\/sq\\\/#\\\/schema\\\/logo\\\/image\\\/\",\"url\":\"https:\\\/\\\/www.versiegelung24.com\\\/wp-content\\\/uploads\\\/2020\\\/04\\\/versiegelung24.png\",\"contentUrl\":\"https:\\\/\\\/www.versiegelung24.com\\\/wp-content\\\/uploads\\\/2020\\\/04\\\/versiegelung24.png\",\"width\":470,\"height\":102,\"caption\":\"versiegelung24\"},\"image\":{\"@id\":\"https:\\\/\\\/www.versiegelung24.com\\\/sq\\\/#\\\/schema\\\/logo\\\/image\\\/\"}}]}<\/script>\n<meta property=\"product:price:amount\" content=\"10.99\" \/>\n<meta property=\"product:price:currency\" content=\"EUR\" \/>\n<meta property=\"og:availability\" content=\"instock\" \/>\n<meta property=\"product:availability\" content=\"instock\" \/>\n<meta property=\"product:retailer_item_id\" content=\"4009-904\" \/>\n<meta property=\"product:condition\" content=\"new\" \/>\n<!-- \/ Yoast SEO Premium plugin. -->","yoast_head_json":{"title":"Dezinfektues afatgjat\u00eb i telefonave inteligjent\u00eb dhe celular\u00eb kund\u00ebr baktereve dhe viruseve - versiegelung24.com","robots":{"index":"index","follow":"follow","max-snippet":"max-snippet:-1","max-image-preview":"max-image-preview:large","max-video-preview":"max-video-preview:-1"},"canonical":"https:\/\/www.versiegelung24.com\/sq\/shtrese-mbrojtese-e-lengshme-xhami-kunder-baktereve-viruseve.html","og_locale":"sq_AL","og_type":"article","og_title":"Dezinfektues afatgjat\u00eb i telefonave inteligjent\u00eb dhe celular\u00eb kund\u00ebr baktereve dhe viruseve","og_description":"Risia n\u00eb treg p\u00ebr mbrojtjen dezinfektuese t\u00eb pajisjeve celulare si celular\u00ebt, telefonat inteligjent\u00eb ose tablet\u00ebt \u00ebsht\u00eb paketa me 12 peceta mbrojt\u00ebse bakteriale nga CCM\u00ae. Certifikuar me \u00e7mimin MedTech \" Zgjidhja m\u00eb e mir\u00eb afatgjat\u00eb kund\u00ebr mbrojtjes kund\u00ebr patogjen\u00ebve\"","og_url":"https:\/\/www.versiegelung24.com\/sq\/shtrese-mbrojtese-e-lengshme-xhami-kunder-baktereve-viruseve.html","og_site_name":"versiegelung24.com","article_modified_time":"2025-01-03T23:28:02+00:00","og_image":[{"width":2000,"height":2000,"url":"https:\/\/www.versiegelung24.com\/wp-content\/uploads\/2021\/09\/produkt-4009-904-Handy-Bakterienschutz-Verpackung1.jpg","type":"image\/jpeg"}],"twitter_card":"summary_large_image","twitter_misc":{"Price":"10,99&euro;","Availability":"In stock"},"schema":{"@context":"https:\/\/schema.org","@graph":[{"@type":"WebPage","@id":"https:\/\/www.versiegelung24.com\/sq\/shtrese-mbrojtese-e-lengshme-xhami-kunder-baktereve-viruseve.html","url":"https:\/\/www.versiegelung24.com\/sq\/shtrese-mbrojtese-e-lengshme-xhami-kunder-baktereve-viruseve.html","name":"Dezinfektues afatgjat\u00eb i telefonave inteligjent\u00eb dhe celular\u00eb kund\u00ebr baktereve dhe viruseve - versiegelung24.com","isPartOf":{"@id":"https:\/\/www.versiegelung24.com\/sq\/#website"},"primaryImageOfPage":{"@id":"https:\/\/www.versiegelung24.com\/sq\/shtrese-mbrojtese-e-lengshme-xhami-kunder-baktereve-viruseve.html#primaryimage"},"image":{"@id":"https:\/\/www.versiegelung24.com\/sq\/shtrese-mbrojtese-e-lengshme-xhami-kunder-baktereve-viruseve.html#primaryimage"},"thumbnailUrl":"https:\/\/www.versiegelung24.com\/wp-content\/uploads\/2021\/09\/produkt-4009-904-Handy-Bakterienschutz-Verpackung1.jpg","datePublished":"2021-09-27T09:30:27+00:00","dateModified":"2025-01-03T23:28:02+00:00","breadcrumb":{"@id":"https:\/\/www.versiegelung24.com\/sq\/shtrese-mbrojtese-e-lengshme-xhami-kunder-baktereve-viruseve.html#breadcrumb"},"inLanguage":"sq-AL","potentialAction":[{"@type":"ReadAction","target":["https:\/\/www.versiegelung24.com\/sq\/shtrese-mbrojtese-e-lengshme-xhami-kunder-baktereve-viruseve.html"]}]},{"@type":"ImageObject","inLanguage":"sq-AL","@id":"https:\/\/www.versiegelung24.com\/sq\/shtrese-mbrojtese-e-lengshme-xhami-kunder-baktereve-viruseve.html#primaryimage","url":"https:\/\/www.versiegelung24.com\/wp-content\/uploads\/2021\/09\/produkt-4009-904-Handy-Bakterienschutz-Verpackung1.jpg","contentUrl":"https:\/\/www.versiegelung24.com\/wp-content\/uploads\/2021\/09\/produkt-4009-904-Handy-Bakterienschutz-Verpackung1.jpg","width":2000,"height":2000},{"@type":"BreadcrumbList","@id":"https:\/\/www.versiegelung24.com\/sq\/shtrese-mbrojtese-e-lengshme-xhami-kunder-baktereve-viruseve.html#breadcrumb","itemListElement":[{"@type":"ListItem","position":1,"name":"Faqja kryesore","item":"https:\/\/www.versiegelung24.com\/sq\/perpara\/"},{"@type":"ListItem","position":2,"name":"Dyqan","item":"https:\/\/www.versiegelung24.com\/sq\/dyqan\/"},{"@type":"ListItem","position":3,"name":"Dezinfektues afatgjat\u00eb i telefonave inteligjent\u00eb dhe celular\u00eb kund\u00ebr baktereve dhe viruseve"}]},{"@type":"WebSite","@id":"https:\/\/www.versiegelung24.com\/sq\/#website","url":"https:\/\/www.versiegelung24.com\/sq\/","name":"versiegelung24.com","description":"Fl\u00fcssigglas-Versiegelung - Made in Germany","publisher":{"@id":"https:\/\/www.versiegelung24.com\/sq\/#organization"},"potentialAction":[{"@type":"SearchAction","target":{"@type":"EntryPoint","urlTemplate":"https:\/\/www.versiegelung24.com\/sq\/?s={search_term_string}"},"query-input":{"@type":"PropertyValueSpecification","valueRequired":true,"valueName":"search_term_string"}}],"inLanguage":"sq-AL"},{"@type":"Organization","@id":"https:\/\/www.versiegelung24.com\/sq\/#organization","name":"versiegelung24","url":"https:\/\/www.versiegelung24.com\/sq\/","logo":{"@type":"ImageObject","inLanguage":"sq-AL","@id":"https:\/\/www.versiegelung24.com\/sq\/#\/schema\/logo\/image\/","url":"https:\/\/www.versiegelung24.com\/wp-content\/uploads\/2020\/04\/versiegelung24.png","contentUrl":"https:\/\/www.versiegelung24.com\/wp-content\/uploads\/2020\/04\/versiegelung24.png","width":470,"height":102,"caption":"versiegelung24"},"image":{"@id":"https:\/\/www.versiegelung24.com\/sq\/#\/schema\/logo\/image\/"}}]},"product_price_amount":"10.99","product_price_currency":"EUR","og_availability":"instock","product_availability":"instock","product_retailer_item_id":"4009-904","product_condition":"new"},"_links":{"self":[{"href":"https:\/\/www.versiegelung24.com\/sq\/wp-json\/wp\/v2\/product\/37363","targetHints":{"allow":["GET"]}}],"collection":[{"href":"https:\/\/www.versiegelung24.com\/sq\/wp-json\/wp\/v2\/product"}],"about":[{"href":"https:\/\/www.versiegelung24.com\/sq\/wp-json\/wp\/v2\/types\/product"}],"version-history":[{"count":79,"href":"https:\/\/www.versiegelung24.com\/sq\/wp-json\/wp\/v2\/product\/37363\/revisions"}],"predecessor-version":[{"id":178056,"href":"https:\/\/www.versiegelung24.com\/sq\/wp-json\/wp\/v2\/product\/37363\/revisions\/178056"}],"wp:featuredmedia":[{"embeddable":true,"href":"https:\/\/www.versiegelung24.com\/sq\/wp-json\/wp\/v2\/media\/63231"}],"wp:attachment":[{"href":"https:\/\/www.versiegelung24.com\/sq\/wp-json\/wp\/v2\/media?parent=37363"}],"wp:term":[{"taxonomy":"product_brand","embeddable":true,"href":"https:\/\/www.versiegelung24.com\/sq\/wp-json\/wp\/v2\/product_brand?post=37363"},{"taxonomy":"product_cat","embeddable":true,"href":"https:\/\/www.versiegelung24.com\/sq\/wp-json\/wp\/v2\/product_cat?post=37363"},{"taxonomy":"product_tag","embeddable":true,"href":"https:\/\/www.versiegelung24.com\/sq\/wp-json\/wp\/v2\/product_tag?post=37363"}],"curies":[{"name":"wp","href":"https:\/\/api.w.org\/{rel}","templated":true}]}}