{"id":62266,"date":"2022-02-06T23:03:40","date_gmt":"2022-02-06T22:04:07","guid":{"rendered":"https:\/\/www.versiegelung24.com\/?post_type=product&#038;p=62266"},"modified":"2025-01-05T17:34:38","modified_gmt":"2025-01-05T16:34:38","slug":"komplet-komplet-premium-system-solar-photovoltaic-sealing-with-extreme-durability-and-increase-in-efficiency","status":"publish","type":"product","link":"https:\/\/www.versiegelung24.com\/sq\/komplet-komplet-premium-system-solar-photovoltaic-sealing-with-extreme-durability-and-increase-in-efficiency.html","title":{"rendered":"Komplet i kompletuar p\u00ebr mbylljen e sistemeve solare \/ sistemeve fotovoltaike"},"content":{"rendered":"\n<p><strong>Set i plot\u00eb i p\u00ebrb\u00ebr\u00eb nga parapastrues biologjik, bioetanol p\u00ebr heqjen e yndyr\u00ebs dhe nano-vulosje me performanc\u00eb t\u00eb lart\u00eb bazuar n\u00eb xhami t\u00eb l\u00ebngsh\u00ebm<\/strong><\/p>\n\n<p><strong>Nano-veshje shum\u00eb efektive p\u00ebr sistemet diellore, me efekt zambak uji (i pap\u00ebrshkuesh\u00ebm nga uji)<\/strong><\/p>\n\n<p>Cil\u00ebsi e lart\u00eb Prodhuar n\u00eb Gjermani<\/p>\n\n<h4 class=\"wp-block-heading\" id=\"properties\">Vetit\u00eb<\/h4>\n\n<div class=\"wp-block-columns is-layout-flex wp-container-core-columns-is-layout-9d6595d7 wp-block-columns-is-layout-flex\">\n<div class=\"wp-block-column is-layout-flow wp-block-column-is-layout-flow\">\n<ul class=\"wp-block-list\">\n<li>Teknologjia e ardhshme me nj\u00eb shtres\u00eb mbrojt\u00ebse t\u00eb padukshme, p\u00ebraf\u00ebrsisht 100 nm (nanometra) &#8220;e trash\u00eb&#8221;<\/li>\n\n\n\n<li>Mbron sip\u00ebrfaqen<\/li>\n\n\n\n<li>Rezistent ndaj nxeht\u00ebsis\u00eb dhe ngricave<\/li>\n\n\n\n<li>Rezistent ndaj ujit t\u00eb detit dhe krip\u00ebs (acid\/alkaline 1,5 deri n\u00eb 12,5 ph)<\/li>\n\n\n\n<li>Ila\u00e7 kund\u00ebr ujit dhe papast\u00ebrtive<\/li>\n\n\n\n<li>Aplikim i thjesht\u00eb dhe i shpejt\u00eb<\/li>\n\n\n\n<li>Zbatohet n\u00eb +10\u00b0 deri +30\u00b0C<\/li>\n\n\n\n<li>UV e q\u00ebndrueshme<\/li>\n\n\n\n<li>Efekti &#8220;e leht\u00eb p\u00ebr t&#8217;u pastruar&#8221; (sip\u00ebrfaqet jan\u00eb t\u00eb lehta p\u00ebr t&#8217;u pastruar = kursen koh\u00eb dhe para dhe disa papast\u00ebrti tashm\u00eb jan\u00eb lar\u00eb nga shiu)<\/li>\n\n\n\n<li>Konsumi: p\u00ebraf\u00ebrsisht 150 m\u00b2 me nj\u00eb lit\u00ebr<\/li>\n\n\n\n<li>Redukton gjurm\u00ebn ekologjike (CO2) gjat\u00eb pastrimit:\n<ul class=\"wp-block-list\">\n<li>K\u00ebrkohet m\u00eb pak uj\u00eb<\/li>\n\n\n\n<li>K\u00ebrkohen m\u00eb pak pastrues kimik<\/li>\n<\/ul>\n<\/li>\n<\/ul>\n<\/div>\n\n\n\n<div class=\"wp-block-column is-layout-flow wp-block-column-is-layout-flow\">\n<p><strong>Fusha e dor\u00ebzimit:<\/strong><\/p>\n\n\n\n<ul class=\"wp-block-list\">\n<li>500 ml koncentrat pastrues organik Biosativa\u00ae 1:10 p\u00ebr pastrim paraprak<\/li>\n\n\n\n<li>1000 ml alkool izopropanol 99.9% p\u00ebr degreasing<\/li>\n\n\n\n<li>500 ml Qelqi i l\u00ebngsh\u00ebm mbyll\u00ebs 7601 (p\u00ebr rreth 75-100 m\u00b2)<\/li>\n\n\n\n<li>100 peshqir tharje 25 x 16 cm p\u00ebr pastrim paraprak<\/li>\n\n\n\n<li>10 copa mikrofibra 10 x 10 cm p\u00ebr aplikim<\/li>\n\n\n\n<li>5 copa mikrofibre 30 x 30 cm p\u00ebr lustrim<\/li>\n\n\n\n<li>10 doreza mbrojt\u00ebse t\u00eb disponueshme<\/li>\n<\/ul>\n<\/div>\n<\/div>\n\n<hr\/>\n\n<h4 class=\"wp-block-heading\" id=\"application\">Aplikacion<\/h4>\n\n<p>Aplikim i thjesht\u00eb<\/p>\n\n<ol class=\"wp-block-list\">\n<li>Parapastrojeni modulin shum\u00eb mir\u00eb me Biosativa (sa m\u00eb i mir\u00eb t\u00eb jet\u00eb pastrimi paraprak, aq m\u00eb gjat\u00eb do t\u00eb zgjas\u00eb vula)<\/li>\n\n\n\n<li>Pastrojeni s\u00ebrish me alkool para mbylljes<\/li>\n\n\n\n<li>Aplikoni vulosjen me nj\u00eb leck\u00eb, lustrim &#8211; b\u00ebr\u00eb.<\/li>\n<\/ol>\n\n<p><\/p>\n","protected":false},"excerpt":{"rendered":"<div class=\"column mcb-column mcb-item-mrk8thufa one column_column column-margin-0px\">\n<div class=\"column_attr clearfix\"><b>Modulet fotovoltaike sjellin rendimentin e tyre m\u00eb t\u00eb mir\u00eb n\u00eb kushte optimale<\/b> <b>.<\/b> <\/div>\n<div class=\"column_attr clearfix\"><b>Me vul\u00ebn ton\u00eb t\u00eb ve\u00e7ant\u00eb, ne zgjasim ciklin e pastrimit dhe thjeshtojm\u00eb ndjesh\u00ebm pastrimin. <\/b><\/div>\n<div class=\"column_attr clearfix\"><b>Kjo \u00e7on n\u00eb rritjen e kthimit t\u00eb investimit tuaj.<\/b><\/div>\n<\/div>\n","protected":false},"featured_media":18494,"template":"","meta":{"_acf_changed":false,"neve_meta_sidebar":"","neve_meta_container":"","neve_meta_enable_content_width":"","neve_meta_content_width":0,"neve_meta_title_alignment":"","neve_meta_author_avatar":"","neve_post_elements_order":"","neve_meta_disable_header":"","neve_meta_disable_footer":"","neve_meta_disable_title":"","neve_meta_reading_time":"","_surfaces":[],"_ver_product_tabs":[],"footnotes":""},"product_brand":[],"product_cat":[2393],"product_tag":[],"class_list":{"0":"post-62266","1":"product","2":"type-product","3":"status-publish","4":"has-post-thumbnail","6":"product_cat-vulosje-per-qelq-dhe-qeramike","8":"first","9":"instock","10":"taxable","11":"shipping-taxable","12":"purchasable","13":"product-type-simple"},"acf":[],"yoast_head":"<!-- This site is optimized with the Yoast SEO Premium plugin v22.8 (Yoast SEO v27.5) - https:\/\/yoast.com\/product\/yoast-seo-premium-wordpress\/ -->\n<title>Komplet i kompletuar p\u00ebr mbylljen e sistemeve solare \/ sistemeve fotovoltaike - versiegelung24.com<\/title>\n<meta name=\"robots\" content=\"index, follow, max-snippet:-1, max-image-preview:large, max-video-preview:-1\" \/>\n<link rel=\"canonical\" href=\"https:\/\/www.versiegelung24.com\/sq\/komplet-komplet-premium-system-solar-photovoltaic-sealing-with-extreme-durability-and-increase-in-efficiency.html\" \/>\n<meta property=\"og:locale\" content=\"sq_AL\" \/>\n<meta property=\"og:type\" content=\"article\" \/>\n<meta property=\"og:title\" content=\"Komplet i kompletuar p\u00ebr mbylljen e sistemeve solare \/ sistemeve fotovoltaike\" \/>\n<meta property=\"og:description\" content=\"Modulet fotovoltaike sjellin rendimentin e tyre m\u00eb t\u00eb mir\u00eb n\u00eb kushte optimale . Me vul\u00ebn ton\u00eb t\u00eb ve\u00e7ant\u00eb, ne zgjasim ciklin e pastrimit dhe thjeshtojm\u00eb ndjesh\u00ebm pastrimin. Kjo \u00e7on n\u00eb rritjen e kthimit t\u00eb investimit tuaj.\" \/>\n<meta property=\"og:url\" content=\"https:\/\/www.versiegelung24.com\/sq\/komplet-komplet-premium-system-solar-photovoltaic-sealing-with-extreme-durability-and-increase-in-efficiency.html\" \/>\n<meta property=\"og:site_name\" content=\"versiegelung24.com\" \/>\n<meta property=\"article:modified_time\" content=\"2025-01-05T16:34:38+00:00\" \/>\n<meta property=\"og:image\" content=\"https:\/\/www.versiegelung24.com\/wp-content\/uploads\/2020\/06\/produkt-7000-7601-1000-Solarversiegelung-scaled.jpg\" \/>\n\t<meta property=\"og:image:width\" content=\"2560\" \/>\n\t<meta property=\"og:image:height\" content=\"2560\" \/>\n\t<meta property=\"og:image:type\" content=\"image\/jpeg\" \/>\n<meta name=\"twitter:card\" content=\"summary_large_image\" \/>\n<meta name=\"twitter:label1\" content=\"Price\" \/>\n\t<meta name=\"twitter:data1\" content=\"199,00&euro;\" \/>\n\t<meta name=\"twitter:label2\" content=\"Availability\" \/>\n\t<meta name=\"twitter:data2\" content=\"In stock\" \/>\n<script type=\"application\/ld+json\" class=\"yoast-schema-graph\">{\"@context\":\"https:\\\/\\\/schema.org\",\"@graph\":[{\"@type\":\"WebPage\",\"@id\":\"https:\\\/\\\/www.versiegelung24.com\\\/sq\\\/komplet-komplet-premium-system-solar-photovoltaic-sealing-with-extreme-durability-and-increase-in-efficiency.html\",\"url\":\"https:\\\/\\\/www.versiegelung24.com\\\/sq\\\/komplet-komplet-premium-system-solar-photovoltaic-sealing-with-extreme-durability-and-increase-in-efficiency.html\",\"name\":\"Komplet i kompletuar p\u00ebr mbylljen e sistemeve solare \\\/ sistemeve fotovoltaike - versiegelung24.com\",\"isPartOf\":{\"@id\":\"https:\\\/\\\/www.versiegelung24.com\\\/sq\\\/#website\"},\"primaryImageOfPage\":{\"@id\":\"https:\\\/\\\/www.versiegelung24.com\\\/sq\\\/komplet-komplet-premium-system-solar-photovoltaic-sealing-with-extreme-durability-and-increase-in-efficiency.html#primaryimage\"},\"image\":{\"@id\":\"https:\\\/\\\/www.versiegelung24.com\\\/sq\\\/komplet-komplet-premium-system-solar-photovoltaic-sealing-with-extreme-durability-and-increase-in-efficiency.html#primaryimage\"},\"thumbnailUrl\":\"https:\\\/\\\/www.versiegelung24.com\\\/wp-content\\\/uploads\\\/2020\\\/06\\\/produkt-7000-7601-1000-Solarversiegelung-scaled.jpg\",\"datePublished\":\"2022-02-06T22:04:07+00:00\",\"dateModified\":\"2025-01-05T16:34:38+00:00\",\"breadcrumb\":{\"@id\":\"https:\\\/\\\/www.versiegelung24.com\\\/sq\\\/komplet-komplet-premium-system-solar-photovoltaic-sealing-with-extreme-durability-and-increase-in-efficiency.html#breadcrumb\"},\"inLanguage\":\"sq-AL\",\"potentialAction\":[{\"@type\":\"ReadAction\",\"target\":[\"https:\\\/\\\/www.versiegelung24.com\\\/sq\\\/komplet-komplet-premium-system-solar-photovoltaic-sealing-with-extreme-durability-and-increase-in-efficiency.html\"]}]},{\"@type\":\"ImageObject\",\"inLanguage\":\"sq-AL\",\"@id\":\"https:\\\/\\\/www.versiegelung24.com\\\/sq\\\/komplet-komplet-premium-system-solar-photovoltaic-sealing-with-extreme-durability-and-increase-in-efficiency.html#primaryimage\",\"url\":\"https:\\\/\\\/www.versiegelung24.com\\\/wp-content\\\/uploads\\\/2020\\\/06\\\/produkt-7000-7601-1000-Solarversiegelung-scaled.jpg\",\"contentUrl\":\"https:\\\/\\\/www.versiegelung24.com\\\/wp-content\\\/uploads\\\/2020\\\/06\\\/produkt-7000-7601-1000-Solarversiegelung-scaled.jpg\",\"width\":2560,\"height\":2560},{\"@type\":\"BreadcrumbList\",\"@id\":\"https:\\\/\\\/www.versiegelung24.com\\\/sq\\\/komplet-komplet-premium-system-solar-photovoltaic-sealing-with-extreme-durability-and-increase-in-efficiency.html#breadcrumb\",\"itemListElement\":[{\"@type\":\"ListItem\",\"position\":1,\"name\":\"Faqja kryesore\",\"item\":\"https:\\\/\\\/www.versiegelung24.com\\\/sq\\\/perpara\\\/\"},{\"@type\":\"ListItem\",\"position\":2,\"name\":\"Dyqan\",\"item\":\"https:\\\/\\\/www.versiegelung24.com\\\/sq\\\/dyqan\\\/\"},{\"@type\":\"ListItem\",\"position\":3,\"name\":\"Komplet i kompletuar p\u00ebr mbylljen e sistemeve solare \\\/ sistemeve fotovoltaike\"}]},{\"@type\":\"WebSite\",\"@id\":\"https:\\\/\\\/www.versiegelung24.com\\\/sq\\\/#website\",\"url\":\"https:\\\/\\\/www.versiegelung24.com\\\/sq\\\/\",\"name\":\"versiegelung24.com\",\"description\":\"Fl\u00fcssigglas-Versiegelung - Made in Germany\",\"publisher\":{\"@id\":\"https:\\\/\\\/www.versiegelung24.com\\\/sq\\\/#organization\"},\"potentialAction\":[{\"@type\":\"SearchAction\",\"target\":{\"@type\":\"EntryPoint\",\"urlTemplate\":\"https:\\\/\\\/www.versiegelung24.com\\\/sq\\\/?s={search_term_string}\"},\"query-input\":{\"@type\":\"PropertyValueSpecification\",\"valueRequired\":true,\"valueName\":\"search_term_string\"}}],\"inLanguage\":\"sq-AL\"},{\"@type\":\"Organization\",\"@id\":\"https:\\\/\\\/www.versiegelung24.com\\\/sq\\\/#organization\",\"name\":\"versiegelung24\",\"url\":\"https:\\\/\\\/www.versiegelung24.com\\\/sq\\\/\",\"logo\":{\"@type\":\"ImageObject\",\"inLanguage\":\"sq-AL\",\"@id\":\"https:\\\/\\\/www.versiegelung24.com\\\/sq\\\/#\\\/schema\\\/logo\\\/image\\\/\",\"url\":\"https:\\\/\\\/www.versiegelung24.com\\\/wp-content\\\/uploads\\\/2020\\\/04\\\/versiegelung24.png\",\"contentUrl\":\"https:\\\/\\\/www.versiegelung24.com\\\/wp-content\\\/uploads\\\/2020\\\/04\\\/versiegelung24.png\",\"width\":470,\"height\":102,\"caption\":\"versiegelung24\"},\"image\":{\"@id\":\"https:\\\/\\\/www.versiegelung24.com\\\/sq\\\/#\\\/schema\\\/logo\\\/image\\\/\"}}]}<\/script>\n<meta property=\"product:price:amount\" content=\"199.00\" \/>\n<meta property=\"product:price:currency\" content=\"EUR\" \/>\n<meta property=\"og:availability\" content=\"instock\" \/>\n<meta property=\"product:availability\" content=\"instock\" \/>\n<meta property=\"product:retailer_item_id\" content=\"7005-5575-komplettset\" \/>\n<meta property=\"product:condition\" content=\"new\" \/>\n<!-- \/ Yoast SEO Premium plugin. -->","yoast_head_json":{"title":"Komplet i kompletuar p\u00ebr mbylljen e sistemeve solare \/ sistemeve fotovoltaike - versiegelung24.com","robots":{"index":"index","follow":"follow","max-snippet":"max-snippet:-1","max-image-preview":"max-image-preview:large","max-video-preview":"max-video-preview:-1"},"canonical":"https:\/\/www.versiegelung24.com\/sq\/komplet-komplet-premium-system-solar-photovoltaic-sealing-with-extreme-durability-and-increase-in-efficiency.html","og_locale":"sq_AL","og_type":"article","og_title":"Komplet i kompletuar p\u00ebr mbylljen e sistemeve solare \/ sistemeve fotovoltaike","og_description":"Modulet fotovoltaike sjellin rendimentin e tyre m\u00eb t\u00eb mir\u00eb n\u00eb kushte optimale . Me vul\u00ebn ton\u00eb t\u00eb ve\u00e7ant\u00eb, ne zgjasim ciklin e pastrimit dhe thjeshtojm\u00eb ndjesh\u00ebm pastrimin. Kjo \u00e7on n\u00eb rritjen e kthimit t\u00eb investimit tuaj.","og_url":"https:\/\/www.versiegelung24.com\/sq\/komplet-komplet-premium-system-solar-photovoltaic-sealing-with-extreme-durability-and-increase-in-efficiency.html","og_site_name":"versiegelung24.com","article_modified_time":"2025-01-05T16:34:38+00:00","og_image":[{"width":2560,"height":2560,"url":"https:\/\/www.versiegelung24.com\/wp-content\/uploads\/2020\/06\/produkt-7000-7601-1000-Solarversiegelung-scaled.jpg","type":"image\/jpeg"}],"twitter_card":"summary_large_image","twitter_misc":{"Price":"199,00&euro;","Availability":"In stock"},"schema":{"@context":"https:\/\/schema.org","@graph":[{"@type":"WebPage","@id":"https:\/\/www.versiegelung24.com\/sq\/komplet-komplet-premium-system-solar-photovoltaic-sealing-with-extreme-durability-and-increase-in-efficiency.html","url":"https:\/\/www.versiegelung24.com\/sq\/komplet-komplet-premium-system-solar-photovoltaic-sealing-with-extreme-durability-and-increase-in-efficiency.html","name":"Komplet i kompletuar p\u00ebr mbylljen e sistemeve solare \/ sistemeve fotovoltaike - versiegelung24.com","isPartOf":{"@id":"https:\/\/www.versiegelung24.com\/sq\/#website"},"primaryImageOfPage":{"@id":"https:\/\/www.versiegelung24.com\/sq\/komplet-komplet-premium-system-solar-photovoltaic-sealing-with-extreme-durability-and-increase-in-efficiency.html#primaryimage"},"image":{"@id":"https:\/\/www.versiegelung24.com\/sq\/komplet-komplet-premium-system-solar-photovoltaic-sealing-with-extreme-durability-and-increase-in-efficiency.html#primaryimage"},"thumbnailUrl":"https:\/\/www.versiegelung24.com\/wp-content\/uploads\/2020\/06\/produkt-7000-7601-1000-Solarversiegelung-scaled.jpg","datePublished":"2022-02-06T22:04:07+00:00","dateModified":"2025-01-05T16:34:38+00:00","breadcrumb":{"@id":"https:\/\/www.versiegelung24.com\/sq\/komplet-komplet-premium-system-solar-photovoltaic-sealing-with-extreme-durability-and-increase-in-efficiency.html#breadcrumb"},"inLanguage":"sq-AL","potentialAction":[{"@type":"ReadAction","target":["https:\/\/www.versiegelung24.com\/sq\/komplet-komplet-premium-system-solar-photovoltaic-sealing-with-extreme-durability-and-increase-in-efficiency.html"]}]},{"@type":"ImageObject","inLanguage":"sq-AL","@id":"https:\/\/www.versiegelung24.com\/sq\/komplet-komplet-premium-system-solar-photovoltaic-sealing-with-extreme-durability-and-increase-in-efficiency.html#primaryimage","url":"https:\/\/www.versiegelung24.com\/wp-content\/uploads\/2020\/06\/produkt-7000-7601-1000-Solarversiegelung-scaled.jpg","contentUrl":"https:\/\/www.versiegelung24.com\/wp-content\/uploads\/2020\/06\/produkt-7000-7601-1000-Solarversiegelung-scaled.jpg","width":2560,"height":2560},{"@type":"BreadcrumbList","@id":"https:\/\/www.versiegelung24.com\/sq\/komplet-komplet-premium-system-solar-photovoltaic-sealing-with-extreme-durability-and-increase-in-efficiency.html#breadcrumb","itemListElement":[{"@type":"ListItem","position":1,"name":"Faqja kryesore","item":"https:\/\/www.versiegelung24.com\/sq\/perpara\/"},{"@type":"ListItem","position":2,"name":"Dyqan","item":"https:\/\/www.versiegelung24.com\/sq\/dyqan\/"},{"@type":"ListItem","position":3,"name":"Komplet i kompletuar p\u00ebr mbylljen e sistemeve solare \/ sistemeve fotovoltaike"}]},{"@type":"WebSite","@id":"https:\/\/www.versiegelung24.com\/sq\/#website","url":"https:\/\/www.versiegelung24.com\/sq\/","name":"versiegelung24.com","description":"Fl\u00fcssigglas-Versiegelung - Made in Germany","publisher":{"@id":"https:\/\/www.versiegelung24.com\/sq\/#organization"},"potentialAction":[{"@type":"SearchAction","target":{"@type":"EntryPoint","urlTemplate":"https:\/\/www.versiegelung24.com\/sq\/?s={search_term_string}"},"query-input":{"@type":"PropertyValueSpecification","valueRequired":true,"valueName":"search_term_string"}}],"inLanguage":"sq-AL"},{"@type":"Organization","@id":"https:\/\/www.versiegelung24.com\/sq\/#organization","name":"versiegelung24","url":"https:\/\/www.versiegelung24.com\/sq\/","logo":{"@type":"ImageObject","inLanguage":"sq-AL","@id":"https:\/\/www.versiegelung24.com\/sq\/#\/schema\/logo\/image\/","url":"https:\/\/www.versiegelung24.com\/wp-content\/uploads\/2020\/04\/versiegelung24.png","contentUrl":"https:\/\/www.versiegelung24.com\/wp-content\/uploads\/2020\/04\/versiegelung24.png","width":470,"height":102,"caption":"versiegelung24"},"image":{"@id":"https:\/\/www.versiegelung24.com\/sq\/#\/schema\/logo\/image\/"}}]},"product_price_amount":"199.00","product_price_currency":"EUR","og_availability":"instock","product_availability":"instock","product_retailer_item_id":"7005-5575-komplettset","product_condition":"new"},"_links":{"self":[{"href":"https:\/\/www.versiegelung24.com\/sq\/wp-json\/wp\/v2\/product\/62266","targetHints":{"allow":["GET"]}}],"collection":[{"href":"https:\/\/www.versiegelung24.com\/sq\/wp-json\/wp\/v2\/product"}],"about":[{"href":"https:\/\/www.versiegelung24.com\/sq\/wp-json\/wp\/v2\/types\/product"}],"version-history":[{"count":13,"href":"https:\/\/www.versiegelung24.com\/sq\/wp-json\/wp\/v2\/product\/62266\/revisions"}],"predecessor-version":[{"id":141485,"href":"https:\/\/www.versiegelung24.com\/sq\/wp-json\/wp\/v2\/product\/62266\/revisions\/141485"}],"wp:featuredmedia":[{"embeddable":true,"href":"https:\/\/www.versiegelung24.com\/sq\/wp-json\/wp\/v2\/media\/18494"}],"wp:attachment":[{"href":"https:\/\/www.versiegelung24.com\/sq\/wp-json\/wp\/v2\/media?parent=62266"}],"wp:term":[{"taxonomy":"product_brand","embeddable":true,"href":"https:\/\/www.versiegelung24.com\/sq\/wp-json\/wp\/v2\/product_brand?post=62266"},{"taxonomy":"product_cat","embeddable":true,"href":"https:\/\/www.versiegelung24.com\/sq\/wp-json\/wp\/v2\/product_cat?post=62266"},{"taxonomy":"product_tag","embeddable":true,"href":"https:\/\/www.versiegelung24.com\/sq\/wp-json\/wp\/v2\/product_tag?post=62266"}],"curies":[{"name":"wp","href":"https:\/\/api.w.org\/{rel}","templated":true}]}}