{"id":64074,"date":"2022-02-10T08:13:28","date_gmt":"2022-02-10T07:13:31","guid":{"rendered":"https:\/\/www.versiegelung24.com\/?post_type=product&#038;p=64074"},"modified":"2023-06-19T15:48:43","modified_gmt":"2023-06-19T13:48:43","slug":"kllape-me-rul-bojesh-colorus-classic-2k-doreze-komode-6mm-per-rula-boje-10-16cm-29cm-gjatesi-kopie","status":"publish","type":"product","link":"https:\/\/www.versiegelung24.com\/sq\/product\/kllape-me-rul-bojesh-colorus-classic-2k-doreze-komode-6mm-per-rula-boje-10-16cm-29cm-gjatesi-kopie\/","title":{"rendered":"Kllap\u00eb me rul boj\u00eb Colorus CLASSIC 2K Dorez\u00eb komode 6mm p\u00ebr rula boj\u00eb 10-16cm 39cm gjat\u00ebsi"},"content":{"rendered":"\n<h3 class=\"wp-block-heading\" id=\"h-profi-komfort-bugel-fur-heizkorperwalzen-und-kleinflachenwalzen-mit-6mm-walzenlager-spitzenqualitat\">Mb\u00ebshtet\u00ebs profesional komoditeti p\u00ebr rulat e radiatorit dhe rrotullat e vogla sip\u00ebrfaq\u00ebsore me kushineta rul 6 mm. Cil\u00ebsi e lart\u00eb.<\/h3>\n\n<h4 class=\"wp-block-heading\" id=\"properties\">vetit\u00eb e produktit<\/h4>\n\n<ul class=\"wp-block-list\"><li>Dorez\u00eb me rul me 2 komponent\u00eb me nj\u00eb dorez\u00eb t\u00eb but\u00eb ergonomike dhe jo rr\u00ebshqit\u00ebse.<\/li><li>Kllapat me rul t\u00eb boj\u00ebs jan\u00eb b\u00ebr\u00eb prej \u00e7eliku t\u00eb galvanizuar dhe p\u00ebr k\u00ebt\u00eb arsye ofrojn\u00eb nj\u00eb jet\u00ebgjat\u00ebsi shum\u00eb t\u00eb gjat\u00eb sh\u00ebrbimi.<\/li><li>I p\u00ebrshtatsh\u00ebm p\u00ebr t\u00eb gjitha shtyllat teleskopike t\u00eb disponueshme n\u00eb treg dhe shtyllat teleskopike me nj\u00eb sistem klikimi.<\/li><li>Kllap\u00eb me rul boj\u00eb p\u00ebr rrotullat e boj\u00ebs me diamet\u00ebr t\u00eb mbajt\u00ebsit t\u00eb rulit 6 mm.<\/li><li>Gjat\u00ebsia 39 cm<\/li><\/ul>","protected":false},"excerpt":{"rendered":"<p><strong>Kllapa profesionale e rehatis\u00eb p\u00ebr rulat e radiatorit dhe rulat me sip\u00ebrfaqe t\u00eb vog\u00ebl:<\/strong><\/p>\n<p>\u2713 Me rul 6mm<\/p>\n<p>\u2713 Cil\u00ebsi e lart\u00eb<\/p>\n","protected":false},"featured_media":63944,"template":"","meta":{"_acf_changed":false,"neve_meta_sidebar":"","neve_meta_container":"","neve_meta_enable_content_width":"","neve_meta_content_width":0,"neve_meta_title_alignment":"","neve_meta_author_avatar":"","neve_post_elements_order":"","neve_meta_disable_header":"","neve_meta_disable_footer":"","neve_meta_disable_title":"","neve_meta_reading_time":"","_surfaces":[],"_ver_product_tabs":[],"footnotes":""},"product_brand":[],"product_cat":[3065],"product_tag":[],"class_list":{"0":"post-64074","1":"product","2":"type-product","3":"status-publish","4":"has-post-thumbnail","6":"product_cat-pajisje","8":"first","9":"instock","10":"taxable","11":"shipping-taxable","12":"purchasable","13":"product-type-simple"},"acf":[],"yoast_head":"<!-- This site is optimized with the Yoast SEO Premium plugin v22.8 (Yoast SEO v27.4) - https:\/\/yoast.com\/product\/yoast-seo-premium-wordpress\/ -->\n<title>Kllap\u00eb me rul boj\u00eb Colorus CLASSIC 2K Dorez\u00eb komode 6mm p\u00ebr rula boj\u00eb 10-16cm 39cm gjat\u00ebsi - versiegelung24.com<\/title>\n<meta name=\"robots\" content=\"index, follow, max-snippet:-1, max-image-preview:large, max-video-preview:-1\" \/>\n<link rel=\"canonical\" href=\"https:\/\/www.versiegelung24.com\/sq\/product\/kllape-me-rul-bojesh-colorus-classic-2k-doreze-komode-6mm-per-rula-boje-10-16cm-29cm-gjatesi-kopie\/\" \/>\n<meta property=\"og:locale\" content=\"sq_AL\" \/>\n<meta property=\"og:type\" content=\"article\" \/>\n<meta property=\"og:title\" content=\"Kllap\u00eb me rul boj\u00eb Colorus CLASSIC 2K Dorez\u00eb komode 6mm p\u00ebr rula boj\u00eb 10-16cm 39cm gjat\u00ebsi\" \/>\n<meta property=\"og:description\" content=\"Kllapa profesionale e rehatis\u00eb p\u00ebr rulat e radiatorit dhe rulat me sip\u00ebrfaqe t\u00eb vog\u00ebl: \u2713 Me rul 6mm \u2713 Cil\u00ebsi e lart\u00eb\" \/>\n<meta property=\"og:url\" content=\"https:\/\/www.versiegelung24.com\/sq\/product\/kllape-me-rul-bojesh-colorus-classic-2k-doreze-komode-6mm-per-rula-boje-10-16cm-29cm-gjatesi-kopie\/\" \/>\n<meta property=\"og:site_name\" content=\"versiegelung24.com\" \/>\n<meta property=\"article:modified_time\" content=\"2023-06-19T13:48:43+00:00\" \/>\n<meta property=\"og:image\" content=\"https:\/\/www.versiegelung24.com\/wp-content\/uploads\/2022\/02\/produkt-v24-1029-1039-2k-Colorus-Farbwalzen-Buegel-CLASSIC-2K-Comfort-Griff-6mm-fuer-10-16cm-Farbwalzen.jpg\" \/>\n\t<meta property=\"og:image:width\" content=\"2000\" \/>\n\t<meta property=\"og:image:height\" content=\"2000\" \/>\n\t<meta property=\"og:image:type\" content=\"image\/jpeg\" \/>\n<meta name=\"twitter:card\" content=\"summary_large_image\" \/>\n<meta name=\"twitter:label1\" content=\"Price\" \/>\n\t<meta name=\"twitter:data1\" content=\"2,99&euro;\" \/>\n\t<meta name=\"twitter:label2\" content=\"Availability\" \/>\n\t<meta name=\"twitter:data2\" content=\"In stock\" \/>\n<script type=\"application\/ld+json\" class=\"yoast-schema-graph\">{\"@context\":\"https:\\\/\\\/schema.org\",\"@graph\":[{\"@type\":\"WebPage\",\"@id\":\"https:\\\/\\\/www.versiegelung24.com\\\/sq\\\/product\\\/kllape-me-rul-bojesh-colorus-classic-2k-doreze-komode-6mm-per-rula-boje-10-16cm-29cm-gjatesi-kopie\\\/\",\"url\":\"https:\\\/\\\/www.versiegelung24.com\\\/sq\\\/product\\\/kllape-me-rul-bojesh-colorus-classic-2k-doreze-komode-6mm-per-rula-boje-10-16cm-29cm-gjatesi-kopie\\\/\",\"name\":\"Kllap\u00eb me rul boj\u00eb Colorus CLASSIC 2K Dorez\u00eb komode 6mm p\u00ebr rula boj\u00eb 10-16cm 39cm gjat\u00ebsi - versiegelung24.com\",\"isPartOf\":{\"@id\":\"https:\\\/\\\/www.versiegelung24.com\\\/sq\\\/#website\"},\"primaryImageOfPage\":{\"@id\":\"https:\\\/\\\/www.versiegelung24.com\\\/sq\\\/product\\\/kllape-me-rul-bojesh-colorus-classic-2k-doreze-komode-6mm-per-rula-boje-10-16cm-29cm-gjatesi-kopie\\\/#primaryimage\"},\"image\":{\"@id\":\"https:\\\/\\\/www.versiegelung24.com\\\/sq\\\/product\\\/kllape-me-rul-bojesh-colorus-classic-2k-doreze-komode-6mm-per-rula-boje-10-16cm-29cm-gjatesi-kopie\\\/#primaryimage\"},\"thumbnailUrl\":\"https:\\\/\\\/www.versiegelung24.com\\\/wp-content\\\/uploads\\\/2022\\\/02\\\/produkt-v24-1029-1039-2k-Colorus-Farbwalzen-Buegel-CLASSIC-2K-Comfort-Griff-6mm-fuer-10-16cm-Farbwalzen.jpg\",\"datePublished\":\"2022-02-10T07:13:31+00:00\",\"dateModified\":\"2023-06-19T13:48:43+00:00\",\"breadcrumb\":{\"@id\":\"https:\\\/\\\/www.versiegelung24.com\\\/sq\\\/product\\\/kllape-me-rul-bojesh-colorus-classic-2k-doreze-komode-6mm-per-rula-boje-10-16cm-29cm-gjatesi-kopie\\\/#breadcrumb\"},\"inLanguage\":\"sq-AL\",\"potentialAction\":[{\"@type\":\"ReadAction\",\"target\":[\"https:\\\/\\\/www.versiegelung24.com\\\/sq\\\/product\\\/kllape-me-rul-bojesh-colorus-classic-2k-doreze-komode-6mm-per-rula-boje-10-16cm-29cm-gjatesi-kopie\\\/\"]}]},{\"@type\":\"ImageObject\",\"inLanguage\":\"sq-AL\",\"@id\":\"https:\\\/\\\/www.versiegelung24.com\\\/sq\\\/product\\\/kllape-me-rul-bojesh-colorus-classic-2k-doreze-komode-6mm-per-rula-boje-10-16cm-29cm-gjatesi-kopie\\\/#primaryimage\",\"url\":\"https:\\\/\\\/www.versiegelung24.com\\\/wp-content\\\/uploads\\\/2022\\\/02\\\/produkt-v24-1029-1039-2k-Colorus-Farbwalzen-Buegel-CLASSIC-2K-Comfort-Griff-6mm-fuer-10-16cm-Farbwalzen.jpg\",\"contentUrl\":\"https:\\\/\\\/www.versiegelung24.com\\\/wp-content\\\/uploads\\\/2022\\\/02\\\/produkt-v24-1029-1039-2k-Colorus-Farbwalzen-Buegel-CLASSIC-2K-Comfort-Griff-6mm-fuer-10-16cm-Farbwalzen.jpg\",\"width\":2000,\"height\":2000},{\"@type\":\"BreadcrumbList\",\"@id\":\"https:\\\/\\\/www.versiegelung24.com\\\/sq\\\/product\\\/kllape-me-rul-bojesh-colorus-classic-2k-doreze-komode-6mm-per-rula-boje-10-16cm-29cm-gjatesi-kopie\\\/#breadcrumb\",\"itemListElement\":[{\"@type\":\"ListItem\",\"position\":1,\"name\":\"Faqja kryesore\",\"item\":\"https:\\\/\\\/www.versiegelung24.com\\\/sq\\\/perpara\\\/\"},{\"@type\":\"ListItem\",\"position\":2,\"name\":\"Dyqan\",\"item\":\"https:\\\/\\\/www.versiegelung24.com\\\/sq\\\/dyqan\\\/\"},{\"@type\":\"ListItem\",\"position\":3,\"name\":\"Kllap\u00eb me rul boj\u00eb Colorus CLASSIC 2K Dorez\u00eb komode 6mm p\u00ebr rula boj\u00eb 10-16cm 39cm gjat\u00ebsi\"}]},{\"@type\":\"WebSite\",\"@id\":\"https:\\\/\\\/www.versiegelung24.com\\\/sq\\\/#website\",\"url\":\"https:\\\/\\\/www.versiegelung24.com\\\/sq\\\/\",\"name\":\"versiegelung24.com\",\"description\":\"Fl\u00fcssigglas-Versiegelung - Made in Germany\",\"publisher\":{\"@id\":\"https:\\\/\\\/www.versiegelung24.com\\\/sq\\\/#organization\"},\"potentialAction\":[{\"@type\":\"SearchAction\",\"target\":{\"@type\":\"EntryPoint\",\"urlTemplate\":\"https:\\\/\\\/www.versiegelung24.com\\\/sq\\\/?s={search_term_string}\"},\"query-input\":{\"@type\":\"PropertyValueSpecification\",\"valueRequired\":true,\"valueName\":\"search_term_string\"}}],\"inLanguage\":\"sq-AL\"},{\"@type\":\"Organization\",\"@id\":\"https:\\\/\\\/www.versiegelung24.com\\\/sq\\\/#organization\",\"name\":\"versiegelung24\",\"url\":\"https:\\\/\\\/www.versiegelung24.com\\\/sq\\\/\",\"logo\":{\"@type\":\"ImageObject\",\"inLanguage\":\"sq-AL\",\"@id\":\"https:\\\/\\\/www.versiegelung24.com\\\/sq\\\/#\\\/schema\\\/logo\\\/image\\\/\",\"url\":\"https:\\\/\\\/www.versiegelung24.com\\\/wp-content\\\/uploads\\\/2020\\\/04\\\/versiegelung24.png\",\"contentUrl\":\"https:\\\/\\\/www.versiegelung24.com\\\/wp-content\\\/uploads\\\/2020\\\/04\\\/versiegelung24.png\",\"width\":470,\"height\":102,\"caption\":\"versiegelung24\"},\"image\":{\"@id\":\"https:\\\/\\\/www.versiegelung24.com\\\/sq\\\/#\\\/schema\\\/logo\\\/image\\\/\"}}]}<\/script>\n<meta property=\"product:price:amount\" content=\"2.99\" \/>\n<meta property=\"product:price:currency\" content=\"EUR\" \/>\n<meta property=\"og:availability\" content=\"instock\" \/>\n<meta property=\"product:availability\" content=\"instock\" \/>\n<meta property=\"product:retailer_item_id\" content=\"V24-1039-2K\" \/>\n<meta property=\"product:condition\" content=\"new\" \/>\n<!-- \/ Yoast SEO Premium plugin. -->","yoast_head_json":{"title":"Kllap\u00eb me rul boj\u00eb Colorus CLASSIC 2K Dorez\u00eb komode 6mm p\u00ebr rula boj\u00eb 10-16cm 39cm gjat\u00ebsi - versiegelung24.com","robots":{"index":"index","follow":"follow","max-snippet":"max-snippet:-1","max-image-preview":"max-image-preview:large","max-video-preview":"max-video-preview:-1"},"canonical":"https:\/\/www.versiegelung24.com\/sq\/product\/kllape-me-rul-bojesh-colorus-classic-2k-doreze-komode-6mm-per-rula-boje-10-16cm-29cm-gjatesi-kopie\/","og_locale":"sq_AL","og_type":"article","og_title":"Kllap\u00eb me rul boj\u00eb Colorus CLASSIC 2K Dorez\u00eb komode 6mm p\u00ebr rula boj\u00eb 10-16cm 39cm gjat\u00ebsi","og_description":"Kllapa profesionale e rehatis\u00eb p\u00ebr rulat e radiatorit dhe rulat me sip\u00ebrfaqe t\u00eb vog\u00ebl: \u2713 Me rul 6mm \u2713 Cil\u00ebsi e lart\u00eb","og_url":"https:\/\/www.versiegelung24.com\/sq\/product\/kllape-me-rul-bojesh-colorus-classic-2k-doreze-komode-6mm-per-rula-boje-10-16cm-29cm-gjatesi-kopie\/","og_site_name":"versiegelung24.com","article_modified_time":"2023-06-19T13:48:43+00:00","og_image":[{"width":2000,"height":2000,"url":"https:\/\/www.versiegelung24.com\/wp-content\/uploads\/2022\/02\/produkt-v24-1029-1039-2k-Colorus-Farbwalzen-Buegel-CLASSIC-2K-Comfort-Griff-6mm-fuer-10-16cm-Farbwalzen.jpg","type":"image\/jpeg"}],"twitter_card":"summary_large_image","twitter_misc":{"Price":"2,99&euro;","Availability":"In stock"},"schema":{"@context":"https:\/\/schema.org","@graph":[{"@type":"WebPage","@id":"https:\/\/www.versiegelung24.com\/sq\/product\/kllape-me-rul-bojesh-colorus-classic-2k-doreze-komode-6mm-per-rula-boje-10-16cm-29cm-gjatesi-kopie\/","url":"https:\/\/www.versiegelung24.com\/sq\/product\/kllape-me-rul-bojesh-colorus-classic-2k-doreze-komode-6mm-per-rula-boje-10-16cm-29cm-gjatesi-kopie\/","name":"Kllap\u00eb me rul boj\u00eb Colorus CLASSIC 2K Dorez\u00eb komode 6mm p\u00ebr rula boj\u00eb 10-16cm 39cm gjat\u00ebsi - versiegelung24.com","isPartOf":{"@id":"https:\/\/www.versiegelung24.com\/sq\/#website"},"primaryImageOfPage":{"@id":"https:\/\/www.versiegelung24.com\/sq\/product\/kllape-me-rul-bojesh-colorus-classic-2k-doreze-komode-6mm-per-rula-boje-10-16cm-29cm-gjatesi-kopie\/#primaryimage"},"image":{"@id":"https:\/\/www.versiegelung24.com\/sq\/product\/kllape-me-rul-bojesh-colorus-classic-2k-doreze-komode-6mm-per-rula-boje-10-16cm-29cm-gjatesi-kopie\/#primaryimage"},"thumbnailUrl":"https:\/\/www.versiegelung24.com\/wp-content\/uploads\/2022\/02\/produkt-v24-1029-1039-2k-Colorus-Farbwalzen-Buegel-CLASSIC-2K-Comfort-Griff-6mm-fuer-10-16cm-Farbwalzen.jpg","datePublished":"2022-02-10T07:13:31+00:00","dateModified":"2023-06-19T13:48:43+00:00","breadcrumb":{"@id":"https:\/\/www.versiegelung24.com\/sq\/product\/kllape-me-rul-bojesh-colorus-classic-2k-doreze-komode-6mm-per-rula-boje-10-16cm-29cm-gjatesi-kopie\/#breadcrumb"},"inLanguage":"sq-AL","potentialAction":[{"@type":"ReadAction","target":["https:\/\/www.versiegelung24.com\/sq\/product\/kllape-me-rul-bojesh-colorus-classic-2k-doreze-komode-6mm-per-rula-boje-10-16cm-29cm-gjatesi-kopie\/"]}]},{"@type":"ImageObject","inLanguage":"sq-AL","@id":"https:\/\/www.versiegelung24.com\/sq\/product\/kllape-me-rul-bojesh-colorus-classic-2k-doreze-komode-6mm-per-rula-boje-10-16cm-29cm-gjatesi-kopie\/#primaryimage","url":"https:\/\/www.versiegelung24.com\/wp-content\/uploads\/2022\/02\/produkt-v24-1029-1039-2k-Colorus-Farbwalzen-Buegel-CLASSIC-2K-Comfort-Griff-6mm-fuer-10-16cm-Farbwalzen.jpg","contentUrl":"https:\/\/www.versiegelung24.com\/wp-content\/uploads\/2022\/02\/produkt-v24-1029-1039-2k-Colorus-Farbwalzen-Buegel-CLASSIC-2K-Comfort-Griff-6mm-fuer-10-16cm-Farbwalzen.jpg","width":2000,"height":2000},{"@type":"BreadcrumbList","@id":"https:\/\/www.versiegelung24.com\/sq\/product\/kllape-me-rul-bojesh-colorus-classic-2k-doreze-komode-6mm-per-rula-boje-10-16cm-29cm-gjatesi-kopie\/#breadcrumb","itemListElement":[{"@type":"ListItem","position":1,"name":"Faqja kryesore","item":"https:\/\/www.versiegelung24.com\/sq\/perpara\/"},{"@type":"ListItem","position":2,"name":"Dyqan","item":"https:\/\/www.versiegelung24.com\/sq\/dyqan\/"},{"@type":"ListItem","position":3,"name":"Kllap\u00eb me rul boj\u00eb Colorus CLASSIC 2K Dorez\u00eb komode 6mm p\u00ebr rula boj\u00eb 10-16cm 39cm gjat\u00ebsi"}]},{"@type":"WebSite","@id":"https:\/\/www.versiegelung24.com\/sq\/#website","url":"https:\/\/www.versiegelung24.com\/sq\/","name":"versiegelung24.com","description":"Fl\u00fcssigglas-Versiegelung - Made in Germany","publisher":{"@id":"https:\/\/www.versiegelung24.com\/sq\/#organization"},"potentialAction":[{"@type":"SearchAction","target":{"@type":"EntryPoint","urlTemplate":"https:\/\/www.versiegelung24.com\/sq\/?s={search_term_string}"},"query-input":{"@type":"PropertyValueSpecification","valueRequired":true,"valueName":"search_term_string"}}],"inLanguage":"sq-AL"},{"@type":"Organization","@id":"https:\/\/www.versiegelung24.com\/sq\/#organization","name":"versiegelung24","url":"https:\/\/www.versiegelung24.com\/sq\/","logo":{"@type":"ImageObject","inLanguage":"sq-AL","@id":"https:\/\/www.versiegelung24.com\/sq\/#\/schema\/logo\/image\/","url":"https:\/\/www.versiegelung24.com\/wp-content\/uploads\/2020\/04\/versiegelung24.png","contentUrl":"https:\/\/www.versiegelung24.com\/wp-content\/uploads\/2020\/04\/versiegelung24.png","width":470,"height":102,"caption":"versiegelung24"},"image":{"@id":"https:\/\/www.versiegelung24.com\/sq\/#\/schema\/logo\/image\/"}}]},"product_price_amount":"2.99","product_price_currency":"EUR","og_availability":"instock","product_availability":"instock","product_retailer_item_id":"V24-1039-2K","product_condition":"new"},"_links":{"self":[{"href":"https:\/\/www.versiegelung24.com\/sq\/wp-json\/wp\/v2\/product\/64074","targetHints":{"allow":["GET"]}}],"collection":[{"href":"https:\/\/www.versiegelung24.com\/sq\/wp-json\/wp\/v2\/product"}],"about":[{"href":"https:\/\/www.versiegelung24.com\/sq\/wp-json\/wp\/v2\/types\/product"}],"version-history":[{"count":10,"href":"https:\/\/www.versiegelung24.com\/sq\/wp-json\/wp\/v2\/product\/64074\/revisions"}],"predecessor-version":[{"id":116607,"href":"https:\/\/www.versiegelung24.com\/sq\/wp-json\/wp\/v2\/product\/64074\/revisions\/116607"}],"wp:featuredmedia":[{"embeddable":true,"href":"https:\/\/www.versiegelung24.com\/sq\/wp-json\/wp\/v2\/media\/63944"}],"wp:attachment":[{"href":"https:\/\/www.versiegelung24.com\/sq\/wp-json\/wp\/v2\/media?parent=64074"}],"wp:term":[{"taxonomy":"product_brand","embeddable":true,"href":"https:\/\/www.versiegelung24.com\/sq\/wp-json\/wp\/v2\/product_brand?post=64074"},{"taxonomy":"product_cat","embeddable":true,"href":"https:\/\/www.versiegelung24.com\/sq\/wp-json\/wp\/v2\/product_cat?post=64074"},{"taxonomy":"product_tag","embeddable":true,"href":"https:\/\/www.versiegelung24.com\/sq\/wp-json\/wp\/v2\/product_tag?post=64074"}],"curies":[{"name":"wp","href":"https:\/\/api.w.org\/{rel}","templated":true}]}}