{"id":64214,"date":"2022-02-10T08:36:50","date_gmt":"2022-02-10T07:36:53","guid":{"rendered":"https:\/\/www.versiegelung24.com\/?post_type=product&#038;p=64214"},"modified":"2024-01-12T16:18:14","modified_gmt":"2024-01-12T15:18:14","slug":"kllape-me-rul-boje-colorus-classic-2k-doreze-komode-6mm-per-rula-boje-10-16cm-39cm-gjatesi-kopie","status":"publish","type":"product","link":"https:\/\/www.versiegelung24.com\/sq\/product\/kllape-me-rul-boje-colorus-classic-2k-doreze-komode-6mm-per-rula-boje-10-16cm-39cm-gjatesi-kopie\/","title":{"rendered":"Colorus rul shkum\u00eb me boj\u00eb superfine PLUS K\u00d815 n\u00eb t\u00eb dy an\u00ebt jeshile e drejt\u00eb 11cm"},"content":{"rendered":"\n<h3 class=\"wp-block-heading\" id=\"h-profi-schaumwalze-superfein-beidseitig-gerade-fur-hochwertige-lackierarbeiten-absolute-spitzenqualitat\">Rul profesional i shkum\u00ebs, super i im\u00ebt n\u00eb t\u00eb dyja an\u00ebt DREJT p\u00ebr pun\u00eb lyerje me cil\u00ebsi t\u00eb lart\u00eb. Cil\u00ebsi e lart\u00eb absolute.<\/h3>\n\n<h4 class=\"wp-block-heading\" id=\"properties\">vetit\u00eb e produktit<\/h4>\n\n<ul class=\"wp-block-list\">\n<li>Rrotullat e radiatorit shkum\u00eb me cil\u00ebsi t\u00eb lart\u00eb t\u00eb shk\u00eblqyera me mbaresa t\u00eb drejta n\u00eb t\u00eb dyja an\u00ebt.<\/li>\n\n\n\n<li>Rula radiatori me shkum\u00eb p\u00ebr lyerje perfekte me boj\u00ebra me baz\u00eb uji dhe me baz\u00eb pak tret\u00ebs.<\/li>\n\n\n\n<li>Rola shkum\u00eb absolutisht pa CFC dhe tret\u00ebs me rezistenc\u00eb t\u00eb lart\u00eb n\u00eb shtypje.<\/li>\n\n\n\n<li>B\u00ebrthama \u00d8 15 mm<\/li>\n\n\n\n<li>Kllapa \u00d8 6mm<\/li>\n\n\n\n<li>Totali \u00d8 35mm<\/li>\n<\/ul>\n","protected":false},"excerpt":{"rendered":"<p><strong>Rul profesional i shkum\u00ebs:<\/strong><\/p>\n<p>\u2713 E shk\u00eblqyeshme<\/p>\n<p>\u2713 Drejt nga t\u00eb dyja an\u00ebt p\u00ebr punime lyerje me cil\u00ebsi t\u00eb lart\u00eb<\/p>\n<p>\u2713 Cil\u00ebsi e lart\u00eb absolute.<\/p>\n","protected":false},"featured_media":0,"template":"","meta":{"_acf_changed":false,"neve_meta_sidebar":"","neve_meta_container":"","neve_meta_enable_content_width":"","neve_meta_content_width":0,"neve_meta_title_alignment":"","neve_meta_author_avatar":"","neve_post_elements_order":"","neve_meta_disable_header":"","neve_meta_disable_footer":"","neve_meta_disable_title":"","neve_meta_reading_time":"","_surfaces":[],"_ver_product_tabs":[],"footnotes":""},"product_brand":[],"product_cat":[3065],"product_tag":[],"class_list":{"0":"post-64214","1":"product","2":"type-product","3":"status-publish","5":"product_cat-pajisje","7":"first","8":"outofstock","9":"taxable","10":"shipping-taxable","11":"purchasable","12":"product-type-simple"},"acf":[],"yoast_head":"<!-- This site is optimized with the Yoast SEO Premium plugin v22.8 (Yoast SEO v27.4) - https:\/\/yoast.com\/product\/yoast-seo-premium-wordpress\/ -->\n<title>Colorus rul shkum\u00eb me boj\u00eb superfine PLUS K\u00d815 n\u00eb t\u00eb dy an\u00ebt jeshile e drejt\u00eb 11cm - versiegelung24.com<\/title>\n<meta name=\"robots\" content=\"index, follow, max-snippet:-1, max-image-preview:large, max-video-preview:-1\" \/>\n<link rel=\"canonical\" href=\"https:\/\/www.versiegelung24.com\/sq\/product\/kllape-me-rul-boje-colorus-classic-2k-doreze-komode-6mm-per-rula-boje-10-16cm-39cm-gjatesi-kopie\/\" \/>\n<meta property=\"og:locale\" content=\"sq_AL\" \/>\n<meta property=\"og:type\" content=\"article\" \/>\n<meta property=\"og:title\" content=\"Colorus rul shkum\u00eb me boj\u00eb superfine PLUS K\u00d815 n\u00eb t\u00eb dy an\u00ebt jeshile e drejt\u00eb 11cm\" \/>\n<meta property=\"og:description\" content=\"Rul profesional i shkum\u00ebs: \u2713 E shk\u00eblqyeshme \u2713 Drejt nga t\u00eb dyja an\u00ebt p\u00ebr punime lyerje me cil\u00ebsi t\u00eb lart\u00eb \u2713 Cil\u00ebsi e lart\u00eb absolute.\" \/>\n<meta property=\"og:url\" content=\"https:\/\/www.versiegelung24.com\/sq\/product\/kllape-me-rul-boje-colorus-classic-2k-doreze-komode-6mm-per-rula-boje-10-16cm-39cm-gjatesi-kopie\/\" \/>\n<meta property=\"og:site_name\" content=\"versiegelung24.com\" \/>\n<meta property=\"article:modified_time\" content=\"2024-01-12T15:18:14+00:00\" \/>\n<meta property=\"og:image\" content=\"https:\/\/www.versiegelung24.com\/wp-content\/uploads\/2022\/02\/produkt-v24-162-11-schaumwalze-gerade-superfein-gruen.jpg\" \/>\n\t<meta property=\"og:image:width\" content=\"2000\" \/>\n\t<meta property=\"og:image:height\" content=\"2000\" \/>\n\t<meta property=\"og:image:type\" content=\"image\/jpeg\" \/>\n<meta name=\"twitter:card\" content=\"summary_large_image\" \/>\n<meta name=\"twitter:label1\" content=\"Price\" \/>\n\t<meta name=\"twitter:data1\" content=\"1,39&euro;\" \/>\n\t<meta name=\"twitter:label2\" content=\"Availability\" \/>\n\t<meta name=\"twitter:data2\" content=\"Out of stock\" \/>\n<script type=\"application\/ld+json\" class=\"yoast-schema-graph\">{\"@context\":\"https:\\\/\\\/schema.org\",\"@graph\":[{\"@type\":\"WebPage\",\"@id\":\"https:\\\/\\\/www.versiegelung24.com\\\/sq\\\/product\\\/kllape-me-rul-boje-colorus-classic-2k-doreze-komode-6mm-per-rula-boje-10-16cm-39cm-gjatesi-kopie\\\/\",\"url\":\"https:\\\/\\\/www.versiegelung24.com\\\/sq\\\/product\\\/kllape-me-rul-boje-colorus-classic-2k-doreze-komode-6mm-per-rula-boje-10-16cm-39cm-gjatesi-kopie\\\/\",\"name\":\"Colorus rul shkum\u00eb me boj\u00eb superfine PLUS K\u00d815 n\u00eb t\u00eb dy an\u00ebt jeshile e drejt\u00eb 11cm - versiegelung24.com\",\"isPartOf\":{\"@id\":\"https:\\\/\\\/www.versiegelung24.com\\\/sq\\\/#website\"},\"datePublished\":\"2022-02-10T07:36:53+00:00\",\"dateModified\":\"2024-01-12T15:18:14+00:00\",\"breadcrumb\":{\"@id\":\"https:\\\/\\\/www.versiegelung24.com\\\/sq\\\/product\\\/kllape-me-rul-boje-colorus-classic-2k-doreze-komode-6mm-per-rula-boje-10-16cm-39cm-gjatesi-kopie\\\/#breadcrumb\"},\"inLanguage\":\"sq-AL\",\"potentialAction\":[{\"@type\":\"ReadAction\",\"target\":[\"https:\\\/\\\/www.versiegelung24.com\\\/sq\\\/product\\\/kllape-me-rul-boje-colorus-classic-2k-doreze-komode-6mm-per-rula-boje-10-16cm-39cm-gjatesi-kopie\\\/\"]}]},{\"@type\":\"BreadcrumbList\",\"@id\":\"https:\\\/\\\/www.versiegelung24.com\\\/sq\\\/product\\\/kllape-me-rul-boje-colorus-classic-2k-doreze-komode-6mm-per-rula-boje-10-16cm-39cm-gjatesi-kopie\\\/#breadcrumb\",\"itemListElement\":[{\"@type\":\"ListItem\",\"position\":1,\"name\":\"Faqja kryesore\",\"item\":\"https:\\\/\\\/www.versiegelung24.com\\\/sq\\\/perpara\\\/\"},{\"@type\":\"ListItem\",\"position\":2,\"name\":\"Dyqan\",\"item\":\"https:\\\/\\\/www.versiegelung24.com\\\/sq\\\/dyqan\\\/\"},{\"@type\":\"ListItem\",\"position\":3,\"name\":\"Colorus rul shkum\u00eb me boj\u00eb superfine PLUS K\u00d815 n\u00eb t\u00eb dy an\u00ebt jeshile e drejt\u00eb 11cm\"}]},{\"@type\":\"WebSite\",\"@id\":\"https:\\\/\\\/www.versiegelung24.com\\\/sq\\\/#website\",\"url\":\"https:\\\/\\\/www.versiegelung24.com\\\/sq\\\/\",\"name\":\"versiegelung24.com\",\"description\":\"Fl\u00fcssigglas-Versiegelung - Made in Germany\",\"publisher\":{\"@id\":\"https:\\\/\\\/www.versiegelung24.com\\\/sq\\\/#organization\"},\"potentialAction\":[{\"@type\":\"SearchAction\",\"target\":{\"@type\":\"EntryPoint\",\"urlTemplate\":\"https:\\\/\\\/www.versiegelung24.com\\\/sq\\\/?s={search_term_string}\"},\"query-input\":{\"@type\":\"PropertyValueSpecification\",\"valueRequired\":true,\"valueName\":\"search_term_string\"}}],\"inLanguage\":\"sq-AL\"},{\"@type\":\"Organization\",\"@id\":\"https:\\\/\\\/www.versiegelung24.com\\\/sq\\\/#organization\",\"name\":\"versiegelung24\",\"url\":\"https:\\\/\\\/www.versiegelung24.com\\\/sq\\\/\",\"logo\":{\"@type\":\"ImageObject\",\"inLanguage\":\"sq-AL\",\"@id\":\"https:\\\/\\\/www.versiegelung24.com\\\/sq\\\/#\\\/schema\\\/logo\\\/image\\\/\",\"url\":\"https:\\\/\\\/www.versiegelung24.com\\\/wp-content\\\/uploads\\\/2020\\\/04\\\/versiegelung24.png\",\"contentUrl\":\"https:\\\/\\\/www.versiegelung24.com\\\/wp-content\\\/uploads\\\/2020\\\/04\\\/versiegelung24.png\",\"width\":470,\"height\":102,\"caption\":\"versiegelung24\"},\"image\":{\"@id\":\"https:\\\/\\\/www.versiegelung24.com\\\/sq\\\/#\\\/schema\\\/logo\\\/image\\\/\"}}]}<\/script>\n<meta property=\"product:price:amount\" content=\"1.39\" \/>\n<meta property=\"product:price:currency\" content=\"EUR\" \/>\n<meta property=\"og:availability\" content=\"out of stock\" \/>\n<meta property=\"product:availability\" content=\"out of stock\" \/>\n<meta property=\"product:retailer_item_id\" content=\"V24-162-11\" \/>\n<meta property=\"product:condition\" content=\"new\" \/>\n<!-- \/ Yoast SEO Premium plugin. -->","yoast_head_json":{"title":"Colorus rul shkum\u00eb me boj\u00eb superfine PLUS K\u00d815 n\u00eb t\u00eb dy an\u00ebt jeshile e drejt\u00eb 11cm - versiegelung24.com","robots":{"index":"index","follow":"follow","max-snippet":"max-snippet:-1","max-image-preview":"max-image-preview:large","max-video-preview":"max-video-preview:-1"},"canonical":"https:\/\/www.versiegelung24.com\/sq\/product\/kllape-me-rul-boje-colorus-classic-2k-doreze-komode-6mm-per-rula-boje-10-16cm-39cm-gjatesi-kopie\/","og_locale":"sq_AL","og_type":"article","og_title":"Colorus rul shkum\u00eb me boj\u00eb superfine PLUS K\u00d815 n\u00eb t\u00eb dy an\u00ebt jeshile e drejt\u00eb 11cm","og_description":"Rul profesional i shkum\u00ebs: \u2713 E shk\u00eblqyeshme \u2713 Drejt nga t\u00eb dyja an\u00ebt p\u00ebr punime lyerje me cil\u00ebsi t\u00eb lart\u00eb \u2713 Cil\u00ebsi e lart\u00eb absolute.","og_url":"https:\/\/www.versiegelung24.com\/sq\/product\/kllape-me-rul-boje-colorus-classic-2k-doreze-komode-6mm-per-rula-boje-10-16cm-39cm-gjatesi-kopie\/","og_site_name":"versiegelung24.com","article_modified_time":"2024-01-12T15:18:14+00:00","og_image":[{"width":2000,"height":2000,"url":"https:\/\/www.versiegelung24.com\/wp-content\/uploads\/2022\/02\/produkt-v24-162-11-schaumwalze-gerade-superfein-gruen.jpg","type":"image\/jpeg"}],"twitter_card":"summary_large_image","twitter_misc":{"Price":"1,39&euro;","Availability":"Out of stock"},"schema":{"@context":"https:\/\/schema.org","@graph":[{"@type":"WebPage","@id":"https:\/\/www.versiegelung24.com\/sq\/product\/kllape-me-rul-boje-colorus-classic-2k-doreze-komode-6mm-per-rula-boje-10-16cm-39cm-gjatesi-kopie\/","url":"https:\/\/www.versiegelung24.com\/sq\/product\/kllape-me-rul-boje-colorus-classic-2k-doreze-komode-6mm-per-rula-boje-10-16cm-39cm-gjatesi-kopie\/","name":"Colorus rul shkum\u00eb me boj\u00eb superfine PLUS K\u00d815 n\u00eb t\u00eb dy an\u00ebt jeshile e drejt\u00eb 11cm - versiegelung24.com","isPartOf":{"@id":"https:\/\/www.versiegelung24.com\/sq\/#website"},"datePublished":"2022-02-10T07:36:53+00:00","dateModified":"2024-01-12T15:18:14+00:00","breadcrumb":{"@id":"https:\/\/www.versiegelung24.com\/sq\/product\/kllape-me-rul-boje-colorus-classic-2k-doreze-komode-6mm-per-rula-boje-10-16cm-39cm-gjatesi-kopie\/#breadcrumb"},"inLanguage":"sq-AL","potentialAction":[{"@type":"ReadAction","target":["https:\/\/www.versiegelung24.com\/sq\/product\/kllape-me-rul-boje-colorus-classic-2k-doreze-komode-6mm-per-rula-boje-10-16cm-39cm-gjatesi-kopie\/"]}]},{"@type":"BreadcrumbList","@id":"https:\/\/www.versiegelung24.com\/sq\/product\/kllape-me-rul-boje-colorus-classic-2k-doreze-komode-6mm-per-rula-boje-10-16cm-39cm-gjatesi-kopie\/#breadcrumb","itemListElement":[{"@type":"ListItem","position":1,"name":"Faqja kryesore","item":"https:\/\/www.versiegelung24.com\/sq\/perpara\/"},{"@type":"ListItem","position":2,"name":"Dyqan","item":"https:\/\/www.versiegelung24.com\/sq\/dyqan\/"},{"@type":"ListItem","position":3,"name":"Colorus rul shkum\u00eb me boj\u00eb superfine PLUS K\u00d815 n\u00eb t\u00eb dy an\u00ebt jeshile e drejt\u00eb 11cm"}]},{"@type":"WebSite","@id":"https:\/\/www.versiegelung24.com\/sq\/#website","url":"https:\/\/www.versiegelung24.com\/sq\/","name":"versiegelung24.com","description":"Fl\u00fcssigglas-Versiegelung - Made in Germany","publisher":{"@id":"https:\/\/www.versiegelung24.com\/sq\/#organization"},"potentialAction":[{"@type":"SearchAction","target":{"@type":"EntryPoint","urlTemplate":"https:\/\/www.versiegelung24.com\/sq\/?s={search_term_string}"},"query-input":{"@type":"PropertyValueSpecification","valueRequired":true,"valueName":"search_term_string"}}],"inLanguage":"sq-AL"},{"@type":"Organization","@id":"https:\/\/www.versiegelung24.com\/sq\/#organization","name":"versiegelung24","url":"https:\/\/www.versiegelung24.com\/sq\/","logo":{"@type":"ImageObject","inLanguage":"sq-AL","@id":"https:\/\/www.versiegelung24.com\/sq\/#\/schema\/logo\/image\/","url":"https:\/\/www.versiegelung24.com\/wp-content\/uploads\/2020\/04\/versiegelung24.png","contentUrl":"https:\/\/www.versiegelung24.com\/wp-content\/uploads\/2020\/04\/versiegelung24.png","width":470,"height":102,"caption":"versiegelung24"},"image":{"@id":"https:\/\/www.versiegelung24.com\/sq\/#\/schema\/logo\/image\/"}}]},"product_price_amount":"1.39","product_price_currency":"EUR","og_availability":"out of stock","product_availability":"out of stock","product_retailer_item_id":"V24-162-11","product_condition":"new"},"_links":{"self":[{"href":"https:\/\/www.versiegelung24.com\/sq\/wp-json\/wp\/v2\/product\/64214","targetHints":{"allow":["GET"]}}],"collection":[{"href":"https:\/\/www.versiegelung24.com\/sq\/wp-json\/wp\/v2\/product"}],"about":[{"href":"https:\/\/www.versiegelung24.com\/sq\/wp-json\/wp\/v2\/types\/product"}],"version-history":[{"count":12,"href":"https:\/\/www.versiegelung24.com\/sq\/wp-json\/wp\/v2\/product\/64214\/revisions"}],"predecessor-version":[{"id":141196,"href":"https:\/\/www.versiegelung24.com\/sq\/wp-json\/wp\/v2\/product\/64214\/revisions\/141196"}],"wp:attachment":[{"href":"https:\/\/www.versiegelung24.com\/sq\/wp-json\/wp\/v2\/media?parent=64214"}],"wp:term":[{"taxonomy":"product_brand","embeddable":true,"href":"https:\/\/www.versiegelung24.com\/sq\/wp-json\/wp\/v2\/product_brand?post=64214"},{"taxonomy":"product_cat","embeddable":true,"href":"https:\/\/www.versiegelung24.com\/sq\/wp-json\/wp\/v2\/product_cat?post=64214"},{"taxonomy":"product_tag","embeddable":true,"href":"https:\/\/www.versiegelung24.com\/sq\/wp-json\/wp\/v2\/product_tag?post=64214"}],"curies":[{"name":"wp","href":"https:\/\/api.w.org\/{rel}","templated":true}]}}