{"id":81807,"date":"2022-02-22T13:40:57","date_gmt":"2022-02-22T12:41:01","guid":{"rendered":"https:\/\/www.versiegelung24.com\/?post_type=product&#038;p=81807"},"modified":"2023-06-19T15:46:43","modified_gmt":"2023-06-19T13:46:43","slug":"rul-shkume-me-llak-ngjyre-fine-classic-ko15-ne-te-dy-anet-drejt-e-bardhe-11cm-kopie","status":"publish","type":"product","link":"https:\/\/www.versiegelung24.com\/sq\/product\/rul-shkume-me-llak-ngjyre-fine-classic-ko15-ne-te-dy-anet-drejt-e-bardhe-11cm-kopie\/","title":{"rendered":"Mbrojtja e d\u00ebgjimit SILENCE me kllapa"},"content":{"rendered":"\n<h4 class=\"wp-block-heading\" id=\"h-beschreibung\">p\u00ebrshkrim<\/h4>\n\n<p>Kufje mbrojt\u00ebse nga zhurma sipas EN 352 t\u00eb p\u00ebrshtatshme p\u00ebr t\u00eb gjitha situatat e zhurm\u00ebs. Qoft\u00eb n\u00eb punishte, n\u00eb kantier apo n\u00eb fishekzjarre. Fal\u00eb shiritit fleksib\u00ebl t\u00eb kok\u00ebs dhe funksionit t\u00eb rregullimit, ai p\u00ebrshtatet pothuajse me \u00e7do madh\u00ebsi dhe form\u00eb koke.<\/p>\n\n<hr\/>\n<h4 class=\"wp-block-heading\" id=\"properties\">vetit\u00eb e produktit<\/h4>\n\n<ul class=\"wp-block-list\"><li>Pesh\u00eb e ul\u00ebt dhe q\u00ebndrueshm\u00ebri e lart\u00eb<\/li><li>Kufje sipas EN 352<\/li><li>E leht\u00eb, e rehatshme dhe e p\u00ebrshtatshme<\/li><li>Ideale p\u00ebr t\u00eb gjitha situatat e zhurm\u00ebs pa nivele t\u00eb larta t\u00eb majave<\/li><li>Materiali: Plastike<\/li><li>Ngjyra: e kuqe\/e zez\u00eb<\/li><\/ul>","protected":false},"excerpt":{"rendered":"<p>\u2713 Pesh\u00eb e ul\u00ebt dhe q\u00ebndrueshm\u00ebri e lart\u00eb<\/p>\n<p>\u2713 Kufje sipas EN 352<\/p>\n<p>\u2713 I leht\u00eb, i rehatsh\u00ebm dhe i p\u00ebrshtatsh\u00ebm<\/p>\n<p>\u2713 Optimale p\u00ebr t\u00eb gjitha situatat e zhurm\u00ebs pa nivele t\u00eb larta t\u00eb majave<\/p>\n","protected":false},"featured_media":82190,"template":"","meta":{"_acf_changed":false,"neve_meta_sidebar":"","neve_meta_container":"","neve_meta_enable_content_width":"","neve_meta_content_width":0,"neve_meta_title_alignment":"","neve_meta_author_avatar":"","neve_post_elements_order":"","neve_meta_disable_header":"","neve_meta_disable_footer":"","neve_meta_disable_title":"","neve_meta_reading_time":"","_surfaces":[],"_ver_product_tabs":[],"footnotes":""},"product_brand":[],"product_cat":[3065],"product_tag":[],"class_list":{"0":"post-81807","1":"product","2":"type-product","3":"status-publish","4":"has-post-thumbnail","6":"product_cat-pajisje","8":"first","9":"instock","10":"taxable","11":"shipping-taxable","12":"purchasable","13":"product-type-simple"},"acf":[],"yoast_head":"<!-- This site is optimized with the Yoast SEO Premium plugin v22.8 (Yoast SEO v27.3) - https:\/\/yoast.com\/product\/yoast-seo-premium-wordpress\/ -->\n<title>Mbrojtja e d\u00ebgjimit SILENCE me kllapa - versiegelung24.com<\/title>\n<meta name=\"robots\" content=\"index, follow, max-snippet:-1, max-image-preview:large, max-video-preview:-1\" \/>\n<link rel=\"canonical\" href=\"https:\/\/www.versiegelung24.com\/sq\/product\/rul-shkume-me-llak-ngjyre-fine-classic-ko15-ne-te-dy-anet-drejt-e-bardhe-11cm-kopie\/\" \/>\n<meta property=\"og:locale\" content=\"sq_AL\" \/>\n<meta property=\"og:type\" content=\"article\" \/>\n<meta property=\"og:title\" content=\"Mbrojtja e d\u00ebgjimit SILENCE me kllapa\" \/>\n<meta property=\"og:description\" content=\"\u2713 Pesh\u00eb e ul\u00ebt dhe q\u00ebndrueshm\u00ebri e lart\u00eb \u2713 Kufje sipas EN 352 \u2713 I leht\u00eb, i rehatsh\u00ebm dhe i p\u00ebrshtatsh\u00ebm \u2713 Optimale p\u00ebr t\u00eb gjitha situatat e zhurm\u00ebs pa nivele t\u00eb larta t\u00eb majave\" \/>\n<meta property=\"og:url\" content=\"https:\/\/www.versiegelung24.com\/sq\/product\/rul-shkume-me-llak-ngjyre-fine-classic-ko15-ne-te-dy-anet-drejt-e-bardhe-11cm-kopie\/\" \/>\n<meta property=\"og:site_name\" content=\"versiegelung24.com\" \/>\n<meta property=\"article:modified_time\" content=\"2023-06-19T13:46:43+00:00\" \/>\n<meta property=\"og:image\" content=\"https:\/\/www.versiegelung24.com\/wp-content\/uploads\/2022\/02\/produkt-v24-gs1-gehoerschutz-1.jpg\" \/>\n\t<meta property=\"og:image:width\" content=\"2000\" \/>\n\t<meta property=\"og:image:height\" content=\"2000\" \/>\n\t<meta property=\"og:image:type\" content=\"image\/jpeg\" \/>\n<meta name=\"twitter:card\" content=\"summary_large_image\" \/>\n<meta name=\"twitter:label1\" content=\"Price\" \/>\n\t<meta name=\"twitter:data1\" content=\"4,49&euro;\" \/>\n\t<meta name=\"twitter:label2\" content=\"Availability\" \/>\n\t<meta name=\"twitter:data2\" content=\"In stock\" \/>\n<script type=\"application\/ld+json\" class=\"yoast-schema-graph\">{\"@context\":\"https:\\\/\\\/schema.org\",\"@graph\":[{\"@type\":\"WebPage\",\"@id\":\"https:\\\/\\\/www.versiegelung24.com\\\/sq\\\/product\\\/rul-shkume-me-llak-ngjyre-fine-classic-ko15-ne-te-dy-anet-drejt-e-bardhe-11cm-kopie\\\/\",\"url\":\"https:\\\/\\\/www.versiegelung24.com\\\/sq\\\/product\\\/rul-shkume-me-llak-ngjyre-fine-classic-ko15-ne-te-dy-anet-drejt-e-bardhe-11cm-kopie\\\/\",\"name\":\"Mbrojtja e d\u00ebgjimit SILENCE me kllapa - versiegelung24.com\",\"isPartOf\":{\"@id\":\"https:\\\/\\\/www.versiegelung24.com\\\/sq\\\/#website\"},\"primaryImageOfPage\":{\"@id\":\"https:\\\/\\\/www.versiegelung24.com\\\/sq\\\/product\\\/rul-shkume-me-llak-ngjyre-fine-classic-ko15-ne-te-dy-anet-drejt-e-bardhe-11cm-kopie\\\/#primaryimage\"},\"image\":{\"@id\":\"https:\\\/\\\/www.versiegelung24.com\\\/sq\\\/product\\\/rul-shkume-me-llak-ngjyre-fine-classic-ko15-ne-te-dy-anet-drejt-e-bardhe-11cm-kopie\\\/#primaryimage\"},\"thumbnailUrl\":\"https:\\\/\\\/www.versiegelung24.com\\\/wp-content\\\/uploads\\\/2022\\\/02\\\/produkt-v24-gs1-gehoerschutz-1.jpg\",\"datePublished\":\"2022-02-22T12:41:01+00:00\",\"dateModified\":\"2023-06-19T13:46:43+00:00\",\"breadcrumb\":{\"@id\":\"https:\\\/\\\/www.versiegelung24.com\\\/sq\\\/product\\\/rul-shkume-me-llak-ngjyre-fine-classic-ko15-ne-te-dy-anet-drejt-e-bardhe-11cm-kopie\\\/#breadcrumb\"},\"inLanguage\":\"sq-AL\",\"potentialAction\":[{\"@type\":\"ReadAction\",\"target\":[\"https:\\\/\\\/www.versiegelung24.com\\\/sq\\\/product\\\/rul-shkume-me-llak-ngjyre-fine-classic-ko15-ne-te-dy-anet-drejt-e-bardhe-11cm-kopie\\\/\"]}]},{\"@type\":\"ImageObject\",\"inLanguage\":\"sq-AL\",\"@id\":\"https:\\\/\\\/www.versiegelung24.com\\\/sq\\\/product\\\/rul-shkume-me-llak-ngjyre-fine-classic-ko15-ne-te-dy-anet-drejt-e-bardhe-11cm-kopie\\\/#primaryimage\",\"url\":\"https:\\\/\\\/www.versiegelung24.com\\\/wp-content\\\/uploads\\\/2022\\\/02\\\/produkt-v24-gs1-gehoerschutz-1.jpg\",\"contentUrl\":\"https:\\\/\\\/www.versiegelung24.com\\\/wp-content\\\/uploads\\\/2022\\\/02\\\/produkt-v24-gs1-gehoerschutz-1.jpg\",\"width\":2000,\"height\":2000},{\"@type\":\"BreadcrumbList\",\"@id\":\"https:\\\/\\\/www.versiegelung24.com\\\/sq\\\/product\\\/rul-shkume-me-llak-ngjyre-fine-classic-ko15-ne-te-dy-anet-drejt-e-bardhe-11cm-kopie\\\/#breadcrumb\",\"itemListElement\":[{\"@type\":\"ListItem\",\"position\":1,\"name\":\"Faqja kryesore\",\"item\":\"https:\\\/\\\/www.versiegelung24.com\\\/sq\\\/perpara\\\/\"},{\"@type\":\"ListItem\",\"position\":2,\"name\":\"Dyqan\",\"item\":\"https:\\\/\\\/www.versiegelung24.com\\\/sq\\\/dyqan\\\/\"},{\"@type\":\"ListItem\",\"position\":3,\"name\":\"Mbrojtja e d\u00ebgjimit SILENCE me kllapa\"}]},{\"@type\":\"WebSite\",\"@id\":\"https:\\\/\\\/www.versiegelung24.com\\\/sq\\\/#website\",\"url\":\"https:\\\/\\\/www.versiegelung24.com\\\/sq\\\/\",\"name\":\"versiegelung24.com\",\"description\":\"Fl\u00fcssigglas-Versiegelung - Made in Germany\",\"publisher\":{\"@id\":\"https:\\\/\\\/www.versiegelung24.com\\\/sq\\\/#organization\"},\"potentialAction\":[{\"@type\":\"SearchAction\",\"target\":{\"@type\":\"EntryPoint\",\"urlTemplate\":\"https:\\\/\\\/www.versiegelung24.com\\\/sq\\\/?s={search_term_string}\"},\"query-input\":{\"@type\":\"PropertyValueSpecification\",\"valueRequired\":true,\"valueName\":\"search_term_string\"}}],\"inLanguage\":\"sq-AL\"},{\"@type\":\"Organization\",\"@id\":\"https:\\\/\\\/www.versiegelung24.com\\\/sq\\\/#organization\",\"name\":\"versiegelung24\",\"url\":\"https:\\\/\\\/www.versiegelung24.com\\\/sq\\\/\",\"logo\":{\"@type\":\"ImageObject\",\"inLanguage\":\"sq-AL\",\"@id\":\"https:\\\/\\\/www.versiegelung24.com\\\/sq\\\/#\\\/schema\\\/logo\\\/image\\\/\",\"url\":\"https:\\\/\\\/www.versiegelung24.com\\\/wp-content\\\/uploads\\\/2020\\\/04\\\/versiegelung24.png\",\"contentUrl\":\"https:\\\/\\\/www.versiegelung24.com\\\/wp-content\\\/uploads\\\/2020\\\/04\\\/versiegelung24.png\",\"width\":470,\"height\":102,\"caption\":\"versiegelung24\"},\"image\":{\"@id\":\"https:\\\/\\\/www.versiegelung24.com\\\/sq\\\/#\\\/schema\\\/logo\\\/image\\\/\"}}]}<\/script>\n<meta property=\"product:price:amount\" content=\"4.49\" \/>\n<meta property=\"product:price:currency\" content=\"EUR\" \/>\n<meta property=\"og:availability\" content=\"instock\" \/>\n<meta property=\"product:availability\" content=\"instock\" \/>\n<meta property=\"product:retailer_item_id\" content=\"V24-GS1\" \/>\n<meta property=\"product:condition\" content=\"new\" \/>\n<!-- \/ Yoast SEO Premium plugin. -->","yoast_head_json":{"title":"Mbrojtja e d\u00ebgjimit SILENCE me kllapa - versiegelung24.com","robots":{"index":"index","follow":"follow","max-snippet":"max-snippet:-1","max-image-preview":"max-image-preview:large","max-video-preview":"max-video-preview:-1"},"canonical":"https:\/\/www.versiegelung24.com\/sq\/product\/rul-shkume-me-llak-ngjyre-fine-classic-ko15-ne-te-dy-anet-drejt-e-bardhe-11cm-kopie\/","og_locale":"sq_AL","og_type":"article","og_title":"Mbrojtja e d\u00ebgjimit SILENCE me kllapa","og_description":"\u2713 Pesh\u00eb e ul\u00ebt dhe q\u00ebndrueshm\u00ebri e lart\u00eb \u2713 Kufje sipas EN 352 \u2713 I leht\u00eb, i rehatsh\u00ebm dhe i p\u00ebrshtatsh\u00ebm \u2713 Optimale p\u00ebr t\u00eb gjitha situatat e zhurm\u00ebs pa nivele t\u00eb larta t\u00eb majave","og_url":"https:\/\/www.versiegelung24.com\/sq\/product\/rul-shkume-me-llak-ngjyre-fine-classic-ko15-ne-te-dy-anet-drejt-e-bardhe-11cm-kopie\/","og_site_name":"versiegelung24.com","article_modified_time":"2023-06-19T13:46:43+00:00","og_image":[{"width":2000,"height":2000,"url":"https:\/\/www.versiegelung24.com\/wp-content\/uploads\/2022\/02\/produkt-v24-gs1-gehoerschutz-1.jpg","type":"image\/jpeg"}],"twitter_card":"summary_large_image","twitter_misc":{"Price":"4,49&euro;","Availability":"In stock"},"schema":{"@context":"https:\/\/schema.org","@graph":[{"@type":"WebPage","@id":"https:\/\/www.versiegelung24.com\/sq\/product\/rul-shkume-me-llak-ngjyre-fine-classic-ko15-ne-te-dy-anet-drejt-e-bardhe-11cm-kopie\/","url":"https:\/\/www.versiegelung24.com\/sq\/product\/rul-shkume-me-llak-ngjyre-fine-classic-ko15-ne-te-dy-anet-drejt-e-bardhe-11cm-kopie\/","name":"Mbrojtja e d\u00ebgjimit SILENCE me kllapa - versiegelung24.com","isPartOf":{"@id":"https:\/\/www.versiegelung24.com\/sq\/#website"},"primaryImageOfPage":{"@id":"https:\/\/www.versiegelung24.com\/sq\/product\/rul-shkume-me-llak-ngjyre-fine-classic-ko15-ne-te-dy-anet-drejt-e-bardhe-11cm-kopie\/#primaryimage"},"image":{"@id":"https:\/\/www.versiegelung24.com\/sq\/product\/rul-shkume-me-llak-ngjyre-fine-classic-ko15-ne-te-dy-anet-drejt-e-bardhe-11cm-kopie\/#primaryimage"},"thumbnailUrl":"https:\/\/www.versiegelung24.com\/wp-content\/uploads\/2022\/02\/produkt-v24-gs1-gehoerschutz-1.jpg","datePublished":"2022-02-22T12:41:01+00:00","dateModified":"2023-06-19T13:46:43+00:00","breadcrumb":{"@id":"https:\/\/www.versiegelung24.com\/sq\/product\/rul-shkume-me-llak-ngjyre-fine-classic-ko15-ne-te-dy-anet-drejt-e-bardhe-11cm-kopie\/#breadcrumb"},"inLanguage":"sq-AL","potentialAction":[{"@type":"ReadAction","target":["https:\/\/www.versiegelung24.com\/sq\/product\/rul-shkume-me-llak-ngjyre-fine-classic-ko15-ne-te-dy-anet-drejt-e-bardhe-11cm-kopie\/"]}]},{"@type":"ImageObject","inLanguage":"sq-AL","@id":"https:\/\/www.versiegelung24.com\/sq\/product\/rul-shkume-me-llak-ngjyre-fine-classic-ko15-ne-te-dy-anet-drejt-e-bardhe-11cm-kopie\/#primaryimage","url":"https:\/\/www.versiegelung24.com\/wp-content\/uploads\/2022\/02\/produkt-v24-gs1-gehoerschutz-1.jpg","contentUrl":"https:\/\/www.versiegelung24.com\/wp-content\/uploads\/2022\/02\/produkt-v24-gs1-gehoerschutz-1.jpg","width":2000,"height":2000},{"@type":"BreadcrumbList","@id":"https:\/\/www.versiegelung24.com\/sq\/product\/rul-shkume-me-llak-ngjyre-fine-classic-ko15-ne-te-dy-anet-drejt-e-bardhe-11cm-kopie\/#breadcrumb","itemListElement":[{"@type":"ListItem","position":1,"name":"Faqja kryesore","item":"https:\/\/www.versiegelung24.com\/sq\/perpara\/"},{"@type":"ListItem","position":2,"name":"Dyqan","item":"https:\/\/www.versiegelung24.com\/sq\/dyqan\/"},{"@type":"ListItem","position":3,"name":"Mbrojtja e d\u00ebgjimit SILENCE me kllapa"}]},{"@type":"WebSite","@id":"https:\/\/www.versiegelung24.com\/sq\/#website","url":"https:\/\/www.versiegelung24.com\/sq\/","name":"versiegelung24.com","description":"Fl\u00fcssigglas-Versiegelung - Made in Germany","publisher":{"@id":"https:\/\/www.versiegelung24.com\/sq\/#organization"},"potentialAction":[{"@type":"SearchAction","target":{"@type":"EntryPoint","urlTemplate":"https:\/\/www.versiegelung24.com\/sq\/?s={search_term_string}"},"query-input":{"@type":"PropertyValueSpecification","valueRequired":true,"valueName":"search_term_string"}}],"inLanguage":"sq-AL"},{"@type":"Organization","@id":"https:\/\/www.versiegelung24.com\/sq\/#organization","name":"versiegelung24","url":"https:\/\/www.versiegelung24.com\/sq\/","logo":{"@type":"ImageObject","inLanguage":"sq-AL","@id":"https:\/\/www.versiegelung24.com\/sq\/#\/schema\/logo\/image\/","url":"https:\/\/www.versiegelung24.com\/wp-content\/uploads\/2020\/04\/versiegelung24.png","contentUrl":"https:\/\/www.versiegelung24.com\/wp-content\/uploads\/2020\/04\/versiegelung24.png","width":470,"height":102,"caption":"versiegelung24"},"image":{"@id":"https:\/\/www.versiegelung24.com\/sq\/#\/schema\/logo\/image\/"}}]},"product_price_amount":"4.49","product_price_currency":"EUR","og_availability":"instock","product_availability":"instock","product_retailer_item_id":"V24-GS1","product_condition":"new"},"_links":{"self":[{"href":"https:\/\/www.versiegelung24.com\/sq\/wp-json\/wp\/v2\/product\/81807","targetHints":{"allow":["GET"]}}],"collection":[{"href":"https:\/\/www.versiegelung24.com\/sq\/wp-json\/wp\/v2\/product"}],"about":[{"href":"https:\/\/www.versiegelung24.com\/sq\/wp-json\/wp\/v2\/types\/product"}],"version-history":[{"count":5,"href":"https:\/\/www.versiegelung24.com\/sq\/wp-json\/wp\/v2\/product\/81807\/revisions"}],"predecessor-version":[{"id":111664,"href":"https:\/\/www.versiegelung24.com\/sq\/wp-json\/wp\/v2\/product\/81807\/revisions\/111664"}],"wp:featuredmedia":[{"embeddable":true,"href":"https:\/\/www.versiegelung24.com\/sq\/wp-json\/wp\/v2\/media\/82190"}],"wp:attachment":[{"href":"https:\/\/www.versiegelung24.com\/sq\/wp-json\/wp\/v2\/media?parent=81807"}],"wp:term":[{"taxonomy":"product_brand","embeddable":true,"href":"https:\/\/www.versiegelung24.com\/sq\/wp-json\/wp\/v2\/product_brand?post=81807"},{"taxonomy":"product_cat","embeddable":true,"href":"https:\/\/www.versiegelung24.com\/sq\/wp-json\/wp\/v2\/product_cat?post=81807"},{"taxonomy":"product_tag","embeddable":true,"href":"https:\/\/www.versiegelung24.com\/sq\/wp-json\/wp\/v2\/product_tag?post=81807"}],"curies":[{"name":"wp","href":"https:\/\/api.w.org\/{rel}","templated":true}]}}