{"id":82304,"date":"2022-02-23T12:42:58","date_gmt":"2022-02-23T11:42:58","guid":{"rendered":"https:\/\/www.versiegelung24.com\/produkt\/doreza-pune-me-nitril-te-verdhe-me-pranga-te-thurura\/"},"modified":"2025-12-19T14:35:46","modified_gmt":"2025-12-19T13:35:46","slug":"doreza-pune-nitrile-me-pranga-te-thurura-verdhe","status":"publish","type":"product","link":"https:\/\/www.versiegelung24.com\/sq\/doreza-pune-me-nitril-te-verdhe-me-pranga-te-thurura.html","title":{"rendered":"Doreza pune me nitril t\u00eb verdh\u00eb me pranga t\u00eb thurura"},"content":{"rendered":"\n<h4 class=\"wp-block-heading\" id=\"h-beschreibung\">P\u00ebrshkrim<\/h4>\n\n<p>Doreza universale nitrili p\u00ebr mjedise t\u00eb thata ose t\u00eb lag\u00ebshta. I p\u00ebrshtatsh\u00ebm p\u00ebr pun\u00eb me rrezik t\u00eb mes\u00ebm dhe k\u00ebrkesa t\u00eb larta p\u00ebr g\u00ebrryerje (artizanat, nd\u00ebrtimi, nd\u00ebrtimi i stendave ekspozuese, industria e automobilave, industria e inxhinieris\u00eb mekanike, industria e \u00e7elikut, industria e qelqit, industria ushqimore, bujq\u00ebsia, etj.) EN 420 kategoria II, EN 388<\/p>\n\n<hr \/>\n\n<h4 class=\"wp-block-heading\" id=\"properties\">Karakteristikat e produktit<\/h4>\n\n<div class=\"wp-block-columns is-layout-flex wp-container-core-columns-is-layout-9d6595d7 wp-block-columns-is-layout-flex\">\n<div class=\"wp-block-column is-layout-flow wp-block-column-is-layout-flow\">\n<p>\u2713 E veshur me nitril t\u00eb verdh\u00eb<\/p>\n\n\n\n<p>\u2713 Mbrapa e dor\u00ebs q\u00eb merr frym\u00eb<\/p>\n\n\n\n<p>\u2713 Jasht\u00ebzakonisht komode fal\u00eb p\u00ebrshtatjes s\u00eb p\u00ebrsosur<\/p>\n\n\n\n<p>\u2713 EN 420 Kategoria II, EN 388<\/p>\n\n\n\n<p>\u2713 Rezistenca ndaj g\u00ebrryerjes: niveli i performanc\u00ebs 4<\/p>\n\n\n\n<p>\u2713 Rezistenca e prerjes: niveli i performanc\u00ebs 1<\/p>\n\n\n\n<p>\u2713 Forca e grisjes: niveli i performanc\u00ebs 1<\/p>\n\n\n\n<p>\u2713 Fuqia e shpimit: niveli i fuqis\u00eb 1<\/p>\n\n\n\n<p>\u2713 Madh\u00ebsia: 9<\/p>\n<\/div>\n<\/div>\n","protected":false},"excerpt":{"rendered":"<div class=\"product_text_extra\">\n<p>\u2713 E veshur me nitril t\u00eb verdh\u00eb<\/p>\n<p>\u2713 Mbrapa e dor\u00ebs q\u00eb merr frym\u00eb<\/p>\n<p>\u2713 Jasht\u00ebzakonisht komode fal\u00eb p\u00ebrshtatjes s\u00eb p\u00ebrsosur<\/p>\n<p>\u2713 EN 420 Kategoria II, EN 388<\/p>\n<p>\u2713 Rezistenca ndaj g\u00ebrryerjes: niveli i performanc\u00ebs 4<\/p>\n<\/div>\n","protected":false},"featured_media":82274,"template":"","meta":{"_acf_changed":false,"neve_meta_sidebar":"","neve_meta_container":"","neve_meta_enable_content_width":"","neve_meta_content_width":0,"neve_meta_title_alignment":"","neve_meta_author_avatar":"","neve_post_elements_order":"","neve_meta_disable_header":"","neve_meta_disable_footer":"","neve_meta_disable_title":"","neve_meta_reading_time":"","_surfaces":[],"_ver_product_tabs":[],"footnotes":""},"product_brand":[],"product_cat":[3065],"product_tag":[],"class_list":{"0":"post-82304","1":"product","2":"type-product","3":"status-publish","4":"has-post-thumbnail","6":"product_cat-pajisje","8":"first","9":"instock","10":"taxable","11":"shipping-taxable","12":"purchasable","13":"product-type-simple"},"acf":[],"yoast_head":"<!-- This site is optimized with the Yoast SEO Premium plugin v22.8 (Yoast SEO v27.5) - https:\/\/yoast.com\/product\/yoast-seo-premium-wordpress\/ -->\n<title>Doreza pune me nitril t\u00eb verdh\u00eb me pranga t\u00eb thurura - versiegelung24.com<\/title>\n<meta name=\"robots\" content=\"index, follow, max-snippet:-1, max-image-preview:large, max-video-preview:-1\" \/>\n<link rel=\"canonical\" href=\"https:\/\/www.versiegelung24.com\/sq\/doreza-pune-me-nitril-te-verdhe-me-pranga-te-thurura.html\" \/>\n<meta property=\"og:locale\" content=\"sq_AL\" \/>\n<meta property=\"og:type\" content=\"article\" \/>\n<meta property=\"og:title\" content=\"Doreza pune me nitril t\u00eb verdh\u00eb me pranga t\u00eb thurura\" \/>\n<meta property=\"og:description\" content=\"\u2713 E veshur me nitril t\u00eb verdh\u00eb \u2713 Mbrapa e dor\u00ebs q\u00eb merr frym\u00eb \u2713 Jasht\u00ebzakonisht komode fal\u00eb p\u00ebrshtatjes s\u00eb p\u00ebrsosur \u2713 EN 420 Kategoria II, EN 388 \u2713 Rezistenca ndaj g\u00ebrryerjes: niveli i performanc\u00ebs 4\" \/>\n<meta property=\"og:url\" content=\"https:\/\/www.versiegelung24.com\/sq\/doreza-pune-me-nitril-te-verdhe-me-pranga-te-thurura.html\" \/>\n<meta property=\"og:site_name\" content=\"versiegelung24.com\" \/>\n<meta property=\"article:modified_time\" content=\"2025-12-19T13:35:46+00:00\" \/>\n<meta name=\"twitter:card\" content=\"summary_large_image\" \/>\n<meta name=\"twitter:label1\" content=\"Price\" \/>\n\t<meta name=\"twitter:data1\" content=\"2,69&euro;\" \/>\n\t<meta name=\"twitter:label2\" content=\"Availability\" \/>\n\t<meta name=\"twitter:data2\" content=\"In stock\" \/>\n<script type=\"application\/ld+json\" class=\"yoast-schema-graph\">{\"@context\":\"https:\\\/\\\/schema.org\",\"@graph\":[{\"@type\":\"WebPage\",\"@id\":\"https:\\\/\\\/www.versiegelung24.com\\\/sq\\\/doreza-pune-me-nitril-te-verdhe-me-pranga-te-thurura.html\",\"url\":\"https:\\\/\\\/www.versiegelung24.com\\\/sq\\\/doreza-pune-me-nitril-te-verdhe-me-pranga-te-thurura.html\",\"name\":\"Doreza pune me nitril t\u00eb verdh\u00eb me pranga t\u00eb thurura - versiegelung24.com\",\"isPartOf\":{\"@id\":\"https:\\\/\\\/www.versiegelung24.com\\\/sq\\\/#website\"},\"primaryImageOfPage\":{\"@id\":\"https:\\\/\\\/www.versiegelung24.com\\\/sq\\\/doreza-pune-me-nitril-te-verdhe-me-pranga-te-thurura.html#primaryimage\"},\"image\":{\"@id\":\"https:\\\/\\\/www.versiegelung24.com\\\/sq\\\/doreza-pune-me-nitril-te-verdhe-me-pranga-te-thurura.html#primaryimage\"},\"thumbnailUrl\":\"https:\\\/\\\/www.versiegelung24.com\\\/wp-content\\\/uploads\\\/2022\\\/02\\\/produkt-v24-sb403-10-arbeitshandschuh.jpg\",\"datePublished\":\"2022-02-23T11:42:58+00:00\",\"dateModified\":\"2025-12-19T13:35:46+00:00\",\"breadcrumb\":{\"@id\":\"https:\\\/\\\/www.versiegelung24.com\\\/sq\\\/doreza-pune-me-nitril-te-verdhe-me-pranga-te-thurura.html#breadcrumb\"},\"inLanguage\":\"sq-AL\",\"potentialAction\":[{\"@type\":\"ReadAction\",\"target\":[\"https:\\\/\\\/www.versiegelung24.com\\\/sq\\\/doreza-pune-me-nitril-te-verdhe-me-pranga-te-thurura.html\"]}]},{\"@type\":\"ImageObject\",\"inLanguage\":\"sq-AL\",\"@id\":\"https:\\\/\\\/www.versiegelung24.com\\\/sq\\\/doreza-pune-me-nitril-te-verdhe-me-pranga-te-thurura.html#primaryimage\",\"url\":\"https:\\\/\\\/www.versiegelung24.com\\\/wp-content\\\/uploads\\\/2022\\\/02\\\/produkt-v24-sb403-10-arbeitshandschuh.jpg\",\"contentUrl\":\"https:\\\/\\\/www.versiegelung24.com\\\/wp-content\\\/uploads\\\/2022\\\/02\\\/produkt-v24-sb403-10-arbeitshandschuh.jpg\",\"width\":2000,\"height\":2000},{\"@type\":\"BreadcrumbList\",\"@id\":\"https:\\\/\\\/www.versiegelung24.com\\\/sq\\\/doreza-pune-me-nitril-te-verdhe-me-pranga-te-thurura.html#breadcrumb\",\"itemListElement\":[{\"@type\":\"ListItem\",\"position\":1,\"name\":\"Faqja kryesore\",\"item\":\"https:\\\/\\\/www.versiegelung24.com\\\/sq\\\/perpara\\\/\"},{\"@type\":\"ListItem\",\"position\":2,\"name\":\"Dyqan\",\"item\":\"https:\\\/\\\/www.versiegelung24.com\\\/sq\\\/dyqan\\\/\"},{\"@type\":\"ListItem\",\"position\":3,\"name\":\"Doreza pune me nitril t\u00eb verdh\u00eb me pranga t\u00eb thurura\"}]},{\"@type\":\"WebSite\",\"@id\":\"https:\\\/\\\/www.versiegelung24.com\\\/sq\\\/#website\",\"url\":\"https:\\\/\\\/www.versiegelung24.com\\\/sq\\\/\",\"name\":\"versiegelung24.com\",\"description\":\"Fl\u00fcssigglas-Versiegelung - Made in Germany\",\"publisher\":{\"@id\":\"https:\\\/\\\/www.versiegelung24.com\\\/sq\\\/#organization\"},\"potentialAction\":[{\"@type\":\"SearchAction\",\"target\":{\"@type\":\"EntryPoint\",\"urlTemplate\":\"https:\\\/\\\/www.versiegelung24.com\\\/sq\\\/?s={search_term_string}\"},\"query-input\":{\"@type\":\"PropertyValueSpecification\",\"valueRequired\":true,\"valueName\":\"search_term_string\"}}],\"inLanguage\":\"sq-AL\"},{\"@type\":\"Organization\",\"@id\":\"https:\\\/\\\/www.versiegelung24.com\\\/sq\\\/#organization\",\"name\":\"versiegelung24\",\"url\":\"https:\\\/\\\/www.versiegelung24.com\\\/sq\\\/\",\"logo\":{\"@type\":\"ImageObject\",\"inLanguage\":\"sq-AL\",\"@id\":\"https:\\\/\\\/www.versiegelung24.com\\\/sq\\\/#\\\/schema\\\/logo\\\/image\\\/\",\"url\":\"https:\\\/\\\/www.versiegelung24.com\\\/wp-content\\\/uploads\\\/2020\\\/04\\\/versiegelung24.png\",\"contentUrl\":\"https:\\\/\\\/www.versiegelung24.com\\\/wp-content\\\/uploads\\\/2020\\\/04\\\/versiegelung24.png\",\"width\":470,\"height\":102,\"caption\":\"versiegelung24\"},\"image\":{\"@id\":\"https:\\\/\\\/www.versiegelung24.com\\\/sq\\\/#\\\/schema\\\/logo\\\/image\\\/\"}}]}<\/script>\n<meta property=\"product:price:amount\" content=\"2.69\" \/>\n<meta property=\"product:price:currency\" content=\"EUR\" \/>\n<meta property=\"og:availability\" content=\"instock\" \/>\n<meta property=\"product:availability\" content=\"instock\" \/>\n<meta property=\"product:retailer_item_id\" content=\"V24-SB403-10\" \/>\n<meta property=\"product:condition\" content=\"new\" \/>\n<!-- \/ Yoast SEO Premium plugin. -->","yoast_head_json":{"title":"Doreza pune me nitril t\u00eb verdh\u00eb me pranga t\u00eb thurura - versiegelung24.com","robots":{"index":"index","follow":"follow","max-snippet":"max-snippet:-1","max-image-preview":"max-image-preview:large","max-video-preview":"max-video-preview:-1"},"canonical":"https:\/\/www.versiegelung24.com\/sq\/doreza-pune-me-nitril-te-verdhe-me-pranga-te-thurura.html","og_locale":"sq_AL","og_type":"article","og_title":"Doreza pune me nitril t\u00eb verdh\u00eb me pranga t\u00eb thurura","og_description":"\u2713 E veshur me nitril t\u00eb verdh\u00eb \u2713 Mbrapa e dor\u00ebs q\u00eb merr frym\u00eb \u2713 Jasht\u00ebzakonisht komode fal\u00eb p\u00ebrshtatjes s\u00eb p\u00ebrsosur \u2713 EN 420 Kategoria II, EN 388 \u2713 Rezistenca ndaj g\u00ebrryerjes: niveli i performanc\u00ebs 4","og_url":"https:\/\/www.versiegelung24.com\/sq\/doreza-pune-me-nitril-te-verdhe-me-pranga-te-thurura.html","og_site_name":"versiegelung24.com","article_modified_time":"2025-12-19T13:35:46+00:00","twitter_card":"summary_large_image","twitter_misc":{"Price":"2,69&euro;","Availability":"In stock"},"schema":{"@context":"https:\/\/schema.org","@graph":[{"@type":"WebPage","@id":"https:\/\/www.versiegelung24.com\/sq\/doreza-pune-me-nitril-te-verdhe-me-pranga-te-thurura.html","url":"https:\/\/www.versiegelung24.com\/sq\/doreza-pune-me-nitril-te-verdhe-me-pranga-te-thurura.html","name":"Doreza pune me nitril t\u00eb verdh\u00eb me pranga t\u00eb thurura - versiegelung24.com","isPartOf":{"@id":"https:\/\/www.versiegelung24.com\/sq\/#website"},"primaryImageOfPage":{"@id":"https:\/\/www.versiegelung24.com\/sq\/doreza-pune-me-nitril-te-verdhe-me-pranga-te-thurura.html#primaryimage"},"image":{"@id":"https:\/\/www.versiegelung24.com\/sq\/doreza-pune-me-nitril-te-verdhe-me-pranga-te-thurura.html#primaryimage"},"thumbnailUrl":"https:\/\/www.versiegelung24.com\/wp-content\/uploads\/2022\/02\/produkt-v24-sb403-10-arbeitshandschuh.jpg","datePublished":"2022-02-23T11:42:58+00:00","dateModified":"2025-12-19T13:35:46+00:00","breadcrumb":{"@id":"https:\/\/www.versiegelung24.com\/sq\/doreza-pune-me-nitril-te-verdhe-me-pranga-te-thurura.html#breadcrumb"},"inLanguage":"sq-AL","potentialAction":[{"@type":"ReadAction","target":["https:\/\/www.versiegelung24.com\/sq\/doreza-pune-me-nitril-te-verdhe-me-pranga-te-thurura.html"]}]},{"@type":"ImageObject","inLanguage":"sq-AL","@id":"https:\/\/www.versiegelung24.com\/sq\/doreza-pune-me-nitril-te-verdhe-me-pranga-te-thurura.html#primaryimage","url":"https:\/\/www.versiegelung24.com\/wp-content\/uploads\/2022\/02\/produkt-v24-sb403-10-arbeitshandschuh.jpg","contentUrl":"https:\/\/www.versiegelung24.com\/wp-content\/uploads\/2022\/02\/produkt-v24-sb403-10-arbeitshandschuh.jpg","width":2000,"height":2000},{"@type":"BreadcrumbList","@id":"https:\/\/www.versiegelung24.com\/sq\/doreza-pune-me-nitril-te-verdhe-me-pranga-te-thurura.html#breadcrumb","itemListElement":[{"@type":"ListItem","position":1,"name":"Faqja kryesore","item":"https:\/\/www.versiegelung24.com\/sq\/perpara\/"},{"@type":"ListItem","position":2,"name":"Dyqan","item":"https:\/\/www.versiegelung24.com\/sq\/dyqan\/"},{"@type":"ListItem","position":3,"name":"Doreza pune me nitril t\u00eb verdh\u00eb me pranga t\u00eb thurura"}]},{"@type":"WebSite","@id":"https:\/\/www.versiegelung24.com\/sq\/#website","url":"https:\/\/www.versiegelung24.com\/sq\/","name":"versiegelung24.com","description":"Fl\u00fcssigglas-Versiegelung - Made in Germany","publisher":{"@id":"https:\/\/www.versiegelung24.com\/sq\/#organization"},"potentialAction":[{"@type":"SearchAction","target":{"@type":"EntryPoint","urlTemplate":"https:\/\/www.versiegelung24.com\/sq\/?s={search_term_string}"},"query-input":{"@type":"PropertyValueSpecification","valueRequired":true,"valueName":"search_term_string"}}],"inLanguage":"sq-AL"},{"@type":"Organization","@id":"https:\/\/www.versiegelung24.com\/sq\/#organization","name":"versiegelung24","url":"https:\/\/www.versiegelung24.com\/sq\/","logo":{"@type":"ImageObject","inLanguage":"sq-AL","@id":"https:\/\/www.versiegelung24.com\/sq\/#\/schema\/logo\/image\/","url":"https:\/\/www.versiegelung24.com\/wp-content\/uploads\/2020\/04\/versiegelung24.png","contentUrl":"https:\/\/www.versiegelung24.com\/wp-content\/uploads\/2020\/04\/versiegelung24.png","width":470,"height":102,"caption":"versiegelung24"},"image":{"@id":"https:\/\/www.versiegelung24.com\/sq\/#\/schema\/logo\/image\/"}}]},"product_price_amount":"2.69","product_price_currency":"EUR","og_availability":"instock","product_availability":"instock","product_retailer_item_id":"V24-SB403-10","product_condition":"new"},"_links":{"self":[{"href":"https:\/\/www.versiegelung24.com\/sq\/wp-json\/wp\/v2\/product\/82304","targetHints":{"allow":["GET"]}}],"collection":[{"href":"https:\/\/www.versiegelung24.com\/sq\/wp-json\/wp\/v2\/product"}],"about":[{"href":"https:\/\/www.versiegelung24.com\/sq\/wp-json\/wp\/v2\/types\/product"}],"version-history":[{"count":12,"href":"https:\/\/www.versiegelung24.com\/sq\/wp-json\/wp\/v2\/product\/82304\/revisions"}],"predecessor-version":[{"id":180763,"href":"https:\/\/www.versiegelung24.com\/sq\/wp-json\/wp\/v2\/product\/82304\/revisions\/180763"}],"wp:featuredmedia":[{"embeddable":true,"href":"https:\/\/www.versiegelung24.com\/sq\/wp-json\/wp\/v2\/media\/82274"}],"wp:attachment":[{"href":"https:\/\/www.versiegelung24.com\/sq\/wp-json\/wp\/v2\/media?parent=82304"}],"wp:term":[{"taxonomy":"product_brand","embeddable":true,"href":"https:\/\/www.versiegelung24.com\/sq\/wp-json\/wp\/v2\/product_brand?post=82304"},{"taxonomy":"product_cat","embeddable":true,"href":"https:\/\/www.versiegelung24.com\/sq\/wp-json\/wp\/v2\/product_cat?post=82304"},{"taxonomy":"product_tag","embeddable":true,"href":"https:\/\/www.versiegelung24.com\/sq\/wp-json\/wp\/v2\/product_tag?post=82304"}],"curies":[{"name":"wp","href":"https:\/\/api.w.org\/{rel}","templated":true}]}}