{"id":92026,"date":"2022-06-27T17:11:54","date_gmt":"2022-06-27T15:12:06","guid":{"rendered":"https:\/\/www.versiegelung24.com\/produkt\/koke-sperkates-shtese-per-vula-1-liter\/"},"modified":"2023-06-19T15:40:41","modified_gmt":"2023-06-19T13:40:41","slug":"koke-sperkates-shtese-per-vula-1-liter","status":"publish","type":"product","link":"https:\/\/www.versiegelung24.com\/sq\/koke-sperkates-shtese-per-vula-1-liter.html","title":{"rendered":"kok\u00eb sp\u00ebrkat\u00ebse z\u00ebvend\u00ebsuese"},"content":{"rendered":"\n<p>Kok\u00eb sp\u00ebrkat\u00ebs z\u00ebvend\u00ebsuese ose shtes\u00eb p\u00ebr mbylljen e 24 shisheve 1 lit\u00ebr.<\/p>\n\n<p>Figura tregon imazhin e ikon\u00ebs. Dor\u00ebzimi i ngjash\u00ebm \u00ebsht\u00eb i mundur.<\/p>\n","protected":false},"excerpt":{"rendered":"<p>Kok\u00eb sp\u00ebrkat\u00ebs z\u00ebvend\u00ebsuese ose shtes\u00eb p\u00ebr mbylljen e 24 shisheve 1 lit\u00ebr.<\/p>\n","protected":false},"featured_media":92132,"template":"","meta":{"_acf_changed":false,"neve_meta_sidebar":"","neve_meta_container":"","neve_meta_enable_content_width":"","neve_meta_content_width":0,"neve_meta_title_alignment":"","neve_meta_author_avatar":"","neve_post_elements_order":"","neve_meta_disable_header":"","neve_meta_disable_footer":"","neve_meta_disable_title":"","neve_meta_reading_time":"","_surfaces":[],"_ver_product_tabs":[],"footnotes":""},"product_brand":[],"product_cat":[3065],"product_tag":[],"class_list":{"0":"post-92026","1":"product","2":"type-product","3":"status-publish","4":"has-post-thumbnail","6":"product_cat-pajisje","8":"first","9":"instock","10":"taxable","11":"shipping-taxable","12":"purchasable","13":"product-type-simple"},"acf":[],"yoast_head":"<!-- This site is optimized with the Yoast SEO Premium plugin v22.8 (Yoast SEO v27.4) - https:\/\/yoast.com\/product\/yoast-seo-premium-wordpress\/ -->\n<title>kok\u00eb sp\u00ebrkat\u00ebse z\u00ebvend\u00ebsuese - versiegelung24.com<\/title>\n<meta name=\"robots\" content=\"index, follow, max-snippet:-1, max-image-preview:large, max-video-preview:-1\" \/>\n<link rel=\"canonical\" href=\"https:\/\/www.versiegelung24.com\/sq\/koke-sperkates-shtese-per-vula-1-liter.html\" \/>\n<meta property=\"og:locale\" content=\"sq_AL\" \/>\n<meta property=\"og:type\" content=\"article\" \/>\n<meta property=\"og:title\" content=\"kok\u00eb sp\u00ebrkat\u00ebse z\u00ebvend\u00ebsuese\" \/>\n<meta property=\"og:description\" content=\"Kok\u00eb sp\u00ebrkat\u00ebs z\u00ebvend\u00ebsuese ose shtes\u00eb p\u00ebr mbylljen e 24 shisheve 1 lit\u00ebr.\" \/>\n<meta property=\"og:url\" content=\"https:\/\/www.versiegelung24.com\/sq\/koke-sperkates-shtese-per-vula-1-liter.html\" \/>\n<meta property=\"og:site_name\" content=\"versiegelung24.com\" \/>\n<meta property=\"article:modified_time\" content=\"2023-06-19T13:40:41+00:00\" \/>\n<meta property=\"og:image\" content=\"https:\/\/www.versiegelung24.com\/wp-content\/uploads\/2022\/06\/spruehkopf-weiss-1l.png\" \/>\n\t<meta property=\"og:image:width\" content=\"1024\" \/>\n\t<meta property=\"og:image:height\" content=\"1024\" \/>\n\t<meta property=\"og:image:type\" content=\"image\/png\" \/>\n<meta name=\"twitter:card\" content=\"summary_large_image\" \/>\n<meta name=\"twitter:label1\" content=\"Price\" \/>\n\t<meta name=\"twitter:data1\" content=\"2,99&euro;\" \/>\n\t<meta name=\"twitter:label2\" content=\"Availability\" \/>\n\t<meta name=\"twitter:data2\" content=\"In stock\" \/>\n<script type=\"application\/ld+json\" class=\"yoast-schema-graph\">{\"@context\":\"https:\\\/\\\/schema.org\",\"@graph\":[{\"@type\":\"WebPage\",\"@id\":\"https:\\\/\\\/www.versiegelung24.com\\\/sq\\\/koke-sperkates-shtese-per-vula-1-liter.html\",\"url\":\"https:\\\/\\\/www.versiegelung24.com\\\/sq\\\/koke-sperkates-shtese-per-vula-1-liter.html\",\"name\":\"kok\u00eb sp\u00ebrkat\u00ebse z\u00ebvend\u00ebsuese - versiegelung24.com\",\"isPartOf\":{\"@id\":\"https:\\\/\\\/www.versiegelung24.com\\\/sq\\\/#website\"},\"primaryImageOfPage\":{\"@id\":\"https:\\\/\\\/www.versiegelung24.com\\\/sq\\\/koke-sperkates-shtese-per-vula-1-liter.html#primaryimage\"},\"image\":{\"@id\":\"https:\\\/\\\/www.versiegelung24.com\\\/sq\\\/koke-sperkates-shtese-per-vula-1-liter.html#primaryimage\"},\"thumbnailUrl\":\"https:\\\/\\\/www.versiegelung24.com\\\/wp-content\\\/uploads\\\/2022\\\/06\\\/spruehkopf-weiss-1l.png\",\"datePublished\":\"2022-06-27T15:12:06+00:00\",\"dateModified\":\"2023-06-19T13:40:41+00:00\",\"breadcrumb\":{\"@id\":\"https:\\\/\\\/www.versiegelung24.com\\\/sq\\\/koke-sperkates-shtese-per-vula-1-liter.html#breadcrumb\"},\"inLanguage\":\"sq-AL\",\"potentialAction\":[{\"@type\":\"ReadAction\",\"target\":[\"https:\\\/\\\/www.versiegelung24.com\\\/sq\\\/koke-sperkates-shtese-per-vula-1-liter.html\"]}]},{\"@type\":\"ImageObject\",\"inLanguage\":\"sq-AL\",\"@id\":\"https:\\\/\\\/www.versiegelung24.com\\\/sq\\\/koke-sperkates-shtese-per-vula-1-liter.html#primaryimage\",\"url\":\"https:\\\/\\\/www.versiegelung24.com\\\/wp-content\\\/uploads\\\/2022\\\/06\\\/spruehkopf-weiss-1l.png\",\"contentUrl\":\"https:\\\/\\\/www.versiegelung24.com\\\/wp-content\\\/uploads\\\/2022\\\/06\\\/spruehkopf-weiss-1l.png\",\"width\":1024,\"height\":1024},{\"@type\":\"BreadcrumbList\",\"@id\":\"https:\\\/\\\/www.versiegelung24.com\\\/sq\\\/koke-sperkates-shtese-per-vula-1-liter.html#breadcrumb\",\"itemListElement\":[{\"@type\":\"ListItem\",\"position\":1,\"name\":\"Faqja kryesore\",\"item\":\"https:\\\/\\\/www.versiegelung24.com\\\/sq\\\/perpara\\\/\"},{\"@type\":\"ListItem\",\"position\":2,\"name\":\"Dyqan\",\"item\":\"https:\\\/\\\/www.versiegelung24.com\\\/sq\\\/dyqan\\\/\"},{\"@type\":\"ListItem\",\"position\":3,\"name\":\"kok\u00eb sp\u00ebrkat\u00ebse z\u00ebvend\u00ebsuese\"}]},{\"@type\":\"WebSite\",\"@id\":\"https:\\\/\\\/www.versiegelung24.com\\\/sq\\\/#website\",\"url\":\"https:\\\/\\\/www.versiegelung24.com\\\/sq\\\/\",\"name\":\"versiegelung24.com\",\"description\":\"Fl\u00fcssigglas-Versiegelung - Made in Germany\",\"publisher\":{\"@id\":\"https:\\\/\\\/www.versiegelung24.com\\\/sq\\\/#organization\"},\"potentialAction\":[{\"@type\":\"SearchAction\",\"target\":{\"@type\":\"EntryPoint\",\"urlTemplate\":\"https:\\\/\\\/www.versiegelung24.com\\\/sq\\\/?s={search_term_string}\"},\"query-input\":{\"@type\":\"PropertyValueSpecification\",\"valueRequired\":true,\"valueName\":\"search_term_string\"}}],\"inLanguage\":\"sq-AL\"},{\"@type\":\"Organization\",\"@id\":\"https:\\\/\\\/www.versiegelung24.com\\\/sq\\\/#organization\",\"name\":\"versiegelung24\",\"url\":\"https:\\\/\\\/www.versiegelung24.com\\\/sq\\\/\",\"logo\":{\"@type\":\"ImageObject\",\"inLanguage\":\"sq-AL\",\"@id\":\"https:\\\/\\\/www.versiegelung24.com\\\/sq\\\/#\\\/schema\\\/logo\\\/image\\\/\",\"url\":\"https:\\\/\\\/www.versiegelung24.com\\\/wp-content\\\/uploads\\\/2020\\\/04\\\/versiegelung24.png\",\"contentUrl\":\"https:\\\/\\\/www.versiegelung24.com\\\/wp-content\\\/uploads\\\/2020\\\/04\\\/versiegelung24.png\",\"width\":470,\"height\":102,\"caption\":\"versiegelung24\"},\"image\":{\"@id\":\"https:\\\/\\\/www.versiegelung24.com\\\/sq\\\/#\\\/schema\\\/logo\\\/image\\\/\"}}]}<\/script>\n<meta property=\"product:price:amount\" content=\"2.99\" \/>\n<meta property=\"product:price:currency\" content=\"EUR\" \/>\n<meta property=\"og:availability\" content=\"instock\" \/>\n<meta property=\"product:availability\" content=\"instock\" \/>\n<meta property=\"product:retailer_item_id\" content=\"v24-spruehkopf-1l\" \/>\n<meta property=\"product:condition\" content=\"new\" \/>\n<!-- \/ Yoast SEO Premium plugin. -->","yoast_head_json":{"title":"kok\u00eb sp\u00ebrkat\u00ebse z\u00ebvend\u00ebsuese - versiegelung24.com","robots":{"index":"index","follow":"follow","max-snippet":"max-snippet:-1","max-image-preview":"max-image-preview:large","max-video-preview":"max-video-preview:-1"},"canonical":"https:\/\/www.versiegelung24.com\/sq\/koke-sperkates-shtese-per-vula-1-liter.html","og_locale":"sq_AL","og_type":"article","og_title":"kok\u00eb sp\u00ebrkat\u00ebse z\u00ebvend\u00ebsuese","og_description":"Kok\u00eb sp\u00ebrkat\u00ebs z\u00ebvend\u00ebsuese ose shtes\u00eb p\u00ebr mbylljen e 24 shisheve 1 lit\u00ebr.","og_url":"https:\/\/www.versiegelung24.com\/sq\/koke-sperkates-shtese-per-vula-1-liter.html","og_site_name":"versiegelung24.com","article_modified_time":"2023-06-19T13:40:41+00:00","og_image":[{"width":1024,"height":1024,"url":"https:\/\/www.versiegelung24.com\/wp-content\/uploads\/2022\/06\/spruehkopf-weiss-1l.png","type":"image\/png"}],"twitter_card":"summary_large_image","twitter_misc":{"Price":"2,99&euro;","Availability":"In stock"},"schema":{"@context":"https:\/\/schema.org","@graph":[{"@type":"WebPage","@id":"https:\/\/www.versiegelung24.com\/sq\/koke-sperkates-shtese-per-vula-1-liter.html","url":"https:\/\/www.versiegelung24.com\/sq\/koke-sperkates-shtese-per-vula-1-liter.html","name":"kok\u00eb sp\u00ebrkat\u00ebse z\u00ebvend\u00ebsuese - versiegelung24.com","isPartOf":{"@id":"https:\/\/www.versiegelung24.com\/sq\/#website"},"primaryImageOfPage":{"@id":"https:\/\/www.versiegelung24.com\/sq\/koke-sperkates-shtese-per-vula-1-liter.html#primaryimage"},"image":{"@id":"https:\/\/www.versiegelung24.com\/sq\/koke-sperkates-shtese-per-vula-1-liter.html#primaryimage"},"thumbnailUrl":"https:\/\/www.versiegelung24.com\/wp-content\/uploads\/2022\/06\/spruehkopf-weiss-1l.png","datePublished":"2022-06-27T15:12:06+00:00","dateModified":"2023-06-19T13:40:41+00:00","breadcrumb":{"@id":"https:\/\/www.versiegelung24.com\/sq\/koke-sperkates-shtese-per-vula-1-liter.html#breadcrumb"},"inLanguage":"sq-AL","potentialAction":[{"@type":"ReadAction","target":["https:\/\/www.versiegelung24.com\/sq\/koke-sperkates-shtese-per-vula-1-liter.html"]}]},{"@type":"ImageObject","inLanguage":"sq-AL","@id":"https:\/\/www.versiegelung24.com\/sq\/koke-sperkates-shtese-per-vula-1-liter.html#primaryimage","url":"https:\/\/www.versiegelung24.com\/wp-content\/uploads\/2022\/06\/spruehkopf-weiss-1l.png","contentUrl":"https:\/\/www.versiegelung24.com\/wp-content\/uploads\/2022\/06\/spruehkopf-weiss-1l.png","width":1024,"height":1024},{"@type":"BreadcrumbList","@id":"https:\/\/www.versiegelung24.com\/sq\/koke-sperkates-shtese-per-vula-1-liter.html#breadcrumb","itemListElement":[{"@type":"ListItem","position":1,"name":"Faqja kryesore","item":"https:\/\/www.versiegelung24.com\/sq\/perpara\/"},{"@type":"ListItem","position":2,"name":"Dyqan","item":"https:\/\/www.versiegelung24.com\/sq\/dyqan\/"},{"@type":"ListItem","position":3,"name":"kok\u00eb sp\u00ebrkat\u00ebse z\u00ebvend\u00ebsuese"}]},{"@type":"WebSite","@id":"https:\/\/www.versiegelung24.com\/sq\/#website","url":"https:\/\/www.versiegelung24.com\/sq\/","name":"versiegelung24.com","description":"Fl\u00fcssigglas-Versiegelung - Made in Germany","publisher":{"@id":"https:\/\/www.versiegelung24.com\/sq\/#organization"},"potentialAction":[{"@type":"SearchAction","target":{"@type":"EntryPoint","urlTemplate":"https:\/\/www.versiegelung24.com\/sq\/?s={search_term_string}"},"query-input":{"@type":"PropertyValueSpecification","valueRequired":true,"valueName":"search_term_string"}}],"inLanguage":"sq-AL"},{"@type":"Organization","@id":"https:\/\/www.versiegelung24.com\/sq\/#organization","name":"versiegelung24","url":"https:\/\/www.versiegelung24.com\/sq\/","logo":{"@type":"ImageObject","inLanguage":"sq-AL","@id":"https:\/\/www.versiegelung24.com\/sq\/#\/schema\/logo\/image\/","url":"https:\/\/www.versiegelung24.com\/wp-content\/uploads\/2020\/04\/versiegelung24.png","contentUrl":"https:\/\/www.versiegelung24.com\/wp-content\/uploads\/2020\/04\/versiegelung24.png","width":470,"height":102,"caption":"versiegelung24"},"image":{"@id":"https:\/\/www.versiegelung24.com\/sq\/#\/schema\/logo\/image\/"}}]},"product_price_amount":"2.99","product_price_currency":"EUR","og_availability":"instock","product_availability":"instock","product_retailer_item_id":"v24-spruehkopf-1l","product_condition":"new"},"_links":{"self":[{"href":"https:\/\/www.versiegelung24.com\/sq\/wp-json\/wp\/v2\/product\/92026","targetHints":{"allow":["GET"]}}],"collection":[{"href":"https:\/\/www.versiegelung24.com\/sq\/wp-json\/wp\/v2\/product"}],"about":[{"href":"https:\/\/www.versiegelung24.com\/sq\/wp-json\/wp\/v2\/types\/product"}],"version-history":[{"count":8,"href":"https:\/\/www.versiegelung24.com\/sq\/wp-json\/wp\/v2\/product\/92026\/revisions"}],"predecessor-version":[{"id":92305,"href":"https:\/\/www.versiegelung24.com\/sq\/wp-json\/wp\/v2\/product\/92026\/revisions\/92305"}],"wp:featuredmedia":[{"embeddable":true,"href":"https:\/\/www.versiegelung24.com\/sq\/wp-json\/wp\/v2\/media\/92132"}],"wp:attachment":[{"href":"https:\/\/www.versiegelung24.com\/sq\/wp-json\/wp\/v2\/media?parent=92026"}],"wp:term":[{"taxonomy":"product_brand","embeddable":true,"href":"https:\/\/www.versiegelung24.com\/sq\/wp-json\/wp\/v2\/product_brand?post=92026"},{"taxonomy":"product_cat","embeddable":true,"href":"https:\/\/www.versiegelung24.com\/sq\/wp-json\/wp\/v2\/product_cat?post=92026"},{"taxonomy":"product_tag","embeddable":true,"href":"https:\/\/www.versiegelung24.com\/sq\/wp-json\/wp\/v2\/product_tag?post=92026"}],"curies":[{"name":"wp","href":"https:\/\/api.w.org\/{rel}","templated":true}]}}