{"id":93769,"date":"2022-10-21T16:49:10","date_gmt":"2022-10-21T14:49:10","guid":{"rendered":"https:\/\/www.versiegelung24.com\/?post_type=product&#038;p=93769"},"modified":"2025-03-31T14:58:34","modified_gmt":"2025-03-31T12:58:34","slug":"sfungjer-aplikimi-95x40x23mm","status":"publish","type":"product","link":"https:\/\/www.versiegelung24.com\/sq\/pelhure-mikrofibre-40x40cm-per-parapastrim-ose-lustrim-e-verdhe-kopie.html","title":{"rendered":"Sfungjeri i aplikimit 95x40x23mm"},"content":{"rendered":"\n<p>Sfungjer p\u00ebr aplikim <\/p>\n\n<p>Ideale p\u00ebr t&#8217;u p\u00ebrdorur n\u00eb kombinim me leck\u00ebn ton\u00eb me <a href=\"https:\/\/www.versiegelung24.com\/applikationstuch-20x20cm.html\">mikrofib\u00ebr p\u00ebr aplikimin e ngjit\u00ebsve tan\u00eb t\u00eb l\u00ebngsh\u00ebm t\u00eb xhamit<\/a><\/p>\n\n<p>Ne rekomandojm\u00eb p\u00ebrdorimin e nj\u00eb leck\u00eb t\u00eb ve\u00e7ant\u00eb mikrofib\u00ebr p\u00ebr \u00e7do hap t\u00eb aplikimit t\u00eb ngjit\u00ebsve dhe impregnimeve tona sip\u00ebrfaq\u00ebsore.<\/p>\n\n<p>Duke p\u00ebrdorur sfungjerin e aplikimit n\u00eb kombinim me leckat tona me mikrofib\u00ebr, \u00ebsht\u00eb e mundur t\u00eb dozoni dhe optimizoni aplikimin ose lustrimin, n\u00eb var\u00ebsi t\u00eb an\u00ebs s\u00eb sfungjerit, gjendjes s\u00eb sip\u00ebrfaqes dhe presionit t\u00eb ushtruar.<\/p>\n\n<hr \/>\n\n<h4 class=\"wp-block-heading\" id=\"properties\">Karakteristikat e produktit<\/h4>\n\n<div class=\"wp-block-columns is-layout-flex wp-container-core-columns-is-layout-9d6595d7 wp-block-columns-is-layout-flex\">\n<div class=\"wp-block-column is-layout-flow wp-block-column-is-layout-flow\">\n<p>Sfungjeri p\u00ebr aplikim dhe lustrim P\u00ebrmasat: 95 x 40 x 23 mm <\/p>\n<\/div>\n\n\n\n<div class=\"wp-block-column is-layout-flow wp-block-column-is-layout-flow\">\n<p>Sip\u00ebr e fort\u00eb 5mm e bardh\u00eb XPE 3000-33 shtresa e mesme e but\u00eb 18mm S2145 blu<\/p>\n<\/div>\n<\/div>\n\n<hr \/>\n\n<h4 class=\"wp-block-heading\" id=\"application\">Aplikacion<\/h4>\n\n<p>P\u00ebr t\u00eb aplikuar vulat tona n\u00eb sip\u00ebrfaqe t\u00eb l\u00ebmuara dhe jo absorbuese, ne rekomandojm\u00eb t&#8217;i kombinoni ato me p\u00eblhur\u00ebn ton\u00eb me <a href=\"https:\/\/www.versiegelung24.com\/applikationstuch-20x20cm.html\">mikrofib\u00ebr p\u00ebr t\u00eb aplikuar vulat tona t\u00eb l\u00ebngshme t\u00eb<\/a> xhamit. Vendoseni p\u00eblhur\u00ebn me mikrofib\u00ebr n\u00eb an\u00ebn e bardh\u00eb dhe t\u00eb fort\u00eb p\u00ebr vendosjen e vul\u00ebs dhe vendoseni vul\u00ebn sipas p\u00ebrshkrimit p\u00ebrkat\u00ebs t\u00eb aplikimit.<\/p>\n\n<p>P\u00ebr lustrim me <a href=\"https:\/\/www.versiegelung24.com\/micro fibra cloth-30x30cm-zur-vorreinigung-oder-politur.html\">leck\u00ebn ton\u00eb me mikrofib\u00ebr 30&#215;30 cm p\u00ebr pastrim paraprak ose lustrim<\/a> , vendoseni gjithashtu leck\u00ebn n\u00eb sfungjer dhe, n\u00eb var\u00ebsi t\u00eb gjendjes dhe nevojave t\u00eb sip\u00ebrfaqes, p\u00ebrdorni an\u00ebn e fort\u00eb ose t\u00eb but\u00eb t\u00eb sfungjerit p\u00ebr t\u00eb krijuar presion t\u00eb barabart\u00eb n\u00eb nj\u00eb sip\u00ebrfaqe t\u00eb zmadhuar.<\/p>\n","protected":false},"excerpt":{"rendered":"<p><strong>Sfungjer p\u00ebr vendosjen e vulave<\/strong><\/p>\n<p>\u2713 I rip\u00ebrdorsh\u00ebm<\/p>\n<p>\u2713 Miq\u00ebsore ndaj mjedisit<\/p>\n<p>\u2713 I dobish\u00ebm<\/p>\n<p>\u2713 Ana e fort\u00eb dhe e but\u00eb<\/p>\n<p>\u2713 95x40x23mm<\/p>\n<p>&nbsp;<\/p>\n","protected":false},"featured_media":13250,"template":"","meta":{"_acf_changed":false,"neve_meta_sidebar":"","neve_meta_container":"","neve_meta_enable_content_width":"","neve_meta_content_width":0,"neve_meta_title_alignment":"","neve_meta_author_avatar":"","neve_post_elements_order":"","neve_meta_disable_header":"","neve_meta_disable_footer":"","neve_meta_disable_title":"","neve_meta_reading_time":"","_surfaces":[],"_ver_product_tabs":[],"footnotes":""},"product_brand":[],"product_cat":[2172,2233,2393,2395,2399,2473,3065],"product_tag":[],"class_list":{"0":"post-93769","1":"product","2":"type-product","3":"status-publish","4":"has-post-thumbnail","6":"product_cat-vulosja-e-makinave","7":"product_cat-dezinfektues-te-siperfaqes","8":"product_cat-vulosje-per-qelq-dhe-qeramike","9":"product_cat-vulosje-metalike-dhe-plastike","10":"product_cat-pajisje-pastrimi","11":"product_cat-vula-universale","12":"product_cat-pajisje","14":"first","15":"instock","16":"taxable","17":"shipping-taxable","18":"purchasable","19":"product-type-simple"},"acf":[],"yoast_head":"<!-- This site is optimized with the Yoast SEO Premium plugin v22.8 (Yoast SEO v27.5) - https:\/\/yoast.com\/product\/yoast-seo-premium-wordpress\/ -->\n<title>Sfungjeri i aplikimit 95x40x23mm - versiegelung24.com<\/title>\n<meta name=\"description\" content=\"Sfungjeri i aplikimit - ideal p\u00ebr aplikimin e ngjit\u00ebsve tan\u00eb. Nj\u00eb mjet i gjithansh\u00ebm n\u00eb kombinim me copat tona me mikrofib\u00ebr.\" \/>\n<meta name=\"robots\" content=\"index, follow, max-snippet:-1, max-image-preview:large, max-video-preview:-1\" \/>\n<link rel=\"canonical\" href=\"https:\/\/www.versiegelung24.com\/sq\/pelhure-mikrofibre-40x40cm-per-parapastrim-ose-lustrim-e-verdhe-kopie.html\" \/>\n<meta property=\"og:locale\" content=\"sq_AL\" \/>\n<meta property=\"og:type\" content=\"article\" \/>\n<meta property=\"og:title\" content=\"Sfungjeri i aplikimit 95x40x23mm\" \/>\n<meta property=\"og:description\" content=\"Sfungjeri i aplikimit - ideal p\u00ebr aplikimin e ngjit\u00ebsve tan\u00eb. Nj\u00eb mjet i gjithansh\u00ebm n\u00eb kombinim me copat tona me mikrofib\u00ebr.\" \/>\n<meta property=\"og:url\" content=\"https:\/\/www.versiegelung24.com\/sq\/pelhure-mikrofibre-40x40cm-per-parapastrim-ose-lustrim-e-verdhe-kopie.html\" \/>\n<meta property=\"og:site_name\" content=\"versiegelung24.com\" \/>\n<meta property=\"article:modified_time\" content=\"2025-03-31T12:58:34+00:00\" \/>\n<meta property=\"og:image\" content=\"https:\/\/www.versiegelung24.com\/wp-content\/uploads\/2020\/04\/mikrofasertuch.png\" \/>\n\t<meta property=\"og:image:width\" content=\"1000\" \/>\n\t<meta property=\"og:image:height\" content=\"1000\" \/>\n\t<meta property=\"og:image:type\" content=\"image\/png\" \/>\n<meta name=\"twitter:card\" content=\"summary_large_image\" \/>\n<meta name=\"twitter:label1\" content=\"Price\" \/>\n\t<meta name=\"twitter:data1\" content=\"1,99&euro;\" \/>\n\t<meta name=\"twitter:label2\" content=\"Availability\" \/>\n\t<meta name=\"twitter:data2\" content=\"In stock\" \/>\n<script type=\"application\/ld+json\" class=\"yoast-schema-graph\">{\"@context\":\"https:\\\/\\\/schema.org\",\"@graph\":[{\"@type\":\"WebPage\",\"@id\":\"https:\\\/\\\/www.versiegelung24.com\\\/sq\\\/pelhure-mikrofibre-40x40cm-per-parapastrim-ose-lustrim-e-verdhe-kopie.html\",\"url\":\"https:\\\/\\\/www.versiegelung24.com\\\/sq\\\/pelhure-mikrofibre-40x40cm-per-parapastrim-ose-lustrim-e-verdhe-kopie.html\",\"name\":\"Sfungjeri i aplikimit 95x40x23mm - versiegelung24.com\",\"isPartOf\":{\"@id\":\"https:\\\/\\\/www.versiegelung24.com\\\/sq\\\/#website\"},\"primaryImageOfPage\":{\"@id\":\"https:\\\/\\\/www.versiegelung24.com\\\/sq\\\/pelhure-mikrofibre-40x40cm-per-parapastrim-ose-lustrim-e-verdhe-kopie.html#primaryimage\"},\"image\":{\"@id\":\"https:\\\/\\\/www.versiegelung24.com\\\/sq\\\/pelhure-mikrofibre-40x40cm-per-parapastrim-ose-lustrim-e-verdhe-kopie.html#primaryimage\"},\"thumbnailUrl\":\"https:\\\/\\\/www.versiegelung24.com\\\/wp-content\\\/uploads\\\/2020\\\/04\\\/mikrofasertuch.png\",\"datePublished\":\"2022-10-21T14:49:10+00:00\",\"dateModified\":\"2025-03-31T12:58:34+00:00\",\"description\":\"Sfungjeri i aplikimit - ideal p\u00ebr aplikimin e ngjit\u00ebsve tan\u00eb. Nj\u00eb mjet i gjithansh\u00ebm n\u00eb kombinim me copat tona me mikrofib\u00ebr.\",\"breadcrumb\":{\"@id\":\"https:\\\/\\\/www.versiegelung24.com\\\/sq\\\/pelhure-mikrofibre-40x40cm-per-parapastrim-ose-lustrim-e-verdhe-kopie.html#breadcrumb\"},\"inLanguage\":\"sq-AL\",\"potentialAction\":[{\"@type\":\"ReadAction\",\"target\":[\"https:\\\/\\\/www.versiegelung24.com\\\/sq\\\/pelhure-mikrofibre-40x40cm-per-parapastrim-ose-lustrim-e-verdhe-kopie.html\"]}]},{\"@type\":\"ImageObject\",\"inLanguage\":\"sq-AL\",\"@id\":\"https:\\\/\\\/www.versiegelung24.com\\\/sq\\\/pelhure-mikrofibre-40x40cm-per-parapastrim-ose-lustrim-e-verdhe-kopie.html#primaryimage\",\"url\":\"https:\\\/\\\/www.versiegelung24.com\\\/wp-content\\\/uploads\\\/2020\\\/04\\\/mikrofasertuch.png\",\"contentUrl\":\"https:\\\/\\\/www.versiegelung24.com\\\/wp-content\\\/uploads\\\/2020\\\/04\\\/mikrofasertuch.png\",\"width\":1000,\"height\":1000},{\"@type\":\"BreadcrumbList\",\"@id\":\"https:\\\/\\\/www.versiegelung24.com\\\/sq\\\/pelhure-mikrofibre-40x40cm-per-parapastrim-ose-lustrim-e-verdhe-kopie.html#breadcrumb\",\"itemListElement\":[{\"@type\":\"ListItem\",\"position\":1,\"name\":\"Faqja kryesore\",\"item\":\"https:\\\/\\\/www.versiegelung24.com\\\/sq\\\/perpara\\\/\"},{\"@type\":\"ListItem\",\"position\":2,\"name\":\"Dyqan\",\"item\":\"https:\\\/\\\/www.versiegelung24.com\\\/sq\\\/dyqan\\\/\"},{\"@type\":\"ListItem\",\"position\":3,\"name\":\"Sfungjeri i aplikimit 95x40x23mm\"}]},{\"@type\":\"WebSite\",\"@id\":\"https:\\\/\\\/www.versiegelung24.com\\\/sq\\\/#website\",\"url\":\"https:\\\/\\\/www.versiegelung24.com\\\/sq\\\/\",\"name\":\"versiegelung24.com\",\"description\":\"Fl\u00fcssigglas-Versiegelung - Made in Germany\",\"publisher\":{\"@id\":\"https:\\\/\\\/www.versiegelung24.com\\\/sq\\\/#organization\"},\"potentialAction\":[{\"@type\":\"SearchAction\",\"target\":{\"@type\":\"EntryPoint\",\"urlTemplate\":\"https:\\\/\\\/www.versiegelung24.com\\\/sq\\\/?s={search_term_string}\"},\"query-input\":{\"@type\":\"PropertyValueSpecification\",\"valueRequired\":true,\"valueName\":\"search_term_string\"}}],\"inLanguage\":\"sq-AL\"},{\"@type\":\"Organization\",\"@id\":\"https:\\\/\\\/www.versiegelung24.com\\\/sq\\\/#organization\",\"name\":\"versiegelung24\",\"url\":\"https:\\\/\\\/www.versiegelung24.com\\\/sq\\\/\",\"logo\":{\"@type\":\"ImageObject\",\"inLanguage\":\"sq-AL\",\"@id\":\"https:\\\/\\\/www.versiegelung24.com\\\/sq\\\/#\\\/schema\\\/logo\\\/image\\\/\",\"url\":\"https:\\\/\\\/www.versiegelung24.com\\\/wp-content\\\/uploads\\\/2020\\\/04\\\/versiegelung24.png\",\"contentUrl\":\"https:\\\/\\\/www.versiegelung24.com\\\/wp-content\\\/uploads\\\/2020\\\/04\\\/versiegelung24.png\",\"width\":470,\"height\":102,\"caption\":\"versiegelung24\"},\"image\":{\"@id\":\"https:\\\/\\\/www.versiegelung24.com\\\/sq\\\/#\\\/schema\\\/logo\\\/image\\\/\"}}]}<\/script>\n<meta property=\"product:price:amount\" content=\"1.99\" \/>\n<meta property=\"product:price:currency\" content=\"EUR\" \/>\n<meta property=\"og:availability\" content=\"instock\" \/>\n<meta property=\"product:availability\" content=\"instock\" \/>\n<meta property=\"product:retailer_item_id\" content=\"V24-9010-1\" \/>\n<meta property=\"product:condition\" content=\"new\" \/>\n<!-- \/ Yoast SEO Premium plugin. -->","yoast_head_json":{"title":"Sfungjeri i aplikimit 95x40x23mm - versiegelung24.com","description":"Sfungjeri i aplikimit - ideal p\u00ebr aplikimin e ngjit\u00ebsve tan\u00eb. Nj\u00eb mjet i gjithansh\u00ebm n\u00eb kombinim me copat tona me mikrofib\u00ebr.","robots":{"index":"index","follow":"follow","max-snippet":"max-snippet:-1","max-image-preview":"max-image-preview:large","max-video-preview":"max-video-preview:-1"},"canonical":"https:\/\/www.versiegelung24.com\/sq\/pelhure-mikrofibre-40x40cm-per-parapastrim-ose-lustrim-e-verdhe-kopie.html","og_locale":"sq_AL","og_type":"article","og_title":"Sfungjeri i aplikimit 95x40x23mm","og_description":"Sfungjeri i aplikimit - ideal p\u00ebr aplikimin e ngjit\u00ebsve tan\u00eb. Nj\u00eb mjet i gjithansh\u00ebm n\u00eb kombinim me copat tona me mikrofib\u00ebr.","og_url":"https:\/\/www.versiegelung24.com\/sq\/pelhure-mikrofibre-40x40cm-per-parapastrim-ose-lustrim-e-verdhe-kopie.html","og_site_name":"versiegelung24.com","article_modified_time":"2025-03-31T12:58:34+00:00","og_image":[{"width":1000,"height":1000,"url":"https:\/\/www.versiegelung24.com\/wp-content\/uploads\/2020\/04\/mikrofasertuch.png","type":"image\/png"}],"twitter_card":"summary_large_image","twitter_misc":{"Price":"1,99&euro;","Availability":"In stock"},"schema":{"@context":"https:\/\/schema.org","@graph":[{"@type":"WebPage","@id":"https:\/\/www.versiegelung24.com\/sq\/pelhure-mikrofibre-40x40cm-per-parapastrim-ose-lustrim-e-verdhe-kopie.html","url":"https:\/\/www.versiegelung24.com\/sq\/pelhure-mikrofibre-40x40cm-per-parapastrim-ose-lustrim-e-verdhe-kopie.html","name":"Sfungjeri i aplikimit 95x40x23mm - versiegelung24.com","isPartOf":{"@id":"https:\/\/www.versiegelung24.com\/sq\/#website"},"primaryImageOfPage":{"@id":"https:\/\/www.versiegelung24.com\/sq\/pelhure-mikrofibre-40x40cm-per-parapastrim-ose-lustrim-e-verdhe-kopie.html#primaryimage"},"image":{"@id":"https:\/\/www.versiegelung24.com\/sq\/pelhure-mikrofibre-40x40cm-per-parapastrim-ose-lustrim-e-verdhe-kopie.html#primaryimage"},"thumbnailUrl":"https:\/\/www.versiegelung24.com\/wp-content\/uploads\/2020\/04\/mikrofasertuch.png","datePublished":"2022-10-21T14:49:10+00:00","dateModified":"2025-03-31T12:58:34+00:00","description":"Sfungjeri i aplikimit - ideal p\u00ebr aplikimin e ngjit\u00ebsve tan\u00eb. Nj\u00eb mjet i gjithansh\u00ebm n\u00eb kombinim me copat tona me mikrofib\u00ebr.","breadcrumb":{"@id":"https:\/\/www.versiegelung24.com\/sq\/pelhure-mikrofibre-40x40cm-per-parapastrim-ose-lustrim-e-verdhe-kopie.html#breadcrumb"},"inLanguage":"sq-AL","potentialAction":[{"@type":"ReadAction","target":["https:\/\/www.versiegelung24.com\/sq\/pelhure-mikrofibre-40x40cm-per-parapastrim-ose-lustrim-e-verdhe-kopie.html"]}]},{"@type":"ImageObject","inLanguage":"sq-AL","@id":"https:\/\/www.versiegelung24.com\/sq\/pelhure-mikrofibre-40x40cm-per-parapastrim-ose-lustrim-e-verdhe-kopie.html#primaryimage","url":"https:\/\/www.versiegelung24.com\/wp-content\/uploads\/2020\/04\/mikrofasertuch.png","contentUrl":"https:\/\/www.versiegelung24.com\/wp-content\/uploads\/2020\/04\/mikrofasertuch.png","width":1000,"height":1000},{"@type":"BreadcrumbList","@id":"https:\/\/www.versiegelung24.com\/sq\/pelhure-mikrofibre-40x40cm-per-parapastrim-ose-lustrim-e-verdhe-kopie.html#breadcrumb","itemListElement":[{"@type":"ListItem","position":1,"name":"Faqja kryesore","item":"https:\/\/www.versiegelung24.com\/sq\/perpara\/"},{"@type":"ListItem","position":2,"name":"Dyqan","item":"https:\/\/www.versiegelung24.com\/sq\/dyqan\/"},{"@type":"ListItem","position":3,"name":"Sfungjeri i aplikimit 95x40x23mm"}]},{"@type":"WebSite","@id":"https:\/\/www.versiegelung24.com\/sq\/#website","url":"https:\/\/www.versiegelung24.com\/sq\/","name":"versiegelung24.com","description":"Fl\u00fcssigglas-Versiegelung - Made in Germany","publisher":{"@id":"https:\/\/www.versiegelung24.com\/sq\/#organization"},"potentialAction":[{"@type":"SearchAction","target":{"@type":"EntryPoint","urlTemplate":"https:\/\/www.versiegelung24.com\/sq\/?s={search_term_string}"},"query-input":{"@type":"PropertyValueSpecification","valueRequired":true,"valueName":"search_term_string"}}],"inLanguage":"sq-AL"},{"@type":"Organization","@id":"https:\/\/www.versiegelung24.com\/sq\/#organization","name":"versiegelung24","url":"https:\/\/www.versiegelung24.com\/sq\/","logo":{"@type":"ImageObject","inLanguage":"sq-AL","@id":"https:\/\/www.versiegelung24.com\/sq\/#\/schema\/logo\/image\/","url":"https:\/\/www.versiegelung24.com\/wp-content\/uploads\/2020\/04\/versiegelung24.png","contentUrl":"https:\/\/www.versiegelung24.com\/wp-content\/uploads\/2020\/04\/versiegelung24.png","width":470,"height":102,"caption":"versiegelung24"},"image":{"@id":"https:\/\/www.versiegelung24.com\/sq\/#\/schema\/logo\/image\/"}}]},"product_price_amount":"1.99","product_price_currency":"EUR","og_availability":"instock","product_availability":"instock","product_retailer_item_id":"V24-9010-1","product_condition":"new"},"_links":{"self":[{"href":"https:\/\/www.versiegelung24.com\/sq\/wp-json\/wp\/v2\/product\/93769","targetHints":{"allow":["GET"]}}],"collection":[{"href":"https:\/\/www.versiegelung24.com\/sq\/wp-json\/wp\/v2\/product"}],"about":[{"href":"https:\/\/www.versiegelung24.com\/sq\/wp-json\/wp\/v2\/types\/product"}],"version-history":[{"count":11,"href":"https:\/\/www.versiegelung24.com\/sq\/wp-json\/wp\/v2\/product\/93769\/revisions"}],"predecessor-version":[{"id":180681,"href":"https:\/\/www.versiegelung24.com\/sq\/wp-json\/wp\/v2\/product\/93769\/revisions\/180681"}],"wp:featuredmedia":[{"embeddable":true,"href":"https:\/\/www.versiegelung24.com\/sq\/wp-json\/wp\/v2\/media\/13250"}],"wp:attachment":[{"href":"https:\/\/www.versiegelung24.com\/sq\/wp-json\/wp\/v2\/media?parent=93769"}],"wp:term":[{"taxonomy":"product_brand","embeddable":true,"href":"https:\/\/www.versiegelung24.com\/sq\/wp-json\/wp\/v2\/product_brand?post=93769"},{"taxonomy":"product_cat","embeddable":true,"href":"https:\/\/www.versiegelung24.com\/sq\/wp-json\/wp\/v2\/product_cat?post=93769"},{"taxonomy":"product_tag","embeddable":true,"href":"https:\/\/www.versiegelung24.com\/sq\/wp-json\/wp\/v2\/product_tag?post=93769"}],"curies":[{"name":"wp","href":"https:\/\/api.w.org\/{rel}","templated":true}]}}