{"id":95215,"date":"2022-12-01T15:45:36","date_gmt":"2022-12-01T14:45:42","guid":{"rendered":"https:\/\/www.versiegelung24.com\/?post_type=product&#038;p=95215"},"modified":"2023-06-19T16:33:18","modified_gmt":"2023-06-19T14:33:18","slug":"mbrojtje-afatgjate-e-siperfaqes-tiosept-sg-55-20-komplete-per-1m%c2%b2-secili-kopie","status":"publish","type":"product","link":"https:\/\/www.versiegelung24.com\/sq\/product\/mbrojtje-afatgjate-e-siperfaqes-tiosept-sg-55-20-komplete-per-1m%c2%b2-secili-kopie\/","title":{"rendered":"Mbrojtje afatgjat\u00eb e sip\u00ebrfaqes TiOSEPT\u00ae SG-55, 10 komplete p\u00ebr 2m\u00b2 secili"},"content":{"rendered":"\n<p><strong>Grumbullim qelqi i l\u00ebngsh\u00ebm antimikrobik<\/strong> <strong>efektiv deri n\u00eb 18 muaj<\/strong> &#8211; 10 komplete qese t\u00eb gatshme p\u00ebr p\u00ebrdorim p\u00ebr 2m\u00b2 secila <\/p>\n\n<p><strong>Mbrojtje afatgjat\u00eb e sip\u00ebrfaqes e p\u00ebrshtatshme p\u00ebr sip\u00ebrfaqe t\u00eb l\u00ebmuara<\/strong> : qelqi, \u00e7elik inox, alumini dhe druri i trajtuar<\/p>\n\n<hr\/>\n<h4 class=\"wp-block-heading\" id=\"properties\">vetit\u00eb e produktit<\/h4>\n\n<div class=\"wp-block-columns is-layout-flex wp-container-core-columns-is-layout-9d6595d7 wp-block-columns-is-layout-flex\">\n<div class=\"wp-block-column is-layout-flow wp-block-column-is-layout-flow\">\n<ul class=\"wp-block-list\"><li>Eliminon bakteret (E.coli, S. aureus) dhe viruset e mb\u00ebshtjell\u00eb (korona, ebola, virusi rota) deri n\u00eb 99.99%<\/li><li>Parandalon vendosjen e majave dhe mykut<\/li><li>I testuar dermatologjikisht &#8220;shum\u00eb mir\u00eb&#8221;.<\/li><li>Sip\u00ebrfaqet b\u00ebhen m\u00eb t\u00eb lehta dhe m\u00eb t\u00eb shpejta p\u00ebr t&#8217;u pastruar (&#8220;leht\u00eb p\u00ebr t&#8217;u pastruar&#8221;)<\/li><li>P\u00ebr ambiente t\u00eb brendshme dhe t\u00eb jashtme<\/li><li>Rezistent ndaj g\u00ebrvishtjes (rritje e rezistenc\u00ebs ndaj g\u00ebrvishtjeve)<\/li><li>Aplikim i thjesht\u00eb dhe i shpejt\u00eb<\/li><li>Fort\u00ebsia e sip\u00ebrfaqes n\u00eb xhami 9H (test T\u00dcV sipas MSZ EN ISO 15184:2013)<\/li><li>Fort\u00ebsia e g\u00ebrvishtjes n\u00eb xhami 10N (test T\u00dcV sipas MSZ 9640\/41:1983)<\/li><li>K\u00ebndi i kontaktit 95\u00b0 n\u00eb xhami dhe 91\u00b0 n\u00eb \u00e7elik inox, pas 10,000 cikleve pastrimi 92\u00b0 + 85\u00b0 (testuar nga T\u00dcV me uj\u00eb)<\/li><\/ul><\/div>\n\n\n\n<div class=\"wp-block-column is-layout-flow wp-block-column-is-layout-flow\">\n<ul class=\"wp-block-list\"><li>Trash\u00ebsia e shtres\u00ebs p\u00ebraf\u00ebrsisht 20 nm (nanometra)<\/li><li>Vrazhd\u00ebsia: 6 nm n\u00eb sip\u00ebrfaqe<\/li><li>Facet\u00eb (peceta t\u00eb lagura t\u00eb mb\u00ebshtjella individualisht)<\/li><li>Qesja 1: P\u00eblhur\u00eb parapastruese, e njomur me IPA (izopropanol) 99%<\/li><li>Qesk\u00eb 2: Pesh\u00eb mbyll\u00ebse e ngopur me TiOSEPT\u00ae SG-55<\/li><li>Leth viskoze, pa plastik\u00eb, 60 g\/m\u00b2<\/li><li>Formati i p\u00eblhur\u00ebs 150 x 240 mm<\/li><li>Nj\u00eb leck\u00eb \u00ebsht\u00eb e mjaftueshme p\u00ebr rreth 2 m\u00b2<\/li><li>BAUA Reg.Nr. N-104947<\/li><\/ul><\/div>\n<\/div>\n\n<hr\/>\n<h4 class=\"wp-block-heading\" id=\"application\">p\u00ebrdorim<\/h4>\n\n<p>Komplet qeskash t\u00eb gatshme p\u00ebr p\u00ebrdorim <strong>TiOSEPT\u00ae SG-55<\/strong> p\u00ebr sip\u00ebrfaqe t\u00eb l\u00ebmuara qelqi, \u00e7elik inox, \u00e7elik, alumin, plastik\u00eb dhe dru t\u00eb trajtuar<\/p>\n\n<h5 class=\"wp-block-heading\">Pastrim paraprak<\/h5>\n\n<p>Rekomandohet t\u00eb vishni doreza mbrojt\u00ebse t\u00eb disponueshme. Temperatura e aplikimit 5 \u2013 35\u00b0C.<\/p>\n\n<ol class=\"wp-block-list\"><li>Pastroni sip\u00ebrfaqen me shum\u00eb kujdes me pastrues t\u00eb disponuesh\u00ebm n\u00eb treg. Sa m\u00eb mir\u00eb t\u00eb jet\u00eb pastrimi, aq m\u00eb gjat\u00eb do t\u00eb zgjas\u00eb vula. M\u00eb pas thani sip\u00ebrfaqen.<\/li><li>Hiqeni leck\u00ebn e pastrimit paraprak me alkool nga qesja dhe p\u00ebrdorni at\u00eb p\u00ebr t\u00eb hequr yndyr\u00ebn t\u00ebr\u00ebsisht sip\u00ebrfaqen.<\/li><li>sip\u00ebrfaqe min. L\u00ebreni t\u00eb thahet p\u00ebr 1 minut\u00eb.<\/li><\/ol>\n<h5 class=\"wp-block-heading\">vulosje<\/h5>\n\n<p>Rekomandohet t\u00eb vishni doreza mbrojt\u00ebse t\u00eb disponueshme. Temperatura e aplikimit 5 \u2013 35\u00b0C.<\/p>\n\n<ol class=\"wp-block-list\"><li>Hiqeni leck\u00ebn mbyll\u00ebse nga qesja dhe fshijeni sip\u00ebrfaqen me t\u00eb nj\u00eb her\u00eb vertikalisht dhe horizontalisht. P\u00eblhura \u00ebsht\u00eb e mjaftueshme p\u00ebr rreth 2 m\u00b2. \u00cbsht\u00eb e r\u00ebnd\u00ebsishme q\u00eb t\u00eb punoni shpejt sepse lecka thahet pas rreth 90 sekondash.<\/li><li>L\u00ebreni sip\u00ebrfaqen t\u00eb thahet p\u00ebr t\u00eb pakt\u00ebn 2 minuta (n\u00ebn 15\u00b0C = 10 minuta), mos e prekni p\u00ebr 10 minuta. Kurim i plot\u00eb pas 10 or\u00ebsh. P\u00ebrs\u00ebriteni aplikimin n\u00ebse \u00ebsht\u00eb e nevojshme. N\u00ebse ka nj\u00eb zvarritje t\u00eb leht\u00eb gri, kjo mund t\u00eb lustrohet me kujdes me nj\u00eb leck\u00eb mikrofibre.<\/li><\/ol>\n<p>Sip\u00ebrfaqet plastike b\u00ebhen antimikrobike dhe b\u00ebhen m\u00eb hidrofobike, rezistenca ndaj g\u00ebrvishtjeve nuk ndryshon. Nuk rekomandohet p\u00ebrdorimi n\u00eb polikarbonat dhe pleksiglas\u00ae.<\/p>\n\n<h5 class=\"wp-block-heading\" id=\"gebrauch\">magazinimit<\/h5>\n\n<p>Ruani TiOSEPT\u00ae SG-55 n\u00eb +5 deri +25\u00b0C. Mbroni nga ngricat dhe rrezet e diellit direkte.<\/p>\n","protected":false},"excerpt":{"rendered":"<p><strong>Mbrojtje afatgjat\u00eb antimikrobike deri n\u00eb 18 muaj<\/strong> <strong>p\u00ebr sip\u00ebrfaqe t\u00eb l\u00ebmuara<\/strong><\/p>\n<p>\u2713 Transparente dhe e padukshme<\/p>\n<p>\u2713 Uji largues<\/p>\n<p>\u2713 Testuar nga institute t\u00eb pavarura testimi<\/p>\n<p>\u2713 Komplete qeskash t\u00eb gatshme p\u00ebr pastrim p\u00ebr parapastrim dhe mbyllje<\/p>\n","protected":false},"featured_media":94914,"template":"","meta":{"_acf_changed":false,"neve_meta_sidebar":"","neve_meta_container":"","neve_meta_enable_content_width":"","neve_meta_content_width":0,"neve_meta_title_alignment":"","neve_meta_author_avatar":"","neve_post_elements_order":"","neve_meta_disable_header":"","neve_meta_disable_footer":"","neve_meta_disable_title":"","neve_meta_reading_time":"","_surfaces":[],"_ver_product_tabs":[],"footnotes":""},"product_brand":[],"product_cat":[2395,2473,3005,2232,2233,2393],"product_tag":[],"class_list":{"0":"post-95215","1":"product","2":"type-product","3":"status-publish","4":"has-post-thumbnail","6":"product_cat-vulosje-metalike-dhe-plastike","7":"product_cat-vula-universale","8":"product_cat-dezinfektues-i-telefonit-celular","9":"product_cat-dezinfektues","10":"product_cat-dezinfektues-te-siperfaqes","11":"product_cat-vulosje-per-qelq-dhe-qeramike","13":"first","14":"onbackorder","15":"taxable","16":"shipping-taxable","17":"purchasable","18":"product-type-simple"},"acf":[],"yoast_head":"<!-- This site is optimized with the Yoast SEO Premium plugin v22.8 (Yoast SEO v27.5) - https:\/\/yoast.com\/product\/yoast-seo-premium-wordpress\/ -->\n<title>Mbrojtje afatgjat\u00eb e sip\u00ebrfaqes TiOSEPT\u00ae SG-55, 10 komplete p\u00ebr 2m\u00b2 secili - versiegelung24.com<\/title>\n<meta name=\"robots\" content=\"index, follow, max-snippet:-1, max-image-preview:large, max-video-preview:-1\" \/>\n<link rel=\"canonical\" href=\"https:\/\/www.versiegelung24.com\/sq\/product\/mbrojtje-afatgjate-e-siperfaqes-tiosept-sg-55-20-komplete-per-1m%c2%b2-secili-kopie\/\" \/>\n<meta property=\"og:locale\" content=\"sq_AL\" \/>\n<meta property=\"og:type\" content=\"article\" \/>\n<meta property=\"og:title\" content=\"Mbrojtje afatgjat\u00eb e sip\u00ebrfaqes TiOSEPT\u00ae SG-55, 10 komplete p\u00ebr 2m\u00b2 secili\" \/>\n<meta property=\"og:description\" content=\"Mbrojtje afatgjat\u00eb antimikrobike deri n\u00eb 18 muaj p\u00ebr sip\u00ebrfaqe t\u00eb l\u00ebmuara \u2713 Transparente dhe e padukshme \u2713 Uji largues \u2713 Testuar nga institute t\u00eb pavarura testimi \u2713 Komplete qeskash t\u00eb gatshme p\u00ebr pastrim p\u00ebr parapastrim dhe mbyllje\" \/>\n<meta property=\"og:url\" content=\"https:\/\/www.versiegelung24.com\/sq\/product\/mbrojtje-afatgjate-e-siperfaqes-tiosept-sg-55-20-komplete-per-1m%c2%b2-secili-kopie\/\" \/>\n<meta property=\"og:site_name\" content=\"versiegelung24.com\" \/>\n<meta property=\"article:modified_time\" content=\"2023-06-19T14:33:18+00:00\" \/>\n<meta property=\"og:image\" content=\"https:\/\/www.versiegelung24.com\/wp-content\/uploads\/2020\/04\/produkt-BACTUE-bacoban-front.jpg\" \/>\n\t<meta property=\"og:image:width\" content=\"2000\" \/>\n\t<meta property=\"og:image:height\" content=\"2000\" \/>\n\t<meta property=\"og:image:type\" content=\"image\/jpeg\" \/>\n<meta name=\"twitter:card\" content=\"summary_large_image\" \/>\n<meta name=\"twitter:label1\" content=\"Price\" \/>\n\t<meta name=\"twitter:data1\" content=\"78,99&euro;\" \/>\n\t<meta name=\"twitter:label2\" content=\"Availability\" \/>\n\t<meta name=\"twitter:data2\" content=\"On backorder\" \/>\n<script type=\"application\/ld+json\" class=\"yoast-schema-graph\">{\"@context\":\"https:\\\/\\\/schema.org\",\"@graph\":[{\"@type\":\"WebPage\",\"@id\":\"https:\\\/\\\/www.versiegelung24.com\\\/sq\\\/product\\\/mbrojtje-afatgjate-e-siperfaqes-tiosept-sg-55-20-komplete-per-1m%c2%b2-secili-kopie\\\/\",\"url\":\"https:\\\/\\\/www.versiegelung24.com\\\/sq\\\/product\\\/mbrojtje-afatgjate-e-siperfaqes-tiosept-sg-55-20-komplete-per-1m%c2%b2-secili-kopie\\\/\",\"name\":\"Mbrojtje afatgjat\u00eb e sip\u00ebrfaqes TiOSEPT\u00ae SG-55, 10 komplete p\u00ebr 2m\u00b2 secili - versiegelung24.com\",\"isPartOf\":{\"@id\":\"https:\\\/\\\/www.versiegelung24.com\\\/sq\\\/#website\"},\"primaryImageOfPage\":{\"@id\":\"https:\\\/\\\/www.versiegelung24.com\\\/sq\\\/product\\\/mbrojtje-afatgjate-e-siperfaqes-tiosept-sg-55-20-komplete-per-1m%c2%b2-secili-kopie\\\/#primaryimage\"},\"image\":{\"@id\":\"https:\\\/\\\/www.versiegelung24.com\\\/sq\\\/product\\\/mbrojtje-afatgjate-e-siperfaqes-tiosept-sg-55-20-komplete-per-1m%c2%b2-secili-kopie\\\/#primaryimage\"},\"thumbnailUrl\":\"https:\\\/\\\/www.versiegelung24.com\\\/wp-content\\\/uploads\\\/2022\\\/11\\\/Tiosept-Schachtel-rechts.jpg\",\"datePublished\":\"2022-12-01T14:45:42+00:00\",\"dateModified\":\"2023-06-19T14:33:18+00:00\",\"breadcrumb\":{\"@id\":\"https:\\\/\\\/www.versiegelung24.com\\\/sq\\\/product\\\/mbrojtje-afatgjate-e-siperfaqes-tiosept-sg-55-20-komplete-per-1m%c2%b2-secili-kopie\\\/#breadcrumb\"},\"inLanguage\":\"sq-AL\",\"potentialAction\":[{\"@type\":\"ReadAction\",\"target\":[\"https:\\\/\\\/www.versiegelung24.com\\\/sq\\\/product\\\/mbrojtje-afatgjate-e-siperfaqes-tiosept-sg-55-20-komplete-per-1m%c2%b2-secili-kopie\\\/\"]}]},{\"@type\":\"ImageObject\",\"inLanguage\":\"sq-AL\",\"@id\":\"https:\\\/\\\/www.versiegelung24.com\\\/sq\\\/product\\\/mbrojtje-afatgjate-e-siperfaqes-tiosept-sg-55-20-komplete-per-1m%c2%b2-secili-kopie\\\/#primaryimage\",\"url\":\"https:\\\/\\\/www.versiegelung24.com\\\/wp-content\\\/uploads\\\/2022\\\/11\\\/Tiosept-Schachtel-rechts.jpg\",\"contentUrl\":\"https:\\\/\\\/www.versiegelung24.com\\\/wp-content\\\/uploads\\\/2022\\\/11\\\/Tiosept-Schachtel-rechts.jpg\",\"width\":1668,\"height\":1568},{\"@type\":\"BreadcrumbList\",\"@id\":\"https:\\\/\\\/www.versiegelung24.com\\\/sq\\\/product\\\/mbrojtje-afatgjate-e-siperfaqes-tiosept-sg-55-20-komplete-per-1m%c2%b2-secili-kopie\\\/#breadcrumb\",\"itemListElement\":[{\"@type\":\"ListItem\",\"position\":1,\"name\":\"Faqja kryesore\",\"item\":\"https:\\\/\\\/www.versiegelung24.com\\\/sq\\\/perpara\\\/\"},{\"@type\":\"ListItem\",\"position\":2,\"name\":\"Dyqan\",\"item\":\"https:\\\/\\\/www.versiegelung24.com\\\/sq\\\/dyqan\\\/\"},{\"@type\":\"ListItem\",\"position\":3,\"name\":\"Mbrojtje afatgjat\u00eb e sip\u00ebrfaqes TiOSEPT\u00ae SG-55, 10 komplete p\u00ebr 2m\u00b2 secili\"}]},{\"@type\":\"WebSite\",\"@id\":\"https:\\\/\\\/www.versiegelung24.com\\\/sq\\\/#website\",\"url\":\"https:\\\/\\\/www.versiegelung24.com\\\/sq\\\/\",\"name\":\"versiegelung24.com\",\"description\":\"Fl\u00fcssigglas-Versiegelung - Made in Germany\",\"publisher\":{\"@id\":\"https:\\\/\\\/www.versiegelung24.com\\\/sq\\\/#organization\"},\"potentialAction\":[{\"@type\":\"SearchAction\",\"target\":{\"@type\":\"EntryPoint\",\"urlTemplate\":\"https:\\\/\\\/www.versiegelung24.com\\\/sq\\\/?s={search_term_string}\"},\"query-input\":{\"@type\":\"PropertyValueSpecification\",\"valueRequired\":true,\"valueName\":\"search_term_string\"}}],\"inLanguage\":\"sq-AL\"},{\"@type\":\"Organization\",\"@id\":\"https:\\\/\\\/www.versiegelung24.com\\\/sq\\\/#organization\",\"name\":\"versiegelung24\",\"url\":\"https:\\\/\\\/www.versiegelung24.com\\\/sq\\\/\",\"logo\":{\"@type\":\"ImageObject\",\"inLanguage\":\"sq-AL\",\"@id\":\"https:\\\/\\\/www.versiegelung24.com\\\/sq\\\/#\\\/schema\\\/logo\\\/image\\\/\",\"url\":\"https:\\\/\\\/www.versiegelung24.com\\\/wp-content\\\/uploads\\\/2020\\\/04\\\/versiegelung24.png\",\"contentUrl\":\"https:\\\/\\\/www.versiegelung24.com\\\/wp-content\\\/uploads\\\/2020\\\/04\\\/versiegelung24.png\",\"width\":470,\"height\":102,\"caption\":\"versiegelung24\"},\"image\":{\"@id\":\"https:\\\/\\\/www.versiegelung24.com\\\/sq\\\/#\\\/schema\\\/logo\\\/image\\\/\"}}]}<\/script>\n<meta property=\"product:price:amount\" content=\"78.99\" \/>\n<meta property=\"product:price:currency\" content=\"EUR\" \/>\n<meta property=\"og:availability\" content=\"backorder\" \/>\n<meta property=\"product:availability\" content=\"available for order\" \/>\n<meta property=\"product:retailer_item_id\" content=\"TiOS-SG55-SA2-10\" \/>\n<meta property=\"product:condition\" content=\"new\" \/>\n<!-- \/ Yoast SEO Premium plugin. -->","yoast_head_json":{"title":"Mbrojtje afatgjat\u00eb e sip\u00ebrfaqes TiOSEPT\u00ae SG-55, 10 komplete p\u00ebr 2m\u00b2 secili - versiegelung24.com","robots":{"index":"index","follow":"follow","max-snippet":"max-snippet:-1","max-image-preview":"max-image-preview:large","max-video-preview":"max-video-preview:-1"},"canonical":"https:\/\/www.versiegelung24.com\/sq\/product\/mbrojtje-afatgjate-e-siperfaqes-tiosept-sg-55-20-komplete-per-1m%c2%b2-secili-kopie\/","og_locale":"sq_AL","og_type":"article","og_title":"Mbrojtje afatgjat\u00eb e sip\u00ebrfaqes TiOSEPT\u00ae SG-55, 10 komplete p\u00ebr 2m\u00b2 secili","og_description":"Mbrojtje afatgjat\u00eb antimikrobike deri n\u00eb 18 muaj p\u00ebr sip\u00ebrfaqe t\u00eb l\u00ebmuara \u2713 Transparente dhe e padukshme \u2713 Uji largues \u2713 Testuar nga institute t\u00eb pavarura testimi \u2713 Komplete qeskash t\u00eb gatshme p\u00ebr pastrim p\u00ebr parapastrim dhe mbyllje","og_url":"https:\/\/www.versiegelung24.com\/sq\/product\/mbrojtje-afatgjate-e-siperfaqes-tiosept-sg-55-20-komplete-per-1m%c2%b2-secili-kopie\/","og_site_name":"versiegelung24.com","article_modified_time":"2023-06-19T14:33:18+00:00","og_image":[{"width":2000,"height":2000,"url":"https:\/\/www.versiegelung24.com\/wp-content\/uploads\/2020\/04\/produkt-BACTUE-bacoban-front.jpg","type":"image\/jpeg"}],"twitter_card":"summary_large_image","twitter_misc":{"Price":"78,99&euro;","Availability":"On backorder"},"schema":{"@context":"https:\/\/schema.org","@graph":[{"@type":"WebPage","@id":"https:\/\/www.versiegelung24.com\/sq\/product\/mbrojtje-afatgjate-e-siperfaqes-tiosept-sg-55-20-komplete-per-1m%c2%b2-secili-kopie\/","url":"https:\/\/www.versiegelung24.com\/sq\/product\/mbrojtje-afatgjate-e-siperfaqes-tiosept-sg-55-20-komplete-per-1m%c2%b2-secili-kopie\/","name":"Mbrojtje afatgjat\u00eb e sip\u00ebrfaqes TiOSEPT\u00ae SG-55, 10 komplete p\u00ebr 2m\u00b2 secili - versiegelung24.com","isPartOf":{"@id":"https:\/\/www.versiegelung24.com\/sq\/#website"},"primaryImageOfPage":{"@id":"https:\/\/www.versiegelung24.com\/sq\/product\/mbrojtje-afatgjate-e-siperfaqes-tiosept-sg-55-20-komplete-per-1m%c2%b2-secili-kopie\/#primaryimage"},"image":{"@id":"https:\/\/www.versiegelung24.com\/sq\/product\/mbrojtje-afatgjate-e-siperfaqes-tiosept-sg-55-20-komplete-per-1m%c2%b2-secili-kopie\/#primaryimage"},"thumbnailUrl":"https:\/\/www.versiegelung24.com\/wp-content\/uploads\/2022\/11\/Tiosept-Schachtel-rechts.jpg","datePublished":"2022-12-01T14:45:42+00:00","dateModified":"2023-06-19T14:33:18+00:00","breadcrumb":{"@id":"https:\/\/www.versiegelung24.com\/sq\/product\/mbrojtje-afatgjate-e-siperfaqes-tiosept-sg-55-20-komplete-per-1m%c2%b2-secili-kopie\/#breadcrumb"},"inLanguage":"sq-AL","potentialAction":[{"@type":"ReadAction","target":["https:\/\/www.versiegelung24.com\/sq\/product\/mbrojtje-afatgjate-e-siperfaqes-tiosept-sg-55-20-komplete-per-1m%c2%b2-secili-kopie\/"]}]},{"@type":"ImageObject","inLanguage":"sq-AL","@id":"https:\/\/www.versiegelung24.com\/sq\/product\/mbrojtje-afatgjate-e-siperfaqes-tiosept-sg-55-20-komplete-per-1m%c2%b2-secili-kopie\/#primaryimage","url":"https:\/\/www.versiegelung24.com\/wp-content\/uploads\/2022\/11\/Tiosept-Schachtel-rechts.jpg","contentUrl":"https:\/\/www.versiegelung24.com\/wp-content\/uploads\/2022\/11\/Tiosept-Schachtel-rechts.jpg","width":1668,"height":1568},{"@type":"BreadcrumbList","@id":"https:\/\/www.versiegelung24.com\/sq\/product\/mbrojtje-afatgjate-e-siperfaqes-tiosept-sg-55-20-komplete-per-1m%c2%b2-secili-kopie\/#breadcrumb","itemListElement":[{"@type":"ListItem","position":1,"name":"Faqja kryesore","item":"https:\/\/www.versiegelung24.com\/sq\/perpara\/"},{"@type":"ListItem","position":2,"name":"Dyqan","item":"https:\/\/www.versiegelung24.com\/sq\/dyqan\/"},{"@type":"ListItem","position":3,"name":"Mbrojtje afatgjat\u00eb e sip\u00ebrfaqes TiOSEPT\u00ae SG-55, 10 komplete p\u00ebr 2m\u00b2 secili"}]},{"@type":"WebSite","@id":"https:\/\/www.versiegelung24.com\/sq\/#website","url":"https:\/\/www.versiegelung24.com\/sq\/","name":"versiegelung24.com","description":"Fl\u00fcssigglas-Versiegelung - Made in Germany","publisher":{"@id":"https:\/\/www.versiegelung24.com\/sq\/#organization"},"potentialAction":[{"@type":"SearchAction","target":{"@type":"EntryPoint","urlTemplate":"https:\/\/www.versiegelung24.com\/sq\/?s={search_term_string}"},"query-input":{"@type":"PropertyValueSpecification","valueRequired":true,"valueName":"search_term_string"}}],"inLanguage":"sq-AL"},{"@type":"Organization","@id":"https:\/\/www.versiegelung24.com\/sq\/#organization","name":"versiegelung24","url":"https:\/\/www.versiegelung24.com\/sq\/","logo":{"@type":"ImageObject","inLanguage":"sq-AL","@id":"https:\/\/www.versiegelung24.com\/sq\/#\/schema\/logo\/image\/","url":"https:\/\/www.versiegelung24.com\/wp-content\/uploads\/2020\/04\/versiegelung24.png","contentUrl":"https:\/\/www.versiegelung24.com\/wp-content\/uploads\/2020\/04\/versiegelung24.png","width":470,"height":102,"caption":"versiegelung24"},"image":{"@id":"https:\/\/www.versiegelung24.com\/sq\/#\/schema\/logo\/image\/"}}]},"product_price_amount":"78.99","product_price_currency":"EUR","og_availability":"backorder","product_availability":"available for order","product_retailer_item_id":"TiOS-SG55-SA2-10","product_condition":"new"},"_links":{"self":[{"href":"https:\/\/www.versiegelung24.com\/sq\/wp-json\/wp\/v2\/product\/95215","targetHints":{"allow":["GET"]}}],"collection":[{"href":"https:\/\/www.versiegelung24.com\/sq\/wp-json\/wp\/v2\/product"}],"about":[{"href":"https:\/\/www.versiegelung24.com\/sq\/wp-json\/wp\/v2\/types\/product"}],"version-history":[{"count":7,"href":"https:\/\/www.versiegelung24.com\/sq\/wp-json\/wp\/v2\/product\/95215\/revisions"}],"predecessor-version":[{"id":96503,"href":"https:\/\/www.versiegelung24.com\/sq\/wp-json\/wp\/v2\/product\/95215\/revisions\/96503"}],"wp:featuredmedia":[{"embeddable":true,"href":"https:\/\/www.versiegelung24.com\/sq\/wp-json\/wp\/v2\/media\/94914"}],"wp:attachment":[{"href":"https:\/\/www.versiegelung24.com\/sq\/wp-json\/wp\/v2\/media?parent=95215"}],"wp:term":[{"taxonomy":"product_brand","embeddable":true,"href":"https:\/\/www.versiegelung24.com\/sq\/wp-json\/wp\/v2\/product_brand?post=95215"},{"taxonomy":"product_cat","embeddable":true,"href":"https:\/\/www.versiegelung24.com\/sq\/wp-json\/wp\/v2\/product_cat?post=95215"},{"taxonomy":"product_tag","embeddable":true,"href":"https:\/\/www.versiegelung24.com\/sq\/wp-json\/wp\/v2\/product_tag?post=95215"}],"curies":[{"name":"wp","href":"https:\/\/api.w.org\/{rel}","templated":true}]}}