{"id":25558,"date":"2021-08-03T10:29:46","date_gmt":"2021-08-03T08:29:46","guid":{"rendered":"https:\/\/www.versiegelung24.com\/kop-ccm-gmbh-produkter-i-onlinebutiken"},"modified":"2024-06-25T20:51:25","modified_gmt":"2024-06-25T18:51:25","slug":"om-the-ccm-gmbh","status":"publish","type":"page","link":"https:\/\/www.versiegelung24.com\/sv\/kop-ccm-gmbh-produkter-i-onlinebutiken\/","title":{"rendered":"K\u00f6p CCM GmbH -produkter i onlinebutiken"},"content":{"rendered":"<h2><span style=\"color: var(--nv-text-color);font-family: Graphik,-apple-system,BlinkMacSystemFont,Segoe UI,var(--nv-fallback-ff);font-size: 2em;font-weight: 600;background-color: var(--nv-site-bg)\">K\u00f6p produkter fr\u00e5n CCM GmbH fr\u00e5n Overath \/ Tyskland i onlinebutiken<\/span><\/h2>\n<div class=\"std\">\n<div>\n<figure id=\"attachment_15247\" aria-describedby=\"caption-attachment-15247\" style=\"width: 300px\" class=\"wp-caption alignleft\"><a href=\"https:\/\/www.versiegelung24.com\/wp-content\/uploads\/2020\/05\/CCM_Gebaeude-300x203.jpg\"><img fetchpriority=\"high\" decoding=\"async\" class=\"wp-image-7780 size-medium\" src=\"https:\/\/www.versiegelung24.com\/wp-content\/uploads\/2020\/05\/CCM_Gebaeude-300x203.jpg\" alt=\"CCM Zentrale in Overath\" width=\"300\" height=\"203\" srcset=\"https:\/\/www.versiegelung24.com\/wp-content\/uploads\/2020\/05\/CCM_Gebaeude-300x203.jpg 300w, https:\/\/www.versiegelung24.com\/wp-content\/uploads\/2020\/05\/CCM_Gebaeude-16x12.jpg 16w, https:\/\/www.versiegelung24.com\/wp-content\/uploads\/2020\/05\/CCM_Gebaeude.jpg 400w\" sizes=\"(max-width: 300px) 100vw, 300px\" \/><\/a><figcaption id=\"caption-attachment-15247\" class=\"wp-caption-text\">CCM: s huvudkontor i Overath<\/figcaption><\/figure>\n<p>&#8220;Made in Germany&#8221; \u00e4r en global term f\u00f6r innovation och h\u00f6gsta kvalitet och \u00e4r till exempel k\u00e4nd inom bilar, maskinteknik och kemi. F\u00f6rutom stora multinationella f\u00f6retag har Tyskland framf\u00f6r allt en kultur med hundratusentals innovativa sm\u00e5 och medelstora f\u00f6retag som \u00e4r mycket kreativa och ofta v\u00e4rldsmarknadsledare i sina sm\u00e5 nischer (dessa f\u00f6retag kallas vanligtvis &#8220;dolda m\u00e4stare&#8221; ).<\/p>\n<\/div>\n<div>\n<p>CCM GmbH producerar och marknadsf\u00f6r id\u00e9er fr\u00e5n tyska uppfinnare, unika probleml\u00f6sare av h\u00f6gsta kvalitet. Det grundades 2007 av de tv\u00e5 verkst\u00e4llande direkt\u00f6rerna Heiner Perk och Bernd Zimmermann och \u00e4r ett unikt n\u00e4tverk av innovation, produktion och global f\u00f6rs\u00e4ljning. Gjord i Tyskland.<\/p>\n<p>CCM lever den djupa \u00f6vertygelsen om att unika produkter endast framg\u00e5ngsrikt kan marknadsf\u00f6ras \u00f6ver hela v\u00e4rlden om unika m\u00e4nniskor ligger bakom dem som partners. CCM GmbH arbetar redan med s\u00e5dana m\u00e4nniskor i \u00f6ver 40 l\u00e4nder p\u00e5 alla kontinenter.<\/p>\n<p>All verksamhet kontrolleras fr\u00e5n f\u00f6retagets huvudkontor i Overath n\u00e4ra K\u00f6ln i Tyskland.<\/p>\n<p>Modern teknik och n\u00e4tverk g\u00f6r det m\u00f6jligt att framst\u00e5 som en enhet utan att alla anst\u00e4llda beh\u00f6ver arbeta p\u00e5 ett st\u00e4lle.<\/p>\n<p>T\u00e4tningarna &#8220;flytande glas&#8221; fr\u00e5n CCM GmbH har redan nominerats till olika priser.<\/p>\n<p>L\u00e5t dig inspireras av koncept, id\u00e9er och erfarenheter av CCM GmbH.<\/p>\n<\/div>\n<h2>K\u00f6p CCM GmbH -produkter i onlinebutiken:<\/h2>\n<div class=\"woocommerce columns-4\"><ul class=\"products columns-4\">\n<li class=\"product-category product first\">\n\t<a aria-label=\"Bes\u00f6k produktkategori Sten- och betongf\u00f6rsegling\" href=\"https:\/\/www.versiegelung24.com\/sv\/taetning-av-flytande-glas\/taetning-av-sten-och-betong\/\"><img decoding=\"async\" src=\"https:\/\/www.versiegelung24.com\/wp-content\/uploads\/2023\/06\/V24-steinkategorie-2306-400x400.webp\" alt=\"Sten- och betongf\u00f6rsegling\" width=\"400\" height=\"400\" srcset=\"https:\/\/www.versiegelung24.com\/wp-content\/uploads\/2023\/06\/V24-steinkategorie-2306-400x400.webp 400w, https:\/\/www.versiegelung24.com\/wp-content\/uploads\/2023\/06\/V24-steinkategorie-2306-80x80.webp 80w, https:\/\/www.versiegelung24.com\/wp-content\/uploads\/2023\/06\/V24-steinkategorie-2306-70x70.webp 70w, https:\/\/www.versiegelung24.com\/wp-content\/uploads\/2023\/06\/V24-steinkategorie-2306-100x100.webp 100w\" sizes=\"(max-width: 400px) 100vw, 400px\" \/>\t\t<h2 class=\"woocommerce-loop-category__title\">\n\t\t\tSten- och betongf\u00f6rsegling <mark class=\"count\">(12)<\/mark>\t\t<\/h2>\n\t\t<\/a><\/li>\n<li class=\"product-category product\">\n\t<a aria-label=\"Bes\u00f6k produktkategori T\u00e4tning av bilar\" href=\"https:\/\/www.versiegelung24.com\/sv\/taetning-av-flytande-glas\/biltaetning\/\"><img decoding=\"async\" src=\"https:\/\/www.versiegelung24.com\/wp-content\/uploads\/2022\/08\/Kategorie_Auto-400x400.jpg\" alt=\"T\u00e4tning av bilar\" width=\"400\" height=\"400\" srcset=\"https:\/\/www.versiegelung24.com\/wp-content\/uploads\/2022\/08\/Kategorie_Auto-400x400.jpg 400w, https:\/\/www.versiegelung24.com\/wp-content\/uploads\/2022\/08\/Kategorie_Auto-80x80.jpg 80w, https:\/\/www.versiegelung24.com\/wp-content\/uploads\/2022\/08\/Kategorie_Auto-70x70.jpg 70w, https:\/\/www.versiegelung24.com\/wp-content\/uploads\/2022\/08\/Kategorie_Auto-100x100.jpg 100w\" sizes=\"(max-width: 400px) 100vw, 400px\" \/>\t\t<h2 class=\"woocommerce-loop-category__title\">\n\t\t\tT\u00e4tning av bilar <mark class=\"count\">(19)<\/mark>\t\t<\/h2>\n\t\t<\/a><\/li>\n<li class=\"product-category product\">\n\t<a aria-label=\"Bes\u00f6k produktkategori T\u00e4tning f\u00f6r glas och keramik\" href=\"https:\/\/www.versiegelung24.com\/sv\/taetning-av-flytande-glas\/taetning-foer-glas-och-keramik\/\"><img loading=\"lazy\" decoding=\"async\" src=\"https:\/\/www.versiegelung24.com\/wp-content\/uploads\/2022\/07\/Startseite_Banner-400x400.jpg\" alt=\"T\u00e4tning f\u00f6r glas och keramik\" width=\"400\" height=\"400\" srcset=\"https:\/\/www.versiegelung24.com\/wp-content\/uploads\/2022\/07\/Startseite_Banner-400x400.jpg 400w, https:\/\/www.versiegelung24.com\/wp-content\/uploads\/2022\/07\/Startseite_Banner-80x80.jpg 80w, https:\/\/www.versiegelung24.com\/wp-content\/uploads\/2022\/07\/Startseite_Banner-70x70.jpg 70w, https:\/\/www.versiegelung24.com\/wp-content\/uploads\/2022\/07\/Startseite_Banner-100x100.jpg 100w\" sizes=\"(max-width: 400px) 100vw, 400px\" \/>\t\t<h2 class=\"woocommerce-loop-category__title\">\n\t\t\tT\u00e4tning f\u00f6r glas och keramik <mark class=\"count\">(18)<\/mark>\t\t<\/h2>\n\t\t<\/a><\/li>\n<li class=\"product-category product last\">\n\t<a aria-label=\"Bes\u00f6k produktkategori T\u00e4tning av metall och plast\" href=\"https:\/\/www.versiegelung24.com\/sv\/taetning-av-flytande-glas\/taetning-av-metall-och-plast\/\"><img loading=\"lazy\" decoding=\"async\" src=\"https:\/\/www.versiegelung24.com\/wp-content\/uploads\/2022\/08\/Kategorie_Metall-400x400.jpg\" alt=\"T\u00e4tning av metall och plast\" width=\"400\" height=\"400\" srcset=\"https:\/\/www.versiegelung24.com\/wp-content\/uploads\/2022\/08\/Kategorie_Metall-400x400.jpg 400w, https:\/\/www.versiegelung24.com\/wp-content\/uploads\/2022\/08\/Kategorie_Metall-80x80.jpg 80w, https:\/\/www.versiegelung24.com\/wp-content\/uploads\/2022\/08\/Kategorie_Metall-70x70.jpg 70w, https:\/\/www.versiegelung24.com\/wp-content\/uploads\/2022\/08\/Kategorie_Metall-100x100.jpg 100w\" sizes=\"(max-width: 400px) 100vw, 400px\" \/>\t\t<h2 class=\"woocommerce-loop-category__title\">\n\t\t\tT\u00e4tning av metall och plast <mark class=\"count\">(16)<\/mark>\t\t<\/h2>\n\t\t<\/a><\/li>\n<li class=\"product-category product first\">\n\t<a aria-label=\"Bes\u00f6k produktkategori Reng\u00f6ringsmedel\" href=\"https:\/\/www.versiegelung24.com\/sv\/staedtillbehoer\/\"><img loading=\"lazy\" decoding=\"async\" src=\"https:\/\/www.versiegelung24.com\/wp-content\/uploads\/2022\/08\/Kategorie_Bioreiniger-400x400.jpg\" alt=\"Reng\u00f6ringsmedel\" width=\"400\" height=\"400\" srcset=\"https:\/\/www.versiegelung24.com\/wp-content\/uploads\/2022\/08\/Kategorie_Bioreiniger-400x400.jpg 400w, https:\/\/www.versiegelung24.com\/wp-content\/uploads\/2022\/08\/Kategorie_Bioreiniger-80x80.jpg 80w, https:\/\/www.versiegelung24.com\/wp-content\/uploads\/2022\/08\/Kategorie_Bioreiniger-70x70.jpg 70w, https:\/\/www.versiegelung24.com\/wp-content\/uploads\/2022\/08\/Kategorie_Bioreiniger-100x100.jpg 100w\" sizes=\"(max-width: 400px) 100vw, 400px\" \/>\t\t<h2 class=\"woocommerce-loop-category__title\">\n\t\t\tReng\u00f6ringsmedel <mark class=\"count\">(10)<\/mark>\t\t<\/h2>\n\t\t<\/a><\/li>\n<li class=\"product-category product\">\n\t<a aria-label=\"Bes\u00f6k produktkategori F\u00f6rsegling av l\u00e4der och textilier\" href=\"https:\/\/www.versiegelung24.com\/sv\/taetning-av-flytande-glas\/laeder-och-textiltaetning\/\"><img loading=\"lazy\" decoding=\"async\" src=\"https:\/\/www.versiegelung24.com\/wp-content\/uploads\/2023\/06\/waterpoof-jacket-in-detail-400x400.jpg\" alt=\"F\u00f6rsegling av l\u00e4der och textilier\" width=\"400\" height=\"400\" srcset=\"https:\/\/www.versiegelung24.com\/wp-content\/uploads\/2023\/06\/waterpoof-jacket-in-detail-400x400.jpg 400w, https:\/\/www.versiegelung24.com\/wp-content\/uploads\/2023\/06\/waterpoof-jacket-in-detail-80x80.jpg 80w, https:\/\/www.versiegelung24.com\/wp-content\/uploads\/2023\/06\/waterpoof-jacket-in-detail-70x70.jpg 70w, https:\/\/www.versiegelung24.com\/wp-content\/uploads\/2023\/06\/waterpoof-jacket-in-detail-100x100.jpg 100w\" sizes=\"(max-width: 400px) 100vw, 400px\" \/>\t\t<h2 class=\"woocommerce-loop-category__title\">\n\t\t\tF\u00f6rsegling av l\u00e4der och textilier <mark class=\"count\">(3)<\/mark>\t\t<\/h2>\n\t\t<\/a><\/li>\n<li class=\"product-category product\">\n\t<a aria-label=\"Bes\u00f6k produktkategori Universal t\u00e4tningsmedel\" href=\"https:\/\/www.versiegelung24.com\/sv\/taetning-av-flytande-glas\/universell-taetning\/\"><img loading=\"lazy\" decoding=\"async\" src=\"https:\/\/www.versiegelung24.com\/wp-content\/uploads\/2022\/08\/Kategorie_Universal-400x400.jpg\" alt=\"Universal t\u00e4tningsmedel\" width=\"400\" height=\"400\" srcset=\"https:\/\/www.versiegelung24.com\/wp-content\/uploads\/2022\/08\/Kategorie_Universal-400x400.jpg 400w, https:\/\/www.versiegelung24.com\/wp-content\/uploads\/2022\/08\/Kategorie_Universal-80x80.jpg 80w, https:\/\/www.versiegelung24.com\/wp-content\/uploads\/2022\/08\/Kategorie_Universal-70x70.jpg 70w, https:\/\/www.versiegelung24.com\/wp-content\/uploads\/2022\/08\/Kategorie_Universal-100x100.jpg 100w\" sizes=\"(max-width: 400px) 100vw, 400px\" \/>\t\t<h2 class=\"woocommerce-loop-category__title\">\n\t\t\tUniversal t\u00e4tningsmedel <mark class=\"count\">(13)<\/mark>\t\t<\/h2>\n\t\t<\/a><\/li>\n<li class=\"product-category product last\">\n\t<a aria-label=\"Bes\u00f6k produktkategori F\u00f6rsegling av tr\u00e4\" href=\"https:\/\/www.versiegelung24.com\/sv\/taetning-av-flytande-glas\/traetaetning\/\"><img loading=\"lazy\" decoding=\"async\" src=\"https:\/\/www.versiegelung24.com\/wp-content\/uploads\/2022\/08\/Kategorie_Holz-400x400.jpg\" alt=\"F\u00f6rsegling av tr\u00e4\" width=\"400\" height=\"400\" srcset=\"https:\/\/www.versiegelung24.com\/wp-content\/uploads\/2022\/08\/Kategorie_Holz-400x400.jpg 400w, https:\/\/www.versiegelung24.com\/wp-content\/uploads\/2022\/08\/Kategorie_Holz-80x80.jpg 80w, https:\/\/www.versiegelung24.com\/wp-content\/uploads\/2022\/08\/Kategorie_Holz-70x70.jpg 70w, https:\/\/www.versiegelung24.com\/wp-content\/uploads\/2022\/08\/Kategorie_Holz-100x100.jpg 100w\" sizes=\"(max-width: 400px) 100vw, 400px\" \/>\t\t<h2 class=\"woocommerce-loop-category__title\">\n\t\t\tF\u00f6rsegling av tr\u00e4 <mark class=\"count\">(3)<\/mark>\t\t<\/h2>\n\t\t<\/a><\/li>\n<\/ul>\n<\/div>\n<\/div>\n","protected":false},"excerpt":{"rendered":"<p>K\u00f6p produkter fr\u00e5n CCM GmbH fr\u00e5n Overath \/ Tyskland i onlinebutiken &#8220;Made in Germany&#8221; \u00e4r en global term f\u00f6r innovation och h\u00f6gsta kvalitet och \u00e4r till exempel k\u00e4nd inom bilar, maskinteknik och kemi. F\u00f6rutom stora multinationella f\u00f6retag har Tyskland framf\u00f6r allt en kultur med hundratusentals innovativa sm\u00e5 och medelstora f\u00f6retag som \u00e4r mycket kreativa och&hellip;&nbsp;<a href=\"https:\/\/www.versiegelung24.com\/sv\/kop-ccm-gmbh-produkter-i-onlinebutiken\/\" rel=\"bookmark\">Read More &raquo;<span class=\"screen-reader-text\">K\u00f6p CCM GmbH -produkter i onlinebutiken<\/span><\/a><\/p>\n","protected":false},"author":932,"featured_media":70236,"parent":0,"menu_order":0,"comment_status":"closed","ping_status":"closed","template":"","meta":{"_acf_changed":false,"neve_meta_sidebar":"","neve_meta_container":"","neve_meta_enable_content_width":"","neve_meta_content_width":0,"neve_meta_title_alignment":"","neve_meta_author_avatar":"","neve_post_elements_order":"","neve_meta_disable_header":"","neve_meta_disable_footer":"","neve_meta_disable_title":"","neve_meta_reading_time":"","footnotes":""},"categories":[],"seiten_kategorie":[],"class_list":["post-25558","page","type-page","status-publish","has-post-thumbnail","hentry"],"acf":[],"yoast_head":"<!-- This site is optimized with the Yoast SEO Premium plugin v22.8 (Yoast SEO v27.4) - https:\/\/yoast.com\/product\/yoast-seo-premium-wordpress\/ -->\n<title>K\u00f6p CCM GmbH -produkter i onlinebutiken<\/title>\n<meta name=\"description\" content=\"K\u00f6p flytande glas nanof\u00f6rsegling, reng\u00f6ringsmedel, desinfektionsmedel och andra produkter fr\u00e5n CCM GmbH fr\u00e5n Overath Tyskland online.\" \/>\n<meta name=\"robots\" content=\"index, follow, max-snippet:-1, max-image-preview:large, max-video-preview:-1\" \/>\n<link rel=\"canonical\" href=\"https:\/\/www.versiegelung24.com\/sv\/kop-ccm-gmbh-produkter-i-onlinebutiken\/\" \/>\n<meta property=\"og:locale\" content=\"sv_SE\" \/>\n<meta property=\"og:type\" content=\"article\" \/>\n<meta property=\"og:title\" content=\"K\u00f6p CCM GmbH -produkter i onlinebutiken\" \/>\n<meta property=\"og:description\" content=\"K\u00f6p flytande glas nanof\u00f6rsegling, reng\u00f6ringsmedel, desinfektionsmedel och andra produkter fr\u00e5n CCM GmbH fr\u00e5n Overath Tyskland online.\" \/>\n<meta property=\"og:url\" content=\"https:\/\/www.versiegelung24.com\/sv\/kop-ccm-gmbh-produkter-i-onlinebutiken\/\" \/>\n<meta property=\"og:site_name\" content=\"versiegelung24.com\" \/>\n<meta property=\"article:modified_time\" content=\"2024-06-25T18:51:25+00:00\" \/>\n<meta property=\"og:image\" content=\"https:\/\/www.versiegelung24.com\/wp-content\/uploads\/2022\/02\/Flasche.png\" \/>\n\t<meta property=\"og:image:width\" content=\"2560\" \/>\n\t<meta property=\"og:image:height\" content=\"2560\" \/>\n\t<meta property=\"og:image:type\" content=\"image\/png\" \/>\n<meta name=\"twitter:card\" content=\"summary_large_image\" \/>\n<meta name=\"twitter:label1\" content=\"Ber\u00e4knad l\u00e4stid\" \/>\n\t<meta name=\"twitter:data1\" content=\"1 minut\" \/>\n<script type=\"application\/ld+json\" class=\"yoast-schema-graph\">{\"@context\":\"https:\\\/\\\/schema.org\",\"@graph\":[{\"@type\":\"WebPage\",\"@id\":\"https:\\\/\\\/www.versiegelung24.com\\\/sv\\\/kop-ccm-gmbh-produkter-i-onlinebutiken\\\/\",\"url\":\"https:\\\/\\\/www.versiegelung24.com\\\/sv\\\/kop-ccm-gmbh-produkter-i-onlinebutiken\\\/\",\"name\":\"K\u00f6p CCM GmbH -produkter i onlinebutiken\",\"isPartOf\":{\"@id\":\"https:\\\/\\\/www.versiegelung24.com\\\/sv\\\/#website\"},\"primaryImageOfPage\":{\"@id\":\"https:\\\/\\\/www.versiegelung24.com\\\/sv\\\/kop-ccm-gmbh-produkter-i-onlinebutiken\\\/#primaryimage\"},\"image\":{\"@id\":\"https:\\\/\\\/www.versiegelung24.com\\\/sv\\\/kop-ccm-gmbh-produkter-i-onlinebutiken\\\/#primaryimage\"},\"thumbnailUrl\":\"https:\\\/\\\/www.versiegelung24.com\\\/wp-content\\\/uploads\\\/2022\\\/02\\\/Flasche.png\",\"datePublished\":\"2021-08-03T08:29:46+00:00\",\"dateModified\":\"2024-06-25T18:51:25+00:00\",\"description\":\"K\u00f6p flytande glas nanof\u00f6rsegling, reng\u00f6ringsmedel, desinfektionsmedel och andra produkter fr\u00e5n CCM GmbH fr\u00e5n Overath Tyskland online.\",\"breadcrumb\":{\"@id\":\"https:\\\/\\\/www.versiegelung24.com\\\/sv\\\/kop-ccm-gmbh-produkter-i-onlinebutiken\\\/#breadcrumb\"},\"inLanguage\":\"sv-SE\",\"potentialAction\":[{\"@type\":\"ReadAction\",\"target\":[\"https:\\\/\\\/www.versiegelung24.com\\\/sv\\\/kop-ccm-gmbh-produkter-i-onlinebutiken\\\/\"]}]},{\"@type\":\"ImageObject\",\"inLanguage\":\"sv-SE\",\"@id\":\"https:\\\/\\\/www.versiegelung24.com\\\/sv\\\/kop-ccm-gmbh-produkter-i-onlinebutiken\\\/#primaryimage\",\"url\":\"https:\\\/\\\/www.versiegelung24.com\\\/wp-content\\\/uploads\\\/2022\\\/02\\\/Flasche.png\",\"contentUrl\":\"https:\\\/\\\/www.versiegelung24.com\\\/wp-content\\\/uploads\\\/2022\\\/02\\\/Flasche.png\",\"width\":2560,\"height\":2560},{\"@type\":\"BreadcrumbList\",\"@id\":\"https:\\\/\\\/www.versiegelung24.com\\\/sv\\\/kop-ccm-gmbh-produkter-i-onlinebutiken\\\/#breadcrumb\",\"itemListElement\":[{\"@type\":\"ListItem\",\"position\":1,\"name\":\"Hemsidan\",\"item\":\"https:\\\/\\\/www.versiegelung24.com\\\/sv\\\/front\\\/\"},{\"@type\":\"ListItem\",\"position\":2,\"name\":\"K\u00f6p CCM GmbH -produkter i onlinebutiken\"}]},{\"@type\":\"WebSite\",\"@id\":\"https:\\\/\\\/www.versiegelung24.com\\\/sv\\\/#website\",\"url\":\"https:\\\/\\\/www.versiegelung24.com\\\/sv\\\/\",\"name\":\"versiegelung24.com\",\"description\":\"Fl\u00fcssigglas-Versiegelung - Made in Germany\",\"publisher\":{\"@id\":\"https:\\\/\\\/www.versiegelung24.com\\\/sv\\\/#organization\"},\"potentialAction\":[{\"@type\":\"SearchAction\",\"target\":{\"@type\":\"EntryPoint\",\"urlTemplate\":\"https:\\\/\\\/www.versiegelung24.com\\\/sv\\\/?s={search_term_string}\"},\"query-input\":{\"@type\":\"PropertyValueSpecification\",\"valueRequired\":true,\"valueName\":\"search_term_string\"}}],\"inLanguage\":\"sv-SE\"},{\"@type\":\"Organization\",\"@id\":\"https:\\\/\\\/www.versiegelung24.com\\\/sv\\\/#organization\",\"name\":\"versiegelung24\",\"url\":\"https:\\\/\\\/www.versiegelung24.com\\\/sv\\\/\",\"logo\":{\"@type\":\"ImageObject\",\"inLanguage\":\"sv-SE\",\"@id\":\"https:\\\/\\\/www.versiegelung24.com\\\/sv\\\/#\\\/schema\\\/logo\\\/image\\\/\",\"url\":\"https:\\\/\\\/www.versiegelung24.com\\\/wp-content\\\/uploads\\\/2020\\\/04\\\/versiegelung24.png\",\"contentUrl\":\"https:\\\/\\\/www.versiegelung24.com\\\/wp-content\\\/uploads\\\/2020\\\/04\\\/versiegelung24.png\",\"width\":470,\"height\":102,\"caption\":\"versiegelung24\"},\"image\":{\"@id\":\"https:\\\/\\\/www.versiegelung24.com\\\/sv\\\/#\\\/schema\\\/logo\\\/image\\\/\"}}]}<\/script>\n<!-- \/ Yoast SEO Premium plugin. -->","yoast_head_json":{"title":"K\u00f6p CCM GmbH -produkter i onlinebutiken","description":"K\u00f6p flytande glas nanof\u00f6rsegling, reng\u00f6ringsmedel, desinfektionsmedel och andra produkter fr\u00e5n CCM GmbH fr\u00e5n Overath Tyskland online.","robots":{"index":"index","follow":"follow","max-snippet":"max-snippet:-1","max-image-preview":"max-image-preview:large","max-video-preview":"max-video-preview:-1"},"canonical":"https:\/\/www.versiegelung24.com\/sv\/kop-ccm-gmbh-produkter-i-onlinebutiken\/","og_locale":"sv_SE","og_type":"article","og_title":"K\u00f6p CCM GmbH -produkter i onlinebutiken","og_description":"K\u00f6p flytande glas nanof\u00f6rsegling, reng\u00f6ringsmedel, desinfektionsmedel och andra produkter fr\u00e5n CCM GmbH fr\u00e5n Overath Tyskland online.","og_url":"https:\/\/www.versiegelung24.com\/sv\/kop-ccm-gmbh-produkter-i-onlinebutiken\/","og_site_name":"versiegelung24.com","article_modified_time":"2024-06-25T18:51:25+00:00","og_image":[{"width":2560,"height":2560,"url":"https:\/\/www.versiegelung24.com\/wp-content\/uploads\/2022\/02\/Flasche.png","type":"image\/png"}],"twitter_card":"summary_large_image","twitter_misc":{"Ber\u00e4knad l\u00e4stid":"1 minut"},"schema":{"@context":"https:\/\/schema.org","@graph":[{"@type":"WebPage","@id":"https:\/\/www.versiegelung24.com\/sv\/kop-ccm-gmbh-produkter-i-onlinebutiken\/","url":"https:\/\/www.versiegelung24.com\/sv\/kop-ccm-gmbh-produkter-i-onlinebutiken\/","name":"K\u00f6p CCM GmbH -produkter i onlinebutiken","isPartOf":{"@id":"https:\/\/www.versiegelung24.com\/sv\/#website"},"primaryImageOfPage":{"@id":"https:\/\/www.versiegelung24.com\/sv\/kop-ccm-gmbh-produkter-i-onlinebutiken\/#primaryimage"},"image":{"@id":"https:\/\/www.versiegelung24.com\/sv\/kop-ccm-gmbh-produkter-i-onlinebutiken\/#primaryimage"},"thumbnailUrl":"https:\/\/www.versiegelung24.com\/wp-content\/uploads\/2022\/02\/Flasche.png","datePublished":"2021-08-03T08:29:46+00:00","dateModified":"2024-06-25T18:51:25+00:00","description":"K\u00f6p flytande glas nanof\u00f6rsegling, reng\u00f6ringsmedel, desinfektionsmedel och andra produkter fr\u00e5n CCM GmbH fr\u00e5n Overath Tyskland online.","breadcrumb":{"@id":"https:\/\/www.versiegelung24.com\/sv\/kop-ccm-gmbh-produkter-i-onlinebutiken\/#breadcrumb"},"inLanguage":"sv-SE","potentialAction":[{"@type":"ReadAction","target":["https:\/\/www.versiegelung24.com\/sv\/kop-ccm-gmbh-produkter-i-onlinebutiken\/"]}]},{"@type":"ImageObject","inLanguage":"sv-SE","@id":"https:\/\/www.versiegelung24.com\/sv\/kop-ccm-gmbh-produkter-i-onlinebutiken\/#primaryimage","url":"https:\/\/www.versiegelung24.com\/wp-content\/uploads\/2022\/02\/Flasche.png","contentUrl":"https:\/\/www.versiegelung24.com\/wp-content\/uploads\/2022\/02\/Flasche.png","width":2560,"height":2560},{"@type":"BreadcrumbList","@id":"https:\/\/www.versiegelung24.com\/sv\/kop-ccm-gmbh-produkter-i-onlinebutiken\/#breadcrumb","itemListElement":[{"@type":"ListItem","position":1,"name":"Hemsidan","item":"https:\/\/www.versiegelung24.com\/sv\/front\/"},{"@type":"ListItem","position":2,"name":"K\u00f6p CCM GmbH -produkter i onlinebutiken"}]},{"@type":"WebSite","@id":"https:\/\/www.versiegelung24.com\/sv\/#website","url":"https:\/\/www.versiegelung24.com\/sv\/","name":"versiegelung24.com","description":"Fl\u00fcssigglas-Versiegelung - Made in Germany","publisher":{"@id":"https:\/\/www.versiegelung24.com\/sv\/#organization"},"potentialAction":[{"@type":"SearchAction","target":{"@type":"EntryPoint","urlTemplate":"https:\/\/www.versiegelung24.com\/sv\/?s={search_term_string}"},"query-input":{"@type":"PropertyValueSpecification","valueRequired":true,"valueName":"search_term_string"}}],"inLanguage":"sv-SE"},{"@type":"Organization","@id":"https:\/\/www.versiegelung24.com\/sv\/#organization","name":"versiegelung24","url":"https:\/\/www.versiegelung24.com\/sv\/","logo":{"@type":"ImageObject","inLanguage":"sv-SE","@id":"https:\/\/www.versiegelung24.com\/sv\/#\/schema\/logo\/image\/","url":"https:\/\/www.versiegelung24.com\/wp-content\/uploads\/2020\/04\/versiegelung24.png","contentUrl":"https:\/\/www.versiegelung24.com\/wp-content\/uploads\/2020\/04\/versiegelung24.png","width":470,"height":102,"caption":"versiegelung24"},"image":{"@id":"https:\/\/www.versiegelung24.com\/sv\/#\/schema\/logo\/image\/"}}]}},"_links":{"self":[{"href":"https:\/\/www.versiegelung24.com\/sv\/wp-json\/wp\/v2\/pages\/25558","targetHints":{"allow":["GET"]}}],"collection":[{"href":"https:\/\/www.versiegelung24.com\/sv\/wp-json\/wp\/v2\/pages"}],"about":[{"href":"https:\/\/www.versiegelung24.com\/sv\/wp-json\/wp\/v2\/types\/page"}],"author":[{"embeddable":true,"href":"https:\/\/www.versiegelung24.com\/sv\/wp-json\/wp\/v2\/users\/932"}],"replies":[{"embeddable":true,"href":"https:\/\/www.versiegelung24.com\/sv\/wp-json\/wp\/v2\/comments?post=25558"}],"version-history":[{"count":2,"href":"https:\/\/www.versiegelung24.com\/sv\/wp-json\/wp\/v2\/pages\/25558\/revisions"}],"predecessor-version":[{"id":167662,"href":"https:\/\/www.versiegelung24.com\/sv\/wp-json\/wp\/v2\/pages\/25558\/revisions\/167662"}],"wp:featuredmedia":[{"embeddable":true,"href":"https:\/\/www.versiegelung24.com\/sv\/wp-json\/wp\/v2\/media\/70236"}],"wp:attachment":[{"href":"https:\/\/www.versiegelung24.com\/sv\/wp-json\/wp\/v2\/media?parent=25558"}],"wp:term":[{"taxonomy":"category","embeddable":true,"href":"https:\/\/www.versiegelung24.com\/sv\/wp-json\/wp\/v2\/categories?post=25558"},{"taxonomy":"seiten_kategorie","embeddable":true,"href":"https:\/\/www.versiegelung24.com\/sv\/wp-json\/wp\/v2\/seiten_kategorie?post=25558"}],"curies":[{"name":"wp","href":"https:\/\/api.w.org\/{rel}","templated":true}]}}