{"id":25653,"date":"2021-08-03T11:14:34","date_gmt":"2021-08-03T09:14:34","guid":{"rendered":"https:\/\/www.versiegelung24.com\/via-versiongelung24-com"},"modified":"2025-03-26T22:57:50","modified_gmt":"2025-03-26T21:57:50","slug":"via-versiongelung24-com","status":"publish","type":"page","link":"https:\/\/www.versiegelung24.com\/sv\/via-versiongelung24-com\/","title":{"rendered":"Via versiongelung24.com"},"content":{"rendered":"\n<p>F\u00f6retaget grundades 1993 i Hennef vid K\u00f6lns portar, vid den tiden fortfarande i den station\u00e4ra detaljhandeln. Genom \u00e5ren har partihandel, support till tj\u00e4nsteleverant\u00f6rer och n\u00e4thandel tillkommit.<\/p>\n\n<p>Sedan 5 \u00e5r tillbaka har vi koncentrerat oss p\u00e5 tekniken f\u00f6r flytande glas, nanobel\u00e4ggning och ytdesinfektion och f\u00f6rser hela den europeiska marknaden med h\u00f6gkvalitativa produkter &#8220;Made in Germany&#8221;.<\/p>\n\n<p>Vi har ett n\u00e4ra samarbete med ledande tillverkare och forskningslaboratorier och erbjuder ett l\u00e4mpligt f\u00f6r n\u00e4stan alla ytor<br\/>L\u00f6sning.<\/p>\n\n<div class=\"wp-block-columns is-layout-flex wp-container-core-columns-is-layout-9d6595d7 wp-block-columns-is-layout-flex\">\n<div class=\"wp-block-column is-layout-flow wp-block-column-is-layout-flow\">\n<div class=\"wp-block-getwid-icon-box headline-center has-text-center\"><div class=\"wp-block-getwid-icon-box__icon-container is-position-top\"><a href=\"https:\/\/www.versiegelung24.com\/sv\/om-teknik-for-flytande-glas\/\" class=\"wp-block-getwid-icon-box__icon-wrapper\"><i class=\"fas fa-spinner\"><\/i><\/a><\/div><div class=\"wp-block-getwid-icon-box__content\">\n<h3 class=\"has-text-align-center wp-block-heading\" id=\"h-flussigglas\"><a href=\"https:\/\/www.versiegelung24.com\/sv\/om-teknik-for-flytande-glas\/\">Flytande glas<\/a><\/h3>\n\n\n\n<p>L\u00e4s mer!<\/p>\n<\/div><\/div>\n<\/div>\n\n\n\n<div class=\"wp-block-column is-layout-flow wp-block-column-is-layout-flow\">\n<div class=\"wp-block-getwid-icon-box headline-center has-text-center\"><div class=\"wp-block-getwid-icon-box__icon-container is-position-top\"><a href=\"https:\/\/www.versiegelung24.com\/sv\/rad-om-produkter-fran-versiegelung24\/vilka-ytor-ar-lampliga\/\" class=\"wp-block-getwid-icon-box__icon-wrapper\"><i class=\"fas fa-water\"><\/i><\/a><\/div><div class=\"wp-block-getwid-icon-box__content\">\n<h3 class=\"has-text-align-center wp-block-heading\" id=\"h-oberfl-chen\"><a href=\"https:\/\/www.versiegelung24.com\/sv\/rad-om-produkter-fran-versiegelung24\/vilka-ytor-ar-lampliga\/\">ytor<\/a><\/h3>\n\n\n\n<p>Vad kan jag f\u00f6rsegla?<\/p>\n<\/div><\/div>\n<\/div>\n\n\n\n<div class=\"wp-block-column is-layout-flow wp-block-column-is-layout-flow\">\n<div class=\"wp-block-getwid-icon-box headline-center has-text-center\"><div class=\"wp-block-getwid-icon-box__icon-container is-position-top\"><a href=\"https:\/\/www.versiegelung24.com\/sv\/rad-om-produkter-fran-versiegelung24\/applicering-av-flytande-glas\/\" class=\"wp-block-getwid-icon-box__icon-wrapper\"><i class=\"fas fa-swatchbook\"><\/i><\/a><\/div><div class=\"wp-block-getwid-icon-box__content\">\n<h3 class=\"has-text-align-center wp-block-heading\" id=\"h-anwendung\"><a href=\"https:\/\/www.versiegelung24.com\/sv\/rad-om-produkter-fran-versiegelung24\/applicering-av-flytande-glas\/\">anv\u00e4nda sig av<\/a><\/h3>\n\n\n\n<p>G\u00f6r det sj\u00e4lv<\/p>\n<\/div><\/div>\n<\/div>\n\n\n\n<div class=\"wp-block-column headline-center is-layout-flow wp-block-column-is-layout-flow\">\n<div class=\"wp-block-getwid-icon-box has-text-center\"><div class=\"wp-block-getwid-icon-box__icon-container is-position-top\"><a href=\"https:\/\/www.versiegelung24.com\/sv\/rad-om-produkter-fran-versiegelung24\/intressanta-fakta-fran-tatning-och-desinfektion\/\" class=\"wp-block-getwid-icon-box__icon-wrapper\"><i class=\"fas fa-check\"><\/i><\/a><\/div><div class=\"wp-block-getwid-icon-box__content\">\n<h3 class=\"has-text-align-center wp-block-heading\" id=\"h-ihr-ergebnis\"><a href=\"https:\/\/www.versiegelung24.com\/sv\/rad-om-produkter-fran-versiegelung24\/intressanta-fakta-fran-tatning-och-desinfektion\/\">Ditt resultat<\/a><\/h3>\n\n\n\n<p>Resultaten<\/p>\n<\/div><\/div>\n<\/div>\n<\/div>\n\n<p><\/p>\n","protected":false},"excerpt":{"rendered":"<p>F\u00f6retaget grundades 1993 i Hennef vid K\u00f6lns portar, vid den tiden fortfarande i den station\u00e4ra detaljhandeln. Genom \u00e5ren har partihandel, support till tj\u00e4nsteleverant\u00f6rer och n\u00e4thandel tillkommit. Sedan 5 \u00e5r tillbaka har vi koncentrerat oss p\u00e5 tekniken f\u00f6r flytande glas, nanobel\u00e4ggning och ytdesinfektion och f\u00f6rser hela den europeiska marknaden med h\u00f6gkvalitativa produkter &#8220;Made in Germany&#8221;. Vi&hellip;&nbsp;<a href=\"https:\/\/www.versiegelung24.com\/sv\/via-versiongelung24-com\/\" rel=\"bookmark\">Read More &raquo;<span class=\"screen-reader-text\">Via versiongelung24.com<\/span><\/a><\/p>\n","protected":false},"author":932,"featured_media":70946,"parent":0,"menu_order":8,"comment_status":"closed","ping_status":"closed","template":"","meta":{"_acf_changed":false,"neve_meta_sidebar":"","neve_meta_container":"","neve_meta_enable_content_width":"","neve_meta_content_width":0,"neve_meta_title_alignment":"","neve_meta_author_avatar":"","neve_post_elements_order":"","neve_meta_disable_header":"","neve_meta_disable_footer":"","neve_meta_disable_title":"","neve_meta_reading_time":"","footnotes":""},"categories":[],"seiten_kategorie":[],"class_list":["post-25653","page","type-page","status-publish","has-post-thumbnail","hentry"],"acf":[],"yoast_head":"<!-- This site is optimized with the Yoast SEO Premium plugin v22.8 (Yoast SEO v27.3) - https:\/\/yoast.com\/product\/yoast-seo-premium-wordpress\/ -->\n<title>Via versiongelung24.com - versiegelung24.com<\/title>\n<meta name=\"robots\" content=\"index, follow, max-snippet:-1, max-image-preview:large, max-video-preview:-1\" \/>\n<link rel=\"canonical\" href=\"https:\/\/www.versiegelung24.com\/sv\/via-versiongelung24-com\/\" \/>\n<meta property=\"og:locale\" content=\"sv_SE\" \/>\n<meta property=\"og:type\" content=\"article\" \/>\n<meta property=\"og:title\" content=\"Via versiongelung24.com\" \/>\n<meta property=\"og:description\" content=\"F\u00f6retaget grundades 1993 i Hennef vid K\u00f6lns portar, vid den tiden fortfarande i den station\u00e4ra detaljhandeln. Genom \u00e5ren har partihandel, support till tj\u00e4nsteleverant\u00f6rer och n\u00e4thandel tillkommit. Sedan 5 \u00e5r tillbaka har vi koncentrerat oss p\u00e5 tekniken f\u00f6r flytande glas, nanobel\u00e4ggning och ytdesinfektion och f\u00f6rser hela den europeiska marknaden med h\u00f6gkvalitativa produkter &#8220;Made in Germany&#8221;. Vi&hellip;&nbsp;Read More &raquo;Via versiongelung24.com\" \/>\n<meta property=\"og:url\" content=\"https:\/\/www.versiegelung24.com\/sv\/via-versiongelung24-com\/\" \/>\n<meta property=\"og:site_name\" content=\"versiegelung24.com\" \/>\n<meta property=\"article:modified_time\" content=\"2025-03-26T21:57:50+00:00\" \/>\n<meta property=\"og:image\" content=\"https:\/\/www.versiegelung24.com\/wp-content\/uploads\/2022\/02\/About-Us.png\" \/>\n\t<meta property=\"og:image:width\" content=\"2000\" \/>\n\t<meta property=\"og:image:height\" content=\"2000\" \/>\n\t<meta property=\"og:image:type\" content=\"image\/png\" \/>\n<meta name=\"twitter:card\" content=\"summary_large_image\" \/>\n<script type=\"application\/ld+json\" class=\"yoast-schema-graph\">{\"@context\":\"https:\\\/\\\/schema.org\",\"@graph\":[{\"@type\":\"WebPage\",\"@id\":\"https:\\\/\\\/www.versiegelung24.com\\\/sv\\\/via-versiongelung24-com\\\/\",\"url\":\"https:\\\/\\\/www.versiegelung24.com\\\/sv\\\/via-versiongelung24-com\\\/\",\"name\":\"Via versiongelung24.com - versiegelung24.com\",\"isPartOf\":{\"@id\":\"https:\\\/\\\/www.versiegelung24.com\\\/sv\\\/#website\"},\"primaryImageOfPage\":{\"@id\":\"https:\\\/\\\/www.versiegelung24.com\\\/sv\\\/via-versiongelung24-com\\\/#primaryimage\"},\"image\":{\"@id\":\"https:\\\/\\\/www.versiegelung24.com\\\/sv\\\/via-versiongelung24-com\\\/#primaryimage\"},\"thumbnailUrl\":\"https:\\\/\\\/www.versiegelung24.com\\\/wp-content\\\/uploads\\\/2022\\\/02\\\/About-Us.png\",\"datePublished\":\"2021-08-03T09:14:34+00:00\",\"dateModified\":\"2025-03-26T21:57:50+00:00\",\"breadcrumb\":{\"@id\":\"https:\\\/\\\/www.versiegelung24.com\\\/sv\\\/via-versiongelung24-com\\\/#breadcrumb\"},\"inLanguage\":\"sv-SE\",\"potentialAction\":[{\"@type\":\"ReadAction\",\"target\":[\"https:\\\/\\\/www.versiegelung24.com\\\/sv\\\/via-versiongelung24-com\\\/\"]}]},{\"@type\":\"ImageObject\",\"inLanguage\":\"sv-SE\",\"@id\":\"https:\\\/\\\/www.versiegelung24.com\\\/sv\\\/via-versiongelung24-com\\\/#primaryimage\",\"url\":\"https:\\\/\\\/www.versiegelung24.com\\\/wp-content\\\/uploads\\\/2022\\\/02\\\/About-Us.png\",\"contentUrl\":\"https:\\\/\\\/www.versiegelung24.com\\\/wp-content\\\/uploads\\\/2022\\\/02\\\/About-Us.png\",\"width\":2000,\"height\":2000},{\"@type\":\"BreadcrumbList\",\"@id\":\"https:\\\/\\\/www.versiegelung24.com\\\/sv\\\/via-versiongelung24-com\\\/#breadcrumb\",\"itemListElement\":[{\"@type\":\"ListItem\",\"position\":1,\"name\":\"Hemsidan\",\"item\":\"https:\\\/\\\/www.versiegelung24.com\\\/sv\\\/front\\\/\"},{\"@type\":\"ListItem\",\"position\":2,\"name\":\"Via versiongelung24.com\"}]},{\"@type\":\"WebSite\",\"@id\":\"https:\\\/\\\/www.versiegelung24.com\\\/sv\\\/#website\",\"url\":\"https:\\\/\\\/www.versiegelung24.com\\\/sv\\\/\",\"name\":\"versiegelung24.com\",\"description\":\"Fl\u00fcssigglas-Versiegelung - Made in Germany\",\"publisher\":{\"@id\":\"https:\\\/\\\/www.versiegelung24.com\\\/sv\\\/#organization\"},\"potentialAction\":[{\"@type\":\"SearchAction\",\"target\":{\"@type\":\"EntryPoint\",\"urlTemplate\":\"https:\\\/\\\/www.versiegelung24.com\\\/sv\\\/?s={search_term_string}\"},\"query-input\":{\"@type\":\"PropertyValueSpecification\",\"valueRequired\":true,\"valueName\":\"search_term_string\"}}],\"inLanguage\":\"sv-SE\"},{\"@type\":\"Organization\",\"@id\":\"https:\\\/\\\/www.versiegelung24.com\\\/sv\\\/#organization\",\"name\":\"versiegelung24\",\"url\":\"https:\\\/\\\/www.versiegelung24.com\\\/sv\\\/\",\"logo\":{\"@type\":\"ImageObject\",\"inLanguage\":\"sv-SE\",\"@id\":\"https:\\\/\\\/www.versiegelung24.com\\\/sv\\\/#\\\/schema\\\/logo\\\/image\\\/\",\"url\":\"https:\\\/\\\/www.versiegelung24.com\\\/wp-content\\\/uploads\\\/2020\\\/04\\\/versiegelung24.png\",\"contentUrl\":\"https:\\\/\\\/www.versiegelung24.com\\\/wp-content\\\/uploads\\\/2020\\\/04\\\/versiegelung24.png\",\"width\":470,\"height\":102,\"caption\":\"versiegelung24\"},\"image\":{\"@id\":\"https:\\\/\\\/www.versiegelung24.com\\\/sv\\\/#\\\/schema\\\/logo\\\/image\\\/\"}}]}<\/script>\n<!-- \/ Yoast SEO Premium plugin. -->","yoast_head_json":{"title":"Via versiongelung24.com - versiegelung24.com","robots":{"index":"index","follow":"follow","max-snippet":"max-snippet:-1","max-image-preview":"max-image-preview:large","max-video-preview":"max-video-preview:-1"},"canonical":"https:\/\/www.versiegelung24.com\/sv\/via-versiongelung24-com\/","og_locale":"sv_SE","og_type":"article","og_title":"Via versiongelung24.com","og_description":"F\u00f6retaget grundades 1993 i Hennef vid K\u00f6lns portar, vid den tiden fortfarande i den station\u00e4ra detaljhandeln. Genom \u00e5ren har partihandel, support till tj\u00e4nsteleverant\u00f6rer och n\u00e4thandel tillkommit. Sedan 5 \u00e5r tillbaka har vi koncentrerat oss p\u00e5 tekniken f\u00f6r flytande glas, nanobel\u00e4ggning och ytdesinfektion och f\u00f6rser hela den europeiska marknaden med h\u00f6gkvalitativa produkter &#8220;Made in Germany&#8221;. Vi&hellip;&nbsp;Read More &raquo;Via versiongelung24.com","og_url":"https:\/\/www.versiegelung24.com\/sv\/via-versiongelung24-com\/","og_site_name":"versiegelung24.com","article_modified_time":"2025-03-26T21:57:50+00:00","og_image":[{"width":2000,"height":2000,"url":"https:\/\/www.versiegelung24.com\/wp-content\/uploads\/2022\/02\/About-Us.png","type":"image\/png"}],"twitter_card":"summary_large_image","schema":{"@context":"https:\/\/schema.org","@graph":[{"@type":"WebPage","@id":"https:\/\/www.versiegelung24.com\/sv\/via-versiongelung24-com\/","url":"https:\/\/www.versiegelung24.com\/sv\/via-versiongelung24-com\/","name":"Via versiongelung24.com - versiegelung24.com","isPartOf":{"@id":"https:\/\/www.versiegelung24.com\/sv\/#website"},"primaryImageOfPage":{"@id":"https:\/\/www.versiegelung24.com\/sv\/via-versiongelung24-com\/#primaryimage"},"image":{"@id":"https:\/\/www.versiegelung24.com\/sv\/via-versiongelung24-com\/#primaryimage"},"thumbnailUrl":"https:\/\/www.versiegelung24.com\/wp-content\/uploads\/2022\/02\/About-Us.png","datePublished":"2021-08-03T09:14:34+00:00","dateModified":"2025-03-26T21:57:50+00:00","breadcrumb":{"@id":"https:\/\/www.versiegelung24.com\/sv\/via-versiongelung24-com\/#breadcrumb"},"inLanguage":"sv-SE","potentialAction":[{"@type":"ReadAction","target":["https:\/\/www.versiegelung24.com\/sv\/via-versiongelung24-com\/"]}]},{"@type":"ImageObject","inLanguage":"sv-SE","@id":"https:\/\/www.versiegelung24.com\/sv\/via-versiongelung24-com\/#primaryimage","url":"https:\/\/www.versiegelung24.com\/wp-content\/uploads\/2022\/02\/About-Us.png","contentUrl":"https:\/\/www.versiegelung24.com\/wp-content\/uploads\/2022\/02\/About-Us.png","width":2000,"height":2000},{"@type":"BreadcrumbList","@id":"https:\/\/www.versiegelung24.com\/sv\/via-versiongelung24-com\/#breadcrumb","itemListElement":[{"@type":"ListItem","position":1,"name":"Hemsidan","item":"https:\/\/www.versiegelung24.com\/sv\/front\/"},{"@type":"ListItem","position":2,"name":"Via versiongelung24.com"}]},{"@type":"WebSite","@id":"https:\/\/www.versiegelung24.com\/sv\/#website","url":"https:\/\/www.versiegelung24.com\/sv\/","name":"versiegelung24.com","description":"Fl\u00fcssigglas-Versiegelung - Made in Germany","publisher":{"@id":"https:\/\/www.versiegelung24.com\/sv\/#organization"},"potentialAction":[{"@type":"SearchAction","target":{"@type":"EntryPoint","urlTemplate":"https:\/\/www.versiegelung24.com\/sv\/?s={search_term_string}"},"query-input":{"@type":"PropertyValueSpecification","valueRequired":true,"valueName":"search_term_string"}}],"inLanguage":"sv-SE"},{"@type":"Organization","@id":"https:\/\/www.versiegelung24.com\/sv\/#organization","name":"versiegelung24","url":"https:\/\/www.versiegelung24.com\/sv\/","logo":{"@type":"ImageObject","inLanguage":"sv-SE","@id":"https:\/\/www.versiegelung24.com\/sv\/#\/schema\/logo\/image\/","url":"https:\/\/www.versiegelung24.com\/wp-content\/uploads\/2020\/04\/versiegelung24.png","contentUrl":"https:\/\/www.versiegelung24.com\/wp-content\/uploads\/2020\/04\/versiegelung24.png","width":470,"height":102,"caption":"versiegelung24"},"image":{"@id":"https:\/\/www.versiegelung24.com\/sv\/#\/schema\/logo\/image\/"}}]}},"_links":{"self":[{"href":"https:\/\/www.versiegelung24.com\/sv\/wp-json\/wp\/v2\/pages\/25653","targetHints":{"allow":["GET"]}}],"collection":[{"href":"https:\/\/www.versiegelung24.com\/sv\/wp-json\/wp\/v2\/pages"}],"about":[{"href":"https:\/\/www.versiegelung24.com\/sv\/wp-json\/wp\/v2\/types\/page"}],"author":[{"embeddable":true,"href":"https:\/\/www.versiegelung24.com\/sv\/wp-json\/wp\/v2\/users\/932"}],"replies":[{"embeddable":true,"href":"https:\/\/www.versiegelung24.com\/sv\/wp-json\/wp\/v2\/comments?post=25653"}],"version-history":[{"count":2,"href":"https:\/\/www.versiegelung24.com\/sv\/wp-json\/wp\/v2\/pages\/25653\/revisions"}],"predecessor-version":[{"id":70986,"href":"https:\/\/www.versiegelung24.com\/sv\/wp-json\/wp\/v2\/pages\/25653\/revisions\/70986"}],"wp:featuredmedia":[{"embeddable":true,"href":"https:\/\/www.versiegelung24.com\/sv\/wp-json\/wp\/v2\/media\/70946"}],"wp:attachment":[{"href":"https:\/\/www.versiegelung24.com\/sv\/wp-json\/wp\/v2\/media?parent=25653"}],"wp:term":[{"taxonomy":"category","embeddable":true,"href":"https:\/\/www.versiegelung24.com\/sv\/wp-json\/wp\/v2\/categories?post=25653"},{"taxonomy":"seiten_kategorie","embeddable":true,"href":"https:\/\/www.versiegelung24.com\/sv\/wp-json\/wp\/v2\/seiten_kategorie?post=25653"}],"curies":[{"name":"wp","href":"https:\/\/api.w.org\/{rel}","templated":true}]}}