{"id":25693,"date":"2021-08-03T11:16:30","date_gmt":"2021-08-03T09:16:30","guid":{"rendered":"https:\/\/www.versiegelung24.com\/allmanna-villkor-med-kundinformation"},"modified":"2024-06-25T20:50:43","modified_gmt":"2024-06-25T18:50:43","slug":"allmanna-villkor-och-bestammelser","status":"publish","type":"page","link":"https:\/\/www.versiegelung24.com\/sv\/allmanna-villkor-och-bestammelser\/","title":{"rendered":"Allm\u00e4nna villkor med kundinformation"},"content":{"rendered":"<h2>Inneh\u00e5llsf\u00f6rteckning<\/h2>\n<ol>\n<li>omfattning<\/li>\n<li>Avtalsavtal<\/li>\n<li>\u00c5ngerr\u00e4tt<\/li>\n<li>Priser och betalningsvillkor<\/li>\n<li>Leverans och leveransvillkor<\/li>\n<li>\u00c4gander\u00e4ttsf\u00f6rbeh\u00e5ll<\/li>\n<li>Ansvar f\u00f6r defekter (garanti)<\/li>\n<li>Inl\u00f6sen av kampanjkuponger<\/li>\n<li>Till\u00e4mplig lag<\/li>\n<li>Alternativ tvistl\u00f6sning<\/li>\n<\/ol>\n<h2>1) Omfattning<\/h2>\n<p><strong>1.1<\/strong> Dessa Allm\u00e4nna Villkor (h\u00e4danefter &#8220;GTC&#8221;) f\u00f6r Holger K\u00e4ding, som handlar under &#8220;versiegelung24.com&#8221; (nedan &#8220;S\u00e4ljaren&#8221;), g\u00e4ller f\u00f6r alla avtal f\u00f6r leverans av varor som en konsument eller f\u00f6retagare (nedan kallad &#8220;Kund&#8221;) med s\u00e4ljaren n\u00e4r det g\u00e4ller de varor som s\u00e4ljaren presenterar i sin webbutik. Inf\u00f6randet av kundens egna villkor mots\u00e4ges h\u00e4rmed, om inte annat \u00f6verenskommits.<\/p>\n<p><strong>1.2<\/strong>&nbsp; En konsument i den mening som avses i dessa Allm\u00e4nna Villkor \u00e4r varje fysisk person som sluter en juridisk transaktion f\u00f6r \u00e4ndam\u00e5l som huvudsakligen varken \u00e4r kommersiella eller egenf\u00f6retagare. En f\u00f6retagare i den mening som avses i dessa villkor \u00e4r en fysisk eller juridisk person eller ett juridiskt partnerskap som, n\u00e4r de slutar en juridisk transaktion, agerar i ut\u00f6vandet av sin kommersiella eller oberoende yrkesverksamhet.<\/p>\n<h2>2) Avtalets ing\u00e5ende<\/h2>\n<p><strong>2.1<\/strong>&nbsp; De produktbeskrivningar som finns i s\u00e4ljarens n\u00e4tbutik representerar inte bindande erbjudanden fr\u00e5n s\u00e4ljarens sida, utan tj\u00e4nar till att g\u00f6ra det m\u00f6jligt f\u00f6r kunden att l\u00e4mna ett bindande erbjudande.<\/p>\n<p><strong>2.2<\/strong>&nbsp; Kunden kan l\u00e4mna erbjudandet via onlinebest\u00e4llningsformul\u00e4ret integrerat i s\u00e4ljarens n\u00e4tbutik. Efter att ha placerat de valda varorna i den virtuella kundvagnen och genomg\u00e5tt den elektroniska best\u00e4llningsprocessen, l\u00e4mnar kunden ett juridiskt bindande kontraktserbjudande f\u00f6r varorna i kundvagnen genom att klicka p\u00e5 knappen som avslutar best\u00e4llningsprocessen. Vidare kan kunden ocks\u00e5 skicka erbjudandet till s\u00e4ljaren via telefon eller e -post.<\/p>\n<p><strong>2.3<\/strong>&nbsp; S\u00e4ljaren kan acceptera kundens erbjudande inom fem dagar,<\/p>\n<ul>\n<li>genom att skicka kunden en skriftlig orderbekr\u00e4ftelse eller en orderbekr\u00e4ftelse i textform (fax eller e-post), varigenom mottagandet av orderbekr\u00e4ftelsen av kunden \u00e4r avg\u00f6rande, eller<\/li>\n<li>genom att leverera de best\u00e4llda varorna till kunden, varvid mottagandet av varan av kunden \u00e4r avg\u00f6rande, eller<\/li>\n<li>genom att be kunden att betala efter att han gjort sin best\u00e4llning.<\/li>\n<\/ul>\n<p>Om det finns flera av de ovann\u00e4mnda alternativen, ing\u00e5s kontraktet vid den tidpunkt d\u00e5 ett av de ovann\u00e4mnda alternativen intr\u00e4ffar f\u00f6rst. Tiden f\u00f6r att acceptera erbjudandet b\u00f6rjar dagen efter det att kunden skickat erbjudandet och slutar i slutet av den femte dagen efter att erbjudandet skickats. Om s\u00e4ljaren inte accepterar kundens erbjudande inom den ovann\u00e4mnda perioden anses detta vara ett avslag p\u00e5 erbjudandet, med resultatet att kunden inte l\u00e4ngre \u00e4r bunden av sin avsiktsf\u00f6rklaring.<\/p>\n<p><strong>2.4<\/strong>&nbsp; Vid inl\u00e4mnande av ett erbjudande via s\u00e4ljarens onlinebest\u00e4llningsformul\u00e4r sparas kontraktstexten av s\u00e4ljaren och skickas till kunden i textform (t.ex. e-post, fax eller brev) tillsammans med dessa Allm\u00e4nna Villkor efter att best\u00e4llningen har har skickats. Dessutom arkiveras kontraktstexten p\u00e5 s\u00e4ljarens webbplats och kan kostnadsfritt ringas upp av kunden via sitt l\u00f6senordsskyddade kundkonto genom att ange motsvarande inloggningsuppgifter, f\u00f6rutsatt att kunden har skapat ett kundkonto i s\u00e4ljarens onlinebutik innan han skickar in sin best\u00e4llning.<\/p>\n<p><strong>2.5<\/strong>&nbsp; Innan den bindande best\u00e4llningen l\u00e4mnas via s\u00e4ljarens onlinebest\u00e4llningsformul\u00e4r kan kunden identifiera eventuella inmatningsfel genom att noggrant l\u00e4sa informationen som visas p\u00e5 sk\u00e4rmen. Ett effektivt tekniskt medel f\u00f6r b\u00e4ttre igenk\u00e4nning av inmatningsfel kan vara f\u00f6rstoringsfunktionen i webbl\u00e4saren, med hj\u00e4lp av vilken representationen p\u00e5 sk\u00e4rmen f\u00f6rstoras. Kunden kan korrigera sina poster som en del av den elektroniska best\u00e4llningsprocessen med de vanliga tangentbords- och musfunktionerna tills han klickar p\u00e5 knappen som avslutar best\u00e4llningsprocessen.<\/p>\n<p><strong>2.6<\/strong>&nbsp; Endast tyska spr\u00e5ket \u00e4r tillg\u00e4ngligt f\u00f6r ing\u00e5ende av avtalet.<\/p>\n<p><strong>2.7<\/strong>&nbsp; Orderhanteringen och kontakten sker vanligtvis via e-post och automatiserad orderhantering. Kunden m\u00e5ste se till att den e-postadress som han har angett f\u00f6r att behandla ordern \u00e4r korrekt, s\u00e5 att e-postmeddelanden som s\u00e4ljaren skickar kan tas emot p\u00e5 denna adress. I synnerhet n\u00e4r kunden anv\u00e4nder SPAM-filter m\u00e5ste kunden se till att alla e-postmeddelanden som s\u00e4nds av s\u00e4ljaren eller tredje part som s\u00e4ljaren har best\u00e4llt f\u00f6r att behandla ordern kan levereras.<\/p>\n<h2>3) \u00e5ngerr\u00e4tt<\/h2>\n<p><strong>3.1<\/strong>&nbsp; Konsumenter har i allm\u00e4nhet r\u00e4tt till \u00e5ngerr\u00e4tt.<\/p>\n<p><strong>3.2<\/strong>&nbsp; Ytterligare information om \u00e5ngerr\u00e4tten finns i s\u00e4ljarens \u00e5ngerpolicy.<\/p>\n<h2>4) Priser och betalningsvillkor<\/h2>\n<p><strong>4.1<\/strong>&nbsp; Om inte annat anges i s\u00e4ljarens produktbeskrivning \u00e4r de angivna priserna totalpriser inklusive lagstadgad moms. Eventuella extra leverans- och fraktkostnader som kan uppst\u00e5 specificeras separat i respektive produktbeskrivning.<\/p>\n<p><strong>4.2<\/strong>&nbsp; Betalningsalternativen kommer att meddelas kunden i s\u00e4ljarens n\u00e4tbutik.<\/p>\n<p><strong>4.3<\/strong>&nbsp; Om f\u00f6rskottsbetalning via bank\u00f6verf\u00f6ring har avtalats ska betalning ske omedelbart efter avtalets ing\u00e5ende, om inte parterna kommit \u00f6verens om en senare f\u00f6rfallodag.<\/p>\n<p><strong>4.4<\/strong>&nbsp; Vid betalning med en betalningsmetod som erbjuds av PayPal, behandlas betalningen via betaltj\u00e4nstleverant\u00f6ren PayPal (Europe) S.\u00e0 rl et Cie, SCA, 22-24 Boulevard Royal, L-2449 Luxembourg (nedan: &#8220;PayPal&#8221;), under giltigheten av PayPal &#8211; Anv\u00e4ndarvillkor, tillg\u00e4ngliga p\u00e5&nbsp;<a href=\"https:\/\/www.paypal.com\/de\/webapps\/mpp\/ua\/useragreement-full\" target=\"_blank\" rel=\"noopener noreferrer\">https:\/\/www.paypal.com\/de\/webapps\/mpp\/ua\/useragreement-full<\/a>&nbsp; eller &#8211; om kunden inte har ett PayPal-konto &#8211; enligt villkoren f\u00f6r betalningar utan PayPal-konto, som kan ses p\u00e5&nbsp;<a href=\"https:\/\/www.paypal.com\/de\/webapps\/mpp\/ua\/privacywax-full\">https:\/\/www.paypal.com\/de\/webapps\/mpp\/ua\/privacywax-full<\/a> .<\/p>\n<h2>5) Leverans- och leveransvillkor<\/h2>\n<p><strong>5.1<\/strong>&nbsp; Varor levereras till den leveransadress som kunden angett, om inte annat avtalats. Vid behandling av transaktionen \u00e4r leveransadressen som anges i s\u00e4ljarens orderbehandling avg\u00f6rande. Avvikande fr\u00e5n detta, n\u00e4r du v\u00e4ljer PayPal -betalningsmetod, \u00e4r leveransadressen som lagras av kunden p\u00e5 PayPal vid betalningstidpunkten avg\u00f6rande.<\/p>\n<p><strong>5.2<\/strong>&nbsp; Om transportf\u00f6retaget skickar tillbaka de levererade varorna till s\u00e4ljaren p\u00e5 grund av att leverans till kunden inte varit m\u00f6jlig, st\u00e5r kunden f\u00f6r kostnaderna f\u00f6r den misslyckade frakten. Detta g\u00e4ller inte om kunden effektivt utnyttjar sin \u00e5ngerr\u00e4tt, om han inte \u00e4r ansvarig f\u00f6r den omst\u00e4ndighet som ledde till om\u00f6jligheten att leverera eller om han tillf\u00e4lligt var f\u00f6rhindrad att acceptera den erbjudna tj\u00e4nsten, s\u00e5vida inte s\u00e4ljaren gav honom m\u00f6jligheten hade meddelat upptr\u00e4dandet en rimlig tid i f\u00f6rv\u00e4g.<\/p>\n<p><strong>5.3<\/strong>&nbsp; Upph\u00e4mtning \u00e4r inte m\u00f6jlig av logistiska sk\u00e4l.<\/p>\n<h2>6) \u00c4gander\u00e4ttsf\u00f6rbeh\u00e5ll<\/h2>\n<p>Om s\u00e4ljaren g\u00f6r en f\u00f6rskottsbetalning beh\u00e5ller han \u00e4gander\u00e4tten till de levererade varorna tills k\u00f6peskillingen har betalats i sin helhet.<\/p>\n<h2>7) Ansvar f\u00f6r defekter (garanti)<\/h2>\n<p><strong>7.1<\/strong>&nbsp; Om den k\u00f6pta varan \u00e4r defekt g\u00e4ller det lagstadgade felansvaret.<\/p>\n<p><strong>7.2<\/strong>&nbsp; Kunden ombeds att klaga p\u00e5 levererade varor med uppenbara transportskador till levereraren och att informera s\u00e4ljaren om detta. Om kunden inte f\u00f6ljer detta har detta ingen inverkan p\u00e5 hans lagstadgade eller avtalsenliga krav p\u00e5 fel.<\/p>\n<h2>8) Inl\u00f6sen av kampanjkuponger<\/h2>\n<p><strong>8.1<\/strong>&nbsp; Kuponger som utf\u00e4rdas kostnadsfritt av s\u00e4ljaren som en del av kampanjer med en viss giltighetstid och som inte kan k\u00f6pas av kunden (h\u00e4danefter &#8220;kampanjkuponger&#8221;) kan endast l\u00f6sas in i s\u00e4ljarens n\u00e4tbutik och endast under den angivna perioden .<\/p>\n<p><strong>8.2<\/strong>&nbsp; Enskilda produkter kan exkluderas fr\u00e5n kupongkampanjen om en motsvarande begr\u00e4nsning f\u00f6ljer av inneh\u00e5llet i kampanjkupongen.<\/p>\n<p><strong>8.3<\/strong>&nbsp; Kampanjkuponger kan endast l\u00f6sas in innan best\u00e4llningsprocessen har slutf\u00f6rts. Efterf\u00f6ljande fakturering \u00e4r inte m\u00f6jlig.<\/p>\n<p><strong>8.4<\/strong>&nbsp; Endast en kampanjkupong kan l\u00f6sas in per best\u00e4llning.<\/p>\n<p><strong>8.5<\/strong>&nbsp; Varornas v\u00e4rde m\u00e5ste minst motsvara beloppet p\u00e5 kampanjkupongen. Eventuell \u00e5terst\u00e5ende kredit \u00e5terbetalas inte av s\u00e4ljaren.<\/p>\n<p><strong>8.6<\/strong>&nbsp; Om v\u00e4rdet p\u00e5 kampanjkupongen inte \u00e4r tillr\u00e4ckligt f\u00f6r att t\u00e4cka best\u00e4llningen, kan en av de andra betalningsmetoderna som erbjuds av s\u00e4ljaren v\u00e4ljas f\u00f6r att reglera mellanskillnaden.<\/p>\n<p><strong>8.7<\/strong>&nbsp; \u00c5terstoden av en kampanjkupong betalas varken ut kontant eller ger r\u00e4nta.<\/p>\n<p><strong>8.8<\/strong>&nbsp; Kampanjkupongen \u00e5terbetalas inte om kunden inom ramen f\u00f6r sin lagstadgade \u00e5ngerr\u00e4tt returnerar de varor som helt eller delvis har betalats med kampanjkupongen.<\/p>\n<p><strong>8.9<\/strong>&nbsp; Kampanjkupongen \u00e4r \u00f6verl\u00e5tbar. S\u00e4ljaren kan, med urladdningseffekt, g\u00f6ra betalningar till respektive \u00e4gare som l\u00f6ser in kupongen i s\u00e4ljarens onlinebutik. Detta g\u00e4ller inte om s\u00e4ljaren har kunskap eller grov v\u00e5rdsl\u00f6s okunnighet om icke-auktorisation, den juridiska of\u00f6rm\u00e5gan eller bristen p\u00e5 auktorisation fr\u00e5n respektive \u00e4gare.<\/p>\n<h2>9) Till\u00e4mplig lag<\/h2>\n<p>Lagen i F\u00f6rbundsrepubliken Tyskland g\u00e4ller f\u00f6r alla r\u00e4ttsf\u00f6rh\u00e5llanden mellan parterna, exklusive lagar om internationellt k\u00f6p av l\u00f6s egendom. F\u00f6r konsumenter g\u00e4ller detta lagval endast i den m\u00e5n skyddet som beviljas genom tvingande best\u00e4mmelser i lagen i den stat d\u00e4r konsumenten har sin vanliga bostad inte dras tillbaka.<\/p>\n<h2>10) Alternativ tvistl\u00f6sning<\/h2>\n<p><strong>10.1<\/strong>&nbsp; EU-kommissionen tillhandah\u00e5ller en plattform f\u00f6r onlinetvistl\u00f6sning p\u00e5 Internet under f\u00f6ljande l\u00e4nk:&nbsp;<a href=\"http:\/\/ec.europa.eu\/consumers\/odr\">http:\/\/ec.europa.eu\/consumers\/odr<\/a><\/p>\n<p>Denna plattform fungerar som en kontaktpunkt f\u00f6r utomst\u00e5ende l\u00f6sning av tvister som uppst\u00e5r genom k\u00f6p- eller serviceavtal online d\u00e4r en konsument \u00e4r inblandad.<\/p>\n<p><strong>10.2<\/strong>&nbsp; S\u00e4ljaren \u00e4r varken skyldig eller villig att delta i ett tvistl\u00f6sningsf\u00f6rfarande inf\u00f6r en konsumentskiljen\u00e4mnd.<\/p>\n","protected":false},"excerpt":{"rendered":"<p>Inneh\u00e5llsf\u00f6rteckning omfattning Avtalsavtal \u00c5ngerr\u00e4tt Priser och betalningsvillkor Leverans och leveransvillkor \u00c4gander\u00e4ttsf\u00f6rbeh\u00e5ll Ansvar f\u00f6r defekter (garanti) Inl\u00f6sen av kampanjkuponger Till\u00e4mplig lag Alternativ tvistl\u00f6sning 1) Omfattning 1.1 Dessa Allm\u00e4nna Villkor (h\u00e4danefter &#8220;GTC&#8221;) f\u00f6r Holger K\u00e4ding, som handlar under &#8220;versiegelung24.com&#8221; (nedan &#8220;S\u00e4ljaren&#8221;), g\u00e4ller f\u00f6r alla avtal f\u00f6r leverans av varor som en konsument eller f\u00f6retagare (nedan kallad &#8220;Kund&#8221;)&hellip;&nbsp;<a href=\"https:\/\/www.versiegelung24.com\/sv\/allmanna-villkor-och-bestammelser\/\" rel=\"bookmark\">Read More &raquo;<span class=\"screen-reader-text\">Allm\u00e4nna villkor med kundinformation<\/span><\/a><\/p>\n","protected":false},"author":932,"featured_media":70727,"parent":0,"menu_order":0,"comment_status":"closed","ping_status":"closed","template":"","meta":{"_acf_changed":false,"neve_meta_sidebar":"","neve_meta_container":"","neve_meta_enable_content_width":"","neve_meta_content_width":0,"neve_meta_title_alignment":"","neve_meta_author_avatar":"","neve_post_elements_order":"","neve_meta_disable_header":"","neve_meta_disable_footer":"","neve_meta_disable_title":"","neve_meta_reading_time":"","footnotes":""},"categories":[],"seiten_kategorie":[],"class_list":["post-25693","page","type-page","status-publish","has-post-thumbnail","hentry"],"acf":[],"yoast_head":"<!-- This site is optimized with the Yoast SEO Premium plugin v22.8 (Yoast SEO v27.5) - https:\/\/yoast.com\/product\/yoast-seo-premium-wordpress\/ -->\n<title>Allm\u00e4nna villkor med kundinformation - versiegelung24.com<\/title>\n<meta name=\"robots\" content=\"index, follow, max-snippet:-1, max-image-preview:large, max-video-preview:-1\" \/>\n<link rel=\"canonical\" href=\"https:\/\/www.versiegelung24.com\/sv\/allmanna-villkor-och-bestammelser\/\" \/>\n<meta property=\"og:locale\" content=\"sv_SE\" \/>\n<meta property=\"og:type\" content=\"article\" \/>\n<meta property=\"og:title\" content=\"Allm\u00e4nna villkor med kundinformation\" \/>\n<meta property=\"og:description\" content=\"Inneh\u00e5llsf\u00f6rteckning omfattning Avtalsavtal \u00c5ngerr\u00e4tt Priser och betalningsvillkor Leverans och leveransvillkor \u00c4gander\u00e4ttsf\u00f6rbeh\u00e5ll Ansvar f\u00f6r defekter (garanti) Inl\u00f6sen av kampanjkuponger Till\u00e4mplig lag Alternativ tvistl\u00f6sning 1) Omfattning 1.1 Dessa Allm\u00e4nna Villkor (h\u00e4danefter &#8220;GTC&#8221;) f\u00f6r Holger K\u00e4ding, som handlar under &#8220;versiegelung24.com&#8221; (nedan &#8220;S\u00e4ljaren&#8221;), g\u00e4ller f\u00f6r alla avtal f\u00f6r leverans av varor som en konsument eller f\u00f6retagare (nedan kallad &#8220;Kund&#8221;)&hellip;&nbsp;Read More &raquo;Allm\u00e4nna villkor med kundinformation\" \/>\n<meta property=\"og:url\" content=\"https:\/\/www.versiegelung24.com\/sv\/allmanna-villkor-och-bestammelser\/\" \/>\n<meta property=\"og:site_name\" content=\"versiegelung24.com\" \/>\n<meta property=\"article:modified_time\" content=\"2024-06-25T18:50:43+00:00\" \/>\n<meta property=\"og:image\" content=\"https:\/\/www.versiegelung24.com\/wp-content\/uploads\/2022\/02\/Impressum.png\" \/>\n\t<meta property=\"og:image:width\" content=\"2000\" \/>\n\t<meta property=\"og:image:height\" content=\"2000\" \/>\n\t<meta property=\"og:image:type\" content=\"image\/png\" \/>\n<meta name=\"twitter:card\" content=\"summary_large_image\" \/>\n<meta name=\"twitter:label1\" content=\"Ber\u00e4knad l\u00e4stid\" \/>\n\t<meta name=\"twitter:data1\" content=\"8 minuter\" \/>\n<script type=\"application\/ld+json\" class=\"yoast-schema-graph\">{\"@context\":\"https:\\\/\\\/schema.org\",\"@graph\":[{\"@type\":\"WebPage\",\"@id\":\"https:\\\/\\\/www.versiegelung24.com\\\/sv\\\/allmanna-villkor-och-bestammelser\\\/\",\"url\":\"https:\\\/\\\/www.versiegelung24.com\\\/sv\\\/allmanna-villkor-och-bestammelser\\\/\",\"name\":\"Allm\u00e4nna villkor med kundinformation - versiegelung24.com\",\"isPartOf\":{\"@id\":\"https:\\\/\\\/www.versiegelung24.com\\\/sv\\\/#website\"},\"primaryImageOfPage\":{\"@id\":\"https:\\\/\\\/www.versiegelung24.com\\\/sv\\\/allmanna-villkor-och-bestammelser\\\/#primaryimage\"},\"image\":{\"@id\":\"https:\\\/\\\/www.versiegelung24.com\\\/sv\\\/allmanna-villkor-och-bestammelser\\\/#primaryimage\"},\"thumbnailUrl\":\"https:\\\/\\\/www.versiegelung24.com\\\/wp-content\\\/uploads\\\/2022\\\/02\\\/Impressum.png\",\"datePublished\":\"2021-08-03T09:16:30+00:00\",\"dateModified\":\"2024-06-25T18:50:43+00:00\",\"breadcrumb\":{\"@id\":\"https:\\\/\\\/www.versiegelung24.com\\\/sv\\\/allmanna-villkor-och-bestammelser\\\/#breadcrumb\"},\"inLanguage\":\"sv-SE\",\"potentialAction\":[{\"@type\":\"ReadAction\",\"target\":[\"https:\\\/\\\/www.versiegelung24.com\\\/sv\\\/allmanna-villkor-och-bestammelser\\\/\"]}]},{\"@type\":\"ImageObject\",\"inLanguage\":\"sv-SE\",\"@id\":\"https:\\\/\\\/www.versiegelung24.com\\\/sv\\\/allmanna-villkor-och-bestammelser\\\/#primaryimage\",\"url\":\"https:\\\/\\\/www.versiegelung24.com\\\/wp-content\\\/uploads\\\/2022\\\/02\\\/Impressum.png\",\"contentUrl\":\"https:\\\/\\\/www.versiegelung24.com\\\/wp-content\\\/uploads\\\/2022\\\/02\\\/Impressum.png\",\"width\":2000,\"height\":2000},{\"@type\":\"BreadcrumbList\",\"@id\":\"https:\\\/\\\/www.versiegelung24.com\\\/sv\\\/allmanna-villkor-och-bestammelser\\\/#breadcrumb\",\"itemListElement\":[{\"@type\":\"ListItem\",\"position\":1,\"name\":\"Hemsidan\",\"item\":\"https:\\\/\\\/www.versiegelung24.com\\\/sv\\\/front\\\/\"},{\"@type\":\"ListItem\",\"position\":2,\"name\":\"Allm\u00e4nna villkor med kundinformation\"}]},{\"@type\":\"WebSite\",\"@id\":\"https:\\\/\\\/www.versiegelung24.com\\\/sv\\\/#website\",\"url\":\"https:\\\/\\\/www.versiegelung24.com\\\/sv\\\/\",\"name\":\"versiegelung24.com\",\"description\":\"Fl\u00fcssigglas-Versiegelung - Made in Germany\",\"publisher\":{\"@id\":\"https:\\\/\\\/www.versiegelung24.com\\\/sv\\\/#organization\"},\"potentialAction\":[{\"@type\":\"SearchAction\",\"target\":{\"@type\":\"EntryPoint\",\"urlTemplate\":\"https:\\\/\\\/www.versiegelung24.com\\\/sv\\\/?s={search_term_string}\"},\"query-input\":{\"@type\":\"PropertyValueSpecification\",\"valueRequired\":true,\"valueName\":\"search_term_string\"}}],\"inLanguage\":\"sv-SE\"},{\"@type\":\"Organization\",\"@id\":\"https:\\\/\\\/www.versiegelung24.com\\\/sv\\\/#organization\",\"name\":\"versiegelung24\",\"url\":\"https:\\\/\\\/www.versiegelung24.com\\\/sv\\\/\",\"logo\":{\"@type\":\"ImageObject\",\"inLanguage\":\"sv-SE\",\"@id\":\"https:\\\/\\\/www.versiegelung24.com\\\/sv\\\/#\\\/schema\\\/logo\\\/image\\\/\",\"url\":\"https:\\\/\\\/www.versiegelung24.com\\\/wp-content\\\/uploads\\\/2020\\\/04\\\/versiegelung24.png\",\"contentUrl\":\"https:\\\/\\\/www.versiegelung24.com\\\/wp-content\\\/uploads\\\/2020\\\/04\\\/versiegelung24.png\",\"width\":470,\"height\":102,\"caption\":\"versiegelung24\"},\"image\":{\"@id\":\"https:\\\/\\\/www.versiegelung24.com\\\/sv\\\/#\\\/schema\\\/logo\\\/image\\\/\"}}]}<\/script>\n<!-- \/ Yoast SEO Premium plugin. -->","yoast_head_json":{"title":"Allm\u00e4nna villkor med kundinformation - versiegelung24.com","robots":{"index":"index","follow":"follow","max-snippet":"max-snippet:-1","max-image-preview":"max-image-preview:large","max-video-preview":"max-video-preview:-1"},"canonical":"https:\/\/www.versiegelung24.com\/sv\/allmanna-villkor-och-bestammelser\/","og_locale":"sv_SE","og_type":"article","og_title":"Allm\u00e4nna villkor med kundinformation","og_description":"Inneh\u00e5llsf\u00f6rteckning omfattning Avtalsavtal \u00c5ngerr\u00e4tt Priser och betalningsvillkor Leverans och leveransvillkor \u00c4gander\u00e4ttsf\u00f6rbeh\u00e5ll Ansvar f\u00f6r defekter (garanti) Inl\u00f6sen av kampanjkuponger Till\u00e4mplig lag Alternativ tvistl\u00f6sning 1) Omfattning 1.1 Dessa Allm\u00e4nna Villkor (h\u00e4danefter &#8220;GTC&#8221;) f\u00f6r Holger K\u00e4ding, som handlar under &#8220;versiegelung24.com&#8221; (nedan &#8220;S\u00e4ljaren&#8221;), g\u00e4ller f\u00f6r alla avtal f\u00f6r leverans av varor som en konsument eller f\u00f6retagare (nedan kallad &#8220;Kund&#8221;)&hellip;&nbsp;Read More &raquo;Allm\u00e4nna villkor med kundinformation","og_url":"https:\/\/www.versiegelung24.com\/sv\/allmanna-villkor-och-bestammelser\/","og_site_name":"versiegelung24.com","article_modified_time":"2024-06-25T18:50:43+00:00","og_image":[{"width":2000,"height":2000,"url":"https:\/\/www.versiegelung24.com\/wp-content\/uploads\/2022\/02\/Impressum.png","type":"image\/png"}],"twitter_card":"summary_large_image","twitter_misc":{"Ber\u00e4knad l\u00e4stid":"8 minuter"},"schema":{"@context":"https:\/\/schema.org","@graph":[{"@type":"WebPage","@id":"https:\/\/www.versiegelung24.com\/sv\/allmanna-villkor-och-bestammelser\/","url":"https:\/\/www.versiegelung24.com\/sv\/allmanna-villkor-och-bestammelser\/","name":"Allm\u00e4nna villkor med kundinformation - versiegelung24.com","isPartOf":{"@id":"https:\/\/www.versiegelung24.com\/sv\/#website"},"primaryImageOfPage":{"@id":"https:\/\/www.versiegelung24.com\/sv\/allmanna-villkor-och-bestammelser\/#primaryimage"},"image":{"@id":"https:\/\/www.versiegelung24.com\/sv\/allmanna-villkor-och-bestammelser\/#primaryimage"},"thumbnailUrl":"https:\/\/www.versiegelung24.com\/wp-content\/uploads\/2022\/02\/Impressum.png","datePublished":"2021-08-03T09:16:30+00:00","dateModified":"2024-06-25T18:50:43+00:00","breadcrumb":{"@id":"https:\/\/www.versiegelung24.com\/sv\/allmanna-villkor-och-bestammelser\/#breadcrumb"},"inLanguage":"sv-SE","potentialAction":[{"@type":"ReadAction","target":["https:\/\/www.versiegelung24.com\/sv\/allmanna-villkor-och-bestammelser\/"]}]},{"@type":"ImageObject","inLanguage":"sv-SE","@id":"https:\/\/www.versiegelung24.com\/sv\/allmanna-villkor-och-bestammelser\/#primaryimage","url":"https:\/\/www.versiegelung24.com\/wp-content\/uploads\/2022\/02\/Impressum.png","contentUrl":"https:\/\/www.versiegelung24.com\/wp-content\/uploads\/2022\/02\/Impressum.png","width":2000,"height":2000},{"@type":"BreadcrumbList","@id":"https:\/\/www.versiegelung24.com\/sv\/allmanna-villkor-och-bestammelser\/#breadcrumb","itemListElement":[{"@type":"ListItem","position":1,"name":"Hemsidan","item":"https:\/\/www.versiegelung24.com\/sv\/front\/"},{"@type":"ListItem","position":2,"name":"Allm\u00e4nna villkor med kundinformation"}]},{"@type":"WebSite","@id":"https:\/\/www.versiegelung24.com\/sv\/#website","url":"https:\/\/www.versiegelung24.com\/sv\/","name":"versiegelung24.com","description":"Fl\u00fcssigglas-Versiegelung - Made in Germany","publisher":{"@id":"https:\/\/www.versiegelung24.com\/sv\/#organization"},"potentialAction":[{"@type":"SearchAction","target":{"@type":"EntryPoint","urlTemplate":"https:\/\/www.versiegelung24.com\/sv\/?s={search_term_string}"},"query-input":{"@type":"PropertyValueSpecification","valueRequired":true,"valueName":"search_term_string"}}],"inLanguage":"sv-SE"},{"@type":"Organization","@id":"https:\/\/www.versiegelung24.com\/sv\/#organization","name":"versiegelung24","url":"https:\/\/www.versiegelung24.com\/sv\/","logo":{"@type":"ImageObject","inLanguage":"sv-SE","@id":"https:\/\/www.versiegelung24.com\/sv\/#\/schema\/logo\/image\/","url":"https:\/\/www.versiegelung24.com\/wp-content\/uploads\/2020\/04\/versiegelung24.png","contentUrl":"https:\/\/www.versiegelung24.com\/wp-content\/uploads\/2020\/04\/versiegelung24.png","width":470,"height":102,"caption":"versiegelung24"},"image":{"@id":"https:\/\/www.versiegelung24.com\/sv\/#\/schema\/logo\/image\/"}}]}},"_links":{"self":[{"href":"https:\/\/www.versiegelung24.com\/sv\/wp-json\/wp\/v2\/pages\/25693","targetHints":{"allow":["GET"]}}],"collection":[{"href":"https:\/\/www.versiegelung24.com\/sv\/wp-json\/wp\/v2\/pages"}],"about":[{"href":"https:\/\/www.versiegelung24.com\/sv\/wp-json\/wp\/v2\/types\/page"}],"author":[{"embeddable":true,"href":"https:\/\/www.versiegelung24.com\/sv\/wp-json\/wp\/v2\/users\/932"}],"replies":[{"embeddable":true,"href":"https:\/\/www.versiegelung24.com\/sv\/wp-json\/wp\/v2\/comments?post=25693"}],"version-history":[{"count":2,"href":"https:\/\/www.versiegelung24.com\/sv\/wp-json\/wp\/v2\/pages\/25693\/revisions"}],"predecessor-version":[{"id":71004,"href":"https:\/\/www.versiegelung24.com\/sv\/wp-json\/wp\/v2\/pages\/25693\/revisions\/71004"}],"wp:featuredmedia":[{"embeddable":true,"href":"https:\/\/www.versiegelung24.com\/sv\/wp-json\/wp\/v2\/media\/70727"}],"wp:attachment":[{"href":"https:\/\/www.versiegelung24.com\/sv\/wp-json\/wp\/v2\/media?parent=25693"}],"wp:term":[{"taxonomy":"category","embeddable":true,"href":"https:\/\/www.versiegelung24.com\/sv\/wp-json\/wp\/v2\/categories?post=25693"},{"taxonomy":"seiten_kategorie","embeddable":true,"href":"https:\/\/www.versiegelung24.com\/sv\/wp-json\/wp\/v2\/seiten_kategorie?post=25693"}],"curies":[{"name":"wp","href":"https:\/\/api.w.org\/{rel}","templated":true}]}}