{"id":25885,"date":"2021-08-03T12:02:39","date_gmt":"2021-08-03T10:02:39","guid":{"rendered":"https:\/\/www.versiegelung24.com\/avbokningsregler-och-avbokningsformular"},"modified":"2024-06-25T20:51:01","modified_gmt":"2024-06-25T18:51:01","slug":"avbokningsregler","status":"publish","type":"page","link":"https:\/\/www.versiegelung24.com\/sv\/avbokningsregler\/","title":{"rendered":"Avbokningsregler och avbokningsformul\u00e4r"},"content":{"rendered":"<div class=\"main-container col1-layout\">\n<div class=\"main container\">\n<div class=\"inner-container\">\n<div class=\"col-main\">\n<div class=\"std\">\n<p>Konsumenter har r\u00e4tt till \u00e5ngerr\u00e4tt i enlighet med f\u00f6ljande best\u00e4mmelser, varvid en konsument \u00e4r en fysisk person som slutar en juridisk transaktion f\u00f6r syften som \u00f6verv\u00e4gande inte \u00e4r kommersiella eller egenf\u00f6retagare:<\/p>\n<p><strong>A. Avbokningsregler<\/strong><\/p>\n<p><strong>\u00c5ngerr\u00e4tt<br \/>\n<\/strong> Du har r\u00e4tt att \u00e5terkalla detta kontrakt inom 14 dagar utan att ange n\u00e5gon anledning.<\/p>\n<p>\u00c5ngerfristen \u00e4r 14 dagar fr\u00e5n den dag d\u00e5 du eller en av dig n\u00e4mnd tredje part, som inte \u00e4r transport\u00f6ren, har tagit de sista varorna i besittning.<\/p>\n<p>F\u00f6r att ut\u00f6va din \u00e5ngerr\u00e4tt m\u00e5ste du informera oss (Holger K\u00e4ding, An den Ellmen 14, 53773 Hennef, tfn: 02242-9695650, e-post: info@versiegelung24.com) genom en tydlig f\u00f6rklaring (t.ex. brev eller e-post som skickas med posten) om ditt beslut att fr\u00e5ntr\u00e4da avtalet. Du kan anv\u00e4nda bifogad modelluttagningsformul\u00e4r f\u00f6r detta \u00e4ndam\u00e5l, men detta \u00e4r inte obligatoriskt.<\/p>\n<p>F\u00f6r att klara avbokningsfristen r\u00e4cker det med att du skickar din anm\u00e4lan om att du har utnyttjat din \u00e5ngerr\u00e4tt innan \u00e5ngerfristen har l\u00f6pt ut.<\/p>\n<p><strong><br \/>\nKonsekvenser<\/strong>av h\u00e4vning Om du h\u00e4ver detta avtal ska vi utan on\u00f6digt dr\u00f6jsm\u00e5l och under alla omst\u00e4ndigheter senast 14 dagar fr\u00e5n den dag d\u00e5 vi informerades om ditt beslut att h\u00e4va avtalet \u00e5terbetala alla betalningar som vi har mottagit fr\u00e5n dig, inklusive leveranskostnader (med undantag f\u00f6r extra kostnader till f\u00f6ljd av ditt val av en annan typ av leverans \u00e4n den billigaste typen av standardleverans som vi erbjuder).<strong><\/strong> F\u00f6r denna \u00e5terbetalning kommer vi att anv\u00e4nda samma betalningsmedel som du anv\u00e4nde f\u00f6r den ursprungliga transaktionen, om inte n\u00e5got annat uttryckligen kommit \u00f6verens med dig; Under inga omst\u00e4ndigheter kommer du att debiteras n\u00e5gra avgifter f\u00f6r denna \u00e5terbetalning. Vi kan v\u00e4gra \u00e5terbetalning tills vi har f\u00e5tt tillbaka varan eller tills du har bevisat att du har skickat tillbaka varan, beroende p\u00e5 vilket som intr\u00e4ffar tidigare.<\/p>\n<p>Du m\u00e5ste returnera eller \u00f6verl\u00e4mna varorna till oss omedelbart och i alla fall senast fjorton dagar fr\u00e5n den dag d\u00e5 du informerade oss om upps\u00e4gningen av detta kontrakt. Tidsfristen \u00e4r uppn\u00e5dd om du skickar varorna innan perioden p\u00e5 fjorton dagar har g\u00e5tt ut.<\/p>\n<p>Du b\u00e4r de direkta kostnaderna f\u00f6r att returnera varan.<\/p>\n<p>Du beh\u00f6ver bara betala f\u00f6r eventuell v\u00e4rdef\u00f6rlust f\u00f6r varorna om denna v\u00e4rdef\u00f6rlust beror p\u00e5 hantering av varorna som inte \u00e4r n\u00f6dv\u00e4ndig f\u00f6r att kontrollera varornas art, egenskaper och funktionalitet.<\/p>\n<p>Uteslutning eller f\u00f6r tidig upph\u00f6rande av \u00e5ngerr\u00e4tten<\/p>\n<p>\u00c5ngerr\u00e4tten upph\u00f6r f\u00f6r tidigt vid avtal om leverans av ljud- eller videoinspelningar eller datorprogramvara i ett f\u00f6rseglat paket om f\u00f6rseglingen har tagits bort efter leverans.<\/p>\n<p><strong>B. Uttagningsblankett<\/strong><\/p>\n<p>Om du vill s\u00e4ga upp avtalet, fyll i detta formul\u00e4r och skicka tillbaka det.<\/p>\n<p>P\u00e5<\/p>\n<p>samstore.de<\/p>\n<p>Holger K\u00e4ding<br \/>\nP\u00e5 Ellmen 14<br \/>\n53773 Hennef<br \/>\nTyskland<br \/>\nE -post: info@versiegelung24.com<\/p>\n<p>Jag \/ vi (*) upph\u00e4ver h\u00e4rmed det avtal som jag \/ oss (*) ing\u00e5tt f\u00f6r k\u00f6p av f\u00f6ljande varor (*) \/ tillhandah\u00e5llande av f\u00f6ljande tj\u00e4nst (*)<\/p>\n<p>_______________________________________________________<\/p>\n<p>_______________________________________________________<\/p>\n<p>Best\u00e4lld den (*) ____________ \/ mottagen den (*) __________________<\/p>\n<p>________________________________________________________<\/p>\n<p>Konsumentens namn<\/p>\n<p>________________________________________________________<\/p>\n<p>Konsumentens adress<\/p>\n<p>________________________________________________________<\/p>\n<p>Konsumentens (er) signatur (endast om detta meddelas p\u00e5 papper)<\/p>\n<p>_________________________<\/p>\n<p>datum<\/p>\n<p>(*) Radera om det inte \u00e4r till\u00e4mpligt<\/p>\n<\/div>\n<\/div>\n<div class=\"postscript\"><\/div>\n<\/div>\n<\/div>\n<div class=\"main-bottom-container\"><\/div>\n<\/div>\n<div class=\"footer-container\">\n<div class=\"footer-container2\">\n<div class=\"footer-container3\">\n<div class=\"footer-primary-container section-container\">\n<div class=\"footer-primary footer container\">\n<div class=\"inner-container\">\n<div class=\"clearer\">\n<div class=\"grid12-3\">\n<div class=\"std\">\n<div class=\"collapsible mobile-collapsible\"><\/div>\n<\/div>\n<\/div>\n<\/div>\n<\/div>\n<\/div>\n<\/div>\n<\/div>\n<\/div>\n<\/div>\n","protected":false},"excerpt":{"rendered":"<p>Konsumenter har r\u00e4tt till \u00e5ngerr\u00e4tt i enlighet med f\u00f6ljande best\u00e4mmelser, varvid en konsument \u00e4r en fysisk person som slutar en juridisk transaktion f\u00f6r syften som \u00f6verv\u00e4gande inte \u00e4r kommersiella eller egenf\u00f6retagare: A. Avbokningsregler \u00c5ngerr\u00e4tt Du har r\u00e4tt att \u00e5terkalla detta kontrakt inom 14 dagar utan att ange n\u00e5gon anledning. \u00c5ngerfristen \u00e4r 14 dagar fr\u00e5n den&hellip;&nbsp;<a href=\"https:\/\/www.versiegelung24.com\/sv\/avbokningsregler\/\" rel=\"bookmark\">Read More &raquo;<span class=\"screen-reader-text\">Avbokningsregler och avbokningsformul\u00e4r<\/span><\/a><\/p>\n","protected":false},"author":932,"featured_media":71037,"parent":0,"menu_order":0,"comment_status":"closed","ping_status":"closed","template":"","meta":{"_acf_changed":false,"neve_meta_sidebar":"","neve_meta_container":"","neve_meta_enable_content_width":"","neve_meta_content_width":0,"neve_meta_title_alignment":"","neve_meta_author_avatar":"","neve_post_elements_order":"","neve_meta_disable_header":"","neve_meta_disable_footer":"","neve_meta_disable_title":"","neve_meta_reading_time":"","footnotes":""},"categories":[],"seiten_kategorie":[],"class_list":["post-25885","page","type-page","status-publish","has-post-thumbnail","hentry"],"acf":[],"yoast_head":"<!-- This site is optimized with the Yoast SEO Premium plugin v22.8 (Yoast SEO v27.5) - https:\/\/yoast.com\/product\/yoast-seo-premium-wordpress\/ -->\n<title>Avbokningsregler och avbokningsformul\u00e4r - versiegelung24.com<\/title>\n<meta name=\"robots\" content=\"index, follow, max-snippet:-1, max-image-preview:large, max-video-preview:-1\" \/>\n<link rel=\"canonical\" href=\"https:\/\/www.versiegelung24.com\/sv\/avbokningsregler\/\" \/>\n<meta property=\"og:locale\" content=\"sv_SE\" \/>\n<meta property=\"og:type\" content=\"article\" \/>\n<meta property=\"og:title\" content=\"Avbokningsregler och avbokningsformul\u00e4r\" \/>\n<meta property=\"og:description\" content=\"Konsumenter har r\u00e4tt till \u00e5ngerr\u00e4tt i enlighet med f\u00f6ljande best\u00e4mmelser, varvid en konsument \u00e4r en fysisk person som slutar en juridisk transaktion f\u00f6r syften som \u00f6verv\u00e4gande inte \u00e4r kommersiella eller egenf\u00f6retagare: A. Avbokningsregler \u00c5ngerr\u00e4tt Du har r\u00e4tt att \u00e5terkalla detta kontrakt inom 14 dagar utan att ange n\u00e5gon anledning. \u00c5ngerfristen \u00e4r 14 dagar fr\u00e5n den&hellip;&nbsp;Read More &raquo;Avbokningsregler och avbokningsformul\u00e4r\" \/>\n<meta property=\"og:url\" content=\"https:\/\/www.versiegelung24.com\/sv\/avbokningsregler\/\" \/>\n<meta property=\"og:site_name\" content=\"versiegelung24.com\" \/>\n<meta property=\"article:modified_time\" content=\"2024-06-25T18:51:01+00:00\" \/>\n<meta property=\"og:image\" content=\"https:\/\/www.versiegelung24.com\/wp-content\/uploads\/2022\/02\/Widerruf.png\" \/>\n\t<meta property=\"og:image:width\" content=\"2000\" \/>\n\t<meta property=\"og:image:height\" content=\"2000\" \/>\n\t<meta property=\"og:image:type\" content=\"image\/png\" \/>\n<meta name=\"twitter:card\" content=\"summary_large_image\" \/>\n<meta name=\"twitter:label1\" content=\"Ber\u00e4knad l\u00e4stid\" \/>\n\t<meta name=\"twitter:data1\" content=\"3 minuter\" \/>\n<script type=\"application\/ld+json\" class=\"yoast-schema-graph\">{\"@context\":\"https:\\\/\\\/schema.org\",\"@graph\":[{\"@type\":\"WebPage\",\"@id\":\"https:\\\/\\\/www.versiegelung24.com\\\/sv\\\/avbokningsregler\\\/\",\"url\":\"https:\\\/\\\/www.versiegelung24.com\\\/sv\\\/avbokningsregler\\\/\",\"name\":\"Avbokningsregler och avbokningsformul\u00e4r - versiegelung24.com\",\"isPartOf\":{\"@id\":\"https:\\\/\\\/www.versiegelung24.com\\\/sv\\\/#website\"},\"primaryImageOfPage\":{\"@id\":\"https:\\\/\\\/www.versiegelung24.com\\\/sv\\\/avbokningsregler\\\/#primaryimage\"},\"image\":{\"@id\":\"https:\\\/\\\/www.versiegelung24.com\\\/sv\\\/avbokningsregler\\\/#primaryimage\"},\"thumbnailUrl\":\"https:\\\/\\\/www.versiegelung24.com\\\/wp-content\\\/uploads\\\/2022\\\/02\\\/Widerruf.png\",\"datePublished\":\"2021-08-03T10:02:39+00:00\",\"dateModified\":\"2024-06-25T18:51:01+00:00\",\"breadcrumb\":{\"@id\":\"https:\\\/\\\/www.versiegelung24.com\\\/sv\\\/avbokningsregler\\\/#breadcrumb\"},\"inLanguage\":\"sv-SE\",\"potentialAction\":[{\"@type\":\"ReadAction\",\"target\":[\"https:\\\/\\\/www.versiegelung24.com\\\/sv\\\/avbokningsregler\\\/\"]}]},{\"@type\":\"ImageObject\",\"inLanguage\":\"sv-SE\",\"@id\":\"https:\\\/\\\/www.versiegelung24.com\\\/sv\\\/avbokningsregler\\\/#primaryimage\",\"url\":\"https:\\\/\\\/www.versiegelung24.com\\\/wp-content\\\/uploads\\\/2022\\\/02\\\/Widerruf.png\",\"contentUrl\":\"https:\\\/\\\/www.versiegelung24.com\\\/wp-content\\\/uploads\\\/2022\\\/02\\\/Widerruf.png\",\"width\":2000,\"height\":2000},{\"@type\":\"BreadcrumbList\",\"@id\":\"https:\\\/\\\/www.versiegelung24.com\\\/sv\\\/avbokningsregler\\\/#breadcrumb\",\"itemListElement\":[{\"@type\":\"ListItem\",\"position\":1,\"name\":\"Hemsidan\",\"item\":\"https:\\\/\\\/www.versiegelung24.com\\\/sv\\\/front\\\/\"},{\"@type\":\"ListItem\",\"position\":2,\"name\":\"Avbokningsregler och avbokningsformul\u00e4r\"}]},{\"@type\":\"WebSite\",\"@id\":\"https:\\\/\\\/www.versiegelung24.com\\\/sv\\\/#website\",\"url\":\"https:\\\/\\\/www.versiegelung24.com\\\/sv\\\/\",\"name\":\"versiegelung24.com\",\"description\":\"Fl\u00fcssigglas-Versiegelung - Made in Germany\",\"publisher\":{\"@id\":\"https:\\\/\\\/www.versiegelung24.com\\\/sv\\\/#organization\"},\"potentialAction\":[{\"@type\":\"SearchAction\",\"target\":{\"@type\":\"EntryPoint\",\"urlTemplate\":\"https:\\\/\\\/www.versiegelung24.com\\\/sv\\\/?s={search_term_string}\"},\"query-input\":{\"@type\":\"PropertyValueSpecification\",\"valueRequired\":true,\"valueName\":\"search_term_string\"}}],\"inLanguage\":\"sv-SE\"},{\"@type\":\"Organization\",\"@id\":\"https:\\\/\\\/www.versiegelung24.com\\\/sv\\\/#organization\",\"name\":\"versiegelung24\",\"url\":\"https:\\\/\\\/www.versiegelung24.com\\\/sv\\\/\",\"logo\":{\"@type\":\"ImageObject\",\"inLanguage\":\"sv-SE\",\"@id\":\"https:\\\/\\\/www.versiegelung24.com\\\/sv\\\/#\\\/schema\\\/logo\\\/image\\\/\",\"url\":\"https:\\\/\\\/www.versiegelung24.com\\\/wp-content\\\/uploads\\\/2020\\\/04\\\/versiegelung24.png\",\"contentUrl\":\"https:\\\/\\\/www.versiegelung24.com\\\/wp-content\\\/uploads\\\/2020\\\/04\\\/versiegelung24.png\",\"width\":470,\"height\":102,\"caption\":\"versiegelung24\"},\"image\":{\"@id\":\"https:\\\/\\\/www.versiegelung24.com\\\/sv\\\/#\\\/schema\\\/logo\\\/image\\\/\"}}]}<\/script>\n<!-- \/ Yoast SEO Premium plugin. -->","yoast_head_json":{"title":"Avbokningsregler och avbokningsformul\u00e4r - versiegelung24.com","robots":{"index":"index","follow":"follow","max-snippet":"max-snippet:-1","max-image-preview":"max-image-preview:large","max-video-preview":"max-video-preview:-1"},"canonical":"https:\/\/www.versiegelung24.com\/sv\/avbokningsregler\/","og_locale":"sv_SE","og_type":"article","og_title":"Avbokningsregler och avbokningsformul\u00e4r","og_description":"Konsumenter har r\u00e4tt till \u00e5ngerr\u00e4tt i enlighet med f\u00f6ljande best\u00e4mmelser, varvid en konsument \u00e4r en fysisk person som slutar en juridisk transaktion f\u00f6r syften som \u00f6verv\u00e4gande inte \u00e4r kommersiella eller egenf\u00f6retagare: A. Avbokningsregler \u00c5ngerr\u00e4tt Du har r\u00e4tt att \u00e5terkalla detta kontrakt inom 14 dagar utan att ange n\u00e5gon anledning. \u00c5ngerfristen \u00e4r 14 dagar fr\u00e5n den&hellip;&nbsp;Read More &raquo;Avbokningsregler och avbokningsformul\u00e4r","og_url":"https:\/\/www.versiegelung24.com\/sv\/avbokningsregler\/","og_site_name":"versiegelung24.com","article_modified_time":"2024-06-25T18:51:01+00:00","og_image":[{"width":2000,"height":2000,"url":"https:\/\/www.versiegelung24.com\/wp-content\/uploads\/2022\/02\/Widerruf.png","type":"image\/png"}],"twitter_card":"summary_large_image","twitter_misc":{"Ber\u00e4knad l\u00e4stid":"3 minuter"},"schema":{"@context":"https:\/\/schema.org","@graph":[{"@type":"WebPage","@id":"https:\/\/www.versiegelung24.com\/sv\/avbokningsregler\/","url":"https:\/\/www.versiegelung24.com\/sv\/avbokningsregler\/","name":"Avbokningsregler och avbokningsformul\u00e4r - versiegelung24.com","isPartOf":{"@id":"https:\/\/www.versiegelung24.com\/sv\/#website"},"primaryImageOfPage":{"@id":"https:\/\/www.versiegelung24.com\/sv\/avbokningsregler\/#primaryimage"},"image":{"@id":"https:\/\/www.versiegelung24.com\/sv\/avbokningsregler\/#primaryimage"},"thumbnailUrl":"https:\/\/www.versiegelung24.com\/wp-content\/uploads\/2022\/02\/Widerruf.png","datePublished":"2021-08-03T10:02:39+00:00","dateModified":"2024-06-25T18:51:01+00:00","breadcrumb":{"@id":"https:\/\/www.versiegelung24.com\/sv\/avbokningsregler\/#breadcrumb"},"inLanguage":"sv-SE","potentialAction":[{"@type":"ReadAction","target":["https:\/\/www.versiegelung24.com\/sv\/avbokningsregler\/"]}]},{"@type":"ImageObject","inLanguage":"sv-SE","@id":"https:\/\/www.versiegelung24.com\/sv\/avbokningsregler\/#primaryimage","url":"https:\/\/www.versiegelung24.com\/wp-content\/uploads\/2022\/02\/Widerruf.png","contentUrl":"https:\/\/www.versiegelung24.com\/wp-content\/uploads\/2022\/02\/Widerruf.png","width":2000,"height":2000},{"@type":"BreadcrumbList","@id":"https:\/\/www.versiegelung24.com\/sv\/avbokningsregler\/#breadcrumb","itemListElement":[{"@type":"ListItem","position":1,"name":"Hemsidan","item":"https:\/\/www.versiegelung24.com\/sv\/front\/"},{"@type":"ListItem","position":2,"name":"Avbokningsregler och avbokningsformul\u00e4r"}]},{"@type":"WebSite","@id":"https:\/\/www.versiegelung24.com\/sv\/#website","url":"https:\/\/www.versiegelung24.com\/sv\/","name":"versiegelung24.com","description":"Fl\u00fcssigglas-Versiegelung - Made in Germany","publisher":{"@id":"https:\/\/www.versiegelung24.com\/sv\/#organization"},"potentialAction":[{"@type":"SearchAction","target":{"@type":"EntryPoint","urlTemplate":"https:\/\/www.versiegelung24.com\/sv\/?s={search_term_string}"},"query-input":{"@type":"PropertyValueSpecification","valueRequired":true,"valueName":"search_term_string"}}],"inLanguage":"sv-SE"},{"@type":"Organization","@id":"https:\/\/www.versiegelung24.com\/sv\/#organization","name":"versiegelung24","url":"https:\/\/www.versiegelung24.com\/sv\/","logo":{"@type":"ImageObject","inLanguage":"sv-SE","@id":"https:\/\/www.versiegelung24.com\/sv\/#\/schema\/logo\/image\/","url":"https:\/\/www.versiegelung24.com\/wp-content\/uploads\/2020\/04\/versiegelung24.png","contentUrl":"https:\/\/www.versiegelung24.com\/wp-content\/uploads\/2020\/04\/versiegelung24.png","width":470,"height":102,"caption":"versiegelung24"},"image":{"@id":"https:\/\/www.versiegelung24.com\/sv\/#\/schema\/logo\/image\/"}}]}},"_links":{"self":[{"href":"https:\/\/www.versiegelung24.com\/sv\/wp-json\/wp\/v2\/pages\/25885","targetHints":{"allow":["GET"]}}],"collection":[{"href":"https:\/\/www.versiegelung24.com\/sv\/wp-json\/wp\/v2\/pages"}],"about":[{"href":"https:\/\/www.versiegelung24.com\/sv\/wp-json\/wp\/v2\/types\/page"}],"author":[{"embeddable":true,"href":"https:\/\/www.versiegelung24.com\/sv\/wp-json\/wp\/v2\/users\/932"}],"replies":[{"embeddable":true,"href":"https:\/\/www.versiegelung24.com\/sv\/wp-json\/wp\/v2\/comments?post=25885"}],"version-history":[{"count":3,"href":"https:\/\/www.versiegelung24.com\/sv\/wp-json\/wp\/v2\/pages\/25885\/revisions"}],"predecessor-version":[{"id":167635,"href":"https:\/\/www.versiegelung24.com\/sv\/wp-json\/wp\/v2\/pages\/25885\/revisions\/167635"}],"wp:featuredmedia":[{"embeddable":true,"href":"https:\/\/www.versiegelung24.com\/sv\/wp-json\/wp\/v2\/media\/71037"}],"wp:attachment":[{"href":"https:\/\/www.versiegelung24.com\/sv\/wp-json\/wp\/v2\/media?parent=25885"}],"wp:term":[{"taxonomy":"category","embeddable":true,"href":"https:\/\/www.versiegelung24.com\/sv\/wp-json\/wp\/v2\/categories?post=25885"},{"taxonomy":"seiten_kategorie","embeddable":true,"href":"https:\/\/www.versiegelung24.com\/sv\/wp-json\/wp\/v2\/seiten_kategorie?post=25885"}],"curies":[{"name":"wp","href":"https:\/\/api.w.org\/{rel}","templated":true}]}}