{"id":25888,"date":"2021-08-03T12:02:40","date_gmt":"2021-08-03T10:02:40","guid":{"rendered":"https:\/\/www.versiegelung24.com\/frakt"},"modified":"2024-07-09T09:46:02","modified_gmt":"2024-07-09T07:46:02","slug":"fraktmetoder","status":"publish","type":"page","link":"https:\/\/www.versiegelung24.com\/sv\/rad-om-produkter-fran-versiegelung24\/frakt\/","title":{"rendered":"frakt"},"content":{"rendered":"\n<div class=\"wp-block-columns is-layout-flex wp-container-core-columns-is-layout-9d6595d7 wp-block-columns-is-layout-flex\">\n<div class=\"wp-block-column is-layout-flow wp-block-column-is-layout-flow\" style=\"flex-basis:33.33%\">\n<figure class=\"wp-block-gallery has-nested-images columns-default is-cropped wp-block-gallery-1 is-layout-flex wp-block-gallery-is-layout-flex\">\n<figure class=\"wp-block-image size-large\"><img fetchpriority=\"high\" decoding=\"async\" width=\"1000\" height=\"1000\" data-id=\"42869\" src=\"https:\/\/www.versiegelung24.com\/wp-content\/uploads\/2021\/12\/Box-1.png\" alt=\"\" class=\"wp-image-42869\" srcset=\"https:\/\/www.versiegelung24.com\/wp-content\/uploads\/2021\/12\/Box-1.png 1000w, https:\/\/www.versiegelung24.com\/wp-content\/uploads\/2021\/12\/Box-1-400x400.png 400w, https:\/\/www.versiegelung24.com\/wp-content\/uploads\/2021\/12\/Box-1-100x100.png 100w, https:\/\/www.versiegelung24.com\/wp-content\/uploads\/2021\/12\/Box-1-600x600.png 600w, https:\/\/www.versiegelung24.com\/wp-content\/uploads\/2021\/12\/Box-1-300x300.png 300w, https:\/\/www.versiegelung24.com\/wp-content\/uploads\/2021\/12\/Box-1-80x80.png 80w, https:\/\/www.versiegelung24.com\/wp-content\/uploads\/2021\/12\/Box-1-768x768.png 768w\" sizes=\"(max-width: 1000px) 100vw, 1000px\" \/><\/figure>\n<\/figure>\n\n\n\n<div class=\"wp-block-columns is-layout-flex wp-container-core-columns-is-layout-9d6595d7 wp-block-columns-is-layout-flex\">\n<div class=\"wp-block-column is-vertically-aligned-center is-layout-flow wp-block-column-is-layout-flow\" style=\"flex-basis:20%\">\n<figure class=\"wp-block-image is-resized\"><img decoding=\"async\" src=\"https:\/\/www.versiegelung24.com\/wp-content\/uploads\/2023\/11\/flag-of-europe-or-european-union-or-eu-with-leather-texture-background-1300x867.jpg\" alt=\"flagga f&#xF6;r Europa eller Europeiska unionen eller EU med l&#xE4;der textur bakgrund\" style=\"aspect-ratio:1.4994232987312572;object-fit:contain;width:90px;height:auto\"\/><\/figure>\n<\/div>\n\n\n\n<div class=\"wp-block-column is-vertically-aligned-center is-layout-flow wp-block-column-is-layout-flow\">\n<figure class=\"wp-block-image size-full is-resized\"><img decoding=\"async\" width=\"697\" height=\"249\" src=\"https:\/\/www.versiegelung24.com\/wp-content\/uploads\/2023\/11\/zustellung-durch-DHL.webp\" alt=\"\" class=\"wp-image-133154\" style=\"aspect-ratio:2.7991967871485945;width:189px;height:auto\" srcset=\"https:\/\/www.versiegelung24.com\/wp-content\/uploads\/2023\/11\/zustellung-durch-DHL.webp 697w, https:\/\/www.versiegelung24.com\/wp-content\/uploads\/2023\/11\/zustellung-durch-DHL-300x107.webp 300w, https:\/\/www.versiegelung24.com\/wp-content\/uploads\/2023\/11\/zustellung-durch-DHL-600x214.webp 600w\" sizes=\"(max-width: 697px) 100vw, 697px\" \/><\/figure>\n<\/div>\n<\/div>\n<\/div>\n\n\n\n<div class=\"wp-block-column is-layout-flow wp-block-column-is-layout-flow\" style=\"flex-basis:66.66%\">\n<h1 class=\"wp-block-heading\" id=\"h-versandarten-amp-versandkosten\">Fraktmetoder &amp; fraktkostnader<\/h1>\n\n\n\n<p>V\u00e5ra produkter skickas i allm\u00e4nhet som f\u00f6rs\u00e4krade paket.<\/p>\n\n\n\n<h2 class=\"wp-block-heading\" id=\"h-deutschland\">Tyskland<\/h2>\n\n\n\n<p>Fraktkostnaderna inom Tyskland \u00e4r<strong> 6,99 euro per best\u00e4llning<\/strong> . Fr\u00e5n ett orderv\u00e4rde p\u00e5<strong> 250,00 euro<\/strong> Det finns inga fraktkostnader (brutto).<\/p>\n\n\n\n<h2 class=\"wp-block-heading\" id=\"h-europaischen-union\">europeiska unionen<\/h2>\n\n\n\n<p>Fraktkostnaderna till Europeiska unionen \u00e4r <strong>21,90 euro per best\u00e4llning<\/strong>.<\/p>\n\n\n\n<h2 class=\"wp-block-heading\" id=\"h-speditionsversand\">Spedition<\/h2>\n\n\n\n<p>Fr\u00e5n 100 liter och leverans av st\u00f6rre kvantiteter och pallar <a href=\"https:\/\/www.versiegelung24.com\/sv\/kontakt\/\">individuellt p\u00e5 beg\u00e4ran<\/a><\/p>\n\n\n\n<div class=\"wp-block-columns is-layout-flex wp-container-core-columns-is-layout-9d6595d7 wp-block-columns-is-layout-flex\">\n<div class=\"wp-block-column is-layout-flow wp-block-column-is-layout-flow\" style=\"flex-basis:33.33%\"><div class=\"wp-block-image\">\n<figure class=\"alignleft size-full is-resized\"><img decoding=\"async\" width=\"271\" height=\"272\" src=\"https:\/\/www.versiegelung24.com\/wp-content\/uploads\/2023\/12\/2024-1.png\" alt=\"\" class=\"wp-image-135464\" style=\"aspect-ratio:0.9963235294117647;width:179px;height:auto\" srcset=\"https:\/\/www.versiegelung24.com\/wp-content\/uploads\/2023\/12\/2024-1.png 271w, https:\/\/www.versiegelung24.com\/wp-content\/uploads\/2023\/12\/2024-1-80x80.png 80w, https:\/\/www.versiegelung24.com\/wp-content\/uploads\/2023\/12\/2024-1-70x70.png 70w, https:\/\/www.versiegelung24.com\/wp-content\/uploads\/2023\/12\/2024-1-100x100.png 100w\" sizes=\"(max-width: 271px) 100vw, 271px\" \/><\/figure>\n<\/div><\/div>\n<\/div>\n<\/div>\n<\/div>\n","protected":false},"excerpt":{"rendered":"<p>Fraktmetoder &amp; fraktkostnader V\u00e5ra produkter skickas i allm\u00e4nhet som f\u00f6rs\u00e4krade paket. Tyskland Fraktkostnaderna inom Tyskland \u00e4r 6,99 euro per best\u00e4llning . Fr\u00e5n ett orderv\u00e4rde p\u00e5 250,00 euro Det finns inga fraktkostnader (brutto). europeiska unionen Fraktkostnaderna till Europeiska unionen \u00e4r 21,90 euro per best\u00e4llning. Spedition Fr\u00e5n 100 liter och leverans av st\u00f6rre kvantiteter och pallar individuellt&hellip;&nbsp;<a href=\"https:\/\/www.versiegelung24.com\/sv\/rad-om-produkter-fran-versiegelung24\/frakt\/\" rel=\"bookmark\">Read More &raquo;<span class=\"screen-reader-text\">frakt<\/span><\/a><\/p>\n","protected":false},"author":932,"featured_media":44180,"parent":31234,"menu_order":8,"comment_status":"closed","ping_status":"closed","template":"","meta":{"_acf_changed":false,"neve_meta_sidebar":"","neve_meta_container":"","neve_meta_enable_content_width":"","neve_meta_content_width":0,"neve_meta_title_alignment":"","neve_meta_author_avatar":"","neve_post_elements_order":"","neve_meta_disable_header":"","neve_meta_disable_footer":"","neve_meta_disable_title":"","neve_meta_reading_time":"","footnotes":""},"categories":[],"seiten_kategorie":[],"class_list":["post-25888","page","type-page","status-publish","has-post-thumbnail","hentry"],"acf":[],"yoast_head":"<!-- This site is optimized with the Yoast SEO Premium plugin v22.8 (Yoast SEO v27.4) - https:\/\/yoast.com\/product\/yoast-seo-premium-wordpress\/ -->\n<title>frakt - versiegelung24.com<\/title>\n<meta name=\"robots\" content=\"index, follow, max-snippet:-1, max-image-preview:large, max-video-preview:-1\" \/>\n<link rel=\"canonical\" href=\"https:\/\/www.versiegelung24.com\/sv\/rad-om-produkter-fran-versiegelung24\/frakt\/\" \/>\n<meta property=\"og:locale\" content=\"sv_SE\" \/>\n<meta property=\"og:type\" content=\"article\" \/>\n<meta property=\"og:title\" content=\"frakt\" \/>\n<meta property=\"og:description\" content=\"Fraktmetoder &amp; fraktkostnader V\u00e5ra produkter skickas i allm\u00e4nhet som f\u00f6rs\u00e4krade paket. Tyskland Fraktkostnaderna inom Tyskland \u00e4r 6,99 euro per best\u00e4llning . Fr\u00e5n ett orderv\u00e4rde p\u00e5 250,00 euro Det finns inga fraktkostnader (brutto). europeiska unionen Fraktkostnaderna till Europeiska unionen \u00e4r 21,90 euro per best\u00e4llning. Spedition Fr\u00e5n 100 liter och leverans av st\u00f6rre kvantiteter och pallar individuellt&hellip;&nbsp;Read More &raquo;frakt\" \/>\n<meta property=\"og:url\" content=\"https:\/\/www.versiegelung24.com\/sv\/rad-om-produkter-fran-versiegelung24\/frakt\/\" \/>\n<meta property=\"og:site_name\" content=\"versiegelung24.com\" \/>\n<meta property=\"article:modified_time\" content=\"2024-07-09T07:46:02+00:00\" \/>\n<meta property=\"og:image\" content=\"https:\/\/www.versiegelung24.com\/wp-content\/uploads\/2021\/12\/Paket-1.png\" \/>\n\t<meta property=\"og:image:width\" content=\"1000\" \/>\n\t<meta property=\"og:image:height\" content=\"1000\" \/>\n\t<meta property=\"og:image:type\" content=\"image\/png\" \/>\n<meta name=\"twitter:card\" content=\"summary_large_image\" \/>\n<script type=\"application\/ld+json\" class=\"yoast-schema-graph\">{\"@context\":\"https:\\\/\\\/schema.org\",\"@graph\":[{\"@type\":\"WebPage\",\"@id\":\"https:\\\/\\\/www.versiegelung24.com\\\/sv\\\/rad-om-produkter-fran-versiegelung24\\\/frakt\\\/\",\"url\":\"https:\\\/\\\/www.versiegelung24.com\\\/sv\\\/rad-om-produkter-fran-versiegelung24\\\/frakt\\\/\",\"name\":\"frakt - versiegelung24.com\",\"isPartOf\":{\"@id\":\"https:\\\/\\\/www.versiegelung24.com\\\/sv\\\/#website\"},\"primaryImageOfPage\":{\"@id\":\"https:\\\/\\\/www.versiegelung24.com\\\/sv\\\/rad-om-produkter-fran-versiegelung24\\\/frakt\\\/#primaryimage\"},\"image\":{\"@id\":\"https:\\\/\\\/www.versiegelung24.com\\\/sv\\\/rad-om-produkter-fran-versiegelung24\\\/frakt\\\/#primaryimage\"},\"thumbnailUrl\":\"https:\\\/\\\/www.versiegelung24.com\\\/wp-content\\\/uploads\\\/2021\\\/12\\\/Paket-1.png\",\"datePublished\":\"2021-08-03T10:02:40+00:00\",\"dateModified\":\"2024-07-09T07:46:02+00:00\",\"breadcrumb\":{\"@id\":\"https:\\\/\\\/www.versiegelung24.com\\\/sv\\\/rad-om-produkter-fran-versiegelung24\\\/frakt\\\/#breadcrumb\"},\"inLanguage\":\"sv-SE\",\"potentialAction\":[{\"@type\":\"ReadAction\",\"target\":[\"https:\\\/\\\/www.versiegelung24.com\\\/sv\\\/rad-om-produkter-fran-versiegelung24\\\/frakt\\\/\"]}]},{\"@type\":\"ImageObject\",\"inLanguage\":\"sv-SE\",\"@id\":\"https:\\\/\\\/www.versiegelung24.com\\\/sv\\\/rad-om-produkter-fran-versiegelung24\\\/frakt\\\/#primaryimage\",\"url\":\"https:\\\/\\\/www.versiegelung24.com\\\/wp-content\\\/uploads\\\/2021\\\/12\\\/Paket-1.png\",\"contentUrl\":\"https:\\\/\\\/www.versiegelung24.com\\\/wp-content\\\/uploads\\\/2021\\\/12\\\/Paket-1.png\",\"width\":1000,\"height\":1000},{\"@type\":\"BreadcrumbList\",\"@id\":\"https:\\\/\\\/www.versiegelung24.com\\\/sv\\\/rad-om-produkter-fran-versiegelung24\\\/frakt\\\/#breadcrumb\",\"itemListElement\":[{\"@type\":\"ListItem\",\"position\":1,\"name\":\"Hemsidan\",\"item\":\"https:\\\/\\\/www.versiegelung24.com\\\/sv\\\/front\\\/\"},{\"@type\":\"ListItem\",\"position\":2,\"name\":\"R\u00e5dgivare\",\"item\":\"https:\\\/\\\/www.versiegelung24.com\\\/sv\\\/ratgeber\\\/\"},{\"@type\":\"ListItem\",\"position\":3,\"name\":\"frakt\"}]},{\"@type\":\"WebSite\",\"@id\":\"https:\\\/\\\/www.versiegelung24.com\\\/sv\\\/#website\",\"url\":\"https:\\\/\\\/www.versiegelung24.com\\\/sv\\\/\",\"name\":\"versiegelung24.com\",\"description\":\"Fl\u00fcssigglas-Versiegelung - Made in Germany\",\"publisher\":{\"@id\":\"https:\\\/\\\/www.versiegelung24.com\\\/sv\\\/#organization\"},\"potentialAction\":[{\"@type\":\"SearchAction\",\"target\":{\"@type\":\"EntryPoint\",\"urlTemplate\":\"https:\\\/\\\/www.versiegelung24.com\\\/sv\\\/?s={search_term_string}\"},\"query-input\":{\"@type\":\"PropertyValueSpecification\",\"valueRequired\":true,\"valueName\":\"search_term_string\"}}],\"inLanguage\":\"sv-SE\"},{\"@type\":\"Organization\",\"@id\":\"https:\\\/\\\/www.versiegelung24.com\\\/sv\\\/#organization\",\"name\":\"versiegelung24\",\"url\":\"https:\\\/\\\/www.versiegelung24.com\\\/sv\\\/\",\"logo\":{\"@type\":\"ImageObject\",\"inLanguage\":\"sv-SE\",\"@id\":\"https:\\\/\\\/www.versiegelung24.com\\\/sv\\\/#\\\/schema\\\/logo\\\/image\\\/\",\"url\":\"https:\\\/\\\/www.versiegelung24.com\\\/wp-content\\\/uploads\\\/2020\\\/04\\\/versiegelung24.png\",\"contentUrl\":\"https:\\\/\\\/www.versiegelung24.com\\\/wp-content\\\/uploads\\\/2020\\\/04\\\/versiegelung24.png\",\"width\":470,\"height\":102,\"caption\":\"versiegelung24\"},\"image\":{\"@id\":\"https:\\\/\\\/www.versiegelung24.com\\\/sv\\\/#\\\/schema\\\/logo\\\/image\\\/\"}}]}<\/script>\n<!-- \/ Yoast SEO Premium plugin. -->","yoast_head_json":{"title":"frakt - versiegelung24.com","robots":{"index":"index","follow":"follow","max-snippet":"max-snippet:-1","max-image-preview":"max-image-preview:large","max-video-preview":"max-video-preview:-1"},"canonical":"https:\/\/www.versiegelung24.com\/sv\/rad-om-produkter-fran-versiegelung24\/frakt\/","og_locale":"sv_SE","og_type":"article","og_title":"frakt","og_description":"Fraktmetoder &amp; fraktkostnader V\u00e5ra produkter skickas i allm\u00e4nhet som f\u00f6rs\u00e4krade paket. Tyskland Fraktkostnaderna inom Tyskland \u00e4r 6,99 euro per best\u00e4llning . Fr\u00e5n ett orderv\u00e4rde p\u00e5 250,00 euro Det finns inga fraktkostnader (brutto). europeiska unionen Fraktkostnaderna till Europeiska unionen \u00e4r 21,90 euro per best\u00e4llning. Spedition Fr\u00e5n 100 liter och leverans av st\u00f6rre kvantiteter och pallar individuellt&hellip;&nbsp;Read More &raquo;frakt","og_url":"https:\/\/www.versiegelung24.com\/sv\/rad-om-produkter-fran-versiegelung24\/frakt\/","og_site_name":"versiegelung24.com","article_modified_time":"2024-07-09T07:46:02+00:00","og_image":[{"width":1000,"height":1000,"url":"https:\/\/www.versiegelung24.com\/wp-content\/uploads\/2021\/12\/Paket-1.png","type":"image\/png"}],"twitter_card":"summary_large_image","schema":{"@context":"https:\/\/schema.org","@graph":[{"@type":"WebPage","@id":"https:\/\/www.versiegelung24.com\/sv\/rad-om-produkter-fran-versiegelung24\/frakt\/","url":"https:\/\/www.versiegelung24.com\/sv\/rad-om-produkter-fran-versiegelung24\/frakt\/","name":"frakt - versiegelung24.com","isPartOf":{"@id":"https:\/\/www.versiegelung24.com\/sv\/#website"},"primaryImageOfPage":{"@id":"https:\/\/www.versiegelung24.com\/sv\/rad-om-produkter-fran-versiegelung24\/frakt\/#primaryimage"},"image":{"@id":"https:\/\/www.versiegelung24.com\/sv\/rad-om-produkter-fran-versiegelung24\/frakt\/#primaryimage"},"thumbnailUrl":"https:\/\/www.versiegelung24.com\/wp-content\/uploads\/2021\/12\/Paket-1.png","datePublished":"2021-08-03T10:02:40+00:00","dateModified":"2024-07-09T07:46:02+00:00","breadcrumb":{"@id":"https:\/\/www.versiegelung24.com\/sv\/rad-om-produkter-fran-versiegelung24\/frakt\/#breadcrumb"},"inLanguage":"sv-SE","potentialAction":[{"@type":"ReadAction","target":["https:\/\/www.versiegelung24.com\/sv\/rad-om-produkter-fran-versiegelung24\/frakt\/"]}]},{"@type":"ImageObject","inLanguage":"sv-SE","@id":"https:\/\/www.versiegelung24.com\/sv\/rad-om-produkter-fran-versiegelung24\/frakt\/#primaryimage","url":"https:\/\/www.versiegelung24.com\/wp-content\/uploads\/2021\/12\/Paket-1.png","contentUrl":"https:\/\/www.versiegelung24.com\/wp-content\/uploads\/2021\/12\/Paket-1.png","width":1000,"height":1000},{"@type":"BreadcrumbList","@id":"https:\/\/www.versiegelung24.com\/sv\/rad-om-produkter-fran-versiegelung24\/frakt\/#breadcrumb","itemListElement":[{"@type":"ListItem","position":1,"name":"Hemsidan","item":"https:\/\/www.versiegelung24.com\/sv\/front\/"},{"@type":"ListItem","position":2,"name":"R\u00e5dgivare","item":"https:\/\/www.versiegelung24.com\/sv\/ratgeber\/"},{"@type":"ListItem","position":3,"name":"frakt"}]},{"@type":"WebSite","@id":"https:\/\/www.versiegelung24.com\/sv\/#website","url":"https:\/\/www.versiegelung24.com\/sv\/","name":"versiegelung24.com","description":"Fl\u00fcssigglas-Versiegelung - Made in Germany","publisher":{"@id":"https:\/\/www.versiegelung24.com\/sv\/#organization"},"potentialAction":[{"@type":"SearchAction","target":{"@type":"EntryPoint","urlTemplate":"https:\/\/www.versiegelung24.com\/sv\/?s={search_term_string}"},"query-input":{"@type":"PropertyValueSpecification","valueRequired":true,"valueName":"search_term_string"}}],"inLanguage":"sv-SE"},{"@type":"Organization","@id":"https:\/\/www.versiegelung24.com\/sv\/#organization","name":"versiegelung24","url":"https:\/\/www.versiegelung24.com\/sv\/","logo":{"@type":"ImageObject","inLanguage":"sv-SE","@id":"https:\/\/www.versiegelung24.com\/sv\/#\/schema\/logo\/image\/","url":"https:\/\/www.versiegelung24.com\/wp-content\/uploads\/2020\/04\/versiegelung24.png","contentUrl":"https:\/\/www.versiegelung24.com\/wp-content\/uploads\/2020\/04\/versiegelung24.png","width":470,"height":102,"caption":"versiegelung24"},"image":{"@id":"https:\/\/www.versiegelung24.com\/sv\/#\/schema\/logo\/image\/"}}]}},"_links":{"self":[{"href":"https:\/\/www.versiegelung24.com\/sv\/wp-json\/wp\/v2\/pages\/25888","targetHints":{"allow":["GET"]}}],"collection":[{"href":"https:\/\/www.versiegelung24.com\/sv\/wp-json\/wp\/v2\/pages"}],"about":[{"href":"https:\/\/www.versiegelung24.com\/sv\/wp-json\/wp\/v2\/types\/page"}],"author":[{"embeddable":true,"href":"https:\/\/www.versiegelung24.com\/sv\/wp-json\/wp\/v2\/users\/932"}],"replies":[{"embeddable":true,"href":"https:\/\/www.versiegelung24.com\/sv\/wp-json\/wp\/v2\/comments?post=25888"}],"version-history":[{"count":19,"href":"https:\/\/www.versiegelung24.com\/sv\/wp-json\/wp\/v2\/pages\/25888\/revisions"}],"predecessor-version":[{"id":167278,"href":"https:\/\/www.versiegelung24.com\/sv\/wp-json\/wp\/v2\/pages\/25888\/revisions\/167278"}],"up":[{"embeddable":true,"href":"https:\/\/www.versiegelung24.com\/sv\/wp-json\/wp\/v2\/pages\/31234"}],"wp:featuredmedia":[{"embeddable":true,"href":"https:\/\/www.versiegelung24.com\/sv\/wp-json\/wp\/v2\/media\/44180"}],"wp:attachment":[{"href":"https:\/\/www.versiegelung24.com\/sv\/wp-json\/wp\/v2\/media?parent=25888"}],"wp:term":[{"taxonomy":"category","embeddable":true,"href":"https:\/\/www.versiegelung24.com\/sv\/wp-json\/wp\/v2\/categories?post=25888"},{"taxonomy":"seiten_kategorie","embeddable":true,"href":"https:\/\/www.versiegelung24.com\/sv\/wp-json\/wp\/v2\/seiten_kategorie?post=25888"}],"curies":[{"name":"wp","href":"https:\/\/api.w.org\/{rel}","templated":true}]}}