{"id":25980,"date":"2021-08-03T12:06:54","date_gmt":"2021-08-03T10:06:54","guid":{"rendered":"https:\/\/www.versiegelung24.com\/betalningsmetoder"},"modified":"2024-07-09T09:46:38","modified_gmt":"2024-07-09T07:46:38","slug":"betalningsmetoder","status":"publish","type":"page","link":"https:\/\/www.versiegelung24.com\/sv\/betalningsmetoder\/","title":{"rendered":"Betalningsmetoder"},"content":{"rendered":"\n<h1 class=\"wp-block-heading\" id=\"h-zahlungsarten\">Betalningsmetoder<\/h1>\n<p>Vi erbjuder f\u00f6ljande betalningsmetoder f\u00f6r din best\u00e4llning p\u00e5 versiongelung24.com:<\/p>\n<p><img fetchpriority=\"high\" decoding=\"async\" class=\"alignnone wp-image-133349 \" src=\"https:\/\/www.versiegelung24.com\/wp-content\/uploads\/2023\/11\/v24-footer-zahlungsarten-1300x93.webp\" alt=\"\" width=\"780\" height=\"76\"><\/p>\n<h3>Paypal<\/h3>\n<p>Om betalningsbeloppet betalas via PayPal, kommer din best\u00e4llning att behandlas omedelbart.<\/p>\n<h3>F\u00f6rskottsbetalning via bank\u00f6verf\u00f6ring<\/h3>\n<p>Efter mottagandet av betalningen genom f\u00f6rskotts\u00f6verf\u00f6ring till v\u00e5rt bankkonto skickas din f\u00f6rs\u00e4ndelse.<\/p>\n<p>Mottagare: Holger K\u00e4ding<br \/>IBAN: DE30370502990011006269<br \/>BIC \/ SWIFT: COKSDE33<br \/>Kreissparkasse K\u00f6ln<\/p>\n<h3>K\u00f6p p\u00e5 faktura<\/h3>\n<p>F\u00f6r myndigheter och institutioner erbjuder vi \u00e4ven k\u00f6p p\u00e5 konto p\u00e5 beg\u00e4ran. <a href=\"https:\/\/www.versiegelung24.com\/sv\/kontakt\/\">Kontakta oss f\u00f6r detta<\/a> .<\/p>\n","protected":false},"excerpt":{"rendered":"<p>Betalningsmetoder Vi erbjuder f\u00f6ljande betalningsmetoder f\u00f6r din best\u00e4llning p\u00e5 versiongelung24.com: Paypal Om betalningsbeloppet betalas via PayPal, kommer din best\u00e4llning att behandlas omedelbart. F\u00f6rskottsbetalning via bank\u00f6verf\u00f6ring Efter mottagandet av betalningen genom f\u00f6rskotts\u00f6verf\u00f6ring till v\u00e5rt bankkonto skickas din f\u00f6rs\u00e4ndelse. Mottagare: Holger K\u00e4dingIBAN: DE30370502990011006269BIC \/ SWIFT: COKSDE33Kreissparkasse K\u00f6ln K\u00f6p p\u00e5 faktura F\u00f6r myndigheter och institutioner erbjuder vi \u00e4ven&hellip;&nbsp;<a href=\"https:\/\/www.versiegelung24.com\/sv\/betalningsmetoder\/\" rel=\"bookmark\">Read More &raquo;<span class=\"screen-reader-text\">Betalningsmetoder<\/span><\/a><\/p>\n","protected":false},"author":932,"featured_media":70667,"parent":0,"menu_order":0,"comment_status":"closed","ping_status":"closed","template":"","meta":{"_acf_changed":false,"neve_meta_sidebar":"","neve_meta_container":"","neve_meta_enable_content_width":"","neve_meta_content_width":0,"neve_meta_title_alignment":"","neve_meta_author_avatar":"","neve_post_elements_order":"","neve_meta_disable_header":"","neve_meta_disable_footer":"","neve_meta_disable_title":"","neve_meta_reading_time":"","footnotes":""},"categories":[],"seiten_kategorie":[],"class_list":["post-25980","page","type-page","status-publish","has-post-thumbnail","hentry"],"acf":[],"yoast_head":"<!-- This site is optimized with the Yoast SEO Premium plugin v22.8 (Yoast SEO v27.5) - https:\/\/yoast.com\/product\/yoast-seo-premium-wordpress\/ -->\n<title>Betalningsmetoder - versiegelung24.com<\/title>\n<meta name=\"robots\" content=\"index, follow, max-snippet:-1, max-image-preview:large, max-video-preview:-1\" \/>\n<link rel=\"canonical\" href=\"https:\/\/www.versiegelung24.com\/sv\/betalningsmetoder\/\" \/>\n<meta property=\"og:locale\" content=\"sv_SE\" \/>\n<meta property=\"og:type\" content=\"article\" \/>\n<meta property=\"og:title\" content=\"Betalningsmetoder\" \/>\n<meta property=\"og:description\" content=\"Betalningsmetoder Vi erbjuder f\u00f6ljande betalningsmetoder f\u00f6r din best\u00e4llning p\u00e5 versiongelung24.com: Paypal Om betalningsbeloppet betalas via PayPal, kommer din best\u00e4llning att behandlas omedelbart. F\u00f6rskottsbetalning via bank\u00f6verf\u00f6ring Efter mottagandet av betalningen genom f\u00f6rskotts\u00f6verf\u00f6ring till v\u00e5rt bankkonto skickas din f\u00f6rs\u00e4ndelse. Mottagare: Holger K\u00e4dingIBAN: DE30370502990011006269BIC \/ SWIFT: COKSDE33Kreissparkasse K\u00f6ln K\u00f6p p\u00e5 faktura F\u00f6r myndigheter och institutioner erbjuder vi \u00e4ven&hellip;&nbsp;Read More &raquo;Betalningsmetoder\" \/>\n<meta property=\"og:url\" content=\"https:\/\/www.versiegelung24.com\/sv\/betalningsmetoder\/\" \/>\n<meta property=\"og:site_name\" content=\"versiegelung24.com\" \/>\n<meta property=\"article:modified_time\" content=\"2024-07-09T07:46:38+00:00\" \/>\n<meta property=\"og:image\" content=\"https:\/\/www.versiegelung24.com\/wp-content\/uploads\/2022\/02\/Payment.png\" \/>\n\t<meta property=\"og:image:width\" content=\"2000\" \/>\n\t<meta property=\"og:image:height\" content=\"2000\" \/>\n\t<meta property=\"og:image:type\" content=\"image\/png\" \/>\n<meta name=\"twitter:card\" content=\"summary_large_image\" \/>\n<script type=\"application\/ld+json\" class=\"yoast-schema-graph\">{\"@context\":\"https:\\\/\\\/schema.org\",\"@graph\":[{\"@type\":\"WebPage\",\"@id\":\"https:\\\/\\\/www.versiegelung24.com\\\/sv\\\/betalningsmetoder\\\/\",\"url\":\"https:\\\/\\\/www.versiegelung24.com\\\/sv\\\/betalningsmetoder\\\/\",\"name\":\"Betalningsmetoder - versiegelung24.com\",\"isPartOf\":{\"@id\":\"https:\\\/\\\/www.versiegelung24.com\\\/sv\\\/#website\"},\"primaryImageOfPage\":{\"@id\":\"https:\\\/\\\/www.versiegelung24.com\\\/sv\\\/betalningsmetoder\\\/#primaryimage\"},\"image\":{\"@id\":\"https:\\\/\\\/www.versiegelung24.com\\\/sv\\\/betalningsmetoder\\\/#primaryimage\"},\"thumbnailUrl\":\"https:\\\/\\\/www.versiegelung24.com\\\/wp-content\\\/uploads\\\/2022\\\/02\\\/Payment.png\",\"datePublished\":\"2021-08-03T10:06:54+00:00\",\"dateModified\":\"2024-07-09T07:46:38+00:00\",\"breadcrumb\":{\"@id\":\"https:\\\/\\\/www.versiegelung24.com\\\/sv\\\/betalningsmetoder\\\/#breadcrumb\"},\"inLanguage\":\"sv-SE\",\"potentialAction\":[{\"@type\":\"ReadAction\",\"target\":[\"https:\\\/\\\/www.versiegelung24.com\\\/sv\\\/betalningsmetoder\\\/\"]}]},{\"@type\":\"ImageObject\",\"inLanguage\":\"sv-SE\",\"@id\":\"https:\\\/\\\/www.versiegelung24.com\\\/sv\\\/betalningsmetoder\\\/#primaryimage\",\"url\":\"https:\\\/\\\/www.versiegelung24.com\\\/wp-content\\\/uploads\\\/2022\\\/02\\\/Payment.png\",\"contentUrl\":\"https:\\\/\\\/www.versiegelung24.com\\\/wp-content\\\/uploads\\\/2022\\\/02\\\/Payment.png\",\"width\":2000,\"height\":2000},{\"@type\":\"BreadcrumbList\",\"@id\":\"https:\\\/\\\/www.versiegelung24.com\\\/sv\\\/betalningsmetoder\\\/#breadcrumb\",\"itemListElement\":[{\"@type\":\"ListItem\",\"position\":1,\"name\":\"Hemsidan\",\"item\":\"https:\\\/\\\/www.versiegelung24.com\\\/sv\\\/front\\\/\"},{\"@type\":\"ListItem\",\"position\":2,\"name\":\"Betalningsmetoder\"}]},{\"@type\":\"WebSite\",\"@id\":\"https:\\\/\\\/www.versiegelung24.com\\\/sv\\\/#website\",\"url\":\"https:\\\/\\\/www.versiegelung24.com\\\/sv\\\/\",\"name\":\"versiegelung24.com\",\"description\":\"Fl\u00fcssigglas-Versiegelung - Made in Germany\",\"publisher\":{\"@id\":\"https:\\\/\\\/www.versiegelung24.com\\\/sv\\\/#organization\"},\"potentialAction\":[{\"@type\":\"SearchAction\",\"target\":{\"@type\":\"EntryPoint\",\"urlTemplate\":\"https:\\\/\\\/www.versiegelung24.com\\\/sv\\\/?s={search_term_string}\"},\"query-input\":{\"@type\":\"PropertyValueSpecification\",\"valueRequired\":true,\"valueName\":\"search_term_string\"}}],\"inLanguage\":\"sv-SE\"},{\"@type\":\"Organization\",\"@id\":\"https:\\\/\\\/www.versiegelung24.com\\\/sv\\\/#organization\",\"name\":\"versiegelung24\",\"url\":\"https:\\\/\\\/www.versiegelung24.com\\\/sv\\\/\",\"logo\":{\"@type\":\"ImageObject\",\"inLanguage\":\"sv-SE\",\"@id\":\"https:\\\/\\\/www.versiegelung24.com\\\/sv\\\/#\\\/schema\\\/logo\\\/image\\\/\",\"url\":\"https:\\\/\\\/www.versiegelung24.com\\\/wp-content\\\/uploads\\\/2020\\\/04\\\/versiegelung24.png\",\"contentUrl\":\"https:\\\/\\\/www.versiegelung24.com\\\/wp-content\\\/uploads\\\/2020\\\/04\\\/versiegelung24.png\",\"width\":470,\"height\":102,\"caption\":\"versiegelung24\"},\"image\":{\"@id\":\"https:\\\/\\\/www.versiegelung24.com\\\/sv\\\/#\\\/schema\\\/logo\\\/image\\\/\"}}]}<\/script>\n<!-- \/ Yoast SEO Premium plugin. -->","yoast_head_json":{"title":"Betalningsmetoder - versiegelung24.com","robots":{"index":"index","follow":"follow","max-snippet":"max-snippet:-1","max-image-preview":"max-image-preview:large","max-video-preview":"max-video-preview:-1"},"canonical":"https:\/\/www.versiegelung24.com\/sv\/betalningsmetoder\/","og_locale":"sv_SE","og_type":"article","og_title":"Betalningsmetoder","og_description":"Betalningsmetoder Vi erbjuder f\u00f6ljande betalningsmetoder f\u00f6r din best\u00e4llning p\u00e5 versiongelung24.com: Paypal Om betalningsbeloppet betalas via PayPal, kommer din best\u00e4llning att behandlas omedelbart. F\u00f6rskottsbetalning via bank\u00f6verf\u00f6ring Efter mottagandet av betalningen genom f\u00f6rskotts\u00f6verf\u00f6ring till v\u00e5rt bankkonto skickas din f\u00f6rs\u00e4ndelse. Mottagare: Holger K\u00e4dingIBAN: DE30370502990011006269BIC \/ SWIFT: COKSDE33Kreissparkasse K\u00f6ln K\u00f6p p\u00e5 faktura F\u00f6r myndigheter och institutioner erbjuder vi \u00e4ven&hellip;&nbsp;Read More &raquo;Betalningsmetoder","og_url":"https:\/\/www.versiegelung24.com\/sv\/betalningsmetoder\/","og_site_name":"versiegelung24.com","article_modified_time":"2024-07-09T07:46:38+00:00","og_image":[{"width":2000,"height":2000,"url":"https:\/\/www.versiegelung24.com\/wp-content\/uploads\/2022\/02\/Payment.png","type":"image\/png"}],"twitter_card":"summary_large_image","schema":{"@context":"https:\/\/schema.org","@graph":[{"@type":"WebPage","@id":"https:\/\/www.versiegelung24.com\/sv\/betalningsmetoder\/","url":"https:\/\/www.versiegelung24.com\/sv\/betalningsmetoder\/","name":"Betalningsmetoder - versiegelung24.com","isPartOf":{"@id":"https:\/\/www.versiegelung24.com\/sv\/#website"},"primaryImageOfPage":{"@id":"https:\/\/www.versiegelung24.com\/sv\/betalningsmetoder\/#primaryimage"},"image":{"@id":"https:\/\/www.versiegelung24.com\/sv\/betalningsmetoder\/#primaryimage"},"thumbnailUrl":"https:\/\/www.versiegelung24.com\/wp-content\/uploads\/2022\/02\/Payment.png","datePublished":"2021-08-03T10:06:54+00:00","dateModified":"2024-07-09T07:46:38+00:00","breadcrumb":{"@id":"https:\/\/www.versiegelung24.com\/sv\/betalningsmetoder\/#breadcrumb"},"inLanguage":"sv-SE","potentialAction":[{"@type":"ReadAction","target":["https:\/\/www.versiegelung24.com\/sv\/betalningsmetoder\/"]}]},{"@type":"ImageObject","inLanguage":"sv-SE","@id":"https:\/\/www.versiegelung24.com\/sv\/betalningsmetoder\/#primaryimage","url":"https:\/\/www.versiegelung24.com\/wp-content\/uploads\/2022\/02\/Payment.png","contentUrl":"https:\/\/www.versiegelung24.com\/wp-content\/uploads\/2022\/02\/Payment.png","width":2000,"height":2000},{"@type":"BreadcrumbList","@id":"https:\/\/www.versiegelung24.com\/sv\/betalningsmetoder\/#breadcrumb","itemListElement":[{"@type":"ListItem","position":1,"name":"Hemsidan","item":"https:\/\/www.versiegelung24.com\/sv\/front\/"},{"@type":"ListItem","position":2,"name":"Betalningsmetoder"}]},{"@type":"WebSite","@id":"https:\/\/www.versiegelung24.com\/sv\/#website","url":"https:\/\/www.versiegelung24.com\/sv\/","name":"versiegelung24.com","description":"Fl\u00fcssigglas-Versiegelung - Made in Germany","publisher":{"@id":"https:\/\/www.versiegelung24.com\/sv\/#organization"},"potentialAction":[{"@type":"SearchAction","target":{"@type":"EntryPoint","urlTemplate":"https:\/\/www.versiegelung24.com\/sv\/?s={search_term_string}"},"query-input":{"@type":"PropertyValueSpecification","valueRequired":true,"valueName":"search_term_string"}}],"inLanguage":"sv-SE"},{"@type":"Organization","@id":"https:\/\/www.versiegelung24.com\/sv\/#organization","name":"versiegelung24","url":"https:\/\/www.versiegelung24.com\/sv\/","logo":{"@type":"ImageObject","inLanguage":"sv-SE","@id":"https:\/\/www.versiegelung24.com\/sv\/#\/schema\/logo\/image\/","url":"https:\/\/www.versiegelung24.com\/wp-content\/uploads\/2020\/04\/versiegelung24.png","contentUrl":"https:\/\/www.versiegelung24.com\/wp-content\/uploads\/2020\/04\/versiegelung24.png","width":470,"height":102,"caption":"versiegelung24"},"image":{"@id":"https:\/\/www.versiegelung24.com\/sv\/#\/schema\/logo\/image\/"}}]}},"_links":{"self":[{"href":"https:\/\/www.versiegelung24.com\/sv\/wp-json\/wp\/v2\/pages\/25980","targetHints":{"allow":["GET"]}}],"collection":[{"href":"https:\/\/www.versiegelung24.com\/sv\/wp-json\/wp\/v2\/pages"}],"about":[{"href":"https:\/\/www.versiegelung24.com\/sv\/wp-json\/wp\/v2\/types\/page"}],"author":[{"embeddable":true,"href":"https:\/\/www.versiegelung24.com\/sv\/wp-json\/wp\/v2\/users\/932"}],"replies":[{"embeddable":true,"href":"https:\/\/www.versiegelung24.com\/sv\/wp-json\/wp\/v2\/comments?post=25980"}],"version-history":[{"count":8,"href":"https:\/\/www.versiegelung24.com\/sv\/wp-json\/wp\/v2\/pages\/25980\/revisions"}],"predecessor-version":[{"id":169484,"href":"https:\/\/www.versiegelung24.com\/sv\/wp-json\/wp\/v2\/pages\/25980\/revisions\/169484"}],"wp:featuredmedia":[{"embeddable":true,"href":"https:\/\/www.versiegelung24.com\/sv\/wp-json\/wp\/v2\/media\/70667"}],"wp:attachment":[{"href":"https:\/\/www.versiegelung24.com\/sv\/wp-json\/wp\/v2\/media?parent=25980"}],"wp:term":[{"taxonomy":"category","embeddable":true,"href":"https:\/\/www.versiegelung24.com\/sv\/wp-json\/wp\/v2\/categories?post=25980"},{"taxonomy":"seiten_kategorie","embeddable":true,"href":"https:\/\/www.versiegelung24.com\/sv\/wp-json\/wp\/v2\/seiten_kategorie?post=25980"}],"curies":[{"name":"wp","href":"https:\/\/api.w.org\/{rel}","templated":true}]}}