{"id":41115,"date":"2021-12-14T14:16:11","date_gmt":"2021-12-14T13:16:11","guid":{"rendered":"https:\/\/www.versiegelung24.com\/rad-om-produkter-fran-versiegelung24\/veta-hur\/smartphone"},"modified":"2024-09-01T22:42:46","modified_gmt":"2024-09-01T20:42:46","slug":"forsegling-av-flytande-glas-for-smarta-telefoner","status":"publish","type":"page","link":"https:\/\/www.versiegelung24.com\/sv\/veta-hur\/smartphone\/","title":{"rendered":"T\u00e4tningsmedel f\u00f6r flytande glas till smartphones och surfplattor &#8211; skyddar sk\u00e4rmar och \u00f6kar livsl\u00e4ngden"},"content":{"rendered":"\n<h1 class=\"wp-block-heading\" id=\"h-smartphone-flussigglas-versiegelung\">Smartphone flytande glasf\u00f6rsegling<\/h1>\n\n<p>I stort sett alla \u00e4ger en smartphone nuf\u00f6rtiden. Tyv\u00e4rr \u00e4r dessa sm\u00e5 underverksmaskiner v\u00e4ldigt k\u00e4nsliga. Vid daglig anv\u00e4ndning uppst\u00e5r sp\u00e5r av anv\u00e4ndning som repor eller fingeravtryck som envist finns kvar p\u00e5 displayen. F\u00f6ljande video tar upp detta problem och visar hur du kan f\u00f6rhindra dessa tecken p\u00e5 anv\u00e4ndning. <\/p>\n\n<figure class=\"wp-block-embed aligncenter is-type-video is-provider-youtube wp-block-embed-youtube wp-embed-aspect-16-9 wp-has-aspect-ratio\"><div class=\"wp-block-embed__wrapper\"> \n<div class=\"nv-iframe-embed\"><iframe title=\"901 LiquiGlas Mobile Phone Coating   Preparation + application process\" width=\"1200\" height=\"675\" src=\"https:\/\/www.youtube.com\/embed\/8JLSZ1KA-yU?feature=oembed\" frameborder=\"0\" allow=\"accelerometer; autoplay; clipboard-write; encrypted-media; gyroscope; picture-in-picture\" allowfullscreen><\/iframe><\/div>\n <\/div><\/figure>\n\n<br\/>\n<br\/>\n\n<div class=\"wp-block-columns is-layout-flex wp-container-core-columns-is-layout-9d6595d7 wp-block-columns-is-layout-flex\">\n<div class=\"wp-block-column is-layout-flow wp-block-column-is-layout-flow\" style=\"flex-basis:33.33%\">\n<h2 class=\"wp-block-heading\" id=\"h-anleitung-smartphone-display-einfach-versiegeln\">Instruktioner &#8211; F\u00f6rsegla helt enkelt smarttelefonens display<\/h2>\n\n\n\n<ul class=\"wp-block-list\">\n<li>Alldeles i b\u00f6rjan av videon kan du se att allt du beh\u00f6ver f\u00f6r att f\u00f6rsegla din <a href=\"https:\/\/www.versiegelung24.com\/sv\/vaetske-glas-mobiltelefon-taetning-vaetske-skaerm-skydd.html\" target=\"_blank\" rel=\"noreferrer noopener\">mobiltelefon<\/a> har satts ihop i ett praktiskt set. Detta inkluderar:<\/li>\n\n\n\n<li><strong>Handske<\/strong> f\u00f6r att undvika fingeravtryck<\/li>\n\n\n\n<li>En <strong><a href=\"https:\/\/www.versiegelung24.com\/reinigung\/bioethanol\/\">etanolindr\u00e4nkt<\/a> reng\u00f6ringsduk<\/strong><\/li>\n\n\n\n<li><strong>Polerduk<\/strong><\/li>\n\n\n\n<li>A <strong><a href=\"https:\/\/www.versiegelung24.com\/sv\/mikrofiberduk-10x10cm-for-professionell-flytande-glasapplikation.html\" target=\"_blank\" rel=\"noreferrer noopener\">flytande glasduk<\/a><\/strong> f\u00f6r f\u00f6rsegling<\/li>\n<\/ul>\n\n\n\n<p><\/p>\n\n\n\n<p>Under anv\u00e4ndning h\u00e5lls smarttelefonen bara i handen p\u00e5 vilken handsken sitter f\u00f6r att undvika nya fingeravtryck &#8211; dessa \u00e4r tjockare \u00e4n den flytande glasbel\u00e4ggningen och skulle f\u00f6rhindra korrekt t\u00e4tning.<\/p>\n<\/div>\n\n\n\n<div class=\"wp-block-column is-layout-flow wp-block-column-is-layout-flow\" style=\"flex-basis:66.66%\">\n<figure class=\"wp-block-image size-large\"><img fetchpriority=\"high\" decoding=\"async\" width=\"1300\" height=\"867\" src=\"https:\/\/www.versiegelung24.com\/wp-content\/uploads\/2021\/12\/smart_liq-1300x867.jpg\" alt=\"\" class=\"wp-image-40898\" srcset=\"https:\/\/www.versiegelung24.com\/wp-content\/uploads\/2021\/12\/smart_liq-1300x867.jpg 1300w, https:\/\/www.versiegelung24.com\/wp-content\/uploads\/2021\/12\/smart_liq-scaled-600x400.jpg 600w, https:\/\/www.versiegelung24.com\/wp-content\/uploads\/2021\/12\/smart_liq-300x200.jpg 300w, https:\/\/www.versiegelung24.com\/wp-content\/uploads\/2021\/12\/smart_liq-768x512.jpg 768w, https:\/\/www.versiegelung24.com\/wp-content\/uploads\/2021\/12\/smart_liq-1536x1024.jpg 1536w, https:\/\/www.versiegelung24.com\/wp-content\/uploads\/2021\/12\/smart_liq-2048x1366.jpg 2048w, https:\/\/www.versiegelung24.com\/wp-content\/uploads\/2021\/12\/smart_liq-930x620.jpg 930w\" sizes=\"(max-width: 1300px) 100vw, 1300px\" \/><\/figure>\n<\/div>\n<\/div>\n\n<p>Efter f\u00f6rreng\u00f6ringen gnids displayen torrt och p\u00e5 s\u00e5 s\u00e4tt avl\u00e4gsnas eventuella rester av utskrifter eller fett. <strong>Endast en sida av mikrofiberduken ska anv\u00e4ndas h\u00e4r<\/strong> &#8211; <strong>den andra sidan kommer att beh\u00f6vas senare<\/strong> f\u00f6r att polera t\u00e4tningen. I n\u00e4sta steg packas duken indr\u00e4nkt i flytande glas upp och \u2013 som vid f\u00f6rreng\u00f6ring \u2013 gnuggas hela smarttelefonen med den. Det kan t\u00e4tas runt med flytande glas. Baksidan p\u00e5 mobiltelefoner \u00e4r ofta gjorda av glas idag.<\/p>\n\n<p>Efter \u00e5tminstone Ytan p\u00e5 smarttelefonen \u00e4r polerad i 30 minuter &#8211; f\u00f6rseglingen \u00e4r klar. I videon kan du se r\u00e5det att det \u00e4r f\u00f6rdelaktigt att l\u00e5ta det flytande glaset h\u00e4rda \u00f6ver natten &#8211; f\u00f6lj denna rekommendation, eftersom ju mer motst\u00e5ndskraftigt det skyddande lagret \u00e4r efter\u00e5t. Det rekommenderas att t\u00e4tningsmedlet appliceras p\u00e5 nytt med j\u00e4mna mellanrum f\u00f6r att bibeh\u00e5lla skyddet.<\/p>\n\n","protected":false},"excerpt":{"rendered":"<p>Maximalt skydd f\u00f6r din smartphone med innovativ t\u00e4tning av flytande glas.<\/p>\n","protected":false},"author":932,"featured_media":41505,"parent":34654,"menu_order":0,"comment_status":"closed","ping_status":"closed","template":"","meta":{"_acf_changed":false,"neve_meta_sidebar":"full-width","neve_meta_container":"","neve_meta_enable_content_width":"on","neve_meta_content_width":100,"neve_meta_title_alignment":"","neve_meta_author_avatar":"","neve_post_elements_order":"","neve_meta_disable_header":"","neve_meta_disable_footer":"","neve_meta_disable_title":"","neve_meta_reading_time":"","footnotes":""},"categories":[3629,3518],"seiten_kategorie":[3841],"class_list":["post-41115","page","type-page","status-publish","has-post-thumbnail","hentry","category-livsstil-sv","category-rad-artikel-tidning"],"acf":[],"yoast_head":"<!-- This site is optimized with the Yoast SEO Premium plugin v22.8 (Yoast SEO v27.5) - https:\/\/yoast.com\/product\/yoast-seo-premium-wordpress\/ -->\n<title>Skydda din smartphone och surfplatta med flytande glast\u00e4tningsmedel!<\/title>\n<meta name=\"description\" content=\"Skydda din smartphone och surfplatta med v\u00e5rt t\u00e4tningsmedel! Flytande glasf\u00f6rsegling f\u00f6r optimalt skydd av smartphone-sk\u00e4rmen!\" \/>\n<meta name=\"robots\" content=\"index, follow, max-snippet:-1, max-image-preview:large, max-video-preview:-1\" \/>\n<link rel=\"canonical\" href=\"https:\/\/www.versiegelung24.com\/sv\/veta-hur\/smartphone\/\" \/>\n<meta property=\"og:locale\" content=\"sv_SE\" \/>\n<meta property=\"og:type\" content=\"article\" \/>\n<meta property=\"og:title\" content=\"T\u00e4tningsmedel f\u00f6r flytande glas till smartphones och surfplattor - skyddar sk\u00e4rmar och \u00f6kar livsl\u00e4ngden\" \/>\n<meta property=\"og:description\" content=\"Skydda din smartphone och surfplatta med v\u00e5rt t\u00e4tningsmedel! Flytande glasf\u00f6rsegling f\u00f6r optimalt skydd av smartphone-sk\u00e4rmen!\" \/>\n<meta property=\"og:url\" content=\"https:\/\/www.versiegelung24.com\/sv\/veta-hur\/smartphone\/\" \/>\n<meta property=\"og:site_name\" content=\"versiegelung24.com\" \/>\n<meta property=\"article:modified_time\" content=\"2024-09-01T20:42:46+00:00\" \/>\n<meta property=\"og:image\" content=\"https:\/\/www.versiegelung24.com\/wp-content\/uploads\/2021\/12\/smart_liq-1-scaled.jpg\" \/>\n\t<meta property=\"og:image:width\" content=\"2560\" \/>\n\t<meta property=\"og:image:height\" content=\"2560\" \/>\n\t<meta property=\"og:image:type\" content=\"image\/jpeg\" \/>\n<meta name=\"twitter:card\" content=\"summary_large_image\" \/>\n<meta name=\"twitter:label1\" content=\"Ber\u00e4knad l\u00e4stid\" \/>\n\t<meta name=\"twitter:data1\" content=\"2 minuter\" \/>\n<script type=\"application\/ld+json\" class=\"yoast-schema-graph\">{\"@context\":\"https:\\\/\\\/schema.org\",\"@graph\":[{\"@type\":\"WebPage\",\"@id\":\"https:\\\/\\\/www.versiegelung24.com\\\/sv\\\/veta-hur\\\/smartphone\\\/\",\"url\":\"https:\\\/\\\/www.versiegelung24.com\\\/sv\\\/veta-hur\\\/smartphone\\\/\",\"name\":\"Skydda din smartphone och surfplatta med flytande glast\u00e4tningsmedel!\",\"isPartOf\":{\"@id\":\"https:\\\/\\\/www.versiegelung24.com\\\/sv\\\/#website\"},\"primaryImageOfPage\":{\"@id\":\"https:\\\/\\\/www.versiegelung24.com\\\/sv\\\/veta-hur\\\/smartphone\\\/#primaryimage\"},\"image\":{\"@id\":\"https:\\\/\\\/www.versiegelung24.com\\\/sv\\\/veta-hur\\\/smartphone\\\/#primaryimage\"},\"thumbnailUrl\":\"https:\\\/\\\/www.versiegelung24.com\\\/wp-content\\\/uploads\\\/2021\\\/12\\\/smart_liq-1-scaled.jpg\",\"datePublished\":\"2021-12-14T13:16:11+00:00\",\"dateModified\":\"2024-09-01T20:42:46+00:00\",\"description\":\"Skydda din smartphone och surfplatta med v\u00e5rt t\u00e4tningsmedel! Flytande glasf\u00f6rsegling f\u00f6r optimalt skydd av smartphone-sk\u00e4rmen!\",\"breadcrumb\":{\"@id\":\"https:\\\/\\\/www.versiegelung24.com\\\/sv\\\/veta-hur\\\/smartphone\\\/#breadcrumb\"},\"inLanguage\":\"sv-SE\",\"potentialAction\":[{\"@type\":\"ReadAction\",\"target\":[\"https:\\\/\\\/www.versiegelung24.com\\\/sv\\\/veta-hur\\\/smartphone\\\/\"]}]},{\"@type\":\"ImageObject\",\"inLanguage\":\"sv-SE\",\"@id\":\"https:\\\/\\\/www.versiegelung24.com\\\/sv\\\/veta-hur\\\/smartphone\\\/#primaryimage\",\"url\":\"https:\\\/\\\/www.versiegelung24.com\\\/wp-content\\\/uploads\\\/2021\\\/12\\\/smart_liq-1-scaled.jpg\",\"contentUrl\":\"https:\\\/\\\/www.versiegelung24.com\\\/wp-content\\\/uploads\\\/2021\\\/12\\\/smart_liq-1-scaled.jpg\",\"width\":2560,\"height\":2560},{\"@type\":\"BreadcrumbList\",\"@id\":\"https:\\\/\\\/www.versiegelung24.com\\\/sv\\\/veta-hur\\\/smartphone\\\/#breadcrumb\",\"itemListElement\":[{\"@type\":\"ListItem\",\"position\":1,\"name\":\"Hemsidan\",\"item\":\"https:\\\/\\\/www.versiegelung24.com\\\/sv\\\/front\\\/\"},{\"@type\":\"ListItem\",\"position\":2,\"name\":\"R\u00e5dgivare\",\"item\":\"https:\\\/\\\/www.versiegelung24.com\\\/sv\\\/ratgeber\\\/\"},{\"@type\":\"ListItem\",\"position\":3,\"name\":\"tidskrift\",\"item\":\"https:\\\/\\\/www.versiegelung24.com\\\/sv\\\/ratgeber\\\/magazin\\\/\"},{\"@type\":\"ListItem\",\"position\":4,\"name\":\"T\u00e4tningsmedel f\u00f6r flytande glas till smartphones och surfplattor &#8211; skyddar sk\u00e4rmar och \u00f6kar livsl\u00e4ngden\"}]},{\"@type\":\"WebSite\",\"@id\":\"https:\\\/\\\/www.versiegelung24.com\\\/sv\\\/#website\",\"url\":\"https:\\\/\\\/www.versiegelung24.com\\\/sv\\\/\",\"name\":\"versiegelung24.com\",\"description\":\"Fl\u00fcssigglas-Versiegelung - Made in Germany\",\"publisher\":{\"@id\":\"https:\\\/\\\/www.versiegelung24.com\\\/sv\\\/#organization\"},\"potentialAction\":[{\"@type\":\"SearchAction\",\"target\":{\"@type\":\"EntryPoint\",\"urlTemplate\":\"https:\\\/\\\/www.versiegelung24.com\\\/sv\\\/?s={search_term_string}\"},\"query-input\":{\"@type\":\"PropertyValueSpecification\",\"valueRequired\":true,\"valueName\":\"search_term_string\"}}],\"inLanguage\":\"sv-SE\"},{\"@type\":\"Organization\",\"@id\":\"https:\\\/\\\/www.versiegelung24.com\\\/sv\\\/#organization\",\"name\":\"versiegelung24\",\"url\":\"https:\\\/\\\/www.versiegelung24.com\\\/sv\\\/\",\"logo\":{\"@type\":\"ImageObject\",\"inLanguage\":\"sv-SE\",\"@id\":\"https:\\\/\\\/www.versiegelung24.com\\\/sv\\\/#\\\/schema\\\/logo\\\/image\\\/\",\"url\":\"https:\\\/\\\/www.versiegelung24.com\\\/wp-content\\\/uploads\\\/2020\\\/04\\\/versiegelung24.png\",\"contentUrl\":\"https:\\\/\\\/www.versiegelung24.com\\\/wp-content\\\/uploads\\\/2020\\\/04\\\/versiegelung24.png\",\"width\":470,\"height\":102,\"caption\":\"versiegelung24\"},\"image\":{\"@id\":\"https:\\\/\\\/www.versiegelung24.com\\\/sv\\\/#\\\/schema\\\/logo\\\/image\\\/\"}}]}<\/script>\n<!-- \/ Yoast SEO Premium plugin. -->","yoast_head_json":{"title":"Skydda din smartphone och surfplatta med flytande glast\u00e4tningsmedel!","description":"Skydda din smartphone och surfplatta med v\u00e5rt t\u00e4tningsmedel! Flytande glasf\u00f6rsegling f\u00f6r optimalt skydd av smartphone-sk\u00e4rmen!","robots":{"index":"index","follow":"follow","max-snippet":"max-snippet:-1","max-image-preview":"max-image-preview:large","max-video-preview":"max-video-preview:-1"},"canonical":"https:\/\/www.versiegelung24.com\/sv\/veta-hur\/smartphone\/","og_locale":"sv_SE","og_type":"article","og_title":"T\u00e4tningsmedel f\u00f6r flytande glas till smartphones och surfplattor - skyddar sk\u00e4rmar och \u00f6kar livsl\u00e4ngden","og_description":"Skydda din smartphone och surfplatta med v\u00e5rt t\u00e4tningsmedel! Flytande glasf\u00f6rsegling f\u00f6r optimalt skydd av smartphone-sk\u00e4rmen!","og_url":"https:\/\/www.versiegelung24.com\/sv\/veta-hur\/smartphone\/","og_site_name":"versiegelung24.com","article_modified_time":"2024-09-01T20:42:46+00:00","og_image":[{"width":2560,"height":2560,"url":"https:\/\/www.versiegelung24.com\/wp-content\/uploads\/2021\/12\/smart_liq-1-scaled.jpg","type":"image\/jpeg"}],"twitter_card":"summary_large_image","twitter_misc":{"Ber\u00e4knad l\u00e4stid":"2 minuter"},"schema":{"@context":"https:\/\/schema.org","@graph":[{"@type":"WebPage","@id":"https:\/\/www.versiegelung24.com\/sv\/veta-hur\/smartphone\/","url":"https:\/\/www.versiegelung24.com\/sv\/veta-hur\/smartphone\/","name":"Skydda din smartphone och surfplatta med flytande glast\u00e4tningsmedel!","isPartOf":{"@id":"https:\/\/www.versiegelung24.com\/sv\/#website"},"primaryImageOfPage":{"@id":"https:\/\/www.versiegelung24.com\/sv\/veta-hur\/smartphone\/#primaryimage"},"image":{"@id":"https:\/\/www.versiegelung24.com\/sv\/veta-hur\/smartphone\/#primaryimage"},"thumbnailUrl":"https:\/\/www.versiegelung24.com\/wp-content\/uploads\/2021\/12\/smart_liq-1-scaled.jpg","datePublished":"2021-12-14T13:16:11+00:00","dateModified":"2024-09-01T20:42:46+00:00","description":"Skydda din smartphone och surfplatta med v\u00e5rt t\u00e4tningsmedel! Flytande glasf\u00f6rsegling f\u00f6r optimalt skydd av smartphone-sk\u00e4rmen!","breadcrumb":{"@id":"https:\/\/www.versiegelung24.com\/sv\/veta-hur\/smartphone\/#breadcrumb"},"inLanguage":"sv-SE","potentialAction":[{"@type":"ReadAction","target":["https:\/\/www.versiegelung24.com\/sv\/veta-hur\/smartphone\/"]}]},{"@type":"ImageObject","inLanguage":"sv-SE","@id":"https:\/\/www.versiegelung24.com\/sv\/veta-hur\/smartphone\/#primaryimage","url":"https:\/\/www.versiegelung24.com\/wp-content\/uploads\/2021\/12\/smart_liq-1-scaled.jpg","contentUrl":"https:\/\/www.versiegelung24.com\/wp-content\/uploads\/2021\/12\/smart_liq-1-scaled.jpg","width":2560,"height":2560},{"@type":"BreadcrumbList","@id":"https:\/\/www.versiegelung24.com\/sv\/veta-hur\/smartphone\/#breadcrumb","itemListElement":[{"@type":"ListItem","position":1,"name":"Hemsidan","item":"https:\/\/www.versiegelung24.com\/sv\/front\/"},{"@type":"ListItem","position":2,"name":"R\u00e5dgivare","item":"https:\/\/www.versiegelung24.com\/sv\/ratgeber\/"},{"@type":"ListItem","position":3,"name":"tidskrift","item":"https:\/\/www.versiegelung24.com\/sv\/ratgeber\/magazin\/"},{"@type":"ListItem","position":4,"name":"T\u00e4tningsmedel f\u00f6r flytande glas till smartphones och surfplattor &#8211; skyddar sk\u00e4rmar och \u00f6kar livsl\u00e4ngden"}]},{"@type":"WebSite","@id":"https:\/\/www.versiegelung24.com\/sv\/#website","url":"https:\/\/www.versiegelung24.com\/sv\/","name":"versiegelung24.com","description":"Fl\u00fcssigglas-Versiegelung - Made in Germany","publisher":{"@id":"https:\/\/www.versiegelung24.com\/sv\/#organization"},"potentialAction":[{"@type":"SearchAction","target":{"@type":"EntryPoint","urlTemplate":"https:\/\/www.versiegelung24.com\/sv\/?s={search_term_string}"},"query-input":{"@type":"PropertyValueSpecification","valueRequired":true,"valueName":"search_term_string"}}],"inLanguage":"sv-SE"},{"@type":"Organization","@id":"https:\/\/www.versiegelung24.com\/sv\/#organization","name":"versiegelung24","url":"https:\/\/www.versiegelung24.com\/sv\/","logo":{"@type":"ImageObject","inLanguage":"sv-SE","@id":"https:\/\/www.versiegelung24.com\/sv\/#\/schema\/logo\/image\/","url":"https:\/\/www.versiegelung24.com\/wp-content\/uploads\/2020\/04\/versiegelung24.png","contentUrl":"https:\/\/www.versiegelung24.com\/wp-content\/uploads\/2020\/04\/versiegelung24.png","width":470,"height":102,"caption":"versiegelung24"},"image":{"@id":"https:\/\/www.versiegelung24.com\/sv\/#\/schema\/logo\/image\/"}}]}},"_links":{"self":[{"href":"https:\/\/www.versiegelung24.com\/sv\/wp-json\/wp\/v2\/pages\/41115","targetHints":{"allow":["GET"]}}],"collection":[{"href":"https:\/\/www.versiegelung24.com\/sv\/wp-json\/wp\/v2\/pages"}],"about":[{"href":"https:\/\/www.versiegelung24.com\/sv\/wp-json\/wp\/v2\/types\/page"}],"author":[{"embeddable":true,"href":"https:\/\/www.versiegelung24.com\/sv\/wp-json\/wp\/v2\/users\/932"}],"replies":[{"embeddable":true,"href":"https:\/\/www.versiegelung24.com\/sv\/wp-json\/wp\/v2\/comments?post=41115"}],"version-history":[{"count":15,"href":"https:\/\/www.versiegelung24.com\/sv\/wp-json\/wp\/v2\/pages\/41115\/revisions"}],"predecessor-version":[{"id":173400,"href":"https:\/\/www.versiegelung24.com\/sv\/wp-json\/wp\/v2\/pages\/41115\/revisions\/173400"}],"up":[{"embeddable":true,"href":"https:\/\/www.versiegelung24.com\/sv\/wp-json\/wp\/v2\/pages\/34654"}],"wp:featuredmedia":[{"embeddable":true,"href":"https:\/\/www.versiegelung24.com\/sv\/wp-json\/wp\/v2\/media\/41505"}],"wp:attachment":[{"href":"https:\/\/www.versiegelung24.com\/sv\/wp-json\/wp\/v2\/media?parent=41115"}],"wp:term":[{"taxonomy":"category","embeddable":true,"href":"https:\/\/www.versiegelung24.com\/sv\/wp-json\/wp\/v2\/categories?post=41115"},{"taxonomy":"seiten_kategorie","embeddable":true,"href":"https:\/\/www.versiegelung24.com\/sv\/wp-json\/wp\/v2\/seiten_kategorie?post=41115"}],"curies":[{"name":"wp","href":"https:\/\/api.w.org\/{rel}","templated":true}]}}