{"id":41189,"date":"2021-12-14T14:16:44","date_gmt":"2021-12-14T13:16:44","guid":{"rendered":"https:\/\/www.versiegelung24.com\/rad-om-produkter-fran-versiegelung24\/veta-hur\/graffitiskydd"},"modified":"2024-09-01T18:16:30","modified_gmt":"2024-09-01T16:16:30","slug":"graffitiskydd-med-flytande-glas","status":"publish","type":"page","link":"https:\/\/www.versiegelung24.com\/sv\/veta-hur\/graffitiskydd\/","title":{"rendered":"Graffitiskydd f\u00f6r fasaden"},"content":{"rendered":"\n<h1 class=\"wp-block-heading\" id=\"h-graffiti-schutz-mit-flussigglas\">Graffitiskydd med flytande glas<\/h1>\n\n<p>Den h\u00e4r videon b\u00f6r vara s\u00e4rskilt intressant f\u00f6r st\u00e4der och kommuner eller f\u00f6r skadade fastighets\u00e4gare som redan har erfarenhet av kontaminering fr\u00e5n graffitisprutor. F\u00e4rgerna p\u00e5 &#8220;konstn\u00e4rerna&#8221; \u00e4r ih\u00e5llande och tr\u00e4nger in i betongen eller stenen n\u00e4r de sprayas. Som ett resultat \u00e4r det en mycket kostsam och tidskr\u00e4vande sak att f\u00e5 bort graffitin, vilket vanligtvis m\u00e5ste g\u00f6ras professionellt.<\/p>\n\n<figure class=\"wp-block-embed aligncenter is-type-video is-provider-youtube wp-block-embed-youtube wp-embed-aspect-16-9 wp-has-aspect-ratio\"><div class=\"wp-block-embed__wrapper\"> \n<div class=\"nv-iframe-embed\"><iframe title=\"Graffiti Protection Pro 626 - How does it work?\" width=\"1200\" height=\"675\" src=\"https:\/\/www.youtube.com\/embed\/dP9jGmUvoek?feature=oembed\" frameborder=\"0\" allow=\"accelerometer; autoplay; clipboard-write; encrypted-media; gyroscope; picture-in-picture\" allowfullscreen><\/iframe><\/div>\n <\/div><\/figure>\n\n<div class=\"wp-block-columns is-layout-flex wp-container-core-columns-is-layout-9d6595d7 wp-block-columns-is-layout-flex\">\n<div class=\"wp-block-column is-layout-flow wp-block-column-is-layout-flow\" style=\"flex-basis:66.66%\">\n<p>Videon visar j\u00e4mf\u00f6relsen med tv\u00e5 betongstenar:<\/p>\n\n\n\n<p><a href=\"https:\/\/www.versiegelung24.com\/sv\/anti-graffiti-skyddande-belaeggning-mycket-effektiv-fasad-taetning.html\">En sten \u00e4r helt f\u00f6rseglad med flytande glas<\/a> , den andra inte. Nu, som en motsvarighet till f\u00e4rgsprayen, m\u00e5las ett kors p\u00e5 respektive sten med en mark\u00f6rpenna. \u00c4ven h\u00e4r kan du se direkt &#8211; n\u00e4r det g\u00e4ller den obehandlade stenen dras den svarta f\u00e4rgen in direkt, korset syns tydligt. N\u00e4r stenen \u00e4r f\u00f6rseglad kan f\u00e4rgen inte tr\u00e4nga igenom det <a href=\"https:\/\/www.versiegelung24.com\/sv\/anti-graffiti-skyddande-belaeggning-mycket-effektiv-fasad-taetning.html\" target=\"_blank\" rel=\"noreferrer noopener\">flytande<\/a> glaset, vilket g\u00f6r att det inte finns n\u00e5gon vidh\u00e4ftning. Korset \u00e4r d\u00e4rf\u00f6r endast svagt synligt och kan bara tas bort med vatten utan att l\u00e4mna n\u00e5gra rester. Du f\u00f6rs\u00f6ker f\u00f6rg\u00e4ves g\u00f6ra detta med den obehandlade tegelstenen i videon. I m\u00e5nga fall kan reng\u00f6ring g\u00f6ras med enbart vatten, men effektiviteten kan variera beroende p\u00e5 typen av graffiti.<\/p>\n\n\n\n<p>Flytande glasbel\u00e4ggning kan anv\u00e4ndas f\u00f6r att skydda ytan mot graffiti.\nVid korrekt applicering och under gynnsamma f\u00f6rh\u00e5llanden kan skyddseffekten vara i upp till 20 \u00e5r. <\/p>\n\n\n\n<p>Titta p\u00e5 videon f\u00f6r att se hur l\u00e4tt det \u00e4r att f\u00f6rsegla betongen: Innan du applicerar den flytande glasbel\u00e4ggningen m\u00e5ste ytan reng\u00f6ras noggrant och torkas f\u00f6r att s\u00e4kerst\u00e4lla att t\u00e4tningsmedlet f\u00e4ster optimalt och f\u00f6rdelas j\u00e4mnt.<\/p>\n<\/div>\n\n\n\n<div class=\"wp-block-column is-layout-flow wp-block-column-is-layout-flow\" style=\"flex-basis:33.33%\"><div class=\"wp-block-image\">\n<figure class=\"alignright size-full is-resized\"><img fetchpriority=\"high\" decoding=\"async\" width=\"1000\" height=\"1000\" src=\"https:\/\/www.versiegelung24.com\/wp-content\/uploads\/2021\/12\/graf-1.jpg\" alt=\"\" class=\"wp-image-40868\" style=\"width:313px;height:313px\" srcset=\"https:\/\/www.versiegelung24.com\/wp-content\/uploads\/2021\/12\/graf-1.jpg 1000w, https:\/\/www.versiegelung24.com\/wp-content\/uploads\/2021\/12\/graf-1-400x400.jpg 400w, https:\/\/www.versiegelung24.com\/wp-content\/uploads\/2021\/12\/graf-1-100x100.jpg 100w, https:\/\/www.versiegelung24.com\/wp-content\/uploads\/2021\/12\/graf-1-600x600.jpg 600w, https:\/\/www.versiegelung24.com\/wp-content\/uploads\/2021\/12\/graf-1-300x300.jpg 300w, https:\/\/www.versiegelung24.com\/wp-content\/uploads\/2021\/12\/graf-1-80x80.jpg 80w, https:\/\/www.versiegelung24.com\/wp-content\/uploads\/2021\/12\/graf-1-768x768.jpg 768w\" sizes=\"(max-width: 1000px) 100vw, 1000px\" \/><\/figure>\n<\/div><\/div>\n<\/div>\n<div class=\"woocommerce columns-4 \"><ul class=\"products columns-4\">\n<li class=\"product type-product post-23959 status-publish first instock product_cat-taetning-av-sten-och-betong has-post-thumbnail taxable shipping-taxable purchasable product-type-variable has-default-attributes\">\n\t<div class=\"nv-card-content-wrapper\"><a href=\"https:\/\/www.versiegelung24.com\/sv\/anti-graffiti-skyddande-belaeggning-mycket-effektiv-fasad-taetning.html\" class=\"woocommerce-LoopProduct-link woocommerce-loop-product__link\"><div class=\"sp-product-image \"><div class=\"img-wrap\"><img decoding=\"async\" width=\"400\" height=\"400\" src=\"https:\/\/www.versiegelung24.com\/wp-content\/uploads\/2020\/04\/7626-anti-graffiti-400x400.webp\" class=\"attachment-woocommerce_thumbnail size-woocommerce_thumbnail\" alt=\"Graffitiskyddande bel\u00e4ggning - Anti graffiti bel\u00e4ggning\" srcset=\"https:\/\/www.versiegelung24.com\/wp-content\/uploads\/2020\/04\/7626-anti-graffiti-400x400.webp 400w, https:\/\/www.versiegelung24.com\/wp-content\/uploads\/2020\/04\/7626-anti-graffiti-300x300.webp 300w, https:\/\/www.versiegelung24.com\/wp-content\/uploads\/2020\/04\/7626-anti-graffiti-1300x1300.webp 1300w, https:\/\/www.versiegelung24.com\/wp-content\/uploads\/2020\/04\/7626-anti-graffiti-80x80.webp 80w, https:\/\/www.versiegelung24.com\/wp-content\/uploads\/2020\/04\/7626-anti-graffiti-768x768.webp 768w, https:\/\/www.versiegelung24.com\/wp-content\/uploads\/2020\/04\/7626-anti-graffiti-1536x1536.webp 1536w, https:\/\/www.versiegelung24.com\/wp-content\/uploads\/2020\/04\/7626-anti-graffiti-2048x2048.webp 2048w, https:\/\/www.versiegelung24.com\/wp-content\/uploads\/2020\/04\/7626-anti-graffiti-70x70.webp 70w, https:\/\/www.versiegelung24.com\/wp-content\/uploads\/2020\/04\/7626-anti-graffiti-600x600.webp 600w, https:\/\/www.versiegelung24.com\/wp-content\/uploads\/2020\/04\/7626-anti-graffiti-100x100.webp 100w\" sizes=\"(max-width: 400px) 100vw, 400px\" \/><\/div><\/div><h2 class=\"woocommerce-loop-product__title\">Graffitiskyddande bel\u00e4ggning &#8211; Anti graffiti bel\u00e4ggning<\/h2>\n\t<span class=\"price\"><span class=\"woocommerce-Price-amount amount\"><bdi>359,00<span class=\"woocommerce-Price-currencySymbol\">&euro;<\/span><\/bdi><\/span><\/span>\n\n\n\t<p class=\"price price-unit smaller wc-gzd-additional-info wc-gzd-additional-info-loop\">(<span class=\"woocommerce-Price-amount amount\">71,80<span class=\"woocommerce-Price-currencySymbol\">&euro;<\/span><\/span> \/ <span class=\"unit\">l<\/span>)<\/p>\n\n<\/a>\t\t<p class=\"artikelnummer wc-gzd-additional-info\">\n\t\t\tArtikelnr: 9201-7626-5000\t\t<\/p>\n\t\t\n\t<p class=\"wc-gzd-additional-info wc-gzd-additional-info-loop product-units-wrapper product-units\">Inneh\u00e5ll: 5 <span class=\"unit\">l<\/span><\/p>\n\t\t<p class=\"lagerbestand wc-gzd-additional-info\">\n\t\t\t<strong>\n\t\t\t\tLagersaldo\t\t\t\t:\n\t\t\t<\/strong>\n\t\t\tI lager\t\t<\/p>\n\t\t\n\t<p class=\"wc-gzd-additional-info delivery-time-info wc-gzd-additional-info-loop\"><span class=\"delivery-time-inner delivery-time-7-arbetsdagar\">Leveranstid:  <span class=\"delivery-time-data\">7 arbetsdagar<\/span><\/span><\/p>\n\n\t<p class=\"wc-gzd-additional-info wc-gzd-additional-info-loop tax-info\">incl. VAT<\/p>\n\n\t<p class=\"wc-gzd-additional-info wc-gzd-additional-info-loop shipping-costs-info\">plus  <a href=\"https:\/\/www.versiegelung24.com\/sv\/rad-om-produkter-fran-versiegelung24\/frakt\/\" target=\"_blank\">Frakt<\/a><\/p>\n<a href=\"https:\/\/www.versiegelung24.com\/sv\/anti-graffiti-skyddande-belaeggning-mycket-effektiv-fasad-taetning.html\" aria-describedby=\"woocommerce_loop_add_to_cart_link_describedby_23959\" data-quantity=\"1\" class=\"button product_type_variable add_to_cart_button\" data-product_id=\"23959\" data-product_sku=\"9201-7626-5000\" aria-label=\"V\u00e4lj alternativ f\u00f6r \u201dGraffitiskyddande bel\u00e4ggning - Anti graffiti bel\u00e4ggning\u201d\" rel=\"nofollow\">V\u00e4lj alternativ<\/a>\t<span id=\"woocommerce_loop_add_to_cart_link_describedby_23959\" class=\"screen-reader-text\">\n\t\tDen h\u00e4r produkten har flera varianter. De olika alternativen kan v\u00e4ljas p\u00e5 produktsidan\t<\/span>\n<\/div><\/li>\n<\/ul>\n<\/div>\n\n","protected":false},"excerpt":{"rendered":"<p>F\u00f6rklara krig mot graffiti &#8211; effektivt skydd f\u00f6r din fasad med flytande glas.<\/p>\n","protected":false},"author":932,"featured_media":40892,"parent":34654,"menu_order":0,"comment_status":"closed","ping_status":"closed","template":"","meta":{"_acf_changed":false,"neve_meta_sidebar":"full-width","neve_meta_container":"","neve_meta_enable_content_width":"on","neve_meta_content_width":100,"neve_meta_title_alignment":"","neve_meta_author_avatar":"","neve_post_elements_order":"","neve_meta_disable_header":"","neve_meta_disable_footer":"","neve_meta_disable_title":"","neve_meta_reading_time":"","footnotes":""},"categories":[3592,3518],"seiten_kategorie":[3841],"class_list":["post-41189","page","type-page","status-publish","has-post-thumbnail","hentry","category-hus-och-traedgard","category-rad-artikel-tidning"],"acf":[],"yoast_head":"<!-- This site is optimized with the Yoast SEO Premium plugin v22.8 (Yoast SEO v27.5) - https:\/\/yoast.com\/product\/yoast-seo-premium-wordpress\/ -->\n<title>Flytande versiegelung24.com t\u00e4tningsmedel - Graffitiskydd f\u00f6r fasaden -<\/title>\n<meta name=\"description\" content=\"Flytande gals sealer som skydd mot graffiti. Ta reda p\u00e5 av oss hur du kan skydda dina tillh\u00f6righeter.\" \/>\n<meta name=\"robots\" content=\"index, follow, max-snippet:-1, max-image-preview:large, max-video-preview:-1\" \/>\n<link rel=\"canonical\" href=\"https:\/\/www.versiegelung24.com\/sv\/veta-hur\/graffitiskydd\/\" \/>\n<meta property=\"og:locale\" content=\"sv_SE\" \/>\n<meta property=\"og:type\" content=\"article\" \/>\n<meta property=\"og:title\" content=\"Graffitiskydd f\u00f6r fasaden\" \/>\n<meta property=\"og:description\" content=\"Flytande gals sealer som skydd mot graffiti. Ta reda p\u00e5 av oss hur du kan skydda dina tillh\u00f6righeter.\" \/>\n<meta property=\"og:url\" content=\"https:\/\/www.versiegelung24.com\/sv\/veta-hur\/graffitiskydd\/\" \/>\n<meta property=\"og:site_name\" content=\"versiegelung24.com\" \/>\n<meta property=\"article:modified_time\" content=\"2024-09-01T16:16:30+00:00\" \/>\n<meta property=\"og:image\" content=\"https:\/\/www.versiegelung24.com\/wp-content\/uploads\/2021\/12\/graf-1.jpg\" \/>\n\t<meta property=\"og:image:width\" content=\"1000\" \/>\n\t<meta property=\"og:image:height\" content=\"1000\" \/>\n\t<meta property=\"og:image:type\" content=\"image\/jpeg\" \/>\n<meta name=\"twitter:card\" content=\"summary_large_image\" \/>\n<meta name=\"twitter:label1\" content=\"Ber\u00e4knad l\u00e4stid\" \/>\n\t<meta name=\"twitter:data1\" content=\"2 minuter\" \/>\n<script type=\"application\/ld+json\" class=\"yoast-schema-graph\">{\"@context\":\"https:\\\/\\\/schema.org\",\"@graph\":[{\"@type\":\"WebPage\",\"@id\":\"https:\\\/\\\/www.versiegelung24.com\\\/sv\\\/veta-hur\\\/graffitiskydd\\\/\",\"url\":\"https:\\\/\\\/www.versiegelung24.com\\\/sv\\\/veta-hur\\\/graffitiskydd\\\/\",\"name\":\"Flytande versiegelung24.com t\u00e4tningsmedel - Graffitiskydd f\u00f6r fasaden -\",\"isPartOf\":{\"@id\":\"https:\\\/\\\/www.versiegelung24.com\\\/sv\\\/#website\"},\"primaryImageOfPage\":{\"@id\":\"https:\\\/\\\/www.versiegelung24.com\\\/sv\\\/veta-hur\\\/graffitiskydd\\\/#primaryimage\"},\"image\":{\"@id\":\"https:\\\/\\\/www.versiegelung24.com\\\/sv\\\/veta-hur\\\/graffitiskydd\\\/#primaryimage\"},\"thumbnailUrl\":\"https:\\\/\\\/www.versiegelung24.com\\\/wp-content\\\/uploads\\\/2021\\\/12\\\/graf-1.jpg\",\"datePublished\":\"2021-12-14T13:16:44+00:00\",\"dateModified\":\"2024-09-01T16:16:30+00:00\",\"description\":\"Flytande gals sealer som skydd mot graffiti. Ta reda p\u00e5 av oss hur du kan skydda dina tillh\u00f6righeter.\",\"breadcrumb\":{\"@id\":\"https:\\\/\\\/www.versiegelung24.com\\\/sv\\\/veta-hur\\\/graffitiskydd\\\/#breadcrumb\"},\"inLanguage\":\"sv-SE\",\"potentialAction\":[{\"@type\":\"ReadAction\",\"target\":[\"https:\\\/\\\/www.versiegelung24.com\\\/sv\\\/veta-hur\\\/graffitiskydd\\\/\"]}]},{\"@type\":\"ImageObject\",\"inLanguage\":\"sv-SE\",\"@id\":\"https:\\\/\\\/www.versiegelung24.com\\\/sv\\\/veta-hur\\\/graffitiskydd\\\/#primaryimage\",\"url\":\"https:\\\/\\\/www.versiegelung24.com\\\/wp-content\\\/uploads\\\/2021\\\/12\\\/graf-1.jpg\",\"contentUrl\":\"https:\\\/\\\/www.versiegelung24.com\\\/wp-content\\\/uploads\\\/2021\\\/12\\\/graf-1.jpg\",\"width\":1000,\"height\":1000},{\"@type\":\"BreadcrumbList\",\"@id\":\"https:\\\/\\\/www.versiegelung24.com\\\/sv\\\/veta-hur\\\/graffitiskydd\\\/#breadcrumb\",\"itemListElement\":[{\"@type\":\"ListItem\",\"position\":1,\"name\":\"Hemsidan\",\"item\":\"https:\\\/\\\/www.versiegelung24.com\\\/sv\\\/front\\\/\"},{\"@type\":\"ListItem\",\"position\":2,\"name\":\"R\u00e5dgivare\",\"item\":\"https:\\\/\\\/www.versiegelung24.com\\\/sv\\\/ratgeber\\\/\"},{\"@type\":\"ListItem\",\"position\":3,\"name\":\"tidskrift\",\"item\":\"https:\\\/\\\/www.versiegelung24.com\\\/sv\\\/ratgeber\\\/magazin\\\/\"},{\"@type\":\"ListItem\",\"position\":4,\"name\":\"Graffitiskydd f\u00f6r fasaden\"}]},{\"@type\":\"WebSite\",\"@id\":\"https:\\\/\\\/www.versiegelung24.com\\\/sv\\\/#website\",\"url\":\"https:\\\/\\\/www.versiegelung24.com\\\/sv\\\/\",\"name\":\"versiegelung24.com\",\"description\":\"Fl\u00fcssigglas-Versiegelung - Made in Germany\",\"publisher\":{\"@id\":\"https:\\\/\\\/www.versiegelung24.com\\\/sv\\\/#organization\"},\"potentialAction\":[{\"@type\":\"SearchAction\",\"target\":{\"@type\":\"EntryPoint\",\"urlTemplate\":\"https:\\\/\\\/www.versiegelung24.com\\\/sv\\\/?s={search_term_string}\"},\"query-input\":{\"@type\":\"PropertyValueSpecification\",\"valueRequired\":true,\"valueName\":\"search_term_string\"}}],\"inLanguage\":\"sv-SE\"},{\"@type\":\"Organization\",\"@id\":\"https:\\\/\\\/www.versiegelung24.com\\\/sv\\\/#organization\",\"name\":\"versiegelung24\",\"url\":\"https:\\\/\\\/www.versiegelung24.com\\\/sv\\\/\",\"logo\":{\"@type\":\"ImageObject\",\"inLanguage\":\"sv-SE\",\"@id\":\"https:\\\/\\\/www.versiegelung24.com\\\/sv\\\/#\\\/schema\\\/logo\\\/image\\\/\",\"url\":\"https:\\\/\\\/www.versiegelung24.com\\\/wp-content\\\/uploads\\\/2020\\\/04\\\/versiegelung24.png\",\"contentUrl\":\"https:\\\/\\\/www.versiegelung24.com\\\/wp-content\\\/uploads\\\/2020\\\/04\\\/versiegelung24.png\",\"width\":470,\"height\":102,\"caption\":\"versiegelung24\"},\"image\":{\"@id\":\"https:\\\/\\\/www.versiegelung24.com\\\/sv\\\/#\\\/schema\\\/logo\\\/image\\\/\"}}]}<\/script>\n<!-- \/ Yoast SEO Premium plugin. -->","yoast_head_json":{"title":"Flytande versiegelung24.com t\u00e4tningsmedel - Graffitiskydd f\u00f6r fasaden -","description":"Flytande gals sealer som skydd mot graffiti. Ta reda p\u00e5 av oss hur du kan skydda dina tillh\u00f6righeter.","robots":{"index":"index","follow":"follow","max-snippet":"max-snippet:-1","max-image-preview":"max-image-preview:large","max-video-preview":"max-video-preview:-1"},"canonical":"https:\/\/www.versiegelung24.com\/sv\/veta-hur\/graffitiskydd\/","og_locale":"sv_SE","og_type":"article","og_title":"Graffitiskydd f\u00f6r fasaden","og_description":"Flytande gals sealer som skydd mot graffiti. Ta reda p\u00e5 av oss hur du kan skydda dina tillh\u00f6righeter.","og_url":"https:\/\/www.versiegelung24.com\/sv\/veta-hur\/graffitiskydd\/","og_site_name":"versiegelung24.com","article_modified_time":"2024-09-01T16:16:30+00:00","og_image":[{"width":1000,"height":1000,"url":"https:\/\/www.versiegelung24.com\/wp-content\/uploads\/2021\/12\/graf-1.jpg","type":"image\/jpeg"}],"twitter_card":"summary_large_image","twitter_misc":{"Ber\u00e4knad l\u00e4stid":"2 minuter"},"schema":{"@context":"https:\/\/schema.org","@graph":[{"@type":"WebPage","@id":"https:\/\/www.versiegelung24.com\/sv\/veta-hur\/graffitiskydd\/","url":"https:\/\/www.versiegelung24.com\/sv\/veta-hur\/graffitiskydd\/","name":"Flytande versiegelung24.com t\u00e4tningsmedel - Graffitiskydd f\u00f6r fasaden -","isPartOf":{"@id":"https:\/\/www.versiegelung24.com\/sv\/#website"},"primaryImageOfPage":{"@id":"https:\/\/www.versiegelung24.com\/sv\/veta-hur\/graffitiskydd\/#primaryimage"},"image":{"@id":"https:\/\/www.versiegelung24.com\/sv\/veta-hur\/graffitiskydd\/#primaryimage"},"thumbnailUrl":"https:\/\/www.versiegelung24.com\/wp-content\/uploads\/2021\/12\/graf-1.jpg","datePublished":"2021-12-14T13:16:44+00:00","dateModified":"2024-09-01T16:16:30+00:00","description":"Flytande gals sealer som skydd mot graffiti. Ta reda p\u00e5 av oss hur du kan skydda dina tillh\u00f6righeter.","breadcrumb":{"@id":"https:\/\/www.versiegelung24.com\/sv\/veta-hur\/graffitiskydd\/#breadcrumb"},"inLanguage":"sv-SE","potentialAction":[{"@type":"ReadAction","target":["https:\/\/www.versiegelung24.com\/sv\/veta-hur\/graffitiskydd\/"]}]},{"@type":"ImageObject","inLanguage":"sv-SE","@id":"https:\/\/www.versiegelung24.com\/sv\/veta-hur\/graffitiskydd\/#primaryimage","url":"https:\/\/www.versiegelung24.com\/wp-content\/uploads\/2021\/12\/graf-1.jpg","contentUrl":"https:\/\/www.versiegelung24.com\/wp-content\/uploads\/2021\/12\/graf-1.jpg","width":1000,"height":1000},{"@type":"BreadcrumbList","@id":"https:\/\/www.versiegelung24.com\/sv\/veta-hur\/graffitiskydd\/#breadcrumb","itemListElement":[{"@type":"ListItem","position":1,"name":"Hemsidan","item":"https:\/\/www.versiegelung24.com\/sv\/front\/"},{"@type":"ListItem","position":2,"name":"R\u00e5dgivare","item":"https:\/\/www.versiegelung24.com\/sv\/ratgeber\/"},{"@type":"ListItem","position":3,"name":"tidskrift","item":"https:\/\/www.versiegelung24.com\/sv\/ratgeber\/magazin\/"},{"@type":"ListItem","position":4,"name":"Graffitiskydd f\u00f6r fasaden"}]},{"@type":"WebSite","@id":"https:\/\/www.versiegelung24.com\/sv\/#website","url":"https:\/\/www.versiegelung24.com\/sv\/","name":"versiegelung24.com","description":"Fl\u00fcssigglas-Versiegelung - Made in Germany","publisher":{"@id":"https:\/\/www.versiegelung24.com\/sv\/#organization"},"potentialAction":[{"@type":"SearchAction","target":{"@type":"EntryPoint","urlTemplate":"https:\/\/www.versiegelung24.com\/sv\/?s={search_term_string}"},"query-input":{"@type":"PropertyValueSpecification","valueRequired":true,"valueName":"search_term_string"}}],"inLanguage":"sv-SE"},{"@type":"Organization","@id":"https:\/\/www.versiegelung24.com\/sv\/#organization","name":"versiegelung24","url":"https:\/\/www.versiegelung24.com\/sv\/","logo":{"@type":"ImageObject","inLanguage":"sv-SE","@id":"https:\/\/www.versiegelung24.com\/sv\/#\/schema\/logo\/image\/","url":"https:\/\/www.versiegelung24.com\/wp-content\/uploads\/2020\/04\/versiegelung24.png","contentUrl":"https:\/\/www.versiegelung24.com\/wp-content\/uploads\/2020\/04\/versiegelung24.png","width":470,"height":102,"caption":"versiegelung24"},"image":{"@id":"https:\/\/www.versiegelung24.com\/sv\/#\/schema\/logo\/image\/"}}]}},"_links":{"self":[{"href":"https:\/\/www.versiegelung24.com\/sv\/wp-json\/wp\/v2\/pages\/41189","targetHints":{"allow":["GET"]}}],"collection":[{"href":"https:\/\/www.versiegelung24.com\/sv\/wp-json\/wp\/v2\/pages"}],"about":[{"href":"https:\/\/www.versiegelung24.com\/sv\/wp-json\/wp\/v2\/types\/page"}],"author":[{"embeddable":true,"href":"https:\/\/www.versiegelung24.com\/sv\/wp-json\/wp\/v2\/users\/932"}],"replies":[{"embeddable":true,"href":"https:\/\/www.versiegelung24.com\/sv\/wp-json\/wp\/v2\/comments?post=41189"}],"version-history":[{"count":17,"href":"https:\/\/www.versiegelung24.com\/sv\/wp-json\/wp\/v2\/pages\/41189\/revisions"}],"predecessor-version":[{"id":172637,"href":"https:\/\/www.versiegelung24.com\/sv\/wp-json\/wp\/v2\/pages\/41189\/revisions\/172637"}],"up":[{"embeddable":true,"href":"https:\/\/www.versiegelung24.com\/sv\/wp-json\/wp\/v2\/pages\/34654"}],"wp:featuredmedia":[{"embeddable":true,"href":"https:\/\/www.versiegelung24.com\/sv\/wp-json\/wp\/v2\/media\/40892"}],"wp:attachment":[{"href":"https:\/\/www.versiegelung24.com\/sv\/wp-json\/wp\/v2\/media?parent=41189"}],"wp:term":[{"taxonomy":"category","embeddable":true,"href":"https:\/\/www.versiegelung24.com\/sv\/wp-json\/wp\/v2\/categories?post=41189"},{"taxonomy":"seiten_kategorie","embeddable":true,"href":"https:\/\/www.versiegelung24.com\/sv\/wp-json\/wp\/v2\/seiten_kategorie?post=41189"}],"curies":[{"name":"wp","href":"https:\/\/api.w.org\/{rel}","templated":true}]}}