{"id":126095,"date":"2023-09-01T15:04:03","date_gmt":"2023-09-01T13:04:49","guid":{"rendered":"https:\/\/www.versiegelung24.com\/product\/tatningsmedel-for-vindrutor-406\/"},"modified":"2025-01-05T17:34:38","modified_gmt":"2025-01-05T16:34:38","slug":"vindrutetatare-406","status":"publish","type":"product","link":"https:\/\/www.versiegelung24.com\/sv\/vindrutetaetare-406.html","title":{"rendered":"T\u00e4tning av vindrutan"},"content":{"rendered":"\n<p>Ta <strong>steget in i en ny era av k\u00f6rs\u00e4kerhet och komfort med v\u00e5rt T\u00dcV-godk\u00e4nda vindrutet\u00e4tningsmedel<\/strong>. V\u00e5r avancerade formel \u00e4r inte bara otroligt h\u00e5llbar, utan ocks\u00e5 m\u00e5ngsidig &#8211; fr\u00e5n bilar och lastbilar till b\u00e5tar och husvagnar. Upplev skillnaden med upp till 20 000 km bekymmersfri k\u00f6rning med bara en applikation. \u00c5terapplicera bara var sj\u00e4tte m\u00e5nad s\u00e5 f\u00e5r du ett helt \u00e5r av o\u00f6vertr\u00e4ffad syn.<\/p>\n\n<p>Men det \u00e4r inte allt. V\u00e5rt t\u00e4tningsmedel ser till att vattnet helt enkelt rinner av vid hastigheter \u00f6ver 60 km\/h, s\u00e5 att vindrutetorkarna skonas och du f\u00e5r fri sikt \u00e4ven i d\u00e5ligt v\u00e4der. K\u00f6r du ofta p\u00e5 natten? V\u00e5rt t\u00e4tningsmedel minskar bl\u00e4ndning och ljusf\u00f6rvr\u00e4ngning s\u00e5 att du kan k\u00e4nna dig s\u00e4ker och trygg p\u00e5 v\u00e4gen.<\/p>\n\n<h2 class=\"wp-block-heading\" id=\"video\">Video<\/h2>\n\n<figure class=\"wp-block-embed is-type-video is-provider-youtube wp-block-embed-youtube wp-embed-aspect-16-9 wp-has-aspect-ratio\"><div class=\"wp-block-embed__wrapper\">\n<div class=\"nv-iframe-embed\"><iframe title=\"Windschutzscheiben Versiegelung - Versiegelung24.com\" width=\"1200\" height=\"675\" src=\"https:\/\/www.youtube.com\/embed\/5cu8smLIMD0?feature=oembed\" frameborder=\"0\" allow=\"accelerometer; autoplay; clipboard-write; encrypted-media; gyroscope; picture-in-picture; web-share\" allowfullscreen><\/iframe><\/div>\n<\/div><\/figure>\n\n<hr class=\"wp-block-separator has-alpha-channel-opacity\"\/>\n\n<h2 class=\"wp-block-heading\" id=\"properties\">egenskaper<\/h2>\n\n<p><\/p>\n\n<p>Inneh\u00e5ll: 2 f\u00f6rreng\u00f6ringsdukar, 2 t\u00e4tningsdukar (vardera f\u00f6r 2 m\u00b2), 1 mikrofiberduk, 2 eng\u00e5ngshandskar<\/p>\n\n<ul class=\"wp-block-list\">\n<li>L\u00e5ng livsl\u00e4ngd &#8211; upp till 20 000 km<\/li>\n\n\n\n<li>Minskar bl\u00e4ndning och ljusf\u00f6rvr\u00e4ngning p\u00e5 natten<\/li>\n\n\n\n<li>Vatten p\u00e4rlar av sig (60+ km\/h), dvs. fri sikt \u00e4ven utan vindrutetorkare<\/li>\n\n\n\n<li>Skyddar vindrutetorkarna<\/li>\n\n\n\n<li>Enkel applikation<\/li>\n\n\n\n<li>Starka antiadhesiva egenskaper och mindre vidh\u00e4ftning av insekter<\/li>\n\n\n\n<li>Minskar mikrorepor<\/li>\n\n\n\n<li>F\u00f6nster l\u00e4ttare att reng\u00f6ra och is l\u00e4ttare att ta bort<\/li>\n\n\n\n<li>Osynligt skyddsskikt &#8211; 500 g\u00e5nger tunnare \u00e4n ett m\u00e4nskligt h\u00e5rstr\u00e5<\/li>\n\n\n\n<li>UV-stabil med h\u00f6g n\u00f6tningsbest\u00e4ndighet<\/li>\n\n\n\n<li>Motst\u00e5ndskraftig mot temperaturfluktuationer<\/li>\n\n\n\n<li>Kemiskt resistent (ph 2 till 13)<\/li>\n\n\n\n<li>Tv\u00e4ttmaskin och h\u00f6gtryckstv\u00e4tt resistenta<\/li>\n\n\n\n<li>F\u00f6r fram- och sidof\u00f6nster p\u00e5 bilar, sk\u00e5pbilar, lastbilar, b\u00e5tar och husvagnar<\/li>\n\n\n\n<li>Applicera p\u00e5 vindrutan och upprepa efter 6 m\u00e5nader = h\u00e5ller i upp till 1 \u00e5r<\/li>\n\n\n\n<li>T\u00dcV-testad<\/li>\n<\/ul>\n","protected":false},"excerpt":{"rendered":"<p>\u2713 L\u00e5ng h\u00e5llbarhet &#8211; upp till 20 000 km<\/p>\n<p>\u2713 Vatten p\u00e4rlar av sig (60+ km\/h), dvs. fri sikt \u00e4ven utan vindrutetorkare<\/p>\n<p>\u2713 Starka anti-adhesionsegenskaper och mindre vidh\u00e4ftning av insekter<\/p>\n","protected":false},"featured_media":132064,"template":"","meta":{"_acf_changed":false,"neve_meta_sidebar":"","neve_meta_container":"","neve_meta_enable_content_width":"","neve_meta_content_width":0,"neve_meta_title_alignment":"","neve_meta_author_avatar":"","neve_post_elements_order":"","neve_meta_disable_header":"","neve_meta_disable_footer":"","neve_meta_disable_title":"","neve_meta_reading_time":"","_surfaces":[],"_ver_product_tabs":[],"footnotes":""},"product_brand":[],"product_cat":[2999,2178,2192],"product_tag":[],"class_list":{"0":"post-126095","1":"product","2":"type-product","3":"status-publish","4":"has-post-thumbnail","6":"product_cat-taetning-av-flytande-glas","7":"product_cat-taetning-foer-glas-och-keramik","8":"product_cat-biltaetning","10":"first","11":"instock","12":"taxable","13":"shipping-taxable","14":"purchasable","15":"product-type-simple"},"acf":[],"yoast_head":"<!-- This site is optimized with the Yoast SEO Premium plugin v22.8 (Yoast SEO v27.5) - https:\/\/yoast.com\/product\/yoast-seo-premium-wordpress\/ -->\n<title>T\u00e4tning av vindrutan - versiegelung24.com<\/title>\n<meta name=\"robots\" content=\"index, follow, max-snippet:-1, max-image-preview:large, max-video-preview:-1\" \/>\n<link rel=\"canonical\" href=\"https:\/\/www.versiegelung24.com\/sv\/vindrutetaetare-406.html\" \/>\n<meta property=\"og:locale\" content=\"sv_SE\" \/>\n<meta property=\"og:type\" content=\"article\" \/>\n<meta property=\"og:title\" content=\"T\u00e4tning av vindrutan\" \/>\n<meta property=\"og:description\" content=\"\u2713 L\u00e5ng h\u00e5llbarhet - upp till 20 000 km \u2713 Vatten p\u00e4rlar av sig (60+ km\/h), dvs. fri sikt \u00e4ven utan vindrutetorkare \u2713 Starka anti-adhesionsegenskaper och mindre vidh\u00e4ftning av insekter\" \/>\n<meta property=\"og:url\" content=\"https:\/\/www.versiegelung24.com\/sv\/vindrutetaetare-406.html\" \/>\n<meta property=\"og:site_name\" content=\"versiegelung24.com\" \/>\n<meta property=\"article:modified_time\" content=\"2025-01-05T16:34:38+00:00\" \/>\n<meta property=\"og:image\" content=\"https:\/\/www.versiegelung24.com\/wp-content\/uploads\/2023\/09\/windschutz-1-1.webp\" \/>\n\t<meta property=\"og:image:width\" content=\"2560\" \/>\n\t<meta property=\"og:image:height\" content=\"2560\" \/>\n\t<meta property=\"og:image:type\" content=\"image\/webp\" \/>\n<meta name=\"twitter:card\" content=\"summary_large_image\" \/>\n<meta name=\"twitter:label1\" content=\"Pris\" \/>\n\t<meta name=\"twitter:data1\" content=\"17,99&euro;\" \/>\n\t<meta name=\"twitter:label2\" content=\"Tillg\u00e4nglig\" \/>\n\t<meta name=\"twitter:data2\" content=\"I lager\" \/>\n<script type=\"application\/ld+json\" class=\"yoast-schema-graph\">{\"@context\":\"https:\\\/\\\/schema.org\",\"@graph\":[{\"@type\":\"WebPage\",\"@id\":\"https:\\\/\\\/www.versiegelung24.com\\\/sv\\\/vindrutetaetare-406.html\",\"url\":\"https:\\\/\\\/www.versiegelung24.com\\\/sv\\\/vindrutetaetare-406.html\",\"name\":\"T\u00e4tning av vindrutan - versiegelung24.com\",\"isPartOf\":{\"@id\":\"https:\\\/\\\/www.versiegelung24.com\\\/sv\\\/#website\"},\"primaryImageOfPage\":{\"@id\":\"https:\\\/\\\/www.versiegelung24.com\\\/sv\\\/vindrutetaetare-406.html#primaryimage\"},\"image\":{\"@id\":\"https:\\\/\\\/www.versiegelung24.com\\\/sv\\\/vindrutetaetare-406.html#primaryimage\"},\"thumbnailUrl\":\"https:\\\/\\\/www.versiegelung24.com\\\/wp-content\\\/uploads\\\/2023\\\/09\\\/windschutz-1-1.webp\",\"datePublished\":\"2023-09-01T13:04:49+00:00\",\"dateModified\":\"2025-01-05T16:34:38+00:00\",\"breadcrumb\":{\"@id\":\"https:\\\/\\\/www.versiegelung24.com\\\/sv\\\/vindrutetaetare-406.html#breadcrumb\"},\"inLanguage\":\"sv-SE\",\"potentialAction\":[{\"@type\":\"ReadAction\",\"target\":[\"https:\\\/\\\/www.versiegelung24.com\\\/sv\\\/vindrutetaetare-406.html\"]}]},{\"@type\":\"ImageObject\",\"inLanguage\":\"sv-SE\",\"@id\":\"https:\\\/\\\/www.versiegelung24.com\\\/sv\\\/vindrutetaetare-406.html#primaryimage\",\"url\":\"https:\\\/\\\/www.versiegelung24.com\\\/wp-content\\\/uploads\\\/2023\\\/09\\\/windschutz-1-1.webp\",\"contentUrl\":\"https:\\\/\\\/www.versiegelung24.com\\\/wp-content\\\/uploads\\\/2023\\\/09\\\/windschutz-1-1.webp\",\"width\":2560,\"height\":2560},{\"@type\":\"BreadcrumbList\",\"@id\":\"https:\\\/\\\/www.versiegelung24.com\\\/sv\\\/vindrutetaetare-406.html#breadcrumb\",\"itemListElement\":[{\"@type\":\"ListItem\",\"position\":1,\"name\":\"Hemsidan\",\"item\":\"https:\\\/\\\/www.versiegelung24.com\\\/sv\\\/front\\\/\"},{\"@type\":\"ListItem\",\"position\":2,\"name\":\"aff\u00e4r\",\"item\":\"https:\\\/\\\/www.versiegelung24.com\\\/sv\\\/affar\\\/\"},{\"@type\":\"ListItem\",\"position\":3,\"name\":\"T\u00e4tning av vindrutan\"}]},{\"@type\":\"WebSite\",\"@id\":\"https:\\\/\\\/www.versiegelung24.com\\\/sv\\\/#website\",\"url\":\"https:\\\/\\\/www.versiegelung24.com\\\/sv\\\/\",\"name\":\"versiegelung24.com\",\"description\":\"Fl\u00fcssigglas-Versiegelung - Made in Germany\",\"publisher\":{\"@id\":\"https:\\\/\\\/www.versiegelung24.com\\\/sv\\\/#organization\"},\"potentialAction\":[{\"@type\":\"SearchAction\",\"target\":{\"@type\":\"EntryPoint\",\"urlTemplate\":\"https:\\\/\\\/www.versiegelung24.com\\\/sv\\\/?s={search_term_string}\"},\"query-input\":{\"@type\":\"PropertyValueSpecification\",\"valueRequired\":true,\"valueName\":\"search_term_string\"}}],\"inLanguage\":\"sv-SE\"},{\"@type\":\"Organization\",\"@id\":\"https:\\\/\\\/www.versiegelung24.com\\\/sv\\\/#organization\",\"name\":\"versiegelung24\",\"url\":\"https:\\\/\\\/www.versiegelung24.com\\\/sv\\\/\",\"logo\":{\"@type\":\"ImageObject\",\"inLanguage\":\"sv-SE\",\"@id\":\"https:\\\/\\\/www.versiegelung24.com\\\/sv\\\/#\\\/schema\\\/logo\\\/image\\\/\",\"url\":\"https:\\\/\\\/www.versiegelung24.com\\\/wp-content\\\/uploads\\\/2020\\\/04\\\/versiegelung24.png\",\"contentUrl\":\"https:\\\/\\\/www.versiegelung24.com\\\/wp-content\\\/uploads\\\/2020\\\/04\\\/versiegelung24.png\",\"width\":470,\"height\":102,\"caption\":\"versiegelung24\"},\"image\":{\"@id\":\"https:\\\/\\\/www.versiegelung24.com\\\/sv\\\/#\\\/schema\\\/logo\\\/image\\\/\"}}]}<\/script>\n<meta property=\"product:price:amount\" content=\"17.99\" \/>\n<meta property=\"product:price:currency\" content=\"EUR\" \/>\n<meta property=\"og:availability\" content=\"instock\" \/>\n<meta property=\"product:availability\" content=\"instock\" \/>\n<meta property=\"product:retailer_item_id\" content=\"4040-406\" \/>\n<meta property=\"product:condition\" content=\"new\" \/>\n<!-- \/ Yoast SEO Premium plugin. -->","yoast_head_json":{"title":"T\u00e4tning av vindrutan - versiegelung24.com","robots":{"index":"index","follow":"follow","max-snippet":"max-snippet:-1","max-image-preview":"max-image-preview:large","max-video-preview":"max-video-preview:-1"},"canonical":"https:\/\/www.versiegelung24.com\/sv\/vindrutetaetare-406.html","og_locale":"sv_SE","og_type":"article","og_title":"T\u00e4tning av vindrutan","og_description":"\u2713 L\u00e5ng h\u00e5llbarhet - upp till 20 000 km \u2713 Vatten p\u00e4rlar av sig (60+ km\/h), dvs. fri sikt \u00e4ven utan vindrutetorkare \u2713 Starka anti-adhesionsegenskaper och mindre vidh\u00e4ftning av insekter","og_url":"https:\/\/www.versiegelung24.com\/sv\/vindrutetaetare-406.html","og_site_name":"versiegelung24.com","article_modified_time":"2025-01-05T16:34:38+00:00","og_image":[{"width":2560,"height":2560,"url":"https:\/\/www.versiegelung24.com\/wp-content\/uploads\/2023\/09\/windschutz-1-1.webp","type":"image\/webp"}],"twitter_card":"summary_large_image","twitter_misc":{"Pris":"17,99&euro;","Tillg\u00e4nglig":"I lager"},"schema":{"@context":"https:\/\/schema.org","@graph":[{"@type":"WebPage","@id":"https:\/\/www.versiegelung24.com\/sv\/vindrutetaetare-406.html","url":"https:\/\/www.versiegelung24.com\/sv\/vindrutetaetare-406.html","name":"T\u00e4tning av vindrutan - versiegelung24.com","isPartOf":{"@id":"https:\/\/www.versiegelung24.com\/sv\/#website"},"primaryImageOfPage":{"@id":"https:\/\/www.versiegelung24.com\/sv\/vindrutetaetare-406.html#primaryimage"},"image":{"@id":"https:\/\/www.versiegelung24.com\/sv\/vindrutetaetare-406.html#primaryimage"},"thumbnailUrl":"https:\/\/www.versiegelung24.com\/wp-content\/uploads\/2023\/09\/windschutz-1-1.webp","datePublished":"2023-09-01T13:04:49+00:00","dateModified":"2025-01-05T16:34:38+00:00","breadcrumb":{"@id":"https:\/\/www.versiegelung24.com\/sv\/vindrutetaetare-406.html#breadcrumb"},"inLanguage":"sv-SE","potentialAction":[{"@type":"ReadAction","target":["https:\/\/www.versiegelung24.com\/sv\/vindrutetaetare-406.html"]}]},{"@type":"ImageObject","inLanguage":"sv-SE","@id":"https:\/\/www.versiegelung24.com\/sv\/vindrutetaetare-406.html#primaryimage","url":"https:\/\/www.versiegelung24.com\/wp-content\/uploads\/2023\/09\/windschutz-1-1.webp","contentUrl":"https:\/\/www.versiegelung24.com\/wp-content\/uploads\/2023\/09\/windschutz-1-1.webp","width":2560,"height":2560},{"@type":"BreadcrumbList","@id":"https:\/\/www.versiegelung24.com\/sv\/vindrutetaetare-406.html#breadcrumb","itemListElement":[{"@type":"ListItem","position":1,"name":"Hemsidan","item":"https:\/\/www.versiegelung24.com\/sv\/front\/"},{"@type":"ListItem","position":2,"name":"aff\u00e4r","item":"https:\/\/www.versiegelung24.com\/sv\/affar\/"},{"@type":"ListItem","position":3,"name":"T\u00e4tning av vindrutan"}]},{"@type":"WebSite","@id":"https:\/\/www.versiegelung24.com\/sv\/#website","url":"https:\/\/www.versiegelung24.com\/sv\/","name":"versiegelung24.com","description":"Fl\u00fcssigglas-Versiegelung - Made in Germany","publisher":{"@id":"https:\/\/www.versiegelung24.com\/sv\/#organization"},"potentialAction":[{"@type":"SearchAction","target":{"@type":"EntryPoint","urlTemplate":"https:\/\/www.versiegelung24.com\/sv\/?s={search_term_string}"},"query-input":{"@type":"PropertyValueSpecification","valueRequired":true,"valueName":"search_term_string"}}],"inLanguage":"sv-SE"},{"@type":"Organization","@id":"https:\/\/www.versiegelung24.com\/sv\/#organization","name":"versiegelung24","url":"https:\/\/www.versiegelung24.com\/sv\/","logo":{"@type":"ImageObject","inLanguage":"sv-SE","@id":"https:\/\/www.versiegelung24.com\/sv\/#\/schema\/logo\/image\/","url":"https:\/\/www.versiegelung24.com\/wp-content\/uploads\/2020\/04\/versiegelung24.png","contentUrl":"https:\/\/www.versiegelung24.com\/wp-content\/uploads\/2020\/04\/versiegelung24.png","width":470,"height":102,"caption":"versiegelung24"},"image":{"@id":"https:\/\/www.versiegelung24.com\/sv\/#\/schema\/logo\/image\/"}}]},"product_price_amount":"17.99","product_price_currency":"EUR","og_availability":"instock","product_availability":"instock","product_retailer_item_id":"4040-406","product_condition":"new"},"_links":{"self":[{"href":"https:\/\/www.versiegelung24.com\/sv\/wp-json\/wp\/v2\/product\/126095","targetHints":{"allow":["GET"]}}],"collection":[{"href":"https:\/\/www.versiegelung24.com\/sv\/wp-json\/wp\/v2\/product"}],"about":[{"href":"https:\/\/www.versiegelung24.com\/sv\/wp-json\/wp\/v2\/types\/product"}],"version-history":[{"count":8,"href":"https:\/\/www.versiegelung24.com\/sv\/wp-json\/wp\/v2\/product\/126095\/revisions"}],"predecessor-version":[{"id":178317,"href":"https:\/\/www.versiegelung24.com\/sv\/wp-json\/wp\/v2\/product\/126095\/revisions\/178317"}],"wp:featuredmedia":[{"embeddable":true,"href":"https:\/\/www.versiegelung24.com\/sv\/wp-json\/wp\/v2\/media\/132064"}],"wp:attachment":[{"href":"https:\/\/www.versiegelung24.com\/sv\/wp-json\/wp\/v2\/media?parent=126095"}],"wp:term":[{"taxonomy":"product_brand","embeddable":true,"href":"https:\/\/www.versiegelung24.com\/sv\/wp-json\/wp\/v2\/product_brand?post=126095"},{"taxonomy":"product_cat","embeddable":true,"href":"https:\/\/www.versiegelung24.com\/sv\/wp-json\/wp\/v2\/product_cat?post=126095"},{"taxonomy":"product_tag","embeddable":true,"href":"https:\/\/www.versiegelung24.com\/sv\/wp-json\/wp\/v2\/product_tag?post=126095"}],"curies":[{"name":"wp","href":"https:\/\/api.w.org\/{rel}","templated":true}]}}