{"id":149468,"date":"2022-02-11T08:49:15","date_gmt":"2024-01-29T19:42:35","guid":{"rendered":"https:\/\/www.versiegelung24.com\/product\/mikrofiberduk-40x40cm-for-forrengoring-eller-polering-gul\/"},"modified":"2025-12-03T11:56:10","modified_gmt":"2025-12-03T10:56:10","slug":"mikrofiberduk-40x40cm-for-for-rengoring-eller-polering-gul","status":"publish","type":"product","link":"https:\/\/www.versiegelung24.com\/sv\/mikrofiberduk-40x40cm-for-forrengoring-eller-polering-gul.html","title":{"rendered":"Mikrofiberduk 40x40cm f\u00f6r f\u00f6rreng\u00f6ring eller polering gul"},"content":{"rendered":"\n<p>Mikrofiberduk f\u00f6r f\u00f6rreng\u00f6ring eller slutlig polering.<\/p>\n\n<p>P\u00e5 grund av den h\u00f6ga absorptionsf\u00f6rm\u00e5gan rekommenderar vi \u00e4ven <a href=\"https:\/\/www.versiegelung24.com\/applikationstuch-20x20cm.html\">mikrofiberduken f\u00f6r applicering av v\u00e5ra flytande glasf\u00f6rseglingar<\/a><\/p>\n\n<p>Vi rekommenderar att du anv\u00e4nder en separat mikrofiberduk f\u00f6r varje steg i appliceringen av v\u00e5ra ytf\u00f6rseglingar och impregneringar.<\/p>\n\n<p>Om det finns smuts kvar p\u00e5 trasan efter reng\u00f6ringen har ytan \u00e4nnu inte rengjorts fullst\u00e4ndigt och optimalt. En bra t\u00e4tningseffekt kan endast uppn\u00e5s om det inte finns n\u00e5gon smuts kvar p\u00e5 ytan.<\/p>\n\n<hr\/>\n\n<h4 class=\"wp-block-heading\" id=\"properties\">Produktens egenskaper<\/h4>\n\n<div class=\"wp-block-columns is-layout-flex wp-container-core-columns-is-layout-9d6595d7 wp-block-columns-is-layout-flex\">\n<div class=\"wp-block-column is-layout-flow wp-block-column-is-layout-flow\">\n<p><br\/>Sammans\u00e4ttning: 80% polyester, 20% polyamid Storlek: 40x40cm<\/p>\n<\/div>\n\n\n\n<div class=\"wp-block-column is-layout-flow wp-block-column-is-layout-flow\">\n<p>H\u00f6g kvalitet med en torrvikt p\u00e5 280 g\/m\u00b2.<\/p>\n<\/div>\n<\/div>\n\n<hr\/>\n\n<h4 class=\"wp-block-heading\" id=\"application\">Till\u00e4mpning<\/h4>\n\n<p>Kan anv\u00e4ndas universellt b\u00e5de inomhus och utomhus. Idealisk storlek f\u00f6r reng\u00f6ring av glas, keramik, b\u00e5tar, bilar och husbilar.<\/p>\n\n<p>Luddfri, repfri och snabbtorkande reng\u00f6ring. Smuts och dammpartiklar absorberas praktiskt taget utan att l\u00e4mna n\u00e5gra rester.<\/p>\n\n<p>Materialet \u00e4r \u00e5teranv\u00e4ndbart och d\u00e4rf\u00f6r mycket milj\u00f6v\u00e4nligt. L\u00e4tt att tv\u00e4tta i tv\u00e4ttmaskin utan tv\u00e4ttmedel.<\/p>\n","protected":false},"excerpt":{"rendered":"<p><strong>Mikrofiberduk f\u00f6r f\u00f6rreng\u00f6ring eller slutlig polering:<\/strong><\/p>\n<p>\u2713 \u00c5teranv\u00e4ndbar<\/p>\n<p>\u2713 Milj\u00f6v\u00e4nlig<\/p>\n<p>\u2713 Extremt absorberande<\/p>\n<p>\u2713 Snabbtorkande<\/p>\n<p>\u2713 Luddfri<\/p>\n<p>\u2713 Repfri<\/p>\n<p>\u2713 80% polyester \/ 20% polyamid<\/p>\n<p>\u2713 Torrvikt 280g\/kvm<\/p>\n","protected":false},"featured_media":64791,"template":"","meta":{"_acf_changed":false,"neve_meta_sidebar":"","neve_meta_container":"","neve_meta_enable_content_width":"","neve_meta_content_width":0,"neve_meta_title_alignment":"","neve_meta_author_avatar":"","neve_post_elements_order":"","neve_meta_disable_header":"","neve_meta_disable_footer":"","neve_meta_disable_title":"","neve_meta_reading_time":"","_surfaces":[],"_ver_product_tabs":[],"footnotes":""},"product_brand":[],"product_cat":[2483,2759,2178,3084,2192,2367,2368,2369,2394,2402],"product_tag":[],"class_list":{"0":"post-149468","1":"product","2":"type-product","3":"status-publish","4":"has-post-thumbnail","6":"product_cat-universell-taetning","7":"product_cat-handsprit","8":"product_cat-taetning-foer-glas-och-keramik","9":"product_cat-utrustning","10":"product_cat-biltaetning","11":"product_cat-desinfektionsmedel","12":"product_cat-ytdesinfektionsmedel","13":"product_cat-koncentrat-foer-desinfektionsmedel","14":"product_cat-taetning-av-metall-och-plast","15":"product_cat-staedtillbehoer","16":"pa_farbe-bla","17":"pa_farbe-vit","19":"first","20":"instock","21":"taxable","22":"shipping-taxable","23":"purchasable","24":"product-type-simple"},"acf":[],"yoast_head":"<!-- This site is optimized with the Yoast SEO Premium plugin v22.8 (Yoast SEO v27.5) - https:\/\/yoast.com\/product\/yoast-seo-premium-wordpress\/ -->\n<title>Mikrofiberduk 40x40cm f\u00f6r f\u00f6rreng\u00f6ring eller polering gul - versiegelung24.com<\/title>\n<meta name=\"description\" content=\"Mikrofiberduk &quot; Extremt absorberande &quot; Snabbtorkande &quot; Luddfri &quot; Repfri &quot; 80% polyester \/ 20% polyamid &quot; Torrvikt 280g\/kvm\" \/>\n<meta name=\"robots\" content=\"index, follow, max-snippet:-1, max-image-preview:large, max-video-preview:-1\" \/>\n<link rel=\"canonical\" href=\"https:\/\/www.versiegelung24.com\/sv\/mikrofiberduk-40x40cm-for-forrengoring-eller-polering-gul.html\" \/>\n<meta property=\"og:locale\" content=\"sv_SE\" \/>\n<meta property=\"og:type\" content=\"article\" \/>\n<meta property=\"og:title\" content=\"Mikrofiberduk 40x40cm f\u00f6r f\u00f6rreng\u00f6ring eller polering gul\" \/>\n<meta property=\"og:description\" content=\"Mikrofiberduk &quot; Extremt absorberande &quot; Snabbtorkande &quot; Luddfri &quot; Repfri &quot; 80% polyester \/ 20% polyamid &quot; Torrvikt 280g\/kvm\" \/>\n<meta property=\"og:url\" content=\"https:\/\/www.versiegelung24.com\/sv\/mikrofiberduk-40x40cm-for-forrengoring-eller-polering-gul.html\" \/>\n<meta property=\"og:site_name\" content=\"versiegelung24.com\" \/>\n<meta property=\"article:modified_time\" content=\"2025-12-03T10:56:10+00:00\" \/>\n<meta property=\"og:image\" content=\"https:\/\/www.versiegelung24.com\/wp-content\/uploads\/2022\/02\/V24-9004-1-Mikrofaser-gelb-40x40cm-Custom.jpg\" \/>\n\t<meta property=\"og:image:width\" content=\"1024\" \/>\n\t<meta property=\"og:image:height\" content=\"1024\" \/>\n\t<meta property=\"og:image:type\" content=\"image\/jpeg\" \/>\n<meta name=\"twitter:card\" content=\"summary_large_image\" \/>\n<meta name=\"twitter:label1\" content=\"Pris\" \/>\n\t<meta name=\"twitter:data1\" content=\"1,25&euro;\" \/>\n\t<meta name=\"twitter:label2\" content=\"Tillg\u00e4nglig\" \/>\n\t<meta name=\"twitter:data2\" content=\"I lager\" \/>\n<script type=\"application\/ld+json\" class=\"yoast-schema-graph\">{\"@context\":\"https:\\\/\\\/schema.org\",\"@graph\":[{\"@type\":\"WebPage\",\"@id\":\"https:\\\/\\\/www.versiegelung24.com\\\/sv\\\/mikrofiberduk-40x40cm-for-forrengoring-eller-polering-gul.html\",\"url\":\"https:\\\/\\\/www.versiegelung24.com\\\/sv\\\/mikrofiberduk-40x40cm-for-forrengoring-eller-polering-gul.html\",\"name\":\"Mikrofiberduk 40x40cm f\u00f6r f\u00f6rreng\u00f6ring eller polering gul - versiegelung24.com\",\"isPartOf\":{\"@id\":\"https:\\\/\\\/www.versiegelung24.com\\\/sv\\\/#website\"},\"primaryImageOfPage\":{\"@id\":\"https:\\\/\\\/www.versiegelung24.com\\\/sv\\\/mikrofiberduk-40x40cm-for-forrengoring-eller-polering-gul.html#primaryimage\"},\"image\":{\"@id\":\"https:\\\/\\\/www.versiegelung24.com\\\/sv\\\/mikrofiberduk-40x40cm-for-forrengoring-eller-polering-gul.html#primaryimage\"},\"thumbnailUrl\":\"https:\\\/\\\/www.versiegelung24.com\\\/wp-content\\\/uploads\\\/2022\\\/02\\\/V24-9004-1-Mikrofaser-gelb-40x40cm-Custom.jpg\",\"datePublished\":\"2024-01-29T19:42:35+00:00\",\"dateModified\":\"2025-12-03T10:56:10+00:00\",\"description\":\"Mikrofiberduk \\\" Extremt absorberande \\\" Snabbtorkande \\\" Luddfri \\\" Repfri \\\" 80% polyester \\\/ 20% polyamid \\\" Torrvikt 280g\\\/kvm\",\"breadcrumb\":{\"@id\":\"https:\\\/\\\/www.versiegelung24.com\\\/sv\\\/mikrofiberduk-40x40cm-for-forrengoring-eller-polering-gul.html#breadcrumb\"},\"inLanguage\":\"sv-SE\",\"potentialAction\":[{\"@type\":\"ReadAction\",\"target\":[\"https:\\\/\\\/www.versiegelung24.com\\\/sv\\\/mikrofiberduk-40x40cm-for-forrengoring-eller-polering-gul.html\"]}]},{\"@type\":\"ImageObject\",\"inLanguage\":\"sv-SE\",\"@id\":\"https:\\\/\\\/www.versiegelung24.com\\\/sv\\\/mikrofiberduk-40x40cm-for-forrengoring-eller-polering-gul.html#primaryimage\",\"url\":\"https:\\\/\\\/www.versiegelung24.com\\\/wp-content\\\/uploads\\\/2022\\\/02\\\/V24-9004-1-Mikrofaser-gelb-40x40cm-Custom.jpg\",\"contentUrl\":\"https:\\\/\\\/www.versiegelung24.com\\\/wp-content\\\/uploads\\\/2022\\\/02\\\/V24-9004-1-Mikrofaser-gelb-40x40cm-Custom.jpg\",\"width\":1024,\"height\":1024},{\"@type\":\"BreadcrumbList\",\"@id\":\"https:\\\/\\\/www.versiegelung24.com\\\/sv\\\/mikrofiberduk-40x40cm-for-forrengoring-eller-polering-gul.html#breadcrumb\",\"itemListElement\":[{\"@type\":\"ListItem\",\"position\":1,\"name\":\"Hemsidan\",\"item\":\"https:\\\/\\\/www.versiegelung24.com\\\/sv\\\/front\\\/\"},{\"@type\":\"ListItem\",\"position\":2,\"name\":\"aff\u00e4r\",\"item\":\"https:\\\/\\\/www.versiegelung24.com\\\/sv\\\/affar\\\/\"},{\"@type\":\"ListItem\",\"position\":3,\"name\":\"Mikrofiberduk 40x40cm f\u00f6r f\u00f6rreng\u00f6ring eller polering gul\"}]},{\"@type\":\"WebSite\",\"@id\":\"https:\\\/\\\/www.versiegelung24.com\\\/sv\\\/#website\",\"url\":\"https:\\\/\\\/www.versiegelung24.com\\\/sv\\\/\",\"name\":\"versiegelung24.com\",\"description\":\"Fl\u00fcssigglas-Versiegelung - Made in Germany\",\"publisher\":{\"@id\":\"https:\\\/\\\/www.versiegelung24.com\\\/sv\\\/#organization\"},\"potentialAction\":[{\"@type\":\"SearchAction\",\"target\":{\"@type\":\"EntryPoint\",\"urlTemplate\":\"https:\\\/\\\/www.versiegelung24.com\\\/sv\\\/?s={search_term_string}\"},\"query-input\":{\"@type\":\"PropertyValueSpecification\",\"valueRequired\":true,\"valueName\":\"search_term_string\"}}],\"inLanguage\":\"sv-SE\"},{\"@type\":\"Organization\",\"@id\":\"https:\\\/\\\/www.versiegelung24.com\\\/sv\\\/#organization\",\"name\":\"versiegelung24\",\"url\":\"https:\\\/\\\/www.versiegelung24.com\\\/sv\\\/\",\"logo\":{\"@type\":\"ImageObject\",\"inLanguage\":\"sv-SE\",\"@id\":\"https:\\\/\\\/www.versiegelung24.com\\\/sv\\\/#\\\/schema\\\/logo\\\/image\\\/\",\"url\":\"https:\\\/\\\/www.versiegelung24.com\\\/wp-content\\\/uploads\\\/2020\\\/04\\\/versiegelung24.png\",\"contentUrl\":\"https:\\\/\\\/www.versiegelung24.com\\\/wp-content\\\/uploads\\\/2020\\\/04\\\/versiegelung24.png\",\"width\":470,\"height\":102,\"caption\":\"versiegelung24\"},\"image\":{\"@id\":\"https:\\\/\\\/www.versiegelung24.com\\\/sv\\\/#\\\/schema\\\/logo\\\/image\\\/\"}}]}<\/script>\n<meta property=\"product:price:amount\" content=\"1.25\" \/>\n<meta property=\"product:price:currency\" content=\"EUR\" \/>\n<meta property=\"og:availability\" content=\"instock\" \/>\n<meta property=\"product:availability\" content=\"instock\" \/>\n<meta property=\"product:retailer_item_id\" content=\"V24-9004\" \/>\n<meta property=\"product:condition\" content=\"new\" \/>\n<!-- \/ Yoast SEO Premium plugin. -->","yoast_head_json":{"title":"Mikrofiberduk 40x40cm f\u00f6r f\u00f6rreng\u00f6ring eller polering gul - versiegelung24.com","description":"Mikrofiberduk \" Extremt absorberande \" Snabbtorkande \" Luddfri \" Repfri \" 80% polyester \/ 20% polyamid \" Torrvikt 280g\/kvm","robots":{"index":"index","follow":"follow","max-snippet":"max-snippet:-1","max-image-preview":"max-image-preview:large","max-video-preview":"max-video-preview:-1"},"canonical":"https:\/\/www.versiegelung24.com\/sv\/mikrofiberduk-40x40cm-for-forrengoring-eller-polering-gul.html","og_locale":"sv_SE","og_type":"article","og_title":"Mikrofiberduk 40x40cm f\u00f6r f\u00f6rreng\u00f6ring eller polering gul","og_description":"Mikrofiberduk \" Extremt absorberande \" Snabbtorkande \" Luddfri \" Repfri \" 80% polyester \/ 20% polyamid \" Torrvikt 280g\/kvm","og_url":"https:\/\/www.versiegelung24.com\/sv\/mikrofiberduk-40x40cm-for-forrengoring-eller-polering-gul.html","og_site_name":"versiegelung24.com","article_modified_time":"2025-12-03T10:56:10+00:00","og_image":[{"width":1024,"height":1024,"url":"https:\/\/www.versiegelung24.com\/wp-content\/uploads\/2022\/02\/V24-9004-1-Mikrofaser-gelb-40x40cm-Custom.jpg","type":"image\/jpeg"}],"twitter_card":"summary_large_image","twitter_misc":{"Pris":"1,25&euro;","Tillg\u00e4nglig":"I lager"},"schema":{"@context":"https:\/\/schema.org","@graph":[{"@type":"WebPage","@id":"https:\/\/www.versiegelung24.com\/sv\/mikrofiberduk-40x40cm-for-forrengoring-eller-polering-gul.html","url":"https:\/\/www.versiegelung24.com\/sv\/mikrofiberduk-40x40cm-for-forrengoring-eller-polering-gul.html","name":"Mikrofiberduk 40x40cm f\u00f6r f\u00f6rreng\u00f6ring eller polering gul - versiegelung24.com","isPartOf":{"@id":"https:\/\/www.versiegelung24.com\/sv\/#website"},"primaryImageOfPage":{"@id":"https:\/\/www.versiegelung24.com\/sv\/mikrofiberduk-40x40cm-for-forrengoring-eller-polering-gul.html#primaryimage"},"image":{"@id":"https:\/\/www.versiegelung24.com\/sv\/mikrofiberduk-40x40cm-for-forrengoring-eller-polering-gul.html#primaryimage"},"thumbnailUrl":"https:\/\/www.versiegelung24.com\/wp-content\/uploads\/2022\/02\/V24-9004-1-Mikrofaser-gelb-40x40cm-Custom.jpg","datePublished":"2024-01-29T19:42:35+00:00","dateModified":"2025-12-03T10:56:10+00:00","description":"Mikrofiberduk \" Extremt absorberande \" Snabbtorkande \" Luddfri \" Repfri \" 80% polyester \/ 20% polyamid \" Torrvikt 280g\/kvm","breadcrumb":{"@id":"https:\/\/www.versiegelung24.com\/sv\/mikrofiberduk-40x40cm-for-forrengoring-eller-polering-gul.html#breadcrumb"},"inLanguage":"sv-SE","potentialAction":[{"@type":"ReadAction","target":["https:\/\/www.versiegelung24.com\/sv\/mikrofiberduk-40x40cm-for-forrengoring-eller-polering-gul.html"]}]},{"@type":"ImageObject","inLanguage":"sv-SE","@id":"https:\/\/www.versiegelung24.com\/sv\/mikrofiberduk-40x40cm-for-forrengoring-eller-polering-gul.html#primaryimage","url":"https:\/\/www.versiegelung24.com\/wp-content\/uploads\/2022\/02\/V24-9004-1-Mikrofaser-gelb-40x40cm-Custom.jpg","contentUrl":"https:\/\/www.versiegelung24.com\/wp-content\/uploads\/2022\/02\/V24-9004-1-Mikrofaser-gelb-40x40cm-Custom.jpg","width":1024,"height":1024},{"@type":"BreadcrumbList","@id":"https:\/\/www.versiegelung24.com\/sv\/mikrofiberduk-40x40cm-for-forrengoring-eller-polering-gul.html#breadcrumb","itemListElement":[{"@type":"ListItem","position":1,"name":"Hemsidan","item":"https:\/\/www.versiegelung24.com\/sv\/front\/"},{"@type":"ListItem","position":2,"name":"aff\u00e4r","item":"https:\/\/www.versiegelung24.com\/sv\/affar\/"},{"@type":"ListItem","position":3,"name":"Mikrofiberduk 40x40cm f\u00f6r f\u00f6rreng\u00f6ring eller polering gul"}]},{"@type":"WebSite","@id":"https:\/\/www.versiegelung24.com\/sv\/#website","url":"https:\/\/www.versiegelung24.com\/sv\/","name":"versiegelung24.com","description":"Fl\u00fcssigglas-Versiegelung - Made in Germany","publisher":{"@id":"https:\/\/www.versiegelung24.com\/sv\/#organization"},"potentialAction":[{"@type":"SearchAction","target":{"@type":"EntryPoint","urlTemplate":"https:\/\/www.versiegelung24.com\/sv\/?s={search_term_string}"},"query-input":{"@type":"PropertyValueSpecification","valueRequired":true,"valueName":"search_term_string"}}],"inLanguage":"sv-SE"},{"@type":"Organization","@id":"https:\/\/www.versiegelung24.com\/sv\/#organization","name":"versiegelung24","url":"https:\/\/www.versiegelung24.com\/sv\/","logo":{"@type":"ImageObject","inLanguage":"sv-SE","@id":"https:\/\/www.versiegelung24.com\/sv\/#\/schema\/logo\/image\/","url":"https:\/\/www.versiegelung24.com\/wp-content\/uploads\/2020\/04\/versiegelung24.png","contentUrl":"https:\/\/www.versiegelung24.com\/wp-content\/uploads\/2020\/04\/versiegelung24.png","width":470,"height":102,"caption":"versiegelung24"},"image":{"@id":"https:\/\/www.versiegelung24.com\/sv\/#\/schema\/logo\/image\/"}}]},"product_price_amount":"1.25","product_price_currency":"EUR","og_availability":"instock","product_availability":"instock","product_retailer_item_id":"V24-9004","product_condition":"new"},"_links":{"self":[{"href":"https:\/\/www.versiegelung24.com\/sv\/wp-json\/wp\/v2\/product\/149468","targetHints":{"allow":["GET"]}}],"collection":[{"href":"https:\/\/www.versiegelung24.com\/sv\/wp-json\/wp\/v2\/product"}],"about":[{"href":"https:\/\/www.versiegelung24.com\/sv\/wp-json\/wp\/v2\/types\/product"}],"version-history":[{"count":4,"href":"https:\/\/www.versiegelung24.com\/sv\/wp-json\/wp\/v2\/product\/149468\/revisions"}],"predecessor-version":[{"id":178219,"href":"https:\/\/www.versiegelung24.com\/sv\/wp-json\/wp\/v2\/product\/149468\/revisions\/178219"}],"wp:featuredmedia":[{"embeddable":true,"href":"https:\/\/www.versiegelung24.com\/sv\/wp-json\/wp\/v2\/media\/64791"}],"wp:attachment":[{"href":"https:\/\/www.versiegelung24.com\/sv\/wp-json\/wp\/v2\/media?parent=149468"}],"wp:term":[{"taxonomy":"product_brand","embeddable":true,"href":"https:\/\/www.versiegelung24.com\/sv\/wp-json\/wp\/v2\/product_brand?post=149468"},{"taxonomy":"product_cat","embeddable":true,"href":"https:\/\/www.versiegelung24.com\/sv\/wp-json\/wp\/v2\/product_cat?post=149468"},{"taxonomy":"product_tag","embeddable":true,"href":"https:\/\/www.versiegelung24.com\/sv\/wp-json\/wp\/v2\/product_tag?post=149468"}],"curies":[{"name":"wp","href":"https:\/\/api.w.org\/{rel}","templated":true}]}}